{"id":41418,"date":"2018-04-16T10:56:17","date_gmt":"2018-04-16T10:56:17","guid":{"rendered":"https:\/\/business.roovi.com\/super-puzzle-copii-60-piese-basme-alba-ca-zapada\/p\/"},"modified":"2022-07-06T16:59:32","modified_gmt":"2022-07-06T16:59:32","slug":"super-puzzle-kids-60-teile-marchen-schneewittchen","status":"publish","type":"product","link":"https:\/\/business.roovi.com\/de\/super-puzzle-kids-60-teile-marchen-schneewittchen\/p\/","title":{"rendered":"Super Puzzle Kids 60 Teile &#8211; M\u00e4rchen &#8211; Schneewittchen"},"content":{"rendered":"<p><span style=\"font-weight: 400\">Unter den klassischen M\u00e4rchen von sch\u00f6nen Prinzessinnen und charmanten Prinzen nimmt die Geschichte von Schneewittchen und den sieben Zwergen einen Ehrenplatz ein. Ein kleines M\u00e4dchen mit ebenholzfarbenem Haar, schneewei\u00dfer Haut und Lippen so rot wie Blut, das von den Kindern, die ihrer Geschichte begeistert zuh\u00f6ren, so geliebt wird <\/span><\/p>\n<p><span style=\"font-weight: 400\">Ein Puzzle aus der M\u00e4rchensammlung ist eine so sch\u00f6ne Art, mit j\u00fcngeren Kindern in Kontakt zu treten. Ihr k\u00f6nnt die Geschichte gemeinsam lesen oder dein Kind kann sie in seinen eigenen Worten erz\u00e4hlen, w\u00e4hrend ihr gemeinsam nach den richtigen Teilen sucht, um das Puzzle zusammenzusetzen. \u00c4ltere Kinder k\u00f6nnen das selbst machen, und die M\u00fche wird sich bestimmt lohnen.<\/span><\/p>\n<p><span style=\"font-weight: 400\">Entdecke ein Puzzle mit sorgf\u00e4ltig gestalteten, farbenfrohen Illustrationen, die f\u00fcr Kinder jeden Alters geeignet sind, mit niedlichen Figuren, die die Kleinen sofort lieben werden.  <\/span><\/p>\n<p><span style=\"font-weight: 400\">Au\u00dferdem ist ein animiertes Kinderpuzzle nicht nur ein Spiel. Das kann eine perfekte Gelegenheit sein, um menschliche Eigenschaften und Verhaltensweisen zu besprechen, und w\u00e4hrend sich das Bild entwickelt, entdecken die Kinder verschiedene Gegenst\u00e4nde oder Landschaften, die den Rahmen der ganzen Geschichte vervollst\u00e4ndigen.<\/span><\/p>\n<p><span style=\"font-weight: 400\">So oder so, f\u00f6rdere ihre Fantasie und entdecke die Freude am Spielen mit Puzzleteilen.  <\/span><\/p>\n<p><span style=\"font-weight: 400\">W\u00e4hle f\u00fcr dein Kind ein Puzzle mit einer r\u00fchrenden und s\u00fc\u00dfen Geschichte, ein Spiel, mit dem ihr gemeinsam Schneewittchen und die s\u00fc\u00dfen Zwerge entdecken k\u00f6nnt <\/span><\/p>\n<h3><strong>Warum solltest du dich f\u00fcr ein Super Puzzle Kids with Fairy Tales entscheiden?<\/strong><\/h3>\n<ul>\n<li><span style=\"font-weight: 400\">Stimuliert die kreative Entwicklung.<\/span><\/li>\n<li><span style=\"font-weight: 400\">Es ist eine lustige Art, sich an Szenen aus klassischen M\u00e4rchen zu erinnern oder sich mit ihnen vertraut zu machen.<\/span><\/li>\n<li><span style=\"font-weight: 400\">Das Puzzle-Spiel ist ein guter Ged\u00e4chtnistrainer, der beide Gehirnh\u00e4lften beansprucht.<\/span><\/li>\n<li><span style=\"font-weight: 400\">Es hilft dabei, die Geschicklichkeit zu entwickeln, indem man jedes Teil zuordnet.<\/span><\/li>\n<li><span style=\"font-weight: 400\">Es stimuliert und unterst\u00fctzt die Konzentration und Aufmerksamkeit auf das Spiel.<\/span><\/li>\n<li><span style=\"font-weight: 400\">Es ist entspannend und schaltet ab.<\/span><\/li>\n<li><span style=\"font-weight: 400\">Trainiert die motorische Koordination und Geschicklichkeit.<\/span><\/li>\n<li><span style=\"font-weight: 400\">Entwickelt die sensorische Koordination.<\/span><\/li>\n<li><span style=\"font-weight: 400\">Es ist ein gutes Spiel f\u00fcr l\u00e4ngere Fahrten, wenn er etwas braucht, um sich zu besch\u00e4ftigen, damit ihm nicht langweilig wird.<\/span><\/li>\n<li><span style=\"font-weight: 400\">Ersetzt erfolgreich ein digitales Spiel und hat viele zus\u00e4tzliche Vorteile.<\/span><\/li>\n<\/ul>\n<h3><strong>Entdecke ein liebenswertes Superpuzzle mit fr\u00f6hlichen und bunten Illustrationen<\/strong><\/h3>\n<p><span style=\"font-weight: 400\">Jedes Puzzle besteht aus dicker, hochwertiger Pappe, sodass es immer wieder verwendet werden kann, ohne dass die Teile brechen oder ihre Form verlieren <\/span><\/p>\n<p><span style=\"font-weight: 400\">Die 60 Teile haben eine kindgerechte Gr\u00f6\u00dfe und Form, so dass die Kleinen sie leicht greifen und platzieren k\u00f6nnen. Das Puzzle ist 42 cm x 28,8 cm gro\u00df.<\/span><\/p>\n<p><span style=\"font-weight: 400\">Kinder lieben es, Dinge zu bauen und werden es sicher lieben, geliebte Geschichten St\u00fcck f\u00fcr St\u00fcck nachzubauen!<\/span><\/p>\n<p><span style=\"font-weight: 400\">Wenn du ein Spiel suchst, das kreativ, aktiv, spannend und lustig ist, w\u00e4hle ein Kinderpuzzle mit Illustrationen aus M\u00e4rchen.  <\/span><\/p><\/p>\n","protected":false},"excerpt":{"rendered":"<p>Unter den klassischen M\u00e4rchen von sch\u00f6nen Prinzessinnen und charmanten Prinzen nimmt die Geschichte von Schneewittchen und den sieben Zwergen einen<\/p>\n","protected":false},"featured_media":33897,"template":"","meta":[],"product_brand":[],"product_cat":[1963,1876,1875],"product_tag":[],"class_list":{"0":"post-41418","1":"product","2":"type-product","3":"status-publish","4":"has-post-thumbnail","6":"product_cat-50-100-teile-puzzle","7":"product_cat-kinder-puzzle","8":"product_cat-puzzle-de","9":"pa_bax-10-de","10":"pa_brand-d_toys-de","11":"pa_country_of_manufacture-ro-de","12":"pa_filter_age-5_7-de","13":"pa_filter_age-7_9-de","14":"pa_tip_ambalaj-kasten-a4-de","15":"pa_tip_puzzle-klassisch","17":"first","18":"instock","19":"taxable","20":"shipping-taxable","21":"product-type-simple"},"yoast_head":"<!-- This site is optimized with the Yoast SEO plugin v20.1 - https:\/\/yoast.com\/wordpress\/plugins\/seo\/ -->\n<title>Super Puzzle Kids 60 Teile - M\u00e4rchen - Schneewittchen<\/title>\n<meta name=\"description\" content=\"Super Puzzle Kids 60 Teile - M\u00e4rchen - Schneewittchen\" \/>\n<meta name=\"robots\" content=\"index, follow, max-snippet:-1, max-image-preview:large, max-video-preview:-1\" \/>\n<link rel=\"canonical\" href=\"https:\/\/business.roovi.com\/de\/super-puzzle-kids-60-teile-marchen-schneewittchen\/p\/\" \/>\n<meta property=\"og:locale\" content=\"de_DE\" \/>\n<meta property=\"og:type\" content=\"article\" \/>\n<meta property=\"og:title\" content=\"Super Puzzle Kids 60 Teile - M\u00e4rchen - Schneewittchen\" \/>\n<meta property=\"og:description\" content=\"Super Puzzle Kids 60 Teile - M\u00e4rchen - Schneewittchen\" \/>\n<meta property=\"og:url\" content=\"https:\/\/business.roovi.com\/de\/super-puzzle-kids-60-teile-marchen-schneewittchen\/p\/\" \/>\n<meta property=\"og:site_name\" content=\"Roovi B2B\" \/>\n<meta property=\"article:publisher\" content=\"https:\/\/www.facebook.com\/wwwjucariero\" \/>\n<meta property=\"article:modified_time\" content=\"2022-07-06T16:59:32+00:00\" \/>\n<meta property=\"og:image\" content=\"https:\/\/business.roovi.com\/wp-content\/uploads\/2018\/04\/60396_02.jpg\" \/>\n\t<meta property=\"og:image:width\" content=\"1200\" \/>\n\t<meta property=\"og:image:height\" content=\"1200\" \/>\n\t<meta property=\"og:image:type\" content=\"image\/jpeg\" \/>\n<meta name=\"twitter:label1\" content=\"Gesch\u00e4tzte Lesezeit\" \/>\n\t<meta name=\"twitter:data1\" content=\"2\u00a0Minuten\" \/>\n<script type=\"application\/ld+json\" class=\"yoast-schema-graph\">{\"@context\":\"https:\/\/schema.org\",\"@graph\":[{\"@type\":\"WebPage\",\"@id\":\"https:\/\/business.roovi.com\/de\/super-puzzle-kids-60-teile-marchen-schneewittchen\/p\/\",\"url\":\"https:\/\/business.roovi.com\/de\/super-puzzle-kids-60-teile-marchen-schneewittchen\/p\/\",\"name\":\"Super Puzzle Kids 60 Teile - M\u00e4rchen - Schneewittchen\",\"isPartOf\":{\"@id\":\"https:\/\/business.roovi.com\/de\/#website\"},\"datePublished\":\"2018-04-16T10:56:17+00:00\",\"dateModified\":\"2022-07-06T16:59:32+00:00\",\"description\":\"Super Puzzle Kids 60 Teile - M\u00e4rchen - Schneewittchen\",\"breadcrumb\":{\"@id\":\"https:\/\/business.roovi.com\/de\/super-puzzle-kids-60-teile-marchen-schneewittchen\/p\/#breadcrumb\"},\"inLanguage\":\"de\",\"potentialAction\":[{\"@type\":\"ReadAction\",\"target\":[\"https:\/\/business.roovi.com\/de\/super-puzzle-kids-60-teile-marchen-schneewittchen\/p\/\"]}]},{\"@type\":\"BreadcrumbList\",\"@id\":\"https:\/\/business.roovi.com\/de\/super-puzzle-kids-60-teile-marchen-schneewittchen\/p\/#breadcrumb\",\"itemListElement\":[{\"@type\":\"ListItem\",\"position\":1,\"name\":\"Home\",\"item\":\"https:\/\/business.roovi.com\/de\/\"},{\"@type\":\"ListItem\",\"position\":2,\"name\":\"Shop\",\"item\":\"https:\/\/business.roovi.com\/de\/shop\/\"},{\"@type\":\"ListItem\",\"position\":3,\"name\":\"Super Puzzle Kids 60 Teile &#8211; M\u00e4rchen &#8211; Schneewittchen\"}]},{\"@type\":\"WebSite\",\"@id\":\"https:\/\/business.roovi.com\/de\/#website\",\"url\":\"https:\/\/business.roovi.com\/de\/\",\"name\":\"Roovi B2B\",\"description\":\"Roovi Business Website\",\"potentialAction\":[{\"@type\":\"SearchAction\",\"target\":{\"@type\":\"EntryPoint\",\"urlTemplate\":\"https:\/\/business.roovi.com\/de\/?s={search_term_string}\"},\"query-input\":\"required name=search_term_string\"}],\"inLanguage\":\"de\"}]}<\/script>\n<!-- \/ Yoast SEO plugin. -->","yoast_head_json":{"title":"Super Puzzle Kids 60 Teile - M\u00e4rchen - Schneewittchen","description":"Super Puzzle Kids 60 Teile - M\u00e4rchen - Schneewittchen","robots":{"index":"index","follow":"follow","max-snippet":"max-snippet:-1","max-image-preview":"max-image-preview:large","max-video-preview":"max-video-preview:-1"},"canonical":"https:\/\/business.roovi.com\/de\/super-puzzle-kids-60-teile-marchen-schneewittchen\/p\/","og_locale":"de_DE","og_type":"article","og_title":"Super Puzzle Kids 60 Teile - M\u00e4rchen - Schneewittchen","og_description":"Super Puzzle Kids 60 Teile - M\u00e4rchen - Schneewittchen","og_url":"https:\/\/business.roovi.com\/de\/super-puzzle-kids-60-teile-marchen-schneewittchen\/p\/","og_site_name":"Roovi B2B","article_publisher":"https:\/\/www.facebook.com\/wwwjucariero","article_modified_time":"2022-07-06T16:59:32+00:00","og_image":[{"width":1200,"height":1200,"url":"https:\/\/business.roovi.com\/wp-content\/uploads\/2018\/04\/60396_02.jpg","type":"image\/jpeg"}],"twitter_misc":{"Gesch\u00e4tzte Lesezeit":"2\u00a0Minuten"},"schema":{"@context":"https:\/\/schema.org","@graph":[{"@type":"WebPage","@id":"https:\/\/business.roovi.com\/de\/super-puzzle-kids-60-teile-marchen-schneewittchen\/p\/","url":"https:\/\/business.roovi.com\/de\/super-puzzle-kids-60-teile-marchen-schneewittchen\/p\/","name":"Super Puzzle Kids 60 Teile - M\u00e4rchen - Schneewittchen","isPartOf":{"@id":"https:\/\/business.roovi.com\/de\/#website"},"datePublished":"2018-04-16T10:56:17+00:00","dateModified":"2022-07-06T16:59:32+00:00","description":"Super Puzzle Kids 60 Teile - M\u00e4rchen - Schneewittchen","breadcrumb":{"@id":"https:\/\/business.roovi.com\/de\/super-puzzle-kids-60-teile-marchen-schneewittchen\/p\/#breadcrumb"},"inLanguage":"de","potentialAction":[{"@type":"ReadAction","target":["https:\/\/business.roovi.com\/de\/super-puzzle-kids-60-teile-marchen-schneewittchen\/p\/"]}]},{"@type":"BreadcrumbList","@id":"https:\/\/business.roovi.com\/de\/super-puzzle-kids-60-teile-marchen-schneewittchen\/p\/#breadcrumb","itemListElement":[{"@type":"ListItem","position":1,"name":"Home","item":"https:\/\/business.roovi.com\/de\/"},{"@type":"ListItem","position":2,"name":"Shop","item":"https:\/\/business.roovi.com\/de\/shop\/"},{"@type":"ListItem","position":3,"name":"Super Puzzle Kids 60 Teile &#8211; M\u00e4rchen &#8211; Schneewittchen"}]},{"@type":"WebSite","@id":"https:\/\/business.roovi.com\/de\/#website","url":"https:\/\/business.roovi.com\/de\/","name":"Roovi B2B","description":"Roovi Business Website","potentialAction":[{"@type":"SearchAction","target":{"@type":"EntryPoint","urlTemplate":"https:\/\/business.roovi.com\/de\/?s={search_term_string}"},"query-input":"required name=search_term_string"}],"inLanguage":"de"}]}},"_links":{"self":[{"href":"https:\/\/business.roovi.com\/de\/wp-json\/wp\/v2\/product\/41418","targetHints":{"allow":["GET"]}}],"collection":[{"href":"https:\/\/business.roovi.com\/de\/wp-json\/wp\/v2\/product"}],"about":[{"href":"https:\/\/business.roovi.com\/de\/wp-json\/wp\/v2\/types\/product"}],"version-history":[{"count":0,"href":"https:\/\/business.roovi.com\/de\/wp-json\/wp\/v2\/product\/41418\/revisions"}],"wp:featuredmedia":[{"embeddable":true,"href":"https:\/\/business.roovi.com\/de\/wp-json\/wp\/v2\/media\/33897"}],"wp:attachment":[{"href":"https:\/\/business.roovi.com\/de\/wp-json\/wp\/v2\/media?parent=41418"}],"wp:term":[{"taxonomy":"product_brand","embeddable":true,"href":"https:\/\/business.roovi.com\/de\/wp-json\/wp\/v2\/product_brand?post=41418"},{"taxonomy":"product_cat","embeddable":true,"href":"https:\/\/business.roovi.com\/de\/wp-json\/wp\/v2\/product_cat?post=41418"},{"taxonomy":"product_tag","embeddable":true,"href":"https:\/\/business.roovi.com\/de\/wp-json\/wp\/v2\/product_tag?post=41418"}],"curies":[{"name":"wp","href":"https:\/\/api.w.org\/{rel}","templated":true}]}}