{"id":41430,"date":"2018-04-16T10:56:17","date_gmt":"2018-04-16T10:56:17","guid":{"rendered":"https:\/\/business.roovi.com\/puzzle-adulti-1000-piese-locuri-celebre-tower-bridge\/p\/"},"modified":"2022-07-06T16:59:53","modified_gmt":"2022-07-06T16:59:53","slug":"1000-teile-puzzle-fur-erwachsene-beruhmte-orte-tower-bridge","status":"publish","type":"product","link":"https:\/\/business.roovi.com\/de\/1000-teile-puzzle-fur-erwachsene-beruhmte-orte-tower-bridge\/p\/","title":{"rendered":"1000 Teile Puzzle f\u00fcr Erwachsene Ber\u00fchmte Orte &#8211; Tower Bridge"},"content":{"rendered":"<p><span style=\"font-size: 14px\"><strong><em>Suchst du nach einer M\u00f6glichkeit, die Langeweile zu bek\u00e4mpfen? Entdecke die Famous Places 1000 Piece Puzzle Collection und begib dich auf ein fabelhaftes Abenteuer zu ber\u00fchmten Orten auf der ganzen Welt.<\/em><\/strong><\/span><\/p>\n<p><span style=\"font-weight: 400\">Das beruhigende Bild der Themse und der Tower Bridge im Hintergrund des 1000-teiligen Puzzles Famous Places entf\u00fchrt dich ins Herz der britischen Hauptstadt. Ein faszinierender Ort, der von Millionen von Touristen besucht und auf Tausenden von Fotos verewigt wurde.<\/span><\/p>\n<p><span style=\"font-weight: 400\">Im Jahr 1876 stand die Stadt London vor einer gro\u00dfen Herausforderung: eine Br\u00fccke \u00fcber die Themse zu bauen, ohne den damaligen Flussverkehr zu st\u00f6ren. Erst 1884, nachdem etwa 50 Entw\u00fcrfe gepr\u00fcft worden waren, wurde die vom Architekten Sir Horace Jones in Zusammenarbeit mit John Wolfe Barry vorgeschlagene L\u00f6sung ausgew\u00e4hlt. Der Bau dauerte 8 Jahre und das Geb\u00e4ude wurde unter gro\u00dfem Trara von der k\u00f6niglichen Familie er\u00f6ffnet.<\/span><\/p>\n<p><span style=\"font-weight: 400\">Heute wird er t\u00e4glich von \u00fcber 40.000 Menschen \u00fcberquert und ist eine der meistbesuchten Touristenattraktionen Londons. Mit dem 1000-teiligen Tower Bridge-Puzzle aus der Famous Places-Kollektion kannst du die ber\u00fchmte Br\u00fccke jetzt nachbauen und das gro\u00dfartige Bauwerk noch lange bewundern. Du kannst einen normalen Couchtisch verwenden, um die St\u00fccke zu st\u00fctzen. Das rekonstruierte Bild misst 68 x 47 cm und ist ein tolles Dekorationsobjekt.<\/span><\/p>\n<p><strong>Warum solltest du dich f\u00fcr ein 1000-teiliges Puzzle aus der Famous Places Puzzle Kollektion entscheiden?<\/strong><\/p>\n<p><span style=\"font-weight: 400\">Es ist eine entspannende Art, die Sch\u00f6nheit ber\u00fchmter Wahrzeichen auf der ganzen Welt zu entdecken und zu genie\u00dfen.<\/span><\/p>\n<p><span style=\"font-weight: 400\">So schaffst du ein besonderes Bild, das jeder tristen Stelle in deinem Zuhause Pers\u00f6nlichkeit verleiht.<\/span><\/p>\n<p><span style=\"font-weight: 400\">Jedes 1000-teilige Puzzle ist aus hochwertigem Karton gefertigt, der die Teile auch bei mehrfacher Verwendung haltbar macht.<\/span><\/p>\n<p><span style=\"font-weight: 400\">Es ist naturfreundlich und wird aus nachhaltigen und recycelbaren Materialien hergestellt.<\/span><\/p>\n<p><span style=\"font-weight: 400\">Es hat eine halbgl\u00e4nzende Oberfl\u00e4che und angenehme Farben, die die Klarheit des Bildes unterstreichen.<\/span><\/p>\n<p><span style=\"font-weight: 400\">Es ist f\u00fcr Menschen ab 14 Jahren geeignet, so dass du die Kreativit\u00e4t von Teenagern mit einem tollen Puzzlespiel herausfordern kannst.<\/span><\/p>\n<p><span style=\"font-weight: 400\">Das Puzzlespiel fordert deinen Verstand heraus und ist ein hervorragendes Denksportspiel <\/span><\/p>\n<p><span style=\"font-weight: 400\">Es hilft dir, deine Koordination und Konzentrationsf\u00e4higkeit lange zu erhalten <\/span><\/p>\n<p><span style=\"font-weight: 400\">Es hilft, deine Stimmung zu verbessern und gibt dir die Befriedigung, ein bestimmtes Ziel zu erreichen.<\/span><\/p>\n<p><strong>Wusstest du, dass&#8230;?<\/strong><\/p>\n<p><span style=\"font-weight: 400\">Zum Zeitpunkt ihrer Er\u00f6ffnung war die Tower Bridge aufgrund ihrer neugotischen Architektur und des Mechanismus zum Anheben der mittleren Teile die anspruchsvollste H\u00e4ngebr\u00fccke der Welt.<\/span><\/p>\n<p><span style=\"font-weight: 400\">Sie wird oft mit der London Bridge verwechselt, aber letztere ist die n\u00e4chste Br\u00fccke in Flie\u00dfrichtung der Themse und ist weniger anspruchsvoll als die Tower Bridge.<\/span><\/p>\n<p><span style=\"font-weight: 400\">Im Jahr 1977 wurde sie anl\u00e4sslich des Jubil\u00e4ums von K\u00f6nigin Elisabeth II. rot, wei\u00df und blau gestrichen.<\/span><\/p>\n<p><span style=\"font-weight: 400\">Der urspr\u00fcngliche \u00d6ffnungsmechanismus basierte auf einem hydraulischen System, das inzwischen durch ein elektrisches System ersetzt wurde.<\/span><\/p>\n<p><strong>4 weitere Vorteile eines 1000-Teile-Puzzles<\/strong><\/p>\n<p><strong>H\u00e4lt dein Gehirn gesund.<\/strong><span style=\"font-weight: 400\"> Die T\u00e4tigkeit des Puzzelns trainiert das Gehirn und h\u00e4lt es gesund. Au\u00dferdem sch\u00fctzen 30 Minuten Puzzlespiel pro Tag nachweislich vor neurodegenerativen Krankheiten wie Alzheimer und Demenz.<\/span><\/p>\n<p><strong>Es verbessert dein Ged\u00e4chtnis.  <\/strong><span style=\"font-weight: 400\">Das 1000-Teile-Puzzle erfordert kontinuierliches Ged\u00e4chtnistraining. Du musst dir die Formen der Teile, die Farben und die Teile des Bildes merken, die du vervollst\u00e4ndigen musst. Diese st\u00e4ndige \u00dcbung ist gut f\u00fcr dein Ged\u00e4chtnis.<\/span><\/p>\n<p><strong>Es schenkt dir einzigartige Momente der Entspannung <\/strong><span style=\"font-weight: 400\">Du suchst nach einer entspannenden Aktivit\u00e4t? Versuche, das 1000-Teile-Puzzle in deiner Freizeit zu l\u00f6sen. Das Puzzlespiel holt dich in deiner Freizeit aus der bequemen Couch und fordert dich heraus, aus 1000 Teilen erstaunliche Bilder zu erschaffen.<\/span><\/p>\n<p><strong>Es trennt dich von den Bildschirmen <\/strong><span style=\"font-weight: 400\">Es ist an der Zeit, die virtuelle Welt zu verlassen und deinen Geist nach vielen angespannten Stunden zu erholen. Setze das 1000-teilige Puzzle zusammen und genie\u00dfe eine tief entspannende Aktivit\u00e4t.<\/span><\/p>\n<p><span style=\"font-weight: 400\">W\u00e4hle das Tower Bridge 1000 Teile Puzzle aus der Adult Puzzle Collection &#8211; Famous Places und genie\u00dfe alle Vorteile, die ein Puzzlespiel zu bieten hat.<\/span><\/p><\/p>\n","protected":false},"excerpt":{"rendered":"<p>Suchst du nach einer M\u00f6glichkeit, die Langeweile zu bek\u00e4mpfen? Entdecke die Famous Places 1000 Piece Puzzle Collection und begib dich<\/p>\n","protected":false},"featured_media":33923,"template":"","meta":[],"product_brand":[],"product_cat":[1916,1875,1915],"product_tag":[],"class_list":{"0":"post-41430","1":"product","2":"type-product","3":"status-publish","4":"has-post-thumbnail","6":"product_cat-1000-teile-puzzle","7":"product_cat-puzzle-de","8":"product_cat-puzzlespiele-fur-erwachsene","9":"pa_bax-10-de","10":"pa_brand-d_toys-de","11":"pa_country_of_manufacture-ro-de","12":"pa_filter_age-14-de","13":"pa_painter-beruhmte-orte","14":"pa_tip_ambalaj-kasten-a4-de","15":"pa_tip_puzzle-klassisch","17":"first","18":"instock","19":"taxable","20":"shipping-taxable","21":"product-type-simple"},"yoast_head":"<!-- This site is optimized with the Yoast SEO plugin v20.1 - https:\/\/yoast.com\/wordpress\/plugins\/seo\/ -->\n<title>1000 Teile Puzzle f\u00fcr Erwachsene Ber\u00fchmte Orte - Tower Bridge<\/title>\n<meta name=\"description\" content=\"1000 Teile Puzzle f\u00fcr Erwachsene Ber\u00fchmte Orte - Tower Bridge\" \/>\n<meta name=\"robots\" content=\"index, follow, max-snippet:-1, max-image-preview:large, max-video-preview:-1\" \/>\n<link rel=\"canonical\" href=\"https:\/\/business.roovi.com\/de\/1000-teile-puzzle-fur-erwachsene-beruhmte-orte-tower-bridge\/p\/\" \/>\n<meta property=\"og:locale\" content=\"de_DE\" \/>\n<meta property=\"og:type\" content=\"article\" \/>\n<meta property=\"og:title\" content=\"1000 Teile Puzzle f\u00fcr Erwachsene Ber\u00fchmte Orte - Tower Bridge\" \/>\n<meta property=\"og:description\" content=\"1000 Teile Puzzle f\u00fcr Erwachsene Ber\u00fchmte Orte - Tower Bridge\" \/>\n<meta property=\"og:url\" content=\"https:\/\/business.roovi.com\/de\/1000-teile-puzzle-fur-erwachsene-beruhmte-orte-tower-bridge\/p\/\" \/>\n<meta property=\"og:site_name\" content=\"Roovi B2B\" \/>\n<meta property=\"article:publisher\" content=\"https:\/\/www.facebook.com\/wwwjucariero\" \/>\n<meta property=\"article:modified_time\" content=\"2022-07-06T16:59:53+00:00\" \/>\n<meta property=\"og:image\" content=\"https:\/\/business.roovi.com\/wp-content\/uploads\/2018\/04\/64288-08-ansamblu_dimensiuni-cutie-cm_orizontal_1.png\" \/>\n\t<meta property=\"og:image:width\" content=\"1200\" \/>\n\t<meta property=\"og:image:height\" content=\"1200\" \/>\n\t<meta property=\"og:image:type\" content=\"image\/png\" \/>\n<meta name=\"twitter:label1\" content=\"Gesch\u00e4tzte Lesezeit\" \/>\n\t<meta name=\"twitter:data1\" content=\"3\u00a0Minuten\" \/>\n<script type=\"application\/ld+json\" class=\"yoast-schema-graph\">{\"@context\":\"https:\/\/schema.org\",\"@graph\":[{\"@type\":\"WebPage\",\"@id\":\"https:\/\/business.roovi.com\/de\/1000-teile-puzzle-fur-erwachsene-beruhmte-orte-tower-bridge\/p\/\",\"url\":\"https:\/\/business.roovi.com\/de\/1000-teile-puzzle-fur-erwachsene-beruhmte-orte-tower-bridge\/p\/\",\"name\":\"1000 Teile Puzzle f\u00fcr Erwachsene Ber\u00fchmte Orte - Tower Bridge\",\"isPartOf\":{\"@id\":\"https:\/\/business.roovi.com\/de\/#website\"},\"datePublished\":\"2018-04-16T10:56:17+00:00\",\"dateModified\":\"2022-07-06T16:59:53+00:00\",\"description\":\"1000 Teile Puzzle f\u00fcr Erwachsene Ber\u00fchmte Orte - Tower Bridge\",\"breadcrumb\":{\"@id\":\"https:\/\/business.roovi.com\/de\/1000-teile-puzzle-fur-erwachsene-beruhmte-orte-tower-bridge\/p\/#breadcrumb\"},\"inLanguage\":\"de\",\"potentialAction\":[{\"@type\":\"ReadAction\",\"target\":[\"https:\/\/business.roovi.com\/de\/1000-teile-puzzle-fur-erwachsene-beruhmte-orte-tower-bridge\/p\/\"]}]},{\"@type\":\"BreadcrumbList\",\"@id\":\"https:\/\/business.roovi.com\/de\/1000-teile-puzzle-fur-erwachsene-beruhmte-orte-tower-bridge\/p\/#breadcrumb\",\"itemListElement\":[{\"@type\":\"ListItem\",\"position\":1,\"name\":\"Home\",\"item\":\"https:\/\/business.roovi.com\/de\/\"},{\"@type\":\"ListItem\",\"position\":2,\"name\":\"Shop\",\"item\":\"https:\/\/business.roovi.com\/de\/shop\/\"},{\"@type\":\"ListItem\",\"position\":3,\"name\":\"1000 Teile Puzzle f\u00fcr Erwachsene Ber\u00fchmte Orte &#8211; Tower Bridge\"}]},{\"@type\":\"WebSite\",\"@id\":\"https:\/\/business.roovi.com\/de\/#website\",\"url\":\"https:\/\/business.roovi.com\/de\/\",\"name\":\"Roovi B2B\",\"description\":\"Roovi Business Website\",\"potentialAction\":[{\"@type\":\"SearchAction\",\"target\":{\"@type\":\"EntryPoint\",\"urlTemplate\":\"https:\/\/business.roovi.com\/de\/?s={search_term_string}\"},\"query-input\":\"required name=search_term_string\"}],\"inLanguage\":\"de\"}]}<\/script>\n<!-- \/ Yoast SEO plugin. -->","yoast_head_json":{"title":"1000 Teile Puzzle f\u00fcr Erwachsene Ber\u00fchmte Orte - Tower Bridge","description":"1000 Teile Puzzle f\u00fcr Erwachsene Ber\u00fchmte Orte - Tower Bridge","robots":{"index":"index","follow":"follow","max-snippet":"max-snippet:-1","max-image-preview":"max-image-preview:large","max-video-preview":"max-video-preview:-1"},"canonical":"https:\/\/business.roovi.com\/de\/1000-teile-puzzle-fur-erwachsene-beruhmte-orte-tower-bridge\/p\/","og_locale":"de_DE","og_type":"article","og_title":"1000 Teile Puzzle f\u00fcr Erwachsene Ber\u00fchmte Orte - Tower Bridge","og_description":"1000 Teile Puzzle f\u00fcr Erwachsene Ber\u00fchmte Orte - Tower Bridge","og_url":"https:\/\/business.roovi.com\/de\/1000-teile-puzzle-fur-erwachsene-beruhmte-orte-tower-bridge\/p\/","og_site_name":"Roovi B2B","article_publisher":"https:\/\/www.facebook.com\/wwwjucariero","article_modified_time":"2022-07-06T16:59:53+00:00","og_image":[{"width":1200,"height":1200,"url":"https:\/\/business.roovi.com\/wp-content\/uploads\/2018\/04\/64288-08-ansamblu_dimensiuni-cutie-cm_orizontal_1.png","type":"image\/png"}],"twitter_misc":{"Gesch\u00e4tzte Lesezeit":"3\u00a0Minuten"},"schema":{"@context":"https:\/\/schema.org","@graph":[{"@type":"WebPage","@id":"https:\/\/business.roovi.com\/de\/1000-teile-puzzle-fur-erwachsene-beruhmte-orte-tower-bridge\/p\/","url":"https:\/\/business.roovi.com\/de\/1000-teile-puzzle-fur-erwachsene-beruhmte-orte-tower-bridge\/p\/","name":"1000 Teile Puzzle f\u00fcr Erwachsene Ber\u00fchmte Orte - Tower Bridge","isPartOf":{"@id":"https:\/\/business.roovi.com\/de\/#website"},"datePublished":"2018-04-16T10:56:17+00:00","dateModified":"2022-07-06T16:59:53+00:00","description":"1000 Teile Puzzle f\u00fcr Erwachsene Ber\u00fchmte Orte - Tower Bridge","breadcrumb":{"@id":"https:\/\/business.roovi.com\/de\/1000-teile-puzzle-fur-erwachsene-beruhmte-orte-tower-bridge\/p\/#breadcrumb"},"inLanguage":"de","potentialAction":[{"@type":"ReadAction","target":["https:\/\/business.roovi.com\/de\/1000-teile-puzzle-fur-erwachsene-beruhmte-orte-tower-bridge\/p\/"]}]},{"@type":"BreadcrumbList","@id":"https:\/\/business.roovi.com\/de\/1000-teile-puzzle-fur-erwachsene-beruhmte-orte-tower-bridge\/p\/#breadcrumb","itemListElement":[{"@type":"ListItem","position":1,"name":"Home","item":"https:\/\/business.roovi.com\/de\/"},{"@type":"ListItem","position":2,"name":"Shop","item":"https:\/\/business.roovi.com\/de\/shop\/"},{"@type":"ListItem","position":3,"name":"1000 Teile Puzzle f\u00fcr Erwachsene Ber\u00fchmte Orte &#8211; Tower Bridge"}]},{"@type":"WebSite","@id":"https:\/\/business.roovi.com\/de\/#website","url":"https:\/\/business.roovi.com\/de\/","name":"Roovi B2B","description":"Roovi Business Website","potentialAction":[{"@type":"SearchAction","target":{"@type":"EntryPoint","urlTemplate":"https:\/\/business.roovi.com\/de\/?s={search_term_string}"},"query-input":"required name=search_term_string"}],"inLanguage":"de"}]}},"_links":{"self":[{"href":"https:\/\/business.roovi.com\/de\/wp-json\/wp\/v2\/product\/41430","targetHints":{"allow":["GET"]}}],"collection":[{"href":"https:\/\/business.roovi.com\/de\/wp-json\/wp\/v2\/product"}],"about":[{"href":"https:\/\/business.roovi.com\/de\/wp-json\/wp\/v2\/types\/product"}],"version-history":[{"count":0,"href":"https:\/\/business.roovi.com\/de\/wp-json\/wp\/v2\/product\/41430\/revisions"}],"wp:featuredmedia":[{"embeddable":true,"href":"https:\/\/business.roovi.com\/de\/wp-json\/wp\/v2\/media\/33923"}],"wp:attachment":[{"href":"https:\/\/business.roovi.com\/de\/wp-json\/wp\/v2\/media?parent=41430"}],"wp:term":[{"taxonomy":"product_brand","embeddable":true,"href":"https:\/\/business.roovi.com\/de\/wp-json\/wp\/v2\/product_brand?post=41430"},{"taxonomy":"product_cat","embeddable":true,"href":"https:\/\/business.roovi.com\/de\/wp-json\/wp\/v2\/product_cat?post=41430"},{"taxonomy":"product_tag","embeddable":true,"href":"https:\/\/business.roovi.com\/de\/wp-json\/wp\/v2\/product_tag?post=41430"}],"curies":[{"name":"wp","href":"https:\/\/api.w.org\/{rel}","templated":true}]}}