{"id":41434,"date":"2018-04-16T10:56:17","date_gmt":"2018-04-16T10:56:17","guid":{"rendered":"https:\/\/business.roovi.com\/puzzle-adulti-1000-piese-locuri-celebre-biserica-maria-magdalena-ierusalim\/p\/"},"modified":"2022-07-06T17:04:05","modified_gmt":"2022-07-06T17:04:05","slug":"1000-teile-puzzle-fur-erwachsene-beruhmte-orte-kirche-der-maria-magdalena-jerusalem","status":"publish","type":"product","link":"https:\/\/business.roovi.com\/de\/1000-teile-puzzle-fur-erwachsene-beruhmte-orte-kirche-der-maria-magdalena-jerusalem\/p\/","title":{"rendered":"1000 Teile Puzzle f\u00fcr Erwachsene Ber\u00fchmte Orte &#8211; Kirche der Maria Magdalena, Jerusalem"},"content":{"rendered":"<p><strong><em>Die 1000-teilige Puzzle-Kollektion f\u00fcr Erwachsene Famous Places vereint faszinierende Bilder von ber\u00fchmten Sehensw\u00fcrdigkeiten auf der ganzen Welt. Setze Puzzlespiele mit einem besonderen Design zusammen und sei der Besitzer einer originellen Serie k\u00fcnstlerischer Gem\u00e4lde, die aus tausenden von Puzzleteilen bestehen.<\/em><\/strong><\/p>\n<p><span style=\"font-weight: 400\">Jerusalem ist eine der \u00e4ltesten St\u00e4dte der Welt, ber\u00fchmt f\u00fcr ihre faszinierende Geschichte und gro\u00dfe religi\u00f6se Bedeutung. Es gilt als heiliges Land und Reisende aus aller Welt, die verschiedenen Glaubensrichtungen und Religionen angeh\u00f6ren, zieht es jedes Jahr zu seinen ber\u00fchmten Sehensw\u00fcrdigkeiten.<\/span><\/p>\n<p><span style=\"font-weight: 400\">Das 1000-teilige Jerusalem-Puzzle aus der Famous Places Puzzle-Kollektion zeigt ein ikonisches Wahrzeichen Jerusalems: die Maria-Magdalena-Kirche. Sie befindet sich auf dem \u00d6lberg in der N\u00e4he des Gartens Gethsemane und wurde 1888 von Zar Alexander III. zu Ehren seiner Mutter, Zarin Maria Alexandrowna, gegr\u00fcndet <\/span><\/p>\n<p><span style=\"font-weight: 400\">Mit dem 1000 Teile Jerusalemer Maria-Magdalena-Kirche-Puzzle kannst du ein einzigartiges Gem\u00e4lde dieses wunderbaren Ortes mit besonderer russischer Architektur erschaffen. Setze St\u00fcck f\u00fcr St\u00fcck zusammen und beobachte, wie deine H\u00e4nde eine einzigartige Kreation bauen, die deine Augen erfreut und deinen Geist begl\u00fcckt.<\/span><\/p>\n<p><strong>Warum das 1000-teilige Puzzle Kirche der Maria Magdalena in Jerusalem f\u00fcr Erwachsene?<\/strong><\/p>\n<p><span style=\"font-weight: 400\">Es ist eine tolle M\u00f6glichkeit, sich zu entspannen und die Einzigartigkeit eines ikonischen Wahrzeichens von Jerusalem zu entdecken.<\/span><\/p>\n<p><span style=\"font-weight: 400\">Du bekommst ein 68 x 47 cm gro\u00dfes Bild, mit dem du dein Zuhause dekorieren kannst.<\/span><\/p>\n<p><span style=\"font-weight: 400\">Die Teile sind aus hochwertigem Karton gefertigt, damit sie stabil sind und bei jedem Zusammenbau perfekt zusammenhalten.<\/span><\/p>\n<p><span style=\"font-weight: 400\">Wir verwenden f\u00fcr die Herstellung jedes Puzzlespiels nachhaltige und recycelbare Materialien.<\/span><\/p>\n<p><span style=\"font-weight: 400\">Die Verarbeitung ist ansprechend und die leuchtenden Farben bringen die Sch\u00f6nheit des Bildes zur Geltung.<\/span><\/p>\n<p><span style=\"font-weight: 400\">Das Puzzlespiel ist f\u00fcr 14 Jahre und \u00e4lter geeignet und hat einen mittleren Schwierigkeitsgrad.<\/span><\/p>\n<p><span style=\"font-weight: 400\">Es erh\u00f6ht die Aufmerksamkeit f\u00fcr Details und die Konzentration.<\/span><\/p>\n<p><span style=\"font-weight: 400\">Es ist die perfekte Gelegenheit, um sich mit Freunden zu treffen und entspannte Abende mit deinen Lieben zu verbringen.<\/span><\/p>\n<p><span style=\"font-weight: 400\">Es ist eine unterhaltsame Art, deinen Geist in jedem Alter zu trainieren.<\/span><\/p>\n<p><strong>Wusstest du, dass&#8230;?<\/strong><\/p>\n<p><span style=\"font-weight: 400\">Der russische Maler Sergej Iwanow wurde mit der Ausmalung des Kircheninneren beauftragt und malte mehrere Szenen aus dem Leben der Maria Magdalena, die noch heute erhalten sind <\/span><\/p>\n<p><span style=\"font-weight: 400\">Die Kirche beherbergt die wundert\u00e4tige Ikone der Muttergottes der F\u00fchrung, die aus dem Libanon gebracht wurde. Sie scheint nach einem Brand im 16. Jahrhundert unversehrt geblieben zu sein.<\/span><\/p>\n<p><span style=\"font-weight: 400\">Im Jahr 1936 wurde hier eine Klostergemeinschaft gegr\u00fcndet und heute leben hier 30 Nonnen verschiedener Nationalit\u00e4ten.<\/span><\/p>\n<p><span style=\"font-weight: 400\">In der Krypta der Kirche befinden sich auch die sterblichen \u00dcberreste von Prinzessin Alexandra von Griechenland, der Mutter des Herzogs von Edinburgh und der Schwiegermutter von K\u00f6nigin Elisabeth II. von Gro\u00dfbritannien <\/span><\/p>\n<p><strong>1000 Pieces Puzzle Jerusalem &#8211; Abschalten von der Hektik des Lebens<\/strong><\/p>\n<p><span style=\"font-weight: 400\">Mit dem 1000-teiligen Puzzle Jerusalem, Kirche der Maria Magdalena begibst du dich auf eine imagin\u00e4re Reise, die die Sch\u00f6nheit und Handwerkskunst eines einzigartigen Meisterwerks offenbart. Du konzentrierst dich, setzt jedes Detail des 1000-teiligen Puzzles zusammen und erschaffst ein faszinierendes Bild, das du noch lange bewundern wirst <\/span><\/p>\n<p><span style=\"font-weight: 400\">Es ist deine Zeit, dich zu entspannen und v\u00f6llig abzuschalten. Genie\u00dfe diese einzigartige kreative und fantasievolle Erfahrung <\/span><\/p>\n<p><span style=\"font-weight: 400\">Entscheide dich f\u00fcr das Jerusalem-Puzzle mit 1000 Teilen und bewahre es in deinem Zuhause auf, wenn du vom Alltag abschalten oder Zeit mit deinen Liebsten verbringen m\u00f6chtest. Auch wenn du ein besonderes Geschenk machen willst, ist dieses Puzzlespiel die ideale Wahl.<\/span><\/p><\/p>\n","protected":false},"excerpt":{"rendered":"<p>Die 1000-teilige Puzzle-Kollektion f\u00fcr Erwachsene Famous Places vereint faszinierende Bilder von ber\u00fchmten Sehensw\u00fcrdigkeiten auf der ganzen Welt. Setze Puzzlespiele mit<\/p>\n","protected":false},"featured_media":33937,"template":"","meta":[],"product_brand":[],"product_cat":[1916,1875,1915],"product_tag":[],"class_list":{"0":"post-41434","1":"product","2":"type-product","3":"status-publish","4":"has-post-thumbnail","6":"product_cat-1000-teile-puzzle","7":"product_cat-puzzle-de","8":"product_cat-puzzlespiele-fur-erwachsene","9":"pa_bax-10-de","10":"pa_brand-d_toys-de","11":"pa_country_of_manufacture-ro-de","12":"pa_filter_age-14-de","13":"pa_painter-beruhmte-orte","14":"pa_tip_ambalaj-kasten-a4-de","15":"pa_tip_puzzle-klassisch","17":"first","18":"instock","19":"taxable","20":"shipping-taxable","21":"product-type-simple"},"yoast_head":"<!-- This site is optimized with the Yoast SEO plugin v20.1 - https:\/\/yoast.com\/wordpress\/plugins\/seo\/ -->\n<title>1000 Teile Puzzle f\u00fcr Erwachsene Ber\u00fchmte Orte - Kirche der Maria Magdalena, Jerusalem<\/title>\n<meta name=\"description\" content=\"1000 Teile Puzzle f\u00fcr Erwachsene Ber\u00fchmte Orte - Kirche der Maria Magdalena, Jerusalem\" \/>\n<meta name=\"robots\" content=\"index, follow, max-snippet:-1, max-image-preview:large, max-video-preview:-1\" \/>\n<link rel=\"canonical\" href=\"https:\/\/business.roovi.com\/de\/1000-teile-puzzle-fur-erwachsene-beruhmte-orte-kirche-der-maria-magdalena-jerusalem\/p\/\" \/>\n<meta property=\"og:locale\" content=\"de_DE\" \/>\n<meta property=\"og:type\" content=\"article\" \/>\n<meta property=\"og:title\" content=\"1000 Teile Puzzle f\u00fcr Erwachsene Ber\u00fchmte Orte - Kirche der Maria Magdalena, Jerusalem\" \/>\n<meta property=\"og:description\" content=\"1000 Teile Puzzle f\u00fcr Erwachsene Ber\u00fchmte Orte - Kirche der Maria Magdalena, Jerusalem\" \/>\n<meta property=\"og:url\" content=\"https:\/\/business.roovi.com\/de\/1000-teile-puzzle-fur-erwachsene-beruhmte-orte-kirche-der-maria-magdalena-jerusalem\/p\/\" \/>\n<meta property=\"og:site_name\" content=\"Roovi B2B\" \/>\n<meta property=\"article:publisher\" content=\"https:\/\/www.facebook.com\/wwwjucariero\" \/>\n<meta property=\"article:modified_time\" content=\"2022-07-06T17:04:05+00:00\" \/>\n<meta property=\"og:image\" content=\"https:\/\/business.roovi.com\/wp-content\/uploads\/2018\/04\/64288-10-ansamblu_dimensiuni-cutie-cm_vertical_1.png\" \/>\n\t<meta property=\"og:image:width\" content=\"1200\" \/>\n\t<meta property=\"og:image:height\" content=\"1200\" \/>\n\t<meta property=\"og:image:type\" content=\"image\/png\" \/>\n<meta name=\"twitter:label1\" content=\"Gesch\u00e4tzte Lesezeit\" \/>\n\t<meta name=\"twitter:data1\" content=\"3\u00a0Minuten\" \/>\n<script type=\"application\/ld+json\" class=\"yoast-schema-graph\">{\"@context\":\"https:\/\/schema.org\",\"@graph\":[{\"@type\":\"WebPage\",\"@id\":\"https:\/\/business.roovi.com\/de\/1000-teile-puzzle-fur-erwachsene-beruhmte-orte-kirche-der-maria-magdalena-jerusalem\/p\/\",\"url\":\"https:\/\/business.roovi.com\/de\/1000-teile-puzzle-fur-erwachsene-beruhmte-orte-kirche-der-maria-magdalena-jerusalem\/p\/\",\"name\":\"1000 Teile Puzzle f\u00fcr Erwachsene Ber\u00fchmte Orte - Kirche der Maria Magdalena, Jerusalem\",\"isPartOf\":{\"@id\":\"https:\/\/business.roovi.com\/de\/#website\"},\"datePublished\":\"2018-04-16T10:56:17+00:00\",\"dateModified\":\"2022-07-06T17:04:05+00:00\",\"description\":\"1000 Teile Puzzle f\u00fcr Erwachsene Ber\u00fchmte Orte - Kirche der Maria Magdalena, Jerusalem\",\"breadcrumb\":{\"@id\":\"https:\/\/business.roovi.com\/de\/1000-teile-puzzle-fur-erwachsene-beruhmte-orte-kirche-der-maria-magdalena-jerusalem\/p\/#breadcrumb\"},\"inLanguage\":\"de\",\"potentialAction\":[{\"@type\":\"ReadAction\",\"target\":[\"https:\/\/business.roovi.com\/de\/1000-teile-puzzle-fur-erwachsene-beruhmte-orte-kirche-der-maria-magdalena-jerusalem\/p\/\"]}]},{\"@type\":\"BreadcrumbList\",\"@id\":\"https:\/\/business.roovi.com\/de\/1000-teile-puzzle-fur-erwachsene-beruhmte-orte-kirche-der-maria-magdalena-jerusalem\/p\/#breadcrumb\",\"itemListElement\":[{\"@type\":\"ListItem\",\"position\":1,\"name\":\"Home\",\"item\":\"https:\/\/business.roovi.com\/de\/\"},{\"@type\":\"ListItem\",\"position\":2,\"name\":\"Shop\",\"item\":\"https:\/\/business.roovi.com\/de\/shop\/\"},{\"@type\":\"ListItem\",\"position\":3,\"name\":\"1000 Teile Puzzle f\u00fcr Erwachsene Ber\u00fchmte Orte &#8211; Kirche der Maria Magdalena, Jerusalem\"}]},{\"@type\":\"WebSite\",\"@id\":\"https:\/\/business.roovi.com\/de\/#website\",\"url\":\"https:\/\/business.roovi.com\/de\/\",\"name\":\"Roovi B2B\",\"description\":\"Roovi Business Website\",\"potentialAction\":[{\"@type\":\"SearchAction\",\"target\":{\"@type\":\"EntryPoint\",\"urlTemplate\":\"https:\/\/business.roovi.com\/de\/?s={search_term_string}\"},\"query-input\":\"required name=search_term_string\"}],\"inLanguage\":\"de\"}]}<\/script>\n<!-- \/ Yoast SEO plugin. -->","yoast_head_json":{"title":"1000 Teile Puzzle f\u00fcr Erwachsene Ber\u00fchmte Orte - Kirche der Maria Magdalena, Jerusalem","description":"1000 Teile Puzzle f\u00fcr Erwachsene Ber\u00fchmte Orte - Kirche der Maria Magdalena, Jerusalem","robots":{"index":"index","follow":"follow","max-snippet":"max-snippet:-1","max-image-preview":"max-image-preview:large","max-video-preview":"max-video-preview:-1"},"canonical":"https:\/\/business.roovi.com\/de\/1000-teile-puzzle-fur-erwachsene-beruhmte-orte-kirche-der-maria-magdalena-jerusalem\/p\/","og_locale":"de_DE","og_type":"article","og_title":"1000 Teile Puzzle f\u00fcr Erwachsene Ber\u00fchmte Orte - Kirche der Maria Magdalena, Jerusalem","og_description":"1000 Teile Puzzle f\u00fcr Erwachsene Ber\u00fchmte Orte - Kirche der Maria Magdalena, Jerusalem","og_url":"https:\/\/business.roovi.com\/de\/1000-teile-puzzle-fur-erwachsene-beruhmte-orte-kirche-der-maria-magdalena-jerusalem\/p\/","og_site_name":"Roovi B2B","article_publisher":"https:\/\/www.facebook.com\/wwwjucariero","article_modified_time":"2022-07-06T17:04:05+00:00","og_image":[{"width":1200,"height":1200,"url":"https:\/\/business.roovi.com\/wp-content\/uploads\/2018\/04\/64288-10-ansamblu_dimensiuni-cutie-cm_vertical_1.png","type":"image\/png"}],"twitter_misc":{"Gesch\u00e4tzte Lesezeit":"3\u00a0Minuten"},"schema":{"@context":"https:\/\/schema.org","@graph":[{"@type":"WebPage","@id":"https:\/\/business.roovi.com\/de\/1000-teile-puzzle-fur-erwachsene-beruhmte-orte-kirche-der-maria-magdalena-jerusalem\/p\/","url":"https:\/\/business.roovi.com\/de\/1000-teile-puzzle-fur-erwachsene-beruhmte-orte-kirche-der-maria-magdalena-jerusalem\/p\/","name":"1000 Teile Puzzle f\u00fcr Erwachsene Ber\u00fchmte Orte - Kirche der Maria Magdalena, Jerusalem","isPartOf":{"@id":"https:\/\/business.roovi.com\/de\/#website"},"datePublished":"2018-04-16T10:56:17+00:00","dateModified":"2022-07-06T17:04:05+00:00","description":"1000 Teile Puzzle f\u00fcr Erwachsene Ber\u00fchmte Orte - Kirche der Maria Magdalena, Jerusalem","breadcrumb":{"@id":"https:\/\/business.roovi.com\/de\/1000-teile-puzzle-fur-erwachsene-beruhmte-orte-kirche-der-maria-magdalena-jerusalem\/p\/#breadcrumb"},"inLanguage":"de","potentialAction":[{"@type":"ReadAction","target":["https:\/\/business.roovi.com\/de\/1000-teile-puzzle-fur-erwachsene-beruhmte-orte-kirche-der-maria-magdalena-jerusalem\/p\/"]}]},{"@type":"BreadcrumbList","@id":"https:\/\/business.roovi.com\/de\/1000-teile-puzzle-fur-erwachsene-beruhmte-orte-kirche-der-maria-magdalena-jerusalem\/p\/#breadcrumb","itemListElement":[{"@type":"ListItem","position":1,"name":"Home","item":"https:\/\/business.roovi.com\/de\/"},{"@type":"ListItem","position":2,"name":"Shop","item":"https:\/\/business.roovi.com\/de\/shop\/"},{"@type":"ListItem","position":3,"name":"1000 Teile Puzzle f\u00fcr Erwachsene Ber\u00fchmte Orte &#8211; Kirche der Maria Magdalena, Jerusalem"}]},{"@type":"WebSite","@id":"https:\/\/business.roovi.com\/de\/#website","url":"https:\/\/business.roovi.com\/de\/","name":"Roovi B2B","description":"Roovi Business Website","potentialAction":[{"@type":"SearchAction","target":{"@type":"EntryPoint","urlTemplate":"https:\/\/business.roovi.com\/de\/?s={search_term_string}"},"query-input":"required name=search_term_string"}],"inLanguage":"de"}]}},"_links":{"self":[{"href":"https:\/\/business.roovi.com\/de\/wp-json\/wp\/v2\/product\/41434","targetHints":{"allow":["GET"]}}],"collection":[{"href":"https:\/\/business.roovi.com\/de\/wp-json\/wp\/v2\/product"}],"about":[{"href":"https:\/\/business.roovi.com\/de\/wp-json\/wp\/v2\/types\/product"}],"version-history":[{"count":0,"href":"https:\/\/business.roovi.com\/de\/wp-json\/wp\/v2\/product\/41434\/revisions"}],"wp:featuredmedia":[{"embeddable":true,"href":"https:\/\/business.roovi.com\/de\/wp-json\/wp\/v2\/media\/33937"}],"wp:attachment":[{"href":"https:\/\/business.roovi.com\/de\/wp-json\/wp\/v2\/media?parent=41434"}],"wp:term":[{"taxonomy":"product_brand","embeddable":true,"href":"https:\/\/business.roovi.com\/de\/wp-json\/wp\/v2\/product_brand?post=41434"},{"taxonomy":"product_cat","embeddable":true,"href":"https:\/\/business.roovi.com\/de\/wp-json\/wp\/v2\/product_cat?post=41434"},{"taxonomy":"product_tag","embeddable":true,"href":"https:\/\/business.roovi.com\/de\/wp-json\/wp\/v2\/product_tag?post=41434"}],"curies":[{"name":"wp","href":"https:\/\/api.w.org\/{rel}","templated":true}]}}