{"id":41446,"date":"2018-04-16T10:56:17","date_gmt":"2018-04-16T10:56:17","guid":{"rendered":"https:\/\/business.roovi.com\/puzzle-adulti-1000-piese-locuri-celebre-biserica-sfantului-mormant-ierusalim\/p\/"},"modified":"2022-07-06T17:04:24","modified_gmt":"2022-07-06T17:04:24","slug":"1000-teile-adult-puzzle-famous-places-grabeskirche-jerusalem","status":"publish","type":"product","link":"https:\/\/business.roovi.com\/de\/1000-teile-adult-puzzle-famous-places-grabeskirche-jerusalem\/p\/","title":{"rendered":"1000 Teile Adult Puzzle Famous Places &#8211; Grabeskirche, Jerusalem"},"content":{"rendered":"<p><strong><em>Die Reihe der Famous Places Puzzlespiele vereint Bilder von vielen Touristenattraktionen aus aller Welt. Setze die Teile des 1000-Puzzles zusammen und erhalte wundersch\u00f6ne Bilder von unvergesslichen Orten.<\/em><\/strong><\/p>\n<p><span style=\"font-weight: 400\">Die St\u00e4tte des Heiligen Grabes ist die bekannteste Pilgerst\u00e4tte der christlichen Welt. Wenn du heilige Orte mit einer besonderen Ladung f\u00fcr die christliche Welt sch\u00e4tzt, wirst du dich freuen, ein perfektes Bild der Grabeskirche in Jerusalem in einem au\u00dfergew\u00f6hnlich gestalteten 1000-Teile-Puzzle zu finden <\/span><\/p>\n<p><span style=\"font-weight: 400\">Die Grabeskirche beherbergt zwei der symboltr\u00e4chtigsten St\u00e4tten f\u00fcr Christen: Golgatha, der Ort, an dem Jesus gekreuzigt wurde, und das Grab, in dem er begraben wurde und auferstanden ist. Deshalb wird sie auch die Kirche der Auferstehung genannt. Die heutige Kirche wurde im 11. Jahrhundert an der Stelle erbaut, an der Kaiser Konstantin der Gro\u00dfe im 4. Jahrhundert die erste der Auferstehung geweihte Kirche errichtet hatte.<\/span><\/p>\n<p><span style=\"font-weight: 400\">Es ist erstaunlich, wie man ein Denkmal mit einer faszinierenden Geschichte, voller Legenden und Symbole, aus 1000 Puzzleteilen rekonstruieren kann. Nimm die Herausforderung an und baue aus einem Puzzle ein atemberaubendes Gem\u00e4lde, das du noch lange bewundern wirst, wann immer du das Bed\u00fcrfnis hast, aus deinem Alltag auszusteigen. Au\u00dferdem ist das 1000-teilige Puzzle der Grabeskirche eine entspannende Art, die Sch\u00f6nheit eines ikonischen Wahrzeichens der Menschheitsgeschichte zu entdecken.<\/span><\/p>\n<p><strong>Warum solltest du dich f\u00fcr ein 1000-Teile-Puzzle aus der Famous Places Puzzle-Kollektion entscheiden?<\/strong><\/p>\n<p><span style=\"font-weight: 400\">Ein 1000-Teile-Puzzle ist eine tolle M\u00f6glichkeit, ikonische Wahrzeichen mit langer Geschichte und besonderer Symbolik zu entdecken.<\/span><\/p>\n<p><span style=\"font-weight: 400\">Du hast die M\u00f6glichkeit, St\u00fcck f\u00fcr St\u00fcck das Bild eines Ortes aufzubauen, der Millionen von Menschen heilig ist.<\/span><\/p>\n<p><span style=\"font-weight: 400\">Das 68 x 47 cm gro\u00dfe Gem\u00e4lde ist ein ideales Deko-Objekt, um die Anonymit\u00e4t jedes tristen Ortes in deinem Zuhause aufzuheben.<\/span><\/p>\n<p><span style=\"font-weight: 400\">Jedes unserer Puzzles ist aus hochwertigem Karton gefertigt, der den Teilen auch nach unz\u00e4hligen Zusammensetzungen zus\u00e4tzliche Festigkeit verleiht.<\/span><\/p>\n<p><span style=\"font-weight: 400\">Die Oberfl\u00e4che ist halbgl\u00e4nzend, in leuchtenden Farben, die die Klarheit des Bildes hervorheben.<\/span><\/p>\n<p><span style=\"font-weight: 400\">Es ist aus recycelbaren, nachhaltigen Materialien hergestellt.<\/span><\/p>\n<p><span style=\"font-weight: 400\">Geeignet f\u00fcr Jugendliche ab 14 Jahren &#8211; eine gute Gelegenheit, das Bild mit Teenagern zu \u00fcberarbeiten.<\/span><\/p>\n<p><span style=\"font-weight: 400\">Es ist eine tolle M\u00f6glichkeit, deinen Geist zu trainieren und deine Kreativit\u00e4t zu f\u00f6rdern.<\/span><\/p>\n<p><span style=\"font-weight: 400\">Es hilft dir, F\u00e4higkeiten wie Ged\u00e4chtnis, logisches Denken, Geschicklichkeit und Feinmotorik zu entwickeln.<\/span><\/p>\n<p><strong>Wusstest du, dass&#8230;?<\/strong><\/p>\n<p><span style=\"font-weight: 400\">Der r\u00f6mische Kaiser Hadrian baute im 2. Jahrhundert n. Chr. einen Tempel f\u00fcr die G\u00f6ttin Aphrodite in der H\u00f6hle, in der Jesus begraben wurde. Um 325 lie\u00df der erste christliche Kaiser, Konstantin der Gro\u00dfe, an dieser Stelle eine Kirche errichten.<\/span><\/p>\n<p><span style=\"font-weight: 400\">Die Kirche wurde im Laufe der Jahre mehrmals zerst\u00f6rt und wiederaufgebaut. Die heutige stammt aus dem Jahr 1149, aus der Zeit der Kreuzfahrer.<\/span><\/p>\n<p><span style=\"font-weight: 400\">Das Geb\u00e4ude hat 7 R\u00e4ume und ist in Abteilungen unterteilt, die verschiedenen Religionen angeh\u00f6ren: griechisch-orthodox, r\u00f6misch-katholisch, armenisch, koptisch, \u00e4thiopisch-orthodox und syrisch.<\/span><\/p>\n<p><span style=\"font-weight: 400\">Das Heilige Grab geh\u00f6rt der griechischen, katholischen und armenischen Gemeinde. Er hat eine rechteckige Form und ein kleines St\u00fcck des Steins vom Grab Jesu befindet sich hier.<\/span><\/p>\n<p><strong>Die Grabeskirche 1000 Teile Puzzle &#8211; eine Gelegenheit, zu meditieren und vom Alltag abzuschalten<\/strong><\/p>\n<p><span style=\"font-weight: 400\">Wenn du ein paar Stunden Tiefenentspannung in aller Ruhe genie\u00dfen willst, ist das 1000-teilige Puzzle der Grabeskirche die perfekte Wahl. An heiligen St\u00e4tten sollen Zeit und Raum eine andere Dimension haben und die Verbindung zum G\u00f6ttlichen ist tiefgreifend. Ein 1000-teiliges Puzzle mit Bildern dieser Orte g\u00f6ttlicher Energie zu erstellen, gibt dir die M\u00f6glichkeit, im Geiste in ferne Welten zu reisen und dich von den Alltagssorgen zu l\u00f6sen.<\/span><\/p>\n<p><span style=\"font-weight: 400\">Das Zusammensetzen eines Puzzlespiels hat die Wirkung einer tiefen Meditation, gerade weil es deine Aufmerksamkeit f\u00fcr eine lange Zeit auf eine bestimmte Aufgabe lenkt. Das befreit den Geist von negativen Gedanken und Alltagsstress und du erlebst einen dringend ben\u00f6tigten Zustand der Ruhe.<\/span><\/p>\n<p><span style=\"font-weight: 400\">Das 1000 Teile Puzzle der Grabeskirche kann auch eine Gelegenheit sein, deine Freizeit mit deinen Liebsten zu verbringen. Organisiere eine R\u00e4tselstunde mit deinen Kindern, erz\u00e4hle Geschichten \u00fcber die Geschichte des Ortes oder das Leben von Jesus. Verwandle ein Puzzlespiel in eine spannende Lern- und Kreativstunde.<\/span><\/p>\n<p><span style=\"font-weight: 400\">Entdecke alle 1000-teiligen Puzzles f\u00fcr Erwachsene in der Famous Places Puzzle-Kollektion und erstelle deine eigene einzigartige Sammlung von Bildern, die m\u00e4rchenhafte Sehensw\u00fcrdigkeiten aus aller Welt zeigen.<\/span><\/p><\/p>\n","protected":false},"excerpt":{"rendered":"<p>Die Reihe der Famous Places Puzzlespiele vereint Bilder von vielen Touristenattraktionen aus aller Welt. Setze die Teile des 1000-Puzzles zusammen<\/p>\n","protected":false},"featured_media":33959,"template":"","meta":[],"product_brand":[],"product_cat":[1916,1875,1915],"product_tag":[],"class_list":{"0":"post-41446","1":"product","2":"type-product","3":"status-publish","4":"has-post-thumbnail","6":"product_cat-1000-teile-puzzle","7":"product_cat-puzzle-de","8":"product_cat-puzzlespiele-fur-erwachsene","9":"pa_bax-10-de","10":"pa_brand-d_toys-de","11":"pa_country_of_manufacture-ro-de","12":"pa_filter_age-14-de","13":"pa_painter-beruhmte-orte","14":"pa_tip_ambalaj-kasten-a4-de","15":"pa_tip_puzzle-klassisch","17":"first","18":"instock","19":"taxable","20":"shipping-taxable","21":"product-type-simple"},"yoast_head":"<!-- This site is optimized with the Yoast SEO plugin v20.1 - https:\/\/yoast.com\/wordpress\/plugins\/seo\/ -->\n<title>1000 Teile Adult Puzzle Famous Places - Grabeskirche, Jerusalem<\/title>\n<meta name=\"description\" content=\"1000 Teile Adult Puzzle Famous Places - Grabeskirche, Jerusalem\" \/>\n<meta name=\"robots\" content=\"index, follow, max-snippet:-1, max-image-preview:large, max-video-preview:-1\" \/>\n<link rel=\"canonical\" href=\"https:\/\/business.roovi.com\/de\/1000-teile-adult-puzzle-famous-places-grabeskirche-jerusalem\/p\/\" \/>\n<meta property=\"og:locale\" content=\"de_DE\" \/>\n<meta property=\"og:type\" content=\"article\" \/>\n<meta property=\"og:title\" content=\"1000 Teile Adult Puzzle Famous Places - Grabeskirche, Jerusalem\" \/>\n<meta property=\"og:description\" content=\"1000 Teile Adult Puzzle Famous Places - Grabeskirche, Jerusalem\" \/>\n<meta property=\"og:url\" content=\"https:\/\/business.roovi.com\/de\/1000-teile-adult-puzzle-famous-places-grabeskirche-jerusalem\/p\/\" \/>\n<meta property=\"og:site_name\" content=\"Roovi B2B\" \/>\n<meta property=\"article:publisher\" content=\"https:\/\/www.facebook.com\/wwwjucariero\" \/>\n<meta property=\"article:modified_time\" content=\"2022-07-06T17:04:24+00:00\" \/>\n<meta property=\"og:image\" content=\"https:\/\/business.roovi.com\/wp-content\/uploads\/2018\/04\/64288-11_ansamblu_dimensiuni_cutie_cm_orizontal.png\" \/>\n\t<meta property=\"og:image:width\" content=\"1200\" \/>\n\t<meta property=\"og:image:height\" content=\"1200\" \/>\n\t<meta property=\"og:image:type\" content=\"image\/png\" \/>\n<meta name=\"twitter:label1\" content=\"Gesch\u00e4tzte Lesezeit\" \/>\n\t<meta name=\"twitter:data1\" content=\"4\u00a0Minuten\" \/>\n<script type=\"application\/ld+json\" class=\"yoast-schema-graph\">{\"@context\":\"https:\/\/schema.org\",\"@graph\":[{\"@type\":\"WebPage\",\"@id\":\"https:\/\/business.roovi.com\/de\/1000-teile-adult-puzzle-famous-places-grabeskirche-jerusalem\/p\/\",\"url\":\"https:\/\/business.roovi.com\/de\/1000-teile-adult-puzzle-famous-places-grabeskirche-jerusalem\/p\/\",\"name\":\"1000 Teile Adult Puzzle Famous Places - Grabeskirche, Jerusalem\",\"isPartOf\":{\"@id\":\"https:\/\/business.roovi.com\/de\/#website\"},\"datePublished\":\"2018-04-16T10:56:17+00:00\",\"dateModified\":\"2022-07-06T17:04:24+00:00\",\"description\":\"1000 Teile Adult Puzzle Famous Places - Grabeskirche, Jerusalem\",\"breadcrumb\":{\"@id\":\"https:\/\/business.roovi.com\/de\/1000-teile-adult-puzzle-famous-places-grabeskirche-jerusalem\/p\/#breadcrumb\"},\"inLanguage\":\"de\",\"potentialAction\":[{\"@type\":\"ReadAction\",\"target\":[\"https:\/\/business.roovi.com\/de\/1000-teile-adult-puzzle-famous-places-grabeskirche-jerusalem\/p\/\"]}]},{\"@type\":\"BreadcrumbList\",\"@id\":\"https:\/\/business.roovi.com\/de\/1000-teile-adult-puzzle-famous-places-grabeskirche-jerusalem\/p\/#breadcrumb\",\"itemListElement\":[{\"@type\":\"ListItem\",\"position\":1,\"name\":\"Home\",\"item\":\"https:\/\/business.roovi.com\/de\/\"},{\"@type\":\"ListItem\",\"position\":2,\"name\":\"Shop\",\"item\":\"https:\/\/business.roovi.com\/de\/shop\/\"},{\"@type\":\"ListItem\",\"position\":3,\"name\":\"1000 Teile Adult Puzzle Famous Places &#8211; Grabeskirche, Jerusalem\"}]},{\"@type\":\"WebSite\",\"@id\":\"https:\/\/business.roovi.com\/de\/#website\",\"url\":\"https:\/\/business.roovi.com\/de\/\",\"name\":\"Roovi B2B\",\"description\":\"Roovi Business Website\",\"potentialAction\":[{\"@type\":\"SearchAction\",\"target\":{\"@type\":\"EntryPoint\",\"urlTemplate\":\"https:\/\/business.roovi.com\/de\/?s={search_term_string}\"},\"query-input\":\"required name=search_term_string\"}],\"inLanguage\":\"de\"}]}<\/script>\n<!-- \/ Yoast SEO plugin. -->","yoast_head_json":{"title":"1000 Teile Adult Puzzle Famous Places - Grabeskirche, Jerusalem","description":"1000 Teile Adult Puzzle Famous Places - Grabeskirche, Jerusalem","robots":{"index":"index","follow":"follow","max-snippet":"max-snippet:-1","max-image-preview":"max-image-preview:large","max-video-preview":"max-video-preview:-1"},"canonical":"https:\/\/business.roovi.com\/de\/1000-teile-adult-puzzle-famous-places-grabeskirche-jerusalem\/p\/","og_locale":"de_DE","og_type":"article","og_title":"1000 Teile Adult Puzzle Famous Places - Grabeskirche, Jerusalem","og_description":"1000 Teile Adult Puzzle Famous Places - Grabeskirche, Jerusalem","og_url":"https:\/\/business.roovi.com\/de\/1000-teile-adult-puzzle-famous-places-grabeskirche-jerusalem\/p\/","og_site_name":"Roovi B2B","article_publisher":"https:\/\/www.facebook.com\/wwwjucariero","article_modified_time":"2022-07-06T17:04:24+00:00","og_image":[{"width":1200,"height":1200,"url":"https:\/\/business.roovi.com\/wp-content\/uploads\/2018\/04\/64288-11_ansamblu_dimensiuni_cutie_cm_orizontal.png","type":"image\/png"}],"twitter_misc":{"Gesch\u00e4tzte Lesezeit":"4\u00a0Minuten"},"schema":{"@context":"https:\/\/schema.org","@graph":[{"@type":"WebPage","@id":"https:\/\/business.roovi.com\/de\/1000-teile-adult-puzzle-famous-places-grabeskirche-jerusalem\/p\/","url":"https:\/\/business.roovi.com\/de\/1000-teile-adult-puzzle-famous-places-grabeskirche-jerusalem\/p\/","name":"1000 Teile Adult Puzzle Famous Places - Grabeskirche, Jerusalem","isPartOf":{"@id":"https:\/\/business.roovi.com\/de\/#website"},"datePublished":"2018-04-16T10:56:17+00:00","dateModified":"2022-07-06T17:04:24+00:00","description":"1000 Teile Adult Puzzle Famous Places - Grabeskirche, Jerusalem","breadcrumb":{"@id":"https:\/\/business.roovi.com\/de\/1000-teile-adult-puzzle-famous-places-grabeskirche-jerusalem\/p\/#breadcrumb"},"inLanguage":"de","potentialAction":[{"@type":"ReadAction","target":["https:\/\/business.roovi.com\/de\/1000-teile-adult-puzzle-famous-places-grabeskirche-jerusalem\/p\/"]}]},{"@type":"BreadcrumbList","@id":"https:\/\/business.roovi.com\/de\/1000-teile-adult-puzzle-famous-places-grabeskirche-jerusalem\/p\/#breadcrumb","itemListElement":[{"@type":"ListItem","position":1,"name":"Home","item":"https:\/\/business.roovi.com\/de\/"},{"@type":"ListItem","position":2,"name":"Shop","item":"https:\/\/business.roovi.com\/de\/shop\/"},{"@type":"ListItem","position":3,"name":"1000 Teile Adult Puzzle Famous Places &#8211; Grabeskirche, Jerusalem"}]},{"@type":"WebSite","@id":"https:\/\/business.roovi.com\/de\/#website","url":"https:\/\/business.roovi.com\/de\/","name":"Roovi B2B","description":"Roovi Business Website","potentialAction":[{"@type":"SearchAction","target":{"@type":"EntryPoint","urlTemplate":"https:\/\/business.roovi.com\/de\/?s={search_term_string}"},"query-input":"required name=search_term_string"}],"inLanguage":"de"}]}},"_links":{"self":[{"href":"https:\/\/business.roovi.com\/de\/wp-json\/wp\/v2\/product\/41446","targetHints":{"allow":["GET"]}}],"collection":[{"href":"https:\/\/business.roovi.com\/de\/wp-json\/wp\/v2\/product"}],"about":[{"href":"https:\/\/business.roovi.com\/de\/wp-json\/wp\/v2\/types\/product"}],"version-history":[{"count":0,"href":"https:\/\/business.roovi.com\/de\/wp-json\/wp\/v2\/product\/41446\/revisions"}],"wp:featuredmedia":[{"embeddable":true,"href":"https:\/\/business.roovi.com\/de\/wp-json\/wp\/v2\/media\/33959"}],"wp:attachment":[{"href":"https:\/\/business.roovi.com\/de\/wp-json\/wp\/v2\/media?parent=41446"}],"wp:term":[{"taxonomy":"product_brand","embeddable":true,"href":"https:\/\/business.roovi.com\/de\/wp-json\/wp\/v2\/product_brand?post=41446"},{"taxonomy":"product_cat","embeddable":true,"href":"https:\/\/business.roovi.com\/de\/wp-json\/wp\/v2\/product_cat?post=41446"},{"taxonomy":"product_tag","embeddable":true,"href":"https:\/\/business.roovi.com\/de\/wp-json\/wp\/v2\/product_tag?post=41446"}],"curies":[{"name":"wp","href":"https:\/\/api.w.org\/{rel}","templated":true}]}}