{"id":41462,"date":"2018-04-16T10:56:17","date_gmt":"2018-04-16T10:56:17","guid":{"rendered":"https:\/\/business.roovi.com\/puzzle-adulti-1000-piese-peisaje-de-zi-gent-belgia\/p\/"},"modified":"2022-07-06T17:04:49","modified_gmt":"2022-07-06T17:04:49","slug":"1000-teile-erwachsenenpuzzle-landschaften-bei-tag-gent-belgien","status":"publish","type":"product","link":"https:\/\/business.roovi.com\/de\/1000-teile-erwachsenenpuzzle-landschaften-bei-tag-gent-belgien\/p\/","title":{"rendered":"1000 Teile Erwachsenenpuzzle Landschaften bei Tag &#8211; Gent, Belgien"},"content":{"rendered":"<p><strong><em>Bist du ein Meister des Puzzles? Entdecke die 1000-teilige Puzzle-Kollektion Landscapes by Day und erstelle wundersch\u00f6ne Bilder von ber\u00fchmten Orten auf der ganzen Welt.<\/em><\/strong><\/p>\n<p><span style=\"font-weight: 400\">Das 1000-teilige Puzzle mit einer Tageslandschaft der Stadt Gent verschafft dir eine Art mentale St\u00e4dtereise und f\u00fchrt dich in eine der lebendigsten St\u00e4dte Belgiens <\/span><\/p>\n<p><span style=\"font-weight: 400\">Im 14. Jahrhundert war Gent eine der wichtigsten St\u00e4dte in Europa. Sie war gr\u00f6\u00dfer als London und mit 60.000 Einwohnern die zweitgr\u00f6\u00dfte Stadt nach Paris. Im 19. Jahrhundert war sie die f\u00fchrende Industriestadt Belgiens und blieb eine der f\u00fchrenden St\u00e4dte Europas.<\/span><\/p>\n<p><span style=\"font-weight: 400\">Heute verf\u00fcgt die Stadt \u00fcber die meisten denkmalgesch\u00fctzten Geb\u00e4ude in Belgien. Eine Stadt mit einer langen Geschichte und einem au\u00dfergew\u00f6hnlichen architektonischen Erbe. Du kannst die Stadt am einfachsten zu Fu\u00df, an Bord von Booten, die die faszinierenden Kan\u00e4le durchqueren, oder mit dem Fahrrad erkunden. Oder, warum nicht, durch dieses besondere Puzzlespiel.<\/span><\/p>\n<p><span style=\"font-weight: 400\">Setze jedes Teil des 1000-Puzzles an seinen Platz im gro\u00dfen Bild und stelle das Bild der Stadt bei Tageslicht nach. Das entstandene Gem\u00e4lde ist 68 x 47 cm gro\u00df und kann als dekoratives Herzst\u00fcck dein Zuhause versch\u00f6nern.<\/span><\/p>\n<p><strong>Warum solltest du dich f\u00fcr ein 1000-teiliges Puzzle aus der Landscapes by Day Kollektion entscheiden?  <\/strong><\/p>\n<p><span style=\"font-weight: 400\">Es ist eine wunderbare M\u00f6glichkeit, sich zu entspannen und Sehensw\u00fcrdigkeiten zu entdecken, die von der ganzen Welt bewundert werden.<\/span><\/p>\n<p><span style=\"font-weight: 400\">Das Puzzlespiel beansprucht beide Gehirnh\u00e4lften und ist daher ein komplexes Training f\u00fcr das menschliche Gehirn.<\/span><\/p>\n<p><span style=\"font-weight: 400\">Sie f\u00f6rdert Geduld, Ausdauer und Liebe zum Detail.<\/span><\/p>\n<p><span style=\"font-weight: 400\">Die Teile des 1000er Puzzles sind aus hochwertigem blauen Karton, sind pr\u00e4zise geschnitten und passen perfekt zusammen, auch wenn das Puzzlespiel mehrmals zusammengesetzt wird.<\/span><\/p>\n<p><span style=\"font-weight: 400\">Jedes 1000-teilige Puzzle ist aus nachhaltigen und recycelbaren Materialien hergestellt.<\/span><\/p>\n<p><span style=\"font-weight: 400\">Es hat eine halbgl\u00e4nzende Oberfl\u00e4che und leuchtende Farben, die die Sch\u00f6nheit und Klarheit des Bildes hervorheben.<\/span><\/p>\n<p><span style=\"font-weight: 400\">Es ist f\u00fcr Jugendliche ab 14 Jahren geeignet und hat einen mittleren Schwierigkeitsgrad.<\/span><\/p>\n<p><strong>Wusstest du schon&#8230;?<\/strong><\/p>\n<p><span style=\"font-weight: 400\">Die Einwohner von Gent haben den Spitznamen <\/span><em><span style=\"font-weight: 400\">stroppendragers<\/span><\/em><span style=\"font-weight: 400\">was bedeutet <\/span><span style=\"font-weight: 400\">&#8222;<\/span><span style=\"font-weight: 400\">die H\u00e4ngegleiter<\/span><span style=\"font-weight: 400\">&#8222;<\/span><span style=\"font-weight: 400\">. Ihr Name geht auf das Jahr 1540 zur\u00fcck, als Karl V. Adlige, die ihre erh\u00f6hten Abgaben nicht mehr zahlen wollten, damit bestrafte, dass sie barfu\u00df und mit Schlingen um den Hals durch die Stadt marschierten.<\/span><\/p>\n<p><span style=\"font-weight: 400\">Eine der Hauptattraktionen von Gent ist die St.-Bavo-Kathedrale, in der du das ber\u00fchmte Meisterwerk der Br\u00fcder Jan und Hubert van Eyck bewundern kannst, <\/span><em><span style=\"font-weight: 400\">Die Anbetung des mystischen Lammes<\/span><\/em><span style=\"font-weight: 400\">.<\/span><\/p>\n<p><span style=\"font-weight: 400\">Oper <\/span><em><span style=\"font-weight: 400\">Anbetung des Mystischen Lammes <\/span><\/em><span style=\"font-weight: 400\">ist das am h\u00e4ufigsten gestohlene mittelalterliche Meisterwerk der Geschichte <\/span><\/p>\n<p><span style=\"font-weight: 400\">Als Vorreiter auf dem Gebiet der Musik verlieh die UNESCO Gent 2009 die Auszeichnung &#8222;Creative City of Music&#8220;.<\/span><\/p>\n<p><span style=\"font-weight: 400\"> <\/span><strong>Entdecke eine lustige Aktivit\u00e4t durch das 1000-teilige Puzzle f\u00fcr Erwachsene<\/strong><\/p>\n<p><span style=\"font-weight: 400\">Wenn du das Bild aus dem 1000-Teile-Puzzle Gent, Belgien, nachbildest, ist dein Verstand mit einer umfassenden \u00dcbung besch\u00e4ftigt. Beide Gehirnh\u00e4lften werden trainiert und so regt das Puzzlespiel die Fantasie an und entwickelt das logische Denken. Es hilft dir auch, deine Produktivit\u00e4t zu steigern und die richtige L\u00f6sung zu finden, selbst in Situationen, in denen alles unm\u00f6glich erscheint.<\/span><\/p>\n<p><span style=\"font-weight: 400\">Wenn du Zeit damit verbringst, eine sch\u00f6ne Landschaft einer europ\u00e4ischen Stadt zusammenzustellen, ist das eine M\u00f6glichkeit, nach einem langen Arbeitstag neue Energie zu tanken. Au\u00dferdem kann es eine gute Gelegenheit sein, Zeit mit deiner Familie zu verbringen und deine Beziehungen zu deinen Lieben zu st\u00e4rken.<\/span><\/p>\n<p><span style=\"font-weight: 400\">Entscheide dich also f\u00fcr das 1000-teilige Puzzle Gent, Belgien aus der Daytime Landscapes-Puzzle-Kollektion und genie\u00dfe alle Vorteile, die ein Puzzlespiel mit sich bringt.<\/span><\/p><\/p>\n","protected":false},"excerpt":{"rendered":"<p>Bist du ein Meister des Puzzles? Entdecke die 1000-teilige Puzzle-Kollektion Landscapes by Day und erstelle wundersch\u00f6ne Bilder von ber\u00fchmten Orten<\/p>\n","protected":false},"featured_media":33985,"template":"","meta":[],"product_brand":[],"product_cat":[1916,1875,1915],"product_tag":[],"class_list":{"0":"post-41462","1":"product","2":"type-product","3":"status-publish","4":"has-post-thumbnail","6":"product_cat-1000-teile-puzzle","7":"product_cat-puzzle-de","8":"product_cat-puzzlespiele-fur-erwachsene","9":"pa_bax-10-de","10":"pa_brand-d_toys-de","11":"pa_country_of_manufacture-ro-de","12":"pa_filter_age-14-de","13":"pa_painter-landscapes-de","14":"pa_tip_ambalaj-kasten-a4-de","15":"pa_tip_puzzle-klassisch","17":"first","18":"instock","19":"taxable","20":"shipping-taxable","21":"product-type-simple"},"yoast_head":"<!-- This site is optimized with the Yoast SEO plugin v20.1 - https:\/\/yoast.com\/wordpress\/plugins\/seo\/ -->\n<title>1000 Teile Erwachsenenpuzzle Landschaften bei Tag - Gent, Belgien<\/title>\n<meta name=\"description\" content=\"1000 Teile Erwachsenenpuzzle Landschaften bei Tag - Gent, Belgien\" \/>\n<meta name=\"robots\" content=\"index, follow, max-snippet:-1, max-image-preview:large, max-video-preview:-1\" \/>\n<link rel=\"canonical\" href=\"https:\/\/business.roovi.com\/de\/1000-teile-erwachsenenpuzzle-landschaften-bei-tag-gent-belgien\/p\/\" \/>\n<meta property=\"og:locale\" content=\"de_DE\" \/>\n<meta property=\"og:type\" content=\"article\" \/>\n<meta property=\"og:title\" content=\"1000 Teile Erwachsenenpuzzle Landschaften bei Tag - Gent, Belgien\" \/>\n<meta property=\"og:description\" content=\"1000 Teile Erwachsenenpuzzle Landschaften bei Tag - Gent, Belgien\" \/>\n<meta property=\"og:url\" content=\"https:\/\/business.roovi.com\/de\/1000-teile-erwachsenenpuzzle-landschaften-bei-tag-gent-belgien\/p\/\" \/>\n<meta property=\"og:site_name\" content=\"Roovi B2B\" \/>\n<meta property=\"article:publisher\" content=\"https:\/\/www.facebook.com\/wwwjucariero\" \/>\n<meta property=\"article:modified_time\" content=\"2022-07-06T17:04:49+00:00\" \/>\n<meta property=\"og:image\" content=\"https:\/\/business.roovi.com\/wp-content\/uploads\/2018\/04\/62154-08_ansamblu_dimensiuni_cutie_cm_orizontal.png\" \/>\n\t<meta property=\"og:image:width\" content=\"1200\" \/>\n\t<meta property=\"og:image:height\" content=\"1200\" \/>\n\t<meta property=\"og:image:type\" content=\"image\/png\" \/>\n<meta name=\"twitter:label1\" content=\"Gesch\u00e4tzte Lesezeit\" \/>\n\t<meta name=\"twitter:data1\" content=\"3\u00a0Minuten\" \/>\n<script type=\"application\/ld+json\" class=\"yoast-schema-graph\">{\"@context\":\"https:\/\/schema.org\",\"@graph\":[{\"@type\":\"WebPage\",\"@id\":\"https:\/\/business.roovi.com\/de\/1000-teile-erwachsenenpuzzle-landschaften-bei-tag-gent-belgien\/p\/\",\"url\":\"https:\/\/business.roovi.com\/de\/1000-teile-erwachsenenpuzzle-landschaften-bei-tag-gent-belgien\/p\/\",\"name\":\"1000 Teile Erwachsenenpuzzle Landschaften bei Tag - Gent, Belgien\",\"isPartOf\":{\"@id\":\"https:\/\/business.roovi.com\/de\/#website\"},\"datePublished\":\"2018-04-16T10:56:17+00:00\",\"dateModified\":\"2022-07-06T17:04:49+00:00\",\"description\":\"1000 Teile Erwachsenenpuzzle Landschaften bei Tag - Gent, Belgien\",\"breadcrumb\":{\"@id\":\"https:\/\/business.roovi.com\/de\/1000-teile-erwachsenenpuzzle-landschaften-bei-tag-gent-belgien\/p\/#breadcrumb\"},\"inLanguage\":\"de\",\"potentialAction\":[{\"@type\":\"ReadAction\",\"target\":[\"https:\/\/business.roovi.com\/de\/1000-teile-erwachsenenpuzzle-landschaften-bei-tag-gent-belgien\/p\/\"]}]},{\"@type\":\"BreadcrumbList\",\"@id\":\"https:\/\/business.roovi.com\/de\/1000-teile-erwachsenenpuzzle-landschaften-bei-tag-gent-belgien\/p\/#breadcrumb\",\"itemListElement\":[{\"@type\":\"ListItem\",\"position\":1,\"name\":\"Home\",\"item\":\"https:\/\/business.roovi.com\/de\/\"},{\"@type\":\"ListItem\",\"position\":2,\"name\":\"Shop\",\"item\":\"https:\/\/business.roovi.com\/de\/shop\/\"},{\"@type\":\"ListItem\",\"position\":3,\"name\":\"1000 Teile Erwachsenenpuzzle Landschaften bei Tag &#8211; Gent, Belgien\"}]},{\"@type\":\"WebSite\",\"@id\":\"https:\/\/business.roovi.com\/de\/#website\",\"url\":\"https:\/\/business.roovi.com\/de\/\",\"name\":\"Roovi B2B\",\"description\":\"Roovi Business Website\",\"potentialAction\":[{\"@type\":\"SearchAction\",\"target\":{\"@type\":\"EntryPoint\",\"urlTemplate\":\"https:\/\/business.roovi.com\/de\/?s={search_term_string}\"},\"query-input\":\"required name=search_term_string\"}],\"inLanguage\":\"de\"}]}<\/script>\n<!-- \/ Yoast SEO plugin. -->","yoast_head_json":{"title":"1000 Teile Erwachsenenpuzzle Landschaften bei Tag - Gent, Belgien","description":"1000 Teile Erwachsenenpuzzle Landschaften bei Tag - Gent, Belgien","robots":{"index":"index","follow":"follow","max-snippet":"max-snippet:-1","max-image-preview":"max-image-preview:large","max-video-preview":"max-video-preview:-1"},"canonical":"https:\/\/business.roovi.com\/de\/1000-teile-erwachsenenpuzzle-landschaften-bei-tag-gent-belgien\/p\/","og_locale":"de_DE","og_type":"article","og_title":"1000 Teile Erwachsenenpuzzle Landschaften bei Tag - Gent, Belgien","og_description":"1000 Teile Erwachsenenpuzzle Landschaften bei Tag - Gent, Belgien","og_url":"https:\/\/business.roovi.com\/de\/1000-teile-erwachsenenpuzzle-landschaften-bei-tag-gent-belgien\/p\/","og_site_name":"Roovi B2B","article_publisher":"https:\/\/www.facebook.com\/wwwjucariero","article_modified_time":"2022-07-06T17:04:49+00:00","og_image":[{"width":1200,"height":1200,"url":"https:\/\/business.roovi.com\/wp-content\/uploads\/2018\/04\/62154-08_ansamblu_dimensiuni_cutie_cm_orizontal.png","type":"image\/png"}],"twitter_misc":{"Gesch\u00e4tzte Lesezeit":"3\u00a0Minuten"},"schema":{"@context":"https:\/\/schema.org","@graph":[{"@type":"WebPage","@id":"https:\/\/business.roovi.com\/de\/1000-teile-erwachsenenpuzzle-landschaften-bei-tag-gent-belgien\/p\/","url":"https:\/\/business.roovi.com\/de\/1000-teile-erwachsenenpuzzle-landschaften-bei-tag-gent-belgien\/p\/","name":"1000 Teile Erwachsenenpuzzle Landschaften bei Tag - Gent, Belgien","isPartOf":{"@id":"https:\/\/business.roovi.com\/de\/#website"},"datePublished":"2018-04-16T10:56:17+00:00","dateModified":"2022-07-06T17:04:49+00:00","description":"1000 Teile Erwachsenenpuzzle Landschaften bei Tag - Gent, Belgien","breadcrumb":{"@id":"https:\/\/business.roovi.com\/de\/1000-teile-erwachsenenpuzzle-landschaften-bei-tag-gent-belgien\/p\/#breadcrumb"},"inLanguage":"de","potentialAction":[{"@type":"ReadAction","target":["https:\/\/business.roovi.com\/de\/1000-teile-erwachsenenpuzzle-landschaften-bei-tag-gent-belgien\/p\/"]}]},{"@type":"BreadcrumbList","@id":"https:\/\/business.roovi.com\/de\/1000-teile-erwachsenenpuzzle-landschaften-bei-tag-gent-belgien\/p\/#breadcrumb","itemListElement":[{"@type":"ListItem","position":1,"name":"Home","item":"https:\/\/business.roovi.com\/de\/"},{"@type":"ListItem","position":2,"name":"Shop","item":"https:\/\/business.roovi.com\/de\/shop\/"},{"@type":"ListItem","position":3,"name":"1000 Teile Erwachsenenpuzzle Landschaften bei Tag &#8211; Gent, Belgien"}]},{"@type":"WebSite","@id":"https:\/\/business.roovi.com\/de\/#website","url":"https:\/\/business.roovi.com\/de\/","name":"Roovi B2B","description":"Roovi Business Website","potentialAction":[{"@type":"SearchAction","target":{"@type":"EntryPoint","urlTemplate":"https:\/\/business.roovi.com\/de\/?s={search_term_string}"},"query-input":"required name=search_term_string"}],"inLanguage":"de"}]}},"_links":{"self":[{"href":"https:\/\/business.roovi.com\/de\/wp-json\/wp\/v2\/product\/41462","targetHints":{"allow":["GET"]}}],"collection":[{"href":"https:\/\/business.roovi.com\/de\/wp-json\/wp\/v2\/product"}],"about":[{"href":"https:\/\/business.roovi.com\/de\/wp-json\/wp\/v2\/types\/product"}],"version-history":[{"count":0,"href":"https:\/\/business.roovi.com\/de\/wp-json\/wp\/v2\/product\/41462\/revisions"}],"wp:featuredmedia":[{"embeddable":true,"href":"https:\/\/business.roovi.com\/de\/wp-json\/wp\/v2\/media\/33985"}],"wp:attachment":[{"href":"https:\/\/business.roovi.com\/de\/wp-json\/wp\/v2\/media?parent=41462"}],"wp:term":[{"taxonomy":"product_brand","embeddable":true,"href":"https:\/\/business.roovi.com\/de\/wp-json\/wp\/v2\/product_brand?post=41462"},{"taxonomy":"product_cat","embeddable":true,"href":"https:\/\/business.roovi.com\/de\/wp-json\/wp\/v2\/product_cat?post=41462"},{"taxonomy":"product_tag","embeddable":true,"href":"https:\/\/business.roovi.com\/de\/wp-json\/wp\/v2\/product_tag?post=41462"}],"curies":[{"name":"wp","href":"https:\/\/api.w.org\/{rel}","templated":true}]}}