{"id":41482,"date":"2018-04-16T10:56:17","date_gmt":"2018-04-16T10:56:17","guid":{"rendered":"https:\/\/business.roovi.com\/puzzle-adulti-1000-piese-cal-sur\/p\/"},"modified":"2022-10-25T12:06:40","modified_gmt":"2022-10-25T12:06:40","slug":"puzzle-fur-erwachsene-1000-teile-cal-sur","status":"publish","type":"product","link":"https:\/\/business.roovi.com\/de\/puzzle-fur-erwachsene-1000-teile-cal-sur\/p\/","title":{"rendered":"Puzzle f\u00fcr Erwachsene 1000 Teile Cal sur"},"content":{"rendered":"<p><strong><em>In den 1000 Teilen des Cal sur Puzzles findest du ein Bild, das dir ein Gef\u00fchl von unendlicher Freiheit vermittelt. Lege St\u00fcck f\u00fcr St\u00fcck und bewundere das faszinierende Bild, wann immer du das Bed\u00fcrfnis hast, dem Alltag zu entfliehen.<\/em><\/strong><\/p>\n<p><span style=\"font-weight: 400;\">Als Zugtiere, f\u00fcr den Transport, f\u00fcr Vergn\u00fcgungsfahrten, im Krieg und in j\u00fcngster Zeit auch in der Therapie von Krankheiten und S\u00fcchten sind Pferde seit Jahrtausenden die treuen Partner des Menschen.<\/span><\/p>\n<p><span style=\"font-weight: 400;\">Das 1000-teilige Puzzle Cal sur stellt ein edles Tier dar, das die Freiheit in der Wildnis genie\u00dft. Egal, ob du von diesem schlauen Tier fasziniert bist oder deine Freizeit kreativ verbringen willst, das 1000-teilige S\u00fcdpferd-Puzzle ist genau das Richtige f\u00fcr dich.<\/span><\/p>\n<p><span style=\"font-weight: 400;\">Die 1000 Puzzleteile sind pr\u00e4zise geschnitten und passen perfekt zusammen, sodass du ein wundersch\u00f6nes Bild erh\u00e4ltst, das du anschlie\u00dfend einrahmen kannst. Er verleiht jedem tristen Ort, an dem du ihn aufstellst, einen stilvollen Look.<\/span><\/p>\n<p><strong>Warum solltest du dich f\u00fcr das 1000-teilige Cal sur-Puzzle entscheiden?<\/strong><\/p>\n<p><span style=\"font-weight: 400;\">Es ist eine entspannende Art, deine Freizeit zu verbringen.<\/span><\/p>\n<p><span style=\"font-weight: 400;\">Das gibt dir ein gutes Gef\u00fchl und stimmt dich optimistisch <\/span><\/p>\n<p><span style=\"font-weight: 400;\">Du erh\u00e4ltst ein 68 x 47 cm gro\u00dfes Gem\u00e4lde, das sich in ein tolles Dekorationsst\u00fcck verwandelt.<\/span><\/p>\n<p><span style=\"font-weight: 400;\">Er ist aus hochwertigem blauen Karton hergestellt, was ihn auf Dauer haltbar macht <\/span><\/p>\n<p><span style=\"font-weight: 400;\">Es ist umweltfreundlich, da es aus recycelbaren und nachhaltigen Materialien hergestellt wird.<\/span><\/p>\n<p><span style=\"font-weight: 400;\">Die Oberfl\u00e4che ist halbgl\u00e4nzend, in angenehmen Farben, die die Klarheit des Bildes hervorheben.<\/span><\/p>\n<p><span style=\"font-weight: 400;\">Es ist f\u00fcr Jugendliche ab 14 Jahren geeignet, eine Gelegenheit, die Freizeit mit Teenagern zu verbringen.<\/span><\/p>\n<p><strong>Wusstest du schon&#8230;?<\/strong><\/p>\n<p><span style=\"font-weight: 400;\">Es gibt heute etwa 600 Pferderassen auf der Welt.<\/span><\/p>\n<p><span style=\"font-weight: 400;\">Das langlebigste Pferd der Welt ist 62 Jahre alt geworden. Im Allgemeinen lebt ein Pferd zwischen 25 und 30 Jahren.<\/span><\/p>\n<p><span style=\"font-weight: 400;\">Pferde k\u00f6nnen auch im Stehen schlafen <\/span><\/p>\n<p><span style=\"font-weight: 400;\">M\u00e4nnchen haben mehr Z\u00e4hne als Weibchen. In der Regel hat ein Pferd 40 Z\u00e4hne und eine H\u00fcndin 36.<\/span><\/p>\n<p><span style=\"font-weight: 400;\">Im Feng Shui symbolisiert das Pferd Erfolg und materiellen Reichtum <\/span><\/p>\n<p><strong>5 F\u00e4higkeiten, die du durch Puzzlespiele entwickelst<\/strong><\/p>\n<ul>\n<li><span style=\"font-weight: 400;\">Skill<\/span><\/li>\n<li><span style=\"font-weight: 400;\">Liebe zum Detail<\/span><\/li>\n<li><span style=\"font-weight: 400;\">Logisches Denken<\/span><\/li>\n<li><span style=\"font-weight: 400;\">Kreativit\u00e4t<\/span><\/li>\n<li><span style=\"font-weight: 400;\">Probleml\u00f6sungsf\u00e4higkeiten.<\/span><\/li>\n<\/ul>\n<p><span style=\"font-weight: 400;\">Das 1000-teilige Cal sur Puzzle ist ein Puzzlespiel, das du mit den Kindern an tr\u00fcben Tagen zusammensetzen kannst, wenn das schlechte Wetter euch im Haus h\u00e4lt. Kinder werden von diesem wundersch\u00f6nen Bild fasziniert sein. F\u00fcge ein paar einzigartige Informationen \u00fcber diese edlen Tiere hinzu und schon hast du eine kreative und lehrreiche Aktivit\u00e4t f\u00fcr gro\u00dfe und kleine Menschen<\/span><span style=\"font-weight: 400;\">i.<\/span><\/p>\n<p><span style=\"font-weight: 400;\">Du brauchst eine tolle Geschenkidee? Das 1000-teilige South Cal-Puzzle ist das ideale Geschenk f\u00fcr die Feiertage oder f\u00fcr Jubil\u00e4en.<\/span><\/p>\n","protected":false},"excerpt":{"rendered":"<p>In den 1000 Teilen des Cal sur Puzzles findest du ein Bild, das dir ein Gef\u00fchl von unendlicher Freiheit vermittelt.<\/p>\n","protected":false},"featured_media":60057,"template":"","meta":[],"product_brand":[],"product_cat":[1916,1875,1915],"product_tag":[],"class_list":{"0":"post-41482","1":"product","2":"type-product","3":"status-publish","4":"has-post-thumbnail","6":"product_cat-1000-teile-puzzle","7":"product_cat-puzzle-de","8":"product_cat-puzzlespiele-fur-erwachsene","9":"pa_bax-10-de","10":"pa_brand-d_toys-de","11":"pa_country_of_manufacture-ro-de","12":"pa_filter_age-14-de","13":"pa_painter-pferde","14":"pa_tip_ambalaj-kasten-a4-de","15":"pa_tip_puzzle-klassisch","17":"first","18":"instock","19":"taxable","20":"shipping-taxable","21":"product-type-simple"},"yoast_head":"<!-- This site is optimized with the Yoast SEO plugin v20.1 - https:\/\/yoast.com\/wordpress\/plugins\/seo\/ -->\n<title>Puzzle f\u00fcr Erwachsene 1000 Teile Cal sur<\/title>\n<meta name=\"description\" content=\"Puzzle f\u00fcr Erwachsene 1000 Teile Cal sur\" \/>\n<meta name=\"robots\" content=\"index, follow, max-snippet:-1, max-image-preview:large, max-video-preview:-1\" \/>\n<link rel=\"canonical\" href=\"https:\/\/business.roovi.com\/de\/puzzle-fur-erwachsene-1000-teile-cal-sur\/p\/\" \/>\n<meta property=\"og:locale\" content=\"de_DE\" \/>\n<meta property=\"og:type\" content=\"article\" \/>\n<meta property=\"og:title\" content=\"Puzzle f\u00fcr Erwachsene 1000 Teile Cal sur\" \/>\n<meta property=\"og:description\" content=\"Puzzle f\u00fcr Erwachsene 1000 Teile Cal sur\" \/>\n<meta property=\"og:url\" content=\"https:\/\/business.roovi.com\/de\/puzzle-fur-erwachsene-1000-teile-cal-sur\/p\/\" \/>\n<meta property=\"og:site_name\" content=\"Roovi B2B\" \/>\n<meta property=\"article:publisher\" content=\"https:\/\/www.facebook.com\/wwwjucariero\" \/>\n<meta property=\"article:modified_time\" content=\"2022-10-25T12:06:40+00:00\" \/>\n<meta property=\"og:image\" content=\"https:\/\/business.roovi.com\/wp-content\/uploads\/2018\/04\/65988-02-Ansamblu_dimensiuni-cutie-cm_vertical-3.png\" \/>\n\t<meta property=\"og:image:width\" content=\"1200\" \/>\n\t<meta property=\"og:image:height\" content=\"1200\" \/>\n\t<meta property=\"og:image:type\" content=\"image\/png\" \/>\n<meta name=\"twitter:label1\" content=\"Gesch\u00e4tzte Lesezeit\" \/>\n\t<meta name=\"twitter:data1\" content=\"3\u00a0Minuten\" \/>\n<script type=\"application\/ld+json\" class=\"yoast-schema-graph\">{\"@context\":\"https:\/\/schema.org\",\"@graph\":[{\"@type\":\"WebPage\",\"@id\":\"https:\/\/business.roovi.com\/de\/puzzle-fur-erwachsene-1000-teile-cal-sur\/p\/\",\"url\":\"https:\/\/business.roovi.com\/de\/puzzle-fur-erwachsene-1000-teile-cal-sur\/p\/\",\"name\":\"Puzzle f\u00fcr Erwachsene 1000 Teile Cal sur\",\"isPartOf\":{\"@id\":\"https:\/\/business.roovi.com\/de\/#website\"},\"datePublished\":\"2018-04-16T10:56:17+00:00\",\"dateModified\":\"2022-10-25T12:06:40+00:00\",\"description\":\"Puzzle f\u00fcr Erwachsene 1000 Teile Cal sur\",\"breadcrumb\":{\"@id\":\"https:\/\/business.roovi.com\/de\/puzzle-fur-erwachsene-1000-teile-cal-sur\/p\/#breadcrumb\"},\"inLanguage\":\"de\",\"potentialAction\":[{\"@type\":\"ReadAction\",\"target\":[\"https:\/\/business.roovi.com\/de\/puzzle-fur-erwachsene-1000-teile-cal-sur\/p\/\"]}]},{\"@type\":\"BreadcrumbList\",\"@id\":\"https:\/\/business.roovi.com\/de\/puzzle-fur-erwachsene-1000-teile-cal-sur\/p\/#breadcrumb\",\"itemListElement\":[{\"@type\":\"ListItem\",\"position\":1,\"name\":\"Home\",\"item\":\"https:\/\/business.roovi.com\/de\/\"},{\"@type\":\"ListItem\",\"position\":2,\"name\":\"Shop\",\"item\":\"https:\/\/business.roovi.com\/de\/shop\/\"},{\"@type\":\"ListItem\",\"position\":3,\"name\":\"Puzzle f\u00fcr Erwachsene 1000 Teile Cal sur\"}]},{\"@type\":\"WebSite\",\"@id\":\"https:\/\/business.roovi.com\/de\/#website\",\"url\":\"https:\/\/business.roovi.com\/de\/\",\"name\":\"Roovi B2B\",\"description\":\"Roovi Business Website\",\"potentialAction\":[{\"@type\":\"SearchAction\",\"target\":{\"@type\":\"EntryPoint\",\"urlTemplate\":\"https:\/\/business.roovi.com\/de\/?s={search_term_string}\"},\"query-input\":\"required name=search_term_string\"}],\"inLanguage\":\"de\"}]}<\/script>\n<!-- \/ Yoast SEO plugin. -->","yoast_head_json":{"title":"Puzzle f\u00fcr Erwachsene 1000 Teile Cal sur","description":"Puzzle f\u00fcr Erwachsene 1000 Teile Cal sur","robots":{"index":"index","follow":"follow","max-snippet":"max-snippet:-1","max-image-preview":"max-image-preview:large","max-video-preview":"max-video-preview:-1"},"canonical":"https:\/\/business.roovi.com\/de\/puzzle-fur-erwachsene-1000-teile-cal-sur\/p\/","og_locale":"de_DE","og_type":"article","og_title":"Puzzle f\u00fcr Erwachsene 1000 Teile Cal sur","og_description":"Puzzle f\u00fcr Erwachsene 1000 Teile Cal sur","og_url":"https:\/\/business.roovi.com\/de\/puzzle-fur-erwachsene-1000-teile-cal-sur\/p\/","og_site_name":"Roovi B2B","article_publisher":"https:\/\/www.facebook.com\/wwwjucariero","article_modified_time":"2022-10-25T12:06:40+00:00","og_image":[{"width":1200,"height":1200,"url":"https:\/\/business.roovi.com\/wp-content\/uploads\/2018\/04\/65988-02-Ansamblu_dimensiuni-cutie-cm_vertical-3.png","type":"image\/png"}],"twitter_misc":{"Gesch\u00e4tzte Lesezeit":"3\u00a0Minuten"},"schema":{"@context":"https:\/\/schema.org","@graph":[{"@type":"WebPage","@id":"https:\/\/business.roovi.com\/de\/puzzle-fur-erwachsene-1000-teile-cal-sur\/p\/","url":"https:\/\/business.roovi.com\/de\/puzzle-fur-erwachsene-1000-teile-cal-sur\/p\/","name":"Puzzle f\u00fcr Erwachsene 1000 Teile Cal sur","isPartOf":{"@id":"https:\/\/business.roovi.com\/de\/#website"},"datePublished":"2018-04-16T10:56:17+00:00","dateModified":"2022-10-25T12:06:40+00:00","description":"Puzzle f\u00fcr Erwachsene 1000 Teile Cal sur","breadcrumb":{"@id":"https:\/\/business.roovi.com\/de\/puzzle-fur-erwachsene-1000-teile-cal-sur\/p\/#breadcrumb"},"inLanguage":"de","potentialAction":[{"@type":"ReadAction","target":["https:\/\/business.roovi.com\/de\/puzzle-fur-erwachsene-1000-teile-cal-sur\/p\/"]}]},{"@type":"BreadcrumbList","@id":"https:\/\/business.roovi.com\/de\/puzzle-fur-erwachsene-1000-teile-cal-sur\/p\/#breadcrumb","itemListElement":[{"@type":"ListItem","position":1,"name":"Home","item":"https:\/\/business.roovi.com\/de\/"},{"@type":"ListItem","position":2,"name":"Shop","item":"https:\/\/business.roovi.com\/de\/shop\/"},{"@type":"ListItem","position":3,"name":"Puzzle f\u00fcr Erwachsene 1000 Teile Cal sur"}]},{"@type":"WebSite","@id":"https:\/\/business.roovi.com\/de\/#website","url":"https:\/\/business.roovi.com\/de\/","name":"Roovi B2B","description":"Roovi Business Website","potentialAction":[{"@type":"SearchAction","target":{"@type":"EntryPoint","urlTemplate":"https:\/\/business.roovi.com\/de\/?s={search_term_string}"},"query-input":"required name=search_term_string"}],"inLanguage":"de"}]}},"_links":{"self":[{"href":"https:\/\/business.roovi.com\/de\/wp-json\/wp\/v2\/product\/41482","targetHints":{"allow":["GET"]}}],"collection":[{"href":"https:\/\/business.roovi.com\/de\/wp-json\/wp\/v2\/product"}],"about":[{"href":"https:\/\/business.roovi.com\/de\/wp-json\/wp\/v2\/types\/product"}],"version-history":[{"count":0,"href":"https:\/\/business.roovi.com\/de\/wp-json\/wp\/v2\/product\/41482\/revisions"}],"wp:featuredmedia":[{"embeddable":true,"href":"https:\/\/business.roovi.com\/de\/wp-json\/wp\/v2\/media\/60057"}],"wp:attachment":[{"href":"https:\/\/business.roovi.com\/de\/wp-json\/wp\/v2\/media?parent=41482"}],"wp:term":[{"taxonomy":"product_brand","embeddable":true,"href":"https:\/\/business.roovi.com\/de\/wp-json\/wp\/v2\/product_brand?post=41482"},{"taxonomy":"product_cat","embeddable":true,"href":"https:\/\/business.roovi.com\/de\/wp-json\/wp\/v2\/product_cat?post=41482"},{"taxonomy":"product_tag","embeddable":true,"href":"https:\/\/business.roovi.com\/de\/wp-json\/wp\/v2\/product_tag?post=41482"}],"curies":[{"name":"wp","href":"https:\/\/api.w.org\/{rel}","templated":true}]}}