{"id":41494,"date":"2018-04-16T10:56:17","date_gmt":"2018-04-16T10:56:17","guid":{"rendered":"https:\/\/business.roovi.com\/puzzle-adulti-1000-piese-edgar-degas-the-ballet-class\/p\/"},"modified":"2022-07-06T17:14:17","modified_gmt":"2022-07-06T17:14:17","slug":"1000-teile-puzzle-fur-erwachsene-edgar-degas-die-ballettklasse","status":"publish","type":"product","link":"https:\/\/business.roovi.com\/de\/1000-teile-puzzle-fur-erwachsene-edgar-degas-die-ballettklasse\/p\/","title":{"rendered":"1000-Teile-Puzzle f\u00fcr Erwachsene Edgar Degas &#8211; Die Ballettklasse"},"content":{"rendered":"<p><strong><em>Fasziniert von den Gem\u00e4lden von Da Vinci, Botticelli oder Van Gogh? Entdecke Bilder der ber\u00fchmtesten Gem\u00e4lde aller Zeiten in der gr\u00f6\u00dften Auswahl an Kunstr\u00e4tseln, die in Rum\u00e4nien hergestellt werden <\/em><\/strong><\/p>\n<p><span style=\"font-weight: 400\">Das 1000-Teile-Puzzle Edgar Degas &#8211; The Ballet Class zeigt das Bild des gleichnamigen Gem\u00e4ldes des franz\u00f6sischen Malers, der f\u00fcr seine Kunst, Ballerinas zu malen, bekannt ist <\/span><\/p>\n<p><span style=\"font-weight: 400\">Edgar Degas besuchte die Pariser Oper, um die Auff\u00fchrungen zu sehen und, was noch wichtiger war, um das harte Training der zierlichen Ballerinen zu beobachten. Alle seine Werke mit Ballerinen im Zentrum des k\u00fcnstlerischen Universums zeichnen sich durch Anmut und Harmonie aus.<\/span><\/p>\n<p><span style=\"font-weight: 400\">Degas geht es nicht um Erotik, sondern um die Darstellung der Harmonie des weiblichen K\u00f6rpers in Bewegung. Er wurde ber\u00fchmt f\u00fcr die Spontaneit\u00e4t und den Schwung seiner Werke. Bei allen Bildern scheint es, als wollte der K\u00fcnstler jede Haltung und Geste, jede Nuance der Bewegung bei der Auff\u00fchrung auf der B\u00fchne oder bei der Generalprobe einfangen <\/span><\/p>\n<p><span style=\"font-weight: 400\">Wenn die Dynamik und die Harmonie der Farben in Degas&#8216; Gem\u00e4lden dein Interesse wecken, dann ist das 1000-teilige Puzzle The Ballet Class ein absolutes Muss f\u00fcr dich. Schl\u00fcpfe in die Rolle des K\u00fcnstlers und erschaffe ein lang ersehntes k\u00fcnstlerisches Meisterwerk aus 1000 Puzzleteilen.<\/span><\/p>\n<p><strong>Mit 1000 Teilen Puzzle Edgar Degas &#8211; Die Ballettklasse<\/strong><\/p>\n<p><strong>Gr\u00f6\u00dfe des rekonstruierten Bildes: 68 x 47 cm<\/strong><\/p>\n<p><strong>Puzzle-Material <\/strong><\/p>\n<p><strong>hochwertiger blauer Karton<\/strong><\/p>\n<p><strong>nachhaltige, recycelbare Materialien<\/strong><\/p>\n<p><strong>halbgl\u00e4nzende Oberfl\u00e4che, leuchtende Farben<\/strong><\/p>\n<p><strong>Anzahl der Puzzleteile: 1000<\/strong><\/p>\n<p><strong>Empfohlenes Alter: 14+<\/strong><\/p>\n<p><span style=\"font-weight: 400\">Puzzlespiele entwickeln viele F\u00e4higkeiten, die auf vielen Ebenen zum Tragen kommen:<\/span><\/p>\n<ul>\n<li><span style=\"font-weight: 400\">Sie helfen dir, geduldig und ausdauernd zu werden, wenn du gro\u00dfe Ziele erreichen willst.<\/span><\/li>\n<li><span style=\"font-weight: 400\">Es trainiert deinen Geist und h\u00e4lt dein Ged\u00e4chtnis scharf.<\/span><\/li>\n<li><span style=\"font-weight: 400\">Es entwickelt deine F\u00e4higkeit, Probleme zu l\u00f6sen und mit Druck in stressigen Situationen umzugehen.<\/span><\/li>\n<li><span style=\"font-weight: 400\">Hilft dir in jedem Alter, deine Beweglichkeit, Geschicklichkeit und Koordination zu erhalten.<\/span><\/li>\n<li><span style=\"font-weight: 400\">Sie regen die Dopaminaussch\u00fcttung an und geben dir so ein Gef\u00fchl von Gl\u00fcck, Optimismus und Selbstvertrauen.<\/span><\/li>\n<\/ul>\n<p><strong>Wusstest du, dass&#8230;?<\/strong><\/p>\n<p><span style=\"font-weight: 400\">Alle Gem\u00e4lde von Degas sind im Atelier des K\u00fcnstlers entstanden, obwohl sie dynamische Szenen von Proben oder Auff\u00fchrungen detailliert darstellen.<\/span><\/p>\n<p><span style=\"font-weight: 400\">Im Alter von 36 Jahren beginnt der Maler, Probleme mit seinem Augenlicht zu haben. Sie verschlechtert sich mit der Zeit und am Ende seines Lebens ist Degas fast blind.<\/span><\/p>\n<p><span style=\"font-weight: 400\">Degas war von Ballerinen fasziniert und schuf rund 1500 Gem\u00e4lde, in denen diese T\u00e4nzerinnen das zentrale Thema waren.<\/span><\/p>\n<p><span style=\"font-weight: 400\">\u00dcber 40 Jahre lang verband Edgar Degas eine besondere Freundschaft mit der Malerin Mary Cassat.<\/span><\/p>\n<p><span style=\"font-weight: 400\">Der Maler war auch ein begeisterter Kunstsammler. Seine Privatsammlung umfasste 1917 viele wertvolle Werke von Ingres, Delacroix, Monet, Cezanne, Gauguin, Van Gogh und vielen anderen <\/span><\/p>\n<p><strong>Warum ein 1000-teiliges Puzzle aus der Kunstpuzzle-Kollektion w\u00e4hlen?<\/strong><\/p>\n<p><span style=\"font-weight: 400\">Ein Kunstpuzzle ist mehr als nur eine entspannende Aktivit\u00e4t, es bietet dir viele Vorteile, wie zum Beispiel:<\/span><\/p>\n<p><span style=\"font-weight: 400\">Es kultiviert deinen \u00e4sthetischen Geschmack <\/span><\/p>\n<p><span style=\"font-weight: 400\">Es entwickelt deine Vorstellungskraft.<\/span><\/p>\n<p><span style=\"font-weight: 400\">Es weckt deine Neugierde und den Wunsch, die Kunst in der Tiefe kennenzulernen.<\/span><\/p>\n<p><span style=\"font-weight: 400\">Es ist eine tolle M\u00f6glichkeit, deine Puzzlef\u00e4higkeiten zu entwickeln.<\/span><\/p>\n<p><span style=\"font-weight: 400\">Es ist eine tolle Gelegenheit, ein k\u00fcnstlerisches Meisterwerk nachzustellen und selbst die feinsten Details eines ber\u00fchmten Gem\u00e4ldes zu bewundern.<\/span><\/p>\n<p><span style=\"font-weight: 400\">Du bekommst ein Originalgem\u00e4lde, eine fast perfekte Kopie eines ber\u00fchmten Gem\u00e4ldes, mit dem du dein Zuhause schm\u00fccken kannst.<\/span><\/p>\n<p><span style=\"font-weight: 400\">Entscheide dich also f\u00fcr das 1000-Teile-Puzzle Edgar Degas &#8211; The Ballet Class und genie\u00dfe alle Vorteile, die das Puzzlespiel zu bieten hat. Wenn du einen erwachsenen R\u00e4tselfreund \u00fcberraschen willst, kannst du ihm dieses faszinierende Kunstpuzzle schenken.<\/span><\/p><\/p>\n","protected":false},"excerpt":{"rendered":"<p>Fasziniert von den Gem\u00e4lden von Da Vinci, Botticelli oder Van Gogh? Entdecke Bilder der ber\u00fchmtesten Gem\u00e4lde aller Zeiten in der<\/p>\n","protected":false},"featured_media":63472,"template":"","meta":[],"product_brand":[],"product_cat":[1916,1875,1915],"product_tag":[],"class_list":{"0":"post-41494","1":"product","2":"type-product","3":"status-publish","4":"has-post-thumbnail","6":"product_cat-1000-teile-puzzle","7":"product_cat-puzzle-de","8":"product_cat-puzzlespiele-fur-erwachsene","9":"pa_bax-10-de","10":"pa_brand-d_toys-de","11":"pa_country_of_manufacture-ro-de","12":"pa_filter_age-14-de","13":"pa_painter-edgardegas-de","14":"pa_tip_ambalaj-kasten-a4-de","15":"pa_tip_puzzle-klassisch","17":"first","18":"instock","19":"taxable","20":"shipping-taxable","21":"product-type-simple"},"yoast_head":"<!-- This site is optimized with the Yoast SEO plugin v20.1 - https:\/\/yoast.com\/wordpress\/plugins\/seo\/ -->\n<title>1000-Teile-Puzzle f\u00fcr Erwachsene Edgar Degas - Die Ballettklasse<\/title>\n<meta name=\"description\" content=\"1000-Teile-Puzzle f\u00fcr Erwachsene Edgar Degas - Die Ballettklasse\" \/>\n<meta name=\"robots\" content=\"index, follow, max-snippet:-1, max-image-preview:large, max-video-preview:-1\" \/>\n<link rel=\"canonical\" href=\"https:\/\/business.roovi.com\/de\/1000-teile-puzzle-fur-erwachsene-edgar-degas-die-ballettklasse\/p\/\" \/>\n<meta property=\"og:locale\" content=\"de_DE\" \/>\n<meta property=\"og:type\" content=\"article\" \/>\n<meta property=\"og:title\" content=\"1000-Teile-Puzzle f\u00fcr Erwachsene Edgar Degas - Die Ballettklasse\" \/>\n<meta property=\"og:description\" content=\"1000-Teile-Puzzle f\u00fcr Erwachsene Edgar Degas - Die Ballettklasse\" \/>\n<meta property=\"og:url\" content=\"https:\/\/business.roovi.com\/de\/1000-teile-puzzle-fur-erwachsene-edgar-degas-die-ballettklasse\/p\/\" \/>\n<meta property=\"og:site_name\" content=\"Roovi B2B\" \/>\n<meta property=\"article:publisher\" content=\"https:\/\/www.facebook.com\/wwwjucariero\" \/>\n<meta property=\"article:modified_time\" content=\"2022-07-06T17:14:17+00:00\" \/>\n<meta property=\"og:image\" content=\"https:\/\/business.roovi.com\/wp-content\/uploads\/2018\/04\/72801-02_ansamblu_dimensiuni_cutie_cm_orizontal.png\" \/>\n\t<meta property=\"og:image:width\" content=\"1200\" \/>\n\t<meta property=\"og:image:height\" content=\"1200\" \/>\n\t<meta property=\"og:image:type\" content=\"image\/png\" \/>\n<meta name=\"twitter:label1\" content=\"Gesch\u00e4tzte Lesezeit\" \/>\n\t<meta name=\"twitter:data1\" content=\"3\u00a0Minuten\" \/>\n<script type=\"application\/ld+json\" class=\"yoast-schema-graph\">{\"@context\":\"https:\/\/schema.org\",\"@graph\":[{\"@type\":\"WebPage\",\"@id\":\"https:\/\/business.roovi.com\/de\/1000-teile-puzzle-fur-erwachsene-edgar-degas-die-ballettklasse\/p\/\",\"url\":\"https:\/\/business.roovi.com\/de\/1000-teile-puzzle-fur-erwachsene-edgar-degas-die-ballettklasse\/p\/\",\"name\":\"1000-Teile-Puzzle f\u00fcr Erwachsene Edgar Degas - Die Ballettklasse\",\"isPartOf\":{\"@id\":\"https:\/\/business.roovi.com\/de\/#website\"},\"datePublished\":\"2018-04-16T10:56:17+00:00\",\"dateModified\":\"2022-07-06T17:14:17+00:00\",\"description\":\"1000-Teile-Puzzle f\u00fcr Erwachsene Edgar Degas - Die Ballettklasse\",\"breadcrumb\":{\"@id\":\"https:\/\/business.roovi.com\/de\/1000-teile-puzzle-fur-erwachsene-edgar-degas-die-ballettklasse\/p\/#breadcrumb\"},\"inLanguage\":\"de\",\"potentialAction\":[{\"@type\":\"ReadAction\",\"target\":[\"https:\/\/business.roovi.com\/de\/1000-teile-puzzle-fur-erwachsene-edgar-degas-die-ballettklasse\/p\/\"]}]},{\"@type\":\"BreadcrumbList\",\"@id\":\"https:\/\/business.roovi.com\/de\/1000-teile-puzzle-fur-erwachsene-edgar-degas-die-ballettklasse\/p\/#breadcrumb\",\"itemListElement\":[{\"@type\":\"ListItem\",\"position\":1,\"name\":\"Home\",\"item\":\"https:\/\/business.roovi.com\/de\/\"},{\"@type\":\"ListItem\",\"position\":2,\"name\":\"Shop\",\"item\":\"https:\/\/business.roovi.com\/de\/shop\/\"},{\"@type\":\"ListItem\",\"position\":3,\"name\":\"1000-Teile-Puzzle f\u00fcr Erwachsene Edgar Degas &#8211; Die Ballettklasse\"}]},{\"@type\":\"WebSite\",\"@id\":\"https:\/\/business.roovi.com\/de\/#website\",\"url\":\"https:\/\/business.roovi.com\/de\/\",\"name\":\"Roovi B2B\",\"description\":\"Roovi Business Website\",\"potentialAction\":[{\"@type\":\"SearchAction\",\"target\":{\"@type\":\"EntryPoint\",\"urlTemplate\":\"https:\/\/business.roovi.com\/de\/?s={search_term_string}\"},\"query-input\":\"required name=search_term_string\"}],\"inLanguage\":\"de\"}]}<\/script>\n<!-- \/ Yoast SEO plugin. -->","yoast_head_json":{"title":"1000-Teile-Puzzle f\u00fcr Erwachsene Edgar Degas - Die Ballettklasse","description":"1000-Teile-Puzzle f\u00fcr Erwachsene Edgar Degas - Die Ballettklasse","robots":{"index":"index","follow":"follow","max-snippet":"max-snippet:-1","max-image-preview":"max-image-preview:large","max-video-preview":"max-video-preview:-1"},"canonical":"https:\/\/business.roovi.com\/de\/1000-teile-puzzle-fur-erwachsene-edgar-degas-die-ballettklasse\/p\/","og_locale":"de_DE","og_type":"article","og_title":"1000-Teile-Puzzle f\u00fcr Erwachsene Edgar Degas - Die Ballettklasse","og_description":"1000-Teile-Puzzle f\u00fcr Erwachsene Edgar Degas - Die Ballettklasse","og_url":"https:\/\/business.roovi.com\/de\/1000-teile-puzzle-fur-erwachsene-edgar-degas-die-ballettklasse\/p\/","og_site_name":"Roovi B2B","article_publisher":"https:\/\/www.facebook.com\/wwwjucariero","article_modified_time":"2022-07-06T17:14:17+00:00","og_image":[{"width":1200,"height":1200,"url":"https:\/\/business.roovi.com\/wp-content\/uploads\/2018\/04\/72801-02_ansamblu_dimensiuni_cutie_cm_orizontal.png","type":"image\/png"}],"twitter_misc":{"Gesch\u00e4tzte Lesezeit":"3\u00a0Minuten"},"schema":{"@context":"https:\/\/schema.org","@graph":[{"@type":"WebPage","@id":"https:\/\/business.roovi.com\/de\/1000-teile-puzzle-fur-erwachsene-edgar-degas-die-ballettklasse\/p\/","url":"https:\/\/business.roovi.com\/de\/1000-teile-puzzle-fur-erwachsene-edgar-degas-die-ballettklasse\/p\/","name":"1000-Teile-Puzzle f\u00fcr Erwachsene Edgar Degas - Die Ballettklasse","isPartOf":{"@id":"https:\/\/business.roovi.com\/de\/#website"},"datePublished":"2018-04-16T10:56:17+00:00","dateModified":"2022-07-06T17:14:17+00:00","description":"1000-Teile-Puzzle f\u00fcr Erwachsene Edgar Degas - Die Ballettklasse","breadcrumb":{"@id":"https:\/\/business.roovi.com\/de\/1000-teile-puzzle-fur-erwachsene-edgar-degas-die-ballettklasse\/p\/#breadcrumb"},"inLanguage":"de","potentialAction":[{"@type":"ReadAction","target":["https:\/\/business.roovi.com\/de\/1000-teile-puzzle-fur-erwachsene-edgar-degas-die-ballettklasse\/p\/"]}]},{"@type":"BreadcrumbList","@id":"https:\/\/business.roovi.com\/de\/1000-teile-puzzle-fur-erwachsene-edgar-degas-die-ballettklasse\/p\/#breadcrumb","itemListElement":[{"@type":"ListItem","position":1,"name":"Home","item":"https:\/\/business.roovi.com\/de\/"},{"@type":"ListItem","position":2,"name":"Shop","item":"https:\/\/business.roovi.com\/de\/shop\/"},{"@type":"ListItem","position":3,"name":"1000-Teile-Puzzle f\u00fcr Erwachsene Edgar Degas &#8211; Die Ballettklasse"}]},{"@type":"WebSite","@id":"https:\/\/business.roovi.com\/de\/#website","url":"https:\/\/business.roovi.com\/de\/","name":"Roovi B2B","description":"Roovi Business Website","potentialAction":[{"@type":"SearchAction","target":{"@type":"EntryPoint","urlTemplate":"https:\/\/business.roovi.com\/de\/?s={search_term_string}"},"query-input":"required name=search_term_string"}],"inLanguage":"de"}]}},"_links":{"self":[{"href":"https:\/\/business.roovi.com\/de\/wp-json\/wp\/v2\/product\/41494","targetHints":{"allow":["GET"]}}],"collection":[{"href":"https:\/\/business.roovi.com\/de\/wp-json\/wp\/v2\/product"}],"about":[{"href":"https:\/\/business.roovi.com\/de\/wp-json\/wp\/v2\/types\/product"}],"version-history":[{"count":0,"href":"https:\/\/business.roovi.com\/de\/wp-json\/wp\/v2\/product\/41494\/revisions"}],"wp:featuredmedia":[{"embeddable":true,"href":"https:\/\/business.roovi.com\/de\/wp-json\/wp\/v2\/media\/63472"}],"wp:attachment":[{"href":"https:\/\/business.roovi.com\/de\/wp-json\/wp\/v2\/media?parent=41494"}],"wp:term":[{"taxonomy":"product_brand","embeddable":true,"href":"https:\/\/business.roovi.com\/de\/wp-json\/wp\/v2\/product_brand?post=41494"},{"taxonomy":"product_cat","embeddable":true,"href":"https:\/\/business.roovi.com\/de\/wp-json\/wp\/v2\/product_cat?post=41494"},{"taxonomy":"product_tag","embeddable":true,"href":"https:\/\/business.roovi.com\/de\/wp-json\/wp\/v2\/product_tag?post=41494"}],"curies":[{"name":"wp","href":"https:\/\/api.w.org\/{rel}","templated":true}]}}