{"id":41506,"date":"2018-04-16T10:56:17","date_gmt":"2018-04-16T10:56:17","guid":{"rendered":"https:\/\/business.roovi.com\/puzzle-adulti-1000-piese-jean-leon-gerome-slave-auction\/p\/"},"modified":"2023-02-20T12:48:03","modified_gmt":"2023-02-20T12:48:03","slug":"jean-leon-gerome-1000-teiliges-puzzle-fur-erwachsene-sklavenauktion","status":"publish","type":"product","link":"https:\/\/business.roovi.com\/de\/jean-leon-gerome-1000-teiliges-puzzle-fur-erwachsene-sklavenauktion\/p\/","title":{"rendered":"Jean-L\u00e9on G\u00e9r\u00f4me 1000-teiliges Puzzle f\u00fcr Erwachsene &#8211; Sklavenauktion"},"content":{"rendered":"<p><span style=\"font-weight: 400; line-height: 14px; font-size: 14px;\">Magst du Kunstgem\u00e4lde und m\u00f6chtest du sie in aller Ruhe bewundern und selbst die feinsten Spuren des Pinsels des K\u00fcnstlers entdecken? Mit der neuen Sammlung von Kunstr\u00e4tseln kannst du deine eigenen Bilder von ber\u00fchmten Gem\u00e4lden erstellen und ihre Sch\u00f6nheit jeden Tag genie\u00dfen. W\u00e4hle jetzt deine 1000-teiligen Lieblingspuzzles aus dem gr\u00f6\u00dften Angebot an Kunstpuzzles in Rum\u00e4nien!<\/span><\/p>\n<p><span style=\"font-weight: 400; line-height: 14px; font-size: 14px;\">Jean-L\u00e9on G\u00e9r\u00f4me &#8211; Slave Auction 1000 Piece Puzzle gibt das Bild eines Gem\u00e4ldes wieder, das zu einem ikonischen Beispiel f\u00fcr die orientalische Kunst des 19. Du wirst dieses Bild vielleicht schockierend finden. Ein strenger H\u00e4ndler, der einem Publikum, das nach einem jungen K\u00f6rper giert, eine nackte Sklavin zeigt, ist nicht gerade ein gew\u00f6hnliches Bild. Aber sie spiegelt eine historische Realit\u00e4t wider, und der unverwechselbare Stil des K\u00fcnstlers, mit dem er die Szene darstellt, wird dich sicher faszinieren <\/span><\/p>\n<p><span style=\"font-weight: 400; line-height: 14px; font-size: 14px;\">Du willst ein 1000-Teile-Puzzle der besonderen Art? Hol dir dein Jean-L\u00e9on G\u00e9r\u00f4me &#8211; Sklavenauktion Kunstpuzzle und wir garantieren dir bis zu 30 Stunden, die du&#8230; anders verbringen kannst. Bearbeite das Bild neu und erhalte ein einzigartiges Gem\u00e4lde, ein Ausdruck eines originellen Kunstwerks. Das 1000-teilige Jean-L\u00e9on G\u00e9r\u00f4me &#8211; Sklavenauktion Puzzle ist aus hochwertigen Materialien hergestellt, die es widerstandsf\u00e4hig gegen mehrfachen Gebrauch machen.<\/span><\/p>\n<p><span style=\"font-weight: 400; line-height: 14px; font-size: 14px;\">Weitere Merkmale des Jean-L\u00e9on G\u00e9r\u00f4me &#8211; Sklavenauktion Kunstpuzzles:<\/span><\/p>\n<p><span style=\"line-height: 14px; font-size: 14px;\"><strong>Gr\u00f6\u00dfe des rekonstruierten Bildes: 50 x 70 cm <\/strong><span style=\"font-weight: 400;\">Du kannst einen gew\u00f6hnlichen Couchtisch verwenden, um das Gem\u00e4lde nachzustellen<\/span><\/span><\/p>\n<p><span style=\"line-height: 14px; font-size: 14px;\"><strong>Puzzle-Material <\/strong><\/span><\/p>\n<p><span style=\"line-height: 14px; font-size: 14px;\"><strong>hochwertiger blauer Karton<\/strong><\/span><\/p>\n<p><span style=\"line-height: 14px; font-size: 14px;\"><strong>nachhaltige, recycelbare Materialien<\/strong><\/span><\/p>\n<p><span style=\"line-height: 14px; font-size: 14px;\"><strong>halbgl\u00e4nzende Oberfl\u00e4che, leuchtende Farben<\/strong><\/span><\/p>\n<p><span style=\"line-height: 14px; font-size: 14px;\"><strong>Anzahl der Puzzleteile: 1000<\/strong><\/span><\/p>\n<p><span style=\"line-height: 14px; font-size: 14px;\"><strong>Empfohlenes Alter: 14+<\/strong><\/span><\/p>\n<p><span style=\"line-height: 14px; font-size: 14px;\"><strong>Puzzlespiele lehren dich, nicht aufzugeben, wenn alles unm\u00f6glich erscheint<\/strong><\/span><\/p>\n<p><span style=\"font-weight: 400; line-height: 14px; font-size: 14px;\">Puzzlespiele entspannen dich und bieten dir viele Stunden Spa\u00df und mehr! Au\u00dferdem trainiert es dein Durchhalteverm\u00f6gen. Egal wie schwer das 1000-Puzzle erscheint, es h\u00e4lt dich bei der Stange und du gibst nicht auf, bis das Bild vollst\u00e4ndig ist. Dies ist eine gro\u00dfartige \u00dcbung f\u00fcr alle schwierigen Situationen, aus denen du denkst, dass du nicht herauskommst oder bereit bist, aufzugeben, weil du keine L\u00f6sung finden kannst <\/span><\/p>\n<p><span style=\"line-height: 14px; font-size: 14px;\"><strong>Puzzlespiele bringen L\u00e4cheln und Gl\u00fcck<\/strong><\/span><\/p>\n<p><span style=\"font-weight: 400; line-height: 14px; font-size: 14px;\">&#8230; Und das nicht nur, weil du eine entspannende T\u00e4tigkeit aus\u00fcbst, sondern weil dein Gehirn mehr Dopamin aussch\u00fcttet, wenn du Puzzlespiele zusammensetzt. Dies ist ein Neurotransmitter, der f\u00fcr ein gutes Gef\u00fchl und Optimismus, aber auch f\u00fcr das Ged\u00e4chtnis oder Gl\u00fccksgef\u00fchle verantwortlich ist. Umso mehr Gr\u00fcnde gibt es, Puzzle-Spiele als Freizeitbesch\u00e4ftigung zu w\u00e4hlen!<\/span><\/p>\n<p><span style=\"line-height: 14px; font-size: 14px;\"><strong>Wer war Jean-L\u00e9on G\u00e9r\u00f4me?<\/strong><\/span><\/p>\n<p><span style=\"font-weight: 400; line-height: 14px; font-size: 14px;\">G\u00e9r\u00f4me war einer der brillantesten akademischen Maler.<\/span><\/p>\n<p><span style=\"line-height: 14px; font-size: 14px;\"><span style=\"font-weight: 400;\">Er war Professor an der <\/span><span style=\"font-weight: 400;\">\u00c9cole des Beaux-Arts und war ber\u00fchmt f\u00fcr die Strenge seiner Kritik an seinen Sch\u00fclern. Er bot ihnen aber auch au\u00dferhalb des Klassenzimmers Unterst\u00fctzung an, lud sie oft in sein Atelier ein und ermutigte sie, gr\u00fcndlich zu lernen.<\/span><\/span><\/p>\n<p><span style=\"line-height: 14px; font-size: 14px;\"><span style=\"font-weight: 400;\">Nach einem Besuch in \u00c4gypten, <\/span><span style=\"font-weight: 400;\">G\u00e9r\u00f4me sollte eine Reihe von Bildern malen, in denen orientalisches Dekor mit Darstellungen weiblicher Nacktheit kombiniert wird <\/span><em><span style=\"font-weight: 400;\">Sklavenauktion<\/span><\/em><span style=\"font-weight: 400;\"> ist einer von ihnen.<\/span><\/span><\/p>\n<p><span style=\"line-height: 14px; font-size: 14px;\"><span style=\"font-weight: 400;\">Eines der Bilder aus dieser Serie &#8211; <\/span><em><span style=\"font-weight: 400;\">Sklavenmarkt <\/span><\/em><span style=\"font-weight: 400;\">&#8211; wurde von der rechtspopulistischen deutschen Partei als Wahlkampfplakat f\u00fcr die Wahlen zum Europ\u00e4ischen Parlament 2019 verwendet.<\/span><\/span><\/p>\n<p><span style=\"font-weight: 400; line-height: 14px; font-size: 14px;\">Er war fasziniert von der technischen Virtuosit\u00e4t und extrem feindselig gegen\u00fcber impressionistischen Malern <\/span><\/p>\n<p><span style=\"font-weight: 400; line-height: 14px; font-size: 14px;\">Die letzten 25 Jahre seiner Karriere widmete er der Bildhauerei.<\/span><\/p>\n<p><span style=\"line-height: 14px; font-size: 14px;\"><strong>Kunstr\u00e4tsel: 3 Vorteile, die sie dir bieten<\/strong><\/span><\/p>\n<p><span style=\"font-weight: 400; line-height: 14px; font-size: 14px;\">1. Sie entwickeln deinen \u00e4sthetischen Sinn.<\/span><\/p>\n<p><span style=\"font-weight: 400; line-height: 14px; font-size: 14px;\">2. Sie helfen dir, die magische Welt von Kunstwerken und ber\u00fchmten Malern zu entdecken.<\/span><\/p>\n<p><span style=\"font-weight: 400; line-height: 14px; font-size: 14px;\">3. Es gibt dir die M\u00f6glichkeit, deine eigenen Kunstwerke aus 1000-teiligen Puzzles zu erstellen, mit denen du dein Zuhause dekorieren kannst.<\/span><\/p>\n<p><span style=\"font-weight: 400; line-height: 14px; font-size: 14px;\">Willst du ein paar tolle Kunstwerke sehen? Kaufe das Kunstpuzzle Jean-L\u00e9on G\u00e9r\u00f4me &#8211; Sklavenversteigerung und setze das Bild des ber\u00fchmten Gem\u00e4ldes zusammen. Nimm deine Familie oder Freunde an dieser entspannenden Aktivit\u00e4t teil und verbringt viele sch\u00f6ne Stunden zusammen.<\/span><\/p>\n<p><span style=\"font-weight: 400; line-height: 14px; font-size: 14px;\">\u00dcberrasche deine Freunde mit einem einzigartigen Geschenk! Schenke ihnen zum Geburtstag dieses wunderbare Jean-L\u00e9on G\u00e9r\u00f4me Puzzle f\u00fcr Erwachsene &#8211; Versteigerung von Sklaven aus unserer Sammlung von Kunstpuzzles.<\/span><\/p>\n","protected":false},"excerpt":{"rendered":"<p>Magst du Kunstgem\u00e4lde und m\u00f6chtest du sie in aller Ruhe bewundern und selbst die feinsten Spuren des Pinsels des K\u00fcnstlers<\/p>\n","protected":false},"featured_media":63343,"template":"","meta":[],"product_brand":[],"product_cat":[1916,1875,1915],"product_tag":[],"class_list":{"0":"post-41506","1":"product","2":"type-product","3":"status-publish","4":"has-post-thumbnail","6":"product_cat-1000-teile-puzzle","7":"product_cat-puzzle-de","8":"product_cat-puzzlespiele-fur-erwachsene","9":"pa_bax-10-de","10":"pa_brand-d_toys-de","11":"pa_country_of_manufacture-ro-de","12":"pa_filter_age-14-de","13":"pa_painter-jean-leon-gerome","15":"first","16":"instock","17":"taxable","18":"shipping-taxable","19":"product-type-simple"},"yoast_head":"<!-- This site is optimized with the Yoast SEO plugin v20.1 - https:\/\/yoast.com\/wordpress\/plugins\/seo\/ -->\n<title>Jean-L\u00e9on G\u00e9r\u00f4me 1000-teiliges Puzzle f\u00fcr Erwachsene - Sklavenauktion<\/title>\n<meta name=\"description\" content=\"Jean-L\u00e9on G\u00e9r\u00f4me 1000-teiliges Puzzle f\u00fcr Erwachsene - Sklavenauktion\" \/>\n<meta name=\"robots\" content=\"index, follow, max-snippet:-1, max-image-preview:large, max-video-preview:-1\" \/>\n<link rel=\"canonical\" href=\"https:\/\/business.roovi.com\/de\/jean-leon-gerome-1000-teiliges-puzzle-fur-erwachsene-sklavenauktion\/p\/\" \/>\n<meta property=\"og:locale\" content=\"de_DE\" \/>\n<meta property=\"og:type\" content=\"article\" \/>\n<meta property=\"og:title\" content=\"Jean-L\u00e9on G\u00e9r\u00f4me 1000-teiliges Puzzle f\u00fcr Erwachsene - Sklavenauktion\" \/>\n<meta property=\"og:description\" content=\"Jean-L\u00e9on G\u00e9r\u00f4me 1000-teiliges Puzzle f\u00fcr Erwachsene - Sklavenauktion\" \/>\n<meta property=\"og:url\" content=\"https:\/\/business.roovi.com\/de\/jean-leon-gerome-1000-teiliges-puzzle-fur-erwachsene-sklavenauktion\/p\/\" \/>\n<meta property=\"og:site_name\" content=\"Roovi B2B\" \/>\n<meta property=\"article:publisher\" content=\"https:\/\/www.facebook.com\/wwwjucariero\" \/>\n<meta property=\"article:modified_time\" content=\"2023-02-20T12:48:03+00:00\" \/>\n<meta property=\"og:image\" content=\"https:\/\/business.roovi.com\/wp-content\/uploads\/2018\/04\/72726-GE-01-WEB.jpg\" \/>\n\t<meta property=\"og:image:width\" content=\"1200\" \/>\n\t<meta property=\"og:image:height\" content=\"1200\" \/>\n\t<meta property=\"og:image:type\" content=\"image\/jpeg\" \/>\n<meta name=\"twitter:label1\" content=\"Gesch\u00e4tzte Lesezeit\" \/>\n\t<meta name=\"twitter:data1\" content=\"4\u00a0Minuten\" \/>\n<script type=\"application\/ld+json\" class=\"yoast-schema-graph\">{\"@context\":\"https:\/\/schema.org\",\"@graph\":[{\"@type\":\"WebPage\",\"@id\":\"https:\/\/business.roovi.com\/de\/jean-leon-gerome-1000-teiliges-puzzle-fur-erwachsene-sklavenauktion\/p\/\",\"url\":\"https:\/\/business.roovi.com\/de\/jean-leon-gerome-1000-teiliges-puzzle-fur-erwachsene-sklavenauktion\/p\/\",\"name\":\"Jean-L\u00e9on G\u00e9r\u00f4me 1000-teiliges Puzzle f\u00fcr Erwachsene - Sklavenauktion\",\"isPartOf\":{\"@id\":\"https:\/\/business.roovi.com\/de\/#website\"},\"datePublished\":\"2018-04-16T10:56:17+00:00\",\"dateModified\":\"2023-02-20T12:48:03+00:00\",\"description\":\"Jean-L\u00e9on G\u00e9r\u00f4me 1000-teiliges Puzzle f\u00fcr Erwachsene - Sklavenauktion\",\"breadcrumb\":{\"@id\":\"https:\/\/business.roovi.com\/de\/jean-leon-gerome-1000-teiliges-puzzle-fur-erwachsene-sklavenauktion\/p\/#breadcrumb\"},\"inLanguage\":\"de\",\"potentialAction\":[{\"@type\":\"ReadAction\",\"target\":[\"https:\/\/business.roovi.com\/de\/jean-leon-gerome-1000-teiliges-puzzle-fur-erwachsene-sklavenauktion\/p\/\"]}]},{\"@type\":\"BreadcrumbList\",\"@id\":\"https:\/\/business.roovi.com\/de\/jean-leon-gerome-1000-teiliges-puzzle-fur-erwachsene-sklavenauktion\/p\/#breadcrumb\",\"itemListElement\":[{\"@type\":\"ListItem\",\"position\":1,\"name\":\"Home\",\"item\":\"https:\/\/business.roovi.com\/de\/\"},{\"@type\":\"ListItem\",\"position\":2,\"name\":\"Shop\",\"item\":\"https:\/\/business.roovi.com\/de\/shop\/\"},{\"@type\":\"ListItem\",\"position\":3,\"name\":\"Jean-L\u00e9on G\u00e9r\u00f4me 1000-teiliges Puzzle f\u00fcr Erwachsene &#8211; Sklavenauktion\"}]},{\"@type\":\"WebSite\",\"@id\":\"https:\/\/business.roovi.com\/de\/#website\",\"url\":\"https:\/\/business.roovi.com\/de\/\",\"name\":\"Roovi B2B\",\"description\":\"Roovi Business Website\",\"potentialAction\":[{\"@type\":\"SearchAction\",\"target\":{\"@type\":\"EntryPoint\",\"urlTemplate\":\"https:\/\/business.roovi.com\/de\/?s={search_term_string}\"},\"query-input\":\"required name=search_term_string\"}],\"inLanguage\":\"de\"}]}<\/script>\n<!-- \/ Yoast SEO plugin. -->","yoast_head_json":{"title":"Jean-L\u00e9on G\u00e9r\u00f4me 1000-teiliges Puzzle f\u00fcr Erwachsene - Sklavenauktion","description":"Jean-L\u00e9on G\u00e9r\u00f4me 1000-teiliges Puzzle f\u00fcr Erwachsene - Sklavenauktion","robots":{"index":"index","follow":"follow","max-snippet":"max-snippet:-1","max-image-preview":"max-image-preview:large","max-video-preview":"max-video-preview:-1"},"canonical":"https:\/\/business.roovi.com\/de\/jean-leon-gerome-1000-teiliges-puzzle-fur-erwachsene-sklavenauktion\/p\/","og_locale":"de_DE","og_type":"article","og_title":"Jean-L\u00e9on G\u00e9r\u00f4me 1000-teiliges Puzzle f\u00fcr Erwachsene - Sklavenauktion","og_description":"Jean-L\u00e9on G\u00e9r\u00f4me 1000-teiliges Puzzle f\u00fcr Erwachsene - Sklavenauktion","og_url":"https:\/\/business.roovi.com\/de\/jean-leon-gerome-1000-teiliges-puzzle-fur-erwachsene-sklavenauktion\/p\/","og_site_name":"Roovi B2B","article_publisher":"https:\/\/www.facebook.com\/wwwjucariero","article_modified_time":"2023-02-20T12:48:03+00:00","og_image":[{"width":1200,"height":1200,"url":"https:\/\/business.roovi.com\/wp-content\/uploads\/2018\/04\/72726-GE-01-WEB.jpg","type":"image\/jpeg"}],"twitter_misc":{"Gesch\u00e4tzte Lesezeit":"4\u00a0Minuten"},"schema":{"@context":"https:\/\/schema.org","@graph":[{"@type":"WebPage","@id":"https:\/\/business.roovi.com\/de\/jean-leon-gerome-1000-teiliges-puzzle-fur-erwachsene-sklavenauktion\/p\/","url":"https:\/\/business.roovi.com\/de\/jean-leon-gerome-1000-teiliges-puzzle-fur-erwachsene-sklavenauktion\/p\/","name":"Jean-L\u00e9on G\u00e9r\u00f4me 1000-teiliges Puzzle f\u00fcr Erwachsene - Sklavenauktion","isPartOf":{"@id":"https:\/\/business.roovi.com\/de\/#website"},"datePublished":"2018-04-16T10:56:17+00:00","dateModified":"2023-02-20T12:48:03+00:00","description":"Jean-L\u00e9on G\u00e9r\u00f4me 1000-teiliges Puzzle f\u00fcr Erwachsene - Sklavenauktion","breadcrumb":{"@id":"https:\/\/business.roovi.com\/de\/jean-leon-gerome-1000-teiliges-puzzle-fur-erwachsene-sklavenauktion\/p\/#breadcrumb"},"inLanguage":"de","potentialAction":[{"@type":"ReadAction","target":["https:\/\/business.roovi.com\/de\/jean-leon-gerome-1000-teiliges-puzzle-fur-erwachsene-sklavenauktion\/p\/"]}]},{"@type":"BreadcrumbList","@id":"https:\/\/business.roovi.com\/de\/jean-leon-gerome-1000-teiliges-puzzle-fur-erwachsene-sklavenauktion\/p\/#breadcrumb","itemListElement":[{"@type":"ListItem","position":1,"name":"Home","item":"https:\/\/business.roovi.com\/de\/"},{"@type":"ListItem","position":2,"name":"Shop","item":"https:\/\/business.roovi.com\/de\/shop\/"},{"@type":"ListItem","position":3,"name":"Jean-L\u00e9on G\u00e9r\u00f4me 1000-teiliges Puzzle f\u00fcr Erwachsene &#8211; Sklavenauktion"}]},{"@type":"WebSite","@id":"https:\/\/business.roovi.com\/de\/#website","url":"https:\/\/business.roovi.com\/de\/","name":"Roovi B2B","description":"Roovi Business Website","potentialAction":[{"@type":"SearchAction","target":{"@type":"EntryPoint","urlTemplate":"https:\/\/business.roovi.com\/de\/?s={search_term_string}"},"query-input":"required name=search_term_string"}],"inLanguage":"de"}]}},"_links":{"self":[{"href":"https:\/\/business.roovi.com\/de\/wp-json\/wp\/v2\/product\/41506","targetHints":{"allow":["GET"]}}],"collection":[{"href":"https:\/\/business.roovi.com\/de\/wp-json\/wp\/v2\/product"}],"about":[{"href":"https:\/\/business.roovi.com\/de\/wp-json\/wp\/v2\/types\/product"}],"version-history":[{"count":0,"href":"https:\/\/business.roovi.com\/de\/wp-json\/wp\/v2\/product\/41506\/revisions"}],"wp:featuredmedia":[{"embeddable":true,"href":"https:\/\/business.roovi.com\/de\/wp-json\/wp\/v2\/media\/63343"}],"wp:attachment":[{"href":"https:\/\/business.roovi.com\/de\/wp-json\/wp\/v2\/media?parent=41506"}],"wp:term":[{"taxonomy":"product_brand","embeddable":true,"href":"https:\/\/business.roovi.com\/de\/wp-json\/wp\/v2\/product_brand?post=41506"},{"taxonomy":"product_cat","embeddable":true,"href":"https:\/\/business.roovi.com\/de\/wp-json\/wp\/v2\/product_cat?post=41506"},{"taxonomy":"product_tag","embeddable":true,"href":"https:\/\/business.roovi.com\/de\/wp-json\/wp\/v2\/product_tag?post=41506"}],"curies":[{"name":"wp","href":"https:\/\/api.w.org\/{rel}","templated":true}]}}