{"id":41510,"date":"2018-04-16T10:56:17","date_gmt":"2018-04-16T10:56:17","guid":{"rendered":"https:\/\/business.roovi.com\/puzzle-adulti-jacques-louis-david-napoleon-crossing-the-alps-1000-piese\/p\/"},"modified":"2023-02-20T12:39:40","modified_gmt":"2023-02-20T12:39:40","slug":"jacques-louis-david-1000-teile-erwachsenenpuzzle-napoleon-uberquert-die-alpen","status":"publish","type":"product","link":"https:\/\/business.roovi.com\/de\/jacques-louis-david-1000-teile-erwachsenenpuzzle-napoleon-uberquert-die-alpen\/p\/","title":{"rendered":"Jacques-Louis David 1000 Teile Erwachsenenpuzzle &#8211; Napoleon \u00fcberquert die Alpen"},"content":{"rendered":"<p><span style=\"font-weight: 400;\">Hast du das Bed\u00fcrfnis, von der t\u00e4glichen Hektik abzuschalten und dich in eine innere Welt zur\u00fcckzuziehen, um deine Batterien aufzuladen? Entdecke die erstaunliche Sammlung von Kunstr\u00e4tseln und lass dich von einer Atmosph\u00e4re der Ruhe und Sch\u00f6nheit mitrei\u00dfen. Setze 1000 Puzzleteile zusammen und stelle ber\u00fchmte Gem\u00e4lde von Van Gogh, Rembrandt und anderen heiligen Monstern der universellen Malerei nach.<\/span><\/p>\n<p><span style=\"font-weight: 400;\">M\u00f6chtest du ein majest\u00e4tisches Bild bewundern, das einen mitrei\u00dfenden und grandiosen Effekt erzeugt? Vervollst\u00e4ndige das 1000-Teile-Puzzle Jacques-Louis David &#8211; Napoleon \u00fcberquert die Alpen und bewundere die meisterhafte Komposition, die den Helden in erhabener Weise darstellt. Napoleon \u00fcberquert die Alpen ist eines der ber\u00fchmtesten Gem\u00e4lde von Napoleon Bonaparte. Wenn du ein wirklich spektakul\u00e4res Bild haben willst, ist dieses Puzzle f\u00fcr Erwachsene ideal f\u00fcr dich. Du kannst es auf einem normalen Couchtisch aufstellen, denn das entstehende Bild ist 50 x 70 cm gro\u00df.<\/span><\/p>\n<p><span style=\"font-weight: 400;\">Weitere Merkmale des Puzzles Jacques-Louis David &#8211; Napoleon \u00fcberquert die Alpen 1000 Teile:<\/span><\/p>\n<p><strong>Puzzle-Material <\/strong><\/p>\n<p><strong>hochwertiger blauer Karton<\/strong><\/p>\n<p><strong>nachhaltige, recycelbare Materialien<\/strong><\/p>\n<p><strong>halbgl\u00e4nzende Oberfl\u00e4che, leuchtende Farben<\/strong><\/p>\n<p><strong>Anzahl der Puzzleteile: 1000<\/strong><\/p>\n<p><strong>Empfohlenes Alter: 14+<\/strong><\/p>\n<p><strong>5 Vorteile des Zusammenbaus von Puzzlespielen<\/strong><\/p>\n<p><strong style=\"color: #000000; font-family: Verdana, Arial, Helvetica, sans-serif;\">Verbesserung der Gehirnaktivit\u00e4t<\/strong><\/p>\n<p><span style=\"font-weight: 400;\">Durch das Zusammensetzen von Puzzles wird das Gehirn zu kognitiven Aktivit\u00e4ten angeregt. Je mehr du dein Gehirn trainierst, desto sch\u00e4rfer und ges\u00fcnder wird es. W\u00e4hrend du das Bild aus dem 1000-teiligen Puzzle zusammensetzt, sind beide Gehirnh\u00e4lften am Werk und n\u00e4hern sich der Situation aus verschiedenen Perspektiven, um das Endergebnis zu erreichen <\/span><\/p>\n<p><strong>1000-Teile-Puzzle hilft dir, ein besseres Ged\u00e4chtnis zu haben<\/strong><\/p>\n<p><span style=\"font-weight: 400;\">Bei Puzzlespielen musst du dir die Farben, Gr\u00f6\u00dfen und Formen der Teile merken und dir vorstellen, wo sie in das Gesamtbild passen. Das Einpr\u00e4gen von Details st\u00e4rkt die Verbindungen, die im Gehirn hergestellt werden, und hilft auch, dein Kurzzeitged\u00e4chtnis zu verbessern.<\/span><\/p>\n<p><strong style=\"color: #000000; font-family: Verdana, Arial, Helvetica, sans-serif;\">Puzzlespiele entwickeln deine Probleml\u00f6sungsf\u00e4higkeiten<\/strong><\/p>\n<p><span style=\"font-weight: 400;\">Puzzles f\u00fcr Erwachsene sind eine st\u00e4ndige Herausforderung f\u00fcr deinen Verstand. Das L\u00f6sen von 1000-teiligen Puzzles erfordert eine Menge Versuch und Irrtum, und du kannst sogar scheitern. Deshalb \u00fcberlegst du dir immer wieder neue Strategien, um das Bild zusammenzusetzen, und testest neue und andere Optionen. Wenn du regelm\u00e4\u00dfig Puzzlespiele zusammenstellst, steigert das deine F\u00e4higkeit, Probleme effizient und kreativ zu l\u00f6sen.<\/span><\/p>\n<p><strong style=\"color: #000000; font-family: Verdana, Arial, Helvetica, sans-serif;\">Puzzles mit 1000 Teilen helfen dir, von deinen Bildschirmen abzuschalten<\/strong><\/p>\n<p><span style=\"font-weight: 400;\">Willst du eine Pause von deinem digitalen Leben machen? Das 1000 Piece Art Puzzle entf\u00fchrt dich aus deinem virtuellen Leben in eine Welt voller Ruhe, Farbe und Raffinesse. Entspanne dich Tag f\u00fcr Tag beim Zusammensetzen von Puzzles f\u00fcr Erwachsene und dein Geist wird entspannter und ausgeruhter werden.<\/span><\/p>\n<p><strong style=\"color: #000000; font-family: Verdana, Arial, Helvetica, sans-serif;\">Sie sind eine tolle M\u00f6glichkeit, Kontakte zu kn\u00fcpfen<\/strong><\/p>\n<p><span style=\"font-weight: 400;\">1000-teilige Puzzles sind keine Aktivit\u00e4t, die du immer alleine machst. Nutze Puzzlespiele, um dich mit deiner Familie oder deinen Freunden zu treffen. Verwandle einen langweiligen Sonntagnachmittag in ein unvergessliches Erlebnis mit deinen Liebsten.<\/span><\/p>\n<p><strong>Wusstest du von dem Gem\u00e4lde &#8222;Napoleon \u00fcberquert die Alpen&#8220; in Puzzle 1000?&#8230;<\/strong><\/p>\n<p><span style=\"font-weight: 400;\">Dies ist ein Propagandagem\u00e4lde, auf dem Napoleon selbst darum bittet, auf einem rauschenden Pferd gemalt zu werden und die Arbeit des Malers zu \u00fcberwachen.<\/span><\/p>\n<p><span style=\"font-weight: 400;\">David malte 5 Versionen des Gem\u00e4ldes, das Napoleon darstellt. Das erste wurde vom spanischen K\u00f6nig Karl IV. in Auftrag gegeben, um das gute Einvernehmen zwischen seinem K\u00f6nigreich und der franz\u00f6sischen Republik zu feiern.<\/span><\/p>\n<p><span style=\"font-weight: 400;\">Der Erste Konsul war etwas geizig, was die Bezahlung der Gem\u00e4lde angeht. F\u00fcr die drei in Auftrag gegebenen Versionen verlangte der Maler 20.000 Franken f\u00fcr eine Kopie, erhielt aber nur 15.000 Franken.<\/span><\/p>\n<p><span style=\"font-weight: 400;\">Der K\u00fcnstler konnte Napoleon nicht dazu \u00fcberreden, f\u00fcr sein Portr\u00e4t zu posieren und benutzte eine B\u00fcste von Napoleon, um das Portr\u00e4t zu malen. Er lie\u00df auch seinen Sohn f\u00fcr die Pose posieren.<\/span><\/p>\n<p><span style=\"font-weight: 400;\">Davids Gem\u00e4lde ist eine Verherrlichung der Macht, wobei antike Statuengruppen die Inspiration des Malers sind <\/span><\/p>\n<p><span style=\"font-weight: 400;\">Dieses Gem\u00e4lde ist eines der am h\u00e4ufigsten reproduzierten Portr\u00e4ts von Napoleon.<\/span><\/p>\n<p><strong>Setze Puzzles f\u00fcr Erwachsene zusammen und kreiere dein eigenes, besonderes Deko-Objekt<\/strong><\/p>\n<p><span style=\"font-weight: 400;\">Die T\u00e4tigkeit, das 1000-teilige Puzzle zu vervollst\u00e4ndigen, gibt dir nicht nur die innere Befriedigung, eine schwierige Aufgabe zu bew\u00e4ltigen. Am Ende deiner Arbeit hast du ein besonderes Bild, das du einrahmen und als dekoratives Ausnahmeobjekt verwenden kannst.<\/span><\/p>\n<p><span style=\"font-weight: 400;\">Kaufe jetzt dieses wunderbare Jacques-Louis David &#8211; Napoleon crossing the Alps Kunstpuzzle und bringe die faszinierende Architektur des Menschen in Davids talentiertem Gem\u00e4lde in dein Zuhause. Das 1000-teilige Puzzle bietet dir viele Stunden der totalen Entspannung und ein wunderbares Kunstwerk <\/span><\/p>\n","protected":false},"excerpt":{"rendered":"<p>Hast du das Bed\u00fcrfnis, von der t\u00e4glichen Hektik abzuschalten und dich in eine innere Welt zur\u00fcckzuziehen, um deine Batterien aufzuladen?<\/p>\n","protected":false},"featured_media":63336,"template":"","meta":[],"product_brand":[],"product_cat":[1916,1875,1915],"product_tag":[],"class_list":{"0":"post-41510","1":"product","2":"type-product","3":"status-publish","4":"has-post-thumbnail","6":"product_cat-1000-teile-puzzle","7":"product_cat-puzzle-de","8":"product_cat-puzzlespiele-fur-erwachsene","9":"pa_bax-10-de","10":"pa_brand-d_toys-de","11":"pa_country_of_manufacture-ro-de","12":"pa_filter_age-14-de","13":"pa_painter-jacques-louis-david","14":"pa_tip_ambalaj-kasten-a4-de","15":"pa_tip_puzzle-klassisch","17":"first","18":"instock","19":"taxable","20":"shipping-taxable","21":"product-type-simple"},"yoast_head":"<!-- This site is optimized with the Yoast SEO plugin v20.1 - https:\/\/yoast.com\/wordpress\/plugins\/seo\/ -->\n<title>Jacques-Louis David 1000 Teile Erwachsenenpuzzle - Napoleon \u00fcberquert die Alpen<\/title>\n<meta name=\"description\" content=\"Jacques-Louis David 1000 Teile Erwachsenenpuzzle - Napoleon \u00fcberquert die Alpen\" \/>\n<meta name=\"robots\" content=\"index, follow, max-snippet:-1, max-image-preview:large, max-video-preview:-1\" \/>\n<link rel=\"canonical\" href=\"https:\/\/business.roovi.com\/de\/jacques-louis-david-1000-teile-erwachsenenpuzzle-napoleon-uberquert-die-alpen\/p\/\" \/>\n<meta property=\"og:locale\" content=\"de_DE\" \/>\n<meta property=\"og:type\" content=\"article\" \/>\n<meta property=\"og:title\" content=\"Jacques-Louis David 1000 Teile Erwachsenenpuzzle - Napoleon \u00fcberquert die Alpen\" \/>\n<meta property=\"og:description\" content=\"Jacques-Louis David 1000 Teile Erwachsenenpuzzle - Napoleon \u00fcberquert die Alpen\" \/>\n<meta property=\"og:url\" content=\"https:\/\/business.roovi.com\/de\/jacques-louis-david-1000-teile-erwachsenenpuzzle-napoleon-uberquert-die-alpen\/p\/\" \/>\n<meta property=\"og:site_name\" content=\"Roovi B2B\" \/>\n<meta property=\"article:publisher\" content=\"https:\/\/www.facebook.com\/wwwjucariero\" \/>\n<meta property=\"article:modified_time\" content=\"2023-02-20T12:39:40+00:00\" \/>\n<meta property=\"og:image\" content=\"https:\/\/business.roovi.com\/wp-content\/uploads\/2018\/04\/72719-DA-01-WEB-1.jpg\" \/>\n\t<meta property=\"og:image:width\" content=\"1200\" \/>\n\t<meta property=\"og:image:height\" content=\"1200\" \/>\n\t<meta property=\"og:image:type\" content=\"image\/jpeg\" \/>\n<meta name=\"twitter:label1\" content=\"Gesch\u00e4tzte Lesezeit\" \/>\n\t<meta name=\"twitter:data1\" content=\"4\u00a0Minuten\" \/>\n<script type=\"application\/ld+json\" class=\"yoast-schema-graph\">{\"@context\":\"https:\/\/schema.org\",\"@graph\":[{\"@type\":\"WebPage\",\"@id\":\"https:\/\/business.roovi.com\/de\/jacques-louis-david-1000-teile-erwachsenenpuzzle-napoleon-uberquert-die-alpen\/p\/\",\"url\":\"https:\/\/business.roovi.com\/de\/jacques-louis-david-1000-teile-erwachsenenpuzzle-napoleon-uberquert-die-alpen\/p\/\",\"name\":\"Jacques-Louis David 1000 Teile Erwachsenenpuzzle - Napoleon \u00fcberquert die Alpen\",\"isPartOf\":{\"@id\":\"https:\/\/business.roovi.com\/de\/#website\"},\"datePublished\":\"2018-04-16T10:56:17+00:00\",\"dateModified\":\"2023-02-20T12:39:40+00:00\",\"description\":\"Jacques-Louis David 1000 Teile Erwachsenenpuzzle - Napoleon \u00fcberquert die Alpen\",\"breadcrumb\":{\"@id\":\"https:\/\/business.roovi.com\/de\/jacques-louis-david-1000-teile-erwachsenenpuzzle-napoleon-uberquert-die-alpen\/p\/#breadcrumb\"},\"inLanguage\":\"de\",\"potentialAction\":[{\"@type\":\"ReadAction\",\"target\":[\"https:\/\/business.roovi.com\/de\/jacques-louis-david-1000-teile-erwachsenenpuzzle-napoleon-uberquert-die-alpen\/p\/\"]}]},{\"@type\":\"BreadcrumbList\",\"@id\":\"https:\/\/business.roovi.com\/de\/jacques-louis-david-1000-teile-erwachsenenpuzzle-napoleon-uberquert-die-alpen\/p\/#breadcrumb\",\"itemListElement\":[{\"@type\":\"ListItem\",\"position\":1,\"name\":\"Home\",\"item\":\"https:\/\/business.roovi.com\/de\/\"},{\"@type\":\"ListItem\",\"position\":2,\"name\":\"Shop\",\"item\":\"https:\/\/business.roovi.com\/de\/shop\/\"},{\"@type\":\"ListItem\",\"position\":3,\"name\":\"Jacques-Louis David 1000 Teile Erwachsenenpuzzle &#8211; Napoleon \u00fcberquert die Alpen\"}]},{\"@type\":\"WebSite\",\"@id\":\"https:\/\/business.roovi.com\/de\/#website\",\"url\":\"https:\/\/business.roovi.com\/de\/\",\"name\":\"Roovi B2B\",\"description\":\"Roovi Business Website\",\"potentialAction\":[{\"@type\":\"SearchAction\",\"target\":{\"@type\":\"EntryPoint\",\"urlTemplate\":\"https:\/\/business.roovi.com\/de\/?s={search_term_string}\"},\"query-input\":\"required name=search_term_string\"}],\"inLanguage\":\"de\"}]}<\/script>\n<!-- \/ Yoast SEO plugin. -->","yoast_head_json":{"title":"Jacques-Louis David 1000 Teile Erwachsenenpuzzle - Napoleon \u00fcberquert die Alpen","description":"Jacques-Louis David 1000 Teile Erwachsenenpuzzle - Napoleon \u00fcberquert die Alpen","robots":{"index":"index","follow":"follow","max-snippet":"max-snippet:-1","max-image-preview":"max-image-preview:large","max-video-preview":"max-video-preview:-1"},"canonical":"https:\/\/business.roovi.com\/de\/jacques-louis-david-1000-teile-erwachsenenpuzzle-napoleon-uberquert-die-alpen\/p\/","og_locale":"de_DE","og_type":"article","og_title":"Jacques-Louis David 1000 Teile Erwachsenenpuzzle - Napoleon \u00fcberquert die Alpen","og_description":"Jacques-Louis David 1000 Teile Erwachsenenpuzzle - Napoleon \u00fcberquert die Alpen","og_url":"https:\/\/business.roovi.com\/de\/jacques-louis-david-1000-teile-erwachsenenpuzzle-napoleon-uberquert-die-alpen\/p\/","og_site_name":"Roovi B2B","article_publisher":"https:\/\/www.facebook.com\/wwwjucariero","article_modified_time":"2023-02-20T12:39:40+00:00","og_image":[{"width":1200,"height":1200,"url":"https:\/\/business.roovi.com\/wp-content\/uploads\/2018\/04\/72719-DA-01-WEB-1.jpg","type":"image\/jpeg"}],"twitter_misc":{"Gesch\u00e4tzte Lesezeit":"4\u00a0Minuten"},"schema":{"@context":"https:\/\/schema.org","@graph":[{"@type":"WebPage","@id":"https:\/\/business.roovi.com\/de\/jacques-louis-david-1000-teile-erwachsenenpuzzle-napoleon-uberquert-die-alpen\/p\/","url":"https:\/\/business.roovi.com\/de\/jacques-louis-david-1000-teile-erwachsenenpuzzle-napoleon-uberquert-die-alpen\/p\/","name":"Jacques-Louis David 1000 Teile Erwachsenenpuzzle - Napoleon \u00fcberquert die Alpen","isPartOf":{"@id":"https:\/\/business.roovi.com\/de\/#website"},"datePublished":"2018-04-16T10:56:17+00:00","dateModified":"2023-02-20T12:39:40+00:00","description":"Jacques-Louis David 1000 Teile Erwachsenenpuzzle - Napoleon \u00fcberquert die Alpen","breadcrumb":{"@id":"https:\/\/business.roovi.com\/de\/jacques-louis-david-1000-teile-erwachsenenpuzzle-napoleon-uberquert-die-alpen\/p\/#breadcrumb"},"inLanguage":"de","potentialAction":[{"@type":"ReadAction","target":["https:\/\/business.roovi.com\/de\/jacques-louis-david-1000-teile-erwachsenenpuzzle-napoleon-uberquert-die-alpen\/p\/"]}]},{"@type":"BreadcrumbList","@id":"https:\/\/business.roovi.com\/de\/jacques-louis-david-1000-teile-erwachsenenpuzzle-napoleon-uberquert-die-alpen\/p\/#breadcrumb","itemListElement":[{"@type":"ListItem","position":1,"name":"Home","item":"https:\/\/business.roovi.com\/de\/"},{"@type":"ListItem","position":2,"name":"Shop","item":"https:\/\/business.roovi.com\/de\/shop\/"},{"@type":"ListItem","position":3,"name":"Jacques-Louis David 1000 Teile Erwachsenenpuzzle &#8211; Napoleon \u00fcberquert die Alpen"}]},{"@type":"WebSite","@id":"https:\/\/business.roovi.com\/de\/#website","url":"https:\/\/business.roovi.com\/de\/","name":"Roovi B2B","description":"Roovi Business Website","potentialAction":[{"@type":"SearchAction","target":{"@type":"EntryPoint","urlTemplate":"https:\/\/business.roovi.com\/de\/?s={search_term_string}"},"query-input":"required name=search_term_string"}],"inLanguage":"de"}]}},"_links":{"self":[{"href":"https:\/\/business.roovi.com\/de\/wp-json\/wp\/v2\/product\/41510","targetHints":{"allow":["GET"]}}],"collection":[{"href":"https:\/\/business.roovi.com\/de\/wp-json\/wp\/v2\/product"}],"about":[{"href":"https:\/\/business.roovi.com\/de\/wp-json\/wp\/v2\/types\/product"}],"version-history":[{"count":0,"href":"https:\/\/business.roovi.com\/de\/wp-json\/wp\/v2\/product\/41510\/revisions"}],"wp:featuredmedia":[{"embeddable":true,"href":"https:\/\/business.roovi.com\/de\/wp-json\/wp\/v2\/media\/63336"}],"wp:attachment":[{"href":"https:\/\/business.roovi.com\/de\/wp-json\/wp\/v2\/media?parent=41510"}],"wp:term":[{"taxonomy":"product_brand","embeddable":true,"href":"https:\/\/business.roovi.com\/de\/wp-json\/wp\/v2\/product_brand?post=41510"},{"taxonomy":"product_cat","embeddable":true,"href":"https:\/\/business.roovi.com\/de\/wp-json\/wp\/v2\/product_cat?post=41510"},{"taxonomy":"product_tag","embeddable":true,"href":"https:\/\/business.roovi.com\/de\/wp-json\/wp\/v2\/product_tag?post=41510"}],"curies":[{"name":"wp","href":"https:\/\/api.w.org\/{rel}","templated":true}]}}