{"id":41518,"date":"2018-04-16T10:56:17","date_gmt":"2018-04-16T10:56:17","guid":{"rendered":"https:\/\/business.roovi.com\/super-puzzle-basme-160-piese-3\/p\/"},"modified":"2022-07-06T17:19:12","modified_gmt":"2022-07-06T17:19:12","slug":"kinder-super-puzzle-160-teile-der-gestiefelte-kater","status":"publish","type":"product","link":"https:\/\/business.roovi.com\/de\/kinder-super-puzzle-160-teile-der-gestiefelte-kater\/p\/","title":{"rendered":"Kinder Super Puzzle, 160 Teile &#8211; Der gestiefelte Kater"},"content":{"rendered":"<p>Wir laden dich auf eine Reise in die Welt der klassischen M\u00e4rchen ein, mit ber\u00fchmten Figuren und magischen Geschichten! Setze dieses pr\u00e4chtige Puzzle mit 160 Teilen zusammen, um eine m\u00e4rchenhafte Szene aus dem M\u00e4rchen Der sch\u00e4bige Kater nachzustellen.<\/p>\n","protected":false},"excerpt":{"rendered":"<p>Wir laden dich auf eine Reise in die Welt der klassischen M\u00e4rchen ein, mit ber\u00fchmten Figuren und magischen Geschichten! Setze<\/p>\n","protected":false},"featured_media":34149,"template":"","meta":[],"product_brand":[],"product_cat":[1876,1877,1875],"product_tag":[],"class_list":{"0":"post-41518","1":"product","2":"type-product","3":"status-publish","4":"has-post-thumbnail","6":"product_cat-kinder-puzzle","7":"product_cat-mehr-als-100-puzzlestucke","8":"product_cat-puzzle-de","9":"pa_bax-10-de","10":"pa_brand-d_toys-de","11":"pa_country_of_manufacture-ro-de","12":"pa_filter_age-7_9-de","13":"pa_filter_age-9_14-de","14":"pa_tip_ambalaj-kasten-a4-de","15":"pa_tip_puzzle-klassisch","17":"first","18":"instock","19":"taxable","20":"shipping-taxable","21":"product-type-simple"},"yoast_head":"<!-- This site is optimized with the Yoast SEO plugin v20.1 - https:\/\/yoast.com\/wordpress\/plugins\/seo\/ -->\n<title>Kinder Super Puzzle, 160 Teile - Der gestiefelte Kater<\/title>\n<meta name=\"description\" content=\"Kinder Super Puzzle, 160 Teile - Der gestiefelte Kater\" \/>\n<meta name=\"robots\" content=\"index, follow, max-snippet:-1, max-image-preview:large, max-video-preview:-1\" \/>\n<link rel=\"canonical\" href=\"https:\/\/business.roovi.com\/de\/kinder-super-puzzle-160-teile-der-gestiefelte-kater\/p\/\" \/>\n<meta property=\"og:locale\" content=\"de_DE\" \/>\n<meta property=\"og:type\" content=\"article\" \/>\n<meta property=\"og:title\" content=\"Kinder Super Puzzle, 160 Teile - Der gestiefelte Kater\" \/>\n<meta property=\"og:description\" content=\"Kinder Super Puzzle, 160 Teile - Der gestiefelte Kater\" \/>\n<meta property=\"og:url\" content=\"https:\/\/business.roovi.com\/de\/kinder-super-puzzle-160-teile-der-gestiefelte-kater\/p\/\" \/>\n<meta property=\"og:site_name\" content=\"Roovi B2B\" \/>\n<meta property=\"article:publisher\" content=\"https:\/\/www.facebook.com\/wwwjucariero\" \/>\n<meta property=\"article:modified_time\" content=\"2022-07-06T17:19:12+00:00\" \/>\n<meta property=\"og:image\" content=\"https:\/\/business.roovi.com\/wp-content\/uploads\/2018\/04\/60495_03.jpg\" \/>\n\t<meta property=\"og:image:width\" content=\"1200\" \/>\n\t<meta property=\"og:image:height\" content=\"1200\" \/>\n\t<meta property=\"og:image:type\" content=\"image\/jpeg\" \/>\n<script type=\"application\/ld+json\" class=\"yoast-schema-graph\">{\"@context\":\"https:\/\/schema.org\",\"@graph\":[{\"@type\":\"WebPage\",\"@id\":\"https:\/\/business.roovi.com\/de\/kinder-super-puzzle-160-teile-der-gestiefelte-kater\/p\/\",\"url\":\"https:\/\/business.roovi.com\/de\/kinder-super-puzzle-160-teile-der-gestiefelte-kater\/p\/\",\"name\":\"Kinder Super Puzzle, 160 Teile - Der gestiefelte Kater\",\"isPartOf\":{\"@id\":\"https:\/\/business.roovi.com\/de\/#website\"},\"datePublished\":\"2018-04-16T10:56:17+00:00\",\"dateModified\":\"2022-07-06T17:19:12+00:00\",\"description\":\"Kinder Super Puzzle, 160 Teile - Der gestiefelte Kater\",\"breadcrumb\":{\"@id\":\"https:\/\/business.roovi.com\/de\/kinder-super-puzzle-160-teile-der-gestiefelte-kater\/p\/#breadcrumb\"},\"inLanguage\":\"de\",\"potentialAction\":[{\"@type\":\"ReadAction\",\"target\":[\"https:\/\/business.roovi.com\/de\/kinder-super-puzzle-160-teile-der-gestiefelte-kater\/p\/\"]}]},{\"@type\":\"BreadcrumbList\",\"@id\":\"https:\/\/business.roovi.com\/de\/kinder-super-puzzle-160-teile-der-gestiefelte-kater\/p\/#breadcrumb\",\"itemListElement\":[{\"@type\":\"ListItem\",\"position\":1,\"name\":\"Home\",\"item\":\"https:\/\/business.roovi.com\/de\/\"},{\"@type\":\"ListItem\",\"position\":2,\"name\":\"Shop\",\"item\":\"https:\/\/business.roovi.com\/de\/shop\/\"},{\"@type\":\"ListItem\",\"position\":3,\"name\":\"Kinder Super Puzzle, 160 Teile &#8211; Der gestiefelte Kater\"}]},{\"@type\":\"WebSite\",\"@id\":\"https:\/\/business.roovi.com\/de\/#website\",\"url\":\"https:\/\/business.roovi.com\/de\/\",\"name\":\"Roovi B2B\",\"description\":\"Roovi Business Website\",\"potentialAction\":[{\"@type\":\"SearchAction\",\"target\":{\"@type\":\"EntryPoint\",\"urlTemplate\":\"https:\/\/business.roovi.com\/de\/?s={search_term_string}\"},\"query-input\":\"required name=search_term_string\"}],\"inLanguage\":\"de\"}]}<\/script>\n<!-- \/ Yoast SEO plugin. -->","yoast_head_json":{"title":"Kinder Super Puzzle, 160 Teile - Der gestiefelte Kater","description":"Kinder Super Puzzle, 160 Teile - Der gestiefelte Kater","robots":{"index":"index","follow":"follow","max-snippet":"max-snippet:-1","max-image-preview":"max-image-preview:large","max-video-preview":"max-video-preview:-1"},"canonical":"https:\/\/business.roovi.com\/de\/kinder-super-puzzle-160-teile-der-gestiefelte-kater\/p\/","og_locale":"de_DE","og_type":"article","og_title":"Kinder Super Puzzle, 160 Teile - Der gestiefelte Kater","og_description":"Kinder Super Puzzle, 160 Teile - Der gestiefelte Kater","og_url":"https:\/\/business.roovi.com\/de\/kinder-super-puzzle-160-teile-der-gestiefelte-kater\/p\/","og_site_name":"Roovi B2B","article_publisher":"https:\/\/www.facebook.com\/wwwjucariero","article_modified_time":"2022-07-06T17:19:12+00:00","og_image":[{"width":1200,"height":1200,"url":"https:\/\/business.roovi.com\/wp-content\/uploads\/2018\/04\/60495_03.jpg","type":"image\/jpeg"}],"schema":{"@context":"https:\/\/schema.org","@graph":[{"@type":"WebPage","@id":"https:\/\/business.roovi.com\/de\/kinder-super-puzzle-160-teile-der-gestiefelte-kater\/p\/","url":"https:\/\/business.roovi.com\/de\/kinder-super-puzzle-160-teile-der-gestiefelte-kater\/p\/","name":"Kinder Super Puzzle, 160 Teile - Der gestiefelte Kater","isPartOf":{"@id":"https:\/\/business.roovi.com\/de\/#website"},"datePublished":"2018-04-16T10:56:17+00:00","dateModified":"2022-07-06T17:19:12+00:00","description":"Kinder Super Puzzle, 160 Teile - Der gestiefelte Kater","breadcrumb":{"@id":"https:\/\/business.roovi.com\/de\/kinder-super-puzzle-160-teile-der-gestiefelte-kater\/p\/#breadcrumb"},"inLanguage":"de","potentialAction":[{"@type":"ReadAction","target":["https:\/\/business.roovi.com\/de\/kinder-super-puzzle-160-teile-der-gestiefelte-kater\/p\/"]}]},{"@type":"BreadcrumbList","@id":"https:\/\/business.roovi.com\/de\/kinder-super-puzzle-160-teile-der-gestiefelte-kater\/p\/#breadcrumb","itemListElement":[{"@type":"ListItem","position":1,"name":"Home","item":"https:\/\/business.roovi.com\/de\/"},{"@type":"ListItem","position":2,"name":"Shop","item":"https:\/\/business.roovi.com\/de\/shop\/"},{"@type":"ListItem","position":3,"name":"Kinder Super Puzzle, 160 Teile &#8211; Der gestiefelte Kater"}]},{"@type":"WebSite","@id":"https:\/\/business.roovi.com\/de\/#website","url":"https:\/\/business.roovi.com\/de\/","name":"Roovi B2B","description":"Roovi Business Website","potentialAction":[{"@type":"SearchAction","target":{"@type":"EntryPoint","urlTemplate":"https:\/\/business.roovi.com\/de\/?s={search_term_string}"},"query-input":"required name=search_term_string"}],"inLanguage":"de"}]}},"_links":{"self":[{"href":"https:\/\/business.roovi.com\/de\/wp-json\/wp\/v2\/product\/41518","targetHints":{"allow":["GET"]}}],"collection":[{"href":"https:\/\/business.roovi.com\/de\/wp-json\/wp\/v2\/product"}],"about":[{"href":"https:\/\/business.roovi.com\/de\/wp-json\/wp\/v2\/types\/product"}],"version-history":[{"count":0,"href":"https:\/\/business.roovi.com\/de\/wp-json\/wp\/v2\/product\/41518\/revisions"}],"wp:featuredmedia":[{"embeddable":true,"href":"https:\/\/business.roovi.com\/de\/wp-json\/wp\/v2\/media\/34149"}],"wp:attachment":[{"href":"https:\/\/business.roovi.com\/de\/wp-json\/wp\/v2\/media?parent=41518"}],"wp:term":[{"taxonomy":"product_brand","embeddable":true,"href":"https:\/\/business.roovi.com\/de\/wp-json\/wp\/v2\/product_brand?post=41518"},{"taxonomy":"product_cat","embeddable":true,"href":"https:\/\/business.roovi.com\/de\/wp-json\/wp\/v2\/product_cat?post=41518"},{"taxonomy":"product_tag","embeddable":true,"href":"https:\/\/business.roovi.com\/de\/wp-json\/wp\/v2\/product_tag?post=41518"}],"curies":[{"name":"wp","href":"https:\/\/api.w.org\/{rel}","templated":true}]}}