{"id":41522,"date":"2018-04-16T10:56:17","date_gmt":"2018-04-16T10:56:17","guid":{"rendered":"https:\/\/business.roovi.com\/puzzle-adulti-jean-honore-fragonard-blind-mans-bluff-1000-piese\/p\/"},"modified":"2022-07-06T17:19:17","modified_gmt":"2022-07-06T17:19:17","slug":"adult-puzzle-1000-pieces-jean-honore-fragonard-blind-mans-bluff","status":"publish","type":"product","link":"https:\/\/business.roovi.com\/de\/adult-puzzle-1000-pieces-jean-honore-fragonard-blind-mans-bluff\/p\/","title":{"rendered":"Adult Puzzle 1000 Pieces Jean-Honor\u00e9 Fragonard &#8211; Blind Man&#8217;s Bluff"},"content":{"rendered":"<p><span style=\"font-weight: 400\">Suchst du nach einer Verschnaufpause oder einer Auszeit von deinem hektischen Leben? Entdecke die gr\u00f6\u00dfte Sammlung von Kunstpuzzles, stelle die ber\u00fchmtesten Kunstwerke aller Zeiten nach und genie\u00dfe den Seelenfrieden, den dir ein 1000-Teile-Puzzle geben kann!<\/span><\/p>\n<p><span style=\"font-weight: 400\">W\u00e4hle aus den Hunderten von Motiven in der Kunstpuzzle-Kollektion das wunderbare 1000-Teile-Puzzle Jean-Honor\u00e9 Fragonard &#8211; Blind Man&#8217;s Bluff. Das Gem\u00e4lde zeigt eine sinnliche Szene des Werbens durch das typische &#8222;Blinde Kuh&#8220;-Spiel des 18. So subtil wird das Konzept &#8222;Liebe macht blind&#8220; in einer spielerischen k\u00fcnstlerischen Komposition enth\u00fcllt. Lass dich von diesem wunderbaren Farbenspiel mitrei\u00dfen und male das wunderbare Blind Man&#8217;s Bluff Bild nach.<\/span><\/p>\n<p><span style=\"font-weight: 400\">Die 1000-teiligen Puzzles der Art Puzzles-Kollektion sind aus hochwertigen Materialien gefertigt, die ihnen eine lange Lebensdauer verleihen. Du kannst das Bild so oft wiederholen, wie du willst, ohne dir Sorgen machen zu m\u00fcssen, dass das Gem\u00e4lde besch\u00e4digt wird. Du kannst einen gew\u00f6hnlichen Couchtisch verwenden, da das fertige Bild 50 x 70 cm gro\u00df ist.<\/span><\/p>\n<p><span style=\"font-weight: 400\">Weitere Merkmale des 1000-teiligen Puzzles Jean-Honor\u00e9 Fragonard &#8211; Blind Man&#8217;s Bluff:<\/span><\/p>\n<p><strong>Puzzle-Material <\/strong><\/p>\n<p><strong>hochwertiger blauer Karton<\/strong><\/p>\n<p><strong>nachhaltige, recycelbare Materialien<\/strong><\/p>\n<p><strong>halbgl\u00e4nzende Oberfl\u00e4che, leuchtende Farben<\/strong><\/p>\n<p><strong>Anzahl der Puzzleteile: 1000<\/strong><\/p>\n<p><strong>Empfohlenes Alter: 14+<\/strong><\/p>\n<p><strong>Was sind die Vorteile von 1000-Teile-Puzzles?<\/strong><\/p>\n<p><span style=\"font-weight: 400\">Setze jeden Tag ein 1000-Teile-Puzzle zusammen und genie\u00dfe alle Vorteile, die diese Aktivit\u00e4t dir bringt:<\/span><\/p>\n<p><span style=\"font-weight: 400\">Das gibt dir viel Entspannung.<\/span><\/p>\n<p><span style=\"font-weight: 400\">Hilft dir, von deinen Alltagsproblemen abzuschalten.<\/span><\/p>\n<p><span style=\"font-weight: 400\">Es verbessert deine Probleml\u00f6sungsf\u00e4higkeiten.<\/span><\/p>\n<p><span style=\"font-weight: 400\">Es verbindet dich mit anderen, wenn du mit geliebten Menschen puzzelst.<\/span><\/p>\n<p><span style=\"font-weight: 400\">Hilft, dein Gehirn gesund zu halten.<\/span><\/p>\n<p><span style=\"font-weight: 400\">Es verbessert dein Ged\u00e4chtnis.<\/span><\/p>\n<p><span style=\"font-weight: 400\">Steigert deine Produktivit\u00e4t.<\/span><\/p>\n<p><strong>Jean-Honor\u00e9 Fragonard &#8211; ein \u00fcberschw\u00e4nglicher und origineller Maler<\/strong><\/p>\n<p><span style=\"font-weight: 400\">Obwohl er als Vertreter des Barocks in der zweiten H\u00e4lfte des 18, <\/span><span style=\"font-weight: 400\">Jean-Honor\u00e9 Fragonard l\u00e4sst sich nicht in eine einzige Kunstrichtung einordnen. Er malte in allen Stilen der Zeit <\/span><\/p>\n<p><strong>Was du vielleicht noch nicht \u00fcber diesen Maler wusstest:<\/strong><\/p>\n<p><span style=\"font-weight: 400\">In seinen Gem\u00e4lden griff er k\u00fchne Themen auf und stellte subtile und frivole Liebesszenen in den Vordergrund.<\/span><\/p>\n<p><span style=\"font-weight: 400\">Er malte f\u00fcr einflussreiche Leute wie K\u00f6nig <\/span><span style=\"font-weight: 400\">Ludwig XV<\/span><\/p>\n<p><span style=\"font-weight: 400\">Obwohl er zu Lebzeiten hohes Ansehen genoss, warfen ihm die Kritiker seiner Zeit wegen einiger Werke Frivolit\u00e4t vor.<\/span><\/p>\n<p><span style=\"font-weight: 400\">Er lebte im Louvre und war f\u00fcr die Organisation der Kunstsammlungen des Museums zust\u00e4ndig.<\/span><\/p>\n<p><span style=\"font-weight: 400\">Er starb pl\u00f6tzlich, w\u00e4hrend er ein Eis a\u00df.<\/span><\/p>\n<p><strong>Nimm dir eine kleine Auszeit von der Au\u00dfenwelt mit dem 1000-teiligen Kunstpuzzle!<\/strong><\/p>\n<p><span style=\"font-weight: 400\">Lass uns<\/span> <span style=\"font-weight: 400\">ein paar Stunden mit dir selbst zu verbringen, ist eine gro\u00dfartige M\u00f6glichkeit, sich nach einem anstrengenden Arbeitstag zu entspannen und neu zu starten. Es ist wie ein Mini-Urlaub, bei dem ein Kunstpuzzle dich in eine andere Welt voller Harmonie und Farben versetzt. Wenn das Bild fertig ist, hast du das wunderbare Gef\u00fchl, dass du selbst ein au\u00dfergew\u00f6hnliches Kunstwerk geschaffen hast. Jetzt kannst du dir ein bisschen mehr Zeit nehmen, um in Ruhe die Leinwand zu bewundern.<\/span><\/p>\n<p><span style=\"font-weight: 400\">Und du glaubst, &#8222;Liebe macht blind&#8220;? Lass dich von Jean-Honor\u00e9 Fragonards symboltr\u00e4chtiger Leinwand mitrei\u00dfen und erschaffe ein unvergessliches Gem\u00e4lde aus einem 1000-Teile-Puzzle.  <\/span><\/p>\n<p><span style=\"font-weight: 400\">Kaufe das Jean-Honor\u00e9 Fragonard &#8211; Blind Man&#8217;s Bluff Kunstpuzzle jetzt f\u00fcr dich selbst oder verschenke es an einen Freund, der Kunstpuzzles liebt.<\/span><\/p>\n","protected":false},"excerpt":{"rendered":"<p>Suchst du nach einer Verschnaufpause oder einer Auszeit von deinem hektischen Leben? Entdecke die gr\u00f6\u00dfte Sammlung von Kunstpuzzles, stelle die<\/p>\n","protected":false},"featured_media":63310,"template":"","meta":[],"product_brand":[],"product_cat":[1916,1875,1915],"product_tag":[],"class_list":{"0":"post-41522","1":"product","2":"type-product","3":"status-publish","4":"has-post-thumbnail","6":"product_cat-1000-teile-puzzle","7":"product_cat-puzzle-de","8":"product_cat-puzzlespiele-fur-erwachsene","9":"pa_bax-10-de","10":"pa_brand-d_toys-de","11":"pa_country_of_manufacture-ro-de","12":"pa_filter_age-14-de","13":"pa_painter-jean-honore-fragonard","14":"pa_tip_ambalaj-kasten-a4-de","15":"pa_tip_puzzle-klassisch","17":"first","18":"instock","19":"taxable","20":"shipping-taxable","21":"product-type-simple"},"yoast_head":"<!-- This site is optimized with the Yoast SEO plugin v20.1 - https:\/\/yoast.com\/wordpress\/plugins\/seo\/ -->\n<title>Adult Puzzle 1000 Pieces Jean-Honor\u00e9 Fragonard - Blind Man&#039;s Bluff<\/title>\n<meta name=\"description\" content=\"Adult Puzzle 1000 Pieces Jean-Honor\u00e9 Fragonard - Blind Man&#039;s Bluff\" \/>\n<meta name=\"robots\" content=\"index, follow, max-snippet:-1, max-image-preview:large, max-video-preview:-1\" \/>\n<link rel=\"canonical\" href=\"https:\/\/business.roovi.com\/de\/adult-puzzle-1000-pieces-jean-honore-fragonard-blind-mans-bluff\/p\/\" \/>\n<meta property=\"og:locale\" content=\"de_DE\" \/>\n<meta property=\"og:type\" content=\"article\" \/>\n<meta property=\"og:title\" content=\"Adult Puzzle 1000 Pieces Jean-Honor\u00e9 Fragonard - Blind Man&#039;s Bluff\" \/>\n<meta property=\"og:description\" content=\"Adult Puzzle 1000 Pieces Jean-Honor\u00e9 Fragonard - Blind Man&#039;s Bluff\" \/>\n<meta property=\"og:url\" content=\"https:\/\/business.roovi.com\/de\/adult-puzzle-1000-pieces-jean-honore-fragonard-blind-mans-bluff\/p\/\" \/>\n<meta property=\"og:site_name\" content=\"Roovi B2B\" \/>\n<meta property=\"article:publisher\" content=\"https:\/\/www.facebook.com\/wwwjucariero\" \/>\n<meta property=\"article:modified_time\" content=\"2022-07-06T17:19:17+00:00\" \/>\n<meta property=\"og:image\" content=\"https:\/\/business.roovi.com\/wp-content\/uploads\/2018\/04\/72702-01_ansamblu_dimensiuni_cutie_cm.png\" \/>\n\t<meta property=\"og:image:width\" content=\"2000\" \/>\n\t<meta property=\"og:image:height\" content=\"2000\" \/>\n\t<meta property=\"og:image:type\" content=\"image\/png\" \/>\n<meta name=\"twitter:label1\" content=\"Gesch\u00e4tzte Lesezeit\" \/>\n\t<meta name=\"twitter:data1\" content=\"3\u00a0Minuten\" \/>\n<script type=\"application\/ld+json\" class=\"yoast-schema-graph\">{\"@context\":\"https:\/\/schema.org\",\"@graph\":[{\"@type\":\"WebPage\",\"@id\":\"https:\/\/business.roovi.com\/de\/adult-puzzle-1000-pieces-jean-honore-fragonard-blind-mans-bluff\/p\/\",\"url\":\"https:\/\/business.roovi.com\/de\/adult-puzzle-1000-pieces-jean-honore-fragonard-blind-mans-bluff\/p\/\",\"name\":\"Adult Puzzle 1000 Pieces Jean-Honor\u00e9 Fragonard - Blind Man's Bluff\",\"isPartOf\":{\"@id\":\"https:\/\/business.roovi.com\/de\/#website\"},\"datePublished\":\"2018-04-16T10:56:17+00:00\",\"dateModified\":\"2022-07-06T17:19:17+00:00\",\"description\":\"Adult Puzzle 1000 Pieces Jean-Honor\u00e9 Fragonard - Blind Man's Bluff\",\"breadcrumb\":{\"@id\":\"https:\/\/business.roovi.com\/de\/adult-puzzle-1000-pieces-jean-honore-fragonard-blind-mans-bluff\/p\/#breadcrumb\"},\"inLanguage\":\"de\",\"potentialAction\":[{\"@type\":\"ReadAction\",\"target\":[\"https:\/\/business.roovi.com\/de\/adult-puzzle-1000-pieces-jean-honore-fragonard-blind-mans-bluff\/p\/\"]}]},{\"@type\":\"BreadcrumbList\",\"@id\":\"https:\/\/business.roovi.com\/de\/adult-puzzle-1000-pieces-jean-honore-fragonard-blind-mans-bluff\/p\/#breadcrumb\",\"itemListElement\":[{\"@type\":\"ListItem\",\"position\":1,\"name\":\"Home\",\"item\":\"https:\/\/business.roovi.com\/de\/\"},{\"@type\":\"ListItem\",\"position\":2,\"name\":\"Shop\",\"item\":\"https:\/\/business.roovi.com\/de\/shop\/\"},{\"@type\":\"ListItem\",\"position\":3,\"name\":\"Adult Puzzle 1000 Pieces Jean-Honor\u00e9 Fragonard &#8211; Blind Man&#8217;s Bluff\"}]},{\"@type\":\"WebSite\",\"@id\":\"https:\/\/business.roovi.com\/de\/#website\",\"url\":\"https:\/\/business.roovi.com\/de\/\",\"name\":\"Roovi B2B\",\"description\":\"Roovi Business Website\",\"potentialAction\":[{\"@type\":\"SearchAction\",\"target\":{\"@type\":\"EntryPoint\",\"urlTemplate\":\"https:\/\/business.roovi.com\/de\/?s={search_term_string}\"},\"query-input\":\"required name=search_term_string\"}],\"inLanguage\":\"de\"}]}<\/script>\n<!-- \/ Yoast SEO plugin. -->","yoast_head_json":{"title":"Adult Puzzle 1000 Pieces Jean-Honor\u00e9 Fragonard - Blind Man's Bluff","description":"Adult Puzzle 1000 Pieces Jean-Honor\u00e9 Fragonard - Blind Man's Bluff","robots":{"index":"index","follow":"follow","max-snippet":"max-snippet:-1","max-image-preview":"max-image-preview:large","max-video-preview":"max-video-preview:-1"},"canonical":"https:\/\/business.roovi.com\/de\/adult-puzzle-1000-pieces-jean-honore-fragonard-blind-mans-bluff\/p\/","og_locale":"de_DE","og_type":"article","og_title":"Adult Puzzle 1000 Pieces Jean-Honor\u00e9 Fragonard - Blind Man's Bluff","og_description":"Adult Puzzle 1000 Pieces Jean-Honor\u00e9 Fragonard - Blind Man's Bluff","og_url":"https:\/\/business.roovi.com\/de\/adult-puzzle-1000-pieces-jean-honore-fragonard-blind-mans-bluff\/p\/","og_site_name":"Roovi B2B","article_publisher":"https:\/\/www.facebook.com\/wwwjucariero","article_modified_time":"2022-07-06T17:19:17+00:00","og_image":[{"width":2000,"height":2000,"url":"https:\/\/business.roovi.com\/wp-content\/uploads\/2018\/04\/72702-01_ansamblu_dimensiuni_cutie_cm.png","type":"image\/png"}],"twitter_misc":{"Gesch\u00e4tzte Lesezeit":"3\u00a0Minuten"},"schema":{"@context":"https:\/\/schema.org","@graph":[{"@type":"WebPage","@id":"https:\/\/business.roovi.com\/de\/adult-puzzle-1000-pieces-jean-honore-fragonard-blind-mans-bluff\/p\/","url":"https:\/\/business.roovi.com\/de\/adult-puzzle-1000-pieces-jean-honore-fragonard-blind-mans-bluff\/p\/","name":"Adult Puzzle 1000 Pieces Jean-Honor\u00e9 Fragonard - Blind Man's Bluff","isPartOf":{"@id":"https:\/\/business.roovi.com\/de\/#website"},"datePublished":"2018-04-16T10:56:17+00:00","dateModified":"2022-07-06T17:19:17+00:00","description":"Adult Puzzle 1000 Pieces Jean-Honor\u00e9 Fragonard - Blind Man's Bluff","breadcrumb":{"@id":"https:\/\/business.roovi.com\/de\/adult-puzzle-1000-pieces-jean-honore-fragonard-blind-mans-bluff\/p\/#breadcrumb"},"inLanguage":"de","potentialAction":[{"@type":"ReadAction","target":["https:\/\/business.roovi.com\/de\/adult-puzzle-1000-pieces-jean-honore-fragonard-blind-mans-bluff\/p\/"]}]},{"@type":"BreadcrumbList","@id":"https:\/\/business.roovi.com\/de\/adult-puzzle-1000-pieces-jean-honore-fragonard-blind-mans-bluff\/p\/#breadcrumb","itemListElement":[{"@type":"ListItem","position":1,"name":"Home","item":"https:\/\/business.roovi.com\/de\/"},{"@type":"ListItem","position":2,"name":"Shop","item":"https:\/\/business.roovi.com\/de\/shop\/"},{"@type":"ListItem","position":3,"name":"Adult Puzzle 1000 Pieces Jean-Honor\u00e9 Fragonard &#8211; Blind Man&#8217;s Bluff"}]},{"@type":"WebSite","@id":"https:\/\/business.roovi.com\/de\/#website","url":"https:\/\/business.roovi.com\/de\/","name":"Roovi B2B","description":"Roovi Business Website","potentialAction":[{"@type":"SearchAction","target":{"@type":"EntryPoint","urlTemplate":"https:\/\/business.roovi.com\/de\/?s={search_term_string}"},"query-input":"required name=search_term_string"}],"inLanguage":"de"}]}},"_links":{"self":[{"href":"https:\/\/business.roovi.com\/de\/wp-json\/wp\/v2\/product\/41522","targetHints":{"allow":["GET"]}}],"collection":[{"href":"https:\/\/business.roovi.com\/de\/wp-json\/wp\/v2\/product"}],"about":[{"href":"https:\/\/business.roovi.com\/de\/wp-json\/wp\/v2\/types\/product"}],"version-history":[{"count":0,"href":"https:\/\/business.roovi.com\/de\/wp-json\/wp\/v2\/product\/41522\/revisions"}],"wp:featuredmedia":[{"embeddable":true,"href":"https:\/\/business.roovi.com\/de\/wp-json\/wp\/v2\/media\/63310"}],"wp:attachment":[{"href":"https:\/\/business.roovi.com\/de\/wp-json\/wp\/v2\/media?parent=41522"}],"wp:term":[{"taxonomy":"product_brand","embeddable":true,"href":"https:\/\/business.roovi.com\/de\/wp-json\/wp\/v2\/product_brand?post=41522"},{"taxonomy":"product_cat","embeddable":true,"href":"https:\/\/business.roovi.com\/de\/wp-json\/wp\/v2\/product_cat?post=41522"},{"taxonomy":"product_tag","embeddable":true,"href":"https:\/\/business.roovi.com\/de\/wp-json\/wp\/v2\/product_tag?post=41522"}],"curies":[{"name":"wp","href":"https:\/\/api.w.org\/{rel}","templated":true}]}}