{"id":41534,"date":"2018-04-16T10:56:17","date_gmt":"2018-04-16T10:56:17","guid":{"rendered":"https:\/\/business.roovi.com\/puzzle-adulti-francois-boucher-landscape-near-beauvais-1000-piese\/p\/"},"modified":"2023-02-20T12:12:49","modified_gmt":"2023-02-20T12:12:49","slug":"adult-1000-pieces-puzzle-francois-boucher-landschaft-bei-beauvais","status":"publish","type":"product","link":"https:\/\/business.roovi.com\/de\/adult-1000-pieces-puzzle-francois-boucher-landschaft-bei-beauvais\/p\/","title":{"rendered":"Adult 1000 pieces puzzle Fran\u00e7ois Boucher &#8211; Landschaft bei Beauvais"},"content":{"rendered":"<p><span style=\"font-weight: 400;\">Mit dem gr\u00f6\u00dften Angebot an Kunstr\u00e4tseln hast du jetzt diese M\u00f6glichkeit. Wir achten sehr auf die Details und legen Wert auf Qualit\u00e4t. Die Puzzles f\u00fcr Erwachsene in unserem Sortiment geben das Bild des Kunstwerks, das sie darstellen, in perfekten Rahmen wieder.<\/span><\/p>\n<p><span style=\"font-weight: 400;\">Entdecke den anmutigen und sensiblen Rokoko-Stil, indem du das 1000-teilige Puzzle zusammensetzt <\/span><span style=\"font-weight: 400;\">Fran\u00e7ois Boucher &#8211; Landschaft bei Beauvais. Das Original ist ein \u00d6lgem\u00e4lde, das eine sch\u00f6ne l\u00e4ndliche Landschaft zeigt, in der eine Mutter mit ihrem Sohn W\u00e4sche im Fluss w\u00e4scht. Setze dieses 1000-teilige Puzzle aus unserem Angebot an Kunstpuzzles zusammen und genie\u00dfe die idyllische Landschaft. Du bekommst ein 50 x 70 cm gro\u00dfes Gem\u00e4lde, das dem Original sehr \u00e4hnlich ist und <\/span><span style=\"font-weight: 400;\">49 cm \u00d7 58 cm.<\/span><\/p>\n<p><span style=\"font-weight: 400;\">Eigenschaften des 1000 Teile Puzzles <\/span><span style=\"font-weight: 400;\">Fran\u00e7ois Boucher &#8211; Landschaft bei Beauvais:<\/span><\/p>\n<p><strong>Puzzle-Material <\/strong><\/p>\n<p><strong>hochwertiger blauer Karton<\/strong><\/p>\n<p><strong>nachhaltige, recycelbare Materialien<\/strong><\/p>\n<p><strong>halbgl\u00e4nzende Oberfl\u00e4che, leuchtende Farben<\/strong><\/p>\n<p><strong>Anzahl der Puzzleteile: 1000<\/strong><\/p>\n<p><strong>Empfohlenes Alter: 14+<\/strong><\/p>\n<p><strong>Wusstest du, dass Puzzlespiele dein Allgemeinwissen f\u00f6rdern?<\/strong><\/p>\n<p><span style=\"font-weight: 400;\">Die Bilder in Kunst- oder Sightseeing-R\u00e4tseln machen dich neugierig darauf, neue Informationen \u00fcber die Kunstwerke herauszufinden, die du rekonstruierst. So wecken 1000-teilige Puzzles deinen Appetit auf Wissen. <\/span><\/p>\n<p><span style=\"font-weight: 400;\">1000-teilige Puzzles helfen dir auch:<\/span><\/p>\n<p><strong>Entspann dich<\/strong><\/p>\n<p><strong>Spa\u00df haben<\/strong><\/p>\n<p><strong>Genie\u00dfe wunderbare Momente mit deinen Liebsten, wenn du als Familie Puzzlespiele zusammensetzt.<\/strong><\/p>\n<p><strong>Fran\u00e7ois Boucher, Sch\u00fctzling der Marquise de Pompadour<\/strong><\/p>\n<p><span style=\"font-weight: 400;\">Fran\u00e7ois Boucher genoss zu Lebzeiten den Schutz der ber\u00fchmten Madame Pompadour, der M\u00e4tresse von K\u00f6nig Ludwig XV, was ihm bei der Entwicklung seiner k\u00fcnstlerischen Karriere half.<\/span><\/p>\n<p><span style=\"font-weight: 400;\">Viele seiner Werke spiegeln die h\u00f6fische Atmosph\u00e4re und den Lebensstil der Zeit w\u00e4hrend der Herrschaft von Ludwig XV. wider.<\/span><\/p>\n<p><strong>3 Dinge, die du nicht \u00fcber Fran\u00e7ois Boucher wusstest<\/strong><\/p>\n<ol>\n<li><span style=\"font-weight: 400;\"> Neben wunderbaren Gem\u00e4lden, die den Rokoko-Stil widerspiegeln, entwarf der K\u00fcnstler auch Theaterkulissen, Wandteppiche und Porzellanfiguren.<\/span><\/li>\n<li><span style=\"font-weight: 400;\"> Er ist auch ber\u00fchmt f\u00fcr seine Aussage Natur ist <\/span><strong>&#8222;trop verte et mal \u00e9clair\u00e9e&#8220; <\/strong><span style=\"font-weight: 400;\">(zu gr\u00fcn und schlecht beleuchtet).<\/span><\/li>\n<li><span style=\"font-weight: 400;\"> Zu Lebzeiten wurde er wegen seines Stils von dem Philosophen Diderot, einem Verfechter des neoklassischen Stils, scharf kritisiert.<\/span><\/li>\n<\/ol>\n<p><strong>3 weitere Vorteile des 1000 Teile Puzzles<\/strong><\/p>\n<ol>\n<li><span style=\"font-weight: 400;\"> Bis zu 30 Stunden Spa\u00df sind garantiert.<\/span><\/li>\n<li><span style=\"font-weight: 400;\"> Hilft dir, ausdauernder zu sein.<\/span><\/li>\n<li><span style=\"font-weight: 400;\"> Hilft dir, effizienter zu arbeiten und deine Produktivit\u00e4t zu steigern.<\/span><\/li>\n<\/ol>\n<p><span style=\"font-weight: 400;\">Du musst nicht den ganzen Weg nach St. Petersburg in die Eremitage fahren, um dieses wundersch\u00f6ne Kunstwerk zu bewundern. 1000 Teile Puzzle jetzt kaufen <\/span><span style=\"font-weight: 400;\">Fran\u00e7ois Boucher &#8211; Landschaft in der N\u00e4he von Beauvais und schon hast du ein bisschen Rokoko in deinem Haus! Dieses Kunstpuzzle ist ideal, um es an langweiligen Abenden zusammenzusetzen, oder es ist ein tolles Geschenk f\u00fcr einen lieben Freund, der Puzzlespiele liebt.<\/span><\/p>\n","protected":false},"excerpt":{"rendered":"<p>Mit dem gr\u00f6\u00dften Angebot an Kunstr\u00e4tseln hast du jetzt diese M\u00f6glichkeit. Wir achten sehr auf die Details und legen Wert<\/p>\n","protected":false},"featured_media":63303,"template":"","meta":[],"product_brand":[],"product_cat":[1916,1875,1915],"product_tag":[],"class_list":{"0":"post-41534","1":"product","2":"type-product","3":"status-publish","4":"has-post-thumbnail","6":"product_cat-1000-teile-puzzle","7":"product_cat-puzzle-de","8":"product_cat-puzzlespiele-fur-erwachsene","9":"pa_bax-10-de","10":"pa_brand-d_toys-de","11":"pa_country_of_manufacture-ro-de","12":"pa_filter_age-14-de","13":"pa_painter-francois-boucher","14":"pa_tip_ambalaj-kasten-a4-de","15":"pa_tip_puzzle-klassisch","17":"first","18":"instock","19":"taxable","20":"shipping-taxable","21":"product-type-simple"},"yoast_head":"<!-- This site is optimized with the Yoast SEO plugin v20.1 - https:\/\/yoast.com\/wordpress\/plugins\/seo\/ -->\n<title>Adult 1000 pieces puzzle Fran\u00e7ois Boucher - Landschaft bei Beauvais<\/title>\n<meta name=\"description\" content=\"Adult 1000 pieces puzzle Fran\u00e7ois Boucher - Landschaft bei Beauvais\" \/>\n<meta name=\"robots\" content=\"index, follow, max-snippet:-1, max-image-preview:large, max-video-preview:-1\" \/>\n<link rel=\"canonical\" href=\"https:\/\/business.roovi.com\/de\/adult-1000-pieces-puzzle-francois-boucher-landschaft-bei-beauvais\/p\/\" \/>\n<meta property=\"og:locale\" content=\"de_DE\" \/>\n<meta property=\"og:type\" content=\"article\" \/>\n<meta property=\"og:title\" content=\"Adult 1000 pieces puzzle Fran\u00e7ois Boucher - Landschaft bei Beauvais\" \/>\n<meta property=\"og:description\" content=\"Adult 1000 pieces puzzle Fran\u00e7ois Boucher - Landschaft bei Beauvais\" \/>\n<meta property=\"og:url\" content=\"https:\/\/business.roovi.com\/de\/adult-1000-pieces-puzzle-francois-boucher-landschaft-bei-beauvais\/p\/\" \/>\n<meta property=\"og:site_name\" content=\"Roovi B2B\" \/>\n<meta property=\"article:publisher\" content=\"https:\/\/www.facebook.com\/wwwjucariero\" \/>\n<meta property=\"article:modified_time\" content=\"2023-02-20T12:12:49+00:00\" \/>\n<meta property=\"og:image\" content=\"https:\/\/business.roovi.com\/wp-content\/uploads\/2018\/04\/72696-BO-01-WEB.jpg\" \/>\n\t<meta property=\"og:image:width\" content=\"1200\" \/>\n\t<meta property=\"og:image:height\" content=\"1200\" \/>\n\t<meta property=\"og:image:type\" content=\"image\/jpeg\" \/>\n<meta name=\"twitter:label1\" content=\"Gesch\u00e4tzte Lesezeit\" \/>\n\t<meta name=\"twitter:data1\" content=\"3\u00a0Minuten\" \/>\n<script type=\"application\/ld+json\" class=\"yoast-schema-graph\">{\"@context\":\"https:\/\/schema.org\",\"@graph\":[{\"@type\":\"WebPage\",\"@id\":\"https:\/\/business.roovi.com\/de\/adult-1000-pieces-puzzle-francois-boucher-landschaft-bei-beauvais\/p\/\",\"url\":\"https:\/\/business.roovi.com\/de\/adult-1000-pieces-puzzle-francois-boucher-landschaft-bei-beauvais\/p\/\",\"name\":\"Adult 1000 pieces puzzle Fran\u00e7ois Boucher - Landschaft bei Beauvais\",\"isPartOf\":{\"@id\":\"https:\/\/business.roovi.com\/de\/#website\"},\"datePublished\":\"2018-04-16T10:56:17+00:00\",\"dateModified\":\"2023-02-20T12:12:49+00:00\",\"description\":\"Adult 1000 pieces puzzle Fran\u00e7ois Boucher - Landschaft bei Beauvais\",\"breadcrumb\":{\"@id\":\"https:\/\/business.roovi.com\/de\/adult-1000-pieces-puzzle-francois-boucher-landschaft-bei-beauvais\/p\/#breadcrumb\"},\"inLanguage\":\"de\",\"potentialAction\":[{\"@type\":\"ReadAction\",\"target\":[\"https:\/\/business.roovi.com\/de\/adult-1000-pieces-puzzle-francois-boucher-landschaft-bei-beauvais\/p\/\"]}]},{\"@type\":\"BreadcrumbList\",\"@id\":\"https:\/\/business.roovi.com\/de\/adult-1000-pieces-puzzle-francois-boucher-landschaft-bei-beauvais\/p\/#breadcrumb\",\"itemListElement\":[{\"@type\":\"ListItem\",\"position\":1,\"name\":\"Home\",\"item\":\"https:\/\/business.roovi.com\/de\/\"},{\"@type\":\"ListItem\",\"position\":2,\"name\":\"Shop\",\"item\":\"https:\/\/business.roovi.com\/de\/shop\/\"},{\"@type\":\"ListItem\",\"position\":3,\"name\":\"Adult 1000 pieces puzzle Fran\u00e7ois Boucher &#8211; Landschaft bei Beauvais\"}]},{\"@type\":\"WebSite\",\"@id\":\"https:\/\/business.roovi.com\/de\/#website\",\"url\":\"https:\/\/business.roovi.com\/de\/\",\"name\":\"Roovi B2B\",\"description\":\"Roovi Business Website\",\"potentialAction\":[{\"@type\":\"SearchAction\",\"target\":{\"@type\":\"EntryPoint\",\"urlTemplate\":\"https:\/\/business.roovi.com\/de\/?s={search_term_string}\"},\"query-input\":\"required name=search_term_string\"}],\"inLanguage\":\"de\"}]}<\/script>\n<!-- \/ Yoast SEO plugin. -->","yoast_head_json":{"title":"Adult 1000 pieces puzzle Fran\u00e7ois Boucher - Landschaft bei Beauvais","description":"Adult 1000 pieces puzzle Fran\u00e7ois Boucher - Landschaft bei Beauvais","robots":{"index":"index","follow":"follow","max-snippet":"max-snippet:-1","max-image-preview":"max-image-preview:large","max-video-preview":"max-video-preview:-1"},"canonical":"https:\/\/business.roovi.com\/de\/adult-1000-pieces-puzzle-francois-boucher-landschaft-bei-beauvais\/p\/","og_locale":"de_DE","og_type":"article","og_title":"Adult 1000 pieces puzzle Fran\u00e7ois Boucher - Landschaft bei Beauvais","og_description":"Adult 1000 pieces puzzle Fran\u00e7ois Boucher - Landschaft bei Beauvais","og_url":"https:\/\/business.roovi.com\/de\/adult-1000-pieces-puzzle-francois-boucher-landschaft-bei-beauvais\/p\/","og_site_name":"Roovi B2B","article_publisher":"https:\/\/www.facebook.com\/wwwjucariero","article_modified_time":"2023-02-20T12:12:49+00:00","og_image":[{"width":1200,"height":1200,"url":"https:\/\/business.roovi.com\/wp-content\/uploads\/2018\/04\/72696-BO-01-WEB.jpg","type":"image\/jpeg"}],"twitter_misc":{"Gesch\u00e4tzte Lesezeit":"3\u00a0Minuten"},"schema":{"@context":"https:\/\/schema.org","@graph":[{"@type":"WebPage","@id":"https:\/\/business.roovi.com\/de\/adult-1000-pieces-puzzle-francois-boucher-landschaft-bei-beauvais\/p\/","url":"https:\/\/business.roovi.com\/de\/adult-1000-pieces-puzzle-francois-boucher-landschaft-bei-beauvais\/p\/","name":"Adult 1000 pieces puzzle Fran\u00e7ois Boucher - Landschaft bei Beauvais","isPartOf":{"@id":"https:\/\/business.roovi.com\/de\/#website"},"datePublished":"2018-04-16T10:56:17+00:00","dateModified":"2023-02-20T12:12:49+00:00","description":"Adult 1000 pieces puzzle Fran\u00e7ois Boucher - Landschaft bei Beauvais","breadcrumb":{"@id":"https:\/\/business.roovi.com\/de\/adult-1000-pieces-puzzle-francois-boucher-landschaft-bei-beauvais\/p\/#breadcrumb"},"inLanguage":"de","potentialAction":[{"@type":"ReadAction","target":["https:\/\/business.roovi.com\/de\/adult-1000-pieces-puzzle-francois-boucher-landschaft-bei-beauvais\/p\/"]}]},{"@type":"BreadcrumbList","@id":"https:\/\/business.roovi.com\/de\/adult-1000-pieces-puzzle-francois-boucher-landschaft-bei-beauvais\/p\/#breadcrumb","itemListElement":[{"@type":"ListItem","position":1,"name":"Home","item":"https:\/\/business.roovi.com\/de\/"},{"@type":"ListItem","position":2,"name":"Shop","item":"https:\/\/business.roovi.com\/de\/shop\/"},{"@type":"ListItem","position":3,"name":"Adult 1000 pieces puzzle Fran\u00e7ois Boucher &#8211; Landschaft bei Beauvais"}]},{"@type":"WebSite","@id":"https:\/\/business.roovi.com\/de\/#website","url":"https:\/\/business.roovi.com\/de\/","name":"Roovi B2B","description":"Roovi Business Website","potentialAction":[{"@type":"SearchAction","target":{"@type":"EntryPoint","urlTemplate":"https:\/\/business.roovi.com\/de\/?s={search_term_string}"},"query-input":"required name=search_term_string"}],"inLanguage":"de"}]}},"_links":{"self":[{"href":"https:\/\/business.roovi.com\/de\/wp-json\/wp\/v2\/product\/41534","targetHints":{"allow":["GET"]}}],"collection":[{"href":"https:\/\/business.roovi.com\/de\/wp-json\/wp\/v2\/product"}],"about":[{"href":"https:\/\/business.roovi.com\/de\/wp-json\/wp\/v2\/types\/product"}],"version-history":[{"count":0,"href":"https:\/\/business.roovi.com\/de\/wp-json\/wp\/v2\/product\/41534\/revisions"}],"wp:featuredmedia":[{"embeddable":true,"href":"https:\/\/business.roovi.com\/de\/wp-json\/wp\/v2\/media\/63303"}],"wp:attachment":[{"href":"https:\/\/business.roovi.com\/de\/wp-json\/wp\/v2\/media?parent=41534"}],"wp:term":[{"taxonomy":"product_brand","embeddable":true,"href":"https:\/\/business.roovi.com\/de\/wp-json\/wp\/v2\/product_brand?post=41534"},{"taxonomy":"product_cat","embeddable":true,"href":"https:\/\/business.roovi.com\/de\/wp-json\/wp\/v2\/product_cat?post=41534"},{"taxonomy":"product_tag","embeddable":true,"href":"https:\/\/business.roovi.com\/de\/wp-json\/wp\/v2\/product_tag?post=41534"}],"curies":[{"name":"wp","href":"https:\/\/api.w.org\/{rel}","templated":true}]}}