{"id":41538,"date":"2018-04-16T10:56:17","date_gmt":"2018-04-16T10:56:17","guid":{"rendered":"https:\/\/business.roovi.com\/puzzle-adulti-sandro-botticelli-the-birth-of-venusnasterea-lui-venus-1000-piese\/p\/"},"modified":"2022-07-06T17:19:44","modified_gmt":"2022-07-06T17:19:44","slug":"1000-teile-sandro-botticelli-die-geburt-der-venus-puzzle-fur-erwachsene","status":"publish","type":"product","link":"https:\/\/business.roovi.com\/de\/1000-teile-sandro-botticelli-die-geburt-der-venus-puzzle-fur-erwachsene\/p\/","title":{"rendered":"1000 Teile Sandro Botticelli &#8211; Die Geburt der Venus Puzzle f\u00fcr Erwachsene"},"content":{"rendered":"<p><span style=\"font-weight: 400\">Puzzlespiele schalten dich von den Alltagssorgen ab. Sie entspannen dich und lassen deinen Geist eine Stunde lang arbeiten (oder mehr, das k\u00f6nnen wir dir aus Erfahrung sagen), und am Ende geben sie dir die Befriedigung, eine schwierige Aufgabe erledigt zu haben. Au\u00dferdem ist das Ergebnis gro\u00dfartig. Wie kannst du dich nicht freuen, wenn du eine originalgetreue Kopie eines bekannten Kunstwerks an deine Wand h\u00e4ngen kannst? Ein echter Da Vinci, Renoir, Monet und viele andere k\u00f6nnen dir geh\u00f6ren, entdecke sie in unserer Kunstr\u00e4tselsammlung.<\/span><\/p>\n<p><span style=\"font-weight: 400\">Zusammenstellen <\/span><span style=\"font-weight: 400\">Sandro Botticelli &#8211; Die Geburt der Venus 1000 Teile Puzzle und du hast eines der sch\u00f6nsten Gem\u00e4lde der Renaissance in der Privatsph\u00e4re deines eigenen Zuhauses. Es ist faszinierend, wie die k\u00fcnstlerische Sensibilit\u00e4t des ber\u00fchmten Malers in einem 1000-teiligen Puzzle erhalten ist. Das Gesicht der offenen Venus ist in der Tat der Ausdruck <\/span><span style=\"font-weight: 400\">Simonetta Vespucci, ein junges M\u00e4dchen, das Botticelli sein ganzes Leben lang verg\u00f6tterte, das aber eine unerf\u00fcllte Liebe blieb.<\/span><\/p>\n<p><span style=\"font-weight: 400\">Fesselt dich die Geschichte hinter dem 1000-Teile-Puzzle Birth of Venus? Das Kunstr\u00e4tsel ist jetzt nur noch einen Klick entfernt. Sieh dir unten die Details zu den Gr\u00f6\u00dfen und Funktionen dieses Puzzles f\u00fcr Erwachsene an, gib deine Bestellung auf und mach dich an die Arbeit, das Meisterwerk neu zu gestalten! Mindestens 30 Stunden Spa\u00df sind dir garantiert <\/span><\/p>\n<p><span style=\"font-weight: 400\">Gr\u00f6\u00dfe des zusammengesetzten Puzzles: 50&#215;70 cm &#8211; das Originalbild ist etwas gr\u00f6\u00dfer &#8211; <\/span><span style=\"font-weight: 400\">172,5 \u00d7 278,5 cm<\/span><span style=\"font-weight: 400\">. Du kannst dieses 1000-teilige Puzzle auf einem normalen Couchtisch zusammensetzen.<\/span><\/p>\n<p><span style=\"font-weight: 400\">Puzzle-Material <\/span><\/p>\n<ul>\n<li><span style=\"font-weight: 400\">hochwertiger blauer Karton<\/span><\/li>\n<li><span style=\"font-weight: 400\">nachhaltige, recycelbare Materialien<\/span><\/li>\n<li><span style=\"font-weight: 400\">halbgl\u00e4nzende Oberfl\u00e4che, leuchtende Farben<\/span><\/li>\n<\/ul>\n<p><span style=\"font-weight: 400\">Anzahl der Puzzleteile: 1000<\/span><\/p>\n<p><span style=\"font-weight: 400\">Empfohlenes Alter: 14+<\/span><\/p>\n<p><strong>1000 Teile Puzzle: Erwachsenenpuzzle mit Mehrfachnutzen<\/strong><\/p>\n<p><span style=\"font-weight: 400\">Ein 1000-teiliges Puzzle ist mehr als nur ein Puzzle f\u00fcr Erwachsene, um deine langweiligen Tage zu f\u00fcllen. Hier sind nur einige der Vorteile, die du haben kannst, wenn du Tag f\u00fcr Tag Kunstr\u00e4tsel l\u00f6st:<\/span><\/p>\n<p><strong>Du wirst zum Kenner der k\u00fcnstlerischen Details <\/strong><span style=\"font-weight: 400\">Die 1000-teiligen Puzzles in unserer Kunstpuzzle-Kollektion sind aus hochwertigem Karton gefertigt, damit das rekonstruierte Bild die k\u00fcnstlerischen Details einf\u00e4ngt, die du siehst, wenn du ein authentisches Kunstwerk in einem Museum betrachtest.<\/span><\/p>\n<p><strong>Sich wie ein echter K\u00fcnstler f\u00fchlen<\/strong><span style=\"font-weight: 400\"> dieses erstaunliche 1000-Teile-Puzzle zu vervollst\u00e4ndigen. Du suchst nach den richtigen Teilen, manchmal machst du Fehler, aber du f\u00e4ngst von vorne an, weil du wei\u00dft, wie gut es sich anf\u00fchlt, wenn die Arbeit fertig ist. Wie ein echter Maler machst du immer wieder neue Umrisse und Farben, bis das Werk fertig ist, oder? <\/span><\/p>\n<p><span style=\"font-weight: 400\">  <\/span><strong>Es schenkt dir viele Stunden der Ruhe und Entspannung <\/strong><span style=\"font-weight: 400\">Es ist ein wahres Vergn\u00fcgen, in Gesellschaft eines Kunstr\u00e4tsels f\u00fcr einige Stunden von den Sorgen und Gedanken des Tages abzuschalten. Das Vervollst\u00e4ndigen eines 1000-teiligen Puzzles aus der Kunstpuzzle-Kollektion ist eine Oase der Ruhe und Entspannung f\u00fcr jeden erwachsenen Kunstliebhaber.<\/span><\/p>\n<p><strong>Es verbindet dich mit einem geliebten Menschen.<\/strong><span style=\"font-weight: 400\"> Ein 1000-Teile-Puzzle kann auch eine Gruppenaktivit\u00e4t sein. Lade deine Freunde ein oder versammle deine Familie um den Esszimmertisch und fange an, dein Bild zusammenzusetzen. Ihr werdet euch alle wie echte Detektive f\u00fchlen, die gemeinsam ein gro\u00dfes Geheimnis l\u00f6sen.<\/span><\/p>\n<p><strong>Wusstest du schon von Sandro Botticelli?&#8230;<\/strong><\/p>\n<ul>\n<li>ist als anmutiger Maler der Renaissance bekannt, denn die K\u00f6rper in seinen Gem\u00e4lden spiegeln Raffinesse und Harmonie wider, sie haben feine und zarte Silhouetten, im Gegensatz zu Michelangelo zum Beispiel, dessen K\u00f6rper eine herkulische Muskulatur haben und St\u00e4rke ausdr\u00fccken.<\/li>\n<li>einige Kritiker hatten Zweifel an seiner sexuellen Orientierung, aber diese Hypothese wurde ausger\u00e4umt, als sich herausstellte, dass der Maler sein ganzes Leben lang in Simonetta Vespucci verliebt war, die er in Die Geburt der Venus anmutig darstellte.<\/li>\n<li>er bat darum, zu F\u00fc\u00dfen der Frau, die er liebte, in der Ognisanti-Kirche in Florenz begraben zu werden, und sein Wunsch wurde erf\u00fcllt.<\/li>\n<li>malte auf Wunsch von Papst Sixtus IV. lange vor Michelangelo drei Fresken f\u00fcr die Sixtinische Kapelle. Seine Werke sind noch heute an den Seitenw\u00e4nden der Kapelle zu bewundern.<\/li>\n<li>ist in der Geschichte der Renaissance lange Zeit unbekannt gewesen. Ein Zeitgenosse von heiligen Monstern wie Leonardo da Vinci oder Michelangelo zu sein, kann ein gro\u00dfer Nachteil sein, weil es schnell zur Anonymit\u00e4t f\u00fchrt <\/li>\n<\/ul>\n<p><strong>3 Kuriosit\u00e4ten \u00fcber die Geburt der Venus, dargestellt in diesem 1000-Teile-Puzzle<\/strong><\/p>\n<ol>\n<li><span style=\"font-weight: 400\">Das Gem\u00e4lde wurde von Vertretern der Familie Medici in Auftrag gegeben und befand sich lange Zeit in ihrer Villa Castello.<\/span><\/li>\n<li><span style=\"font-weight: 400\">Der Schwerpunkt des Gem\u00e4ldes liegt auf der Art und Weise, wie Botticelli die durch den Wind verursachte Bewegung und die Art und Weise, wie das Haar der G\u00f6ttin Venus verdreht ist, gemalt hat.<\/span><\/li>\n<li><em><span style=\"font-weight: 400\">Geburt der Venus<\/span><\/em><span style=\"font-weight: 400\"> und <\/span><em><span style=\"font-weight: 400\">Fr\u00fchling<\/span><\/em><span style=\"font-weight: 400\"> sind Botticellis erste Gem\u00e4lde mit einem heidnischen Thema, denn bis dahin waren alle seine Werke \u00fcberwiegend religi\u00f6s.<\/span><\/li>\n<\/ol>\n<p><strong>Was sagen Wissenschaftlerinnen und Wissenschaftler \u00fcber die Vorteile von 1000-Teile-Puzzles?<\/strong><\/p>\n<p><span style=\"font-weight: 400\">Studien \u00fcber die Jahre hinweg zeigen \u00fcbereinstimmend mehrere Vorteile von Puzzlespielen f\u00fcr Erwachsene. Hier sind einige von ihnen:<\/span><\/p>\n<ul>\n<li><span style=\"font-weight: 400\">Ged\u00e4chtnistraining<\/span><\/li>\n<li><span style=\"font-weight: 400\">Konzentration verbessern<\/span><\/li>\n<li><span style=\"font-weight: 400\">Sie sind eine gro\u00dfartige geistige \u00dcbung<\/span><\/li>\n<li><span style=\"font-weight: 400\">Die Stimmung verbessern<\/span><\/li>\n<li><span style=\"font-weight: 400\">Stress abbauen<\/span><\/li>\n<\/ul>\n<p><span style=\"font-weight: 400\">Kaufe dieses wunderbare 1000-teilige Puzzle aus unserer Kunstpuzzle-Kollektion und du wirst ein wirklich entspannendes Erlebnis haben. Wage es, f\u00fcr ein paar Stunden der Maler zu sein, der Sandro Botticellis Kunstwerk malt und beobachte, was f\u00fcr ein wunderbares Gem\u00e4lde der Geburt der Venus aus deinen H\u00e4nden entsteht!<\/span><\/p>\n<p><span style=\"font-weight: 400\">Das 1000-Teile-Puzzle Birth of Venus ist ein ideales Geschenk f\u00fcr Kunst- und erwachsene 1000-Teile-Puzzle-Liebhaber, aber auch f\u00fcr diejenigen, die die Herausforderung m\u00f6gen, neue und raffinierte Puzzlespiele auszuprobieren.<\/span><\/p>\n","protected":false},"excerpt":{"rendered":"<p>Puzzlespiele schalten dich von den Alltagssorgen ab. Sie entspannen dich und lassen deinen Geist eine Stunde lang arbeiten (oder mehr,<\/p>\n","protected":false},"featured_media":63096,"template":"","meta":[],"product_brand":[],"product_cat":[1916,1875,1915],"product_tag":[],"class_list":{"0":"post-41538","1":"product","2":"type-product","3":"status-publish","4":"has-post-thumbnail","6":"product_cat-1000-teile-puzzle","7":"product_cat-puzzle-de","8":"product_cat-puzzlespiele-fur-erwachsene","9":"pa_bax-10-de","10":"pa_brand-d_toys-de","11":"pa_country_of_manufacture-ro-de","12":"pa_filter_age-14-de","13":"pa_painter-sandrobotticelli-de","14":"pa_tip_ambalaj-kasten-a4-de","15":"pa_tip_puzzle-klassisch","17":"first","18":"instock","19":"taxable","20":"shipping-taxable","21":"product-type-simple"},"yoast_head":"<!-- This site is optimized with the Yoast SEO plugin v20.1 - https:\/\/yoast.com\/wordpress\/plugins\/seo\/ -->\n<title>1000 Teile Sandro Botticelli - Die Geburt der Venus Puzzle f\u00fcr Erwachsene<\/title>\n<meta name=\"description\" content=\"1000 Teile Sandro Botticelli - Die Geburt der Venus Puzzle f\u00fcr Erwachsene\" \/>\n<meta name=\"robots\" content=\"index, follow, max-snippet:-1, max-image-preview:large, max-video-preview:-1\" \/>\n<link rel=\"canonical\" href=\"https:\/\/business.roovi.com\/de\/1000-teile-sandro-botticelli-die-geburt-der-venus-puzzle-fur-erwachsene\/p\/\" \/>\n<meta property=\"og:locale\" content=\"de_DE\" \/>\n<meta property=\"og:type\" content=\"article\" \/>\n<meta property=\"og:title\" content=\"1000 Teile Sandro Botticelli - Die Geburt der Venus Puzzle f\u00fcr Erwachsene\" \/>\n<meta property=\"og:description\" content=\"1000 Teile Sandro Botticelli - Die Geburt der Venus Puzzle f\u00fcr Erwachsene\" \/>\n<meta property=\"og:url\" content=\"https:\/\/business.roovi.com\/de\/1000-teile-sandro-botticelli-die-geburt-der-venus-puzzle-fur-erwachsene\/p\/\" \/>\n<meta property=\"og:site_name\" content=\"Roovi B2B\" \/>\n<meta property=\"article:publisher\" content=\"https:\/\/www.facebook.com\/wwwjucariero\" \/>\n<meta property=\"article:modified_time\" content=\"2022-07-06T17:19:44+00:00\" \/>\n<meta property=\"og:image\" content=\"https:\/\/business.roovi.com\/wp-content\/uploads\/2018\/04\/72672-01_ansamblu_dimensiuni_cutie_cm.png\" \/>\n\t<meta property=\"og:image:width\" content=\"1200\" \/>\n\t<meta property=\"og:image:height\" content=\"1200\" \/>\n\t<meta property=\"og:image:type\" content=\"image\/png\" \/>\n<meta name=\"twitter:label1\" content=\"Gesch\u00e4tzte Lesezeit\" \/>\n\t<meta name=\"twitter:data1\" content=\"5\u00a0Minuten\" \/>\n<script type=\"application\/ld+json\" class=\"yoast-schema-graph\">{\"@context\":\"https:\/\/schema.org\",\"@graph\":[{\"@type\":\"WebPage\",\"@id\":\"https:\/\/business.roovi.com\/de\/1000-teile-sandro-botticelli-die-geburt-der-venus-puzzle-fur-erwachsene\/p\/\",\"url\":\"https:\/\/business.roovi.com\/de\/1000-teile-sandro-botticelli-die-geburt-der-venus-puzzle-fur-erwachsene\/p\/\",\"name\":\"1000 Teile Sandro Botticelli - Die Geburt der Venus Puzzle f\u00fcr Erwachsene\",\"isPartOf\":{\"@id\":\"https:\/\/business.roovi.com\/de\/#website\"},\"datePublished\":\"2018-04-16T10:56:17+00:00\",\"dateModified\":\"2022-07-06T17:19:44+00:00\",\"description\":\"1000 Teile Sandro Botticelli - Die Geburt der Venus Puzzle f\u00fcr Erwachsene\",\"breadcrumb\":{\"@id\":\"https:\/\/business.roovi.com\/de\/1000-teile-sandro-botticelli-die-geburt-der-venus-puzzle-fur-erwachsene\/p\/#breadcrumb\"},\"inLanguage\":\"de\",\"potentialAction\":[{\"@type\":\"ReadAction\",\"target\":[\"https:\/\/business.roovi.com\/de\/1000-teile-sandro-botticelli-die-geburt-der-venus-puzzle-fur-erwachsene\/p\/\"]}]},{\"@type\":\"BreadcrumbList\",\"@id\":\"https:\/\/business.roovi.com\/de\/1000-teile-sandro-botticelli-die-geburt-der-venus-puzzle-fur-erwachsene\/p\/#breadcrumb\",\"itemListElement\":[{\"@type\":\"ListItem\",\"position\":1,\"name\":\"Home\",\"item\":\"https:\/\/business.roovi.com\/de\/\"},{\"@type\":\"ListItem\",\"position\":2,\"name\":\"Shop\",\"item\":\"https:\/\/business.roovi.com\/de\/shop\/\"},{\"@type\":\"ListItem\",\"position\":3,\"name\":\"1000 Teile Sandro Botticelli &#8211; Die Geburt der Venus Puzzle f\u00fcr Erwachsene\"}]},{\"@type\":\"WebSite\",\"@id\":\"https:\/\/business.roovi.com\/de\/#website\",\"url\":\"https:\/\/business.roovi.com\/de\/\",\"name\":\"Roovi B2B\",\"description\":\"Roovi Business Website\",\"potentialAction\":[{\"@type\":\"SearchAction\",\"target\":{\"@type\":\"EntryPoint\",\"urlTemplate\":\"https:\/\/business.roovi.com\/de\/?s={search_term_string}\"},\"query-input\":\"required name=search_term_string\"}],\"inLanguage\":\"de\"}]}<\/script>\n<!-- \/ Yoast SEO plugin. -->","yoast_head_json":{"title":"1000 Teile Sandro Botticelli - Die Geburt der Venus Puzzle f\u00fcr Erwachsene","description":"1000 Teile Sandro Botticelli - Die Geburt der Venus Puzzle f\u00fcr Erwachsene","robots":{"index":"index","follow":"follow","max-snippet":"max-snippet:-1","max-image-preview":"max-image-preview:large","max-video-preview":"max-video-preview:-1"},"canonical":"https:\/\/business.roovi.com\/de\/1000-teile-sandro-botticelli-die-geburt-der-venus-puzzle-fur-erwachsene\/p\/","og_locale":"de_DE","og_type":"article","og_title":"1000 Teile Sandro Botticelli - Die Geburt der Venus Puzzle f\u00fcr Erwachsene","og_description":"1000 Teile Sandro Botticelli - Die Geburt der Venus Puzzle f\u00fcr Erwachsene","og_url":"https:\/\/business.roovi.com\/de\/1000-teile-sandro-botticelli-die-geburt-der-venus-puzzle-fur-erwachsene\/p\/","og_site_name":"Roovi B2B","article_publisher":"https:\/\/www.facebook.com\/wwwjucariero","article_modified_time":"2022-07-06T17:19:44+00:00","og_image":[{"width":1200,"height":1200,"url":"https:\/\/business.roovi.com\/wp-content\/uploads\/2018\/04\/72672-01_ansamblu_dimensiuni_cutie_cm.png","type":"image\/png"}],"twitter_misc":{"Gesch\u00e4tzte Lesezeit":"5\u00a0Minuten"},"schema":{"@context":"https:\/\/schema.org","@graph":[{"@type":"WebPage","@id":"https:\/\/business.roovi.com\/de\/1000-teile-sandro-botticelli-die-geburt-der-venus-puzzle-fur-erwachsene\/p\/","url":"https:\/\/business.roovi.com\/de\/1000-teile-sandro-botticelli-die-geburt-der-venus-puzzle-fur-erwachsene\/p\/","name":"1000 Teile Sandro Botticelli - Die Geburt der Venus Puzzle f\u00fcr Erwachsene","isPartOf":{"@id":"https:\/\/business.roovi.com\/de\/#website"},"datePublished":"2018-04-16T10:56:17+00:00","dateModified":"2022-07-06T17:19:44+00:00","description":"1000 Teile Sandro Botticelli - Die Geburt der Venus Puzzle f\u00fcr Erwachsene","breadcrumb":{"@id":"https:\/\/business.roovi.com\/de\/1000-teile-sandro-botticelli-die-geburt-der-venus-puzzle-fur-erwachsene\/p\/#breadcrumb"},"inLanguage":"de","potentialAction":[{"@type":"ReadAction","target":["https:\/\/business.roovi.com\/de\/1000-teile-sandro-botticelli-die-geburt-der-venus-puzzle-fur-erwachsene\/p\/"]}]},{"@type":"BreadcrumbList","@id":"https:\/\/business.roovi.com\/de\/1000-teile-sandro-botticelli-die-geburt-der-venus-puzzle-fur-erwachsene\/p\/#breadcrumb","itemListElement":[{"@type":"ListItem","position":1,"name":"Home","item":"https:\/\/business.roovi.com\/de\/"},{"@type":"ListItem","position":2,"name":"Shop","item":"https:\/\/business.roovi.com\/de\/shop\/"},{"@type":"ListItem","position":3,"name":"1000 Teile Sandro Botticelli &#8211; Die Geburt der Venus Puzzle f\u00fcr Erwachsene"}]},{"@type":"WebSite","@id":"https:\/\/business.roovi.com\/de\/#website","url":"https:\/\/business.roovi.com\/de\/","name":"Roovi B2B","description":"Roovi Business Website","potentialAction":[{"@type":"SearchAction","target":{"@type":"EntryPoint","urlTemplate":"https:\/\/business.roovi.com\/de\/?s={search_term_string}"},"query-input":"required name=search_term_string"}],"inLanguage":"de"}]}},"_links":{"self":[{"href":"https:\/\/business.roovi.com\/de\/wp-json\/wp\/v2\/product\/41538","targetHints":{"allow":["GET"]}}],"collection":[{"href":"https:\/\/business.roovi.com\/de\/wp-json\/wp\/v2\/product"}],"about":[{"href":"https:\/\/business.roovi.com\/de\/wp-json\/wp\/v2\/types\/product"}],"version-history":[{"count":0,"href":"https:\/\/business.roovi.com\/de\/wp-json\/wp\/v2\/product\/41538\/revisions"}],"wp:featuredmedia":[{"embeddable":true,"href":"https:\/\/business.roovi.com\/de\/wp-json\/wp\/v2\/media\/63096"}],"wp:attachment":[{"href":"https:\/\/business.roovi.com\/de\/wp-json\/wp\/v2\/media?parent=41538"}],"wp:term":[{"taxonomy":"product_brand","embeddable":true,"href":"https:\/\/business.roovi.com\/de\/wp-json\/wp\/v2\/product_brand?post=41538"},{"taxonomy":"product_cat","embeddable":true,"href":"https:\/\/business.roovi.com\/de\/wp-json\/wp\/v2\/product_cat?post=41538"},{"taxonomy":"product_tag","embeddable":true,"href":"https:\/\/business.roovi.com\/de\/wp-json\/wp\/v2\/product_tag?post=41538"}],"curies":[{"name":"wp","href":"https:\/\/api.w.org\/{rel}","templated":true}]}}