{"id":41542,"date":"2018-04-16T10:56:17","date_gmt":"2018-04-16T10:56:17","guid":{"rendered":"https:\/\/business.roovi.com\/puzzle-adulti-sandro-botticelli-primavera-1000-piese\/p\/"},"modified":"2022-07-06T17:19:52","modified_gmt":"2022-07-06T17:19:52","slug":"1000-teile-sandro-botticelli-puzzle-fur-erwachsene-fruhling","status":"publish","type":"product","link":"https:\/\/business.roovi.com\/de\/1000-teile-sandro-botticelli-puzzle-fur-erwachsene-fruhling\/p\/","title":{"rendered":"1000 Teile Sandro Botticelli-Puzzle f\u00fcr Erwachsene &#8211; Fr\u00fchling"},"content":{"rendered":"<p><span style=\"font-weight: 400\">Entdecke jetzt die 1000-teilige Puzzlesammlung mit Bildern der ber\u00fchmtesten Gem\u00e4lde der Renaissance. Leonardo Da Vinci, Sandro Boticelli, <\/span><span style=\"font-weight: 400\">Vincent Van Gogh und viele andere finden sich in unserem Kunstpuzzle-Sortiment. Setze die Puzzles f\u00fcr Erwachsene zusammen und erschaffe echte Kunstwerke, die deine Augen jeden Tag aufs Neue erfreuen werden.<\/span><\/p>\n<p><span style=\"font-weight: 400\">Vollst\u00e4ndiges Puzzle 1000 <\/span><span style=\"font-weight: 400\">Sandro Botticelli &#8211; <\/span><span style=\"font-weight: 400\">Primavera und du bekommst ein wunderbares Bild, das die Sensibilit\u00e4t und Anmut des K\u00fcnstlers einf\u00e4ngt. Dieses ber\u00fchmte Gem\u00e4lde misst tats\u00e4chlich beeindruckende 2 x 3,14 m und ist eines der umstrittensten Gem\u00e4lde der Welt <\/span><\/p>\n<p><span style=\"font-weight: 400\">Ordne die Teile dieses Kunstpuzzles und nimm sie mit nach Hause <\/span><em><span style=\"font-weight: 400\">Fr\u00fchling<\/span><\/em><span style=\"font-weight: 400\"> botticellis faszinierender Fr\u00fchling! Das Gem\u00e4lde, das du mit diesem 1000-teiligen Puzzle bekommst, hat nicht die Gr\u00f6\u00dfe des echten Gem\u00e4ldes, aber es ist eine sehr genaue Kopie des Originals, mit vielen Details, die du sehen kannst, wenn du dir das wunderbare Gem\u00e4lde im Museum in Florenz ansiehst.  Siehe unten f\u00fcr Details und Eigenschaften dieses Kunstpuzzles.<\/span><\/p>\n<p><span style=\"font-weight: 400\">Gr\u00f6\u00dfe des zusammengesetzten Puzzles: 50&#215;70 cm. Du kannst dieses 1000-teilige Puzzle auf einem normalen Couchtisch zusammensetzen.<\/span><\/p>\n<p><span style=\"font-weight: 400\">Puzzle-Material <\/span><\/p>\n<ul style=\"list-style-type: circle\">\n<li><span style=\"font-weight: 400\">hochwertiger blauer Karton<\/span><\/li>\n<li><span style=\"font-weight: 400\">nachhaltige, recycelbare Materialien<\/span><\/li>\n<li><span style=\"font-weight: 400\">halbgl\u00e4nzende Oberfl\u00e4che, leuchtende Farben<\/span><\/li>\n<\/ul>\n<p><span style=\"font-weight: 400\">Anzahl der Puzzleteile: 1000<\/span><\/p>\n<p><span style=\"font-weight: 400\">Empfohlenes Alter: 14+<\/span><\/p>\n<p><strong>Warum ist es vorteilhaft, 1000 Teile zu puzzeln?<\/strong><\/p>\n<ul style=\"list-style-type: circle\">\n<li><span style=\"font-weight: 400\">Denn es h\u00e4lt dich von der virtuellen Welt fern, macht deinen Kopf frei und hilft dir zu entspannen.<\/span><\/li>\n<li><span style=\"font-weight: 400\">Auf lange Sicht wirst du feststellen, dass sich dein Ged\u00e4chtnis verbessert. Wenn du in Verbindung bleibst und dich konzentrierst, ist das ein n\u00fctzliches Training, das sich auch auf andere Aspekte deines Lebens auswirkt.<\/span><\/li>\n<li><span style=\"font-weight: 400\">Denn es h\u00e4lt dich von neurodegenerativen Krankheiten wie Alzheimer fern. Ein Gehirn, das jeden Tag arbeitet, ist ein gesundes Gehirn. Das L\u00f6sen eines R\u00e4tsels f\u00fcr Erwachsene ist eine der Aktivit\u00e4ten, die gut f\u00fcr das Gehirn sind.<\/span><\/li>\n<li><span style=\"font-weight: 400\">Das kann ein Spa\u00df f\u00fcr die Familie sein. Was k\u00f6nnte an tr\u00fcben Winterabenden entspannender sein als eine lustige Familienaktivit\u00e4t am Esszimmertisch, bei der jeder nach und nach das R\u00e4tsel des 1000-Teile-Puzzles l\u00f6st? <\/span><\/li>\n<li><span style=\"font-weight: 400\">Weil es dich gl\u00fccklich macht! Es wurde festgestellt, dass das L\u00f6sen von R\u00e4tseln bei Erwachsenen die Aussch\u00fcttung von Dopamin anregt &#8211; dem Hormon, das f\u00fcr Gl\u00fccksgef\u00fchle verantwortlich ist.<\/span><\/li>\n<\/ul>\n<p><strong>Willst du mehr \u00fcber Botticelli wissen?<\/strong><\/p>\n<p><span style=\"font-weight: 400\">Sandro Botticelli &#8211; Primavera 1000 Teile Puzzle spiegelt nicht nur die hohe Qualit\u00e4t der Erwachsenenpuzzles in unserem Kunstpuzzle-Sortiment wider, sondern auch die Komplexit\u00e4t des K\u00fcnstlers und seines Werks, die in diesem 1000 Teile Puzzle zu finden sind. Hier sind also ein paar Kuriosit\u00e4ten \u00fcber das Originalgem\u00e4lde und seinen ber\u00fchmten Autor:<\/span><\/p>\n<ul style=\"list-style-type: circle\">\n<li><span style=\"font-weight: 400\">Botticellis Gem\u00e4lde, also auch  <\/span><em><span style=\"font-weight: 400\">Primavera<\/span><\/em><span style=\"font-weight: 400\">sind alle in Tempera.<\/span><\/li>\n<li><span style=\"font-weight: 400\">Ein 1996 entdeckter Asteroid tr\u00e4gt den Namen des K\u00fcnstlers.<\/span><\/li>\n<li><span style=\"font-weight: 400\">Seine Bilder zeichnen sich durch ihren durchsichtigen und mehrdeutigen Charakter aus. Viele der Figuren auf den Gem\u00e4lden scheinen zu schweben. Obwohl sie stehen, erwecken sie den Eindruck, in Bewegung zu sein, was eine gewisse Zweideutigkeit erzeugt<\/span><\/li>\n<li><span style=\"font-weight: 400\">Die genaue Geschichte ist nicht bekannt  <\/span><em><span style=\"font-weight: 400\">Fr\u00fchling<\/span><\/em><span style=\"font-weight: 400\">  botticellis Fr\u00fchling. Es wird vermutet, dass es von einem Mitglied der Medici-Familie in Auftrag gegeben wurde, ebenso wie die  <\/span><em><span style=\"font-weight: 400\">Geburt der Venus<\/span><\/em><span style=\"font-weight: 400\">.<\/span><\/li>\n<li><span style=\"font-weight: 400\">Der Fr\u00fchling symbolisiert Liebe, Jugend, Sch\u00f6nheit und auch Wiedergeburt, denn wie der Fr\u00fchling, der die Natur Jahr f\u00fcr Jahr zum Leben erweckt, sehnt sich auch der Mensch nach Gl\u00fcck und ewiger Jugend.<\/span><\/li>\n<\/ul>\n<p><strong>5 weitere Vorteile eines 1000 Teile umfassenden Puzzles<\/strong><\/p>\n<ol>\n<li><span style=\"font-weight: 400\">Hilft dir, dich im Alltag besser zu konzentrieren.<\/span><\/li>\n<li><span style=\"font-weight: 400\">Hilft, dein Ged\u00e4chtnis zu verbessern.<\/span><\/li>\n<li><span style=\"font-weight: 400\">Du f\u00fchlst dich wie ein kleiner Detektiv, der nach Hinweisen sucht, sie zusammensetzt und das Geheimnis des Kunstwerks l\u00f6st.<\/span><\/li>\n<li><span style=\"font-weight: 400\">Es hilft dir, dich mit dir selbst zu verbinden. Du bist nur mit dir selbst zusammen und konzentrierst dich auf eine bestimmte Aufgabe, die du mit Entschlossenheit ausf\u00fchrst.<\/span><\/li>\n<li><span style=\"font-weight: 400\">es verbessert dein visuelles und r\u00e4umliches Vorstellungsverm\u00f6gen. Wenn du ein Puzzle mit 1000 Teilen machst, musst du darauf achten, dass jedes Teil in das Gesamtbild passt. Durch \u00dcben kannst du diese F\u00e4higkeit verbessern.<\/span><\/li>\n<\/ol>\n<p><span style=\"font-weight: 400\">Hol dir den Fr\u00fchling von Sandro Botticelli nach Hause! Entdecke dieses wunderbare Puzzlespiel und verbinde dich mit der k\u00fcnstlerischen Welt. Konzentriere dich auf das Puzzle f\u00fcr Erwachsene, setze das Bild aus dem 1000-Teile-Puzzle zusammen und stelle das Bild in den Rahmen.  Kaufe jetzt dieses wunderbare 1000-Teile-Puzzle f\u00fcr dich selbst oder verschenke es an einen lieben Freund.<\/span><\/p>\n","protected":false},"excerpt":{"rendered":"<p>Entdecke jetzt die 1000-teilige Puzzlesammlung mit Bildern der ber\u00fchmtesten Gem\u00e4lde der Renaissance. Leonardo Da Vinci, Sandro Boticelli, Vincent Van Gogh<\/p>\n","protected":false},"featured_media":63102,"template":"","meta":[],"product_brand":[],"product_cat":[1916,1875,1915],"product_tag":[],"class_list":{"0":"post-41542","1":"product","2":"type-product","3":"status-publish","4":"has-post-thumbnail","6":"product_cat-1000-teile-puzzle","7":"product_cat-puzzle-de","8":"product_cat-puzzlespiele-fur-erwachsene","9":"pa_bax-10-de","10":"pa_brand-d_toys-de","11":"pa_country_of_manufacture-ro-de","12":"pa_filter_age-14-de","13":"pa_painter-sandrobotticelli-de","14":"pa_tip_ambalaj-kasten-a4-de","15":"pa_tip_puzzle-klassisch","17":"first","18":"instock","19":"taxable","20":"shipping-taxable","21":"product-type-simple"},"yoast_head":"<!-- This site is optimized with the Yoast SEO plugin v20.1 - https:\/\/yoast.com\/wordpress\/plugins\/seo\/ -->\n<title>1000 Teile Sandro Botticelli-Puzzle f\u00fcr Erwachsene - Fr\u00fchling<\/title>\n<meta name=\"description\" content=\"1000 Teile Sandro Botticelli-Puzzle f\u00fcr Erwachsene - Fr\u00fchling\" \/>\n<meta name=\"robots\" content=\"index, follow, max-snippet:-1, max-image-preview:large, max-video-preview:-1\" \/>\n<link rel=\"canonical\" href=\"https:\/\/business.roovi.com\/de\/1000-teile-sandro-botticelli-puzzle-fur-erwachsene-fruhling\/p\/\" \/>\n<meta property=\"og:locale\" content=\"de_DE\" \/>\n<meta property=\"og:type\" content=\"article\" \/>\n<meta property=\"og:title\" content=\"1000 Teile Sandro Botticelli-Puzzle f\u00fcr Erwachsene - Fr\u00fchling\" \/>\n<meta property=\"og:description\" content=\"1000 Teile Sandro Botticelli-Puzzle f\u00fcr Erwachsene - Fr\u00fchling\" \/>\n<meta property=\"og:url\" content=\"https:\/\/business.roovi.com\/de\/1000-teile-sandro-botticelli-puzzle-fur-erwachsene-fruhling\/p\/\" \/>\n<meta property=\"og:site_name\" content=\"Roovi B2B\" \/>\n<meta property=\"article:publisher\" content=\"https:\/\/www.facebook.com\/wwwjucariero\" \/>\n<meta property=\"article:modified_time\" content=\"2022-07-06T17:19:52+00:00\" \/>\n<meta property=\"og:image\" content=\"https:\/\/business.roovi.com\/wp-content\/uploads\/2018\/04\/72672-02_ansamblu_dimensiuni_cutie_cm.png\" \/>\n\t<meta property=\"og:image:width\" content=\"1200\" \/>\n\t<meta property=\"og:image:height\" content=\"1200\" \/>\n\t<meta property=\"og:image:type\" content=\"image\/png\" \/>\n<meta name=\"twitter:label1\" content=\"Gesch\u00e4tzte Lesezeit\" \/>\n\t<meta name=\"twitter:data1\" content=\"4\u00a0Minuten\" \/>\n<script type=\"application\/ld+json\" class=\"yoast-schema-graph\">{\"@context\":\"https:\/\/schema.org\",\"@graph\":[{\"@type\":\"WebPage\",\"@id\":\"https:\/\/business.roovi.com\/de\/1000-teile-sandro-botticelli-puzzle-fur-erwachsene-fruhling\/p\/\",\"url\":\"https:\/\/business.roovi.com\/de\/1000-teile-sandro-botticelli-puzzle-fur-erwachsene-fruhling\/p\/\",\"name\":\"1000 Teile Sandro Botticelli-Puzzle f\u00fcr Erwachsene - Fr\u00fchling\",\"isPartOf\":{\"@id\":\"https:\/\/business.roovi.com\/de\/#website\"},\"datePublished\":\"2018-04-16T10:56:17+00:00\",\"dateModified\":\"2022-07-06T17:19:52+00:00\",\"description\":\"1000 Teile Sandro Botticelli-Puzzle f\u00fcr Erwachsene - Fr\u00fchling\",\"breadcrumb\":{\"@id\":\"https:\/\/business.roovi.com\/de\/1000-teile-sandro-botticelli-puzzle-fur-erwachsene-fruhling\/p\/#breadcrumb\"},\"inLanguage\":\"de\",\"potentialAction\":[{\"@type\":\"ReadAction\",\"target\":[\"https:\/\/business.roovi.com\/de\/1000-teile-sandro-botticelli-puzzle-fur-erwachsene-fruhling\/p\/\"]}]},{\"@type\":\"BreadcrumbList\",\"@id\":\"https:\/\/business.roovi.com\/de\/1000-teile-sandro-botticelli-puzzle-fur-erwachsene-fruhling\/p\/#breadcrumb\",\"itemListElement\":[{\"@type\":\"ListItem\",\"position\":1,\"name\":\"Home\",\"item\":\"https:\/\/business.roovi.com\/de\/\"},{\"@type\":\"ListItem\",\"position\":2,\"name\":\"Shop\",\"item\":\"https:\/\/business.roovi.com\/de\/shop\/\"},{\"@type\":\"ListItem\",\"position\":3,\"name\":\"1000 Teile Sandro Botticelli-Puzzle f\u00fcr Erwachsene &#8211; Fr\u00fchling\"}]},{\"@type\":\"WebSite\",\"@id\":\"https:\/\/business.roovi.com\/de\/#website\",\"url\":\"https:\/\/business.roovi.com\/de\/\",\"name\":\"Roovi B2B\",\"description\":\"Roovi Business Website\",\"potentialAction\":[{\"@type\":\"SearchAction\",\"target\":{\"@type\":\"EntryPoint\",\"urlTemplate\":\"https:\/\/business.roovi.com\/de\/?s={search_term_string}\"},\"query-input\":\"required name=search_term_string\"}],\"inLanguage\":\"de\"}]}<\/script>\n<!-- \/ Yoast SEO plugin. -->","yoast_head_json":{"title":"1000 Teile Sandro Botticelli-Puzzle f\u00fcr Erwachsene - Fr\u00fchling","description":"1000 Teile Sandro Botticelli-Puzzle f\u00fcr Erwachsene - Fr\u00fchling","robots":{"index":"index","follow":"follow","max-snippet":"max-snippet:-1","max-image-preview":"max-image-preview:large","max-video-preview":"max-video-preview:-1"},"canonical":"https:\/\/business.roovi.com\/de\/1000-teile-sandro-botticelli-puzzle-fur-erwachsene-fruhling\/p\/","og_locale":"de_DE","og_type":"article","og_title":"1000 Teile Sandro Botticelli-Puzzle f\u00fcr Erwachsene - Fr\u00fchling","og_description":"1000 Teile Sandro Botticelli-Puzzle f\u00fcr Erwachsene - Fr\u00fchling","og_url":"https:\/\/business.roovi.com\/de\/1000-teile-sandro-botticelli-puzzle-fur-erwachsene-fruhling\/p\/","og_site_name":"Roovi B2B","article_publisher":"https:\/\/www.facebook.com\/wwwjucariero","article_modified_time":"2022-07-06T17:19:52+00:00","og_image":[{"width":1200,"height":1200,"url":"https:\/\/business.roovi.com\/wp-content\/uploads\/2018\/04\/72672-02_ansamblu_dimensiuni_cutie_cm.png","type":"image\/png"}],"twitter_misc":{"Gesch\u00e4tzte Lesezeit":"4\u00a0Minuten"},"schema":{"@context":"https:\/\/schema.org","@graph":[{"@type":"WebPage","@id":"https:\/\/business.roovi.com\/de\/1000-teile-sandro-botticelli-puzzle-fur-erwachsene-fruhling\/p\/","url":"https:\/\/business.roovi.com\/de\/1000-teile-sandro-botticelli-puzzle-fur-erwachsene-fruhling\/p\/","name":"1000 Teile Sandro Botticelli-Puzzle f\u00fcr Erwachsene - Fr\u00fchling","isPartOf":{"@id":"https:\/\/business.roovi.com\/de\/#website"},"datePublished":"2018-04-16T10:56:17+00:00","dateModified":"2022-07-06T17:19:52+00:00","description":"1000 Teile Sandro Botticelli-Puzzle f\u00fcr Erwachsene - Fr\u00fchling","breadcrumb":{"@id":"https:\/\/business.roovi.com\/de\/1000-teile-sandro-botticelli-puzzle-fur-erwachsene-fruhling\/p\/#breadcrumb"},"inLanguage":"de","potentialAction":[{"@type":"ReadAction","target":["https:\/\/business.roovi.com\/de\/1000-teile-sandro-botticelli-puzzle-fur-erwachsene-fruhling\/p\/"]}]},{"@type":"BreadcrumbList","@id":"https:\/\/business.roovi.com\/de\/1000-teile-sandro-botticelli-puzzle-fur-erwachsene-fruhling\/p\/#breadcrumb","itemListElement":[{"@type":"ListItem","position":1,"name":"Home","item":"https:\/\/business.roovi.com\/de\/"},{"@type":"ListItem","position":2,"name":"Shop","item":"https:\/\/business.roovi.com\/de\/shop\/"},{"@type":"ListItem","position":3,"name":"1000 Teile Sandro Botticelli-Puzzle f\u00fcr Erwachsene &#8211; Fr\u00fchling"}]},{"@type":"WebSite","@id":"https:\/\/business.roovi.com\/de\/#website","url":"https:\/\/business.roovi.com\/de\/","name":"Roovi B2B","description":"Roovi Business Website","potentialAction":[{"@type":"SearchAction","target":{"@type":"EntryPoint","urlTemplate":"https:\/\/business.roovi.com\/de\/?s={search_term_string}"},"query-input":"required name=search_term_string"}],"inLanguage":"de"}]}},"_links":{"self":[{"href":"https:\/\/business.roovi.com\/de\/wp-json\/wp\/v2\/product\/41542","targetHints":{"allow":["GET"]}}],"collection":[{"href":"https:\/\/business.roovi.com\/de\/wp-json\/wp\/v2\/product"}],"about":[{"href":"https:\/\/business.roovi.com\/de\/wp-json\/wp\/v2\/types\/product"}],"version-history":[{"count":0,"href":"https:\/\/business.roovi.com\/de\/wp-json\/wp\/v2\/product\/41542\/revisions"}],"wp:featuredmedia":[{"embeddable":true,"href":"https:\/\/business.roovi.com\/de\/wp-json\/wp\/v2\/media\/63102"}],"wp:attachment":[{"href":"https:\/\/business.roovi.com\/de\/wp-json\/wp\/v2\/media?parent=41542"}],"wp:term":[{"taxonomy":"product_brand","embeddable":true,"href":"https:\/\/business.roovi.com\/de\/wp-json\/wp\/v2\/product_brand?post=41542"},{"taxonomy":"product_cat","embeddable":true,"href":"https:\/\/business.roovi.com\/de\/wp-json\/wp\/v2\/product_cat?post=41542"},{"taxonomy":"product_tag","embeddable":true,"href":"https:\/\/business.roovi.com\/de\/wp-json\/wp\/v2\/product_tag?post=41542"}],"curies":[{"name":"wp","href":"https:\/\/api.w.org\/{rel}","templated":true}]}}