{"id":41546,"date":"2018-04-16T10:56:17","date_gmt":"2018-04-16T10:56:17","guid":{"rendered":"https:\/\/business.roovi.com\/puzzle-adulti-1000-piese-leonardo-da-vinci-mona-lisa\/p\/"},"modified":"2022-07-06T17:24:05","modified_gmt":"2022-07-06T17:24:05","slug":"1000-teile-leonardo-da-vinci-puzzle-fur-erwachsene-mona-lisa","status":"publish","type":"product","link":"https:\/\/business.roovi.com\/de\/1000-teile-leonardo-da-vinci-puzzle-fur-erwachsene-mona-lisa\/p\/","title":{"rendered":"1000 Teile Leonardo da Vinci-Puzzle f\u00fcr Erwachsene &#8211; Mona Lisa"},"content":{"rendered":"<p><span style=\"font-weight: 400\">Wenn du dich f\u00fcr Kunst begeisterst oder einem Freund, der von ber\u00fchmten Gem\u00e4lden fasziniert ist, ein Geschenk machen willst, bist du hier genau richtig! Wir haben die gr\u00f6\u00dfte Sammlung von Kunstr\u00e4tseln.<\/span><\/p>\n<p><span style=\"font-weight: 400\">Das Zusammensetzen eines Puzzles ist super entspannend und wir sagen das aus Erfahrung. Wenn du f\u00fcr ein paar Stunden vom Alltagsstress abschalten willst (oder mehr, das ist uns schon passiert), haben wir ein paar tolle Empfehlungen f\u00fcr dich!<\/span><\/p>\n<p><span style=\"font-weight: 400\">Das ber\u00fchmteste Gem\u00e4lde aus der Renaissance ist das Portr\u00e4t der Lisa del Giocondo, auch bekannt als Mona Lisa. Der r\u00e4tselhafte Ausdruck des Motivs und die geheimnisvolle Ausstrahlung des Gem\u00e4ldes verleihen diesem Gem\u00e4lde einzigartige Eigenschaften. Die Mona Lisa gilt als das ber\u00fchmteste Werk der Kunstgeschichte. Es ist wahrscheinlich auch das ber\u00fchmteste Portr\u00e4t, das je gemalt wurde.<\/span><\/p>\n<p><span style=\"font-weight: 400\">Lass dich in diese geheimnisvolle Welt entf\u00fchren und entdecke die f\u00fcr die Epoche typische Farbigkeit. Setze die Mona Lisa aus 1000 Puzzleteilen zusammen und du erh\u00e4ltst eine Nachbildung dieses Meisterwerks fast in Originalgr\u00f6\u00dfe! Siehe unten f\u00fcr die Gr\u00f6\u00dfe des zusammengesetzten Puzzles.<\/span><\/p>\n<p><strong>Puzzle-Material <\/strong><\/p>\n<p><strong>hochwertiger blauer Karton<\/strong><\/p>\n<p><strong>nachhaltige, recycelbare Materialien<\/strong><\/p>\n<p><strong>halbgl\u00e4nzende Oberfl\u00e4che, leuchtende Farben<\/strong><\/p>\n<p><strong>Gr\u00f6\u00dfe des zusammengesetzten Puzzles: 50 x 70 cm. V<\/strong><span style=\"font-weight: 400\">\u00fcr das Bild brauchst du einen normalen Couchtisch. Das Originalgem\u00e4lde ist 53x77cm gro\u00df.<\/span><\/p>\n<p><strong>Anzahl der Puzzleteile: 1000<\/strong><\/p>\n<p><strong>Empfohlenes Alter: 14+<\/strong><\/p>\n<p><strong>Puzzlespiele entwickeln mindestens 6 F\u00e4higkeiten:<\/strong><\/p>\n<p><span style=\"font-weight: 400\">1. Liebe zum Detail &#8211; du f\u00fchlst dich wie ein echter Detektiv, der nach dem richtigen St\u00fcck sucht<\/span><\/p>\n<p><span style=\"font-weight: 400\">2. Logik durch Zusammenf\u00fcgen gleicher Teile<\/span><\/p>\n<p><span style=\"font-weight: 400\">3. Vorstellungskraft &#8211; kleine &#8222;Geheimnisse&#8220; entdecken, die in Landschaften und Szenerien versteckt sind<\/span><\/p>\n<p><span style=\"font-weight: 400\">4. Farbe und \u00e4sthetischer Sinn<\/span><\/p>\n<p><span style=\"font-weight: 400\">5. Du lernst, nicht aufzugeben, auch wenn alles unl\u00f6sbar scheint<\/span><\/p>\n<p><span style=\"font-weight: 400\">6. Geduld, die zu einer erfolgreichen Erfahrung f\u00fchren wird<\/span><\/p>\n<p><strong>Wusstest du schon von Mona Lisa?<\/strong><\/p>\n<p><span style=\"font-weight: 400;font-size: 14px;line-height: 14px\">Ein anderer Name f\u00fcr dieses Gem\u00e4lde ist La Gioconda <\/span><\/p>\n<p><span style=\"font-weight: 400;font-size: 14px;line-height: 14px\">Mona ist die Abk\u00fcrzung f\u00fcr Madonna.<\/span><\/p>\n<p><span style=\"font-weight: 400\">Mona Lisa ist in \u00d6l auf Pappelholz gemalt.<\/span><\/p>\n<p><span style=\"font-weight: 400\">Das Gem\u00e4lde ist derzeit im Louvre-Museum in Paris ausgestellt.<\/span><\/p>\n<p><span style=\"font-weight: 400\">Im Jahr 2014 besuchten 9,3 Millionen Menschen den Louvre. Nach Angaben des ehemaligen Direktors kamen 80 % der Besucher nur, um das Gem\u00e4lde der Mona Lisa zu sehen.<\/span><\/p>\n<p><strong>Einige Fakten \u00fcber Leonardo da Vinci<\/strong><\/p>\n<p><span style=\"font-weight: 400\">Er wurde am 15. April 1452 in Italien geboren.<\/span><\/p>\n<p><span style=\"font-weight: 400\">Er war Legastheniker und beidh\u00e4ndig.<\/span><\/p>\n<p><span style=\"font-weight: 400\">Er studierte die Anatomie, den Flug der V\u00f6gel, Insekten, die Formen von Felsen und Wolken sowie die Auswirkungen der Atmosph\u00e4re und war Maler, Bildhauer, Architekt, Musiker, Ingenieur, Erfinder, Anatom, Geologe, Kartograf, Botaniker und Schriftsteller.<\/span><\/p>\n<p><span style=\"font-weight: 400\">Als geb\u00fcrtiger Erfinder entwarf er Flugmaschinen, einen Panzer, eine Z\u00e4hlmaschine und vieles mehr.<\/span><\/p>\n<p><span style=\"font-weight: 400\">Er war ein Vegetarier. Er war daf\u00fcr bekannt, dass er V\u00f6gel in K\u00e4figen kaufte, um sie freizulassen.<\/span><\/p>\n<p><span style=\"font-weight: 400\">Neben der Mona Lisa sind die ber\u00fchmtesten Kunstwerke von Leonardo da Vinci Die Taufe Christi, Die Verk\u00fcndigung, Die Dame mit dem Hermelin und Das letzte Abendmahl.<\/span><\/p>\n<p><strong>5 Vorteile von Kunstr\u00e4tseln<\/strong><\/p>\n<p><span style=\"font-weight: 400\">1. Du bekommst bis zu 30 Stunden entspannten Spa\u00df.<\/span><\/p>\n<p><span style=\"font-weight: 400\">2. Entdecke die kleinsten Details von bekannten Kunstwerken.<\/span><\/p>\n<p><span style=\"font-weight: 400\">3. Du vertiefst dein Wissen \u00fcber Kunst.<\/span><\/p>\n<p><span style=\"font-weight: 400\">4. Baue echte Meisterwerke wieder auf.<\/span><\/p>\n<p><span style=\"font-weight: 400\">5. Dekoriere dein Zuhause mit Repliken der ber\u00fchmtesten R\u00e4tselgem\u00e4lde.<\/span><\/p>\n<p><span style=\"font-weight: 400\">M\u00f6chtest du deine eigene Mona Lisa haben? Jetzt kannst du es! Kaufe das Leonardo da Vinci &#8211; Mona Lisa Kunstpuzzle, setze das Bild zusammen, rahme das Gem\u00e4lde in das 1000-teilige Puzzle ein und bewundere jeden Tag eine originalgetreue Kopie des ber\u00fchmtesten Gem\u00e4ldes der Welt. \u00dcberrasche einen geliebten Menschen mit einem 1000-teiligen Leonardo da Vinci &#8211; Mona Lisa-Puzzle.<\/span><\/p><\/p>\n","protected":false},"excerpt":{"rendered":"<p>Wenn du dich f\u00fcr Kunst begeisterst oder einem Freund, der von ber\u00fchmten Gem\u00e4lden fasziniert ist, ein Geschenk machen willst, bist<\/p>\n","protected":false},"featured_media":63285,"template":"","meta":[],"product_brand":[],"product_cat":[1916,1875,1915],"product_tag":[],"class_list":{"0":"post-41546","1":"product","2":"type-product","3":"status-publish","4":"has-post-thumbnail","6":"product_cat-1000-teile-puzzle","7":"product_cat-puzzle-de","8":"product_cat-puzzlespiele-fur-erwachsene","9":"pa_bax-10-de","10":"pa_brand-d_toys-de","11":"pa_country_of_manufacture-ro-de","12":"pa_filter_age-14-de","13":"pa_painter-leonardo-da-vinci","14":"pa_tip_ambalaj-kasten-a4-de","15":"pa_tip_puzzle-klassisch","17":"first","18":"instock","19":"taxable","20":"shipping-taxable","21":"product-type-simple"},"yoast_head":"<!-- This site is optimized with the Yoast SEO plugin v20.1 - https:\/\/yoast.com\/wordpress\/plugins\/seo\/ -->\n<title>1000 Teile Leonardo da Vinci-Puzzle f\u00fcr Erwachsene - Mona Lisa<\/title>\n<meta name=\"description\" content=\"1000 Teile Leonardo da Vinci-Puzzle f\u00fcr Erwachsene - Mona Lisa\" \/>\n<meta name=\"robots\" content=\"index, follow, max-snippet:-1, max-image-preview:large, max-video-preview:-1\" \/>\n<link rel=\"canonical\" href=\"https:\/\/business.roovi.com\/de\/1000-teile-leonardo-da-vinci-puzzle-fur-erwachsene-mona-lisa\/p\/\" \/>\n<meta property=\"og:locale\" content=\"de_DE\" \/>\n<meta property=\"og:type\" content=\"article\" \/>\n<meta property=\"og:title\" content=\"1000 Teile Leonardo da Vinci-Puzzle f\u00fcr Erwachsene - Mona Lisa\" \/>\n<meta property=\"og:description\" content=\"1000 Teile Leonardo da Vinci-Puzzle f\u00fcr Erwachsene - Mona Lisa\" \/>\n<meta property=\"og:url\" content=\"https:\/\/business.roovi.com\/de\/1000-teile-leonardo-da-vinci-puzzle-fur-erwachsene-mona-lisa\/p\/\" \/>\n<meta property=\"og:site_name\" content=\"Roovi B2B\" \/>\n<meta property=\"article:publisher\" content=\"https:\/\/www.facebook.com\/wwwjucariero\" \/>\n<meta property=\"article:modified_time\" content=\"2022-07-06T17:24:05+00:00\" \/>\n<meta property=\"og:image\" content=\"https:\/\/business.roovi.com\/wp-content\/uploads\/2018\/04\/72689-01_ansamblu_dimensiuni_cutie_cm_1200x1200.png\" \/>\n\t<meta property=\"og:image:width\" content=\"1200\" \/>\n\t<meta property=\"og:image:height\" content=\"1200\" \/>\n\t<meta property=\"og:image:type\" content=\"image\/png\" \/>\n<meta name=\"twitter:label1\" content=\"Gesch\u00e4tzte Lesezeit\" \/>\n\t<meta name=\"twitter:data1\" content=\"3\u00a0Minuten\" \/>\n<script type=\"application\/ld+json\" class=\"yoast-schema-graph\">{\"@context\":\"https:\/\/schema.org\",\"@graph\":[{\"@type\":\"WebPage\",\"@id\":\"https:\/\/business.roovi.com\/de\/1000-teile-leonardo-da-vinci-puzzle-fur-erwachsene-mona-lisa\/p\/\",\"url\":\"https:\/\/business.roovi.com\/de\/1000-teile-leonardo-da-vinci-puzzle-fur-erwachsene-mona-lisa\/p\/\",\"name\":\"1000 Teile Leonardo da Vinci-Puzzle f\u00fcr Erwachsene - Mona Lisa\",\"isPartOf\":{\"@id\":\"https:\/\/business.roovi.com\/de\/#website\"},\"datePublished\":\"2018-04-16T10:56:17+00:00\",\"dateModified\":\"2022-07-06T17:24:05+00:00\",\"description\":\"1000 Teile Leonardo da Vinci-Puzzle f\u00fcr Erwachsene - Mona Lisa\",\"breadcrumb\":{\"@id\":\"https:\/\/business.roovi.com\/de\/1000-teile-leonardo-da-vinci-puzzle-fur-erwachsene-mona-lisa\/p\/#breadcrumb\"},\"inLanguage\":\"de\",\"potentialAction\":[{\"@type\":\"ReadAction\",\"target\":[\"https:\/\/business.roovi.com\/de\/1000-teile-leonardo-da-vinci-puzzle-fur-erwachsene-mona-lisa\/p\/\"]}]},{\"@type\":\"BreadcrumbList\",\"@id\":\"https:\/\/business.roovi.com\/de\/1000-teile-leonardo-da-vinci-puzzle-fur-erwachsene-mona-lisa\/p\/#breadcrumb\",\"itemListElement\":[{\"@type\":\"ListItem\",\"position\":1,\"name\":\"Home\",\"item\":\"https:\/\/business.roovi.com\/de\/\"},{\"@type\":\"ListItem\",\"position\":2,\"name\":\"Shop\",\"item\":\"https:\/\/business.roovi.com\/de\/shop\/\"},{\"@type\":\"ListItem\",\"position\":3,\"name\":\"1000 Teile Leonardo da Vinci-Puzzle f\u00fcr Erwachsene &#8211; Mona Lisa\"}]},{\"@type\":\"WebSite\",\"@id\":\"https:\/\/business.roovi.com\/de\/#website\",\"url\":\"https:\/\/business.roovi.com\/de\/\",\"name\":\"Roovi B2B\",\"description\":\"Roovi Business Website\",\"potentialAction\":[{\"@type\":\"SearchAction\",\"target\":{\"@type\":\"EntryPoint\",\"urlTemplate\":\"https:\/\/business.roovi.com\/de\/?s={search_term_string}\"},\"query-input\":\"required name=search_term_string\"}],\"inLanguage\":\"de\"}]}<\/script>\n<!-- \/ Yoast SEO plugin. -->","yoast_head_json":{"title":"1000 Teile Leonardo da Vinci-Puzzle f\u00fcr Erwachsene - Mona Lisa","description":"1000 Teile Leonardo da Vinci-Puzzle f\u00fcr Erwachsene - Mona Lisa","robots":{"index":"index","follow":"follow","max-snippet":"max-snippet:-1","max-image-preview":"max-image-preview:large","max-video-preview":"max-video-preview:-1"},"canonical":"https:\/\/business.roovi.com\/de\/1000-teile-leonardo-da-vinci-puzzle-fur-erwachsene-mona-lisa\/p\/","og_locale":"de_DE","og_type":"article","og_title":"1000 Teile Leonardo da Vinci-Puzzle f\u00fcr Erwachsene - Mona Lisa","og_description":"1000 Teile Leonardo da Vinci-Puzzle f\u00fcr Erwachsene - Mona Lisa","og_url":"https:\/\/business.roovi.com\/de\/1000-teile-leonardo-da-vinci-puzzle-fur-erwachsene-mona-lisa\/p\/","og_site_name":"Roovi B2B","article_publisher":"https:\/\/www.facebook.com\/wwwjucariero","article_modified_time":"2022-07-06T17:24:05+00:00","og_image":[{"width":1200,"height":1200,"url":"https:\/\/business.roovi.com\/wp-content\/uploads\/2018\/04\/72689-01_ansamblu_dimensiuni_cutie_cm_1200x1200.png","type":"image\/png"}],"twitter_misc":{"Gesch\u00e4tzte Lesezeit":"3\u00a0Minuten"},"schema":{"@context":"https:\/\/schema.org","@graph":[{"@type":"WebPage","@id":"https:\/\/business.roovi.com\/de\/1000-teile-leonardo-da-vinci-puzzle-fur-erwachsene-mona-lisa\/p\/","url":"https:\/\/business.roovi.com\/de\/1000-teile-leonardo-da-vinci-puzzle-fur-erwachsene-mona-lisa\/p\/","name":"1000 Teile Leonardo da Vinci-Puzzle f\u00fcr Erwachsene - Mona Lisa","isPartOf":{"@id":"https:\/\/business.roovi.com\/de\/#website"},"datePublished":"2018-04-16T10:56:17+00:00","dateModified":"2022-07-06T17:24:05+00:00","description":"1000 Teile Leonardo da Vinci-Puzzle f\u00fcr Erwachsene - Mona Lisa","breadcrumb":{"@id":"https:\/\/business.roovi.com\/de\/1000-teile-leonardo-da-vinci-puzzle-fur-erwachsene-mona-lisa\/p\/#breadcrumb"},"inLanguage":"de","potentialAction":[{"@type":"ReadAction","target":["https:\/\/business.roovi.com\/de\/1000-teile-leonardo-da-vinci-puzzle-fur-erwachsene-mona-lisa\/p\/"]}]},{"@type":"BreadcrumbList","@id":"https:\/\/business.roovi.com\/de\/1000-teile-leonardo-da-vinci-puzzle-fur-erwachsene-mona-lisa\/p\/#breadcrumb","itemListElement":[{"@type":"ListItem","position":1,"name":"Home","item":"https:\/\/business.roovi.com\/de\/"},{"@type":"ListItem","position":2,"name":"Shop","item":"https:\/\/business.roovi.com\/de\/shop\/"},{"@type":"ListItem","position":3,"name":"1000 Teile Leonardo da Vinci-Puzzle f\u00fcr Erwachsene &#8211; Mona Lisa"}]},{"@type":"WebSite","@id":"https:\/\/business.roovi.com\/de\/#website","url":"https:\/\/business.roovi.com\/de\/","name":"Roovi B2B","description":"Roovi Business Website","potentialAction":[{"@type":"SearchAction","target":{"@type":"EntryPoint","urlTemplate":"https:\/\/business.roovi.com\/de\/?s={search_term_string}"},"query-input":"required name=search_term_string"}],"inLanguage":"de"}]}},"_links":{"self":[{"href":"https:\/\/business.roovi.com\/de\/wp-json\/wp\/v2\/product\/41546","targetHints":{"allow":["GET"]}}],"collection":[{"href":"https:\/\/business.roovi.com\/de\/wp-json\/wp\/v2\/product"}],"about":[{"href":"https:\/\/business.roovi.com\/de\/wp-json\/wp\/v2\/types\/product"}],"version-history":[{"count":0,"href":"https:\/\/business.roovi.com\/de\/wp-json\/wp\/v2\/product\/41546\/revisions"}],"wp:featuredmedia":[{"embeddable":true,"href":"https:\/\/business.roovi.com\/de\/wp-json\/wp\/v2\/media\/63285"}],"wp:attachment":[{"href":"https:\/\/business.roovi.com\/de\/wp-json\/wp\/v2\/media?parent=41546"}],"wp:term":[{"taxonomy":"product_brand","embeddable":true,"href":"https:\/\/business.roovi.com\/de\/wp-json\/wp\/v2\/product_brand?post=41546"},{"taxonomy":"product_cat","embeddable":true,"href":"https:\/\/business.roovi.com\/de\/wp-json\/wp\/v2\/product_cat?post=41546"},{"taxonomy":"product_tag","embeddable":true,"href":"https:\/\/business.roovi.com\/de\/wp-json\/wp\/v2\/product_tag?post=41546"}],"curies":[{"name":"wp","href":"https:\/\/api.w.org\/{rel}","templated":true}]}}