{"id":41550,"date":"2018-04-16T10:56:17","date_gmt":"2018-04-16T10:56:17","guid":{"rendered":"https:\/\/business.roovi.com\/puzzle-adulti-1000-piese-pieter-breughel-cel-tanar-summervara\/p\/"},"modified":"2023-02-15T08:54:35","modified_gmt":"2023-02-15T08:54:35","slug":"adult-puzzle-1000-pieces-pieter-breughel-der-jungere-sommer-vara","status":"publish","type":"product","link":"https:\/\/business.roovi.com\/de\/adult-puzzle-1000-pieces-pieter-breughel-der-jungere-sommer-vara\/p\/","title":{"rendered":"Adult Puzzle 1000 Pieces Pieter Breughel der J\u00fcngere &#8211; Sommer"},"content":{"rendered":"<p><span style=\"font-weight: 400;\">M\u00f6chtest du eine Miniaturkopie eines Rembrandts, Botticellis oder eines anderen heiligen Monsters der Malerei an deiner Wand haben? W\u00e4hle aus dem gr\u00f6\u00dften Angebot an Kunstpuzzles und dein Traum wird wahr!<\/span><\/p>\n<p><span style=\"font-weight: 400;\">Pieter Brueghel der J\u00fcngere &#8211; Der Sommer ist nur einen Klick entfernt. Bestelle jetzt dieses wunderbare 1000-Teile-Puzzle und genie\u00dfe das sonnige und farbenfrohe Bild des gleichnamigen Gem\u00e4ldes. Wenn du dieses wunderbare Puzzle zusammensetzt, erh\u00e4ltst du ein Gem\u00e4lde von 50 x 70 cm. Alles, was du brauchst, um dein eigenes Kunstwerk zu vollenden, ist ein einfacher Couchtisch. Wir geben dir unten mehr Details und Eigenschaften des wunderbaren 1000-teiligen Puzzles:<\/span><\/p>\n<p><span style=\"font-weight: 400;\">Puzzle-Material <\/span><\/p>\n<p><strong>hochwertiger blauer Karton<\/strong><\/p>\n<p><strong>nachhaltige, recycelbare Materialien<\/strong><\/p>\n<p><strong>halbgl\u00e4nzende Oberfl\u00e4che, leuchtende Farben<\/strong><\/p>\n<p><span style=\"font-weight: 400;\">Anzahl der Puzzleteile: 1000<\/span><\/p>\n<p><span style=\"font-weight: 400;\">Empfohlenes Alter: 14+<\/span><\/p>\n<p><strong>Willst du deinen IQ hoch halten? Vervollst\u00e4ndige das 1000-Teile-Puzzle jeden Tag!<\/strong><\/p>\n<p><span style=\"font-weight: 400;\">Es ist kein Witz, es ist wissenschaftlich erwiesen, dass das Zusammensetzen von Puzzles f\u00fcr mindestens 25 Minuten pro Tag den IQ um bis zu 4 Punkte erh\u00f6ht. Vervollst\u00e4ndige das 1000-Teile-Puzzle selbst und finde heraus, ob die Forscher Recht haben!<\/span><\/p>\n<p><strong>Weitere Vorteile von gro\u00dfen Kunstr\u00e4tseln<\/strong><\/p>\n<p><strong>Zeigt dir die perfekte Welt der ber\u00fchmten Gem\u00e4lde.<\/strong><span style=\"font-weight: 400;\"> Die 1000-teiligen Puzzles in unserer Kunstpuzzle-Kollektion sind perfekt verarbeitet, sodass du die Feinheiten der Originalgem\u00e4lde erkennen kannst. Wenn das Gem\u00e4lde fertig ist, kannst du das perfekte Bild stundenlang bewundern.<\/span><\/p>\n<p><strong>Sie machen dich zu einem Meisterdetektiv in einer k\u00fcnstlerischen Welt.<\/strong><span style=\"font-weight: 400;\"> Wenn du sorgf\u00e4ltig nach jedem Teil des 1000-teiligen Puzzles suchst und seinen Platz im Bild aufsp\u00fcrst, f\u00fchlst du dich wie ein Detektiv, der nach Hinweisen sucht, um ein R\u00e4tsel zu l\u00f6sen.<\/span><\/p>\n<p><strong>Es trennt dich von der virtuellen Welt <\/strong><span style=\"font-weight: 400;\">Verbringst du einen Gro\u00dfteil deines Lebens vor dem Bildschirm? Es ist Zeit, abzuschalten und deinen Geist zu entspannen! Vervollst\u00e4ndige das 1000-Teile-Puzzle und du wirst die wunderbare mentale Entspannung sp\u00fcren <\/span><\/p>\n<p><strong>Bringt dich deinen Liebsten n\u00e4her.<\/strong><span style=\"font-weight: 400;\"> Das Puzzlespiel kann nicht nur alleine, sondern auch in einer Gruppe nachgespielt werden. Mit einem geliebten Menschen oder einer Gruppe von Freunden wird das Zusammensetzen eines Puzzles mit 1000 Teilen zu einem echten Spa\u00df.<\/span><\/p>\n<p><strong>Erz\u00e4hlen wir dir ein wenig \u00fcber Pieter Brueghel den J\u00fcngeren und <\/strong><strong><em>Sommer<\/em><\/strong><strong> sein Sommer!<\/strong><\/p>\n<ul style=\"list-style-type: circle;\">\n<li><span style=\"font-weight: 400;\">Pieter Brueghel der J\u00fcngere ist die Fortsetzung der Arbeit seines Vaters, Pieter Breughel der \u00c4ltere<\/span><\/li>\n<li><span style=\"font-weight: 400;\">Er griff viele der von seinem Vater vertretenen Themen auf. Zyklus <\/span><em><span style=\"font-weight: 400;\">Jahreszeiten<\/span><\/em><span style=\"font-weight: 400;\"> ist einer von ihnen.<\/span><\/li>\n<li><em><span style=\"font-weight: 400;\">Jahreszeiten<\/span><\/em><span style=\"font-weight: 400;\"> stellt die zyklische Natur der Welt und den unumkehrbaren Lauf der Zeit durch Aktivit\u00e4ten dar, die f\u00fcr jede Jahreszeit spezifisch sind.<\/span><\/li>\n<li><span style=\"font-weight: 400;\">Unter <\/span><em><span style=\"font-weight: 400;\">Sommer<\/span><\/em><span style=\"font-weight: 400;\">ist der Stra\u00dfenbau die Hauptaktivit\u00e4t.<\/span><\/li>\n<li><span style=\"font-weight: 400;\">Es gibt 20 Versionen dieses Bildes, aber die Unterschiede zwischen ihnen sind minimal.<\/span><\/li>\n<li><span style=\"font-weight: 400;\">Jede Version folgt dem gleichen Kompositionsschema.<\/span><\/li>\n<\/ul>\n<p><strong>3 Gr\u00fcnde, jeden Tag das 1000-Teile-Puzzle zu machen<\/strong><\/p>\n<ol>\n<li><span style=\"font-weight: 400;\">Puzzeln ist eine Freizeitbesch\u00e4ftigung, die dein Gehirn gesund h\u00e4lt.<\/span><\/li>\n<li><span style=\"font-weight: 400;\">Es hilft dir, eine gute Laune zu haben.<\/span><\/li>\n<li><span style=\"font-weight: 400;\">Es erh\u00f6ht deine Aufmerksamkeit f\u00fcr Details.<\/span><\/li>\n<\/ol>\n<p><span style=\"font-weight: 400;\">Vervollst\u00e4ndige dieses wunderbare 1000-Teile-Puzzle und bringe ein wenig vom k\u00fcnstlerischen Geist Pieter Brueghels des J\u00fcngeren in dein Zuhause! Du wirst eine wunderbare Zeit haben, wenn du eine fast perfekte Nachbildung des Gem\u00e4ldes bewunderst <\/span><em><span style=\"font-weight: 400;\">Sommer<\/span><\/em><span style=\"font-weight: 400;\"> aus einem Kunstpuzzle nachgebaut.<\/span><\/p>\n<p><span style=\"font-weight: 400;\">\u00dcberrasche einen lieben Menschen mit diesem wunderbaren 1000-Teile-Puzzle! Mit diesem Puzzle aus der Kunstpuzzle-Kollektion wirst du sicher einen Freund begeistern.<\/span><\/p>\n<p>&nbsp;<\/p>\n","protected":false},"excerpt":{"rendered":"<p>M\u00f6chtest du eine Miniaturkopie eines Rembrandts, Botticellis oder eines anderen heiligen Monsters der Malerei an deiner Wand haben? W\u00e4hle aus<\/p>\n","protected":false},"featured_media":63114,"template":"","meta":[],"product_brand":[],"product_cat":[1916,1875,1915],"product_tag":[],"class_list":{"0":"post-41550","1":"product","2":"type-product","3":"status-publish","4":"has-post-thumbnail","6":"product_cat-1000-teile-puzzle","7":"product_cat-puzzle-de","8":"product_cat-puzzlespiele-fur-erwachsene","9":"pa_bax-10-de","10":"pa_brand-d_toys-de","11":"pa_country_of_manufacture-ro-de","12":"pa_filter_age-14-de","13":"pa_painter-pieterbreugheltheyounger-de","14":"pa_tip_ambalaj-kasten-a4-de","15":"pa_tip_puzzle-klassisch","17":"first","18":"instock","19":"taxable","20":"shipping-taxable","21":"product-type-simple"},"yoast_head":"<!-- This site is optimized with the Yoast SEO plugin v20.1 - https:\/\/yoast.com\/wordpress\/plugins\/seo\/ -->\n<title>Adult Puzzle 1000 Pieces Pieter Breughel der J\u00fcngere - Sommer\/Vara<\/title>\n<meta name=\"description\" content=\"Adult Puzzle 1000 Pieces Pieter Breughel der J\u00fcngere - Sommer\/Vara\" \/>\n<meta name=\"robots\" content=\"index, follow, max-snippet:-1, max-image-preview:large, max-video-preview:-1\" \/>\n<link rel=\"canonical\" href=\"https:\/\/business.roovi.com\/de\/adult-puzzle-1000-pieces-pieter-breughel-der-jungere-sommer-vara\/p\/\" \/>\n<meta property=\"og:locale\" content=\"de_DE\" \/>\n<meta property=\"og:type\" content=\"article\" \/>\n<meta property=\"og:title\" content=\"Adult Puzzle 1000 Pieces Pieter Breughel der J\u00fcngere - Sommer\/Vara\" \/>\n<meta property=\"og:description\" content=\"Adult Puzzle 1000 Pieces Pieter Breughel der J\u00fcngere - Sommer\/Vara\" \/>\n<meta property=\"og:url\" content=\"https:\/\/business.roovi.com\/de\/adult-puzzle-1000-pieces-pieter-breughel-der-jungere-sommer-vara\/p\/\" \/>\n<meta property=\"og:site_name\" content=\"Roovi B2B\" \/>\n<meta property=\"article:publisher\" content=\"https:\/\/www.facebook.com\/wwwjucariero\" \/>\n<meta property=\"article:modified_time\" content=\"2023-02-15T08:54:35+00:00\" \/>\n<meta property=\"og:image\" content=\"https:\/\/business.roovi.com\/wp-content\/uploads\/2018\/04\/66947-02_ansamblu_dimensiuni_cutie_cm_1200x1200.png\" \/>\n\t<meta property=\"og:image:width\" content=\"1200\" \/>\n\t<meta property=\"og:image:height\" content=\"1200\" \/>\n\t<meta property=\"og:image:type\" content=\"image\/png\" \/>\n<meta name=\"twitter:label1\" content=\"Gesch\u00e4tzte Lesezeit\" \/>\n\t<meta name=\"twitter:data1\" content=\"3\u00a0Minuten\" \/>\n<script type=\"application\/ld+json\" class=\"yoast-schema-graph\">{\"@context\":\"https:\/\/schema.org\",\"@graph\":[{\"@type\":\"WebPage\",\"@id\":\"https:\/\/business.roovi.com\/de\/adult-puzzle-1000-pieces-pieter-breughel-der-jungere-sommer-vara\/p\/\",\"url\":\"https:\/\/business.roovi.com\/de\/adult-puzzle-1000-pieces-pieter-breughel-der-jungere-sommer-vara\/p\/\",\"name\":\"Adult Puzzle 1000 Pieces Pieter Breughel der J\u00fcngere - Sommer\/Vara\",\"isPartOf\":{\"@id\":\"https:\/\/business.roovi.com\/de\/#website\"},\"datePublished\":\"2018-04-16T10:56:17+00:00\",\"dateModified\":\"2023-02-15T08:54:35+00:00\",\"description\":\"Adult Puzzle 1000 Pieces Pieter Breughel der J\u00fcngere - Sommer\/Vara\",\"breadcrumb\":{\"@id\":\"https:\/\/business.roovi.com\/de\/adult-puzzle-1000-pieces-pieter-breughel-der-jungere-sommer-vara\/p\/#breadcrumb\"},\"inLanguage\":\"de\",\"potentialAction\":[{\"@type\":\"ReadAction\",\"target\":[\"https:\/\/business.roovi.com\/de\/adult-puzzle-1000-pieces-pieter-breughel-der-jungere-sommer-vara\/p\/\"]}]},{\"@type\":\"BreadcrumbList\",\"@id\":\"https:\/\/business.roovi.com\/de\/adult-puzzle-1000-pieces-pieter-breughel-der-jungere-sommer-vara\/p\/#breadcrumb\",\"itemListElement\":[{\"@type\":\"ListItem\",\"position\":1,\"name\":\"Home\",\"item\":\"https:\/\/business.roovi.com\/de\/\"},{\"@type\":\"ListItem\",\"position\":2,\"name\":\"Shop\",\"item\":\"https:\/\/business.roovi.com\/de\/shop\/\"},{\"@type\":\"ListItem\",\"position\":3,\"name\":\"Adult Puzzle 1000 Pieces Pieter Breughel der J\u00fcngere &#8211; Sommer\"}]},{\"@type\":\"WebSite\",\"@id\":\"https:\/\/business.roovi.com\/de\/#website\",\"url\":\"https:\/\/business.roovi.com\/de\/\",\"name\":\"Roovi B2B\",\"description\":\"Roovi Business Website\",\"potentialAction\":[{\"@type\":\"SearchAction\",\"target\":{\"@type\":\"EntryPoint\",\"urlTemplate\":\"https:\/\/business.roovi.com\/de\/?s={search_term_string}\"},\"query-input\":\"required name=search_term_string\"}],\"inLanguage\":\"de\"}]}<\/script>\n<!-- \/ Yoast SEO plugin. -->","yoast_head_json":{"title":"Adult Puzzle 1000 Pieces Pieter Breughel der J\u00fcngere - Sommer\/Vara","description":"Adult Puzzle 1000 Pieces Pieter Breughel der J\u00fcngere - Sommer\/Vara","robots":{"index":"index","follow":"follow","max-snippet":"max-snippet:-1","max-image-preview":"max-image-preview:large","max-video-preview":"max-video-preview:-1"},"canonical":"https:\/\/business.roovi.com\/de\/adult-puzzle-1000-pieces-pieter-breughel-der-jungere-sommer-vara\/p\/","og_locale":"de_DE","og_type":"article","og_title":"Adult Puzzle 1000 Pieces Pieter Breughel der J\u00fcngere - Sommer\/Vara","og_description":"Adult Puzzle 1000 Pieces Pieter Breughel der J\u00fcngere - Sommer\/Vara","og_url":"https:\/\/business.roovi.com\/de\/adult-puzzle-1000-pieces-pieter-breughel-der-jungere-sommer-vara\/p\/","og_site_name":"Roovi B2B","article_publisher":"https:\/\/www.facebook.com\/wwwjucariero","article_modified_time":"2023-02-15T08:54:35+00:00","og_image":[{"width":1200,"height":1200,"url":"https:\/\/business.roovi.com\/wp-content\/uploads\/2018\/04\/66947-02_ansamblu_dimensiuni_cutie_cm_1200x1200.png","type":"image\/png"}],"twitter_misc":{"Gesch\u00e4tzte Lesezeit":"3\u00a0Minuten"},"schema":{"@context":"https:\/\/schema.org","@graph":[{"@type":"WebPage","@id":"https:\/\/business.roovi.com\/de\/adult-puzzle-1000-pieces-pieter-breughel-der-jungere-sommer-vara\/p\/","url":"https:\/\/business.roovi.com\/de\/adult-puzzle-1000-pieces-pieter-breughel-der-jungere-sommer-vara\/p\/","name":"Adult Puzzle 1000 Pieces Pieter Breughel der J\u00fcngere - Sommer\/Vara","isPartOf":{"@id":"https:\/\/business.roovi.com\/de\/#website"},"datePublished":"2018-04-16T10:56:17+00:00","dateModified":"2023-02-15T08:54:35+00:00","description":"Adult Puzzle 1000 Pieces Pieter Breughel der J\u00fcngere - Sommer\/Vara","breadcrumb":{"@id":"https:\/\/business.roovi.com\/de\/adult-puzzle-1000-pieces-pieter-breughel-der-jungere-sommer-vara\/p\/#breadcrumb"},"inLanguage":"de","potentialAction":[{"@type":"ReadAction","target":["https:\/\/business.roovi.com\/de\/adult-puzzle-1000-pieces-pieter-breughel-der-jungere-sommer-vara\/p\/"]}]},{"@type":"BreadcrumbList","@id":"https:\/\/business.roovi.com\/de\/adult-puzzle-1000-pieces-pieter-breughel-der-jungere-sommer-vara\/p\/#breadcrumb","itemListElement":[{"@type":"ListItem","position":1,"name":"Home","item":"https:\/\/business.roovi.com\/de\/"},{"@type":"ListItem","position":2,"name":"Shop","item":"https:\/\/business.roovi.com\/de\/shop\/"},{"@type":"ListItem","position":3,"name":"Adult Puzzle 1000 Pieces Pieter Breughel der J\u00fcngere &#8211; Sommer"}]},{"@type":"WebSite","@id":"https:\/\/business.roovi.com\/de\/#website","url":"https:\/\/business.roovi.com\/de\/","name":"Roovi B2B","description":"Roovi Business Website","potentialAction":[{"@type":"SearchAction","target":{"@type":"EntryPoint","urlTemplate":"https:\/\/business.roovi.com\/de\/?s={search_term_string}"},"query-input":"required name=search_term_string"}],"inLanguage":"de"}]}},"_links":{"self":[{"href":"https:\/\/business.roovi.com\/de\/wp-json\/wp\/v2\/product\/41550","targetHints":{"allow":["GET"]}}],"collection":[{"href":"https:\/\/business.roovi.com\/de\/wp-json\/wp\/v2\/product"}],"about":[{"href":"https:\/\/business.roovi.com\/de\/wp-json\/wp\/v2\/types\/product"}],"version-history":[{"count":0,"href":"https:\/\/business.roovi.com\/de\/wp-json\/wp\/v2\/product\/41550\/revisions"}],"wp:featuredmedia":[{"embeddable":true,"href":"https:\/\/business.roovi.com\/de\/wp-json\/wp\/v2\/media\/63114"}],"wp:attachment":[{"href":"https:\/\/business.roovi.com\/de\/wp-json\/wp\/v2\/media?parent=41550"}],"wp:term":[{"taxonomy":"product_brand","embeddable":true,"href":"https:\/\/business.roovi.com\/de\/wp-json\/wp\/v2\/product_brand?post=41550"},{"taxonomy":"product_cat","embeddable":true,"href":"https:\/\/business.roovi.com\/de\/wp-json\/wp\/v2\/product_cat?post=41550"},{"taxonomy":"product_tag","embeddable":true,"href":"https:\/\/business.roovi.com\/de\/wp-json\/wp\/v2\/product_tag?post=41550"}],"curies":[{"name":"wp","href":"https:\/\/api.w.org\/{rel}","templated":true}]}}