{"id":41554,"date":"2018-04-16T10:56:17","date_gmt":"2018-04-16T10:56:17","guid":{"rendered":"https:\/\/business.roovi.com\/puzzle-adulti-1000-piese-pieter-breughel-cel-tanar-autumntoamna\/p\/"},"modified":"2023-02-20T09:48:30","modified_gmt":"2023-02-20T09:48:30","slug":"adult-puzzle-1000-pieces-pieter-breughel-der-jungere-herbst-toamna","status":"publish","type":"product","link":"https:\/\/business.roovi.com\/de\/adult-puzzle-1000-pieces-pieter-breughel-der-jungere-herbst-toamna\/p\/","title":{"rendered":"Adult Puzzle 1000 Pieces Pieter Breughel der J\u00fcngere &#8211; Herbst"},"content":{"rendered":"<p><span style=\"font-weight: 400;\">Wir haben das vielf\u00e4ltigste Angebot an Puzzles f\u00fcr Erwachsene mit ber\u00fchmten Gem\u00e4lden zusammengestellt, die du ganz f\u00fcr dich allein haben kannst! <\/span><\/p>\n<p><span style=\"font-weight: 400;\">In dieser wunderbaren Sammlung von Kunstr\u00e4tseln findest du viele Bilder von Gem\u00e4lden der K\u00fcnstler der Brueghel-Dynastie. <\/span><em><span style=\"font-weight: 400;\">Jahreszeiten <\/span><\/em><span style=\"font-weight: 400;\">ist einer von ihnen. Sie umfasst alle 4 Darstellungen der Werke von Pieter Brueghel dem J\u00fcngeren, jede mit ihrem eigenen Charme.<\/span><\/p>\n<p><span style=\"font-weight: 400;\">Entdecke <\/span><em><span style=\"font-weight: 400;\">Herbst <\/span><\/em><span style=\"font-weight: 400;\"> das reichhaltige und meisterhaft gefertigte 1000-Teile-Puzzle <\/span><span style=\"font-weight: 400;\">Pieter Breughel der J\u00fcngere &#8211; Herbst! Das Gem\u00e4lde zeigt die Hauptbesch\u00e4ftigungen der Menschen im 17. Jahrhundert w\u00e4hrend der Erntezeit: Trauben pfl\u00fccken oder die Stra\u00dfe sch\u00fctzen sind nur einige davon. Du wirst sie alle bewundern, wenn du dieses tolle Puzzle f\u00fcr Erwachsene fertigstellst <\/span><\/p>\n<p><span style=\"font-weight: 400;\">Das Bild, das du selbst aus dem 1000-Teile-Puzzle malst, ist etwas gr\u00f6\u00dfer als das Original: Das rekonstruierte Bild ist 50 x 70 cm gro\u00df, das echte Gem\u00e4lde 43 x 59 cm. Du brauchst also einen einfachen Couchtisch, um loszulegen und zu starten.<\/span><\/p>\n<p><span style=\"font-weight: 400;\">Hier sind einige weitere Details und Eigenschaften dieses 1000-teiligen Puzzles:<\/span><\/p>\n<p><span style=\"font-weight: 400;\">Puzzle-Material <\/span><\/p>\n<p><strong>hochwertiger blauer Karton<\/strong><\/p>\n<p><strong>nachhaltige, recycelbare Materialien<\/strong><\/p>\n<p><strong>halbgl\u00e4nzende Oberfl\u00e4che, leuchtende Farben<\/strong><\/p>\n<p><span style=\"font-weight: 400;\">Anzahl der Puzzleteile: 1000<\/span><\/p>\n<p><span style=\"font-weight: 400;\">Empfohlenes Alter: 14+<\/span><\/p>\n<p><strong>Puzzlespiele halten Alzheimer von deinem Gehirn fern!<\/strong><\/p>\n<p><span style=\"font-weight: 400;\">Es ist kein Scherz, sondern wahr: R\u00e4tsel f\u00fcr Erwachsene bringen das Gehirn auf Trab und helfen ihm, gesund zu bleiben, vor allem f\u00fcr Menschen, die ihre besten Jahre schon hinter sich haben. Aber diesen Vorteil genie\u00dft jeder aufgeschlossene, r\u00e4tselfreudige Mensch.<\/span><\/p>\n<p><span style=\"font-weight: 400;\">Und es hilft dir dabei:<\/span><\/p>\n<p><strong>Halte deinen Blutdruck und deine Herzfrequenz innerhalb normaler Grenzen<\/strong><span style=\"font-weight: 400;\"> &#8211; Wenn du das 1000-Teile-Puzzle machst, ist dein Geist ruhig und konzentriert sich auf das Puzzlespiel, was dazu beitr\u00e4gt, deinen ganzen K\u00f6rper, einschlie\u00dflich deines Herzens, im Gleichgewicht zu halten.<\/span><\/p>\n<p><strong>Du verbesserst dein Ged\u00e4chtnis <\/strong><span style=\"font-weight: 400;\">Die 1000 richtigen Puzzleteile zu finden und sich zu merken, wo sie hingeh\u00f6ren, sowie andere Details wie Formen oder Farben im Bild, ist eine tolle Ged\u00e4chtnis\u00fcbung, von der du auch bei anderen Aktivit\u00e4ten im Alltag profitieren wirst.<\/span><\/p>\n<p><strong>Du koppelst dich von den Problemen des Alltags ab <\/strong><span style=\"font-weight: 400;\">Von den Alltagssorgen abzuschalten, kann oft schwierig sein. Die T\u00e4tigkeit, das 1000-teilige Puzzle zu vervollst\u00e4ndigen, ist in dieser Hinsicht \u00e4u\u00dferst f\u00f6rderlich, denn sie hilft dir, dich von deinen Sorgen zu befreien, ohne dass du dich daf\u00fcr gro\u00df anstrengen musst.<\/span><\/p>\n<p><strong>Neue Dinge lernen<\/strong><span style=\"font-weight: 400;\">. Thematische R\u00e4tsel wie Kunstr\u00e4tsel geben dir die M\u00f6glichkeit, interessante Dinge \u00fcber Themen oder Kunstwerke zu entdecken, die du nur vom H\u00f6rensagen kennst. Indem du ein k\u00fcnstlerisches Bild aus einem Erwachsenenpuzzle rekonstruierst, kommst du dem Kunstwerk n\u00e4her und entdeckst es im Detail <\/span><\/p>\n<p><strong>Einige Fakten \u00fcber Pieter Brueghel den J\u00fcngeren und <\/strong><strong><em>Herbst <\/em><\/strong><strong> sein:<\/strong><\/p>\n<ul style=\"list-style-type: circle;\">\n<li><span style=\"font-weight: 400;\">Pieter Brueghel der J\u00fcngere setzt das Werk seines viel ber\u00fchmteren Vaters, Pieter Breughel dem \u00c4lteren, fort.<\/span><\/li>\n<li><span style=\"font-weight: 400;\">Zyklus <\/span><em><span style=\"font-weight: 400;\">Die Jahreszeiten<\/span><\/em><span style=\"font-weight: 400;\"> ist eines der Themen in den Werken von Breughel dem Vater und wird von Brueghel dem J\u00fcngeren aufgegriffen <\/span><\/li>\n<li><span style=\"font-weight: 400;\">Die Serie umfasst Werke, die f\u00fcr jede Jahreszeit repr\u00e4sentativ sind. Pieter Brueghel der J\u00fcngere verleiht diesen Werken eine pers\u00f6nliche Note, indem er Anekdoten aus der damaligen Zeit einflie\u00dfen l\u00e4sst.<\/span><\/li>\n<li><span style=\"font-weight: 400;\">Unter den Berufen, die in <\/span><em><span style=\"font-weight: 400;\">Herbst<\/span><\/em><span style=\"font-weight: 400;\"> ist das Zerlegen der Schweine und die Zubereitung des Fleisches, das ein wichtiger Vorrat f\u00fcr die n\u00e4chste Saison sein wird.<\/span><\/li>\n<\/ul>\n<p><strong>Was du sonst noch \u00fcber das 1000-Teile-Puzzle wissen musst..<\/strong><\/p>\n<p><strong>Stimuliert deine Fantasie und Kreativit\u00e4t<\/strong><span style=\"font-weight: 400;\"> &#8211; Wenn du ein 1000-Teile-Kunstpuzzle fertigstellst, wirst du in die Welt der Kunst versetzt oder kannst dir die pr\u00e4zisen Bewegungen des Malers vorstellen. Du kannst kein 1000-Teile-Puzzle machen, ohne ein Szenario im Kopf zu haben, und das ist eine tolle \u00dcbung in Kreativit\u00e4t.<\/span><\/p>\n<p><strong>Es entwickelt deine Ausdauer &#8211; <\/strong><span style=\"font-weight: 400;\">Du konzentrierst dich sorgf\u00e4ltig und kannst nicht einfach aufgeben. Es ist, als w\u00fcrde man ein weiteres St\u00fcck einf\u00fcgen, und noch eins, und noch eins. Ehe du dich versiehst, ist das Bild fertig! Es war nicht leicht, dieses erstaunliche 1000-Teile-Puzzle zu vervollst\u00e4ndigen, aber mit Ausdauer hast du es geschafft. Du wirst feststellen, dass diese st\u00e4ndige \u00dcbung in Ausdauer auch in anderen Bereichen deines Lebens n\u00fctzlich ist.<\/span><\/p>\n<p><strong>Es lehrt dich, im Team zu arbeiten.<\/strong><span style=\"font-weight: 400;\"> Puzzles f\u00fcr Erwachsene k\u00f6nnen auch im Team gebaut werden. Je mehr Enthusiasten es gibt, desto schneller wird das 1000-Teile-Puzzle zusammengesetzt. Erfolg ist eine kollektive Anstrengung, die dir ein unglaubliches Gef\u00fchl der Zufriedenheit gibt.<\/span><\/p>\n<p><span style=\"font-weight: 400;\">Neugierig, wie es sich anf\u00fchlt <\/span><em><span style=\"font-weight: 400;\">Herbst <\/span><\/em><span style=\"font-weight: 400;\">von Pieter Breughel dem J\u00fcngeren? Kaufe jetzt dieses 1000-teilige Puzzle, stelle das Gem\u00e4lde in dem wundersch\u00f6nen Kunstpuzzle nach und erfreue dich an einem ber\u00fchmten Gem\u00e4lde <\/span><\/p>\n<p><span style=\"font-weight: 400;\">Wenn du einem guten Freund oder einer guten Freundin eine sch\u00f6ne \u00dcberraschung machen willst, ist dieses Puzzlespiel aus der Kunstpuzzle-Kollektion die perfekte Wahl!<\/span><\/p>\n","protected":false},"excerpt":{"rendered":"<p>Wir haben das vielf\u00e4ltigste Angebot an Puzzles f\u00fcr Erwachsene mit ber\u00fchmten Gem\u00e4lden zusammengestellt, die du ganz f\u00fcr dich allein haben<\/p>\n","protected":false},"featured_media":63124,"template":"","meta":[],"product_brand":[],"product_cat":[1875,1915,1916],"product_tag":[],"class_list":{"0":"post-41554","1":"product","2":"type-product","3":"status-publish","4":"has-post-thumbnail","6":"product_cat-puzzle-de","7":"product_cat-puzzlespiele-fur-erwachsene","8":"product_cat-1000-teile-puzzle","9":"pa_bax-10-de","10":"pa_brand-d_toys-de","11":"pa_country_of_manufacture-ro-de","12":"pa_filter_age-14-de","13":"pa_painter-pieterbreugheltheyounger-de","14":"pa_tip_ambalaj-kasten-a4-de","15":"pa_tip_puzzle-klassisch","17":"first","18":"instock","19":"taxable","20":"shipping-taxable","21":"product-type-simple"},"yoast_head":"<!-- This site is optimized with the Yoast SEO plugin v20.1 - https:\/\/yoast.com\/wordpress\/plugins\/seo\/ -->\n<title>Adult Puzzle 1000 Pieces Pieter Breughel der J\u00fcngere - Herbst\/Toamna<\/title>\n<meta name=\"description\" content=\"Adult Puzzle 1000 Pieces Pieter Breughel der J\u00fcngere - Herbst\/Toamna\" \/>\n<meta name=\"robots\" content=\"index, follow, max-snippet:-1, max-image-preview:large, max-video-preview:-1\" \/>\n<link rel=\"canonical\" href=\"https:\/\/business.roovi.com\/de\/adult-puzzle-1000-pieces-pieter-breughel-der-jungere-herbst-toamna\/p\/\" \/>\n<meta property=\"og:locale\" content=\"de_DE\" \/>\n<meta property=\"og:type\" content=\"article\" \/>\n<meta property=\"og:title\" content=\"Adult Puzzle 1000 Pieces Pieter Breughel der J\u00fcngere - Herbst\/Toamna\" \/>\n<meta property=\"og:description\" content=\"Adult Puzzle 1000 Pieces Pieter Breughel der J\u00fcngere - Herbst\/Toamna\" \/>\n<meta property=\"og:url\" content=\"https:\/\/business.roovi.com\/de\/adult-puzzle-1000-pieces-pieter-breughel-der-jungere-herbst-toamna\/p\/\" \/>\n<meta property=\"og:site_name\" content=\"Roovi B2B\" \/>\n<meta property=\"article:publisher\" content=\"https:\/\/www.facebook.com\/wwwjucariero\" \/>\n<meta property=\"article:modified_time\" content=\"2023-02-20T09:48:30+00:00\" \/>\n<meta property=\"og:image\" content=\"https:\/\/business.roovi.com\/wp-content\/uploads\/2018\/04\/66947-BR-03-WEB.jpg\" \/>\n\t<meta property=\"og:image:width\" content=\"1200\" \/>\n\t<meta property=\"og:image:height\" content=\"1200\" \/>\n\t<meta property=\"og:image:type\" content=\"image\/jpeg\" \/>\n<meta name=\"twitter:label1\" content=\"Gesch\u00e4tzte Lesezeit\" \/>\n\t<meta name=\"twitter:data1\" content=\"4\u00a0Minuten\" \/>\n<script type=\"application\/ld+json\" class=\"yoast-schema-graph\">{\"@context\":\"https:\/\/schema.org\",\"@graph\":[{\"@type\":\"WebPage\",\"@id\":\"https:\/\/business.roovi.com\/de\/adult-puzzle-1000-pieces-pieter-breughel-der-jungere-herbst-toamna\/p\/\",\"url\":\"https:\/\/business.roovi.com\/de\/adult-puzzle-1000-pieces-pieter-breughel-der-jungere-herbst-toamna\/p\/\",\"name\":\"Adult Puzzle 1000 Pieces Pieter Breughel der J\u00fcngere - Herbst\/Toamna\",\"isPartOf\":{\"@id\":\"https:\/\/business.roovi.com\/de\/#website\"},\"datePublished\":\"2018-04-16T10:56:17+00:00\",\"dateModified\":\"2023-02-20T09:48:30+00:00\",\"description\":\"Adult Puzzle 1000 Pieces Pieter Breughel der J\u00fcngere - Herbst\/Toamna\",\"breadcrumb\":{\"@id\":\"https:\/\/business.roovi.com\/de\/adult-puzzle-1000-pieces-pieter-breughel-der-jungere-herbst-toamna\/p\/#breadcrumb\"},\"inLanguage\":\"de\",\"potentialAction\":[{\"@type\":\"ReadAction\",\"target\":[\"https:\/\/business.roovi.com\/de\/adult-puzzle-1000-pieces-pieter-breughel-der-jungere-herbst-toamna\/p\/\"]}]},{\"@type\":\"BreadcrumbList\",\"@id\":\"https:\/\/business.roovi.com\/de\/adult-puzzle-1000-pieces-pieter-breughel-der-jungere-herbst-toamna\/p\/#breadcrumb\",\"itemListElement\":[{\"@type\":\"ListItem\",\"position\":1,\"name\":\"Home\",\"item\":\"https:\/\/business.roovi.com\/de\/\"},{\"@type\":\"ListItem\",\"position\":2,\"name\":\"Shop\",\"item\":\"https:\/\/business.roovi.com\/de\/shop\/\"},{\"@type\":\"ListItem\",\"position\":3,\"name\":\"Adult Puzzle 1000 Pieces Pieter Breughel der J\u00fcngere &#8211; Herbst\"}]},{\"@type\":\"WebSite\",\"@id\":\"https:\/\/business.roovi.com\/de\/#website\",\"url\":\"https:\/\/business.roovi.com\/de\/\",\"name\":\"Roovi B2B\",\"description\":\"Roovi Business Website\",\"potentialAction\":[{\"@type\":\"SearchAction\",\"target\":{\"@type\":\"EntryPoint\",\"urlTemplate\":\"https:\/\/business.roovi.com\/de\/?s={search_term_string}\"},\"query-input\":\"required name=search_term_string\"}],\"inLanguage\":\"de\"}]}<\/script>\n<!-- \/ Yoast SEO plugin. -->","yoast_head_json":{"title":"Adult Puzzle 1000 Pieces Pieter Breughel der J\u00fcngere - Herbst\/Toamna","description":"Adult Puzzle 1000 Pieces Pieter Breughel der J\u00fcngere - Herbst\/Toamna","robots":{"index":"index","follow":"follow","max-snippet":"max-snippet:-1","max-image-preview":"max-image-preview:large","max-video-preview":"max-video-preview:-1"},"canonical":"https:\/\/business.roovi.com\/de\/adult-puzzle-1000-pieces-pieter-breughel-der-jungere-herbst-toamna\/p\/","og_locale":"de_DE","og_type":"article","og_title":"Adult Puzzle 1000 Pieces Pieter Breughel der J\u00fcngere - Herbst\/Toamna","og_description":"Adult Puzzle 1000 Pieces Pieter Breughel der J\u00fcngere - Herbst\/Toamna","og_url":"https:\/\/business.roovi.com\/de\/adult-puzzle-1000-pieces-pieter-breughel-der-jungere-herbst-toamna\/p\/","og_site_name":"Roovi B2B","article_publisher":"https:\/\/www.facebook.com\/wwwjucariero","article_modified_time":"2023-02-20T09:48:30+00:00","og_image":[{"width":1200,"height":1200,"url":"https:\/\/business.roovi.com\/wp-content\/uploads\/2018\/04\/66947-BR-03-WEB.jpg","type":"image\/jpeg"}],"twitter_misc":{"Gesch\u00e4tzte Lesezeit":"4\u00a0Minuten"},"schema":{"@context":"https:\/\/schema.org","@graph":[{"@type":"WebPage","@id":"https:\/\/business.roovi.com\/de\/adult-puzzle-1000-pieces-pieter-breughel-der-jungere-herbst-toamna\/p\/","url":"https:\/\/business.roovi.com\/de\/adult-puzzle-1000-pieces-pieter-breughel-der-jungere-herbst-toamna\/p\/","name":"Adult Puzzle 1000 Pieces Pieter Breughel der J\u00fcngere - Herbst\/Toamna","isPartOf":{"@id":"https:\/\/business.roovi.com\/de\/#website"},"datePublished":"2018-04-16T10:56:17+00:00","dateModified":"2023-02-20T09:48:30+00:00","description":"Adult Puzzle 1000 Pieces Pieter Breughel der J\u00fcngere - Herbst\/Toamna","breadcrumb":{"@id":"https:\/\/business.roovi.com\/de\/adult-puzzle-1000-pieces-pieter-breughel-der-jungere-herbst-toamna\/p\/#breadcrumb"},"inLanguage":"de","potentialAction":[{"@type":"ReadAction","target":["https:\/\/business.roovi.com\/de\/adult-puzzle-1000-pieces-pieter-breughel-der-jungere-herbst-toamna\/p\/"]}]},{"@type":"BreadcrumbList","@id":"https:\/\/business.roovi.com\/de\/adult-puzzle-1000-pieces-pieter-breughel-der-jungere-herbst-toamna\/p\/#breadcrumb","itemListElement":[{"@type":"ListItem","position":1,"name":"Home","item":"https:\/\/business.roovi.com\/de\/"},{"@type":"ListItem","position":2,"name":"Shop","item":"https:\/\/business.roovi.com\/de\/shop\/"},{"@type":"ListItem","position":3,"name":"Adult Puzzle 1000 Pieces Pieter Breughel der J\u00fcngere &#8211; Herbst"}]},{"@type":"WebSite","@id":"https:\/\/business.roovi.com\/de\/#website","url":"https:\/\/business.roovi.com\/de\/","name":"Roovi B2B","description":"Roovi Business Website","potentialAction":[{"@type":"SearchAction","target":{"@type":"EntryPoint","urlTemplate":"https:\/\/business.roovi.com\/de\/?s={search_term_string}"},"query-input":"required name=search_term_string"}],"inLanguage":"de"}]}},"_links":{"self":[{"href":"https:\/\/business.roovi.com\/de\/wp-json\/wp\/v2\/product\/41554","targetHints":{"allow":["GET"]}}],"collection":[{"href":"https:\/\/business.roovi.com\/de\/wp-json\/wp\/v2\/product"}],"about":[{"href":"https:\/\/business.roovi.com\/de\/wp-json\/wp\/v2\/types\/product"}],"version-history":[{"count":0,"href":"https:\/\/business.roovi.com\/de\/wp-json\/wp\/v2\/product\/41554\/revisions"}],"wp:featuredmedia":[{"embeddable":true,"href":"https:\/\/business.roovi.com\/de\/wp-json\/wp\/v2\/media\/63124"}],"wp:attachment":[{"href":"https:\/\/business.roovi.com\/de\/wp-json\/wp\/v2\/media?parent=41554"}],"wp:term":[{"taxonomy":"product_brand","embeddable":true,"href":"https:\/\/business.roovi.com\/de\/wp-json\/wp\/v2\/product_brand?post=41554"},{"taxonomy":"product_cat","embeddable":true,"href":"https:\/\/business.roovi.com\/de\/wp-json\/wp\/v2\/product_cat?post=41554"},{"taxonomy":"product_tag","embeddable":true,"href":"https:\/\/business.roovi.com\/de\/wp-json\/wp\/v2\/product_tag?post=41554"}],"curies":[{"name":"wp","href":"https:\/\/api.w.org\/{rel}","templated":true}]}}