{"id":41562,"date":"2018-04-16T10:56:17","date_gmt":"2018-04-16T10:56:17","guid":{"rendered":"https:\/\/business.roovi.com\/puzzle-adulti-1000-piese-pieter-breughel-the-younger-the-payment-of-the-tithes\/p\/"},"modified":"2023-02-20T10:11:09","modified_gmt":"2023-02-20T10:11:09","slug":"adult-puzzle-1000-pieces-pieter-breughel-der-jungere-die-zahlung-des-zehnten","status":"publish","type":"product","link":"https:\/\/business.roovi.com\/de\/adult-puzzle-1000-pieces-pieter-breughel-der-jungere-die-zahlung-des-zehnten\/p\/","title":{"rendered":"Adult Puzzle 1000 Pieces &#8211; Pieter Brueghel der J\u00fcngere &#8211; Die Zahlung des Zehnten"},"content":{"rendered":"<p><span style=\"font-weight: 400;\">Die 1000-teiligen Puzzles aus diesem Sortiment sind mehr als nur Puzzlespiele, sie sind Puzzles f\u00fcr Erwachsene, aus denen du dekorative Bilder machen kannst, die deinem Zuhause einen raffinierten Look verleihen. Hier findest du Kunstr\u00e4tsel aus allen Kunstepochen, egal ob du ein Liebhaber der Renaissance, des Barock, des Jugendstils oder der zeitgen\u00f6ssischen Kunst bist.<\/span><\/p>\n<p><span style=\"font-weight: 400;\">Das 1000 Teile Puzzle Pieter Brueghel der J\u00fcngere &#8211; Die Zahlung des Zehnten stellt das gleichnamige Gem\u00e4lde dar, das eines der repr\u00e4sentativen Kunstwerke Brueghels des J\u00fcngeren ist. Die Szene zeigt das B\u00fcro eines Steuereintreibers, in dem sich die Menschen versammelt haben, um ihre Steuern an die Beh\u00f6rden zu zahlen, nachdem sie gezwungen waren, die letzten ihrer Besitzt\u00fcmer abzugeben. Zu seiner Zeit war das Werk aus gesellschaftskritischer Sicht mutig.<\/span><\/p>\n<p><span style=\"font-weight: 400;\">Schl\u00fcpfe in die Schuhe des Malers und setze dieses wunderbare 1000-teilige Puzzle zu einem einzigartigen Gem\u00e4lde in majest\u00e4tischen Farben zusammen. Du brauchst den Couchtisch in deinem Wohnzimmer f\u00fcr deine Arbeit, denn das Bild aus dem Kunstpuzzle ist 50 x 70 cm gro\u00df und kann auf der Tischoberfl\u00e4che nachgebildet werden <\/span><\/p>\n<p><span style=\"font-weight: 400;\">Wir haben auch einige weitere Informationen \u00fcber die Eigenschaften des 1000-teiligen Puzzles Pieter Brueghel der J\u00fcngere &#8211; Die Zahlung des Zehnten vorbereitet:<\/span><\/p>\n<p><strong>Puzzle-Material <\/strong><\/p>\n<p><strong>hochwertiger blauer Karton<\/strong><\/p>\n<p><strong>nachhaltige, recycelbare Materialien<\/strong><\/p>\n<p><strong>halbgl\u00e4nzende Oberfl\u00e4che, leuchtende Farben<\/strong><\/p>\n<p><strong>Anzahl der Puzzleteile: 1000<\/strong><\/p>\n<p><strong>Empfohlenes Alter: 14+<\/strong><\/p>\n<p><strong>1000-Teile-Puzzle oder wie du deine Produktivit\u00e4t steigern kannst<\/strong><\/p>\n<p><span style=\"font-weight: 400;\">Wenn du das 1000-teilige Puzzle aus der Kunstpuzzle-Kollektion fertiggestellt hast, lehnst du dich entspannt zur\u00fcck und konzentrierst dich voll und ganz, um das gew\u00fcnschte Bild zu vervollst\u00e4ndigen. Diese T\u00e4tigkeit, die so viel Ausdauer und Geduld erfordert, hilft dir, deine Produktivit\u00e4t in anderen Bereichen deines Lebens zu steigern, zum Beispiel bei der Arbeit.<\/span><\/p>\n<p><strong>Weitere Vorteile eines 1000-teiligen Puzzles:<\/strong><\/p>\n<ul style=\"list-style-type: square;\">\n<li><span style=\"font-weight: 400;\">Es gibt dir ein Gef\u00fchl der Zufriedenheit, wenn du eine schwierige Aufgabe erledigst.<\/span><\/li>\n<li><span style=\"font-weight: 400;\">Das schafft eine bessere Stimmung.<\/span><\/li>\n<li><span style=\"font-weight: 400;\">Es hilft dir, den Details deines Lebens mehr Aufmerksamkeit zu schenken.<\/span><\/li>\n<li><span style=\"font-weight: 400;\">Es befreit dich vom Alltagsstress.<\/span><\/li>\n<li><span style=\"font-weight: 400;\">Es gibt dir die M\u00f6glichkeit, mit deinen Liebsten viel Spa\u00df zu haben, wenn du das 1000-Teile-Puzzle mit ihnen zusammensetzt.<\/span><\/li>\n<\/ul>\n<p><strong>Ein paar Leckerbissen aus dem Leben von Pieter Brueghel dem J\u00fcngeren<\/strong><\/p>\n<p><span style=\"font-weight: 400;\">Er wurde auch genannt<\/span> <strong>Brueghel der H\u00f6lle<\/strong> <span style=\"font-weight: 400;\">nach Werken mit fantastischen Darstellungen von Feuer und anderen grotesken Bildern. Diese Gem\u00e4lde werden heute seinem Bruder, Jan Brueghel dem \u00c4lteren, zugeschrieben.<\/span><\/p>\n<p><span style=\"font-weight: 400;\">Er ist bekannt f\u00fcr seine vielen Kopien der Werke seines Vaters, Pieter Bruegel des \u00c4lteren, die er zu hohen Preisen verkaufte.<\/span><\/p>\n<p><span style=\"font-weight: 400;\">Es scheint, dass er zu Lebzeiten aufgrund von Alkoholproblemen zahlreiche finanzielle Probleme hatte.<\/span><\/p>\n<p><span style=\"font-weight: 400;\">Einige Kritiker sind der Meinung, dass seinen Werken die Subtilit\u00e4t und der Humanismus seines Vaters, Pieter Bruegel des \u00c4lteren, fehlen.<\/span><\/p>\n<p><strong>L\u00f6se jeden Tag das 1000-Teile-Puzzle und verbessere dein Kurzzeitged\u00e4chtnis!<\/strong><\/p>\n<p><span style=\"font-weight: 400;\">Wenn du ein 1000-teiliges Puzzle fertigstellst, brauchst du dein Ged\u00e4chtnis, wenn du dich an die Formen der Teile, die Farben oder daran erinnern musst, wo die 1000 Puzzleteile zusammenpassen. Dies ist eine tolle \u00dcbung, um dein Kurzzeitged\u00e4chtnis zu verbessern.<\/span><\/p>\n<p><strong>1000-Teile-Puzzles bringen dich mit dir selbst in Kontakt<\/strong><\/p>\n<p><span style=\"font-weight: 400;\">Die meiste Zeit bist du auf die allt\u00e4glichen Aktivit\u00e4ten und das schnelle Leben drau\u00dfen konzentriert. Um dein Gleichgewicht zu finden, musst du von Zeit zu Zeit eine Pause einlegen und dich mit deinem inneren Selbst verbinden. Puzzlespiele geben dir die M\u00f6glichkeit, Zeit mit dir selbst zu verbringen und helfen dir, Kraft f\u00fcr die Herausforderungen des Alltags zu tanken.<\/span><\/p>\n<p><span style=\"font-weight: 400;\">Willst du Spa\u00df dabei haben, das einzigartige Bild des Zehnten nachzuspielen? Kaufe Pieter Brueghel den J\u00fcngeren &#8211; Die Zahlung des Zehnten 1000 Teile Puzzle, lege St\u00fcck f\u00fcr St\u00fcck und du wirst jeden Tag ein originelles Bild genie\u00dfen. Dieses Puzzle f\u00fcr Erwachsene ist ein tolles Geschenk f\u00fcr einen kunstbegeisterten Freund und ein 1000 Teile-Puzzle.<\/span><\/p>\n","protected":false},"excerpt":{"rendered":"<p>Die 1000-teiligen Puzzles aus diesem Sortiment sind mehr als nur Puzzlespiele, sie sind Puzzles f\u00fcr Erwachsene, aus denen du dekorative<\/p>\n","protected":false},"featured_media":63138,"template":"","meta":[],"product_brand":[],"product_cat":[1875,1915,1916],"product_tag":[],"class_list":{"0":"post-41562","1":"product","2":"type-product","3":"status-publish","4":"has-post-thumbnail","6":"product_cat-puzzle-de","7":"product_cat-puzzlespiele-fur-erwachsene","8":"product_cat-1000-teile-puzzle","9":"pa_bax-10-de","10":"pa_brand-d_toys-de","11":"pa_country_of_manufacture-ro-de","12":"pa_filter_age-14-de","13":"pa_painter-pieterbreugheltheyounger-de","14":"pa_tip_ambalaj-kasten-a4-de","15":"pa_tip_puzzle-klassisch","17":"first","18":"instock","19":"taxable","20":"shipping-taxable","21":"product-type-simple"},"yoast_head":"<!-- This site is optimized with the Yoast SEO plugin v20.1 - https:\/\/yoast.com\/wordpress\/plugins\/seo\/ -->\n<title>Adult Puzzle 1000 Pieces Pieter Breughel der J\u00fcngere - Die Zahlung des Zehnten<\/title>\n<meta name=\"description\" content=\"Adult Puzzle 1000 Pieces Pieter Breughel der J\u00fcngere - Die Zahlung des Zehnten\" \/>\n<meta name=\"robots\" content=\"index, follow, max-snippet:-1, max-image-preview:large, max-video-preview:-1\" \/>\n<link rel=\"canonical\" href=\"https:\/\/business.roovi.com\/de\/adult-puzzle-1000-pieces-pieter-breughel-der-jungere-die-zahlung-des-zehnten\/p\/\" \/>\n<meta property=\"og:locale\" content=\"de_DE\" \/>\n<meta property=\"og:type\" content=\"article\" \/>\n<meta property=\"og:title\" content=\"Adult Puzzle 1000 Pieces Pieter Breughel der J\u00fcngere - Die Zahlung des Zehnten\" \/>\n<meta property=\"og:description\" content=\"Adult Puzzle 1000 Pieces Pieter Breughel der J\u00fcngere - Die Zahlung des Zehnten\" \/>\n<meta property=\"og:url\" content=\"https:\/\/business.roovi.com\/de\/adult-puzzle-1000-pieces-pieter-breughel-der-jungere-die-zahlung-des-zehnten\/p\/\" \/>\n<meta property=\"og:site_name\" content=\"Roovi B2B\" \/>\n<meta property=\"article:publisher\" content=\"https:\/\/www.facebook.com\/wwwjucariero\" \/>\n<meta property=\"article:modified_time\" content=\"2023-02-20T10:11:09+00:00\" \/>\n<meta property=\"og:image\" content=\"https:\/\/business.roovi.com\/wp-content\/uploads\/2018\/04\/66947-BR-06-WEB.jpg\" \/>\n\t<meta property=\"og:image:width\" content=\"1200\" \/>\n\t<meta property=\"og:image:height\" content=\"1200\" \/>\n\t<meta property=\"og:image:type\" content=\"image\/jpeg\" \/>\n<meta name=\"twitter:label1\" content=\"Gesch\u00e4tzte Lesezeit\" \/>\n\t<meta name=\"twitter:data1\" content=\"4\u00a0Minuten\" \/>\n<script type=\"application\/ld+json\" class=\"yoast-schema-graph\">{\"@context\":\"https:\/\/schema.org\",\"@graph\":[{\"@type\":\"WebPage\",\"@id\":\"https:\/\/business.roovi.com\/de\/adult-puzzle-1000-pieces-pieter-breughel-der-jungere-die-zahlung-des-zehnten\/p\/\",\"url\":\"https:\/\/business.roovi.com\/de\/adult-puzzle-1000-pieces-pieter-breughel-der-jungere-die-zahlung-des-zehnten\/p\/\",\"name\":\"Adult Puzzle 1000 Pieces Pieter Breughel der J\u00fcngere - Die Zahlung des Zehnten\",\"isPartOf\":{\"@id\":\"https:\/\/business.roovi.com\/de\/#website\"},\"datePublished\":\"2018-04-16T10:56:17+00:00\",\"dateModified\":\"2023-02-20T10:11:09+00:00\",\"description\":\"Adult Puzzle 1000 Pieces Pieter Breughel der J\u00fcngere - Die Zahlung des Zehnten\",\"breadcrumb\":{\"@id\":\"https:\/\/business.roovi.com\/de\/adult-puzzle-1000-pieces-pieter-breughel-der-jungere-die-zahlung-des-zehnten\/p\/#breadcrumb\"},\"inLanguage\":\"de\",\"potentialAction\":[{\"@type\":\"ReadAction\",\"target\":[\"https:\/\/business.roovi.com\/de\/adult-puzzle-1000-pieces-pieter-breughel-der-jungere-die-zahlung-des-zehnten\/p\/\"]}]},{\"@type\":\"BreadcrumbList\",\"@id\":\"https:\/\/business.roovi.com\/de\/adult-puzzle-1000-pieces-pieter-breughel-der-jungere-die-zahlung-des-zehnten\/p\/#breadcrumb\",\"itemListElement\":[{\"@type\":\"ListItem\",\"position\":1,\"name\":\"Home\",\"item\":\"https:\/\/business.roovi.com\/de\/\"},{\"@type\":\"ListItem\",\"position\":2,\"name\":\"Shop\",\"item\":\"https:\/\/business.roovi.com\/de\/shop\/\"},{\"@type\":\"ListItem\",\"position\":3,\"name\":\"Adult Puzzle 1000 Pieces &#8211; Pieter Brueghel der J\u00fcngere &#8211; Die Zahlung des Zehnten\"}]},{\"@type\":\"WebSite\",\"@id\":\"https:\/\/business.roovi.com\/de\/#website\",\"url\":\"https:\/\/business.roovi.com\/de\/\",\"name\":\"Roovi B2B\",\"description\":\"Roovi Business Website\",\"potentialAction\":[{\"@type\":\"SearchAction\",\"target\":{\"@type\":\"EntryPoint\",\"urlTemplate\":\"https:\/\/business.roovi.com\/de\/?s={search_term_string}\"},\"query-input\":\"required name=search_term_string\"}],\"inLanguage\":\"de\"}]}<\/script>\n<!-- \/ Yoast SEO plugin. -->","yoast_head_json":{"title":"Adult Puzzle 1000 Pieces Pieter Breughel der J\u00fcngere - Die Zahlung des Zehnten","description":"Adult Puzzle 1000 Pieces Pieter Breughel der J\u00fcngere - Die Zahlung des Zehnten","robots":{"index":"index","follow":"follow","max-snippet":"max-snippet:-1","max-image-preview":"max-image-preview:large","max-video-preview":"max-video-preview:-1"},"canonical":"https:\/\/business.roovi.com\/de\/adult-puzzle-1000-pieces-pieter-breughel-der-jungere-die-zahlung-des-zehnten\/p\/","og_locale":"de_DE","og_type":"article","og_title":"Adult Puzzle 1000 Pieces Pieter Breughel der J\u00fcngere - Die Zahlung des Zehnten","og_description":"Adult Puzzle 1000 Pieces Pieter Breughel der J\u00fcngere - Die Zahlung des Zehnten","og_url":"https:\/\/business.roovi.com\/de\/adult-puzzle-1000-pieces-pieter-breughel-der-jungere-die-zahlung-des-zehnten\/p\/","og_site_name":"Roovi B2B","article_publisher":"https:\/\/www.facebook.com\/wwwjucariero","article_modified_time":"2023-02-20T10:11:09+00:00","og_image":[{"width":1200,"height":1200,"url":"https:\/\/business.roovi.com\/wp-content\/uploads\/2018\/04\/66947-BR-06-WEB.jpg","type":"image\/jpeg"}],"twitter_misc":{"Gesch\u00e4tzte Lesezeit":"4\u00a0Minuten"},"schema":{"@context":"https:\/\/schema.org","@graph":[{"@type":"WebPage","@id":"https:\/\/business.roovi.com\/de\/adult-puzzle-1000-pieces-pieter-breughel-der-jungere-die-zahlung-des-zehnten\/p\/","url":"https:\/\/business.roovi.com\/de\/adult-puzzle-1000-pieces-pieter-breughel-der-jungere-die-zahlung-des-zehnten\/p\/","name":"Adult Puzzle 1000 Pieces Pieter Breughel der J\u00fcngere - Die Zahlung des Zehnten","isPartOf":{"@id":"https:\/\/business.roovi.com\/de\/#website"},"datePublished":"2018-04-16T10:56:17+00:00","dateModified":"2023-02-20T10:11:09+00:00","description":"Adult Puzzle 1000 Pieces Pieter Breughel der J\u00fcngere - Die Zahlung des Zehnten","breadcrumb":{"@id":"https:\/\/business.roovi.com\/de\/adult-puzzle-1000-pieces-pieter-breughel-der-jungere-die-zahlung-des-zehnten\/p\/#breadcrumb"},"inLanguage":"de","potentialAction":[{"@type":"ReadAction","target":["https:\/\/business.roovi.com\/de\/adult-puzzle-1000-pieces-pieter-breughel-der-jungere-die-zahlung-des-zehnten\/p\/"]}]},{"@type":"BreadcrumbList","@id":"https:\/\/business.roovi.com\/de\/adult-puzzle-1000-pieces-pieter-breughel-der-jungere-die-zahlung-des-zehnten\/p\/#breadcrumb","itemListElement":[{"@type":"ListItem","position":1,"name":"Home","item":"https:\/\/business.roovi.com\/de\/"},{"@type":"ListItem","position":2,"name":"Shop","item":"https:\/\/business.roovi.com\/de\/shop\/"},{"@type":"ListItem","position":3,"name":"Adult Puzzle 1000 Pieces &#8211; Pieter Brueghel der J\u00fcngere &#8211; Die Zahlung des Zehnten"}]},{"@type":"WebSite","@id":"https:\/\/business.roovi.com\/de\/#website","url":"https:\/\/business.roovi.com\/de\/","name":"Roovi B2B","description":"Roovi Business Website","potentialAction":[{"@type":"SearchAction","target":{"@type":"EntryPoint","urlTemplate":"https:\/\/business.roovi.com\/de\/?s={search_term_string}"},"query-input":"required name=search_term_string"}],"inLanguage":"de"}]}},"_links":{"self":[{"href":"https:\/\/business.roovi.com\/de\/wp-json\/wp\/v2\/product\/41562","targetHints":{"allow":["GET"]}}],"collection":[{"href":"https:\/\/business.roovi.com\/de\/wp-json\/wp\/v2\/product"}],"about":[{"href":"https:\/\/business.roovi.com\/de\/wp-json\/wp\/v2\/types\/product"}],"version-history":[{"count":0,"href":"https:\/\/business.roovi.com\/de\/wp-json\/wp\/v2\/product\/41562\/revisions"}],"wp:featuredmedia":[{"embeddable":true,"href":"https:\/\/business.roovi.com\/de\/wp-json\/wp\/v2\/media\/63138"}],"wp:attachment":[{"href":"https:\/\/business.roovi.com\/de\/wp-json\/wp\/v2\/media?parent=41562"}],"wp:term":[{"taxonomy":"product_brand","embeddable":true,"href":"https:\/\/business.roovi.com\/de\/wp-json\/wp\/v2\/product_brand?post=41562"},{"taxonomy":"product_cat","embeddable":true,"href":"https:\/\/business.roovi.com\/de\/wp-json\/wp\/v2\/product_cat?post=41562"},{"taxonomy":"product_tag","embeddable":true,"href":"https:\/\/business.roovi.com\/de\/wp-json\/wp\/v2\/product_tag?post=41562"}],"curies":[{"name":"wp","href":"https:\/\/api.w.org\/{rel}","templated":true}]}}