{"id":41566,"date":"2018-04-16T10:56:17","date_gmt":"2018-04-16T10:56:17","guid":{"rendered":"https:\/\/business.roovi.com\/puzzle-adulti-1000-piese-gustav-klimt-lady-with-a-fan\/p\/"},"modified":"2022-07-06T17:24:54","modified_gmt":"2022-07-06T17:24:54","slug":"1000-teile-gustav-klimt-puzzle-fur-erwachsene-dame-mit-facher","status":"publish","type":"product","link":"https:\/\/business.roovi.com\/de\/1000-teile-gustav-klimt-puzzle-fur-erwachsene-dame-mit-facher\/p\/","title":{"rendered":"1000 Teile Gustav Klimt Puzzle f\u00fcr Erwachsene &#8211; Dame mit F\u00e4cher"},"content":{"rendered":"<p><span style=\"font-weight: 400;line-height: 14px;font-size: 14px\">Willkommen in der gr\u00f6\u00dften Kunstgalerie f\u00fcr 1000-teilige Puzzles! Jetzt kannst du einen genaueren Blick auf die Meisterwerke der ber\u00fchmtesten Maler der Welt werfen. Kaufe Kunstpuzzles und erstelle deine eigene Kunstsammlung.<\/span><\/p>\n<p><span style=\"font-weight: 400;line-height: 14px;font-size: 14px\">Gustav Klimt &#8211; Dame mit F\u00e4cher 1000 Teile Puzzle bringt die Wiener Sch\u00f6nheit der Kunstwerke des talentierten K\u00fcnstlers in dein Zuhause. In einer Kulisse voller leuchtender Farben blickt eine geheimnisvolle Frau verf\u00fchrerisch \u00fcber das Publikum hinweg. Mit erhobenem Kopf, entbl\u00f6\u00dfter Schulter und nackter Brust, die von einem F\u00e4cher verdeckt wird, wirkt sie selbstbewusst und selbstsicher. Mit Ausdauer und Entschlossenheit kannst du dieses herrliche Kunstwerk voller Eleganz und Farbe nachbauen <\/span><\/p>\n<p><span style=\"font-weight: 400;line-height: 14px;font-size: 14px\">Das 1000 Teile Puzzle &#8211; Dame mit F\u00e4cher von Gustav Klimt ist aus hochwertigen Materialien gefertigt, damit du auch die kleinsten Details des Originalgem\u00e4ldes bewundern kannst. Das fertige Bild ist 50 x 70 cm gro\u00df und kann mit einem normalen Couchtisch aufgebaut werden.<\/span><\/p>\n<p><span style=\"font-weight: 400;line-height: 14px;font-size: 14px\">Weitere Merkmale des Kunstpuzzles:<\/span><\/p>\n<p><span style=\"line-height: 14px;font-size: 14px\"><strong>Puzzle-Material <\/strong><\/span><\/p>\n<p><span style=\"line-height: 14px;font-size: 14px\"><strong>hochwertiger blauer Karton<\/strong><\/span><\/p>\n<p><span style=\"line-height: 14px;font-size: 14px\"><strong>nachhaltige, recycelbare Materialien<\/strong><\/span><\/p>\n<p><span style=\"line-height: 14px;font-size: 14px\"><strong>halbgl\u00e4nzende Oberfl\u00e4che, leuchtende Farben<\/strong><\/span><\/p>\n<p><span style=\"line-height: 14px;font-size: 14px\"><strong>Anzahl der Puzzleteile: 1000<\/strong><\/span><\/p>\n<p><span style=\"line-height: 14px;font-size: 14px\"><strong>Empfohlenes Alter: 14+<\/strong><\/span><\/p>\n<p><span style=\"line-height: 14px;font-size: 14px\"><strong>Puzzlespiele verbessern deine Konzentration<\/strong><\/span><\/p>\n<p><span style=\"font-weight: 400;line-height: 14px;font-size: 14px\">Hast du Probleme, dich zu konzentrieren? Immer wenn du an einer Sache arbeiten willst, wird dein Geist von tausenden anderen Gedanken \u00fcberflutet und du verlierst schnell den Fokus? Das passiert oft, weil wir alle st\u00e4ndig mit Hunderten von Informationen bombardiert werden. Um dich auf eine einzige T\u00e4tigkeit konzentrieren zu k\u00f6nnen, musst du deinen Geist dazu erziehen, sich selbst zu befreien. Die Aktivit\u00e4t des Zusammensetzens von Puzzles f\u00fcr Erwachsene hilft dir dabei. Die Auswirkungen sind \u00e4hnlich wie bei der Meditation.<\/span><\/p>\n<p><span style=\"line-height: 14px;font-size: 14px\"><strong>Puzzlespiele verbessern deine Probleml\u00f6sungsf\u00e4higkeiten<\/strong><\/span><\/p>\n<p><span style=\"font-weight: 400;line-height: 14px;font-size: 14px\">Das 1000-Teile-Puzzle ist&#8230; wie ein Problem. Sobald du anf\u00e4ngst, Spielsteine auszuw\u00e4hlen, nach Kanten zu suchen oder verschiedene L\u00f6sungsstrategien aufzustellen, beginnt sich das Problem Schritt f\u00fcr Schritt selbst zu l\u00f6sen. Diese Organisation von Schritten zur L\u00f6sungsfindung hilft dir auch bei der L\u00f6sung anderer Probleme, die dir t\u00e4glich begegnen.<\/span><\/p>\n<p><span style=\"line-height: 14px;font-size: 14px\"><strong>Puzzlespiele verbessern deine Logik<\/strong><span style=\"font-weight: 400\">  <\/span><\/span><\/p>\n<p><span style=\"font-weight: 400;line-height: 14px;font-size: 14px\">Obwohl es wie ein Durcheinander aus hunderten von Teilen aussieht, ist das 1000-Puzzle eigentlich ein Logikspiel. Das Zusammensetzen ist eine gute \u00dcbung, um deine Logikf\u00e4higkeiten zu verbessern.<\/span><\/p>\n<p><span style=\"line-height: 14px;font-size: 14px\"><strong>Einige Informationen \u00fcber Gustav Klimt und sein lebendiges Werk<\/strong><\/span><\/p>\n<p><span style=\"font-weight: 400;line-height: 14px;font-size: 14px\">Mit seiner Kunst trug er dazu bei, eine der wichtigsten Revolutionen der Kunstgeschichte auszul\u00f6sen.<\/span><\/p>\n<p><span style=\"font-weight: 400;line-height: 14px;font-size: 14px\">Er arbeitete zusammen mit seinen Br\u00fcdern an der Ausf\u00fchrung einiger Arbeiten auf Schloss Peles.<\/span><\/p>\n<p><span style=\"font-weight: 400;line-height: 14px;font-size: 14px\">Es ist eines von zwei unvollendeten Gem\u00e4lden, die nach dem Tod des Malers in dessen Atelier gefunden wurden <\/span><\/p>\n<p><span style=\"font-weight: 400;line-height: 14px;font-size: 14px\">Das Gem\u00e4lde wurde nach dem Tod des K\u00fcnstlers unter ungekl\u00e4rten Umst\u00e4nden aus \u00d6sterreich entfernt und ist seit mehr als 100 Jahren nicht mehr \u00f6ffentlich zu sehen.<\/span><\/p>\n<p><span style=\"font-weight: 400;line-height: 14px;font-size: 14px\">Im Jahr 1994 wurde das Werk bei einer Auktion in New York f\u00fcr sagenhafte 11,6 Millionen Dollar versteigert.<\/span><\/p>\n<p><span style=\"line-height: 14px;font-size: 14px\"><strong>Was sind die Vorteile von Kunstr\u00e4tseln?<\/strong><\/span><\/p>\n<p><span style=\"font-weight: 400;line-height: 14px;font-size: 14px\">Kunstr\u00e4tsel helfen dir, die Sch\u00f6nheit in den einfachen Dingen zu finden. Und das ist noch nicht alles. Hier sind einige weitere Vorteile, die dir diese wunderbaren Puzzlespiele bringen:<\/span><\/p>\n<ul style=\"list-style-type: circle\">\n<li><span style=\"font-weight: 400;line-height: 14px;font-size: 14px\">Entwickelt deine Fantasie<\/span><\/li>\n<li><span style=\"font-weight: 400;line-height: 14px;font-size: 14px\">Sie geben dir die M\u00f6glichkeit, etablierte Kunstwerke im Detail zu bewundern.<\/span><\/li>\n<li><span style=\"font-weight: 400;line-height: 14px;font-size: 14px\">Es entwickelt deinen Sinn f\u00fcr Farben.<\/span><\/li>\n<li><span style=\"font-weight: 400;line-height: 14px;font-size: 14px\">Er f\u00fchrt dich in eine neue, k\u00fcnstlerische Welt, die du vielleicht noch nicht kanntest.<\/span><\/li>\n<li><span style=\"font-weight: 400;line-height: 14px;font-size: 14px\">Es hilft dir, dich durch die Kunst wieder mit dir selbst zu verbinden.<\/span><\/li>\n<li><span style=\"font-weight: 400;line-height: 14px;font-size: 14px\">Sie verleihen deinem Zuhause Raffinesse, indem sie Bilder einrahmen und an den W\u00e4nden aufh\u00e4ngen.<\/span><\/li>\n<\/ul>\n<p><span style=\"font-weight: 400;line-height: 14px;font-size: 14px\">Die Kunst von Gustav Klimt ist atemberaubend und innovativ. Bestelle das Gustav Klimt &#8211; Dame mit F\u00e4cher Kunstpuzzle jetzt und sp\u00fcre die positiven Vibes. Erstelle eine erstaunliche Sammlung von 1000-teiligen Puzzles und genie\u00dfe die Sch\u00f6nheit der Kunst in deinem Zuhause <\/span><\/p>\n<p><span style=\"font-weight: 400;line-height: 14px;font-size: 14px\">\u00dcberrasche deine Freunde mit einzigartigen Geschenken, indem du ihnen Gustav Klimt &#8211; Dame mit F\u00e4cher 1000 Teile Puzzle schenkst!<\/span><\/p>\n","protected":false},"excerpt":{"rendered":"<p>Willkommen in der gr\u00f6\u00dften Kunstgalerie f\u00fcr 1000-teilige Puzzles! Jetzt kannst du einen genaueren Blick auf die Meisterwerke der ber\u00fchmtesten Maler<\/p>\n","protected":false},"featured_media":34288,"template":"","meta":[],"product_brand":[],"product_cat":[1916,1875,1915],"product_tag":[],"class_list":{"0":"post-41566","1":"product","2":"type-product","3":"status-publish","4":"has-post-thumbnail","6":"product_cat-1000-teile-puzzle","7":"product_cat-puzzle-de","8":"product_cat-puzzlespiele-fur-erwachsene","9":"pa_bax-10-de","10":"pa_brand-d_toys-de","11":"pa_country_of_manufacture-ro-de","12":"pa_filter_age-14-de","13":"pa_painter-gustavklimt-de","14":"pa_tip_ambalaj-kasten-a4-de","15":"pa_tip_puzzle-klassisch","17":"first","18":"instock","19":"taxable","20":"shipping-taxable","21":"product-type-simple"},"yoast_head":"<!-- This site is optimized with the Yoast SEO plugin v20.1 - https:\/\/yoast.com\/wordpress\/plugins\/seo\/ -->\n<title>1000 Teile Gustav Klimt Puzzle f\u00fcr Erwachsene - Dame mit F\u00e4cher<\/title>\n<meta name=\"description\" content=\"1000 Teile Gustav Klimt Puzzle f\u00fcr Erwachsene - Dame mit F\u00e4cher\" \/>\n<meta name=\"robots\" content=\"index, follow, max-snippet:-1, max-image-preview:large, max-video-preview:-1\" \/>\n<link rel=\"canonical\" href=\"https:\/\/business.roovi.com\/de\/1000-teile-gustav-klimt-puzzle-fur-erwachsene-dame-mit-facher\/p\/\" \/>\n<meta property=\"og:locale\" content=\"de_DE\" \/>\n<meta property=\"og:type\" content=\"article\" \/>\n<meta property=\"og:title\" content=\"1000 Teile Gustav Klimt Puzzle f\u00fcr Erwachsene - Dame mit F\u00e4cher\" \/>\n<meta property=\"og:description\" content=\"1000 Teile Gustav Klimt Puzzle f\u00fcr Erwachsene - Dame mit F\u00e4cher\" \/>\n<meta property=\"og:url\" content=\"https:\/\/business.roovi.com\/de\/1000-teile-gustav-klimt-puzzle-fur-erwachsene-dame-mit-facher\/p\/\" \/>\n<meta property=\"og:site_name\" content=\"Roovi B2B\" \/>\n<meta property=\"article:publisher\" content=\"https:\/\/www.facebook.com\/wwwjucariero\" \/>\n<meta property=\"article:modified_time\" content=\"2022-07-06T17:24:54+00:00\" \/>\n<meta property=\"og:image\" content=\"https:\/\/business.roovi.com\/wp-content\/uploads\/2018\/04\/66923-03_ansamblu_dimensiuni_cutie_cm_1200x1200.png\" \/>\n\t<meta property=\"og:image:width\" content=\"1200\" \/>\n\t<meta property=\"og:image:height\" content=\"1200\" \/>\n\t<meta property=\"og:image:type\" content=\"image\/png\" \/>\n<meta name=\"twitter:label1\" content=\"Gesch\u00e4tzte Lesezeit\" \/>\n\t<meta name=\"twitter:data1\" content=\"3\u00a0Minuten\" \/>\n<script type=\"application\/ld+json\" class=\"yoast-schema-graph\">{\"@context\":\"https:\/\/schema.org\",\"@graph\":[{\"@type\":\"WebPage\",\"@id\":\"https:\/\/business.roovi.com\/de\/1000-teile-gustav-klimt-puzzle-fur-erwachsene-dame-mit-facher\/p\/\",\"url\":\"https:\/\/business.roovi.com\/de\/1000-teile-gustav-klimt-puzzle-fur-erwachsene-dame-mit-facher\/p\/\",\"name\":\"1000 Teile Gustav Klimt Puzzle f\u00fcr Erwachsene - Dame mit F\u00e4cher\",\"isPartOf\":{\"@id\":\"https:\/\/business.roovi.com\/de\/#website\"},\"datePublished\":\"2018-04-16T10:56:17+00:00\",\"dateModified\":\"2022-07-06T17:24:54+00:00\",\"description\":\"1000 Teile Gustav Klimt Puzzle f\u00fcr Erwachsene - Dame mit F\u00e4cher\",\"breadcrumb\":{\"@id\":\"https:\/\/business.roovi.com\/de\/1000-teile-gustav-klimt-puzzle-fur-erwachsene-dame-mit-facher\/p\/#breadcrumb\"},\"inLanguage\":\"de\",\"potentialAction\":[{\"@type\":\"ReadAction\",\"target\":[\"https:\/\/business.roovi.com\/de\/1000-teile-gustav-klimt-puzzle-fur-erwachsene-dame-mit-facher\/p\/\"]}]},{\"@type\":\"BreadcrumbList\",\"@id\":\"https:\/\/business.roovi.com\/de\/1000-teile-gustav-klimt-puzzle-fur-erwachsene-dame-mit-facher\/p\/#breadcrumb\",\"itemListElement\":[{\"@type\":\"ListItem\",\"position\":1,\"name\":\"Home\",\"item\":\"https:\/\/business.roovi.com\/de\/\"},{\"@type\":\"ListItem\",\"position\":2,\"name\":\"Shop\",\"item\":\"https:\/\/business.roovi.com\/de\/shop\/\"},{\"@type\":\"ListItem\",\"position\":3,\"name\":\"1000 Teile Gustav Klimt Puzzle f\u00fcr Erwachsene &#8211; Dame mit F\u00e4cher\"}]},{\"@type\":\"WebSite\",\"@id\":\"https:\/\/business.roovi.com\/de\/#website\",\"url\":\"https:\/\/business.roovi.com\/de\/\",\"name\":\"Roovi B2B\",\"description\":\"Roovi Business Website\",\"potentialAction\":[{\"@type\":\"SearchAction\",\"target\":{\"@type\":\"EntryPoint\",\"urlTemplate\":\"https:\/\/business.roovi.com\/de\/?s={search_term_string}\"},\"query-input\":\"required name=search_term_string\"}],\"inLanguage\":\"de\"}]}<\/script>\n<!-- \/ Yoast SEO plugin. -->","yoast_head_json":{"title":"1000 Teile Gustav Klimt Puzzle f\u00fcr Erwachsene - Dame mit F\u00e4cher","description":"1000 Teile Gustav Klimt Puzzle f\u00fcr Erwachsene - Dame mit F\u00e4cher","robots":{"index":"index","follow":"follow","max-snippet":"max-snippet:-1","max-image-preview":"max-image-preview:large","max-video-preview":"max-video-preview:-1"},"canonical":"https:\/\/business.roovi.com\/de\/1000-teile-gustav-klimt-puzzle-fur-erwachsene-dame-mit-facher\/p\/","og_locale":"de_DE","og_type":"article","og_title":"1000 Teile Gustav Klimt Puzzle f\u00fcr Erwachsene - Dame mit F\u00e4cher","og_description":"1000 Teile Gustav Klimt Puzzle f\u00fcr Erwachsene - Dame mit F\u00e4cher","og_url":"https:\/\/business.roovi.com\/de\/1000-teile-gustav-klimt-puzzle-fur-erwachsene-dame-mit-facher\/p\/","og_site_name":"Roovi B2B","article_publisher":"https:\/\/www.facebook.com\/wwwjucariero","article_modified_time":"2022-07-06T17:24:54+00:00","og_image":[{"width":1200,"height":1200,"url":"https:\/\/business.roovi.com\/wp-content\/uploads\/2018\/04\/66923-03_ansamblu_dimensiuni_cutie_cm_1200x1200.png","type":"image\/png"}],"twitter_misc":{"Gesch\u00e4tzte Lesezeit":"3\u00a0Minuten"},"schema":{"@context":"https:\/\/schema.org","@graph":[{"@type":"WebPage","@id":"https:\/\/business.roovi.com\/de\/1000-teile-gustav-klimt-puzzle-fur-erwachsene-dame-mit-facher\/p\/","url":"https:\/\/business.roovi.com\/de\/1000-teile-gustav-klimt-puzzle-fur-erwachsene-dame-mit-facher\/p\/","name":"1000 Teile Gustav Klimt Puzzle f\u00fcr Erwachsene - Dame mit F\u00e4cher","isPartOf":{"@id":"https:\/\/business.roovi.com\/de\/#website"},"datePublished":"2018-04-16T10:56:17+00:00","dateModified":"2022-07-06T17:24:54+00:00","description":"1000 Teile Gustav Klimt Puzzle f\u00fcr Erwachsene - Dame mit F\u00e4cher","breadcrumb":{"@id":"https:\/\/business.roovi.com\/de\/1000-teile-gustav-klimt-puzzle-fur-erwachsene-dame-mit-facher\/p\/#breadcrumb"},"inLanguage":"de","potentialAction":[{"@type":"ReadAction","target":["https:\/\/business.roovi.com\/de\/1000-teile-gustav-klimt-puzzle-fur-erwachsene-dame-mit-facher\/p\/"]}]},{"@type":"BreadcrumbList","@id":"https:\/\/business.roovi.com\/de\/1000-teile-gustav-klimt-puzzle-fur-erwachsene-dame-mit-facher\/p\/#breadcrumb","itemListElement":[{"@type":"ListItem","position":1,"name":"Home","item":"https:\/\/business.roovi.com\/de\/"},{"@type":"ListItem","position":2,"name":"Shop","item":"https:\/\/business.roovi.com\/de\/shop\/"},{"@type":"ListItem","position":3,"name":"1000 Teile Gustav Klimt Puzzle f\u00fcr Erwachsene &#8211; Dame mit F\u00e4cher"}]},{"@type":"WebSite","@id":"https:\/\/business.roovi.com\/de\/#website","url":"https:\/\/business.roovi.com\/de\/","name":"Roovi B2B","description":"Roovi Business Website","potentialAction":[{"@type":"SearchAction","target":{"@type":"EntryPoint","urlTemplate":"https:\/\/business.roovi.com\/de\/?s={search_term_string}"},"query-input":"required name=search_term_string"}],"inLanguage":"de"}]}},"_links":{"self":[{"href":"https:\/\/business.roovi.com\/de\/wp-json\/wp\/v2\/product\/41566","targetHints":{"allow":["GET"]}}],"collection":[{"href":"https:\/\/business.roovi.com\/de\/wp-json\/wp\/v2\/product"}],"about":[{"href":"https:\/\/business.roovi.com\/de\/wp-json\/wp\/v2\/types\/product"}],"version-history":[{"count":0,"href":"https:\/\/business.roovi.com\/de\/wp-json\/wp\/v2\/product\/41566\/revisions"}],"wp:featuredmedia":[{"embeddable":true,"href":"https:\/\/business.roovi.com\/de\/wp-json\/wp\/v2\/media\/34288"}],"wp:attachment":[{"href":"https:\/\/business.roovi.com\/de\/wp-json\/wp\/v2\/media?parent=41566"}],"wp:term":[{"taxonomy":"product_brand","embeddable":true,"href":"https:\/\/business.roovi.com\/de\/wp-json\/wp\/v2\/product_brand?post=41566"},{"taxonomy":"product_cat","embeddable":true,"href":"https:\/\/business.roovi.com\/de\/wp-json\/wp\/v2\/product_cat?post=41566"},{"taxonomy":"product_tag","embeddable":true,"href":"https:\/\/business.roovi.com\/de\/wp-json\/wp\/v2\/product_tag?post=41566"}],"curies":[{"name":"wp","href":"https:\/\/api.w.org\/{rel}","templated":true}]}}