{"id":41570,"date":"2018-04-16T10:56:17","date_gmt":"2018-04-16T10:56:17","guid":{"rendered":"https:\/\/business.roovi.com\/puzzle-adulti-1000-piese-gustav-klimt-the-virginfecioara\/p\/"},"modified":"2023-02-15T08:02:23","modified_gmt":"2023-02-15T08:02:23","slug":"1000-teile-gustav-klimt-puzzle-fur-erwachsene-die-jungfrau-fecioara","status":"publish","type":"product","link":"https:\/\/business.roovi.com\/de\/1000-teile-gustav-klimt-puzzle-fur-erwachsene-die-jungfrau-fecioara\/p\/","title":{"rendered":"1000 Teile Gustav Klimt Puzzle f\u00fcr Erwachsene &#8211; Die Jungfrau"},"content":{"rendered":"<p><span style=\"font-weight: 400;\">Setze 1000-teilige Puzzles zusammen und bewundere die Kunstwerke, die du mit deinen eigenen H\u00e4nden geschaffen hast!<\/span><\/p>\n<p><span style=\"font-weight: 400;\">Eines dieser Kunstwerke kann das 1000-Teile-Puzzle Gustav Klimt &#8211; Die Jungfrau\/Feucioara sein. Das Gem\u00e4lde besch\u00e4ftigt sich mit verschiedenen Themen, die in zyklischer Form dargestellt werden: Liebe, Sexualit\u00e4t, Regeneration. Sechs Frauen sind ineinander verschlungen dargestellt, jede steht f\u00fcr einen Lebensabschnitt <\/span><\/p>\n<p><span style=\"font-weight: 400;\">Scheint es schwierig zu sein, dieses denkw\u00fcrdige Gem\u00e4lde aus 1000 Teilen nachzubilden? Ganz und gar nicht, wenn du deine Ausdauer auf die Probe stellst und die perfekte Strategie festlegst. Zieh deinen Couchtisch im Wohnzimmer heran &#8211; er ist perfekt f\u00fcr das 50 x 70 cm gro\u00dfe Bild, das du mit diesem farbenfrohen 1000-Teile-Puzzle bekommst &#8211; und leg los!<\/span><\/p>\n<p><span style=\"font-weight: 400;\">Lies mehr \u00fcber das Gustav Klimt &#8211; Die Jungfrau Kunstpuzzle unten<\/span><\/p>\n<p><strong>Puzzle-Material <\/strong><\/p>\n<p><strong>hochwertiger blauer Karton<\/strong><\/p>\n<p><strong>nachhaltige, recycelbare Materialien<\/strong><\/p>\n<p><strong>halbgl\u00e4nzende Oberfl\u00e4che, leuchtende Farben<\/strong><\/p>\n<p><strong>Anzahl der Puzzleteile: 1000<\/strong><\/p>\n<p><strong>Empfohlenes Alter: 14+<\/strong><\/p>\n<p><strong>Puzzlespiele bieten vielf\u00e4ltige M\u00f6glichkeiten zur Entspannung und Entwicklung<\/strong><\/p>\n<p><span style=\"font-weight: 400;\">Puzzles f\u00fcr Erwachsene sind eine tolle M\u00f6glichkeit, sich zu entspannen und abzuschalten. Au\u00dferdem bieten sie dir viele weitere Vorteile, darunter:<\/span><\/p>\n<ul>\n<li><span style=\"font-weight: 400;\">Entwickle deine Vorstellungskraft<\/span><\/li>\n<li><span style=\"font-weight: 400;\">Verbesserung von Ged\u00e4chtnis und Wahrnehmung<\/span><\/li>\n<li><span style=\"font-weight: 400;\">Entwicklung der Logik<\/span><\/li>\n<li><span style=\"font-weight: 400;\">Verbesserung der visuellen r\u00e4umlichen Intelligenz<\/span><\/li>\n<li><span style=\"font-weight: 400;\">Aufmerksamkeitstraining.<\/span><\/li>\n<\/ul>\n<p><strong>\u00dcber <\/strong><strong><em>&#8222;<\/em><\/strong><strong><em>Jungfrau<\/em><\/strong><strong><em>&#8222;<\/em><\/strong><strong> klimts &#8222;Die Jungfrau&#8220; &#8211; wusstest du das?<\/strong><\/p>\n<p><span style=\"font-weight: 400;\">Es ist ein Gem\u00e4lde, das den Jugendstil widerspiegelt und die beeindruckenden Ma\u00dfe von 200 x 190 cm hat.<\/span><\/p>\n<p><span style=\"font-weight: 400;\">Das Gem\u00e4lde zeigt verschiedene Symbole wie die Fruchtbarkeit, die Frau in verschiedenen Altersstufen und die kontinuierliche Entwicklung der Welt. Einige Autoren sind sogar der Meinung, dass das Spektakel der sexuellen Lust und des Vergn\u00fcgens, wie es in diesem Werk gezeigt wird, als soziale, politische und kulturelle Kraft betrachtet werden kann <\/span><\/p>\n<p><span style=\"font-weight: 400;\">Gustav Klimt ist ein K\u00fcnstler, der einen au\u00dferordentlichen Beitrag zur Befreiung der Frauen und zur Wiederentdeckung der verlorenen erotischen Basis geleistet hat. Schon zu Lebzeiten kritisierte der Maler die \u00fcberholten kulturellen Sitten der Gesellschaft.<\/span><\/p>\n<p><span style=\"font-weight: 400;\">Ein \u00f6sterreichisches Schmuckunternehmen hat sich von dem Gem\u00e4lde inspirieren lassen <\/span><em><span style=\"font-weight: 400;\">&#8222;<\/span><\/em><em><span style=\"font-weight: 400;\">Jungfrau<\/span><\/em><em><span style=\"font-weight: 400;\">&#8220; <\/span><\/em><span style=\"font-weight: 400;\">und entwarf eine Schmuckkollektion als Hommage an das Werk des K\u00fcnstlers.<\/span><\/p>\n<p><span style=\"font-weight: 400;\">Obwohl Gustav Klimt heute so ber\u00fchmt ist, hat der K\u00fcnstler zu Lebzeiten viele Kontroversen ausgel\u00f6st. Seine Zeitgenossen hielten seine Werke f\u00fcr obsz\u00f6n, und viele seiner Gem\u00e4lde wurden wegen ihres erotischen Inhalts verboten.<\/span><\/p>\n<p><strong>Puzzlespiele verbinden Menschen<\/strong><\/p>\n<p><span style=\"font-weight: 400;\">Einer der erstaunlichen Vorteile von Puzzlespielen ist, dass sie Menschen zusammenbringen. Verwandle ein 1.000-Teile-Puzzle in ein Brettspiel und erschaffe mit deinen Lieben ein bemerkenswertes Werk. Gemeinsam seid ihr st\u00e4rker und die gemeinsame Zeit wird zu einem unvergesslichen Erlebnis.<\/span><\/p>\n<p><span style=\"font-weight: 400;\">Tritt aus deiner Komfortzone heraus und versetze dich in einen erstaunlichen Zustand der Entspannung mit dem Gustav Klimt &#8211; Die Jungfrau Kunstpuzzle. Kaufe dieses 1000-teilige Puzzle und gestalte dein eigenes Kunstwerk in leuchtenden Farben. Verschenke dieses Puzzlespiel an einen engen Freund oder einen lieben Menschen in deiner Familie<\/span><\/p>\n","protected":false},"excerpt":{"rendered":"<p>Setze 1000-teilige Puzzles zusammen und bewundere die Kunstwerke, die du mit deinen eigenen H\u00e4nden geschaffen hast! Eines dieser Kunstwerke kann<\/p>\n","protected":false},"featured_media":34302,"template":"","meta":[],"product_brand":[],"product_cat":[1916,1875,1915],"product_tag":[],"class_list":{"0":"post-41570","1":"product","2":"type-product","3":"status-publish","4":"has-post-thumbnail","6":"product_cat-1000-teile-puzzle","7":"product_cat-puzzle-de","8":"product_cat-puzzlespiele-fur-erwachsene","9":"pa_bax-10-de","10":"pa_brand-d_toys-de","11":"pa_country_of_manufacture-ro-de","12":"pa_filter_age-14-de","13":"pa_painter-gustavklimt-de","14":"pa_tip_ambalaj-kasten-a4-de","15":"pa_tip_puzzle-klassisch","17":"first","18":"instock","19":"taxable","20":"shipping-taxable","21":"product-type-simple"},"yoast_head":"<!-- This site is optimized with the Yoast SEO plugin v20.1 - https:\/\/yoast.com\/wordpress\/plugins\/seo\/ -->\n<title>1000 Teile Gustav Klimt Puzzle f\u00fcr Erwachsene - Die Jungfrau\/Fecioara<\/title>\n<meta name=\"description\" content=\"1000 Teile Gustav Klimt Puzzle f\u00fcr Erwachsene - Die Jungfrau\/Fecioara\" \/>\n<meta name=\"robots\" content=\"index, follow, max-snippet:-1, max-image-preview:large, max-video-preview:-1\" \/>\n<link rel=\"canonical\" href=\"https:\/\/business.roovi.com\/de\/1000-teile-gustav-klimt-puzzle-fur-erwachsene-die-jungfrau-fecioara\/p\/\" \/>\n<meta property=\"og:locale\" content=\"de_DE\" \/>\n<meta property=\"og:type\" content=\"article\" \/>\n<meta property=\"og:title\" content=\"1000 Teile Gustav Klimt Puzzle f\u00fcr Erwachsene - Die Jungfrau\/Fecioara\" \/>\n<meta property=\"og:description\" content=\"1000 Teile Gustav Klimt Puzzle f\u00fcr Erwachsene - Die Jungfrau\/Fecioara\" \/>\n<meta property=\"og:url\" content=\"https:\/\/business.roovi.com\/de\/1000-teile-gustav-klimt-puzzle-fur-erwachsene-die-jungfrau-fecioara\/p\/\" \/>\n<meta property=\"og:site_name\" content=\"Roovi B2B\" \/>\n<meta property=\"article:publisher\" content=\"https:\/\/www.facebook.com\/wwwjucariero\" \/>\n<meta property=\"article:modified_time\" content=\"2023-02-15T08:02:23+00:00\" \/>\n<meta property=\"og:image\" content=\"https:\/\/business.roovi.com\/wp-content\/uploads\/2018\/04\/66923-05_ansamblu_dimensiuni_cutie_cm_1200x1200.png\" \/>\n\t<meta property=\"og:image:width\" content=\"1200\" \/>\n\t<meta property=\"og:image:height\" content=\"1200\" \/>\n\t<meta property=\"og:image:type\" content=\"image\/png\" \/>\n<meta name=\"twitter:label1\" content=\"Gesch\u00e4tzte Lesezeit\" \/>\n\t<meta name=\"twitter:data1\" content=\"3\u00a0Minuten\" \/>\n<script type=\"application\/ld+json\" class=\"yoast-schema-graph\">{\"@context\":\"https:\/\/schema.org\",\"@graph\":[{\"@type\":\"WebPage\",\"@id\":\"https:\/\/business.roovi.com\/de\/1000-teile-gustav-klimt-puzzle-fur-erwachsene-die-jungfrau-fecioara\/p\/\",\"url\":\"https:\/\/business.roovi.com\/de\/1000-teile-gustav-klimt-puzzle-fur-erwachsene-die-jungfrau-fecioara\/p\/\",\"name\":\"1000 Teile Gustav Klimt Puzzle f\u00fcr Erwachsene - Die Jungfrau\/Fecioara\",\"isPartOf\":{\"@id\":\"https:\/\/business.roovi.com\/de\/#website\"},\"datePublished\":\"2018-04-16T10:56:17+00:00\",\"dateModified\":\"2023-02-15T08:02:23+00:00\",\"description\":\"1000 Teile Gustav Klimt Puzzle f\u00fcr Erwachsene - Die Jungfrau\/Fecioara\",\"breadcrumb\":{\"@id\":\"https:\/\/business.roovi.com\/de\/1000-teile-gustav-klimt-puzzle-fur-erwachsene-die-jungfrau-fecioara\/p\/#breadcrumb\"},\"inLanguage\":\"de\",\"potentialAction\":[{\"@type\":\"ReadAction\",\"target\":[\"https:\/\/business.roovi.com\/de\/1000-teile-gustav-klimt-puzzle-fur-erwachsene-die-jungfrau-fecioara\/p\/\"]}]},{\"@type\":\"BreadcrumbList\",\"@id\":\"https:\/\/business.roovi.com\/de\/1000-teile-gustav-klimt-puzzle-fur-erwachsene-die-jungfrau-fecioara\/p\/#breadcrumb\",\"itemListElement\":[{\"@type\":\"ListItem\",\"position\":1,\"name\":\"Home\",\"item\":\"https:\/\/business.roovi.com\/de\/\"},{\"@type\":\"ListItem\",\"position\":2,\"name\":\"Shop\",\"item\":\"https:\/\/business.roovi.com\/de\/shop\/\"},{\"@type\":\"ListItem\",\"position\":3,\"name\":\"1000 Teile Gustav Klimt Puzzle f\u00fcr Erwachsene &#8211; Die Jungfrau\"}]},{\"@type\":\"WebSite\",\"@id\":\"https:\/\/business.roovi.com\/de\/#website\",\"url\":\"https:\/\/business.roovi.com\/de\/\",\"name\":\"Roovi B2B\",\"description\":\"Roovi Business Website\",\"potentialAction\":[{\"@type\":\"SearchAction\",\"target\":{\"@type\":\"EntryPoint\",\"urlTemplate\":\"https:\/\/business.roovi.com\/de\/?s={search_term_string}\"},\"query-input\":\"required name=search_term_string\"}],\"inLanguage\":\"de\"}]}<\/script>\n<!-- \/ Yoast SEO plugin. -->","yoast_head_json":{"title":"1000 Teile Gustav Klimt Puzzle f\u00fcr Erwachsene - Die Jungfrau\/Fecioara","description":"1000 Teile Gustav Klimt Puzzle f\u00fcr Erwachsene - Die Jungfrau\/Fecioara","robots":{"index":"index","follow":"follow","max-snippet":"max-snippet:-1","max-image-preview":"max-image-preview:large","max-video-preview":"max-video-preview:-1"},"canonical":"https:\/\/business.roovi.com\/de\/1000-teile-gustav-klimt-puzzle-fur-erwachsene-die-jungfrau-fecioara\/p\/","og_locale":"de_DE","og_type":"article","og_title":"1000 Teile Gustav Klimt Puzzle f\u00fcr Erwachsene - Die Jungfrau\/Fecioara","og_description":"1000 Teile Gustav Klimt Puzzle f\u00fcr Erwachsene - Die Jungfrau\/Fecioara","og_url":"https:\/\/business.roovi.com\/de\/1000-teile-gustav-klimt-puzzle-fur-erwachsene-die-jungfrau-fecioara\/p\/","og_site_name":"Roovi B2B","article_publisher":"https:\/\/www.facebook.com\/wwwjucariero","article_modified_time":"2023-02-15T08:02:23+00:00","og_image":[{"width":1200,"height":1200,"url":"https:\/\/business.roovi.com\/wp-content\/uploads\/2018\/04\/66923-05_ansamblu_dimensiuni_cutie_cm_1200x1200.png","type":"image\/png"}],"twitter_misc":{"Gesch\u00e4tzte Lesezeit":"3\u00a0Minuten"},"schema":{"@context":"https:\/\/schema.org","@graph":[{"@type":"WebPage","@id":"https:\/\/business.roovi.com\/de\/1000-teile-gustav-klimt-puzzle-fur-erwachsene-die-jungfrau-fecioara\/p\/","url":"https:\/\/business.roovi.com\/de\/1000-teile-gustav-klimt-puzzle-fur-erwachsene-die-jungfrau-fecioara\/p\/","name":"1000 Teile Gustav Klimt Puzzle f\u00fcr Erwachsene - Die Jungfrau\/Fecioara","isPartOf":{"@id":"https:\/\/business.roovi.com\/de\/#website"},"datePublished":"2018-04-16T10:56:17+00:00","dateModified":"2023-02-15T08:02:23+00:00","description":"1000 Teile Gustav Klimt Puzzle f\u00fcr Erwachsene - Die Jungfrau\/Fecioara","breadcrumb":{"@id":"https:\/\/business.roovi.com\/de\/1000-teile-gustav-klimt-puzzle-fur-erwachsene-die-jungfrau-fecioara\/p\/#breadcrumb"},"inLanguage":"de","potentialAction":[{"@type":"ReadAction","target":["https:\/\/business.roovi.com\/de\/1000-teile-gustav-klimt-puzzle-fur-erwachsene-die-jungfrau-fecioara\/p\/"]}]},{"@type":"BreadcrumbList","@id":"https:\/\/business.roovi.com\/de\/1000-teile-gustav-klimt-puzzle-fur-erwachsene-die-jungfrau-fecioara\/p\/#breadcrumb","itemListElement":[{"@type":"ListItem","position":1,"name":"Home","item":"https:\/\/business.roovi.com\/de\/"},{"@type":"ListItem","position":2,"name":"Shop","item":"https:\/\/business.roovi.com\/de\/shop\/"},{"@type":"ListItem","position":3,"name":"1000 Teile Gustav Klimt Puzzle f\u00fcr Erwachsene &#8211; Die Jungfrau"}]},{"@type":"WebSite","@id":"https:\/\/business.roovi.com\/de\/#website","url":"https:\/\/business.roovi.com\/de\/","name":"Roovi B2B","description":"Roovi Business Website","potentialAction":[{"@type":"SearchAction","target":{"@type":"EntryPoint","urlTemplate":"https:\/\/business.roovi.com\/de\/?s={search_term_string}"},"query-input":"required name=search_term_string"}],"inLanguage":"de"}]}},"_links":{"self":[{"href":"https:\/\/business.roovi.com\/de\/wp-json\/wp\/v2\/product\/41570","targetHints":{"allow":["GET"]}}],"collection":[{"href":"https:\/\/business.roovi.com\/de\/wp-json\/wp\/v2\/product"}],"about":[{"href":"https:\/\/business.roovi.com\/de\/wp-json\/wp\/v2\/types\/product"}],"version-history":[{"count":0,"href":"https:\/\/business.roovi.com\/de\/wp-json\/wp\/v2\/product\/41570\/revisions"}],"wp:featuredmedia":[{"embeddable":true,"href":"https:\/\/business.roovi.com\/de\/wp-json\/wp\/v2\/media\/34302"}],"wp:attachment":[{"href":"https:\/\/business.roovi.com\/de\/wp-json\/wp\/v2\/media?parent=41570"}],"wp:term":[{"taxonomy":"product_brand","embeddable":true,"href":"https:\/\/business.roovi.com\/de\/wp-json\/wp\/v2\/product_brand?post=41570"},{"taxonomy":"product_cat","embeddable":true,"href":"https:\/\/business.roovi.com\/de\/wp-json\/wp\/v2\/product_cat?post=41570"},{"taxonomy":"product_tag","embeddable":true,"href":"https:\/\/business.roovi.com\/de\/wp-json\/wp\/v2\/product_tag?post=41570"}],"curies":[{"name":"wp","href":"https:\/\/api.w.org\/{rel}","templated":true}]}}