{"id":41574,"date":"2018-04-16T10:56:17","date_gmt":"2018-04-16T10:56:17","guid":{"rendered":"https:\/\/business.roovi.com\/puzzle-adulti-1000-piese-gustav-klimt-adele-bloch-bauer-i\/p\/"},"modified":"2022-07-06T17:29:11","modified_gmt":"2022-07-06T17:29:11","slug":"1000-teile-gustav-klimt-puzzle-fur-erwachsene-adele-bloch-bauer-i","status":"publish","type":"product","link":"https:\/\/business.roovi.com\/de\/1000-teile-gustav-klimt-puzzle-fur-erwachsene-adele-bloch-bauer-i\/p\/","title":{"rendered":"1000 Teile Gustav Klimt-Puzzle f\u00fcr Erwachsene &#8211; Adele Bloch-Bauer I."},"content":{"rendered":"<p><span style=\"font-weight: 400\">Unsere Sammlung von Kunstr\u00e4tseln enth\u00e4lt R\u00e4tsel f\u00fcr Erwachsene, die deine Sinne erfreuen werden, sobald du sie zusammengesetzt hast. Nimm die Herausforderung an, rekonstruiere die Bilder und genie\u00dfe erstaunliche Kunstwerke!<\/span><\/p>\n<p><span style=\"font-weight: 400\">Eine sinnliche, vergoldete Dame in einem faszinierenden Gem\u00e4lde des K\u00fcnstlers Gustav Klimt, umgesetzt in ein 1000-Teile-Puzzle, ist unsere Empfehlung f\u00fcr dich. Das Portr\u00e4t von Adele Bloch-Bauer I. ist eines der ber\u00fchmtesten Gem\u00e4lde des \u00f6sterreichischen K\u00fcnstlers. Adele soll Klimts Geliebte gewesen sein, und es scheint, dass der K\u00fcnstler f\u00fcr dieses Werk mehr Vorbereitungen getroffen hat als f\u00fcr jedes andere. Und das, was er zustande brachte, w\u00fcrde seinen Namen unter die gro\u00dfen Maler der Welt setzen <\/span><\/p>\n<p><span style=\"font-weight: 400\">Jetzt hast du die M\u00f6glichkeit, eine beeindruckende Kopie von Klimts gro\u00dfartigem Gem\u00e4lde zu besitzen. Stelle das Bild aus dem 1000-Teile-Puzzle Gustav Klimt &#8211; Bildnis der Adele Bloch-Bauer I. nach und versch\u00f6nere dein Zuhause mit einem besonderen Deko-Objekt. Du kannst einen Standard-Couchtisch zum Zusammenbau verwenden, denn das fertige Bild ist 50 x 70 cm gro\u00df.<\/span><\/p>\n<p><span style=\"font-weight: 400\">Weitere Merkmale des Gustav Klimt &#8211; Portr\u00e4t von Adele Bloch-Bauer I. Kunstpuzzles:<\/span><\/p>\n<p><strong>Puzzle-Material <\/strong><\/p>\n<p><strong>hochwertiger blauer Karton<\/strong><\/p>\n<p><strong>nachhaltige, recycelbare Materialien<\/strong><\/p>\n<p><strong>halbgl\u00e4nzende Oberfl\u00e4che, leuchtende Farben<\/strong><\/p>\n<p><strong>Anzahl der Puzzleteile: 1000<\/strong><\/p>\n<p><strong>Empfohlenes Alter: 14+<\/strong><\/p>\n<p><strong>Erstaunliche Vorteile von Puzzlespielen<\/strong><\/p>\n<p><span style=\"font-weight: 400\">Wir wissen, dass du Puzzles f\u00fcr Erwachsene liebst, und wir wollen dir ein wenig \u00fcber die Vorteile erz\u00e4hlen, die du aus diesem Hobby ziehen kannst:<\/span><\/p>\n<p><strong>Es hilft dir, deine Probleml\u00f6sungsf\u00e4higkeiten zu verbessern<\/strong><span style=\"font-weight: 400\">. 1000-Teile-Puzzles sind genau das&#8230; Probleme. Entspannend und intuitiv, helfen sie dir, all deine F\u00e4higkeiten auf die Probe zu stellen und die L\u00f6sung zu finden. Diese \u00dcbung wird dir auch in anderen Problemsituationen helfen, aus denen du viel leichter herauskommst.<\/span><\/p>\n<p><strong>Es trainiert dein Gehirn.<\/strong><span style=\"font-weight: 400\"> Das Zusammensetzen von Puzzles beansprucht sowohl die rechte als auch die linke Gehirnh\u00e4lfte und ist eine komplette \u00dcbung f\u00fcr dein Gehirn.<\/span><\/p>\n<p><strong>Sie verbessern dein Ged\u00e4chtnis <\/strong><span style=\"font-weight: 400\">Sich die Formen der Teile zu merken und die richtigen Pl\u00e4tze f\u00fcr jedes 1000er-Puzzleteil zu finden, ist eine gute Ged\u00e4chtnis\u00fcbung.<\/span><\/p>\n<p><strong>Es hilft dir, Kontakte zu kn\u00fcpfen <\/strong><span style=\"font-weight: 400\">Puzzlespiele k\u00f6nnen in Brettspiele verwandelt werden, die du mit deiner Familie oder deinen Freunden spielen kannst. Wenn ihr als Team zusammenarbeitet und ein gemeinsames Ziel habt, werdet ihr euch viel besser verst\u00e4ndigen und verstehen.<\/span><\/p>\n<p><strong>7 interessante Fakten \u00fcber das Portr\u00e4t von Adele Bloch-Bauer I.<\/strong><\/p>\n<p><span style=\"font-weight: 400\">1. Das Gem\u00e4lde ist auch bekannt als <\/span><span style=\"font-weight: 400\">&#8222;Lady in Gold&#8220; oder &#8222;Frau in Gold&#8220;.<\/span><\/p>\n<p><span style=\"font-weight: 400\">2. Es ist das letzte Werk und Meisterwerk des goldenen Zeitalters von Gustav Klimt.<\/span><\/p>\n<p><span style=\"font-weight: 400\">3. Das Werk wurde auf Wunsch von Ferdinand Bloch-Bauer, Adeles Ehemann, ausgef\u00fchrt.<\/span><\/p>\n<p><span style=\"font-weight: 400\">4. Klimt fertigte \u00fcber 100 vorbereitende Skizzen f\u00fcr das Portr\u00e4t an, von denen Ferdinand viele kaufte.<\/span><\/p>\n<p><span style=\"font-weight: 400\">5. Adele Bloch-Bauer ist die einzige Person, die Klimt zweimal gemalt hat.<\/span><\/p>\n<p><span style=\"font-weight: 400\">6. Im Jahr 1941 wurde das Gem\u00e4lde von den Nazis gestohlen und in der \u00d6sterreichischen Galerie Belvedere ausgestellt.<\/span><\/p>\n<p><span style=\"font-weight: 400\">7. Im Jahr 2006 wurde es f\u00fcr sagenhafte 135 Millionen Dollar verkauft.<\/span><\/p>\n<p><strong>Puzzlespiele und&#8230; Gl\u00fcck<\/strong><\/p>\n<p><span style=\"font-weight: 400\">Das Zusammensetzen von Puzzles f\u00fcr Erwachsene entspannt dich und macht dich gl\u00fccklicher. Und das ist nicht nur eine Redewendung, sondern ein wissenschaftlicher Beweis: W\u00e4hrend dieser Aktivit\u00e4t sch\u00fcttet das Gehirn mehr Dopamin aus, eine Substanz, die f\u00fcr Wohlbefinden, Optimismus und Gl\u00fcck verantwortlich ist. Also, Puzzle-Spiele zusammenstellen und gl\u00fccklich sein!<\/span><\/p>\n<p><span style=\"font-weight: 400\">Kaufe jetzt Gustav Klimt Art Puzzle &#8211; Portrait von Adele Bloch-Bauer I. und erlebe Frieden und Gl\u00fcck! Setze dieses wunderbare 1000-teilige Puzzle aus der Kunstpuzzle-Kollektion zusammen und erschaffe ein Meisterwerk der perfekten Kunst. Wenn du auf der Suche nach einem Geschenk f\u00fcr einen Puzzle-Liebhaber bist, dann begeistere ihn mit diesem Gustav Klimt &#8211; Portrait von Adele Bloch-Bauer I Puzzle f\u00fcr Erwachsene.<\/span><\/p><\/p>\n","protected":false},"excerpt":{"rendered":"<p>Unsere Sammlung von Kunstr\u00e4tseln enth\u00e4lt R\u00e4tsel f\u00fcr Erwachsene, die deine Sinne erfreuen werden, sobald du sie zusammengesetzt hast. Nimm die<\/p>\n","protected":false},"featured_media":34316,"template":"","meta":[],"product_brand":[],"product_cat":[1916,1875,1915],"product_tag":[],"class_list":{"0":"post-41574","1":"product","2":"type-product","3":"status-publish","4":"has-post-thumbnail","6":"product_cat-1000-teile-puzzle","7":"product_cat-puzzle-de","8":"product_cat-puzzlespiele-fur-erwachsene","9":"pa_bax-10-de","10":"pa_brand-d_toys-de","11":"pa_country_of_manufacture-ro-de","12":"pa_filter_age-14-de","13":"pa_painter-gustavklimt-de","14":"pa_tip_ambalaj-kasten-a4-de","15":"pa_tip_puzzle-klassisch","17":"first","18":"instock","19":"taxable","20":"shipping-taxable","21":"product-type-simple"},"yoast_head":"<!-- This site is optimized with the Yoast SEO plugin v20.1 - https:\/\/yoast.com\/wordpress\/plugins\/seo\/ -->\n<title>1000 Teile Gustav Klimt-Puzzle f\u00fcr Erwachsene - Adele Bloch-Bauer I.<\/title>\n<meta name=\"description\" content=\"1000 Teile Gustav Klimt-Puzzle f\u00fcr Erwachsene - Adele Bloch-Bauer I.\" \/>\n<meta name=\"robots\" content=\"index, follow, max-snippet:-1, max-image-preview:large, max-video-preview:-1\" \/>\n<link rel=\"canonical\" href=\"https:\/\/business.roovi.com\/de\/1000-teile-gustav-klimt-puzzle-fur-erwachsene-adele-bloch-bauer-i\/p\/\" \/>\n<meta property=\"og:locale\" content=\"de_DE\" \/>\n<meta property=\"og:type\" content=\"article\" \/>\n<meta property=\"og:title\" content=\"1000 Teile Gustav Klimt-Puzzle f\u00fcr Erwachsene - Adele Bloch-Bauer I.\" \/>\n<meta property=\"og:description\" content=\"1000 Teile Gustav Klimt-Puzzle f\u00fcr Erwachsene - Adele Bloch-Bauer I.\" \/>\n<meta property=\"og:url\" content=\"https:\/\/business.roovi.com\/de\/1000-teile-gustav-klimt-puzzle-fur-erwachsene-adele-bloch-bauer-i\/p\/\" \/>\n<meta property=\"og:site_name\" content=\"Roovi B2B\" \/>\n<meta property=\"article:publisher\" content=\"https:\/\/www.facebook.com\/wwwjucariero\" \/>\n<meta property=\"article:modified_time\" content=\"2022-07-06T17:29:11+00:00\" \/>\n<meta property=\"og:image\" content=\"https:\/\/business.roovi.com\/wp-content\/uploads\/2018\/04\/66923-06_ansamblu_dimensiuni_cutie_cm_1200x1200.png\" \/>\n\t<meta property=\"og:image:width\" content=\"1200\" \/>\n\t<meta property=\"og:image:height\" content=\"1200\" \/>\n\t<meta property=\"og:image:type\" content=\"image\/png\" \/>\n<meta name=\"twitter:label1\" content=\"Gesch\u00e4tzte Lesezeit\" \/>\n\t<meta name=\"twitter:data1\" content=\"3\u00a0Minuten\" \/>\n<script type=\"application\/ld+json\" class=\"yoast-schema-graph\">{\"@context\":\"https:\/\/schema.org\",\"@graph\":[{\"@type\":\"WebPage\",\"@id\":\"https:\/\/business.roovi.com\/de\/1000-teile-gustav-klimt-puzzle-fur-erwachsene-adele-bloch-bauer-i\/p\/\",\"url\":\"https:\/\/business.roovi.com\/de\/1000-teile-gustav-klimt-puzzle-fur-erwachsene-adele-bloch-bauer-i\/p\/\",\"name\":\"1000 Teile Gustav Klimt-Puzzle f\u00fcr Erwachsene - Adele Bloch-Bauer I.\",\"isPartOf\":{\"@id\":\"https:\/\/business.roovi.com\/de\/#website\"},\"datePublished\":\"2018-04-16T10:56:17+00:00\",\"dateModified\":\"2022-07-06T17:29:11+00:00\",\"description\":\"1000 Teile Gustav Klimt-Puzzle f\u00fcr Erwachsene - Adele Bloch-Bauer I.\",\"breadcrumb\":{\"@id\":\"https:\/\/business.roovi.com\/de\/1000-teile-gustav-klimt-puzzle-fur-erwachsene-adele-bloch-bauer-i\/p\/#breadcrumb\"},\"inLanguage\":\"de\",\"potentialAction\":[{\"@type\":\"ReadAction\",\"target\":[\"https:\/\/business.roovi.com\/de\/1000-teile-gustav-klimt-puzzle-fur-erwachsene-adele-bloch-bauer-i\/p\/\"]}]},{\"@type\":\"BreadcrumbList\",\"@id\":\"https:\/\/business.roovi.com\/de\/1000-teile-gustav-klimt-puzzle-fur-erwachsene-adele-bloch-bauer-i\/p\/#breadcrumb\",\"itemListElement\":[{\"@type\":\"ListItem\",\"position\":1,\"name\":\"Home\",\"item\":\"https:\/\/business.roovi.com\/de\/\"},{\"@type\":\"ListItem\",\"position\":2,\"name\":\"Shop\",\"item\":\"https:\/\/business.roovi.com\/de\/shop\/\"},{\"@type\":\"ListItem\",\"position\":3,\"name\":\"1000 Teile Gustav Klimt-Puzzle f\u00fcr Erwachsene &#8211; Adele Bloch-Bauer I.\"}]},{\"@type\":\"WebSite\",\"@id\":\"https:\/\/business.roovi.com\/de\/#website\",\"url\":\"https:\/\/business.roovi.com\/de\/\",\"name\":\"Roovi B2B\",\"description\":\"Roovi Business Website\",\"potentialAction\":[{\"@type\":\"SearchAction\",\"target\":{\"@type\":\"EntryPoint\",\"urlTemplate\":\"https:\/\/business.roovi.com\/de\/?s={search_term_string}\"},\"query-input\":\"required name=search_term_string\"}],\"inLanguage\":\"de\"}]}<\/script>\n<!-- \/ Yoast SEO plugin. -->","yoast_head_json":{"title":"1000 Teile Gustav Klimt-Puzzle f\u00fcr Erwachsene - Adele Bloch-Bauer I.","description":"1000 Teile Gustav Klimt-Puzzle f\u00fcr Erwachsene - Adele Bloch-Bauer I.","robots":{"index":"index","follow":"follow","max-snippet":"max-snippet:-1","max-image-preview":"max-image-preview:large","max-video-preview":"max-video-preview:-1"},"canonical":"https:\/\/business.roovi.com\/de\/1000-teile-gustav-klimt-puzzle-fur-erwachsene-adele-bloch-bauer-i\/p\/","og_locale":"de_DE","og_type":"article","og_title":"1000 Teile Gustav Klimt-Puzzle f\u00fcr Erwachsene - Adele Bloch-Bauer I.","og_description":"1000 Teile Gustav Klimt-Puzzle f\u00fcr Erwachsene - Adele Bloch-Bauer I.","og_url":"https:\/\/business.roovi.com\/de\/1000-teile-gustav-klimt-puzzle-fur-erwachsene-adele-bloch-bauer-i\/p\/","og_site_name":"Roovi B2B","article_publisher":"https:\/\/www.facebook.com\/wwwjucariero","article_modified_time":"2022-07-06T17:29:11+00:00","og_image":[{"width":1200,"height":1200,"url":"https:\/\/business.roovi.com\/wp-content\/uploads\/2018\/04\/66923-06_ansamblu_dimensiuni_cutie_cm_1200x1200.png","type":"image\/png"}],"twitter_misc":{"Gesch\u00e4tzte Lesezeit":"3\u00a0Minuten"},"schema":{"@context":"https:\/\/schema.org","@graph":[{"@type":"WebPage","@id":"https:\/\/business.roovi.com\/de\/1000-teile-gustav-klimt-puzzle-fur-erwachsene-adele-bloch-bauer-i\/p\/","url":"https:\/\/business.roovi.com\/de\/1000-teile-gustav-klimt-puzzle-fur-erwachsene-adele-bloch-bauer-i\/p\/","name":"1000 Teile Gustav Klimt-Puzzle f\u00fcr Erwachsene - Adele Bloch-Bauer I.","isPartOf":{"@id":"https:\/\/business.roovi.com\/de\/#website"},"datePublished":"2018-04-16T10:56:17+00:00","dateModified":"2022-07-06T17:29:11+00:00","description":"1000 Teile Gustav Klimt-Puzzle f\u00fcr Erwachsene - Adele Bloch-Bauer I.","breadcrumb":{"@id":"https:\/\/business.roovi.com\/de\/1000-teile-gustav-klimt-puzzle-fur-erwachsene-adele-bloch-bauer-i\/p\/#breadcrumb"},"inLanguage":"de","potentialAction":[{"@type":"ReadAction","target":["https:\/\/business.roovi.com\/de\/1000-teile-gustav-klimt-puzzle-fur-erwachsene-adele-bloch-bauer-i\/p\/"]}]},{"@type":"BreadcrumbList","@id":"https:\/\/business.roovi.com\/de\/1000-teile-gustav-klimt-puzzle-fur-erwachsene-adele-bloch-bauer-i\/p\/#breadcrumb","itemListElement":[{"@type":"ListItem","position":1,"name":"Home","item":"https:\/\/business.roovi.com\/de\/"},{"@type":"ListItem","position":2,"name":"Shop","item":"https:\/\/business.roovi.com\/de\/shop\/"},{"@type":"ListItem","position":3,"name":"1000 Teile Gustav Klimt-Puzzle f\u00fcr Erwachsene &#8211; Adele Bloch-Bauer I."}]},{"@type":"WebSite","@id":"https:\/\/business.roovi.com\/de\/#website","url":"https:\/\/business.roovi.com\/de\/","name":"Roovi B2B","description":"Roovi Business Website","potentialAction":[{"@type":"SearchAction","target":{"@type":"EntryPoint","urlTemplate":"https:\/\/business.roovi.com\/de\/?s={search_term_string}"},"query-input":"required name=search_term_string"}],"inLanguage":"de"}]}},"_links":{"self":[{"href":"https:\/\/business.roovi.com\/de\/wp-json\/wp\/v2\/product\/41574","targetHints":{"allow":["GET"]}}],"collection":[{"href":"https:\/\/business.roovi.com\/de\/wp-json\/wp\/v2\/product"}],"about":[{"href":"https:\/\/business.roovi.com\/de\/wp-json\/wp\/v2\/types\/product"}],"version-history":[{"count":0,"href":"https:\/\/business.roovi.com\/de\/wp-json\/wp\/v2\/product\/41574\/revisions"}],"wp:featuredmedia":[{"embeddable":true,"href":"https:\/\/business.roovi.com\/de\/wp-json\/wp\/v2\/media\/34316"}],"wp:attachment":[{"href":"https:\/\/business.roovi.com\/de\/wp-json\/wp\/v2\/media?parent=41574"}],"wp:term":[{"taxonomy":"product_brand","embeddable":true,"href":"https:\/\/business.roovi.com\/de\/wp-json\/wp\/v2\/product_brand?post=41574"},{"taxonomy":"product_cat","embeddable":true,"href":"https:\/\/business.roovi.com\/de\/wp-json\/wp\/v2\/product_cat?post=41574"},{"taxonomy":"product_tag","embeddable":true,"href":"https:\/\/business.roovi.com\/de\/wp-json\/wp\/v2\/product_tag?post=41574"}],"curies":[{"name":"wp","href":"https:\/\/api.w.org\/{rel}","templated":true}]}}