{"id":41578,"date":"2018-04-16T10:56:17","date_gmt":"2018-04-16T10:56:17","guid":{"rendered":"https:\/\/business.roovi.com\/puzzle-adulti-vincent-van-gogh-flowers-in-a-blue-vase-1000-piese\/p\/"},"modified":"2022-07-06T17:29:18","modified_gmt":"2022-07-06T17:29:18","slug":"puzzle-fur-erwachsene-1000-teile-vincent-van-gogh-blumen-in-einer-blauen-vase","status":"publish","type":"product","link":"https:\/\/business.roovi.com\/de\/puzzle-fur-erwachsene-1000-teile-vincent-van-gogh-blumen-in-einer-blauen-vase\/p\/","title":{"rendered":"Puzzle f\u00fcr Erwachsene 1000 Teile Vincent van Gogh &#8211; Blumen in einer blauen Vase"},"content":{"rendered":"<p><span style=\"font-weight: 400\">Wie w\u00e4re es, wenn du beim Betrachten eines Gem\u00e4ldes sogar die Pinselstriche des Malers erfassen k\u00f6nntest? Jetzt kannst du stundenlang wundersch\u00f6ne, ber\u00fchmte Werke bewundern, indem du Gem\u00e4lde aus 1000-teiligen Puzzles rekonstruierst. Unsere Kunstr\u00e4tsel-Sammlung umfasst Hunderte von Bildern ber\u00fchmter Werke. Triff Leonardo da Vinci, Van Gogh und viele andere in der gr\u00f6\u00dften Auswahl an Kunstpuzzles, die in Rum\u00e4nien hergestellt wird.<\/span><\/p>\n<p><span style=\"font-weight: 400\">Erfasse die Meisterhaftigkeit von Vincent van Gogh durch 1000-teilige Puzzles <\/span><span style=\"font-weight: 400\">Blumen in einer blauen Vase! Das in leuchtenden Farben gestaltete Gem\u00e4lde vermittelt Emotionen und schafft eine angenehme Atmosph\u00e4re an dem Ort, an dem du es aufh\u00e4ngen wirst. Dieses Kunstpuzzle ist aus hochwertigen Materialien gefertigt, die ihm Festigkeit verleihen, wenn du das Bild immer wieder neu gestalten willst.<\/span><\/p>\n<p><span style=\"font-weight: 400\">Lies hier mehr \u00fcber das 1000 Teile Vincent van Gogh &#8211; Blumen in einer blauen Vase Puzzle:<\/span><\/p>\n<p><strong>Gr\u00f6\u00dfe des rekonstruierten Bildes: 50 x 70 cm &#8211; du kannst einen Couchtisch verwenden, um es zusammenzubauen.<\/strong><\/p>\n<p><strong>Puzzle-Material <\/strong><\/p>\n<p><strong>hochwertiger blauer Karton<\/strong><\/p>\n<p><strong>nachhaltige, recycelbare Materialien<\/strong><\/p>\n<p><strong>halbgl\u00e4nzende Oberfl\u00e4che, leuchtende Farben<\/strong><\/p>\n<p><strong>Anzahl der Puzzleteile: 1000<\/strong><\/p>\n<p><strong>Empfohlenes Alter: 14+<\/strong><\/p>\n<p><strong>1000 Teile Puzzle f\u00fcr ein gutes Ged\u00e4chtnis zusammensetzen<\/strong><\/p>\n<p><span style=\"font-weight: 400\">Du vergisst immer, wo du deine Schl\u00fcssel hingelegt hast? Du wei\u00dft nicht mehr, was du gefr\u00fchst\u00fcckt hast? Puzzlespiele helfen dir, dein Ged\u00e4chtnis zu trainieren. Sich an die Formen, Farben oder Positionen der Teile in einem 1000-Teile-Puzzle zu erinnern, ist ein gutes Ged\u00e4chtnistraining, das dir hilft, dein Ged\u00e4chtnis zu verbessern oder es scharf zu halten, falls du etwas vergisst.<\/span><\/p>\n<p><strong>Setze das 1000-Teile-Puzzle zusammen, um gl\u00fccklicher zu sein<\/strong><\/p>\n<p><span style=\"font-weight: 400\">Dopamin ist der Stoff, der f\u00fcr Gl\u00fcck, Optimismus und Zufriedenheit verantwortlich ist. Wenn du Bilder aus einem 1000-teiligen Puzzle zusammensetzt, sch\u00fcttet dein Gehirn mehr von dieser wundersamen Substanz aus. Dopamin f\u00fchrt auch zu einer verbesserten Konzentration, Selbstvertrauen und Ged\u00e4chtnis. Du hast nur Gr\u00fcnde, um Spa\u00df am Vervollst\u00e4ndigen von Puzzlespielen zu haben. Lehn dich einfach zur\u00fcck und entdecke ein neues Hobby!<\/span><\/p>\n<p><strong>5 Dinge \u00fcber Van Gogh<\/strong><\/p>\n<ol>\n<li><span style=\"font-weight: 400\"> Er war ein genialer K\u00fcnstler, litt aber an mehreren psychischen Krankheiten. Dazu geh\u00f6ren bipolare St\u00f6rungen, Schizophrenie, Epilepsie und Depressionen.<\/span><\/li>\n<li><span style=\"font-weight: 400\"> Zu seinen Lebzeiten wurde er \u00fcberhaupt nicht gesch\u00e4tzt, Kritiker missachteten sein Werk und nannten seine Arbeit <\/span><span style=\"font-weight: 400\">&#8222;<\/span><span style=\"font-weight: 400\">verr\u00fcckt<\/span><span style=\"font-weight: 400\">&#8222;<\/span><span style=\"font-weight: 400\">.<\/span><\/li>\n<li><span style=\"font-weight: 400\"> Es wird gesagt, dass er alle 36 Stunden ein Werk vollendete.<\/span><\/li>\n<li><span style=\"font-weight: 400\"> Er hatte eine sehr enge Beziehung zu seinem j\u00fcngeren Bruder Theo, der ihn sein Leben lang moralisch und finanziell unterst\u00fctzte. Theo starb an <\/span><span style=\"font-weight: 400\">der paralytischen Syphilis,<\/span><span style=\"font-weight: 400\"> sechs Monate nach Van Gogh.<\/span><\/li>\n<li><span style=\"font-weight: 400\"> Er hinterl\u00e4sst au\u00dferdem <\/span><span style=\"font-weight: 400\">652 Briefe, die die Korrespondenz mit seinem Bruder Theo und anderen Freunden ausmachen. Sie sind auf Niederl\u00e4ndisch, Englisch und Franz\u00f6sisch geschrieben und enthalten viele Skizzen.<\/span><\/li>\n<\/ol>\n<p><strong>1000 Teile Puzzle und Meditation<\/strong><\/p>\n<p><span style=\"font-weight: 400\">Das Zusammensetzen von Puzzles f\u00fcr Erwachsene hat eine \u00e4hnliche Wirkung auf deine Psyche wie Meditation. Im Allgemeinen befreit die Meditation deinen Geist von Sorgen und Gedanken. Es hilft dir, dich auf eine Sache oder auf nichts zu konzentrieren, je nachdem, was du dir f\u00fcr deinen Geist w\u00fcnschst <\/span><\/p>\n<p><span style=\"font-weight: 400\">Jetzt stell dir vor, du stehst vor einem Kunstpuzzle mit 1000 Teilen. Du f\u00e4ngst an, dich zu konzentrieren, suchst nach den R\u00e4ndern, ordnest die Teile, nimmst die Formen, Farben und Bilder wahr und ehe du dich versiehst, sind ein paar Stunden vergangen und du f\u00fchlst dich ruhig und friedlich. Dieser Effekt ist \u00e4hnlich wie bei einer Meditation.<\/span><\/p>\n<p><span style=\"font-weight: 400\">Van Goghs Werke sind lebendig und voller kr\u00e4ftiger Farben, und ein 1000-Puzzle mit einem solchen Bild zu machen, ist ein echtes Vergn\u00fcgen. Nimm die Herausforderung an und rekonstruiere das ber\u00fchmte Gem\u00e4lde &#8222;Blumen in einer blauen Vase&#8220; aus einem Kunstpuzzle! Bereichere deine Kunstsammlung mit diesem wunderbaren 1000-Teile-Puzzle <\/span><\/p>\n<p><span style=\"font-weight: 400\">Willst du einem Freund eine sch\u00f6ne \u00dcberraschung machen? Verschenke das Vincent van Gogh &#8211; Blumen in einer blauen Vase &#8211; Flowers in a Blue Vase 1000 Teile Puzzle aus der Kunstsammlung!<\/span><\/p><\/p>\n","protected":false},"excerpt":{"rendered":"<p>Wie w\u00e4re es, wenn du beim Betrachten eines Gem\u00e4ldes sogar die Pinselstriche des Malers erfassen k\u00f6nntest? Jetzt kannst du stundenlang<\/p>\n","protected":false},"featured_media":62895,"template":"","meta":[],"product_brand":[],"product_cat":[1916,1875,1915],"product_tag":[],"class_list":{"0":"post-41578","1":"product","2":"type-product","3":"status-publish","4":"has-post-thumbnail","6":"product_cat-1000-teile-puzzle","7":"product_cat-puzzle-de","8":"product_cat-puzzlespiele-fur-erwachsene","9":"pa_bax-10-de","10":"pa_brand-d_toys-de","11":"pa_country_of_manufacture-ro-de","12":"pa_filter_age-14-de","13":"pa_painter-vincentvangogh-de","14":"pa_tip_ambalaj-kasten-a4-de","15":"pa_tip_puzzle-klassisch","17":"first","18":"instock","19":"taxable","20":"shipping-taxable","21":"product-type-simple"},"yoast_head":"<!-- This site is optimized with the Yoast SEO plugin v20.1 - https:\/\/yoast.com\/wordpress\/plugins\/seo\/ -->\n<title>Puzzle f\u00fcr Erwachsene 1000 Teile Vincent van Gogh - Blumen in einer blauen Vase<\/title>\n<meta name=\"description\" content=\"Puzzle f\u00fcr Erwachsene 1000 Teile Vincent van Gogh - Blumen in einer blauen Vase\" \/>\n<meta name=\"robots\" content=\"index, follow, max-snippet:-1, max-image-preview:large, max-video-preview:-1\" \/>\n<link rel=\"canonical\" href=\"https:\/\/business.roovi.com\/de\/puzzle-fur-erwachsene-1000-teile-vincent-van-gogh-blumen-in-einer-blauen-vase\/p\/\" \/>\n<meta property=\"og:locale\" content=\"de_DE\" \/>\n<meta property=\"og:type\" content=\"article\" \/>\n<meta property=\"og:title\" content=\"Puzzle f\u00fcr Erwachsene 1000 Teile Vincent van Gogh - Blumen in einer blauen Vase\" \/>\n<meta property=\"og:description\" content=\"Puzzle f\u00fcr Erwachsene 1000 Teile Vincent van Gogh - Blumen in einer blauen Vase\" \/>\n<meta property=\"og:url\" content=\"https:\/\/business.roovi.com\/de\/puzzle-fur-erwachsene-1000-teile-vincent-van-gogh-blumen-in-einer-blauen-vase\/p\/\" \/>\n<meta property=\"og:site_name\" content=\"Roovi B2B\" \/>\n<meta property=\"article:publisher\" content=\"https:\/\/www.facebook.com\/wwwjucariero\" \/>\n<meta property=\"article:modified_time\" content=\"2022-07-06T17:29:18+00:00\" \/>\n<meta property=\"og:image\" content=\"https:\/\/business.roovi.com\/wp-content\/uploads\/2018\/04\/66916-02_ansamblu_dimensiuni_cutie_cm_2.png\" \/>\n\t<meta property=\"og:image:width\" content=\"2000\" \/>\n\t<meta property=\"og:image:height\" content=\"2000\" \/>\n\t<meta property=\"og:image:type\" content=\"image\/png\" \/>\n<meta name=\"twitter:label1\" content=\"Gesch\u00e4tzte Lesezeit\" \/>\n\t<meta name=\"twitter:data1\" content=\"3\u00a0Minuten\" \/>\n<script type=\"application\/ld+json\" class=\"yoast-schema-graph\">{\"@context\":\"https:\/\/schema.org\",\"@graph\":[{\"@type\":\"WebPage\",\"@id\":\"https:\/\/business.roovi.com\/de\/puzzle-fur-erwachsene-1000-teile-vincent-van-gogh-blumen-in-einer-blauen-vase\/p\/\",\"url\":\"https:\/\/business.roovi.com\/de\/puzzle-fur-erwachsene-1000-teile-vincent-van-gogh-blumen-in-einer-blauen-vase\/p\/\",\"name\":\"Puzzle f\u00fcr Erwachsene 1000 Teile Vincent van Gogh - Blumen in einer blauen Vase\",\"isPartOf\":{\"@id\":\"https:\/\/business.roovi.com\/de\/#website\"},\"datePublished\":\"2018-04-16T10:56:17+00:00\",\"dateModified\":\"2022-07-06T17:29:18+00:00\",\"description\":\"Puzzle f\u00fcr Erwachsene 1000 Teile Vincent van Gogh - Blumen in einer blauen Vase\",\"breadcrumb\":{\"@id\":\"https:\/\/business.roovi.com\/de\/puzzle-fur-erwachsene-1000-teile-vincent-van-gogh-blumen-in-einer-blauen-vase\/p\/#breadcrumb\"},\"inLanguage\":\"de\",\"potentialAction\":[{\"@type\":\"ReadAction\",\"target\":[\"https:\/\/business.roovi.com\/de\/puzzle-fur-erwachsene-1000-teile-vincent-van-gogh-blumen-in-einer-blauen-vase\/p\/\"]}]},{\"@type\":\"BreadcrumbList\",\"@id\":\"https:\/\/business.roovi.com\/de\/puzzle-fur-erwachsene-1000-teile-vincent-van-gogh-blumen-in-einer-blauen-vase\/p\/#breadcrumb\",\"itemListElement\":[{\"@type\":\"ListItem\",\"position\":1,\"name\":\"Home\",\"item\":\"https:\/\/business.roovi.com\/de\/\"},{\"@type\":\"ListItem\",\"position\":2,\"name\":\"Shop\",\"item\":\"https:\/\/business.roovi.com\/de\/shop\/\"},{\"@type\":\"ListItem\",\"position\":3,\"name\":\"Puzzle f\u00fcr Erwachsene 1000 Teile Vincent van Gogh &#8211; Blumen in einer blauen Vase\"}]},{\"@type\":\"WebSite\",\"@id\":\"https:\/\/business.roovi.com\/de\/#website\",\"url\":\"https:\/\/business.roovi.com\/de\/\",\"name\":\"Roovi B2B\",\"description\":\"Roovi Business Website\",\"potentialAction\":[{\"@type\":\"SearchAction\",\"target\":{\"@type\":\"EntryPoint\",\"urlTemplate\":\"https:\/\/business.roovi.com\/de\/?s={search_term_string}\"},\"query-input\":\"required name=search_term_string\"}],\"inLanguage\":\"de\"}]}<\/script>\n<!-- \/ Yoast SEO plugin. -->","yoast_head_json":{"title":"Puzzle f\u00fcr Erwachsene 1000 Teile Vincent van Gogh - Blumen in einer blauen Vase","description":"Puzzle f\u00fcr Erwachsene 1000 Teile Vincent van Gogh - Blumen in einer blauen Vase","robots":{"index":"index","follow":"follow","max-snippet":"max-snippet:-1","max-image-preview":"max-image-preview:large","max-video-preview":"max-video-preview:-1"},"canonical":"https:\/\/business.roovi.com\/de\/puzzle-fur-erwachsene-1000-teile-vincent-van-gogh-blumen-in-einer-blauen-vase\/p\/","og_locale":"de_DE","og_type":"article","og_title":"Puzzle f\u00fcr Erwachsene 1000 Teile Vincent van Gogh - Blumen in einer blauen Vase","og_description":"Puzzle f\u00fcr Erwachsene 1000 Teile Vincent van Gogh - Blumen in einer blauen Vase","og_url":"https:\/\/business.roovi.com\/de\/puzzle-fur-erwachsene-1000-teile-vincent-van-gogh-blumen-in-einer-blauen-vase\/p\/","og_site_name":"Roovi B2B","article_publisher":"https:\/\/www.facebook.com\/wwwjucariero","article_modified_time":"2022-07-06T17:29:18+00:00","og_image":[{"width":2000,"height":2000,"url":"https:\/\/business.roovi.com\/wp-content\/uploads\/2018\/04\/66916-02_ansamblu_dimensiuni_cutie_cm_2.png","type":"image\/png"}],"twitter_misc":{"Gesch\u00e4tzte Lesezeit":"3\u00a0Minuten"},"schema":{"@context":"https:\/\/schema.org","@graph":[{"@type":"WebPage","@id":"https:\/\/business.roovi.com\/de\/puzzle-fur-erwachsene-1000-teile-vincent-van-gogh-blumen-in-einer-blauen-vase\/p\/","url":"https:\/\/business.roovi.com\/de\/puzzle-fur-erwachsene-1000-teile-vincent-van-gogh-blumen-in-einer-blauen-vase\/p\/","name":"Puzzle f\u00fcr Erwachsene 1000 Teile Vincent van Gogh - Blumen in einer blauen Vase","isPartOf":{"@id":"https:\/\/business.roovi.com\/de\/#website"},"datePublished":"2018-04-16T10:56:17+00:00","dateModified":"2022-07-06T17:29:18+00:00","description":"Puzzle f\u00fcr Erwachsene 1000 Teile Vincent van Gogh - Blumen in einer blauen Vase","breadcrumb":{"@id":"https:\/\/business.roovi.com\/de\/puzzle-fur-erwachsene-1000-teile-vincent-van-gogh-blumen-in-einer-blauen-vase\/p\/#breadcrumb"},"inLanguage":"de","potentialAction":[{"@type":"ReadAction","target":["https:\/\/business.roovi.com\/de\/puzzle-fur-erwachsene-1000-teile-vincent-van-gogh-blumen-in-einer-blauen-vase\/p\/"]}]},{"@type":"BreadcrumbList","@id":"https:\/\/business.roovi.com\/de\/puzzle-fur-erwachsene-1000-teile-vincent-van-gogh-blumen-in-einer-blauen-vase\/p\/#breadcrumb","itemListElement":[{"@type":"ListItem","position":1,"name":"Home","item":"https:\/\/business.roovi.com\/de\/"},{"@type":"ListItem","position":2,"name":"Shop","item":"https:\/\/business.roovi.com\/de\/shop\/"},{"@type":"ListItem","position":3,"name":"Puzzle f\u00fcr Erwachsene 1000 Teile Vincent van Gogh &#8211; Blumen in einer blauen Vase"}]},{"@type":"WebSite","@id":"https:\/\/business.roovi.com\/de\/#website","url":"https:\/\/business.roovi.com\/de\/","name":"Roovi B2B","description":"Roovi Business Website","potentialAction":[{"@type":"SearchAction","target":{"@type":"EntryPoint","urlTemplate":"https:\/\/business.roovi.com\/de\/?s={search_term_string}"},"query-input":"required name=search_term_string"}],"inLanguage":"de"}]}},"_links":{"self":[{"href":"https:\/\/business.roovi.com\/de\/wp-json\/wp\/v2\/product\/41578","targetHints":{"allow":["GET"]}}],"collection":[{"href":"https:\/\/business.roovi.com\/de\/wp-json\/wp\/v2\/product"}],"about":[{"href":"https:\/\/business.roovi.com\/de\/wp-json\/wp\/v2\/types\/product"}],"version-history":[{"count":0,"href":"https:\/\/business.roovi.com\/de\/wp-json\/wp\/v2\/product\/41578\/revisions"}],"wp:featuredmedia":[{"embeddable":true,"href":"https:\/\/business.roovi.com\/de\/wp-json\/wp\/v2\/media\/62895"}],"wp:attachment":[{"href":"https:\/\/business.roovi.com\/de\/wp-json\/wp\/v2\/media?parent=41578"}],"wp:term":[{"taxonomy":"product_brand","embeddable":true,"href":"https:\/\/business.roovi.com\/de\/wp-json\/wp\/v2\/product_brand?post=41578"},{"taxonomy":"product_cat","embeddable":true,"href":"https:\/\/business.roovi.com\/de\/wp-json\/wp\/v2\/product_cat?post=41578"},{"taxonomy":"product_tag","embeddable":true,"href":"https:\/\/business.roovi.com\/de\/wp-json\/wp\/v2\/product_tag?post=41578"}],"curies":[{"name":"wp","href":"https:\/\/api.w.org\/{rel}","templated":true}]}}