{"id":41582,"date":"2018-04-16T10:56:17","date_gmt":"2018-04-16T10:56:17","guid":{"rendered":"https:\/\/business.roovi.com\/puzzle-adulti-vincent-van-gogh-irisesirisi-1000-piese\/p\/"},"modified":"2023-02-15T06:37:09","modified_gmt":"2023-02-15T06:37:09","slug":"1000-teile-vincent-van-gogh-puzzle-fur-erwachsene-schwertlilien-irisi","status":"publish","type":"product","link":"https:\/\/business.roovi.com\/de\/1000-teile-vincent-van-gogh-puzzle-fur-erwachsene-schwertlilien-irisi\/p\/","title":{"rendered":"1000 Teile Vincent van Gogh Puzzle f\u00fcr Erwachsene &#8211; Schwertlilien"},"content":{"rendered":"<p style=\"text-align: left;\"><span style=\"font-weight: 400; font-size: 14px;\">Entdecke jetzt die au\u00dfergew\u00f6hnlichsten Puzzles f\u00fcr Erwachsene aus der Kunstpuzzle-Kollektion! Puzzlespiele f\u00fcr Erwachsene, die von den Werken von Botticelli, Van Gogh, Gauguin und anderen ber\u00fchmten Malern inspiriert sind, findest du in unserem Angebot an Puzzlespielen. Hol dir deine t\u00e4gliche Dosis Entspannung und genie\u00dfe es, unvergessliche Kunstwerke zu schaffen.<\/span><\/p>\n<p style=\"text-align: left;\"><span style=\"font-size: 14px;\"><span style=\"font-weight: 400;\">Vincent van Gogh &#8211; Irises\/Irides 1000 Teile Puzzle stellt das ber\u00fchmte Werk des K\u00fcnstlers dar <\/span><span style=\"font-weight: 400;\">in der psychiatrischen Klinik von Saint-R\u00e9my. F\u00fcr Van Gogh war die Malerei eine Farbstudie und er strebte danach, die<\/span> <span style=\"font-weight: 400;\">einen starken Kontrast der Farben. Indem er lila Blumen auf einem gelben Hintergrund platzierte, kamen die dekorativen Formen noch st\u00e4rker zur Geltung <\/span><\/span><\/p>\n<p style=\"text-align: left;\"><span style=\"font-weight: 400; font-size: 14px;\">Dieses k\u00fcnstlerische Schmuckst\u00fcck musst du an deiner Wand haben! Zieh deinen Wohnzimmertisch heran &#8211; das entstandene Bild misst 50 x 70 cm &#8211; es ist ideal, um dieses 1000-Teile-Puzzle zu vervollst\u00e4ndigen und dich an die Arbeit zu machen! Nachfolgend findest du weitere n\u00fctzliche Informationen zum Produkt:<\/span><\/p>\n<p><strong>Puzzle-Material <\/strong><\/p>\n<p><strong>hochwertiger blauer Karton<\/strong><\/p>\n<p><strong>nachhaltige, recycelbare Materialien<\/strong><\/p>\n<p><strong>halbgl\u00e4nzende Oberfl\u00e4che, leuchtende Farben<\/strong><\/p>\n<p><strong>Anzahl der Puzzleteile: 1000<\/strong><\/p>\n<p><strong>Empfohlenes Alter: 14+<\/strong><\/p>\n<p><strong>Puzzlespiele halten dein Gehirn gesund<\/strong><\/p>\n<p><span style=\"font-weight: 400;\">Willst du ein unterhaltsames Training, das dein Gehirn gesund h\u00e4lt? Vervollst\u00e4ndige das 1000-Teile-Puzzle und erreiche dieses Ziel! Das Zusammensetzen von Puzzlespielen trainiert sowohl die rechte Gehirnh\u00e4lfte, die f\u00fcr Emotionen und Kreativit\u00e4t zust\u00e4ndig ist, als auch die linke Gehirnh\u00e4lfte, die f\u00fcr logisches Denken verantwortlich ist.<\/span><\/p>\n<p><strong>Puzzlespiele bringen dich dazu, mehr auf Details zu achten<\/strong><\/p>\n<p><span style=\"font-weight: 400;\">1000-teilige Puzzles zu l\u00f6sen ist eine gro\u00dfe Herausforderung, aber eine, die Spa\u00df macht und viele Vorteile bietet. Eine davon ist, dass es deine Aufmerksamkeit verbessert, die kleinsten Details zu bemerken. Diese F\u00e4higkeit ist auch in anderen Bereichen deines Lebens n\u00fctzlich, also l\u00f6se R\u00e4tsel f\u00fcr Erwachsene und \u00fcbe!<\/span><\/p>\n<p><strong>Puzzlespiele helfen dir, dein Ged\u00e4chtnis zu trainieren<\/strong><\/p>\n<p><span style=\"font-weight: 400;\">1000-teilige Puzzles trainieren nicht nur die Aufmerksamkeit, sondern auch das Kurzzeitged\u00e4chtnis. Die Teile zu suchen, sich ihre Position im gro\u00dfen Bild einzupr\u00e4gen, sich an bestimmte Farben in verschiedenen Teilen des 1000-Teile-Puzzles zu erinnern, sind einfache \u00dcbungen, die dein Ged\u00e4chtnis anregen werden.<\/span><\/p>\n<p><strong>R\u00e4tselspiele fordern dich heraus, ein echter Detektiv zu sein<\/strong><\/p>\n<p><span style=\"font-weight: 400;\">Die Suche nach kleinen Teilen unter Hunderten von 1000-teiligen Puzzles kann so herausfordernd sein wie die Suche nach Hinweisen zur L\u00f6sung eines mysteri\u00f6sen Falls. Schl\u00fcpfe in die Rolle des Detektivs und entdecke die Details und Hinweise, die dir helfen, das Puzzle zusammenzusetzen.<\/span><\/p>\n<p><strong>Wusstest du etwas \u00fcber Van Gogh?<\/strong><\/p>\n<p><span style=\"font-weight: 400;\">Er arbeitete als Missionar in einer Bergbauregion in Belgien.<\/span><\/p>\n<p><span style=\"font-weight: 400;\">Er malte nur 10 Jahre lang, vom 27. bis zum 37. Lebensjahr, und war in dieser Zeit mit rund 900 Gem\u00e4lden \u00e4u\u00dferst produktiv.<\/span><\/p>\n<p><span style=\"font-weight: 400;\">Er war ein armer K\u00fcnstler, und um seine Kosten zu senken, \u00fcbermalte er bereits ausgef\u00fchrte Werke, um keine neuen Leinw\u00e4nde kaufen zu m\u00fcssen.<\/span><\/p>\n<p><span style=\"font-weight: 400;\">Er schnitt sein Ohrl\u00e4ppchen ab und soll es dann eingewickelt und einer Prostituierten in einem Bordell gegeben haben.<\/span><\/p>\n<p><span style=\"font-weight: 400;\">Er soll mit einem Pinselschwanz und nicht mit einem Pinsel gemalt haben. Diese Schlussfolgerung wurde gezogen, weil auf seinen Gem\u00e4lden keine Pinselhaare zu sehen sind, sondern nur die Einkerbungen, die vermutlich vom Pinselschwanz stammen.<\/span><\/p>\n<p><strong>Vervollst\u00e4ndige das 1000-Teile-Puzzle Tag f\u00fcr Tag, wenn du m\u00f6chtest:<\/strong><\/p>\n<p><span style=\"font-weight: 400;\">Sei entspannter.<\/span><\/p>\n<p><span style=\"font-weight: 400;\">Verbringe viel Zeit mit deinen Gedanken.<\/span><\/p>\n<p><span style=\"font-weight: 400;\">L\u00f6se dich von den Alltagssorgen.<\/span><\/p>\n<p><span style=\"font-weight: 400;\">Kaufe dieses wunderbare 1000-Teile-Puzzle <\/span><span style=\"font-weight: 400;\">Vincent van Gogh &#8211; Schwertlilien und genie\u00dfe einen Ausbruch von Freude und Farbe. Vervollst\u00e4ndige deine Kunstsammlung mit diesem einzigartigen Kunstpuzzle. Wenn du Freunde hast, die sich f\u00fcr Sch\u00f6nheit oder R\u00e4tsel f\u00fcr Erwachsene begeistern, ist dieses Produkt ideal zum Verschenken.<\/span><\/p>\n","protected":false},"excerpt":{"rendered":"<p>Entdecke jetzt die au\u00dfergew\u00f6hnlichsten Puzzles f\u00fcr Erwachsene aus der Kunstpuzzle-Kollektion! Puzzlespiele f\u00fcr Erwachsene, die von den Werken von Botticelli, Van<\/p>\n","protected":false},"featured_media":62889,"template":"","meta":[],"product_brand":[],"product_cat":[1916,1875,1915],"product_tag":[],"class_list":{"0":"post-41582","1":"product","2":"type-product","3":"status-publish","4":"has-post-thumbnail","6":"product_cat-1000-teile-puzzle","7":"product_cat-puzzle-de","8":"product_cat-puzzlespiele-fur-erwachsene","9":"pa_bax-10-de","10":"pa_brand-d_toys-de","11":"pa_country_of_manufacture-ro-de","12":"pa_filter_age-14-de","13":"pa_painter-vincentvangogh-de","14":"pa_tip_ambalaj-kasten-a4-de","15":"pa_tip_puzzle-klassisch","17":"first","18":"instock","19":"taxable","20":"shipping-taxable","21":"product-type-simple"},"yoast_head":"<!-- This site is optimized with the Yoast SEO plugin v20.1 - https:\/\/yoast.com\/wordpress\/plugins\/seo\/ -->\n<title>1000 Teile Vincent van Gogh Puzzle f\u00fcr Erwachsene - Schwertlilien\/Irisi<\/title>\n<meta name=\"description\" content=\"1000 Teile Vincent van Gogh Puzzle f\u00fcr Erwachsene - Schwertlilien\/Irisi\" \/>\n<meta name=\"robots\" content=\"index, follow, max-snippet:-1, max-image-preview:large, max-video-preview:-1\" \/>\n<link rel=\"canonical\" href=\"https:\/\/business.roovi.com\/de\/1000-teile-vincent-van-gogh-puzzle-fur-erwachsene-schwertlilien-irisi\/p\/\" \/>\n<meta property=\"og:locale\" content=\"de_DE\" \/>\n<meta property=\"og:type\" content=\"article\" \/>\n<meta property=\"og:title\" content=\"1000 Teile Vincent van Gogh Puzzle f\u00fcr Erwachsene - Schwertlilien\/Irisi\" \/>\n<meta property=\"og:description\" content=\"1000 Teile Vincent van Gogh Puzzle f\u00fcr Erwachsene - Schwertlilien\/Irisi\" \/>\n<meta property=\"og:url\" content=\"https:\/\/business.roovi.com\/de\/1000-teile-vincent-van-gogh-puzzle-fur-erwachsene-schwertlilien-irisi\/p\/\" \/>\n<meta property=\"og:site_name\" content=\"Roovi B2B\" \/>\n<meta property=\"article:publisher\" content=\"https:\/\/www.facebook.com\/wwwjucariero\" \/>\n<meta property=\"article:modified_time\" content=\"2023-02-15T06:37:09+00:00\" \/>\n<meta property=\"og:image\" content=\"https:\/\/business.roovi.com\/wp-content\/uploads\/2018\/04\/66916-03_ansamblu_dimensiuni_cutie_cm.png\" \/>\n\t<meta property=\"og:image:width\" content=\"2000\" \/>\n\t<meta property=\"og:image:height\" content=\"2000\" \/>\n\t<meta property=\"og:image:type\" content=\"image\/png\" \/>\n<meta name=\"twitter:label1\" content=\"Gesch\u00e4tzte Lesezeit\" \/>\n\t<meta name=\"twitter:data1\" content=\"3\u00a0Minuten\" \/>\n<script type=\"application\/ld+json\" class=\"yoast-schema-graph\">{\"@context\":\"https:\/\/schema.org\",\"@graph\":[{\"@type\":\"WebPage\",\"@id\":\"https:\/\/business.roovi.com\/de\/1000-teile-vincent-van-gogh-puzzle-fur-erwachsene-schwertlilien-irisi\/p\/\",\"url\":\"https:\/\/business.roovi.com\/de\/1000-teile-vincent-van-gogh-puzzle-fur-erwachsene-schwertlilien-irisi\/p\/\",\"name\":\"1000 Teile Vincent van Gogh Puzzle f\u00fcr Erwachsene - Schwertlilien\/Irisi\",\"isPartOf\":{\"@id\":\"https:\/\/business.roovi.com\/de\/#website\"},\"datePublished\":\"2018-04-16T10:56:17+00:00\",\"dateModified\":\"2023-02-15T06:37:09+00:00\",\"description\":\"1000 Teile Vincent van Gogh Puzzle f\u00fcr Erwachsene - Schwertlilien\/Irisi\",\"breadcrumb\":{\"@id\":\"https:\/\/business.roovi.com\/de\/1000-teile-vincent-van-gogh-puzzle-fur-erwachsene-schwertlilien-irisi\/p\/#breadcrumb\"},\"inLanguage\":\"de\",\"potentialAction\":[{\"@type\":\"ReadAction\",\"target\":[\"https:\/\/business.roovi.com\/de\/1000-teile-vincent-van-gogh-puzzle-fur-erwachsene-schwertlilien-irisi\/p\/\"]}]},{\"@type\":\"BreadcrumbList\",\"@id\":\"https:\/\/business.roovi.com\/de\/1000-teile-vincent-van-gogh-puzzle-fur-erwachsene-schwertlilien-irisi\/p\/#breadcrumb\",\"itemListElement\":[{\"@type\":\"ListItem\",\"position\":1,\"name\":\"Home\",\"item\":\"https:\/\/business.roovi.com\/de\/\"},{\"@type\":\"ListItem\",\"position\":2,\"name\":\"Shop\",\"item\":\"https:\/\/business.roovi.com\/de\/shop\/\"},{\"@type\":\"ListItem\",\"position\":3,\"name\":\"1000 Teile Vincent van Gogh Puzzle f\u00fcr Erwachsene &#8211; Schwertlilien\"}]},{\"@type\":\"WebSite\",\"@id\":\"https:\/\/business.roovi.com\/de\/#website\",\"url\":\"https:\/\/business.roovi.com\/de\/\",\"name\":\"Roovi B2B\",\"description\":\"Roovi Business Website\",\"potentialAction\":[{\"@type\":\"SearchAction\",\"target\":{\"@type\":\"EntryPoint\",\"urlTemplate\":\"https:\/\/business.roovi.com\/de\/?s={search_term_string}\"},\"query-input\":\"required name=search_term_string\"}],\"inLanguage\":\"de\"}]}<\/script>\n<!-- \/ Yoast SEO plugin. -->","yoast_head_json":{"title":"1000 Teile Vincent van Gogh Puzzle f\u00fcr Erwachsene - Schwertlilien\/Irisi","description":"1000 Teile Vincent van Gogh Puzzle f\u00fcr Erwachsene - Schwertlilien\/Irisi","robots":{"index":"index","follow":"follow","max-snippet":"max-snippet:-1","max-image-preview":"max-image-preview:large","max-video-preview":"max-video-preview:-1"},"canonical":"https:\/\/business.roovi.com\/de\/1000-teile-vincent-van-gogh-puzzle-fur-erwachsene-schwertlilien-irisi\/p\/","og_locale":"de_DE","og_type":"article","og_title":"1000 Teile Vincent van Gogh Puzzle f\u00fcr Erwachsene - Schwertlilien\/Irisi","og_description":"1000 Teile Vincent van Gogh Puzzle f\u00fcr Erwachsene - Schwertlilien\/Irisi","og_url":"https:\/\/business.roovi.com\/de\/1000-teile-vincent-van-gogh-puzzle-fur-erwachsene-schwertlilien-irisi\/p\/","og_site_name":"Roovi B2B","article_publisher":"https:\/\/www.facebook.com\/wwwjucariero","article_modified_time":"2023-02-15T06:37:09+00:00","og_image":[{"width":2000,"height":2000,"url":"https:\/\/business.roovi.com\/wp-content\/uploads\/2018\/04\/66916-03_ansamblu_dimensiuni_cutie_cm.png","type":"image\/png"}],"twitter_misc":{"Gesch\u00e4tzte Lesezeit":"3\u00a0Minuten"},"schema":{"@context":"https:\/\/schema.org","@graph":[{"@type":"WebPage","@id":"https:\/\/business.roovi.com\/de\/1000-teile-vincent-van-gogh-puzzle-fur-erwachsene-schwertlilien-irisi\/p\/","url":"https:\/\/business.roovi.com\/de\/1000-teile-vincent-van-gogh-puzzle-fur-erwachsene-schwertlilien-irisi\/p\/","name":"1000 Teile Vincent van Gogh Puzzle f\u00fcr Erwachsene - Schwertlilien\/Irisi","isPartOf":{"@id":"https:\/\/business.roovi.com\/de\/#website"},"datePublished":"2018-04-16T10:56:17+00:00","dateModified":"2023-02-15T06:37:09+00:00","description":"1000 Teile Vincent van Gogh Puzzle f\u00fcr Erwachsene - Schwertlilien\/Irisi","breadcrumb":{"@id":"https:\/\/business.roovi.com\/de\/1000-teile-vincent-van-gogh-puzzle-fur-erwachsene-schwertlilien-irisi\/p\/#breadcrumb"},"inLanguage":"de","potentialAction":[{"@type":"ReadAction","target":["https:\/\/business.roovi.com\/de\/1000-teile-vincent-van-gogh-puzzle-fur-erwachsene-schwertlilien-irisi\/p\/"]}]},{"@type":"BreadcrumbList","@id":"https:\/\/business.roovi.com\/de\/1000-teile-vincent-van-gogh-puzzle-fur-erwachsene-schwertlilien-irisi\/p\/#breadcrumb","itemListElement":[{"@type":"ListItem","position":1,"name":"Home","item":"https:\/\/business.roovi.com\/de\/"},{"@type":"ListItem","position":2,"name":"Shop","item":"https:\/\/business.roovi.com\/de\/shop\/"},{"@type":"ListItem","position":3,"name":"1000 Teile Vincent van Gogh Puzzle f\u00fcr Erwachsene &#8211; Schwertlilien"}]},{"@type":"WebSite","@id":"https:\/\/business.roovi.com\/de\/#website","url":"https:\/\/business.roovi.com\/de\/","name":"Roovi B2B","description":"Roovi Business Website","potentialAction":[{"@type":"SearchAction","target":{"@type":"EntryPoint","urlTemplate":"https:\/\/business.roovi.com\/de\/?s={search_term_string}"},"query-input":"required name=search_term_string"}],"inLanguage":"de"}]}},"_links":{"self":[{"href":"https:\/\/business.roovi.com\/de\/wp-json\/wp\/v2\/product\/41582","targetHints":{"allow":["GET"]}}],"collection":[{"href":"https:\/\/business.roovi.com\/de\/wp-json\/wp\/v2\/product"}],"about":[{"href":"https:\/\/business.roovi.com\/de\/wp-json\/wp\/v2\/types\/product"}],"version-history":[{"count":0,"href":"https:\/\/business.roovi.com\/de\/wp-json\/wp\/v2\/product\/41582\/revisions"}],"wp:featuredmedia":[{"embeddable":true,"href":"https:\/\/business.roovi.com\/de\/wp-json\/wp\/v2\/media\/62889"}],"wp:attachment":[{"href":"https:\/\/business.roovi.com\/de\/wp-json\/wp\/v2\/media?parent=41582"}],"wp:term":[{"taxonomy":"product_brand","embeddable":true,"href":"https:\/\/business.roovi.com\/de\/wp-json\/wp\/v2\/product_brand?post=41582"},{"taxonomy":"product_cat","embeddable":true,"href":"https:\/\/business.roovi.com\/de\/wp-json\/wp\/v2\/product_cat?post=41582"},{"taxonomy":"product_tag","embeddable":true,"href":"https:\/\/business.roovi.com\/de\/wp-json\/wp\/v2\/product_tag?post=41582"}],"curies":[{"name":"wp","href":"https:\/\/api.w.org\/{rel}","templated":true}]}}