{"id":41586,"date":"2018-04-16T10:56:17","date_gmt":"2018-04-16T10:56:17","guid":{"rendered":"https:\/\/business.roovi.com\/puzzle-adulti-vincent-van-gogh-the-starry-nightnoapte-instelata-1000-piese\/p\/"},"modified":"2022-10-18T09:37:22","modified_gmt":"2022-10-18T09:37:22","slug":"1000-teile-vincent-van-gogh-die-sternenklare-nacht-puzzle-fur-erwachsene","status":"publish","type":"product","link":"https:\/\/business.roovi.com\/de\/1000-teile-vincent-van-gogh-die-sternenklare-nacht-puzzle-fur-erwachsene\/p\/","title":{"rendered":"1000 Teile Vincent van Gogh &#8211; Die sternenklare Nacht Puzzle f\u00fcr Erwachsene"},"content":{"rendered":"<p><span style=\"font-weight: 400;\">Kunstwerke in einem Museum zu bewundern ist ein wunderbares Gef\u00fchl, aber was w\u00e4re, wenn du die ungeahnten Symbole von Gem\u00e4lden in der Privatsph\u00e4re deines eigenen Zuhauses entdecken k\u00f6nntest? Mit dem gr\u00f6\u00dften Angebot an Kunstr\u00e4tseln kannst du genau das tun. Schl\u00fcpfe in die Schuhe der gro\u00dfen Maler der Welt und rekonstruiere die ber\u00fchmten Bilder, die die Welt der Kunst beherrschen! Unsere Sammlung umfasst 1000-teilige Puzzles mit repr\u00e4sentativen Bildern des Barock, Rokoko, Jugendstils, Neoklassizismus und mehr.<\/span><\/p>\n<p><span style=\"font-weight: 400;\">Das 1000-teilige Vincent van Gogh &#8211; The Starry Night Puzzle zeigt das Bild eines der ber\u00fchmtesten Gem\u00e4lde des K\u00fcnstlers. Der lebendige Blick auf den Himmel mit dem Mond und den Sternen, die \u00fcber ihm thronen, dominiert die Komposition. Die beeindruckende Vision des K\u00fcnstlers von der Natur spiegelt sich in diesem bemerkenswerten Gem\u00e4lde wider. Entdecke den einzigartigen Stil des K\u00fcnstlers im Detail mit diesem Erwachsenenpuzzle aus unserer Kunstpuzzle-Kollektion! Zieh deinen Couchtisch im Wohnzimmer auf &#8211; mehr brauchst du nicht, um das 50 x 70 cm gro\u00dfe Bild nachzustellen -, bereite deinen Lieblingstee vor und mach dich an die Arbeit <\/span><\/p>\n<p><span style=\"font-weight: 400;\">Lies hier mehr \u00fcber die Eigenschaften des 1000-teiligen Vincent van Gogh &#8211; The Starry Night Puzzles:<\/span><\/p>\n<p><strong>Puzzle-Material <\/strong><\/p>\n<p><strong>hochwertiger blauer Karton<\/strong><\/p>\n<p><strong>nachhaltige, recycelbare Materialien<\/strong><\/p>\n<p><strong>halbgl\u00e4nzende Oberfl\u00e4che, leuchtende Farben<\/strong><\/p>\n<p><strong>Anzahl der Puzzleteile: 1000<\/strong><\/p>\n<p><strong>Empfohlenes Alter: 14+<\/strong><\/p>\n<p><strong>Warum ist es gesund, 1000 Teile zu puzzeln?<\/strong><\/p>\n<p><span style=\"font-weight: 400;\">Das Zusammensetzen von Puzzles f\u00fcr Erwachsene hat viele gesundheitliche Vorteile. Dazu geh\u00f6ren:<\/span><\/p>\n<p><span style=\"font-weight: 400;\">Verbessertes Ged\u00e4chtnis.<\/span><\/p>\n<p><span style=\"font-weight: 400;\">Senkung des Stressniveaus.<\/span><\/p>\n<p><span style=\"font-weight: 400;\">Verbesserung der kognitiven F\u00e4higkeiten.<\/span><\/p>\n<p><span style=\"font-weight: 400;\">Verbesserte Probleml\u00f6sungsf\u00e4higkeiten.<\/span><\/p>\n<p><span style=\"font-weight: 400;\">Verringerung der Schlaflosigkeit.<\/span><\/p>\n<p><span style=\"font-weight: 400;\">Erh\u00f6hte Aufmerksamkeit f\u00fcr Details.<\/span><\/p>\n<p><span style=\"font-weight: 400;\">\u00dcbe dich in Beharrlichkeit.<\/span><\/p>\n<p><strong>Welche Symbole sind auf dem Bild versteckt? <\/strong><strong><em>Sternenreiche Nacht<\/em><\/strong><strong> im Kunstr\u00e4tsel?<\/strong><\/p>\n<p><span style=\"font-weight: 400;\">Es handelt sich um den Blick aus dem Schlafzimmerfenster des K\u00fcnstlers w\u00e4hrend seiner Zeit in der Anstalt in Saint R\u00e9my de Provence, den Van Gogh in nicht weniger als 21 Varianten gemalt hat.<\/span><\/p>\n<p><span style=\"font-weight: 400;\">Viele verbinden die Bedeutung dieses Gem\u00e4ldes mit Van Goghs Leidenschaft f\u00fcr die Astronomie. Diese Hypothese wird durch die Behauptung des Astrophysikers Jean-Pierre Luminet gest\u00fctzt, dass das Bild die Himmelskonfiguration darstellt, die am 25. Mai 1889 um 4.40 Uhr in Saint R\u00e9my gesehen wurde.<\/span><\/p>\n<p><span style=\"font-weight: 400;\">Manche haben auch biblische Symbole in dem Gem\u00e4lde gefunden: Die 11 Sterne sollen denen in Genesis 37,9 \u00e4hneln, wo Josef seinen Br\u00fcdern von seinem Traum erz\u00e4hlt <\/span><em><span style=\"font-weight: 400;\">&#8222;Ich habe einen anderen Traum getr\u00e4umt! Die Sonne, der Mond und elf Sterne st\u00fcrzten sich auf mich.&#8220;<\/span><\/em><\/p>\n<p><span style=\"font-weight: 400;\">Manche glauben, dass der Strudel in der Mitte des Gem\u00e4ldes die unruhigen Gedanken des K\u00fcnstlers darstellt. Andere, dass es tats\u00e4chlich eine Spiralgalaxie darstellt, genauer gesagt die Volburai-Galaxie.<\/span><\/p>\n<p><span style=\"font-weight: 400;\">Was auch immer an Spekulationen \u00fcber dieses Gem\u00e4lde seit dem Verschwinden des K\u00fcnstlers aufgekommen ist, eines ist sicher: f\u00fcr Van Gogh, <\/span><strong>Sternennacht<\/strong><span style=\"font-weight: 400;\"> war aufgrund seiner ungleichen Proportionen ein Misserfolg. Das gestand er seinem Bruder Theo in einem Brief.<\/span><\/p>\n<p><strong>Puzzlespiele helfen, deine Produktivit\u00e4t zu steigern<\/strong><\/p>\n<p><span style=\"font-weight: 400;\">Puzzles f\u00fcr Erwachsene sind eine Form der Entspannung oder des Spiels, die dir ein Gef\u00fchl des Wohlbefindens vermittelt und auf die du dich ganz nat\u00fcrlich konzentrierst, ohne dich dabei zu stressen. Dank dieser einfachen \u00dcbung, sich auf ein 1000-teiliges Puzzle zu konzentrieren, steigt deine Produktivit\u00e4t in diesen Momenten sprunghaft an und f\u00fchrt dazu, dass du das Puzzle-Spiel komplett wiederholst.<\/span><\/p>\n<p><span style=\"font-weight: 400;\">Dieses t\u00e4gliche Training wird dir auch helfen, dich bei der Arbeit zu konzentrieren oder allt\u00e4gliche Aufgaben schneller zu l\u00f6sen <\/span><\/p>\n<p><span style=\"font-weight: 400;\">Fasziniert von den Geheimnissen der Kunstwelt? Kaufe jetzt das 1000-Teile-Puzzle und entdecke das R\u00e4tsel in dem ber\u00fchmten Kunstwerk <\/span><\/p>\n<p><span style=\"font-weight: 400;\">Das Vincent van Gogh &#8211; The Starry Night Kunstpuzzle ist ein tolles Puzzlespiel, das du zu verschiedenen Anl\u00e4ssen an Familienmitglieder oder Freunde verschenken kannst.<\/span><\/p>\n<p>&nbsp;<\/p>\n","protected":false},"excerpt":{"rendered":"<p>Kunstwerke in einem Museum zu bewundern ist ein wunderbares Gef\u00fchl, aber was w\u00e4re, wenn du die ungeahnten Symbole von Gem\u00e4lden<\/p>\n","protected":false},"featured_media":62913,"template":"","meta":[],"product_brand":[],"product_cat":[1916,1875,1915],"product_tag":[],"class_list":{"0":"post-41586","1":"product","2":"type-product","3":"status-publish","4":"has-post-thumbnail","6":"product_cat-1000-teile-puzzle","7":"product_cat-puzzle-de","8":"product_cat-puzzlespiele-fur-erwachsene","9":"pa_bax-10-de","10":"pa_brand-d_toys-de","11":"pa_country_of_manufacture-ro-de","12":"pa_filter_age-14-de","13":"pa_painter-vincentvangogh-de","14":"pa_tip_ambalaj-kasten-a4-de","15":"pa_tip_puzzle-klassisch","17":"first","18":"instock","19":"taxable","20":"shipping-taxable","21":"product-type-simple"},"yoast_head":"<!-- This site is optimized with the Yoast SEO plugin v20.1 - https:\/\/yoast.com\/wordpress\/plugins\/seo\/ -->\n<title>1000 Teile Vincent van Gogh - Die sternenklare Nacht Puzzle f\u00fcr Erwachsene<\/title>\n<meta name=\"description\" content=\"1000 Teile Vincent van Gogh - Die sternenklare Nacht Puzzle f\u00fcr Erwachsene\" \/>\n<meta name=\"robots\" content=\"index, follow, max-snippet:-1, max-image-preview:large, max-video-preview:-1\" \/>\n<link rel=\"canonical\" href=\"https:\/\/business.roovi.com\/de\/1000-teile-vincent-van-gogh-die-sternenklare-nacht-puzzle-fur-erwachsene\/p\/\" \/>\n<meta property=\"og:locale\" content=\"de_DE\" \/>\n<meta property=\"og:type\" content=\"article\" \/>\n<meta property=\"og:title\" content=\"1000 Teile Vincent van Gogh - Die sternenklare Nacht Puzzle f\u00fcr Erwachsene\" \/>\n<meta property=\"og:description\" content=\"1000 Teile Vincent van Gogh - Die sternenklare Nacht Puzzle f\u00fcr Erwachsene\" \/>\n<meta property=\"og:url\" content=\"https:\/\/business.roovi.com\/de\/1000-teile-vincent-van-gogh-die-sternenklare-nacht-puzzle-fur-erwachsene\/p\/\" \/>\n<meta property=\"og:site_name\" content=\"Roovi B2B\" \/>\n<meta property=\"article:publisher\" content=\"https:\/\/www.facebook.com\/wwwjucariero\" \/>\n<meta property=\"article:modified_time\" content=\"2022-10-18T09:37:22+00:00\" \/>\n<meta property=\"og:image\" content=\"https:\/\/business.roovi.com\/wp-content\/uploads\/2018\/04\/66916-08_ansamblu_dimensiuni_cutie_cm.png\" \/>\n\t<meta property=\"og:image:width\" content=\"2000\" \/>\n\t<meta property=\"og:image:height\" content=\"2000\" \/>\n\t<meta property=\"og:image:type\" content=\"image\/png\" \/>\n<meta name=\"twitter:label1\" content=\"Gesch\u00e4tzte Lesezeit\" \/>\n\t<meta name=\"twitter:data1\" content=\"3\u00a0Minuten\" \/>\n<script type=\"application\/ld+json\" class=\"yoast-schema-graph\">{\"@context\":\"https:\/\/schema.org\",\"@graph\":[{\"@type\":\"WebPage\",\"@id\":\"https:\/\/business.roovi.com\/de\/1000-teile-vincent-van-gogh-die-sternenklare-nacht-puzzle-fur-erwachsene\/p\/\",\"url\":\"https:\/\/business.roovi.com\/de\/1000-teile-vincent-van-gogh-die-sternenklare-nacht-puzzle-fur-erwachsene\/p\/\",\"name\":\"1000 Teile Vincent van Gogh - Die sternenklare Nacht Puzzle f\u00fcr Erwachsene\",\"isPartOf\":{\"@id\":\"https:\/\/business.roovi.com\/de\/#website\"},\"datePublished\":\"2018-04-16T10:56:17+00:00\",\"dateModified\":\"2022-10-18T09:37:22+00:00\",\"description\":\"1000 Teile Vincent van Gogh - Die sternenklare Nacht Puzzle f\u00fcr Erwachsene\",\"breadcrumb\":{\"@id\":\"https:\/\/business.roovi.com\/de\/1000-teile-vincent-van-gogh-die-sternenklare-nacht-puzzle-fur-erwachsene\/p\/#breadcrumb\"},\"inLanguage\":\"de\",\"potentialAction\":[{\"@type\":\"ReadAction\",\"target\":[\"https:\/\/business.roovi.com\/de\/1000-teile-vincent-van-gogh-die-sternenklare-nacht-puzzle-fur-erwachsene\/p\/\"]}]},{\"@type\":\"BreadcrumbList\",\"@id\":\"https:\/\/business.roovi.com\/de\/1000-teile-vincent-van-gogh-die-sternenklare-nacht-puzzle-fur-erwachsene\/p\/#breadcrumb\",\"itemListElement\":[{\"@type\":\"ListItem\",\"position\":1,\"name\":\"Home\",\"item\":\"https:\/\/business.roovi.com\/de\/\"},{\"@type\":\"ListItem\",\"position\":2,\"name\":\"Shop\",\"item\":\"https:\/\/business.roovi.com\/de\/shop\/\"},{\"@type\":\"ListItem\",\"position\":3,\"name\":\"1000 Teile Vincent van Gogh &#8211; Die sternenklare Nacht Puzzle f\u00fcr Erwachsene\"}]},{\"@type\":\"WebSite\",\"@id\":\"https:\/\/business.roovi.com\/de\/#website\",\"url\":\"https:\/\/business.roovi.com\/de\/\",\"name\":\"Roovi B2B\",\"description\":\"Roovi Business Website\",\"potentialAction\":[{\"@type\":\"SearchAction\",\"target\":{\"@type\":\"EntryPoint\",\"urlTemplate\":\"https:\/\/business.roovi.com\/de\/?s={search_term_string}\"},\"query-input\":\"required name=search_term_string\"}],\"inLanguage\":\"de\"}]}<\/script>\n<!-- \/ Yoast SEO plugin. -->","yoast_head_json":{"title":"1000 Teile Vincent van Gogh - Die sternenklare Nacht Puzzle f\u00fcr Erwachsene","description":"1000 Teile Vincent van Gogh - Die sternenklare Nacht Puzzle f\u00fcr Erwachsene","robots":{"index":"index","follow":"follow","max-snippet":"max-snippet:-1","max-image-preview":"max-image-preview:large","max-video-preview":"max-video-preview:-1"},"canonical":"https:\/\/business.roovi.com\/de\/1000-teile-vincent-van-gogh-die-sternenklare-nacht-puzzle-fur-erwachsene\/p\/","og_locale":"de_DE","og_type":"article","og_title":"1000 Teile Vincent van Gogh - Die sternenklare Nacht Puzzle f\u00fcr Erwachsene","og_description":"1000 Teile Vincent van Gogh - Die sternenklare Nacht Puzzle f\u00fcr Erwachsene","og_url":"https:\/\/business.roovi.com\/de\/1000-teile-vincent-van-gogh-die-sternenklare-nacht-puzzle-fur-erwachsene\/p\/","og_site_name":"Roovi B2B","article_publisher":"https:\/\/www.facebook.com\/wwwjucariero","article_modified_time":"2022-10-18T09:37:22+00:00","og_image":[{"width":2000,"height":2000,"url":"https:\/\/business.roovi.com\/wp-content\/uploads\/2018\/04\/66916-08_ansamblu_dimensiuni_cutie_cm.png","type":"image\/png"}],"twitter_misc":{"Gesch\u00e4tzte Lesezeit":"3\u00a0Minuten"},"schema":{"@context":"https:\/\/schema.org","@graph":[{"@type":"WebPage","@id":"https:\/\/business.roovi.com\/de\/1000-teile-vincent-van-gogh-die-sternenklare-nacht-puzzle-fur-erwachsene\/p\/","url":"https:\/\/business.roovi.com\/de\/1000-teile-vincent-van-gogh-die-sternenklare-nacht-puzzle-fur-erwachsene\/p\/","name":"1000 Teile Vincent van Gogh - Die sternenklare Nacht Puzzle f\u00fcr Erwachsene","isPartOf":{"@id":"https:\/\/business.roovi.com\/de\/#website"},"datePublished":"2018-04-16T10:56:17+00:00","dateModified":"2022-10-18T09:37:22+00:00","description":"1000 Teile Vincent van Gogh - Die sternenklare Nacht Puzzle f\u00fcr Erwachsene","breadcrumb":{"@id":"https:\/\/business.roovi.com\/de\/1000-teile-vincent-van-gogh-die-sternenklare-nacht-puzzle-fur-erwachsene\/p\/#breadcrumb"},"inLanguage":"de","potentialAction":[{"@type":"ReadAction","target":["https:\/\/business.roovi.com\/de\/1000-teile-vincent-van-gogh-die-sternenklare-nacht-puzzle-fur-erwachsene\/p\/"]}]},{"@type":"BreadcrumbList","@id":"https:\/\/business.roovi.com\/de\/1000-teile-vincent-van-gogh-die-sternenklare-nacht-puzzle-fur-erwachsene\/p\/#breadcrumb","itemListElement":[{"@type":"ListItem","position":1,"name":"Home","item":"https:\/\/business.roovi.com\/de\/"},{"@type":"ListItem","position":2,"name":"Shop","item":"https:\/\/business.roovi.com\/de\/shop\/"},{"@type":"ListItem","position":3,"name":"1000 Teile Vincent van Gogh &#8211; Die sternenklare Nacht Puzzle f\u00fcr Erwachsene"}]},{"@type":"WebSite","@id":"https:\/\/business.roovi.com\/de\/#website","url":"https:\/\/business.roovi.com\/de\/","name":"Roovi B2B","description":"Roovi Business Website","potentialAction":[{"@type":"SearchAction","target":{"@type":"EntryPoint","urlTemplate":"https:\/\/business.roovi.com\/de\/?s={search_term_string}"},"query-input":"required name=search_term_string"}],"inLanguage":"de"}]}},"_links":{"self":[{"href":"https:\/\/business.roovi.com\/de\/wp-json\/wp\/v2\/product\/41586","targetHints":{"allow":["GET"]}}],"collection":[{"href":"https:\/\/business.roovi.com\/de\/wp-json\/wp\/v2\/product"}],"about":[{"href":"https:\/\/business.roovi.com\/de\/wp-json\/wp\/v2\/types\/product"}],"version-history":[{"count":0,"href":"https:\/\/business.roovi.com\/de\/wp-json\/wp\/v2\/product\/41586\/revisions"}],"wp:featuredmedia":[{"embeddable":true,"href":"https:\/\/business.roovi.com\/de\/wp-json\/wp\/v2\/media\/62913"}],"wp:attachment":[{"href":"https:\/\/business.roovi.com\/de\/wp-json\/wp\/v2\/media?parent=41586"}],"wp:term":[{"taxonomy":"product_brand","embeddable":true,"href":"https:\/\/business.roovi.com\/de\/wp-json\/wp\/v2\/product_brand?post=41586"},{"taxonomy":"product_cat","embeddable":true,"href":"https:\/\/business.roovi.com\/de\/wp-json\/wp\/v2\/product_cat?post=41586"},{"taxonomy":"product_tag","embeddable":true,"href":"https:\/\/business.roovi.com\/de\/wp-json\/wp\/v2\/product_tag?post=41586"}],"curies":[{"name":"wp","href":"https:\/\/api.w.org\/{rel}","templated":true}]}}