{"id":41594,"date":"2018-04-16T10:56:17","date_gmt":"2018-04-16T10:56:17","guid":{"rendered":"https:\/\/business.roovi.com\/puzzle-adulti-vincent-van-gogh-the-church-at-auvers-1000-piese\/p\/"},"modified":"2022-07-06T17:29:51","modified_gmt":"2022-07-06T17:29:51","slug":"1000-teile-vincent-van-gogh-puzzle-fur-erwachsene-die-kirche-von-auvers","status":"publish","type":"product","link":"https:\/\/business.roovi.com\/de\/1000-teile-vincent-van-gogh-puzzle-fur-erwachsene-die-kirche-von-auvers\/p\/","title":{"rendered":"1000 Teile Vincent van Gogh-Puzzle f\u00fcr Erwachsene &#8211; Die Kirche von Auvers"},"content":{"rendered":"<p><span style=\"font-weight: 400\">W\u00e4hle aus Hunderten von 1000-teiligen Puzzlemustern mit wundersch\u00f6nen Bildern der ber\u00fchmtesten Gem\u00e4lde der Welt und erstelle deine eigene Gem\u00e4ldesammlung f\u00fcr das Puzzlespiel.<\/span><\/p>\n<p><span style=\"font-weight: 400\">Das 1000-Teile-Puzzle Vincent van Gogh &#8211; Die Kirche in Auvers\/Biserica din Auvers ist das Abbild des Gem\u00e4ldes, das der gro\u00dfe K\u00fcnstler in seinem letzten Lebensjahr schuf. Der Maler malte in atemberaubenden Details und in leuchtenden Farben ein Monument der Anbetung, das ihm etwas bedeutet haben muss. Entdecke diesen wundersch\u00f6nen Farbenrausch mit diesem 1000-Teile-Puzzle.<\/span><\/p>\n<p><span style=\"font-weight: 400\">Lies unten mehr \u00fcber die Eigenschaften des 1000-teiligen Puzzles Vincent van Gogh &#8211; Die Kirche von Auvers:<\/span><\/p>\n<p><strong>Gr\u00f6\u00dfe des rekonstruierten Bildes: 50 x 70 cm.<\/strong><span style=\"font-weight: 400\"> Um die Teile dieses Kunstpuzzles zusammenzusetzen, brauchst du einen normalen Couchtisch.<\/span><\/p>\n<p><strong>Puzzle-Material <\/strong><\/p>\n<p><strong>hochwertiger blauer Karton<\/strong><\/p>\n<p><strong>nachhaltige, recycelbare Materialien<\/strong><\/p>\n<p><strong>halbgl\u00e4nzende Oberfl\u00e4che, leuchtende Farben<\/strong><\/p>\n<p><strong>Anzahl der Puzzleteile: 1000<\/strong><\/p>\n<p><strong>Empfohlenes Alter: 14+<\/strong><\/p>\n<p><strong>Puzzlespiele verz\u00f6gern Gehirnkrankheiten<\/strong><\/p>\n<p><span style=\"font-weight: 400\">Wenn du jemals jemanden gekannt hast, der an Alzheimer oder Demenz erkrankt ist, wei\u00dft du, wie tragisch es ist, langsam sein Ged\u00e4chtnis und seine geistigen F\u00e4higkeiten zu verlieren. Die gute Nachricht ist, dass diese Krankheiten in Schach gehalten werden k\u00f6nnen, wenn du dich w\u00e4hrend deines Lebens um dein Gehirn k\u00fcmmerst, d.h. es zum Arbeiten bringst. Ein gesundes Gehirn ist ein trainiertes Gehirn. Also mach dir keine Gedanken, schnapp dir dein Lieblingsr\u00e4tselspiel, mach dir eine sch\u00f6ne Tasse Tee und mach dich an die Arbeit!<\/span><\/p>\n<p><strong>Puzzlespiele sind gut f\u00fcr dein Ged\u00e4chtnis<\/strong><\/p>\n<p><span style=\"font-weight: 400\">Wenn du dich dabei ertappst, dass du oft kleine Dinge vergisst, empfehlen wir dir, Puzzles f\u00fcr Erwachsene zusammenzustellen. Bei dieser Aktivit\u00e4t musst du dir die Formen und Farben der Spielsteine einpr\u00e4gen, w\u00e4hrend du deine Augen st\u00e4ndig \u00fcber das Spielfeld bewegst, um \u00dcbereinstimmungen zu erkennen. Das ist eine tolle \u00dcbung f\u00fcr das Kurzzeitged\u00e4chtnis.<\/span><\/p>\n<p><strong>Puzzlespiele helfen dir, deine F\u00e4higkeit, L\u00f6sungen zu finden, zu entwickeln<\/strong><\/p>\n<p><span style=\"font-weight: 400\">F\u00e4llt es dir schwer, Entscheidungen zu treffen oder L\u00f6sungen f\u00fcr kleine Probleme zu finden? Das Zusammensetzen von 1000-teiligen Puzzles trainiert diese F\u00e4higkeit zur L\u00f6sungsfindung und du wirst sie in allen Bereichen deines Lebens einsetzen k\u00f6nnen.<\/span><\/p>\n<p><strong>\u00dcber Van Gogh und seine Malerei<\/strong><\/p>\n<p><span style=\"font-weight: 400\">\u00c4rzte und Kunstkritiker hielten den K\u00fcnstler, der nach seinem Tod ber\u00fchmt werden sollte, f\u00fcr verr\u00fcckt.<\/span><\/p>\n<p><span style=\"font-weight: 400\">Das Gem\u00e4lde der Kirche von Auvers wurde als <\/span><span style=\"font-weight: 400\"> &#8222;Das verr\u00fcckteste Werk&#8220; wegen der Gewalt der Farben, der W\u00e4nde, die zu wackeln scheinen, und des Daches, das sich zu bewegen scheint.<\/span><\/p>\n<p><span style=\"font-weight: 400\">Die \u00c4rzte haben das Werk auf die Schizophrenie des K\u00fcnstlers zur\u00fcckgef\u00fchrt.<\/span><\/p>\n<p><span style=\"font-weight: 400\">Van Gogh liebte die Farbe Gelb und verwendete sie ausgiebig in einigen seiner Werke.<\/span><\/p>\n<p><span style=\"font-weight: 400\">Obwohl er auf dem Sterbebett behauptete, sich selbst erschossen zu haben, behaupten die Biografen Steven Naifeh und Gregory Whit Smith, dass der K\u00fcnstler versehentlich von zwei Jungen erschossen wurde, die er besch\u00fctzen wollte und sich selbst die Schuld gaben.<\/span><\/p>\n<p><strong>Nutze Puzzlespiele als kollektive Ablenkung<\/strong><\/p>\n<p><span style=\"font-weight: 400\">Du wei\u00dft nicht, wie du die Kinder von ihren Bildschirmen trennen kannst? Kaufe 1.000-teilige Puzzlespiele, koche die beste hei\u00dfe Schokolade und mach dich an die Arbeit! Du wirst feststellen, dass deine Kleinen mit Freude nach den richtigen Teilen suchen, ihre eigene Strategie f\u00fcr das Zusammensetzen des Puzzlespiels entwickeln und dich mit ihrer Kreativit\u00e4t verbl\u00fcffen werden. Au\u00dferdem ist dies eine Gelegenheit, besser als Familie zu kommunizieren und zu lernen, im Team zu arbeiten.<\/span><\/p>\n<p>Das 1000-teilige Puzzle <span style=\"font-weight: 400\">Vincent van Gogh &#8211; Die Kirche von Auvers\/Biserica de Auvers stellt ein majest\u00e4tisches, lebendiges Gem\u00e4lde dar, das Ausdruck eines brillanten Geistes<\/span> ist. <span style=\"font-weight: 400\">Entdecke das Geheimnis dieses wunderbaren Kunstwerks, indem du dieses Puzzle f\u00fcr Erwachsene allein oder mit deinen Lieben zusammensetzt.<\/span><\/p>\n<p><span style=\"font-weight: 400\">Dieses Puzzlespiel kann ein tolles Geschenk f\u00fcr Freunde zu verschiedenen festlichen Anl\u00e4ssen sein.<\/span><\/p>\n","protected":false},"excerpt":{"rendered":"<p>W\u00e4hle aus Hunderten von 1000-teiligen Puzzlemustern mit wundersch\u00f6nen Bildern der ber\u00fchmtesten Gem\u00e4lde der Welt und erstelle deine eigene Gem\u00e4ldesammlung f\u00fcr<\/p>\n","protected":false},"featured_media":62901,"template":"","meta":[],"product_brand":[],"product_cat":[1916,1875,1915],"product_tag":[],"class_list":{"0":"post-41594","1":"product","2":"type-product","3":"status-publish","4":"has-post-thumbnail","6":"product_cat-1000-teile-puzzle","7":"product_cat-puzzle-de","8":"product_cat-puzzlespiele-fur-erwachsene","9":"pa_bax-10-de","10":"pa_brand-d_toys-de","11":"pa_country_of_manufacture-ro-de","12":"pa_filter_age-14-de","13":"pa_painter-vincentvangogh-de","14":"pa_tip_ambalaj-kasten-a4-de","15":"pa_tip_puzzle-klassisch","17":"first","18":"instock","19":"taxable","20":"shipping-taxable","21":"product-type-simple"},"yoast_head":"<!-- This site is optimized with the Yoast SEO plugin v20.1 - https:\/\/yoast.com\/wordpress\/plugins\/seo\/ -->\n<title>1000 Teile Vincent van Gogh-Puzzle f\u00fcr Erwachsene - Die Kirche von Auvers<\/title>\n<meta name=\"description\" content=\"1000 Teile Vincent van Gogh-Puzzle f\u00fcr Erwachsene - Die Kirche von Auvers\" \/>\n<meta name=\"robots\" content=\"index, follow, max-snippet:-1, max-image-preview:large, max-video-preview:-1\" \/>\n<link rel=\"canonical\" href=\"https:\/\/business.roovi.com\/de\/1000-teile-vincent-van-gogh-puzzle-fur-erwachsene-die-kirche-von-auvers\/p\/\" \/>\n<meta property=\"og:locale\" content=\"de_DE\" \/>\n<meta property=\"og:type\" content=\"article\" \/>\n<meta property=\"og:title\" content=\"1000 Teile Vincent van Gogh-Puzzle f\u00fcr Erwachsene - Die Kirche von Auvers\" \/>\n<meta property=\"og:description\" content=\"1000 Teile Vincent van Gogh-Puzzle f\u00fcr Erwachsene - Die Kirche von Auvers\" \/>\n<meta property=\"og:url\" content=\"https:\/\/business.roovi.com\/de\/1000-teile-vincent-van-gogh-puzzle-fur-erwachsene-die-kirche-von-auvers\/p\/\" \/>\n<meta property=\"og:site_name\" content=\"Roovi B2B\" \/>\n<meta property=\"article:publisher\" content=\"https:\/\/www.facebook.com\/wwwjucariero\" \/>\n<meta property=\"article:modified_time\" content=\"2022-07-06T17:29:51+00:00\" \/>\n<meta property=\"og:image\" content=\"https:\/\/business.roovi.com\/wp-content\/uploads\/2018\/04\/66916-10_ansamblu_dimensiuni_cutie_cm.png\" \/>\n\t<meta property=\"og:image:width\" content=\"2000\" \/>\n\t<meta property=\"og:image:height\" content=\"2000\" \/>\n\t<meta property=\"og:image:type\" content=\"image\/png\" \/>\n<meta name=\"twitter:label1\" content=\"Gesch\u00e4tzte Lesezeit\" \/>\n\t<meta name=\"twitter:data1\" content=\"3\u00a0Minuten\" \/>\n<script type=\"application\/ld+json\" class=\"yoast-schema-graph\">{\"@context\":\"https:\/\/schema.org\",\"@graph\":[{\"@type\":\"WebPage\",\"@id\":\"https:\/\/business.roovi.com\/de\/1000-teile-vincent-van-gogh-puzzle-fur-erwachsene-die-kirche-von-auvers\/p\/\",\"url\":\"https:\/\/business.roovi.com\/de\/1000-teile-vincent-van-gogh-puzzle-fur-erwachsene-die-kirche-von-auvers\/p\/\",\"name\":\"1000 Teile Vincent van Gogh-Puzzle f\u00fcr Erwachsene - Die Kirche von Auvers\",\"isPartOf\":{\"@id\":\"https:\/\/business.roovi.com\/de\/#website\"},\"datePublished\":\"2018-04-16T10:56:17+00:00\",\"dateModified\":\"2022-07-06T17:29:51+00:00\",\"description\":\"1000 Teile Vincent van Gogh-Puzzle f\u00fcr Erwachsene - Die Kirche von Auvers\",\"breadcrumb\":{\"@id\":\"https:\/\/business.roovi.com\/de\/1000-teile-vincent-van-gogh-puzzle-fur-erwachsene-die-kirche-von-auvers\/p\/#breadcrumb\"},\"inLanguage\":\"de\",\"potentialAction\":[{\"@type\":\"ReadAction\",\"target\":[\"https:\/\/business.roovi.com\/de\/1000-teile-vincent-van-gogh-puzzle-fur-erwachsene-die-kirche-von-auvers\/p\/\"]}]},{\"@type\":\"BreadcrumbList\",\"@id\":\"https:\/\/business.roovi.com\/de\/1000-teile-vincent-van-gogh-puzzle-fur-erwachsene-die-kirche-von-auvers\/p\/#breadcrumb\",\"itemListElement\":[{\"@type\":\"ListItem\",\"position\":1,\"name\":\"Home\",\"item\":\"https:\/\/business.roovi.com\/de\/\"},{\"@type\":\"ListItem\",\"position\":2,\"name\":\"Shop\",\"item\":\"https:\/\/business.roovi.com\/de\/shop\/\"},{\"@type\":\"ListItem\",\"position\":3,\"name\":\"1000 Teile Vincent van Gogh-Puzzle f\u00fcr Erwachsene &#8211; Die Kirche von Auvers\"}]},{\"@type\":\"WebSite\",\"@id\":\"https:\/\/business.roovi.com\/de\/#website\",\"url\":\"https:\/\/business.roovi.com\/de\/\",\"name\":\"Roovi B2B\",\"description\":\"Roovi Business Website\",\"potentialAction\":[{\"@type\":\"SearchAction\",\"target\":{\"@type\":\"EntryPoint\",\"urlTemplate\":\"https:\/\/business.roovi.com\/de\/?s={search_term_string}\"},\"query-input\":\"required name=search_term_string\"}],\"inLanguage\":\"de\"}]}<\/script>\n<!-- \/ Yoast SEO plugin. -->","yoast_head_json":{"title":"1000 Teile Vincent van Gogh-Puzzle f\u00fcr Erwachsene - Die Kirche von Auvers","description":"1000 Teile Vincent van Gogh-Puzzle f\u00fcr Erwachsene - Die Kirche von Auvers","robots":{"index":"index","follow":"follow","max-snippet":"max-snippet:-1","max-image-preview":"max-image-preview:large","max-video-preview":"max-video-preview:-1"},"canonical":"https:\/\/business.roovi.com\/de\/1000-teile-vincent-van-gogh-puzzle-fur-erwachsene-die-kirche-von-auvers\/p\/","og_locale":"de_DE","og_type":"article","og_title":"1000 Teile Vincent van Gogh-Puzzle f\u00fcr Erwachsene - Die Kirche von Auvers","og_description":"1000 Teile Vincent van Gogh-Puzzle f\u00fcr Erwachsene - Die Kirche von Auvers","og_url":"https:\/\/business.roovi.com\/de\/1000-teile-vincent-van-gogh-puzzle-fur-erwachsene-die-kirche-von-auvers\/p\/","og_site_name":"Roovi B2B","article_publisher":"https:\/\/www.facebook.com\/wwwjucariero","article_modified_time":"2022-07-06T17:29:51+00:00","og_image":[{"width":2000,"height":2000,"url":"https:\/\/business.roovi.com\/wp-content\/uploads\/2018\/04\/66916-10_ansamblu_dimensiuni_cutie_cm.png","type":"image\/png"}],"twitter_misc":{"Gesch\u00e4tzte Lesezeit":"3\u00a0Minuten"},"schema":{"@context":"https:\/\/schema.org","@graph":[{"@type":"WebPage","@id":"https:\/\/business.roovi.com\/de\/1000-teile-vincent-van-gogh-puzzle-fur-erwachsene-die-kirche-von-auvers\/p\/","url":"https:\/\/business.roovi.com\/de\/1000-teile-vincent-van-gogh-puzzle-fur-erwachsene-die-kirche-von-auvers\/p\/","name":"1000 Teile Vincent van Gogh-Puzzle f\u00fcr Erwachsene - Die Kirche von Auvers","isPartOf":{"@id":"https:\/\/business.roovi.com\/de\/#website"},"datePublished":"2018-04-16T10:56:17+00:00","dateModified":"2022-07-06T17:29:51+00:00","description":"1000 Teile Vincent van Gogh-Puzzle f\u00fcr Erwachsene - Die Kirche von Auvers","breadcrumb":{"@id":"https:\/\/business.roovi.com\/de\/1000-teile-vincent-van-gogh-puzzle-fur-erwachsene-die-kirche-von-auvers\/p\/#breadcrumb"},"inLanguage":"de","potentialAction":[{"@type":"ReadAction","target":["https:\/\/business.roovi.com\/de\/1000-teile-vincent-van-gogh-puzzle-fur-erwachsene-die-kirche-von-auvers\/p\/"]}]},{"@type":"BreadcrumbList","@id":"https:\/\/business.roovi.com\/de\/1000-teile-vincent-van-gogh-puzzle-fur-erwachsene-die-kirche-von-auvers\/p\/#breadcrumb","itemListElement":[{"@type":"ListItem","position":1,"name":"Home","item":"https:\/\/business.roovi.com\/de\/"},{"@type":"ListItem","position":2,"name":"Shop","item":"https:\/\/business.roovi.com\/de\/shop\/"},{"@type":"ListItem","position":3,"name":"1000 Teile Vincent van Gogh-Puzzle f\u00fcr Erwachsene &#8211; Die Kirche von Auvers"}]},{"@type":"WebSite","@id":"https:\/\/business.roovi.com\/de\/#website","url":"https:\/\/business.roovi.com\/de\/","name":"Roovi B2B","description":"Roovi Business Website","potentialAction":[{"@type":"SearchAction","target":{"@type":"EntryPoint","urlTemplate":"https:\/\/business.roovi.com\/de\/?s={search_term_string}"},"query-input":"required name=search_term_string"}],"inLanguage":"de"}]}},"_links":{"self":[{"href":"https:\/\/business.roovi.com\/de\/wp-json\/wp\/v2\/product\/41594","targetHints":{"allow":["GET"]}}],"collection":[{"href":"https:\/\/business.roovi.com\/de\/wp-json\/wp\/v2\/product"}],"about":[{"href":"https:\/\/business.roovi.com\/de\/wp-json\/wp\/v2\/types\/product"}],"version-history":[{"count":0,"href":"https:\/\/business.roovi.com\/de\/wp-json\/wp\/v2\/product\/41594\/revisions"}],"wp:featuredmedia":[{"embeddable":true,"href":"https:\/\/business.roovi.com\/de\/wp-json\/wp\/v2\/media\/62901"}],"wp:attachment":[{"href":"https:\/\/business.roovi.com\/de\/wp-json\/wp\/v2\/media?parent=41594"}],"wp:term":[{"taxonomy":"product_brand","embeddable":true,"href":"https:\/\/business.roovi.com\/de\/wp-json\/wp\/v2\/product_brand?post=41594"},{"taxonomy":"product_cat","embeddable":true,"href":"https:\/\/business.roovi.com\/de\/wp-json\/wp\/v2\/product_cat?post=41594"},{"taxonomy":"product_tag","embeddable":true,"href":"https:\/\/business.roovi.com\/de\/wp-json\/wp\/v2\/product_tag?post=41594"}],"curies":[{"name":"wp","href":"https:\/\/api.w.org\/{rel}","templated":true}]}}