{"id":41598,"date":"2018-04-16T10:56:17","date_gmt":"2018-04-16T10:56:17","guid":{"rendered":"https:\/\/business.roovi.com\/puzzle-adulti-1000-piese-pierre-auguste-renoir-two-girls-reading\/p\/"},"modified":"2022-07-06T17:34:05","modified_gmt":"2022-07-06T17:34:05","slug":"pierre-auguste-renoir-1000-teile-puzzle-fur-erwachsene-zwei-lesende-madchen","status":"publish","type":"product","link":"https:\/\/business.roovi.com\/de\/pierre-auguste-renoir-1000-teile-puzzle-fur-erwachsene-zwei-lesende-madchen\/p\/","title":{"rendered":"Pierre-Auguste Renoir 1000 Teile Puzzle f\u00fcr Erwachsene &#8211; Zwei lesende M\u00e4dchen"},"content":{"rendered":"<p><span style=\"font-weight: 400\">Bist du von der Kunst fasziniert und m\u00f6chtest du die Geheimnisse der ber\u00fchmtesten Gem\u00e4lde entdecken? Entdecke das gr\u00f6\u00dfte Angebot an Kunstr\u00e4tseln in Rum\u00e4nien und tauche ein in die raffinierte Welt der Kunstwerke. Hier findest du 1000-teilige Puzzles mit erstaunlichen Bildern, die den ber\u00fchmten Werken verbl\u00fcffend \u00e4hnlich sind. Erstelle jetzt deine eigene Sammlung von au\u00dfergew\u00f6hnlichen Puzzlespielen!<\/span><\/p>\n<p><span style=\"font-weight: 400\">Pierre-Auguste Renoirs 1000-Teile-Puzzle &#8211; Zwei lesende M\u00e4dchen\/Dou deux filles citing k\u00f6nnte das erste Gem\u00e4lde in deiner Kunstsammlung sein. Das Gem\u00e4lde verbindet perfekt impressionistische Noten mit klassischen Maltechniken, f\u00fcr die Renoir in vielen seiner Werke bekannt ist. Das Werk ist ein idealisiertes Portr\u00e4t, bei dem die Balance von Licht und Kontrast der verwendeten Farben sehr gut ist. Um dieses k\u00fcnstlerische Meisterwerk aus einem 1000-teiligen Puzzle nachzubauen, brauchst du einen gew\u00f6hnlichen Couchtisch, an dem du mehrere Stunden am Tag in Ruhe arbeiten kannst. Das fertige Bild ist 50 x 70 cm gro\u00df.<\/span><\/p>\n<p><span style=\"font-weight: 400\">Lies unten mehr \u00fcber dieses wunderbare Kunstpuzzle:<\/span><\/p>\n<p><strong>Puzzle-Material <\/strong><\/p>\n<p><strong>hochwertiger blauer Karton<\/strong><\/p>\n<p><strong>nachhaltige, recycelbare Materialien<\/strong><\/p>\n<p><strong>halbgl\u00e4nzende Oberfl\u00e4che, leuchtende Farben<\/strong><\/p>\n<p><strong>Anzahl der Puzzleteile: 1000<\/strong><\/p>\n<p><strong>Empfohlenes Alter: 14+<\/strong><\/p>\n<p><strong>Welche F\u00e4higkeiten entwickelst du bei Puzzles f\u00fcr Erwachsene?<\/strong><\/p>\n<p><span style=\"font-weight: 400\">Das Zusammensetzen von 1000-teiligen Puzzles ist eine lustige und lehrreiche Aktivit\u00e4t. Hier erf\u00e4hrst du, welche F\u00e4higkeiten du mit Hilfe von tollen Puzzlespielen entwickeln kannst:<\/span><\/p>\n<p><strong>Liebe zum Detail<\/strong><\/p>\n<p><strong>F\u00e4higkeit zur Konzentration<\/strong><\/p>\n<p><strong>Vorstellungskraft<\/strong><\/p>\n<p><strong>Logik<\/strong><\/p>\n<p><strong>Beharrlichkeit<\/strong><\/p>\n<p><strong>Geduld<\/strong><\/p>\n<p><strong>Probleml\u00f6sungsf\u00e4higkeit<\/strong><\/p>\n<p><strong>Wusstest du, dass Renoir der Maler genannt wurde <\/strong><strong>der &#8222;Freuden des Lebens&#8220;?<\/strong><\/p>\n<p><span style=\"font-weight: 400\">Obwohl er als wichtigster Vertreter des Impressionismus gilt, wandte sich Renoir in der zweiten H\u00e4lfte seiner Karriere von diesem Stil ab. Viele seiner Werke sind eine beeindruckende kreative Kombination aus Impressionismus und klassischen Techniken. Seine Bilder dr\u00fccken Sch\u00f6nheit, Eleganz und Freude aus und du kannst die Freude des K\u00fcnstlers am Malen in jedem Strich sp\u00fcren. Renoir malte Landschaften, formale Portr\u00e4ts und Akte und hinterlie\u00df ein unbezahlbares k\u00fcnstlerisches Erbe.  Er setzte sich mit verschiedenen Stilen auseinander und war eine unersch\u00f6pfliche Quelle der Inspiration f\u00fcr die Nachwelt <\/span><\/p>\n<p><strong>Renoir verwendete fast nie Schwarz und Braun in seinen Werken<\/strong><\/p>\n<p><span style=\"font-weight: 400\">Renoir teilte die einzigartige Farbtheorie von Monet. Diesen beiden K\u00fcnstlern zufolge waren Schatten weder schwarz noch braun, sondern ein Spiegelbild der Objekte selbst, und Schatten waren in der Tat vielfarbig. Dieser tiefgreifende Wandel in der Verwendung von Farben ist das Markenzeichen des Impressionismus.<\/span><\/p>\n<p><strong>1000 Teile Kunstpuzzle bringt Familie und Freunde zusammen <\/strong><\/p>\n<p><span style=\"font-weight: 400\">Mache das Zusammensetzen eines Kunstpuzzles zu einem unvergesslichen Erlebnis mit Familie und Freunden. Bring deine Liebsten zusammen und stellt gemeinsam die ber\u00fchmtesten Gem\u00e4lde der Welt nach <\/span><\/p>\n<p><span style=\"font-weight: 400\">Puzzle jetzt kaufen <\/span><span style=\"font-weight: 400\">1000 Teile Pierre-Auguste Renoir &#8211; Zwei lesende M\u00e4dchen\/Dou\u0103 filles zitiere aus Rum\u00e4niens gr\u00f6\u00dfter Sammlung von Kunstpuzzles und erschaffe ein unvergessliches Gem\u00e4lde aus einem Puzzlespiel. Dieses wunderbare Kunstpuzzle ist ein tolles Geschenk f\u00fcr einen erwachsenen Puzzle-Liebhaber oder eine Freundin.<\/span><\/p><\/p>\n","protected":false},"excerpt":{"rendered":"<p>Bist du von der Kunst fasziniert und m\u00f6chtest du die Geheimnisse der ber\u00fchmtesten Gem\u00e4lde entdecken? Entdecke das gr\u00f6\u00dfte Angebot an<\/p>\n","protected":false},"featured_media":62947,"template":"","meta":[],"product_brand":[],"product_cat":[1916,1875,1915],"product_tag":[],"class_list":{"0":"post-41598","1":"product","2":"type-product","3":"status-publish","4":"has-post-thumbnail","6":"product_cat-1000-teile-puzzle","7":"product_cat-puzzle-de","8":"product_cat-puzzlespiele-fur-erwachsene","9":"pa_bax-10-de","10":"pa_brand-d_toys-de","11":"pa_country_of_manufacture-ro-de","12":"pa_filter_age-14-de","13":"pa_painter-pierreaugusterenoir-de","14":"pa_tip_ambalaj-kasten-a4-de","15":"pa_tip_puzzle-klassisch","17":"first","18":"instock","19":"taxable","20":"shipping-taxable","21":"product-type-simple"},"yoast_head":"<!-- This site is optimized with the Yoast SEO plugin v20.1 - https:\/\/yoast.com\/wordpress\/plugins\/seo\/ -->\n<title>Pierre-Auguste Renoir 1000 Teile Puzzle f\u00fcr Erwachsene - Zwei lesende M\u00e4dchen<\/title>\n<meta name=\"description\" content=\"Pierre-Auguste Renoir 1000 Teile Puzzle f\u00fcr Erwachsene - Zwei lesende M\u00e4dchen\" \/>\n<meta name=\"robots\" content=\"index, follow, max-snippet:-1, max-image-preview:large, max-video-preview:-1\" \/>\n<link rel=\"canonical\" href=\"https:\/\/business.roovi.com\/de\/pierre-auguste-renoir-1000-teile-puzzle-fur-erwachsene-zwei-lesende-madchen\/p\/\" \/>\n<meta property=\"og:locale\" content=\"de_DE\" \/>\n<meta property=\"og:type\" content=\"article\" \/>\n<meta property=\"og:title\" content=\"Pierre-Auguste Renoir 1000 Teile Puzzle f\u00fcr Erwachsene - Zwei lesende M\u00e4dchen\" \/>\n<meta property=\"og:description\" content=\"Pierre-Auguste Renoir 1000 Teile Puzzle f\u00fcr Erwachsene - Zwei lesende M\u00e4dchen\" \/>\n<meta property=\"og:url\" content=\"https:\/\/business.roovi.com\/de\/pierre-auguste-renoir-1000-teile-puzzle-fur-erwachsene-zwei-lesende-madchen\/p\/\" \/>\n<meta property=\"og:site_name\" content=\"Roovi B2B\" \/>\n<meta property=\"article:publisher\" content=\"https:\/\/www.facebook.com\/wwwjucariero\" \/>\n<meta property=\"article:modified_time\" content=\"2022-07-06T17:34:05+00:00\" \/>\n<meta property=\"og:image\" content=\"https:\/\/business.roovi.com\/wp-content\/uploads\/2018\/04\/66909-02_ansamblu_dimensiuni_cutie_cm_1200x1200.png\" \/>\n\t<meta property=\"og:image:width\" content=\"1200\" \/>\n\t<meta property=\"og:image:height\" content=\"1200\" \/>\n\t<meta property=\"og:image:type\" content=\"image\/png\" \/>\n<meta name=\"twitter:label1\" content=\"Gesch\u00e4tzte Lesezeit\" \/>\n\t<meta name=\"twitter:data1\" content=\"2\u00a0Minuten\" \/>\n<script type=\"application\/ld+json\" class=\"yoast-schema-graph\">{\"@context\":\"https:\/\/schema.org\",\"@graph\":[{\"@type\":\"WebPage\",\"@id\":\"https:\/\/business.roovi.com\/de\/pierre-auguste-renoir-1000-teile-puzzle-fur-erwachsene-zwei-lesende-madchen\/p\/\",\"url\":\"https:\/\/business.roovi.com\/de\/pierre-auguste-renoir-1000-teile-puzzle-fur-erwachsene-zwei-lesende-madchen\/p\/\",\"name\":\"Pierre-Auguste Renoir 1000 Teile Puzzle f\u00fcr Erwachsene - Zwei lesende M\u00e4dchen\",\"isPartOf\":{\"@id\":\"https:\/\/business.roovi.com\/de\/#website\"},\"datePublished\":\"2018-04-16T10:56:17+00:00\",\"dateModified\":\"2022-07-06T17:34:05+00:00\",\"description\":\"Pierre-Auguste Renoir 1000 Teile Puzzle f\u00fcr Erwachsene - Zwei lesende M\u00e4dchen\",\"breadcrumb\":{\"@id\":\"https:\/\/business.roovi.com\/de\/pierre-auguste-renoir-1000-teile-puzzle-fur-erwachsene-zwei-lesende-madchen\/p\/#breadcrumb\"},\"inLanguage\":\"de\",\"potentialAction\":[{\"@type\":\"ReadAction\",\"target\":[\"https:\/\/business.roovi.com\/de\/pierre-auguste-renoir-1000-teile-puzzle-fur-erwachsene-zwei-lesende-madchen\/p\/\"]}]},{\"@type\":\"BreadcrumbList\",\"@id\":\"https:\/\/business.roovi.com\/de\/pierre-auguste-renoir-1000-teile-puzzle-fur-erwachsene-zwei-lesende-madchen\/p\/#breadcrumb\",\"itemListElement\":[{\"@type\":\"ListItem\",\"position\":1,\"name\":\"Home\",\"item\":\"https:\/\/business.roovi.com\/de\/\"},{\"@type\":\"ListItem\",\"position\":2,\"name\":\"Shop\",\"item\":\"https:\/\/business.roovi.com\/de\/shop\/\"},{\"@type\":\"ListItem\",\"position\":3,\"name\":\"Pierre-Auguste Renoir 1000 Teile Puzzle f\u00fcr Erwachsene &#8211; Zwei lesende M\u00e4dchen\"}]},{\"@type\":\"WebSite\",\"@id\":\"https:\/\/business.roovi.com\/de\/#website\",\"url\":\"https:\/\/business.roovi.com\/de\/\",\"name\":\"Roovi B2B\",\"description\":\"Roovi Business Website\",\"potentialAction\":[{\"@type\":\"SearchAction\",\"target\":{\"@type\":\"EntryPoint\",\"urlTemplate\":\"https:\/\/business.roovi.com\/de\/?s={search_term_string}\"},\"query-input\":\"required name=search_term_string\"}],\"inLanguage\":\"de\"}]}<\/script>\n<!-- \/ Yoast SEO plugin. -->","yoast_head_json":{"title":"Pierre-Auguste Renoir 1000 Teile Puzzle f\u00fcr Erwachsene - Zwei lesende M\u00e4dchen","description":"Pierre-Auguste Renoir 1000 Teile Puzzle f\u00fcr Erwachsene - Zwei lesende M\u00e4dchen","robots":{"index":"index","follow":"follow","max-snippet":"max-snippet:-1","max-image-preview":"max-image-preview:large","max-video-preview":"max-video-preview:-1"},"canonical":"https:\/\/business.roovi.com\/de\/pierre-auguste-renoir-1000-teile-puzzle-fur-erwachsene-zwei-lesende-madchen\/p\/","og_locale":"de_DE","og_type":"article","og_title":"Pierre-Auguste Renoir 1000 Teile Puzzle f\u00fcr Erwachsene - Zwei lesende M\u00e4dchen","og_description":"Pierre-Auguste Renoir 1000 Teile Puzzle f\u00fcr Erwachsene - Zwei lesende M\u00e4dchen","og_url":"https:\/\/business.roovi.com\/de\/pierre-auguste-renoir-1000-teile-puzzle-fur-erwachsene-zwei-lesende-madchen\/p\/","og_site_name":"Roovi B2B","article_publisher":"https:\/\/www.facebook.com\/wwwjucariero","article_modified_time":"2022-07-06T17:34:05+00:00","og_image":[{"width":1200,"height":1200,"url":"https:\/\/business.roovi.com\/wp-content\/uploads\/2018\/04\/66909-02_ansamblu_dimensiuni_cutie_cm_1200x1200.png","type":"image\/png"}],"twitter_misc":{"Gesch\u00e4tzte Lesezeit":"2\u00a0Minuten"},"schema":{"@context":"https:\/\/schema.org","@graph":[{"@type":"WebPage","@id":"https:\/\/business.roovi.com\/de\/pierre-auguste-renoir-1000-teile-puzzle-fur-erwachsene-zwei-lesende-madchen\/p\/","url":"https:\/\/business.roovi.com\/de\/pierre-auguste-renoir-1000-teile-puzzle-fur-erwachsene-zwei-lesende-madchen\/p\/","name":"Pierre-Auguste Renoir 1000 Teile Puzzle f\u00fcr Erwachsene - Zwei lesende M\u00e4dchen","isPartOf":{"@id":"https:\/\/business.roovi.com\/de\/#website"},"datePublished":"2018-04-16T10:56:17+00:00","dateModified":"2022-07-06T17:34:05+00:00","description":"Pierre-Auguste Renoir 1000 Teile Puzzle f\u00fcr Erwachsene - Zwei lesende M\u00e4dchen","breadcrumb":{"@id":"https:\/\/business.roovi.com\/de\/pierre-auguste-renoir-1000-teile-puzzle-fur-erwachsene-zwei-lesende-madchen\/p\/#breadcrumb"},"inLanguage":"de","potentialAction":[{"@type":"ReadAction","target":["https:\/\/business.roovi.com\/de\/pierre-auguste-renoir-1000-teile-puzzle-fur-erwachsene-zwei-lesende-madchen\/p\/"]}]},{"@type":"BreadcrumbList","@id":"https:\/\/business.roovi.com\/de\/pierre-auguste-renoir-1000-teile-puzzle-fur-erwachsene-zwei-lesende-madchen\/p\/#breadcrumb","itemListElement":[{"@type":"ListItem","position":1,"name":"Home","item":"https:\/\/business.roovi.com\/de\/"},{"@type":"ListItem","position":2,"name":"Shop","item":"https:\/\/business.roovi.com\/de\/shop\/"},{"@type":"ListItem","position":3,"name":"Pierre-Auguste Renoir 1000 Teile Puzzle f\u00fcr Erwachsene &#8211; Zwei lesende M\u00e4dchen"}]},{"@type":"WebSite","@id":"https:\/\/business.roovi.com\/de\/#website","url":"https:\/\/business.roovi.com\/de\/","name":"Roovi B2B","description":"Roovi Business Website","potentialAction":[{"@type":"SearchAction","target":{"@type":"EntryPoint","urlTemplate":"https:\/\/business.roovi.com\/de\/?s={search_term_string}"},"query-input":"required name=search_term_string"}],"inLanguage":"de"}]}},"_links":{"self":[{"href":"https:\/\/business.roovi.com\/de\/wp-json\/wp\/v2\/product\/41598","targetHints":{"allow":["GET"]}}],"collection":[{"href":"https:\/\/business.roovi.com\/de\/wp-json\/wp\/v2\/product"}],"about":[{"href":"https:\/\/business.roovi.com\/de\/wp-json\/wp\/v2\/types\/product"}],"version-history":[{"count":0,"href":"https:\/\/business.roovi.com\/de\/wp-json\/wp\/v2\/product\/41598\/revisions"}],"wp:featuredmedia":[{"embeddable":true,"href":"https:\/\/business.roovi.com\/de\/wp-json\/wp\/v2\/media\/62947"}],"wp:attachment":[{"href":"https:\/\/business.roovi.com\/de\/wp-json\/wp\/v2\/media?parent=41598"}],"wp:term":[{"taxonomy":"product_brand","embeddable":true,"href":"https:\/\/business.roovi.com\/de\/wp-json\/wp\/v2\/product_brand?post=41598"},{"taxonomy":"product_cat","embeddable":true,"href":"https:\/\/business.roovi.com\/de\/wp-json\/wp\/v2\/product_cat?post=41598"},{"taxonomy":"product_tag","embeddable":true,"href":"https:\/\/business.roovi.com\/de\/wp-json\/wp\/v2\/product_tag?post=41598"}],"curies":[{"name":"wp","href":"https:\/\/api.w.org\/{rel}","templated":true}]}}