{"id":41602,"date":"2018-04-16T10:56:17","date_gmt":"2018-04-16T10:56:17","guid":{"rendered":"https:\/\/business.roovi.com\/puzzle-adulti-1000-piese-pierre-auguste-renoir-the-swingleaganul\/p\/"},"modified":"2023-02-20T05:47:45","modified_gmt":"2023-02-20T05:47:45","slug":"pierre-auguste-renoir-1000-teile-puzzle-fur-erwachsene-die-schaukel-leaganul","status":"publish","type":"product","link":"https:\/\/business.roovi.com\/de\/pierre-auguste-renoir-1000-teile-puzzle-fur-erwachsene-die-schaukel-leaganul\/p\/","title":{"rendered":"Pierre-Auguste Renoir 1000 Teile Puzzle f\u00fcr Erwachsene &#8211; Die Schaukel"},"content":{"rendered":"<p><span style=\"font-weight: 400; line-height: 14px; font-size: 14px;\">Du denkst, du bist gut in Puzzlespielen? Wir fordern dich auf, Kunstpuzzle zusammenzusetzen! W\u00e4hle ein 1000-teiliges Puzzle aus Hunderten von Motiven ber\u00fchmter Gem\u00e4lde. Setze Kunstpuzzles zusammen und erhalte exquisite Nachbildungen von k\u00fcnstlerischen Meisterwerken.<\/span><\/p>\n<p><span style=\"font-weight: 400; line-height: 14px; font-size: 14px;\">Pierre-Auguste Renoirs 1000-teiliges Puzzle &#8222;Die Schaukel&#8220; zeigt das gleichnamige Gem\u00e4lde, in dem der K\u00fcnstler ein beeindruckendes impressionistisches Lichtspiel mit wei\u00dfen, blauen, gelben und roten Farbt\u00f6nen erzeugt. Diese Farben sind auf der Kleidung der Figuren zu sehen und spiegeln sich auf den Bl\u00e4ttern und dem Boden wider. Jetzt kannst du der Sch\u00f6pfer einer Replik des ber\u00fchmten Gem\u00e4ldes sein! Zieh deinen Couchtisch im Wohnzimmer heran und fang an, das Bild nachzustellen. Wir garantieren bis zu 30 Stunden Entspannung und ein k\u00fcnstlerisches Bild, das dem Originalbild verbl\u00fcffend \u00e4hnlich sieht.<\/span><\/p>\n<p><span style=\"font-weight: 400; line-height: 14px; font-size: 14px;\">Lies mehr \u00fcber die Eigenschaften dieses Kunstr\u00e4tsels:<\/span><\/p>\n<p><span style=\"line-height: 14px; font-size: 14px;\"><strong>Gr\u00f6\u00dfe des rekonstruierten Bildes: 50 x 70 cm<\/strong><\/span><\/p>\n<p><span style=\"line-height: 14px; font-size: 14px;\"><strong>Puzzle-Material <\/strong><\/span><\/p>\n<p><span style=\"line-height: 14px; font-size: 14px;\"><strong>hochwertiger blauer Karton<\/strong><\/span><\/p>\n<p><span style=\"line-height: 14px; font-size: 14px;\"><strong>nachhaltige, recycelbare Materialien<\/strong><\/span><\/p>\n<p><span style=\"line-height: 14px; font-size: 14px;\"><strong>halbgl\u00e4nzende Oberfl\u00e4che, leuchtende Farben<\/strong><\/span><\/p>\n<p><span style=\"line-height: 14px; font-size: 14px;\"><strong>Anzahl der Puzzleteile: 1000<\/strong><\/span><\/p>\n<p><span style=\"line-height: 14px; font-size: 14px;\"><strong>Empfohlenes Alter: 14+<\/strong><\/span><\/p>\n<p><span style=\"line-height: 14px; font-size: 14px;\"><strong>Puzzlespiele sind ein gesunder Spa\u00df<\/strong><\/span><\/p>\n<p><span style=\"font-weight: 400; line-height: 14px; font-size: 14px;\">Das Zusammensetzen von Puzzles f\u00fcr Erwachsene ist nicht nur eine entspannende Aktivit\u00e4t f\u00fcr langweilige Momente. Au\u00dferdem profitierst du von vielen gesundheitlichen Vorteilen. Hier sind nur ein paar von ihnen:<\/span><\/p>\n<p><span style=\"font-weight: 400; line-height: 14px; font-size: 14px;\">Verbessertes Ged\u00e4chtnis<\/span><\/p>\n<p><span style=\"font-weight: 400; line-height: 14px; font-size: 14px;\">Stresslevel reduzieren<\/span><\/p>\n<p><span style=\"font-weight: 400; line-height: 14px; font-size: 14px;\">Die Stimmung verbessern <\/span><\/p>\n<p><span style=\"font-weight: 400; line-height: 14px; font-size: 14px;\">Normalisierung des Blutdrucks als Folge von reduziertem Stress.<\/span><\/p>\n<p><span style=\"font-weight: 400; line-height: 14px; font-size: 14px;\">Verbesserte visuell-r\u00e4umliche F\u00e4higkeiten.<\/span><\/p>\n<h4><span style=\"line-height: 14px; font-size: 14px;\"><strong>Renoir &#8211; der K\u00fcnstler, der jeden Tag seines Lebens malte<\/strong><\/span><\/h4>\n<p><span style=\"line-height: 14px; font-size: 14px;\"><span style=\"font-weight: 400;\">Pierre-Auguste Renoir gilt als der Begr\u00fcnder des Impressionismus neben <\/span><span style=\"font-weight: 400;\">Claude Monet, Alfred Sisley und Paul C\u00e9zanne. Renoir war ein K\u00fcnstler, der jeden Tag leidenschaftlich malte, wie er selbst sagte <\/span><em><span style=\"font-weight: 400;\">&#8222;Ich glaube, es verging kein Tag in meinem Leben, an dem ich nicht gemalt habe&#8220;.<\/span><\/em><\/span><\/p>\n<p><span style=\"line-height: 14px; font-size: 14px;\"><span style=\"font-weight: 400;\">Es wird erz\u00e4hlt, dass er an dem Tag, an dem er starb, nach seinen Pinseln und Farben fragte und zu sich selbst fl\u00fcsterte <\/span><em><span style=\"font-weight: 400;\">&#8222;Jetzt verstehe ich.&#8220;<\/span><\/em><\/span><\/p>\n<p><span style=\"font-weight: 400; line-height: 14px; font-size: 14px;\">Mit 13 Jahren war er Porzellandekorateur. Er bemalte F\u00e4cher und Jalousien, um Geld f\u00fcr sein Malereistudium zu verdienen <\/span><\/p>\n<p><span style=\"font-weight: 400; line-height: 14px; font-size: 14px;\">Schon fr\u00fch in seiner Karriere kopierte er verschiedene Werke, die im Louvre ausgestellt waren. Im Jahr vor seinem Tod besuchte er das Museum und bewunderte seine eigenen Werke, die dort ausgestellt waren.<\/span><\/p>\n<h4><span style=\"line-height: 14px; font-size: 14px;\"><strong>Kunstr\u00e4tsel machen dich mit den ber\u00fchmtesten Malern der Welt bekannt<\/strong><\/span><\/h4>\n<p><span style=\"font-weight: 400; line-height: 14px; font-size: 14px;\">Kunstr\u00e4tsel f\u00fchren dich in die faszinierende Welt der Malerei ein und fordern dich heraus, die K\u00fcnstler hinter den Meisterwerken, die in den 1000-teiligen R\u00e4tseln dargestellt sind, kennenzulernen. Au\u00dferdem gibt es noch andere Vorteile:<\/span><\/p>\n<p><span style=\"font-weight: 400; line-height: 14px; font-size: 14px;\">Du entwickelst deine F\u00e4higkeiten zum L\u00f6sen von R\u00e4tseln.<\/span><\/p>\n<p><span style=\"font-weight: 400; line-height: 14px; font-size: 14px;\">Du sch\u00e4rfst deinen Sinn f\u00fcr Farben und \u00c4sthetik.<\/span><\/p>\n<p><span style=\"font-weight: 400; line-height: 14px; font-size: 14px;\">Du wirst ein echter Detektiv, der unter den 1000 Puzzleteilen nach Hinweisen sucht, um das Geheimnis eines Kunstwerks zu l\u00f6sen.<\/span><\/p>\n<p><span style=\"font-weight: 400; line-height: 14px; font-size: 14px;\">Erstelle einzigartige Gem\u00e4lde, Repliken ber\u00fchmter Gem\u00e4lde, die deine Augen erfreuen und dein Zuhause schm\u00fccken werden.<\/span><span style=\"line-height: 14px; font-size: 14px;\"><span style=\"font-weight: 400;\">1000 Teile Puzzle jetzt kaufen <\/span><span style=\"font-weight: 400;\">Pierre-Auguste Renoir &#8211; The Swing und genie\u00dfe ein einzigartiges k\u00fcnstlerisches und entspannendes Erlebnis! Vervollst\u00e4ndige dieses wunderbare Kunstpuzzle allein an langweiligen Abenden oder mit Freunden an k\u00fchlen Wochenenden, die dich im Haus halten. Verschenke ein 1000-Teile-Puzzle an deine Familie oder einen puzzlebegeisterten Freund.<\/span><\/span><\/p>\n","protected":false},"excerpt":{"rendered":"<p>Du denkst, du bist gut in Puzzlespielen? Wir fordern dich auf, Kunstpuzzle zusammenzusetzen! W\u00e4hle ein 1000-teiliges Puzzle aus Hunderten von<\/p>\n","protected":false},"featured_media":62959,"template":"","meta":[],"product_brand":[],"product_cat":[1916,1875,1915],"product_tag":[],"class_list":{"0":"post-41602","1":"product","2":"type-product","3":"status-publish","4":"has-post-thumbnail","6":"product_cat-1000-teile-puzzle","7":"product_cat-puzzle-de","8":"product_cat-puzzlespiele-fur-erwachsene","9":"pa_bax-10-de","10":"pa_brand-d_toys-de","11":"pa_country_of_manufacture-ro-de","12":"pa_filter_age-14-de","13":"pa_painter-pierreaugusterenoir-de","14":"pa_tip_ambalaj-kasten-a4-de","15":"pa_tip_puzzle-klassisch","17":"first","18":"instock","19":"taxable","20":"shipping-taxable","21":"product-type-simple"},"yoast_head":"<!-- This site is optimized with the Yoast SEO plugin v20.1 - https:\/\/yoast.com\/wordpress\/plugins\/seo\/ -->\n<title>Pierre-Auguste Renoir 1000 Teile Puzzle f\u00fcr Erwachsene - Die Schaukel\/Leaganul<\/title>\n<meta name=\"description\" content=\"Pierre-Auguste Renoir 1000 Teile Puzzle f\u00fcr Erwachsene - Die Schaukel\/Leaganul\" \/>\n<meta name=\"robots\" content=\"index, follow, max-snippet:-1, max-image-preview:large, max-video-preview:-1\" \/>\n<link rel=\"canonical\" href=\"https:\/\/business.roovi.com\/de\/pierre-auguste-renoir-1000-teile-puzzle-fur-erwachsene-die-schaukel-leaganul\/p\/\" \/>\n<meta property=\"og:locale\" content=\"de_DE\" \/>\n<meta property=\"og:type\" content=\"article\" \/>\n<meta property=\"og:title\" content=\"Pierre-Auguste Renoir 1000 Teile Puzzle f\u00fcr Erwachsene - Die Schaukel\/Leaganul\" \/>\n<meta property=\"og:description\" content=\"Pierre-Auguste Renoir 1000 Teile Puzzle f\u00fcr Erwachsene - Die Schaukel\/Leaganul\" \/>\n<meta property=\"og:url\" content=\"https:\/\/business.roovi.com\/de\/pierre-auguste-renoir-1000-teile-puzzle-fur-erwachsene-die-schaukel-leaganul\/p\/\" \/>\n<meta property=\"og:site_name\" content=\"Roovi B2B\" \/>\n<meta property=\"article:publisher\" content=\"https:\/\/www.facebook.com\/wwwjucariero\" \/>\n<meta property=\"article:modified_time\" content=\"2023-02-20T05:47:45+00:00\" \/>\n<meta property=\"og:image\" content=\"https:\/\/business.roovi.com\/wp-content\/uploads\/2018\/04\/66909-RE-03-WEB.jpg\" \/>\n\t<meta property=\"og:image:width\" content=\"1200\" \/>\n\t<meta property=\"og:image:height\" content=\"1200\" \/>\n\t<meta property=\"og:image:type\" content=\"image\/jpeg\" \/>\n<meta name=\"twitter:label1\" content=\"Gesch\u00e4tzte Lesezeit\" \/>\n\t<meta name=\"twitter:data1\" content=\"3\u00a0Minuten\" \/>\n<script type=\"application\/ld+json\" class=\"yoast-schema-graph\">{\"@context\":\"https:\/\/schema.org\",\"@graph\":[{\"@type\":\"WebPage\",\"@id\":\"https:\/\/business.roovi.com\/de\/pierre-auguste-renoir-1000-teile-puzzle-fur-erwachsene-die-schaukel-leaganul\/p\/\",\"url\":\"https:\/\/business.roovi.com\/de\/pierre-auguste-renoir-1000-teile-puzzle-fur-erwachsene-die-schaukel-leaganul\/p\/\",\"name\":\"Pierre-Auguste Renoir 1000 Teile Puzzle f\u00fcr Erwachsene - Die Schaukel\/Leaganul\",\"isPartOf\":{\"@id\":\"https:\/\/business.roovi.com\/de\/#website\"},\"datePublished\":\"2018-04-16T10:56:17+00:00\",\"dateModified\":\"2023-02-20T05:47:45+00:00\",\"description\":\"Pierre-Auguste Renoir 1000 Teile Puzzle f\u00fcr Erwachsene - Die Schaukel\/Leaganul\",\"breadcrumb\":{\"@id\":\"https:\/\/business.roovi.com\/de\/pierre-auguste-renoir-1000-teile-puzzle-fur-erwachsene-die-schaukel-leaganul\/p\/#breadcrumb\"},\"inLanguage\":\"de\",\"potentialAction\":[{\"@type\":\"ReadAction\",\"target\":[\"https:\/\/business.roovi.com\/de\/pierre-auguste-renoir-1000-teile-puzzle-fur-erwachsene-die-schaukel-leaganul\/p\/\"]}]},{\"@type\":\"BreadcrumbList\",\"@id\":\"https:\/\/business.roovi.com\/de\/pierre-auguste-renoir-1000-teile-puzzle-fur-erwachsene-die-schaukel-leaganul\/p\/#breadcrumb\",\"itemListElement\":[{\"@type\":\"ListItem\",\"position\":1,\"name\":\"Home\",\"item\":\"https:\/\/business.roovi.com\/de\/\"},{\"@type\":\"ListItem\",\"position\":2,\"name\":\"Shop\",\"item\":\"https:\/\/business.roovi.com\/de\/shop\/\"},{\"@type\":\"ListItem\",\"position\":3,\"name\":\"Pierre-Auguste Renoir 1000 Teile Puzzle f\u00fcr Erwachsene &#8211; Die Schaukel\"}]},{\"@type\":\"WebSite\",\"@id\":\"https:\/\/business.roovi.com\/de\/#website\",\"url\":\"https:\/\/business.roovi.com\/de\/\",\"name\":\"Roovi B2B\",\"description\":\"Roovi Business Website\",\"potentialAction\":[{\"@type\":\"SearchAction\",\"target\":{\"@type\":\"EntryPoint\",\"urlTemplate\":\"https:\/\/business.roovi.com\/de\/?s={search_term_string}\"},\"query-input\":\"required name=search_term_string\"}],\"inLanguage\":\"de\"}]}<\/script>\n<!-- \/ Yoast SEO plugin. -->","yoast_head_json":{"title":"Pierre-Auguste Renoir 1000 Teile Puzzle f\u00fcr Erwachsene - Die Schaukel\/Leaganul","description":"Pierre-Auguste Renoir 1000 Teile Puzzle f\u00fcr Erwachsene - Die Schaukel\/Leaganul","robots":{"index":"index","follow":"follow","max-snippet":"max-snippet:-1","max-image-preview":"max-image-preview:large","max-video-preview":"max-video-preview:-1"},"canonical":"https:\/\/business.roovi.com\/de\/pierre-auguste-renoir-1000-teile-puzzle-fur-erwachsene-die-schaukel-leaganul\/p\/","og_locale":"de_DE","og_type":"article","og_title":"Pierre-Auguste Renoir 1000 Teile Puzzle f\u00fcr Erwachsene - Die Schaukel\/Leaganul","og_description":"Pierre-Auguste Renoir 1000 Teile Puzzle f\u00fcr Erwachsene - Die Schaukel\/Leaganul","og_url":"https:\/\/business.roovi.com\/de\/pierre-auguste-renoir-1000-teile-puzzle-fur-erwachsene-die-schaukel-leaganul\/p\/","og_site_name":"Roovi B2B","article_publisher":"https:\/\/www.facebook.com\/wwwjucariero","article_modified_time":"2023-02-20T05:47:45+00:00","og_image":[{"width":1200,"height":1200,"url":"https:\/\/business.roovi.com\/wp-content\/uploads\/2018\/04\/66909-RE-03-WEB.jpg","type":"image\/jpeg"}],"twitter_misc":{"Gesch\u00e4tzte Lesezeit":"3\u00a0Minuten"},"schema":{"@context":"https:\/\/schema.org","@graph":[{"@type":"WebPage","@id":"https:\/\/business.roovi.com\/de\/pierre-auguste-renoir-1000-teile-puzzle-fur-erwachsene-die-schaukel-leaganul\/p\/","url":"https:\/\/business.roovi.com\/de\/pierre-auguste-renoir-1000-teile-puzzle-fur-erwachsene-die-schaukel-leaganul\/p\/","name":"Pierre-Auguste Renoir 1000 Teile Puzzle f\u00fcr Erwachsene - Die Schaukel\/Leaganul","isPartOf":{"@id":"https:\/\/business.roovi.com\/de\/#website"},"datePublished":"2018-04-16T10:56:17+00:00","dateModified":"2023-02-20T05:47:45+00:00","description":"Pierre-Auguste Renoir 1000 Teile Puzzle f\u00fcr Erwachsene - Die Schaukel\/Leaganul","breadcrumb":{"@id":"https:\/\/business.roovi.com\/de\/pierre-auguste-renoir-1000-teile-puzzle-fur-erwachsene-die-schaukel-leaganul\/p\/#breadcrumb"},"inLanguage":"de","potentialAction":[{"@type":"ReadAction","target":["https:\/\/business.roovi.com\/de\/pierre-auguste-renoir-1000-teile-puzzle-fur-erwachsene-die-schaukel-leaganul\/p\/"]}]},{"@type":"BreadcrumbList","@id":"https:\/\/business.roovi.com\/de\/pierre-auguste-renoir-1000-teile-puzzle-fur-erwachsene-die-schaukel-leaganul\/p\/#breadcrumb","itemListElement":[{"@type":"ListItem","position":1,"name":"Home","item":"https:\/\/business.roovi.com\/de\/"},{"@type":"ListItem","position":2,"name":"Shop","item":"https:\/\/business.roovi.com\/de\/shop\/"},{"@type":"ListItem","position":3,"name":"Pierre-Auguste Renoir 1000 Teile Puzzle f\u00fcr Erwachsene &#8211; Die Schaukel"}]},{"@type":"WebSite","@id":"https:\/\/business.roovi.com\/de\/#website","url":"https:\/\/business.roovi.com\/de\/","name":"Roovi B2B","description":"Roovi Business Website","potentialAction":[{"@type":"SearchAction","target":{"@type":"EntryPoint","urlTemplate":"https:\/\/business.roovi.com\/de\/?s={search_term_string}"},"query-input":"required name=search_term_string"}],"inLanguage":"de"}]}},"_links":{"self":[{"href":"https:\/\/business.roovi.com\/de\/wp-json\/wp\/v2\/product\/41602","targetHints":{"allow":["GET"]}}],"collection":[{"href":"https:\/\/business.roovi.com\/de\/wp-json\/wp\/v2\/product"}],"about":[{"href":"https:\/\/business.roovi.com\/de\/wp-json\/wp\/v2\/types\/product"}],"version-history":[{"count":0,"href":"https:\/\/business.roovi.com\/de\/wp-json\/wp\/v2\/product\/41602\/revisions"}],"wp:featuredmedia":[{"embeddable":true,"href":"https:\/\/business.roovi.com\/de\/wp-json\/wp\/v2\/media\/62959"}],"wp:attachment":[{"href":"https:\/\/business.roovi.com\/de\/wp-json\/wp\/v2\/media?parent=41602"}],"wp:term":[{"taxonomy":"product_brand","embeddable":true,"href":"https:\/\/business.roovi.com\/de\/wp-json\/wp\/v2\/product_brand?post=41602"},{"taxonomy":"product_cat","embeddable":true,"href":"https:\/\/business.roovi.com\/de\/wp-json\/wp\/v2\/product_cat?post=41602"},{"taxonomy":"product_tag","embeddable":true,"href":"https:\/\/business.roovi.com\/de\/wp-json\/wp\/v2\/product_tag?post=41602"}],"curies":[{"name":"wp","href":"https:\/\/api.w.org\/{rel}","templated":true}]}}