{"id":41606,"date":"2018-04-16T10:56:17","date_gmt":"2018-04-16T10:56:17","guid":{"rendered":"https:\/\/business.roovi.com\/puzzle-adulti-1000-piese-pierre-auguste-renoir-dance-at-le-moulin-de-la-galette\/p\/"},"modified":"2022-07-06T17:34:22","modified_gmt":"2022-07-06T17:34:22","slug":"puzzle-fur-erwachsene-1000-teile-pierre-auguste-renoir-tanz-in-der-moulin-de-la-galette","status":"publish","type":"product","link":"https:\/\/business.roovi.com\/de\/puzzle-fur-erwachsene-1000-teile-pierre-auguste-renoir-tanz-in-der-moulin-de-la-galette\/p\/","title":{"rendered":"Puzzle f\u00fcr Erwachsene 1000 Teile Pierre-Auguste Renoir &#8211; Tanz in der Moulin de la Galette"},"content":{"rendered":"<p><span style=\"font-weight: 400\">Willkommen in der gr\u00f6\u00dften Kunstgalerie, die aus Kunstr\u00e4tseln von au\u00dfergew\u00f6hnlicher Qualit\u00e4t besteht! Wir stellen dir Monet, Rembrandt, Renoir und viele mehr vor! Setze ber\u00fchmte Kunstwerke zusammen und entdecke die Geheimnisse der ber\u00fchmtesten Gem\u00e4lde durch 1000-teilige Puzzles!<\/span><\/p>\n<p><span style=\"font-weight: 400\">Pierre-Auguste Renoir &#8211; Dance at Le Moulin de la Galette 1000 Piece Puzzle stellt das Gem\u00e4lde dar, das als das gr\u00f6\u00dfte Meisterwerk des franz\u00f6sischen K\u00fcnstlers gilt. Sowie andere reife Werke des Malers, <\/span><em><span style=\"font-weight: 400\">Tanzen in Le Moulin de la Galette <\/span><\/em><span style=\"font-weight: 400\">ist eine Momentaufnahme des wahren Lebens, gemalt in typisch impressionistischer Manier <\/span><\/p>\n<p><span style=\"font-weight: 400\">Wenn du eine atemberaubende Nachbildung von Renoirs ber\u00fchmtestem Gem\u00e4lde f\u00fcr dein Zuhause haben m\u00f6chtest, dann baue dieses wunderbare 1000-Teile-Puzzle jetzt zusammen! Du bekommst ein Gem\u00e4lde mit den Ma\u00dfen 50 x 70 cm. Du kannst das Bild auch auf einem normalen Couchtisch nachstellen.<\/span><\/p>\n<p><span style=\"font-weight: 400\">Weitere Merkmale des Pierre-Auguste Renoir &#8211; Dance at Le Moulin de la Galette Kunstpuzzles:<\/span><\/p>\n<p><strong>Puzzle-Material <\/strong><\/p>\n<p><strong>hochwertiger blauer Karton<\/strong><\/p>\n<p><strong>nachhaltige, recycelbare Materialien<\/strong><\/p>\n<p><strong>halbgl\u00e4nzende Oberfl\u00e4che, leuchtende Farben<\/strong><\/p>\n<p><strong>Anzahl der Puzzleteile: 1000<\/strong><\/p>\n<p><strong>Empfohlenes Alter: 14+<\/strong><\/p>\n<p><strong>Puzzlespiele trainieren dein Gehirn<\/strong><\/p>\n<p><span style=\"font-weight: 400\">Das Zusammensetzen von Puzzles mit 1000 Teilen macht nicht nur Spa\u00df und entspannt, es ist auch gut f\u00fcr deine Gesundheit. Zum einen h\u00e4lt es dein Gehirn gesund und beugt Krankheiten wie Alzheimer und Demenz vor. Diese aufregende T\u00e4tigkeit beansprucht beide Gehirnh\u00e4lften, sodass das Zusammensetzen von Puzzles zu einer Art Fitnessstudio f\u00fcr dein Gehirn wird.<\/span><\/p>\n<p><strong>Setze 1000 Teile zusammen und verbessere deine Stimmung<\/strong><\/p>\n<p><span style=\"font-weight: 400\">Es wurde festgestellt, dass das Gehirn beim Zusammensetzen von Puzzlespielen mehr Dopamin aussch\u00fcttet &#8211; ein Neurotransmitter, der daf\u00fcr verantwortlich ist, sich gut, optimistisch und gl\u00fccklich zu f\u00fchlen. Integriere Puzzlespiele in deine t\u00e4glichen Aktivit\u00e4ten, um deine Dopaminaussch\u00fcttung anzukurbeln. Du wirst feststellen, dass die Ergebnisse erstaunlich sind.<\/span><\/p>\n<p><strong>Ball in der Galette-M\u00fchle<\/strong> <strong>&#8211; eines der teuersten Gem\u00e4lde der Welt und andere weniger bekannte Fakten<\/strong><\/p>\n<p><span style=\"font-weight: 400\">Das Gem\u00e4lde ist Renoirs teuerstes Werk und das f\u00fcnftteuerste Gem\u00e4lde der Welt. Im Jahr 1990, <\/span><em><span style=\"font-weight: 400\">Ball in der Moulin de la Galette <\/span><\/em><span style=\"font-weight: 400\">bei einer Auktion in New York f\u00fcr <\/span><span style=\"font-weight: 400\">78 Millionen<\/span> <span style=\"font-weight: 400\">$.<\/span><\/p>\n<p><span style=\"font-weight: 400\">Der Begriff <em>Galette<\/em> bezeichnet eine Zusammenstellung von Kuchen. Nach Feierabend entspannten sich die Pariser Arbeiter in der Moulin de la Galette, wo sie tanzten, tranken und Kuchen a\u00dfen.<\/span><\/p>\n<p><span style=\"font-weight: 400\">Der K\u00fcnstler hat auch eine kleinere Version des Bildes gemalt, die sich jetzt in einer Privatsammlung in der Schweiz befinden soll.<\/span><\/p>\n<p><span style=\"font-weight: 400\">Obwohl man annimmt, dass es sich bei der Originalversion um die gr\u00f6\u00dfere Version handelt, die im Mus\u00e9e d&#8217;Orsay ausgestellt ist, ist diese Information nicht eindeutig. Au\u00dferdem ist nicht bekannt, welche der beiden Versionen zuerst auf der Impressionistenausstellung 1877 ausgestellt wurde, da die Ma\u00dfe des Gem\u00e4ldes nicht vermerkt wurden.<\/span><\/p>\n<p><span style=\"font-weight: 400\">Als dieses Meisterwerk 1877 zum ersten Mal ausgestellt wurde, schenkten ihm die Kritiker wenig Beachtung.<\/span><\/p>\n<p><strong>5 Vorteile, die du mit 1000 Kunstr\u00e4tseln genie\u00dfen kannst <\/strong><\/p>\n<p><span style=\"font-weight: 400\">1. Du bekommst bis zu 30 Stunden Spa\u00df und Entspannung.<\/span><\/p>\n<p><span style=\"font-weight: 400\">2. Du entdeckst im kleinsten Detail etablierte Kunstwerke.<\/span><\/p>\n<p><span style=\"font-weight: 400\">3. Du hast die einzigartige Chance, k\u00fcnstlerische Meisterwerke aus 1000-teiligen Puzzles zu rekonstruieren.<\/span><\/p>\n<p><span style=\"font-weight: 400\">4. Dekoriere dein Zuhause mit beeindruckenden Gem\u00e4lden mit Repliken der ber\u00fchmtesten Gem\u00e4lde.<\/span><\/p>\n<p><span style=\"font-weight: 400\">5. Verbessere deine F\u00e4higkeiten beim Zusammensetzen von Puzzles.<\/span><\/p>\n<p><span style=\"font-weight: 400\">Jetzt kannst auch du eine originalgetreue Nachbildung von Renoirs teuerstem Werk haben. Kaufe Pierre-Auguste Renoir &#8211; Dance at Le Moulin de la Galette 1000 Teile Puzzle und erschaffe dein eigenes Meisterwerk. Das 1000-teilige Puzzle-Gem\u00e4lde wird dich mit seiner Farbe und Raffinesse faszinieren und dein Zuhause versch\u00f6nern. Du kannst auch ein besonderes Geschenk f\u00fcr einen lieben Freund machen, indem du ihm dieses wunderbare Kunstpuzzle schenkst.<\/span><\/p><\/p>\n","protected":false},"excerpt":{"rendered":"<p>Willkommen in der gr\u00f6\u00dften Kunstgalerie, die aus Kunstr\u00e4tseln von au\u00dfergew\u00f6hnlicher Qualit\u00e4t besteht! Wir stellen dir Monet, Rembrandt, Renoir und viele<\/p>\n","protected":false},"featured_media":62936,"template":"","meta":[],"product_brand":[],"product_cat":[1916,1875,1915],"product_tag":[],"class_list":{"0":"post-41606","1":"product","2":"type-product","3":"status-publish","4":"has-post-thumbnail","6":"product_cat-1000-teile-puzzle","7":"product_cat-puzzle-de","8":"product_cat-puzzlespiele-fur-erwachsene","9":"pa_bax-10-de","10":"pa_brand-d_toys-de","11":"pa_country_of_manufacture-ro-de","12":"pa_filter_age-14-de","13":"pa_painter-pierreaugusterenoir-de","14":"pa_tip_ambalaj-kasten-a4-de","15":"pa_tip_puzzle-klassisch","17":"first","18":"instock","19":"taxable","20":"shipping-taxable","21":"product-type-simple"},"yoast_head":"<!-- This site is optimized with the Yoast SEO plugin v20.1 - https:\/\/yoast.com\/wordpress\/plugins\/seo\/ -->\n<title>Puzzle f\u00fcr Erwachsene 1000 Teile Pierre-Auguste Renoir - Tanz in der Moulin de la Galette<\/title>\n<meta name=\"description\" content=\"Puzzle f\u00fcr Erwachsene 1000 Teile Pierre-Auguste Renoir - Tanz in der Moulin de la Galette\" \/>\n<meta name=\"robots\" content=\"index, follow, max-snippet:-1, max-image-preview:large, max-video-preview:-1\" \/>\n<link rel=\"canonical\" href=\"https:\/\/business.roovi.com\/de\/puzzle-fur-erwachsene-1000-teile-pierre-auguste-renoir-tanz-in-der-moulin-de-la-galette\/p\/\" \/>\n<meta property=\"og:locale\" content=\"de_DE\" \/>\n<meta property=\"og:type\" content=\"article\" \/>\n<meta property=\"og:title\" content=\"Puzzle f\u00fcr Erwachsene 1000 Teile Pierre-Auguste Renoir - Tanz in der Moulin de la Galette\" \/>\n<meta property=\"og:description\" content=\"Puzzle f\u00fcr Erwachsene 1000 Teile Pierre-Auguste Renoir - Tanz in der Moulin de la Galette\" \/>\n<meta property=\"og:url\" content=\"https:\/\/business.roovi.com\/de\/puzzle-fur-erwachsene-1000-teile-pierre-auguste-renoir-tanz-in-der-moulin-de-la-galette\/p\/\" \/>\n<meta property=\"og:site_name\" content=\"Roovi B2B\" \/>\n<meta property=\"article:publisher\" content=\"https:\/\/www.facebook.com\/wwwjucariero\" \/>\n<meta property=\"article:modified_time\" content=\"2022-07-06T17:34:22+00:00\" \/>\n<meta property=\"og:image\" content=\"https:\/\/business.roovi.com\/wp-content\/uploads\/2018\/04\/66909-06_ansamblu_dimensiuni_cutie_cm_1200x1200.png\" \/>\n\t<meta property=\"og:image:width\" content=\"1200\" \/>\n\t<meta property=\"og:image:height\" content=\"1200\" \/>\n\t<meta property=\"og:image:type\" content=\"image\/png\" \/>\n<meta name=\"twitter:label1\" content=\"Gesch\u00e4tzte Lesezeit\" \/>\n\t<meta name=\"twitter:data1\" content=\"3\u00a0Minuten\" \/>\n<script type=\"application\/ld+json\" class=\"yoast-schema-graph\">{\"@context\":\"https:\/\/schema.org\",\"@graph\":[{\"@type\":\"WebPage\",\"@id\":\"https:\/\/business.roovi.com\/de\/puzzle-fur-erwachsene-1000-teile-pierre-auguste-renoir-tanz-in-der-moulin-de-la-galette\/p\/\",\"url\":\"https:\/\/business.roovi.com\/de\/puzzle-fur-erwachsene-1000-teile-pierre-auguste-renoir-tanz-in-der-moulin-de-la-galette\/p\/\",\"name\":\"Puzzle f\u00fcr Erwachsene 1000 Teile Pierre-Auguste Renoir - Tanz in der Moulin de la Galette\",\"isPartOf\":{\"@id\":\"https:\/\/business.roovi.com\/de\/#website\"},\"datePublished\":\"2018-04-16T10:56:17+00:00\",\"dateModified\":\"2022-07-06T17:34:22+00:00\",\"description\":\"Puzzle f\u00fcr Erwachsene 1000 Teile Pierre-Auguste Renoir - Tanz in der Moulin de la Galette\",\"breadcrumb\":{\"@id\":\"https:\/\/business.roovi.com\/de\/puzzle-fur-erwachsene-1000-teile-pierre-auguste-renoir-tanz-in-der-moulin-de-la-galette\/p\/#breadcrumb\"},\"inLanguage\":\"de\",\"potentialAction\":[{\"@type\":\"ReadAction\",\"target\":[\"https:\/\/business.roovi.com\/de\/puzzle-fur-erwachsene-1000-teile-pierre-auguste-renoir-tanz-in-der-moulin-de-la-galette\/p\/\"]}]},{\"@type\":\"BreadcrumbList\",\"@id\":\"https:\/\/business.roovi.com\/de\/puzzle-fur-erwachsene-1000-teile-pierre-auguste-renoir-tanz-in-der-moulin-de-la-galette\/p\/#breadcrumb\",\"itemListElement\":[{\"@type\":\"ListItem\",\"position\":1,\"name\":\"Home\",\"item\":\"https:\/\/business.roovi.com\/de\/\"},{\"@type\":\"ListItem\",\"position\":2,\"name\":\"Shop\",\"item\":\"https:\/\/business.roovi.com\/de\/shop\/\"},{\"@type\":\"ListItem\",\"position\":3,\"name\":\"Puzzle f\u00fcr Erwachsene 1000 Teile Pierre-Auguste Renoir &#8211; Tanz in der Moulin de la Galette\"}]},{\"@type\":\"WebSite\",\"@id\":\"https:\/\/business.roovi.com\/de\/#website\",\"url\":\"https:\/\/business.roovi.com\/de\/\",\"name\":\"Roovi B2B\",\"description\":\"Roovi Business Website\",\"potentialAction\":[{\"@type\":\"SearchAction\",\"target\":{\"@type\":\"EntryPoint\",\"urlTemplate\":\"https:\/\/business.roovi.com\/de\/?s={search_term_string}\"},\"query-input\":\"required name=search_term_string\"}],\"inLanguage\":\"de\"}]}<\/script>\n<!-- \/ Yoast SEO plugin. -->","yoast_head_json":{"title":"Puzzle f\u00fcr Erwachsene 1000 Teile Pierre-Auguste Renoir - Tanz in der Moulin de la Galette","description":"Puzzle f\u00fcr Erwachsene 1000 Teile Pierre-Auguste Renoir - Tanz in der Moulin de la Galette","robots":{"index":"index","follow":"follow","max-snippet":"max-snippet:-1","max-image-preview":"max-image-preview:large","max-video-preview":"max-video-preview:-1"},"canonical":"https:\/\/business.roovi.com\/de\/puzzle-fur-erwachsene-1000-teile-pierre-auguste-renoir-tanz-in-der-moulin-de-la-galette\/p\/","og_locale":"de_DE","og_type":"article","og_title":"Puzzle f\u00fcr Erwachsene 1000 Teile Pierre-Auguste Renoir - Tanz in der Moulin de la Galette","og_description":"Puzzle f\u00fcr Erwachsene 1000 Teile Pierre-Auguste Renoir - Tanz in der Moulin de la Galette","og_url":"https:\/\/business.roovi.com\/de\/puzzle-fur-erwachsene-1000-teile-pierre-auguste-renoir-tanz-in-der-moulin-de-la-galette\/p\/","og_site_name":"Roovi B2B","article_publisher":"https:\/\/www.facebook.com\/wwwjucariero","article_modified_time":"2022-07-06T17:34:22+00:00","og_image":[{"width":1200,"height":1200,"url":"https:\/\/business.roovi.com\/wp-content\/uploads\/2018\/04\/66909-06_ansamblu_dimensiuni_cutie_cm_1200x1200.png","type":"image\/png"}],"twitter_misc":{"Gesch\u00e4tzte Lesezeit":"3\u00a0Minuten"},"schema":{"@context":"https:\/\/schema.org","@graph":[{"@type":"WebPage","@id":"https:\/\/business.roovi.com\/de\/puzzle-fur-erwachsene-1000-teile-pierre-auguste-renoir-tanz-in-der-moulin-de-la-galette\/p\/","url":"https:\/\/business.roovi.com\/de\/puzzle-fur-erwachsene-1000-teile-pierre-auguste-renoir-tanz-in-der-moulin-de-la-galette\/p\/","name":"Puzzle f\u00fcr Erwachsene 1000 Teile Pierre-Auguste Renoir - Tanz in der Moulin de la Galette","isPartOf":{"@id":"https:\/\/business.roovi.com\/de\/#website"},"datePublished":"2018-04-16T10:56:17+00:00","dateModified":"2022-07-06T17:34:22+00:00","description":"Puzzle f\u00fcr Erwachsene 1000 Teile Pierre-Auguste Renoir - Tanz in der Moulin de la Galette","breadcrumb":{"@id":"https:\/\/business.roovi.com\/de\/puzzle-fur-erwachsene-1000-teile-pierre-auguste-renoir-tanz-in-der-moulin-de-la-galette\/p\/#breadcrumb"},"inLanguage":"de","potentialAction":[{"@type":"ReadAction","target":["https:\/\/business.roovi.com\/de\/puzzle-fur-erwachsene-1000-teile-pierre-auguste-renoir-tanz-in-der-moulin-de-la-galette\/p\/"]}]},{"@type":"BreadcrumbList","@id":"https:\/\/business.roovi.com\/de\/puzzle-fur-erwachsene-1000-teile-pierre-auguste-renoir-tanz-in-der-moulin-de-la-galette\/p\/#breadcrumb","itemListElement":[{"@type":"ListItem","position":1,"name":"Home","item":"https:\/\/business.roovi.com\/de\/"},{"@type":"ListItem","position":2,"name":"Shop","item":"https:\/\/business.roovi.com\/de\/shop\/"},{"@type":"ListItem","position":3,"name":"Puzzle f\u00fcr Erwachsene 1000 Teile Pierre-Auguste Renoir &#8211; Tanz in der Moulin de la Galette"}]},{"@type":"WebSite","@id":"https:\/\/business.roovi.com\/de\/#website","url":"https:\/\/business.roovi.com\/de\/","name":"Roovi B2B","description":"Roovi Business Website","potentialAction":[{"@type":"SearchAction","target":{"@type":"EntryPoint","urlTemplate":"https:\/\/business.roovi.com\/de\/?s={search_term_string}"},"query-input":"required name=search_term_string"}],"inLanguage":"de"}]}},"_links":{"self":[{"href":"https:\/\/business.roovi.com\/de\/wp-json\/wp\/v2\/product\/41606","targetHints":{"allow":["GET"]}}],"collection":[{"href":"https:\/\/business.roovi.com\/de\/wp-json\/wp\/v2\/product"}],"about":[{"href":"https:\/\/business.roovi.com\/de\/wp-json\/wp\/v2\/types\/product"}],"version-history":[{"count":0,"href":"https:\/\/business.roovi.com\/de\/wp-json\/wp\/v2\/product\/41606\/revisions"}],"wp:featuredmedia":[{"embeddable":true,"href":"https:\/\/business.roovi.com\/de\/wp-json\/wp\/v2\/media\/62936"}],"wp:attachment":[{"href":"https:\/\/business.roovi.com\/de\/wp-json\/wp\/v2\/media?parent=41606"}],"wp:term":[{"taxonomy":"product_brand","embeddable":true,"href":"https:\/\/business.roovi.com\/de\/wp-json\/wp\/v2\/product_brand?post=41606"},{"taxonomy":"product_cat","embeddable":true,"href":"https:\/\/business.roovi.com\/de\/wp-json\/wp\/v2\/product_cat?post=41606"},{"taxonomy":"product_tag","embeddable":true,"href":"https:\/\/business.roovi.com\/de\/wp-json\/wp\/v2\/product_tag?post=41606"}],"curies":[{"name":"wp","href":"https:\/\/api.w.org\/{rel}","templated":true}]}}