{"id":41618,"date":"2018-04-16T10:56:17","date_gmt":"2018-04-16T10:56:17","guid":{"rendered":"https:\/\/business.roovi.com\/puzzle-adulti-alphonse-mucha-moet-chandon-imperial-and-white-star-1000-piese\/p\/"},"modified":"2022-07-06T17:34:44","modified_gmt":"2022-07-06T17:34:44","slug":"alphonse-mucha-puzzle-fur-erwachsene-moet-chandon-imperial-und-white-star-1000-teile","status":"publish","type":"product","link":"https:\/\/business.roovi.com\/de\/alphonse-mucha-puzzle-fur-erwachsene-moet-chandon-imperial-und-white-star-1000-teile\/p\/","title":{"rendered":"Alphonse Mucha Puzzle f\u00fcr Erwachsene &#8211; Mo\u00ebt &amp; Chandon &#8211; Imperial und White Star &#8211; 1000 Teile"},"content":{"rendered":"<p><span style=\"font-weight: 400\">Trainiere deine ganze Familie in dieser entspannenden Aktivit\u00e4t und genie\u00dfe die gemeinsame Zeit, indem du echte Gem\u00e4lde aus 1000 Puzzleteilen zusammensetzt <\/span><\/p>\n<p><span style=\"font-weight: 400\">Beginne deine Sammlung mit dem Alphonse Mucha Mo\u00ebt &amp; Chandon &#8211; Imperial and White Star 1000 Teile Puzzle, einem sinnlichen pastellfarbenen Gem\u00e4lde. Die Bilder in diesem 1000-Teile-Puzzle stammen von Postern <\/span><span style=\"font-weight: 400\"> entworfen von Alphonse Mucha f\u00fcr den Champagnerhersteller Mo\u00ebt et Chandon. Die Bilder zeigen zwei junge Frauen in dampfenden Kost\u00fcmen im neoklassischen Stil, die von \u00fcppigen Blumen umgeben sind, die einen Heiligenschein hinter ihnen bilden. Das 1000-teilige Puzzle aus der Art Puzzle Collection besteht aus hochwertigem blauen Karton, der 2 mm dick ist und dadurch eine lange Lebensdauer hat. Die Formen der Teile passen dank des Pr\u00e4zisionsschnitts perfekt zusammen.<\/span><\/p>\n<p><span style=\"font-weight: 400\">Lies hier mehr \u00fcber die Eigenschaften des 1000 Teile Puzzles <\/span><span style=\"font-weight: 400\">Alphonse Mucha Mo\u00ebt &amp; Chandon &#8211; Imperial und White Star:<\/span><\/p>\n<p><strong>Ma\u00dfe des rekonstruierten Bildes: 50&#215;70 cm. F\u00fcr die Montage kannst du einen normalen Couchtisch verwenden.<\/strong><\/p>\n<p><strong>Puzzle-Material <\/strong><\/p>\n<p><strong>hochwertiger blauer Karton<\/strong><\/p>\n<p><strong>nachhaltige, recycelbare Materialien<\/strong><\/p>\n<p><strong>halbgl\u00e4nzende Oberfl\u00e4che, leuchtende Farben<\/strong><\/p>\n<p><strong>Anzahl der Puzzleteile: 1000<\/strong><\/p>\n<p><strong>Empfohlenes Alter: 14+<\/strong><\/p>\n<p><strong>1000 Teile Puzzles sind eine st\u00e4ndige geistige Herausforderung<\/strong><\/p>\n<p><span style=\"font-weight: 400\">Puzzles f\u00fcr Erwachsene fordern deinen Geist Tag f\u00fcr Tag heraus und helfen dir gleichzeitig zu entspannen. Wenn du dich auf ein 1000-Teile-Puzzle konzentrierst, geht dein Gehirn in einen &#8222;Alpha&#8220;-Zustand \u00fcber, einen Zustand der Entspannung, \u00e4hnlich wie beim Tr\u00e4umen.<\/span><\/p>\n<p><strong>4 weitere wichtige Vorteile, die dir das Zusammensetzen von 1000-teiligen Puzzles bietet:<\/strong><\/p>\n<ol>\n<li><span style=\"font-weight: 400\">Dieser Bewusstseinswandel bringt viele Vorteile mit sich, unter anderem:<\/span><\/li>\n<li><span style=\"font-weight: 400\">Es erleichtert dir die F\u00e4higkeit, tiefere Verbindungen zu kn\u00fcpfen.<\/span><\/li>\n<li><span style=\"font-weight: 400\">Es hilft dir, mehr Vertrauen in dich selbst zu haben.<\/span><\/li>\n<li><span style=\"font-weight: 400\">Befreit dich von Stress.<\/span><\/li>\n<\/ol>\n<p><strong>Alphonse Mucha &#8211; ein erfolgreicher Vermarkter<\/strong><\/p>\n<p><span style=\"font-weight: 400\">Es ist auch heute noch erstaunlich, wie genial Alphonse Mucha diese Champagner-Poster gestaltet hat. Seine Werke sind voller Symbole, die f\u00fcr potenzielle Kunden sehr ansprechend sind. Hier sind ein paar von ihnen:<\/span><\/p>\n<p><span style=\"font-weight: 400\">die K\u00f6rper der M\u00e4dchen sind kurvig, wellenf\u00f6rmig und leicht lasziv gezeichnet, um im Kopf des Betrachters die Assoziation mit der Form der Champagnerflasche zu wecken.<\/span><\/p>\n<p><span style=\"font-weight: 400\">die Pastellfarben symbolisieren den Champagner, den das Plakat darstellt.<\/span><\/p>\n<p><span style=\"font-weight: 400\">das Kleid des M\u00e4dchens in White Star erinnert an die Art und Weise, wie Champagnerflaschen beim \u00d6ffnen in einem Handtuch gehalten werden.<\/span><\/p>\n<p><span style=\"font-weight: 400\">Sie sagen, <\/span><span style=\"font-weight: 400\">um den White Star Champagner zu illustrieren, w\u00e4hlte der K\u00fcnstler als Modell eine der Prostituierten im Paris des 19.<\/span><\/p>\n<p><strong>Puzzlespiele sind sowohl eine individuelle Aktivit\u00e4t als auch ein gro\u00dfer Spa\u00df f\u00fcr die Familie oder Freunde. Egal, ob du dich f\u00fcr ein 1000-teiliges Kunstpuzzle f\u00fcr Erwachsene, ein Puzzle oder ein 3D-Puzzle entscheidest, eines haben sie alle gemeinsam: Sie stimulieren dein Gehirn.<\/strong><\/p>\n<p><span style=\"font-weight: 400\">Wenn du dich entschlossen hast, die Herausforderung anzunehmen, dein eigenes erstaunliches Kunstwerk zu erschaffen, puzzle<\/span> <span style=\"font-weight: 400\">1000 St\u00fcck Alphonse Mucha Mo\u00ebt &amp; Chandon &#8211; Imperial und White Star ist genau das, was du brauchst, um deinen Traum wahr werden zu lassen. Kaufe jetzt dieses 1000-teilige Puzzle aus der Kunstpuzzle-Kollektion oder verschenke es an einen guten Freund.<\/span><\/p><\/p>\n","protected":false},"excerpt":{"rendered":"<p>Trainiere deine ganze Familie in dieser entspannenden Aktivit\u00e4t und genie\u00dfe die gemeinsame Zeit, indem du echte Gem\u00e4lde aus 1000 Puzzleteilen<\/p>\n","protected":false},"featured_media":63049,"template":"","meta":[],"product_brand":[],"product_cat":[1916,1875,1915],"product_tag":[],"class_list":{"0":"post-41618","1":"product","2":"type-product","3":"status-publish","4":"has-post-thumbnail","6":"product_cat-1000-teile-puzzle","7":"product_cat-puzzle-de","8":"product_cat-puzzlespiele-fur-erwachsene","9":"pa_bax-10-de","10":"pa_brand-d_toys-de","11":"pa_country_of_manufacture-ro-de","12":"pa_filter_age-14-de","13":"pa_painter-alphonsemucha-de","14":"pa_tip_ambalaj-kasten-a4-de","15":"pa_tip_puzzle-klassisch","17":"first","18":"instock","19":"taxable","20":"shipping-taxable","21":"product-type-simple"},"yoast_head":"<!-- This site is optimized with the Yoast SEO plugin v20.1 - https:\/\/yoast.com\/wordpress\/plugins\/seo\/ -->\n<title>Alphonse Mucha Puzzle f\u00fcr Erwachsene - Mo\u00ebt &amp; Chandon - Imperial und White Star - 1000 Teile<\/title>\n<meta name=\"description\" content=\"Alphonse Mucha Puzzle f\u00fcr Erwachsene - Mo\u00ebt &amp; Chandon - Imperial und White Star - 1000 Teile\" \/>\n<meta name=\"robots\" content=\"index, follow, max-snippet:-1, max-image-preview:large, max-video-preview:-1\" \/>\n<link rel=\"canonical\" href=\"https:\/\/business.roovi.com\/de\/alphonse-mucha-puzzle-fur-erwachsene-moet-chandon-imperial-und-white-star-1000-teile\/p\/\" \/>\n<meta property=\"og:locale\" content=\"de_DE\" \/>\n<meta property=\"og:type\" content=\"article\" \/>\n<meta property=\"og:title\" content=\"Alphonse Mucha Puzzle f\u00fcr Erwachsene - Mo\u00ebt &amp; Chandon - Imperial und White Star - 1000 Teile\" \/>\n<meta property=\"og:description\" content=\"Alphonse Mucha Puzzle f\u00fcr Erwachsene - Mo\u00ebt &amp; Chandon - Imperial und White Star - 1000 Teile\" \/>\n<meta property=\"og:url\" content=\"https:\/\/business.roovi.com\/de\/alphonse-mucha-puzzle-fur-erwachsene-moet-chandon-imperial-und-white-star-1000-teile\/p\/\" \/>\n<meta property=\"og:site_name\" content=\"Roovi B2B\" \/>\n<meta property=\"article:publisher\" content=\"https:\/\/www.facebook.com\/wwwjucariero\" \/>\n<meta property=\"article:modified_time\" content=\"2022-07-06T17:34:44+00:00\" \/>\n<meta property=\"og:image\" content=\"https:\/\/business.roovi.com\/wp-content\/uploads\/2018\/04\/66930-05_ansamblu_dimensiuni_cutie_cm.png\" \/>\n\t<meta property=\"og:image:width\" content=\"1200\" \/>\n\t<meta property=\"og:image:height\" content=\"1200\" \/>\n\t<meta property=\"og:image:type\" content=\"image\/png\" \/>\n<meta name=\"twitter:label1\" content=\"Gesch\u00e4tzte Lesezeit\" \/>\n\t<meta name=\"twitter:data1\" content=\"2\u00a0Minuten\" \/>\n<script type=\"application\/ld+json\" class=\"yoast-schema-graph\">{\"@context\":\"https:\/\/schema.org\",\"@graph\":[{\"@type\":\"WebPage\",\"@id\":\"https:\/\/business.roovi.com\/de\/alphonse-mucha-puzzle-fur-erwachsene-moet-chandon-imperial-und-white-star-1000-teile\/p\/\",\"url\":\"https:\/\/business.roovi.com\/de\/alphonse-mucha-puzzle-fur-erwachsene-moet-chandon-imperial-und-white-star-1000-teile\/p\/\",\"name\":\"Alphonse Mucha Puzzle f\u00fcr Erwachsene - Mo\u00ebt &amp; Chandon - Imperial und White Star - 1000 Teile\",\"isPartOf\":{\"@id\":\"https:\/\/business.roovi.com\/de\/#website\"},\"datePublished\":\"2018-04-16T10:56:17+00:00\",\"dateModified\":\"2022-07-06T17:34:44+00:00\",\"description\":\"Alphonse Mucha Puzzle f\u00fcr Erwachsene - Mo\u00ebt &amp; Chandon - Imperial und White Star - 1000 Teile\",\"breadcrumb\":{\"@id\":\"https:\/\/business.roovi.com\/de\/alphonse-mucha-puzzle-fur-erwachsene-moet-chandon-imperial-und-white-star-1000-teile\/p\/#breadcrumb\"},\"inLanguage\":\"de\",\"potentialAction\":[{\"@type\":\"ReadAction\",\"target\":[\"https:\/\/business.roovi.com\/de\/alphonse-mucha-puzzle-fur-erwachsene-moet-chandon-imperial-und-white-star-1000-teile\/p\/\"]}]},{\"@type\":\"BreadcrumbList\",\"@id\":\"https:\/\/business.roovi.com\/de\/alphonse-mucha-puzzle-fur-erwachsene-moet-chandon-imperial-und-white-star-1000-teile\/p\/#breadcrumb\",\"itemListElement\":[{\"@type\":\"ListItem\",\"position\":1,\"name\":\"Home\",\"item\":\"https:\/\/business.roovi.com\/de\/\"},{\"@type\":\"ListItem\",\"position\":2,\"name\":\"Shop\",\"item\":\"https:\/\/business.roovi.com\/de\/shop\/\"},{\"@type\":\"ListItem\",\"position\":3,\"name\":\"Alphonse Mucha Puzzle f\u00fcr Erwachsene &#8211; Mo\u00ebt &amp; Chandon &#8211; Imperial und White Star &#8211; 1000 Teile\"}]},{\"@type\":\"WebSite\",\"@id\":\"https:\/\/business.roovi.com\/de\/#website\",\"url\":\"https:\/\/business.roovi.com\/de\/\",\"name\":\"Roovi B2B\",\"description\":\"Roovi Business Website\",\"potentialAction\":[{\"@type\":\"SearchAction\",\"target\":{\"@type\":\"EntryPoint\",\"urlTemplate\":\"https:\/\/business.roovi.com\/de\/?s={search_term_string}\"},\"query-input\":\"required name=search_term_string\"}],\"inLanguage\":\"de\"}]}<\/script>\n<!-- \/ Yoast SEO plugin. -->","yoast_head_json":{"title":"Alphonse Mucha Puzzle f\u00fcr Erwachsene - Mo\u00ebt &amp; Chandon - Imperial und White Star - 1000 Teile","description":"Alphonse Mucha Puzzle f\u00fcr Erwachsene - Mo\u00ebt &amp; Chandon - Imperial und White Star - 1000 Teile","robots":{"index":"index","follow":"follow","max-snippet":"max-snippet:-1","max-image-preview":"max-image-preview:large","max-video-preview":"max-video-preview:-1"},"canonical":"https:\/\/business.roovi.com\/de\/alphonse-mucha-puzzle-fur-erwachsene-moet-chandon-imperial-und-white-star-1000-teile\/p\/","og_locale":"de_DE","og_type":"article","og_title":"Alphonse Mucha Puzzle f\u00fcr Erwachsene - Mo\u00ebt &amp; Chandon - Imperial und White Star - 1000 Teile","og_description":"Alphonse Mucha Puzzle f\u00fcr Erwachsene - Mo\u00ebt &amp; Chandon - Imperial und White Star - 1000 Teile","og_url":"https:\/\/business.roovi.com\/de\/alphonse-mucha-puzzle-fur-erwachsene-moet-chandon-imperial-und-white-star-1000-teile\/p\/","og_site_name":"Roovi B2B","article_publisher":"https:\/\/www.facebook.com\/wwwjucariero","article_modified_time":"2022-07-06T17:34:44+00:00","og_image":[{"width":1200,"height":1200,"url":"https:\/\/business.roovi.com\/wp-content\/uploads\/2018\/04\/66930-05_ansamblu_dimensiuni_cutie_cm.png","type":"image\/png"}],"twitter_misc":{"Gesch\u00e4tzte Lesezeit":"2\u00a0Minuten"},"schema":{"@context":"https:\/\/schema.org","@graph":[{"@type":"WebPage","@id":"https:\/\/business.roovi.com\/de\/alphonse-mucha-puzzle-fur-erwachsene-moet-chandon-imperial-und-white-star-1000-teile\/p\/","url":"https:\/\/business.roovi.com\/de\/alphonse-mucha-puzzle-fur-erwachsene-moet-chandon-imperial-und-white-star-1000-teile\/p\/","name":"Alphonse Mucha Puzzle f\u00fcr Erwachsene - Mo\u00ebt &amp; Chandon - Imperial und White Star - 1000 Teile","isPartOf":{"@id":"https:\/\/business.roovi.com\/de\/#website"},"datePublished":"2018-04-16T10:56:17+00:00","dateModified":"2022-07-06T17:34:44+00:00","description":"Alphonse Mucha Puzzle f\u00fcr Erwachsene - Mo\u00ebt &amp; Chandon - Imperial und White Star - 1000 Teile","breadcrumb":{"@id":"https:\/\/business.roovi.com\/de\/alphonse-mucha-puzzle-fur-erwachsene-moet-chandon-imperial-und-white-star-1000-teile\/p\/#breadcrumb"},"inLanguage":"de","potentialAction":[{"@type":"ReadAction","target":["https:\/\/business.roovi.com\/de\/alphonse-mucha-puzzle-fur-erwachsene-moet-chandon-imperial-und-white-star-1000-teile\/p\/"]}]},{"@type":"BreadcrumbList","@id":"https:\/\/business.roovi.com\/de\/alphonse-mucha-puzzle-fur-erwachsene-moet-chandon-imperial-und-white-star-1000-teile\/p\/#breadcrumb","itemListElement":[{"@type":"ListItem","position":1,"name":"Home","item":"https:\/\/business.roovi.com\/de\/"},{"@type":"ListItem","position":2,"name":"Shop","item":"https:\/\/business.roovi.com\/de\/shop\/"},{"@type":"ListItem","position":3,"name":"Alphonse Mucha Puzzle f\u00fcr Erwachsene &#8211; Mo\u00ebt &amp; Chandon &#8211; Imperial und White Star &#8211; 1000 Teile"}]},{"@type":"WebSite","@id":"https:\/\/business.roovi.com\/de\/#website","url":"https:\/\/business.roovi.com\/de\/","name":"Roovi B2B","description":"Roovi Business Website","potentialAction":[{"@type":"SearchAction","target":{"@type":"EntryPoint","urlTemplate":"https:\/\/business.roovi.com\/de\/?s={search_term_string}"},"query-input":"required name=search_term_string"}],"inLanguage":"de"}]}},"_links":{"self":[{"href":"https:\/\/business.roovi.com\/de\/wp-json\/wp\/v2\/product\/41618","targetHints":{"allow":["GET"]}}],"collection":[{"href":"https:\/\/business.roovi.com\/de\/wp-json\/wp\/v2\/product"}],"about":[{"href":"https:\/\/business.roovi.com\/de\/wp-json\/wp\/v2\/types\/product"}],"version-history":[{"count":0,"href":"https:\/\/business.roovi.com\/de\/wp-json\/wp\/v2\/product\/41618\/revisions"}],"wp:featuredmedia":[{"embeddable":true,"href":"https:\/\/business.roovi.com\/de\/wp-json\/wp\/v2\/media\/63049"}],"wp:attachment":[{"href":"https:\/\/business.roovi.com\/de\/wp-json\/wp\/v2\/media?parent=41618"}],"wp:term":[{"taxonomy":"product_brand","embeddable":true,"href":"https:\/\/business.roovi.com\/de\/wp-json\/wp\/v2\/product_brand?post=41618"},{"taxonomy":"product_cat","embeddable":true,"href":"https:\/\/business.roovi.com\/de\/wp-json\/wp\/v2\/product_cat?post=41618"},{"taxonomy":"product_tag","embeddable":true,"href":"https:\/\/business.roovi.com\/de\/wp-json\/wp\/v2\/product_tag?post=41618"}],"curies":[{"name":"wp","href":"https:\/\/api.w.org\/{rel}","templated":true}]}}