{"id":41622,"date":"2018-04-16T10:56:17","date_gmt":"2018-04-16T10:56:17","guid":{"rendered":"https:\/\/business.roovi.com\/puzzle-adulti-alphonse-mucha-fruit-and-flowerfructe-si-flori-1000-piese\/p\/"},"modified":"2023-02-20T07:12:48","modified_gmt":"2023-02-20T07:12:48","slug":"alphonse-mucha-1000-teile-puzzle-fur-erwachsene-fruchte-und-blumen-frute-si-flori","status":"publish","type":"product","link":"https:\/\/business.roovi.com\/de\/alphonse-mucha-1000-teile-puzzle-fur-erwachsene-fruchte-und-blumen-frute-si-flori\/p\/","title":{"rendered":"Alphonse Mucha 1000 Teile Puzzle f\u00fcr Erwachsene &#8211; Fr\u00fcchte und Blumen"},"content":{"rendered":"<p><span style=\"font-weight: 400;\">Unsere Sammlung umfasst 1000-teilige Puzzles, die die sch\u00f6nsten k\u00fcnstlerischen Gem\u00e4lde aller Zeiten darstellen. W\u00e4hle jetzt aus unserem gro\u00dfen Angebot an qualitativ hochwertigen Puzzles f\u00fcr Erwachsene und tauche ein in die magische Welt der Malerei.<\/span><\/p>\n<p><span style=\"font-weight: 400;\">Das Alphonse Mucha &#8211; Fruit and Flower Puzzle f\u00fcr Erwachsene stellt die farbenfrohen und harmonischen Lithografien des ber\u00fchmten K\u00fcnstlers dar. Von <\/span><strong>Obst<\/strong><span style=\"font-weight: 400;\"> schaut dich trotzig und selbstbewusst an, eine charmante Frau mit zerzausten, bunten Haaren, die eine F\u00fclle von Fr\u00fcchten in der Hand h\u00e4lt. Von <\/span><strong>Blumen<\/strong><span style=\"font-weight: 400;\"> folgt dir durch den melancholischen Blick der Frau und die Unmenge an Blumen auf dem Gem\u00e4lde: in ihrem Haar, ihren Armen und um sie herum. Baue diesen Reichtum an Fr\u00fcchten, Blumen und Sch\u00f6nheit aus dem 1000-teiligen Puzzle wieder auf und erfreue deine Augen an einem au\u00dfergew\u00f6hnlichen Gem\u00e4lde <\/span><\/p>\n<p><span style=\"font-weight: 400;\">Merkmale des 1000-teiligen Puzzles von Alphonse Mucha &#8211; Fruit and Flower:<\/span><\/p>\n<p><strong>Gr\u00f6\u00dfe des rekonstruierten Bildes: 50 x 70 cm<\/strong><span style=\"font-weight: 400;\"> &#8211; um das Bild in diesem Puzzle f\u00fcr Erwachsene zu erstellen, brauchst du einen normalen Couchtisch.<\/span><\/p>\n<p><strong>Puzzle-Material <\/strong><\/p>\n<p><strong>hochwertiger blauer Karton<\/strong><\/p>\n<p><strong>nachhaltige, recycelbare Materialien<\/strong><\/p>\n<p><strong>halbgl\u00e4nzende Oberfl\u00e4che, leuchtende Farben<\/strong><\/p>\n<p><strong>Anzahl der Puzzleteile: 1000<\/strong><\/p>\n<p><strong>Empfohlenes Alter: 14+<\/strong><\/p>\n<p><strong>1000 Teile Puzzles laden deine Batterien mit viel Energie auf!<\/strong><\/p>\n<p><span style=\"font-weight: 400;\">Wenn du dich ersch\u00f6pft f\u00fchlst, nimm ein 1000-Teile-Puzzle und konzentriere dich darauf. Das L\u00f6sen einer anderen mentalen Aufgabe als der, die deine t\u00e4glichen Aktivit\u00e4ten erfordern, hilft dir, deine Energie zu reaktivieren. Ein Kunstpuzzle ist eine gute Wahl, denn am Ende kannst du dich entspannen, w\u00e4hrend du minutenlang ein harmonisches Kunstbild betrachtest.<\/span><\/p>\n<p><strong>5 weitere Vorteile beim Zusammensetzen von Puzzles f\u00fcr Erwachsene<\/strong><\/p>\n<ol>\n<li><span style=\"font-weight: 400;\">Stimuliert dein Gehirn und hilft dir, erfinderisch zu sein<\/span><\/li>\n<li><span style=\"font-weight: 400;\">Hilft dir, schnell zu denken<\/span><\/li>\n<li><span style=\"font-weight: 400;\">Verbessert dein Ged\u00e4chtnis<\/span><\/li>\n<li><span style=\"font-weight: 400;\">Hilft dir zu entspannen <\/span><\/li>\n<li><span style=\"font-weight: 400;\">Das gibt dir eine wunderbare Erfahrung von Wissen und Konzentration.<\/span><\/li>\n<\/ol>\n<p><strong>Entdecke die erstaunliche Symbolik in den Werken von Alphonse Mucha durch das 1000-Teile-Puzzle<\/strong><\/p>\n<p><span style=\"font-weight: 400;\">Die Botschaft der Werke kann alles M\u00f6gliche sein, von Reichtum \u00fcber Sch\u00f6nheit bis hin zu Gesundheit. Mit Obst will dich der K\u00fcnstler vielleicht daran erinnern, jeden Tag Obst zu essen. Durch Flowers will er dir vielleicht sagen, dass du sch\u00f6n leben sollst. Setze dieses wunderbare 1000-Teile-Puzzle zusammen und entdecke weitere interessante Symbole. Sei ein K\u00fcnstler und ein Kunstkritiker gleicherma\u00dfen! Mit diesem Kunstpuzzle sind der Fantasie keine Grenzen gesetzt!<\/span><\/p>\n<p><span style=\"font-weight: 400;\">Obwohl die Werke <\/span><strong>Obst <\/strong><span style=\"font-weight: 400;\">und<\/span><strong> Blumen <\/strong><span style=\"font-weight: 400;\">nicht die repr\u00e4sentativsten Werke des K\u00fcnstlers sind, sind beide von gro\u00dfer k\u00fcnstlerischer Bedeutung. Der K\u00fcnstler verwendete in seinen Kompositionen manchmal Symbolik, die auch hier zu finden ist. Seine F\u00e4higkeit, kraftvolle Symbole darzustellen, wurde damals bemerkt und brachte ihm Auftr\u00e4ge f\u00fcr eine Reihe von Werbeplakaten ein, in denen bestimmte Produkte in einen erstrebenswerten Lebensstil integriert wurden.<\/span><\/p>\n<p><strong>Verbringe mindestens 25 Minuten mit dem 1000-Teile-Puzzle und halte neurodegenerative Krankheiten in Schach!<\/strong><\/p>\n<p><span style=\"font-weight: 400;\">Einer der erstaunlichen Vorteile von Puzzlespielen ist, dass sie ein hervorragendes Gehirntraining sind. Tats\u00e4chlich zeigen Studien, dass das Puzzeln von Puzzles f\u00fcr Erwachsene f\u00fcr mindestens 25 Minuten am Tag das Risiko f\u00fcr neurodegenerative Krankheiten wie Alzheimer deutlich reduziert und auch den IQ zu verbessern scheint.<\/span><\/p>\n<p><span style=\"font-weight: 400;\">Genie\u00dfe all diese Vorteile, indem du das 1000-Teile-Puzzle &#8222;Fr\u00fcchte und Blumen&#8220; von Alphonse Mucha fertigstellst! Kaufe jetzt dieses wunderbare Puzzlespiel aus der Kunstpuzzle-Kollektion und erschaffe dein eigenes echtes Gem\u00e4lde, das den Werken des K\u00fcnstlers Alphonse Mucha verbl\u00fcffend \u00e4hnlich ist.<\/span><\/p>\n<p><span style=\"font-weight: 400;\">Du wei\u00dft nicht, mit welchem Geschenk du ein Familienmitglied oder einen guten Freund \u00fcberraschen sollst? Das 1000-teilige Alphonse Mucha Obst- und Blumenpuzzle ist die perfekte Wahl.<\/span><\/p>\n","protected":false},"excerpt":{"rendered":"<p>Unsere Sammlung umfasst 1000-teilige Puzzles, die die sch\u00f6nsten k\u00fcnstlerischen Gem\u00e4lde aller Zeiten darstellen. W\u00e4hle jetzt aus unserem gro\u00dfen Angebot an<\/p>\n","protected":false},"featured_media":63077,"template":"","meta":[],"product_brand":[],"product_cat":[1916,1875,1915],"product_tag":[],"class_list":{"0":"post-41622","1":"product","2":"type-product","3":"status-publish","4":"has-post-thumbnail","6":"product_cat-1000-teile-puzzle","7":"product_cat-puzzle-de","8":"product_cat-puzzlespiele-fur-erwachsene","9":"pa_bax-10-de","10":"pa_brand-d_toys-de","11":"pa_country_of_manufacture-ro-de","12":"pa_filter_age-14-de","13":"pa_painter-alphonsemucha-de","14":"pa_tip_ambalaj-kasten-a4-de","15":"pa_tip_puzzle-klassisch","17":"first","18":"instock","19":"taxable","20":"shipping-taxable","21":"product-type-simple"},"yoast_head":"<!-- This site is optimized with the Yoast SEO plugin v20.1 - https:\/\/yoast.com\/wordpress\/plugins\/seo\/ -->\n<title>Alphonse Mucha 1000 Teile Puzzle f\u00fcr Erwachsene - Fr\u00fcchte und Blumen\/Frute \u0219i Flori<\/title>\n<meta name=\"description\" content=\"Alphonse Mucha 1000 Teile Puzzle f\u00fcr Erwachsene - Fr\u00fcchte und Blumen\/Frute \u0219i Flori\" \/>\n<meta name=\"robots\" content=\"index, follow, max-snippet:-1, max-image-preview:large, max-video-preview:-1\" \/>\n<link rel=\"canonical\" href=\"https:\/\/business.roovi.com\/de\/alphonse-mucha-1000-teile-puzzle-fur-erwachsene-fruchte-und-blumen-frute-si-flori\/p\/\" \/>\n<meta property=\"og:locale\" content=\"de_DE\" \/>\n<meta property=\"og:type\" content=\"article\" \/>\n<meta property=\"og:title\" content=\"Alphonse Mucha 1000 Teile Puzzle f\u00fcr Erwachsene - Fr\u00fcchte und Blumen\/Frute \u0219i Flori\" \/>\n<meta property=\"og:description\" content=\"Alphonse Mucha 1000 Teile Puzzle f\u00fcr Erwachsene - Fr\u00fcchte und Blumen\/Frute \u0219i Flori\" \/>\n<meta property=\"og:url\" content=\"https:\/\/business.roovi.com\/de\/alphonse-mucha-1000-teile-puzzle-fur-erwachsene-fruchte-und-blumen-frute-si-flori\/p\/\" \/>\n<meta property=\"og:site_name\" content=\"Roovi B2B\" \/>\n<meta property=\"article:publisher\" content=\"https:\/\/www.facebook.com\/wwwjucariero\" \/>\n<meta property=\"article:modified_time\" content=\"2023-02-20T07:12:48+00:00\" \/>\n<meta property=\"og:image\" content=\"https:\/\/business.roovi.com\/wp-content\/uploads\/2018\/04\/66930-MU-06-WEB-1.jpg\" \/>\n\t<meta property=\"og:image:width\" content=\"1200\" \/>\n\t<meta property=\"og:image:height\" content=\"1200\" \/>\n\t<meta property=\"og:image:type\" content=\"image\/jpeg\" \/>\n<meta name=\"twitter:label1\" content=\"Gesch\u00e4tzte Lesezeit\" \/>\n\t<meta name=\"twitter:data1\" content=\"3\u00a0Minuten\" \/>\n<script type=\"application\/ld+json\" class=\"yoast-schema-graph\">{\"@context\":\"https:\/\/schema.org\",\"@graph\":[{\"@type\":\"WebPage\",\"@id\":\"https:\/\/business.roovi.com\/de\/alphonse-mucha-1000-teile-puzzle-fur-erwachsene-fruchte-und-blumen-frute-si-flori\/p\/\",\"url\":\"https:\/\/business.roovi.com\/de\/alphonse-mucha-1000-teile-puzzle-fur-erwachsene-fruchte-und-blumen-frute-si-flori\/p\/\",\"name\":\"Alphonse Mucha 1000 Teile Puzzle f\u00fcr Erwachsene - Fr\u00fcchte und Blumen\/Frute \u0219i Flori\",\"isPartOf\":{\"@id\":\"https:\/\/business.roovi.com\/de\/#website\"},\"datePublished\":\"2018-04-16T10:56:17+00:00\",\"dateModified\":\"2023-02-20T07:12:48+00:00\",\"description\":\"Alphonse Mucha 1000 Teile Puzzle f\u00fcr Erwachsene - Fr\u00fcchte und Blumen\/Frute \u0219i Flori\",\"breadcrumb\":{\"@id\":\"https:\/\/business.roovi.com\/de\/alphonse-mucha-1000-teile-puzzle-fur-erwachsene-fruchte-und-blumen-frute-si-flori\/p\/#breadcrumb\"},\"inLanguage\":\"de\",\"potentialAction\":[{\"@type\":\"ReadAction\",\"target\":[\"https:\/\/business.roovi.com\/de\/alphonse-mucha-1000-teile-puzzle-fur-erwachsene-fruchte-und-blumen-frute-si-flori\/p\/\"]}]},{\"@type\":\"BreadcrumbList\",\"@id\":\"https:\/\/business.roovi.com\/de\/alphonse-mucha-1000-teile-puzzle-fur-erwachsene-fruchte-und-blumen-frute-si-flori\/p\/#breadcrumb\",\"itemListElement\":[{\"@type\":\"ListItem\",\"position\":1,\"name\":\"Home\",\"item\":\"https:\/\/business.roovi.com\/de\/\"},{\"@type\":\"ListItem\",\"position\":2,\"name\":\"Shop\",\"item\":\"https:\/\/business.roovi.com\/de\/shop\/\"},{\"@type\":\"ListItem\",\"position\":3,\"name\":\"Alphonse Mucha 1000 Teile Puzzle f\u00fcr Erwachsene &#8211; Fr\u00fcchte und Blumen\"}]},{\"@type\":\"WebSite\",\"@id\":\"https:\/\/business.roovi.com\/de\/#website\",\"url\":\"https:\/\/business.roovi.com\/de\/\",\"name\":\"Roovi B2B\",\"description\":\"Roovi Business Website\",\"potentialAction\":[{\"@type\":\"SearchAction\",\"target\":{\"@type\":\"EntryPoint\",\"urlTemplate\":\"https:\/\/business.roovi.com\/de\/?s={search_term_string}\"},\"query-input\":\"required name=search_term_string\"}],\"inLanguage\":\"de\"}]}<\/script>\n<!-- \/ Yoast SEO plugin. -->","yoast_head_json":{"title":"Alphonse Mucha 1000 Teile Puzzle f\u00fcr Erwachsene - Fr\u00fcchte und Blumen\/Frute \u0219i Flori","description":"Alphonse Mucha 1000 Teile Puzzle f\u00fcr Erwachsene - Fr\u00fcchte und Blumen\/Frute \u0219i Flori","robots":{"index":"index","follow":"follow","max-snippet":"max-snippet:-1","max-image-preview":"max-image-preview:large","max-video-preview":"max-video-preview:-1"},"canonical":"https:\/\/business.roovi.com\/de\/alphonse-mucha-1000-teile-puzzle-fur-erwachsene-fruchte-und-blumen-frute-si-flori\/p\/","og_locale":"de_DE","og_type":"article","og_title":"Alphonse Mucha 1000 Teile Puzzle f\u00fcr Erwachsene - Fr\u00fcchte und Blumen\/Frute \u0219i Flori","og_description":"Alphonse Mucha 1000 Teile Puzzle f\u00fcr Erwachsene - Fr\u00fcchte und Blumen\/Frute \u0219i Flori","og_url":"https:\/\/business.roovi.com\/de\/alphonse-mucha-1000-teile-puzzle-fur-erwachsene-fruchte-und-blumen-frute-si-flori\/p\/","og_site_name":"Roovi B2B","article_publisher":"https:\/\/www.facebook.com\/wwwjucariero","article_modified_time":"2023-02-20T07:12:48+00:00","og_image":[{"width":1200,"height":1200,"url":"https:\/\/business.roovi.com\/wp-content\/uploads\/2018\/04\/66930-MU-06-WEB-1.jpg","type":"image\/jpeg"}],"twitter_misc":{"Gesch\u00e4tzte Lesezeit":"3\u00a0Minuten"},"schema":{"@context":"https:\/\/schema.org","@graph":[{"@type":"WebPage","@id":"https:\/\/business.roovi.com\/de\/alphonse-mucha-1000-teile-puzzle-fur-erwachsene-fruchte-und-blumen-frute-si-flori\/p\/","url":"https:\/\/business.roovi.com\/de\/alphonse-mucha-1000-teile-puzzle-fur-erwachsene-fruchte-und-blumen-frute-si-flori\/p\/","name":"Alphonse Mucha 1000 Teile Puzzle f\u00fcr Erwachsene - Fr\u00fcchte und Blumen\/Frute \u0219i Flori","isPartOf":{"@id":"https:\/\/business.roovi.com\/de\/#website"},"datePublished":"2018-04-16T10:56:17+00:00","dateModified":"2023-02-20T07:12:48+00:00","description":"Alphonse Mucha 1000 Teile Puzzle f\u00fcr Erwachsene - Fr\u00fcchte und Blumen\/Frute \u0219i Flori","breadcrumb":{"@id":"https:\/\/business.roovi.com\/de\/alphonse-mucha-1000-teile-puzzle-fur-erwachsene-fruchte-und-blumen-frute-si-flori\/p\/#breadcrumb"},"inLanguage":"de","potentialAction":[{"@type":"ReadAction","target":["https:\/\/business.roovi.com\/de\/alphonse-mucha-1000-teile-puzzle-fur-erwachsene-fruchte-und-blumen-frute-si-flori\/p\/"]}]},{"@type":"BreadcrumbList","@id":"https:\/\/business.roovi.com\/de\/alphonse-mucha-1000-teile-puzzle-fur-erwachsene-fruchte-und-blumen-frute-si-flori\/p\/#breadcrumb","itemListElement":[{"@type":"ListItem","position":1,"name":"Home","item":"https:\/\/business.roovi.com\/de\/"},{"@type":"ListItem","position":2,"name":"Shop","item":"https:\/\/business.roovi.com\/de\/shop\/"},{"@type":"ListItem","position":3,"name":"Alphonse Mucha 1000 Teile Puzzle f\u00fcr Erwachsene &#8211; Fr\u00fcchte und Blumen"}]},{"@type":"WebSite","@id":"https:\/\/business.roovi.com\/de\/#website","url":"https:\/\/business.roovi.com\/de\/","name":"Roovi B2B","description":"Roovi Business Website","potentialAction":[{"@type":"SearchAction","target":{"@type":"EntryPoint","urlTemplate":"https:\/\/business.roovi.com\/de\/?s={search_term_string}"},"query-input":"required name=search_term_string"}],"inLanguage":"de"}]}},"_links":{"self":[{"href":"https:\/\/business.roovi.com\/de\/wp-json\/wp\/v2\/product\/41622","targetHints":{"allow":["GET"]}}],"collection":[{"href":"https:\/\/business.roovi.com\/de\/wp-json\/wp\/v2\/product"}],"about":[{"href":"https:\/\/business.roovi.com\/de\/wp-json\/wp\/v2\/types\/product"}],"version-history":[{"count":0,"href":"https:\/\/business.roovi.com\/de\/wp-json\/wp\/v2\/product\/41622\/revisions"}],"wp:featuredmedia":[{"embeddable":true,"href":"https:\/\/business.roovi.com\/de\/wp-json\/wp\/v2\/media\/63077"}],"wp:attachment":[{"href":"https:\/\/business.roovi.com\/de\/wp-json\/wp\/v2\/media?parent=41622"}],"wp:term":[{"taxonomy":"product_brand","embeddable":true,"href":"https:\/\/business.roovi.com\/de\/wp-json\/wp\/v2\/product_brand?post=41622"},{"taxonomy":"product_cat","embeddable":true,"href":"https:\/\/business.roovi.com\/de\/wp-json\/wp\/v2\/product_cat?post=41622"},{"taxonomy":"product_tag","embeddable":true,"href":"https:\/\/business.roovi.com\/de\/wp-json\/wp\/v2\/product_tag?post=41622"}],"curies":[{"name":"wp","href":"https:\/\/api.w.org\/{rel}","templated":true}]}}