{"id":41626,"date":"2018-04-16T10:56:17","date_gmt":"2018-04-16T10:56:17","guid":{"rendered":"https:\/\/business.roovi.com\/puzzle-adulti-alphonse-mucha-the-precious-stonespietre-pretioase-1000-piese\/p\/"},"modified":"2022-07-06T17:39:05","modified_gmt":"2022-07-06T17:39:05","slug":"alphonse-mucha-1000-teile-puzzle-fur-erwachsene-die-kostbaren-steine","status":"publish","type":"product","link":"https:\/\/business.roovi.com\/de\/alphonse-mucha-1000-teile-puzzle-fur-erwachsene-die-kostbaren-steine\/p\/","title":{"rendered":"Alphonse Mucha 1000 Teile Puzzle f\u00fcr Erwachsene &#8211; Die kostbaren Steine"},"content":{"rendered":"<h3><span style=\"font-weight: 400;font-size: 14px\">Entdecke unser Angebot an Kunstpuzzles mit 1000-teiligen Puzzles mit Bildern von Werken aus den wichtigsten Kunstepochen der Geschichte. Kaufe Puzzles f\u00fcr Erwachsene und erstelle deine eigene Kunstgalerie! <\/span><\/h3>\n<h3><span style=\"font-weight: 400;font-size: 14px\">In unserem umfangreichen Sortiment findest du auch Alphonse Mucha, den gr\u00f6\u00dften Vertreter der Jugendstilmalerei, in unseren R\u00e4tselspielen. Alphonse Mucha &#8211; The Precious Stones ist eines der repr\u00e4sentativsten Werke des K\u00fcnstlers und zeigt vier Frauen, die vier Edelsteine verk\u00f6rpern: Topas, Rubin, Amethyst und Smaragd. Der obere Teil der Komposition wird von der weiblichen Figur dominiert und der untere Teil von einer Blume in der Farbe des Edelsteins, den sie darstellt <\/span><\/h3>\n<h3><span style=\"font-weight: 400;font-size: 14px\">Das 1000-teilige Puzzle ist aus hochwertigem Karton gefertigt, der ihm eine lange Lebensdauer verleiht. Die Teile dieses wunderbaren Puzzles sind mit gro\u00dfer Pr\u00e4zision geschnitten, so dass das 1000-teilige Puzzle perfekt zusammenpasst und das fertige Bild eine nahezu perfekte Kopie des Originals ist <\/span><\/h3>\n<p><span style=\"font-size: 14px\"><strong>Eigenschaften des Alphonse Mucha &#8211; The Precious Stones 1000 Teile Puzzles:<\/strong><\/span><\/p>\n<p><span style=\"font-size: 14px\"><strong>Puzzlegr\u00f6\u00dfe 1000 Teile: 50 x 70 cm &#8211; zum Zusammensetzen brauchst du einen Wohnzimmercouchtisch<\/strong><\/span><\/p>\n<p><span style=\"font-size: 14px\"><strong>1000 Teile Puzzle-Material <\/strong><\/span><\/p>\n<p><span style=\"font-size: 14px\"><strong>2 mm dicker blauer Karton<\/strong><\/span><\/p>\n<p><span style=\"font-size: 14px\"><strong>nachhaltige, recycelbare Materialien<\/strong><\/span><\/p>\n<p><span style=\"font-size: 14px\"><strong>halbgl\u00e4nzende Oberfl\u00e4che, leuchtende Farben<\/strong><\/span><\/p>\n<p><span style=\"font-size: 14px\"><strong>Anzahl der Puzzleteile: 1000<\/strong><\/span><\/p>\n<p><span style=\"font-size: 14px\"><strong>Empfohlenes Alter: 14+<\/strong><\/span><\/p>\n<p><span style=\"font-size: 14px\"><strong>Baue 1000 Teile zusammen und lass es dir gut gehen!<\/strong><\/span><\/p>\n<p><span style=\"font-weight: 400;font-size: 14px\">Harmonie, Raffinesse, Farbe. Frieden und Ruhe. Du wirst es sp\u00fcren, wenn du das Bild in diesem atemberaubenden Kunstpuzzle betrachtest. Mach dich an die Arbeit, setze das 1000 Pieces Gemstones Puzzle zusammen, rahme das Bild und genie\u00dfe deine Sinne!<\/span><\/p>\n<p><span style=\"font-size: 14px\"><strong>Das 1000-Teile-Puzzle bietet viele weitere Vorteile:<\/strong><\/span><\/p>\n<p><span style=\"font-weight: 400;font-size: 14px\">Entlastet dich vom Stress<\/span><\/p>\n<p><span style=\"font-weight: 400;font-size: 14px\">Stimuliert die Gehirnaktivit\u00e4t<\/span><\/p>\n<p><span style=\"font-weight: 400;font-size: 14px\">Hilft dir, klare Ziele zu setzen<\/span><\/p>\n<p><span style=\"font-weight: 400;font-size: 14px\">Es ist eine gute \u00dcbung, um die Konzentration zu verbessern.<\/span><\/p>\n<p><span style=\"font-size: 14px\"><strong>5 interessante Fakten \u00fcber Alphonse Mucha <\/strong><\/span><\/p>\n<ol>\n<li><span style=\"font-weight: 400;font-size: 14px\">Er empfand den Jugendstil als Beleidigung und wollte nicht mit ihm in Verbindung gebracht werden.<\/span><\/li>\n<li><span style=\"font-weight: 400;font-size: 14px\">Er wollte, dass die Kunstwerke die Armen erreichen, die es sich nicht leisten konnten, sie zu kaufen.<\/span><\/li>\n<li><span style=\"font-weight: 400;font-size: 14px\">Er wurde als Kind durch den pl\u00f6tzlichen Tod eines M\u00e4dchens, das er mochte, gezeichnet. Es scheint, dass er ihr den Ausdruck der zeitlosen Engelsgesichter in all seinen Werken zu verdanken hat.<\/span><\/li>\n<li><span style=\"font-weight: 400;font-size: 14px\">Er entwarf die Banknoten und Briefmarken der Tschechoslowakei nach dem Ersten Weltkrieg, als das Land seine Unabh\u00e4ngigkeit erlangte.<\/span><\/li>\n<li><span style=\"font-weight: 400;font-size: 14px\">Er wurde von der Gestapo verhaftet, weil er f\u00fcr seinen slawischen Nationalismus bekannt war.<\/span><\/li>\n<\/ol>\n<p><span style=\"font-size: 14px\"><strong>Vervollst\u00e4ndige die erstaunlichen 1000 Teile des Puzzles und verbessere deine Probleml\u00f6sungsf\u00e4higkeiten!<\/strong><\/span><\/p>\n<p><span style=\"font-weight: 400;font-size: 14px\">Das Zusammensetzen eines Puzzles mit 1000 Teilen stellt ein grundlegendes Problem dar. Die Puzzlest\u00fccke der Erwachsenen sind alle durcheinander und m\u00fcssen geordnet und zusammengesetzt werden. Die richtige Anordnung des Puzzles gibt dir die M\u00f6glichkeit, deine Probleml\u00f6sungskompetenz zu trainieren. Mit jedem abgeschlossenen 1000-Teile-Puzzle wirst du besser und besser darin, schwierige Situationen zu l\u00f6sen.<\/span><\/p>\n<p><span style=\"font-size: 14px\"><strong>Sei der K\u00fcnstler, der aus dem 1000-Teile-Puzzle ein wundersch\u00f6nes Gem\u00e4lde macht!<\/strong><\/span><\/p>\n<p><span style=\"font-weight: 400;font-size: 14px\">Du bist kein Maler, aber du kannst davon tr\u00e4umen, ein Meister zu werden. Vervollst\u00e4ndige dieses wunderbare Kunstpuzzle und tauche ein in die erstaunliche Welt des ber\u00fchmten Alphonse Mucha.<\/span><\/p>\n<p><span style=\"font-size: 14px\"><span style=\"font-weight: 400\">Hast du eine Leidenschaft f\u00fcr 1000-Teile-Puzzles? Alphonse Mucha &#8211; The Precious Stones 1000 Teile Puzzle kaufen<\/span><span style=\"font-weight: 400\"> und erstelle deine eigene Kunstsammlung. Dieses wunderbare Puzzlespiel bietet bis zu 30 Stunden Entspannung in der Privatsph\u00e4re deines eigenen Zuhauses.<\/span><\/span><\/p>\n<p><span style=\"font-weight: 400;font-size: 14px\">Du musst schnell ein Geschenk f\u00fcr einen lieben Menschen kaufen? Bestell schnell dieses Puzzle f\u00fcr Erwachsene und mach deinem Freund eine Freude!<\/span><\/p><\/p>\n","protected":false},"excerpt":{"rendered":"<p>Entdecke unser Angebot an Kunstpuzzles mit 1000-teiligen Puzzles mit Bildern von Werken aus den wichtigsten Kunstepochen der Geschichte. Kaufe Puzzles<\/p>\n","protected":false},"featured_media":63055,"template":"","meta":[],"product_brand":[],"product_cat":[1916,1875,1915],"product_tag":[],"class_list":{"0":"post-41626","1":"product","2":"type-product","3":"status-publish","4":"has-post-thumbnail","6":"product_cat-1000-teile-puzzle","7":"product_cat-puzzle-de","8":"product_cat-puzzlespiele-fur-erwachsene","9":"pa_bax-10-de","10":"pa_brand-d_toys-de","11":"pa_country_of_manufacture-ro-de","12":"pa_filter_age-14-de","13":"pa_painter-alphonsemucha-de","14":"pa_tip_ambalaj-kasten-a4-de","15":"pa_tip_puzzle-klassisch","17":"first","18":"instock","19":"taxable","20":"shipping-taxable","21":"product-type-simple"},"yoast_head":"<!-- This site is optimized with the Yoast SEO plugin v20.1 - https:\/\/yoast.com\/wordpress\/plugins\/seo\/ -->\n<title>Alphonse Mucha 1000 Teile Puzzle f\u00fcr Erwachsene - Die kostbaren Steine<\/title>\n<meta name=\"description\" content=\"Alphonse Mucha 1000 Teile Puzzle f\u00fcr Erwachsene - Die kostbaren Steine\" \/>\n<meta name=\"robots\" content=\"index, follow, max-snippet:-1, max-image-preview:large, max-video-preview:-1\" \/>\n<link rel=\"canonical\" href=\"https:\/\/business.roovi.com\/de\/alphonse-mucha-1000-teile-puzzle-fur-erwachsene-die-kostbaren-steine\/p\/\" \/>\n<meta property=\"og:locale\" content=\"de_DE\" \/>\n<meta property=\"og:type\" content=\"article\" \/>\n<meta property=\"og:title\" content=\"Alphonse Mucha 1000 Teile Puzzle f\u00fcr Erwachsene - Die kostbaren Steine\" \/>\n<meta property=\"og:description\" content=\"Alphonse Mucha 1000 Teile Puzzle f\u00fcr Erwachsene - Die kostbaren Steine\" \/>\n<meta property=\"og:url\" content=\"https:\/\/business.roovi.com\/de\/alphonse-mucha-1000-teile-puzzle-fur-erwachsene-die-kostbaren-steine\/p\/\" \/>\n<meta property=\"og:site_name\" content=\"Roovi B2B\" \/>\n<meta property=\"article:publisher\" content=\"https:\/\/www.facebook.com\/wwwjucariero\" \/>\n<meta property=\"article:modified_time\" content=\"2022-07-06T17:39:05+00:00\" \/>\n<meta property=\"og:image\" content=\"https:\/\/business.roovi.com\/wp-content\/uploads\/2018\/04\/66930-07_ansamblu_dimensiuni_cutie_cm_orizontal.png\" \/>\n\t<meta property=\"og:image:width\" content=\"1200\" \/>\n\t<meta property=\"og:image:height\" content=\"1200\" \/>\n\t<meta property=\"og:image:type\" content=\"image\/png\" \/>\n<meta name=\"twitter:label1\" content=\"Gesch\u00e4tzte Lesezeit\" \/>\n\t<meta name=\"twitter:data1\" content=\"3\u00a0Minuten\" \/>\n<script type=\"application\/ld+json\" class=\"yoast-schema-graph\">{\"@context\":\"https:\/\/schema.org\",\"@graph\":[{\"@type\":\"WebPage\",\"@id\":\"https:\/\/business.roovi.com\/de\/alphonse-mucha-1000-teile-puzzle-fur-erwachsene-die-kostbaren-steine\/p\/\",\"url\":\"https:\/\/business.roovi.com\/de\/alphonse-mucha-1000-teile-puzzle-fur-erwachsene-die-kostbaren-steine\/p\/\",\"name\":\"Alphonse Mucha 1000 Teile Puzzle f\u00fcr Erwachsene - Die kostbaren Steine\",\"isPartOf\":{\"@id\":\"https:\/\/business.roovi.com\/de\/#website\"},\"datePublished\":\"2018-04-16T10:56:17+00:00\",\"dateModified\":\"2022-07-06T17:39:05+00:00\",\"description\":\"Alphonse Mucha 1000 Teile Puzzle f\u00fcr Erwachsene - Die kostbaren Steine\",\"breadcrumb\":{\"@id\":\"https:\/\/business.roovi.com\/de\/alphonse-mucha-1000-teile-puzzle-fur-erwachsene-die-kostbaren-steine\/p\/#breadcrumb\"},\"inLanguage\":\"de\",\"potentialAction\":[{\"@type\":\"ReadAction\",\"target\":[\"https:\/\/business.roovi.com\/de\/alphonse-mucha-1000-teile-puzzle-fur-erwachsene-die-kostbaren-steine\/p\/\"]}]},{\"@type\":\"BreadcrumbList\",\"@id\":\"https:\/\/business.roovi.com\/de\/alphonse-mucha-1000-teile-puzzle-fur-erwachsene-die-kostbaren-steine\/p\/#breadcrumb\",\"itemListElement\":[{\"@type\":\"ListItem\",\"position\":1,\"name\":\"Home\",\"item\":\"https:\/\/business.roovi.com\/de\/\"},{\"@type\":\"ListItem\",\"position\":2,\"name\":\"Shop\",\"item\":\"https:\/\/business.roovi.com\/de\/shop\/\"},{\"@type\":\"ListItem\",\"position\":3,\"name\":\"Alphonse Mucha 1000 Teile Puzzle f\u00fcr Erwachsene &#8211; Die kostbaren Steine\"}]},{\"@type\":\"WebSite\",\"@id\":\"https:\/\/business.roovi.com\/de\/#website\",\"url\":\"https:\/\/business.roovi.com\/de\/\",\"name\":\"Roovi B2B\",\"description\":\"Roovi Business Website\",\"potentialAction\":[{\"@type\":\"SearchAction\",\"target\":{\"@type\":\"EntryPoint\",\"urlTemplate\":\"https:\/\/business.roovi.com\/de\/?s={search_term_string}\"},\"query-input\":\"required name=search_term_string\"}],\"inLanguage\":\"de\"}]}<\/script>\n<!-- \/ Yoast SEO plugin. -->","yoast_head_json":{"title":"Alphonse Mucha 1000 Teile Puzzle f\u00fcr Erwachsene - Die kostbaren Steine","description":"Alphonse Mucha 1000 Teile Puzzle f\u00fcr Erwachsene - Die kostbaren Steine","robots":{"index":"index","follow":"follow","max-snippet":"max-snippet:-1","max-image-preview":"max-image-preview:large","max-video-preview":"max-video-preview:-1"},"canonical":"https:\/\/business.roovi.com\/de\/alphonse-mucha-1000-teile-puzzle-fur-erwachsene-die-kostbaren-steine\/p\/","og_locale":"de_DE","og_type":"article","og_title":"Alphonse Mucha 1000 Teile Puzzle f\u00fcr Erwachsene - Die kostbaren Steine","og_description":"Alphonse Mucha 1000 Teile Puzzle f\u00fcr Erwachsene - Die kostbaren Steine","og_url":"https:\/\/business.roovi.com\/de\/alphonse-mucha-1000-teile-puzzle-fur-erwachsene-die-kostbaren-steine\/p\/","og_site_name":"Roovi B2B","article_publisher":"https:\/\/www.facebook.com\/wwwjucariero","article_modified_time":"2022-07-06T17:39:05+00:00","og_image":[{"width":1200,"height":1200,"url":"https:\/\/business.roovi.com\/wp-content\/uploads\/2018\/04\/66930-07_ansamblu_dimensiuni_cutie_cm_orizontal.png","type":"image\/png"}],"twitter_misc":{"Gesch\u00e4tzte Lesezeit":"3\u00a0Minuten"},"schema":{"@context":"https:\/\/schema.org","@graph":[{"@type":"WebPage","@id":"https:\/\/business.roovi.com\/de\/alphonse-mucha-1000-teile-puzzle-fur-erwachsene-die-kostbaren-steine\/p\/","url":"https:\/\/business.roovi.com\/de\/alphonse-mucha-1000-teile-puzzle-fur-erwachsene-die-kostbaren-steine\/p\/","name":"Alphonse Mucha 1000 Teile Puzzle f\u00fcr Erwachsene - Die kostbaren Steine","isPartOf":{"@id":"https:\/\/business.roovi.com\/de\/#website"},"datePublished":"2018-04-16T10:56:17+00:00","dateModified":"2022-07-06T17:39:05+00:00","description":"Alphonse Mucha 1000 Teile Puzzle f\u00fcr Erwachsene - Die kostbaren Steine","breadcrumb":{"@id":"https:\/\/business.roovi.com\/de\/alphonse-mucha-1000-teile-puzzle-fur-erwachsene-die-kostbaren-steine\/p\/#breadcrumb"},"inLanguage":"de","potentialAction":[{"@type":"ReadAction","target":["https:\/\/business.roovi.com\/de\/alphonse-mucha-1000-teile-puzzle-fur-erwachsene-die-kostbaren-steine\/p\/"]}]},{"@type":"BreadcrumbList","@id":"https:\/\/business.roovi.com\/de\/alphonse-mucha-1000-teile-puzzle-fur-erwachsene-die-kostbaren-steine\/p\/#breadcrumb","itemListElement":[{"@type":"ListItem","position":1,"name":"Home","item":"https:\/\/business.roovi.com\/de\/"},{"@type":"ListItem","position":2,"name":"Shop","item":"https:\/\/business.roovi.com\/de\/shop\/"},{"@type":"ListItem","position":3,"name":"Alphonse Mucha 1000 Teile Puzzle f\u00fcr Erwachsene &#8211; Die kostbaren Steine"}]},{"@type":"WebSite","@id":"https:\/\/business.roovi.com\/de\/#website","url":"https:\/\/business.roovi.com\/de\/","name":"Roovi B2B","description":"Roovi Business Website","potentialAction":[{"@type":"SearchAction","target":{"@type":"EntryPoint","urlTemplate":"https:\/\/business.roovi.com\/de\/?s={search_term_string}"},"query-input":"required name=search_term_string"}],"inLanguage":"de"}]}},"_links":{"self":[{"href":"https:\/\/business.roovi.com\/de\/wp-json\/wp\/v2\/product\/41626","targetHints":{"allow":["GET"]}}],"collection":[{"href":"https:\/\/business.roovi.com\/de\/wp-json\/wp\/v2\/product"}],"about":[{"href":"https:\/\/business.roovi.com\/de\/wp-json\/wp\/v2\/types\/product"}],"version-history":[{"count":0,"href":"https:\/\/business.roovi.com\/de\/wp-json\/wp\/v2\/product\/41626\/revisions"}],"wp:featuredmedia":[{"embeddable":true,"href":"https:\/\/business.roovi.com\/de\/wp-json\/wp\/v2\/media\/63055"}],"wp:attachment":[{"href":"https:\/\/business.roovi.com\/de\/wp-json\/wp\/v2\/media?parent=41626"}],"wp:term":[{"taxonomy":"product_brand","embeddable":true,"href":"https:\/\/business.roovi.com\/de\/wp-json\/wp\/v2\/product_brand?post=41626"},{"taxonomy":"product_cat","embeddable":true,"href":"https:\/\/business.roovi.com\/de\/wp-json\/wp\/v2\/product_cat?post=41626"},{"taxonomy":"product_tag","embeddable":true,"href":"https:\/\/business.roovi.com\/de\/wp-json\/wp\/v2\/product_tag?post=41626"}],"curies":[{"name":"wp","href":"https:\/\/api.w.org\/{rel}","templated":true}]}}