{"id":41642,"date":"2018-04-16T10:56:17","date_gmt":"2018-04-16T10:56:17","guid":{"rendered":"https:\/\/business.roovi.com\/puzzle-adulti-1000-piese-vintage-posters-biscuits-champagne-lefevre-utile\/p\/"},"modified":"2022-07-06T17:39:40","modified_gmt":"2022-07-06T17:39:40","slug":"adult-puzzle-1000-pieces-vintage-posters-kekse-champagne-lefevre-utile","status":"publish","type":"product","link":"https:\/\/business.roovi.com\/de\/adult-puzzle-1000-pieces-vintage-posters-kekse-champagne-lefevre-utile\/p\/","title":{"rendered":"Adult Puzzle 1000 pieces Vintage Posters &#8211; Kekse Champagne Lef\u00e8vre-Utile"},"content":{"rendered":"<p><span style=\"font-weight: 400\">Entdecke die gr\u00f6\u00dfte Auswahl an Vintage-Puzzles in Rum\u00e4nien und erstelle deine eigenen wundersch\u00f6nen, pers\u00f6nlichen 1000-Teile-Puzzlebilder. Finde einzigartige Bilder von klassischen Werbeplakaten und symbolische Illustrationen der Kultur des 19. Jahrhunderts in faszinierenden Puzzlespielen.<\/span><\/p>\n<p><span style=\"font-weight: 400\">Vintage-Kunst scheint ein Comeback zu erleben und ist aktueller denn je. Ein altes Gem\u00e4lde erweckt einen ungenutzten Raum in deinem Zuhause wieder zum Leben <\/span><\/p>\n<p><span style=\"font-weight: 400\">Das 1000-Teile-Puzzle Biscuits Champagne Lef\u00e8vre-Utile ist eine Reproduktion der Werbeillustration, die der K\u00fcnstler Alphonse Mucha 1896 f\u00fcr das franz\u00f6sische Unternehmen anfertigte. Das Originalbild zeigt stilvolle Figuren im Vordergrund, ein Zeichen daf\u00fcr, dass die Produkte f\u00fcr die High Society bestimmt waren.<\/span><\/p>\n<p><span style=\"font-weight: 400\">Alphonse Muchas unverwechselbarer Stil hob ihn unter den K\u00fcnstlern seiner Zeit hervor und er produzierte im Laufe seiner Karriere eine Reihe von Lithografien mit Werbebotschaften f\u00fcr kommerzielle Unternehmen.<\/span><\/p>\n<p><span style=\"font-weight: 400\">Das Bild im 1000-teiligen Puzzle Biscuits Champagne Lef\u00e8vre-Utile erinnert an die Zeit des Jugendstils, mit der Eleganz und dem spezifischen Stil, in dem sich Mucha sein ganzes Leben lang auszeichnete <\/span><\/p>\n<p><span style=\"font-weight: 400\">Mit 1000 Teilen Vintage Puzzle &#8211; Biscuits Champagne Lef\u00e8vre-Utile:<\/span><\/p>\n<p><strong>Gr\u00f6\u00dfe des rekonstruierten Bildes: 50 x 70 cm <\/strong><span style=\"font-weight: 400\">F\u00fcr die Montage kannst du einen normalen Couchtisch verwenden.<\/span><\/p>\n<p><strong>Puzzle-Material <\/strong><\/p>\n<p><strong>hochwertiger blauer Karton<\/strong><\/p>\n<p><strong>nachhaltige, recycelbare Materialien<\/strong><\/p>\n<p><strong>halbgl\u00e4nzende Oberfl\u00e4che, leuchtende Farben<\/strong><\/p>\n<p><strong>Anzahl der Puzzleteile: 1000<\/strong><\/p>\n<p><strong>Empfohlenes Alter: 14+<\/strong><\/p>\n<p><strong>Kunstpuzzlespiele und 5 F\u00e4higkeiten, die sie entwickeln:<\/strong><\/p>\n<ul>\n<li><span style=\"font-weight: 400\">\u00c4sthetischer Sinn<\/span><\/li>\n<li><span style=\"font-weight: 400\">Kreativit\u00e4t<\/span><\/li>\n<li><span style=\"font-weight: 400\">Liebe zum Detail<\/span><\/li>\n<li><span style=\"font-weight: 400\">Beharrlichkeit<\/span><\/li>\n<li><span style=\"font-weight: 400\">Die F\u00e4higkeit, sich zu konzentrieren.<\/span><\/li>\n<\/ul>\n<p><strong>Wusstest du, dass&#8230;?<\/strong><\/p>\n<p><span style=\"font-weight: 400\">Alfons Maria Mucha war ein tschechischer Maler und Dekorateur, ein f\u00fchrender Vertreter des Jugendstils.<\/span><\/p>\n<p><span style=\"font-weight: 400\">Zu Lebzeiten versuchte der K\u00fcnstler, sich vom Jugendstil zu distanzieren, da er seine eigene Kunst als Kommunikation einer spirituellen Botschaft verstand.<\/span><\/p>\n<p><span style=\"font-weight: 400\">Er war ein \u00fcberzeugter slawischer Nationalist. Er lebte eine Zeit lang in New York und versuchte, Geld zu verdienen, um seine nationalistischen Projekte zu finanzieren.<\/span><\/p>\n<p><span style=\"font-weight: 400\">Er schuf die Bilder auf Briefmarken und Banknoten, die in der am Ende des Ersten Weltkriegs ausgerufenen unabh\u00e4ngigen Tschechoslowakei ausgegeben wurden.<\/span><\/p>\n<p><strong>Kunstr\u00e4tsel sind eine M\u00f6glichkeit, sich zu entspannen und abzuschalten<\/strong><\/p>\n<p><span style=\"font-weight: 400\">Wenn du auf der Suche nach Momenten der Ruhe und Losl\u00f6sung von den Alltagsproblemen bist, kommt das 1000-teilige Vintage Puzzle &#8211; Biscuits Champagne Lef\u00e8vre-Utile zu dir. Mit diesem gro\u00dfartigen Puzzlespiel sind dir bis zu 30 Stunden entspannter Spa\u00df garantiert.<\/span><\/p>\n<p><span style=\"font-weight: 400\">Das 1000-teilige Puzzle Biscuits Champagne von Lef\u00e8vre-Utile entf\u00fchrt dich in die Welt der Kunst, voller Sch\u00f6nheit und guter Laune. Lass dich auf die Pfade der Fantasie f\u00fchren und entdecke die k\u00fcnstlerischen Symbole des sp\u00e4ten 19. Jahrhunderts mit diesem wunderbaren Puzzlespiel.<\/span><\/p>\n<p><span style=\"font-weight: 400\">W\u00e4hle das 1000 Teile Vintage Puzzle &#8211; Biscuits Champagne Lef\u00e8vre-Util, um die Monotonie der Tage zu vertreiben, an denen sich die Sonne nicht zeigen will. Du kannst das Bild in diesem Puzzle f\u00fcr Erwachsene allein oder mit Freunden vervollst\u00e4ndigen. Egal, f\u00fcr welche Option du dich entscheidest, du wirst besondere Momente erleben, die zu unvergesslichen Erinnerungen werden.<\/span><\/p>\n<p><span style=\"font-weight: 400\">Entdecke die gesamte Kollektion der illustrierten Vintage-Puzzles f\u00fcr Erwachsene und erstelle deine eigenen einzigartigen Puzzlespielbilder mit au\u00dfergew\u00f6hnlichen Designs.<\/span><\/p><\/p>\n","protected":false},"excerpt":{"rendered":"<p>Entdecke die gr\u00f6\u00dfte Auswahl an Vintage-Puzzles in Rum\u00e4nien und erstelle deine eigenen wundersch\u00f6nen, pers\u00f6nlichen 1000-Teile-Puzzlebilder. Finde einzigartige Bilder von klassischen<\/p>\n","protected":false},"featured_media":34554,"template":"","meta":[],"product_brand":[],"product_cat":[1916,1875,1915],"product_tag":[],"class_list":{"0":"post-41642","1":"product","2":"type-product","3":"status-publish","4":"has-post-thumbnail","6":"product_cat-1000-teile-puzzle","7":"product_cat-puzzle-de","8":"product_cat-puzzlespiele-fur-erwachsene","9":"pa_bax-10-de","10":"pa_brand-d_toys-de","11":"pa_country_of_manufacture-ro-de","12":"pa_filter_age-14-de","13":"pa_painter-vintage-posters","14":"pa_tip_ambalaj-kasten-a4-de","15":"pa_tip_puzzle-klassisch","17":"first","18":"instock","19":"taxable","20":"shipping-taxable","21":"product-type-simple"},"yoast_head":"<!-- This site is optimized with the Yoast SEO plugin v20.1 - https:\/\/yoast.com\/wordpress\/plugins\/seo\/ -->\n<title>Adult Puzzle 1000 pieces Vintage Posters - Kekse Champagne Lef\u00e8vre-Utile<\/title>\n<meta name=\"description\" content=\"Adult Puzzle 1000 pieces Vintage Posters - Kekse Champagne Lef\u00e8vre-Utile\" \/>\n<meta name=\"robots\" content=\"index, follow, max-snippet:-1, max-image-preview:large, max-video-preview:-1\" \/>\n<link rel=\"canonical\" href=\"https:\/\/business.roovi.com\/de\/adult-puzzle-1000-pieces-vintage-posters-kekse-champagne-lefevre-utile\/p\/\" \/>\n<meta property=\"og:locale\" content=\"de_DE\" \/>\n<meta property=\"og:type\" content=\"article\" \/>\n<meta property=\"og:title\" content=\"Adult Puzzle 1000 pieces Vintage Posters - Kekse Champagne Lef\u00e8vre-Utile\" \/>\n<meta property=\"og:description\" content=\"Adult Puzzle 1000 pieces Vintage Posters - Kekse Champagne Lef\u00e8vre-Utile\" \/>\n<meta property=\"og:url\" content=\"https:\/\/business.roovi.com\/de\/adult-puzzle-1000-pieces-vintage-posters-kekse-champagne-lefevre-utile\/p\/\" \/>\n<meta property=\"og:site_name\" content=\"Roovi B2B\" \/>\n<meta property=\"article:publisher\" content=\"https:\/\/www.facebook.com\/wwwjucariero\" \/>\n<meta property=\"article:modified_time\" content=\"2022-07-06T17:39:40+00:00\" \/>\n<meta property=\"og:image\" content=\"https:\/\/business.roovi.com\/wp-content\/uploads\/2018\/04\/a67555-5_nsamblu_dimensiuni_cutie_cm_vertical_1200x1200.png\" \/>\n\t<meta property=\"og:image:width\" content=\"1200\" \/>\n\t<meta property=\"og:image:height\" content=\"1200\" \/>\n\t<meta property=\"og:image:type\" content=\"image\/png\" \/>\n<meta name=\"twitter:label1\" content=\"Gesch\u00e4tzte Lesezeit\" \/>\n\t<meta name=\"twitter:data1\" content=\"2\u00a0Minuten\" \/>\n<script type=\"application\/ld+json\" class=\"yoast-schema-graph\">{\"@context\":\"https:\/\/schema.org\",\"@graph\":[{\"@type\":\"WebPage\",\"@id\":\"https:\/\/business.roovi.com\/de\/adult-puzzle-1000-pieces-vintage-posters-kekse-champagne-lefevre-utile\/p\/\",\"url\":\"https:\/\/business.roovi.com\/de\/adult-puzzle-1000-pieces-vintage-posters-kekse-champagne-lefevre-utile\/p\/\",\"name\":\"Adult Puzzle 1000 pieces Vintage Posters - Kekse Champagne Lef\u00e8vre-Utile\",\"isPartOf\":{\"@id\":\"https:\/\/business.roovi.com\/de\/#website\"},\"datePublished\":\"2018-04-16T10:56:17+00:00\",\"dateModified\":\"2022-07-06T17:39:40+00:00\",\"description\":\"Adult Puzzle 1000 pieces Vintage Posters - Kekse Champagne Lef\u00e8vre-Utile\",\"breadcrumb\":{\"@id\":\"https:\/\/business.roovi.com\/de\/adult-puzzle-1000-pieces-vintage-posters-kekse-champagne-lefevre-utile\/p\/#breadcrumb\"},\"inLanguage\":\"de\",\"potentialAction\":[{\"@type\":\"ReadAction\",\"target\":[\"https:\/\/business.roovi.com\/de\/adult-puzzle-1000-pieces-vintage-posters-kekse-champagne-lefevre-utile\/p\/\"]}]},{\"@type\":\"BreadcrumbList\",\"@id\":\"https:\/\/business.roovi.com\/de\/adult-puzzle-1000-pieces-vintage-posters-kekse-champagne-lefevre-utile\/p\/#breadcrumb\",\"itemListElement\":[{\"@type\":\"ListItem\",\"position\":1,\"name\":\"Home\",\"item\":\"https:\/\/business.roovi.com\/de\/\"},{\"@type\":\"ListItem\",\"position\":2,\"name\":\"Shop\",\"item\":\"https:\/\/business.roovi.com\/de\/shop\/\"},{\"@type\":\"ListItem\",\"position\":3,\"name\":\"Adult Puzzle 1000 pieces Vintage Posters &#8211; Kekse Champagne Lef\u00e8vre-Utile\"}]},{\"@type\":\"WebSite\",\"@id\":\"https:\/\/business.roovi.com\/de\/#website\",\"url\":\"https:\/\/business.roovi.com\/de\/\",\"name\":\"Roovi B2B\",\"description\":\"Roovi Business Website\",\"potentialAction\":[{\"@type\":\"SearchAction\",\"target\":{\"@type\":\"EntryPoint\",\"urlTemplate\":\"https:\/\/business.roovi.com\/de\/?s={search_term_string}\"},\"query-input\":\"required name=search_term_string\"}],\"inLanguage\":\"de\"}]}<\/script>\n<!-- \/ Yoast SEO plugin. -->","yoast_head_json":{"title":"Adult Puzzle 1000 pieces Vintage Posters - Kekse Champagne Lef\u00e8vre-Utile","description":"Adult Puzzle 1000 pieces Vintage Posters - Kekse Champagne Lef\u00e8vre-Utile","robots":{"index":"index","follow":"follow","max-snippet":"max-snippet:-1","max-image-preview":"max-image-preview:large","max-video-preview":"max-video-preview:-1"},"canonical":"https:\/\/business.roovi.com\/de\/adult-puzzle-1000-pieces-vintage-posters-kekse-champagne-lefevre-utile\/p\/","og_locale":"de_DE","og_type":"article","og_title":"Adult Puzzle 1000 pieces Vintage Posters - Kekse Champagne Lef\u00e8vre-Utile","og_description":"Adult Puzzle 1000 pieces Vintage Posters - Kekse Champagne Lef\u00e8vre-Utile","og_url":"https:\/\/business.roovi.com\/de\/adult-puzzle-1000-pieces-vintage-posters-kekse-champagne-lefevre-utile\/p\/","og_site_name":"Roovi B2B","article_publisher":"https:\/\/www.facebook.com\/wwwjucariero","article_modified_time":"2022-07-06T17:39:40+00:00","og_image":[{"width":1200,"height":1200,"url":"https:\/\/business.roovi.com\/wp-content\/uploads\/2018\/04\/a67555-5_nsamblu_dimensiuni_cutie_cm_vertical_1200x1200.png","type":"image\/png"}],"twitter_misc":{"Gesch\u00e4tzte Lesezeit":"2\u00a0Minuten"},"schema":{"@context":"https:\/\/schema.org","@graph":[{"@type":"WebPage","@id":"https:\/\/business.roovi.com\/de\/adult-puzzle-1000-pieces-vintage-posters-kekse-champagne-lefevre-utile\/p\/","url":"https:\/\/business.roovi.com\/de\/adult-puzzle-1000-pieces-vintage-posters-kekse-champagne-lefevre-utile\/p\/","name":"Adult Puzzle 1000 pieces Vintage Posters - Kekse Champagne Lef\u00e8vre-Utile","isPartOf":{"@id":"https:\/\/business.roovi.com\/de\/#website"},"datePublished":"2018-04-16T10:56:17+00:00","dateModified":"2022-07-06T17:39:40+00:00","description":"Adult Puzzle 1000 pieces Vintage Posters - Kekse Champagne Lef\u00e8vre-Utile","breadcrumb":{"@id":"https:\/\/business.roovi.com\/de\/adult-puzzle-1000-pieces-vintage-posters-kekse-champagne-lefevre-utile\/p\/#breadcrumb"},"inLanguage":"de","potentialAction":[{"@type":"ReadAction","target":["https:\/\/business.roovi.com\/de\/adult-puzzle-1000-pieces-vintage-posters-kekse-champagne-lefevre-utile\/p\/"]}]},{"@type":"BreadcrumbList","@id":"https:\/\/business.roovi.com\/de\/adult-puzzle-1000-pieces-vintage-posters-kekse-champagne-lefevre-utile\/p\/#breadcrumb","itemListElement":[{"@type":"ListItem","position":1,"name":"Home","item":"https:\/\/business.roovi.com\/de\/"},{"@type":"ListItem","position":2,"name":"Shop","item":"https:\/\/business.roovi.com\/de\/shop\/"},{"@type":"ListItem","position":3,"name":"Adult Puzzle 1000 pieces Vintage Posters &#8211; Kekse Champagne Lef\u00e8vre-Utile"}]},{"@type":"WebSite","@id":"https:\/\/business.roovi.com\/de\/#website","url":"https:\/\/business.roovi.com\/de\/","name":"Roovi B2B","description":"Roovi Business Website","potentialAction":[{"@type":"SearchAction","target":{"@type":"EntryPoint","urlTemplate":"https:\/\/business.roovi.com\/de\/?s={search_term_string}"},"query-input":"required name=search_term_string"}],"inLanguage":"de"}]}},"_links":{"self":[{"href":"https:\/\/business.roovi.com\/de\/wp-json\/wp\/v2\/product\/41642","targetHints":{"allow":["GET"]}}],"collection":[{"href":"https:\/\/business.roovi.com\/de\/wp-json\/wp\/v2\/product"}],"about":[{"href":"https:\/\/business.roovi.com\/de\/wp-json\/wp\/v2\/types\/product"}],"version-history":[{"count":0,"href":"https:\/\/business.roovi.com\/de\/wp-json\/wp\/v2\/product\/41642\/revisions"}],"wp:featuredmedia":[{"embeddable":true,"href":"https:\/\/business.roovi.com\/de\/wp-json\/wp\/v2\/media\/34554"}],"wp:attachment":[{"href":"https:\/\/business.roovi.com\/de\/wp-json\/wp\/v2\/media?parent=41642"}],"wp:term":[{"taxonomy":"product_brand","embeddable":true,"href":"https:\/\/business.roovi.com\/de\/wp-json\/wp\/v2\/product_brand?post=41642"},{"taxonomy":"product_cat","embeddable":true,"href":"https:\/\/business.roovi.com\/de\/wp-json\/wp\/v2\/product_cat?post=41642"},{"taxonomy":"product_tag","embeddable":true,"href":"https:\/\/business.roovi.com\/de\/wp-json\/wp\/v2\/product_tag?post=41642"}],"curies":[{"name":"wp","href":"https:\/\/api.w.org\/{rel}","templated":true}]}}