{"id":41646,"date":"2018-04-16T10:56:17","date_gmt":"2018-04-16T10:56:17","guid":{"rendered":"https:\/\/business.roovi.com\/puzzle-adulti-1000-piese-vintage-posters-champagne-pommery\/p\/"},"modified":"2022-07-06T17:39:49","modified_gmt":"2022-07-06T17:39:49","slug":"adult-1000-pieces-vintage-posters-puzzle-champagne-pommery","status":"publish","type":"product","link":"https:\/\/business.roovi.com\/de\/adult-1000-pieces-vintage-posters-puzzle-champagne-pommery\/p\/","title":{"rendered":"Adult 1000 pieces Vintage Posters Puzzle &#8211; Champagne Pommery"},"content":{"rendered":"<p><span style=\"font-weight: 400\">Hast du eine Leidenschaft f\u00fcr den Vintage-Stil oder willst du einfach deine Freizeit aufwerten? Wir fordern dich heraus, 1000-teilige Puzzles mit au\u00dfergew\u00f6hnlichen Illustrationen nachzubauen, die in der Vintage-Puzzle-Kollektion zusammengefasst sind.<\/span><\/p>\n<p><span style=\"font-weight: 400\">Das 1000-teilige Champagne Pommery Puzzle stellt ein Poster einer alten Champagner-Werbung dar. Das Bild ist eine Illustration im Jugendstil, die eine sch\u00f6ne Frau in einer \u00fcppigen Umgebung zeigt. Die Assoziation eines weiblichen Bildes mit dem prickelnden Getr\u00e4nk ist auf Werbeplakaten aus dem 19.<\/span><\/p>\n<p><span style=\"font-weight: 400\">Mit dem 1000-teiligen Champagne Pommery-Puzzle aus der Vintage-Puzzle-Kollektion erh\u00e4ltst du ein Kunstwerk, das die Anonymit\u00e4t eines pers\u00f6nlichkeitslosen Raums in deinem Zuhause aufhebt.<\/span><\/p>\n<p><span style=\"font-weight: 400\">F\u00fcr die Montage kannst du einen normalen Couchtisch verwenden. Die Gr\u00f6\u00dfe des rekonstruierten Gem\u00e4ldes betr\u00e4gt 50 x 70 cm. Im richtigen Rahmen sieht es umwerfend aus und ist ein originelles Dekorationsobjekt.<\/span><\/p>\n<p><span style=\"font-weight: 400\">Mit 1000 Teilen Vintage Champagne Pommery Puzzle:<\/span><\/p>\n<p><strong>Puzzle-Material <\/strong><\/p>\n<p><strong>hochwertiger blauer Karton<\/strong><\/p>\n<p><strong>nachhaltige, recycelbare Materialien<\/strong><\/p>\n<p><strong>halbgl\u00e4nzende Oberfl\u00e4che, leuchtende Farben<\/strong><\/p>\n<p><strong>Anzahl der Puzzleteile: 1000<\/strong><\/p>\n<p><strong>Empfohlenes Alter: 14+<\/strong><\/p>\n<p><strong>Warum ist das 1000-teilige Vintage-Puzzle Champagne Pommery so besonders? <\/strong><\/p>\n<p><span style=\"font-weight: 400\">Es ist eine tolle M\u00f6glichkeit, in die Welt der Kunst einzutauchen und deine eigene beeindruckende Nachbildung eines Gem\u00e4ldes zu bauen.<\/span><\/p>\n<p><span style=\"font-weight: 400\">Es hilft dir, deine Aufmerksamkeit f\u00fcr Details zu entwickeln.<\/span><\/p>\n<p><span style=\"font-weight: 400\">Sie f\u00f6rdert die Konzentration und Ausdauer.<\/span><\/p>\n<p><span style=\"font-weight: 400\">Es ist eine unterhaltsame Form des mentalen Trainings mit positiven Auswirkungen auf das Ged\u00e4chtnis.<\/span><\/p>\n<p><span style=\"font-weight: 400\">Das gibt dir ein gutes Gef\u00fchl und Optimismus.<\/span><\/p>\n<p><strong>Wusstest du, dass&#8230;?<\/strong><\/p>\n<p><span style=\"font-weight: 400\">Die R\u00f6mer waren die ersten, die in der ber\u00fchmten Champagne im Nordosten Frankreichs Reben anpflanzten.<\/span><\/p>\n<p><span style=\"font-weight: 400\">Champagne Pommery war der erste Hersteller, der die Brut-Reihe von Champagner auf den Markt brachte.<\/span><\/p>\n<p><span style=\"font-weight: 400\">In den vergangenen Jahrhunderten (17., 18. und 19. Jahrhundert) wurde Champagner mit dem Adel und dem K\u00f6nigtum in Verbindung gebracht.<\/span><\/p>\n<p><span style=\"font-weight: 400\">Die Beliebtheit dieses Getr\u00e4nks in der Mittelschicht war auf die Verpackung und die Werbung zur\u00fcckzuf\u00fchren, in die die Hersteller investierten.<\/span><\/p>\n<p><span style=\"font-weight: 400\">Als einer der ber\u00fchmten Champagnertrinker gilt Winston Churchill. Zwischen 1908 und 1965 soll er rund 42.000 Flaschen getrunken haben <\/span><\/p>\n<p><strong>Champagne Pommery 1000 Teile Puzzle lehrt dich die Lektion der Geduld<\/strong><\/p>\n<p><span style=\"font-weight: 400\">Wir leben in einem Zeitalter der Geschwindigkeit und wollen alles sofort haben. Uns gehen st\u00e4ndig so viele W\u00fcnsche und Gedanken durch den Kopf, dass wir st\u00e4ndig m\u00fcde sind und es scheint, als w\u00fcrde uns nichts mehr zufriedenstellen. Puzzle 1000 Teile<\/span> <span style=\"font-weight: 400\">Champagne Pommery hilft dir dabei, dich selbst zu finden, und zwar durch eine Aktivit\u00e4t, die Geduld und Ausdauer erfordert.<\/span><\/p>\n<p><span style=\"font-weight: 400\">Wenn du dir eine Pause von der Hektik des Alltags g\u00f6nnen willst, ist dieses Puzzlespiel mit seinem originellen Design und den leuchtenden Farben eine Gelegenheit, um Luft zu holen und einfache Leidenschaften zu genie\u00dfen.<\/span><\/p>\n<p><span style=\"font-weight: 400\">Wenn du deine Freizeit mit der Familie oder Freunden genie\u00dfen willst, solltest du das Champagne Pommery Puzzle f\u00fcr Erwachsene in Betracht ziehen. Das garantiert dir bis zu 30 Stunden entspannten Spa\u00df und viele Erinnerungen, die du noch lange genie\u00dfen kannst.<\/span><\/p>\n<p><span style=\"font-weight: 400\">Egal, ob du das 1000-teilige Champagne Pommery Puzzle alleine oder mit deinen Liebsten zusammensetzt, dieses Puzzlespiel wird dich aus deinem Alltag herausholen. Nutze alle Vorteile, die dir Puzzle-Spiele bieten und kaufe weitere Modelle aus der Vintage-Puzzle-Kollektion, die auf der Website verf\u00fcgbar ist.<\/span><\/p><\/p>\n","protected":false},"excerpt":{"rendered":"<p>Hast du eine Leidenschaft f\u00fcr den Vintage-Stil oder willst du einfach deine Freizeit aufwerten? Wir fordern dich heraus, 1000-teilige Puzzles<\/p>\n","protected":false},"featured_media":34568,"template":"","meta":[],"product_brand":[],"product_cat":[1916,1875,1915],"product_tag":[],"class_list":{"0":"post-41646","1":"product","2":"type-product","3":"status-publish","4":"has-post-thumbnail","6":"product_cat-1000-teile-puzzle","7":"product_cat-puzzle-de","8":"product_cat-puzzlespiele-fur-erwachsene","9":"pa_bax-10-de","10":"pa_brand-d_toys-de","11":"pa_country_of_manufacture-ro-de","12":"pa_filter_age-14-de","13":"pa_painter-vintage-posters","14":"pa_tip_ambalaj-kasten-a4-de","15":"pa_tip_puzzle-klassisch","17":"first","18":"instock","19":"taxable","20":"shipping-taxable","21":"product-type-simple"},"yoast_head":"<!-- This site is optimized with the Yoast SEO plugin v20.1 - https:\/\/yoast.com\/wordpress\/plugins\/seo\/ -->\n<title>Adult 1000 pieces Vintage Posters Puzzle - Champagne Pommery<\/title>\n<meta name=\"description\" content=\"Adult 1000 pieces Vintage Posters Puzzle - Champagne Pommery\" \/>\n<meta name=\"robots\" content=\"index, follow, max-snippet:-1, max-image-preview:large, max-video-preview:-1\" \/>\n<link rel=\"canonical\" href=\"https:\/\/business.roovi.com\/de\/adult-1000-pieces-vintage-posters-puzzle-champagne-pommery\/p\/\" \/>\n<meta property=\"og:locale\" content=\"de_DE\" \/>\n<meta property=\"og:type\" content=\"article\" \/>\n<meta property=\"og:title\" content=\"Adult 1000 pieces Vintage Posters Puzzle - Champagne Pommery\" \/>\n<meta property=\"og:description\" content=\"Adult 1000 pieces Vintage Posters Puzzle - Champagne Pommery\" \/>\n<meta property=\"og:url\" content=\"https:\/\/business.roovi.com\/de\/adult-1000-pieces-vintage-posters-puzzle-champagne-pommery\/p\/\" \/>\n<meta property=\"og:site_name\" content=\"Roovi B2B\" \/>\n<meta property=\"article:publisher\" content=\"https:\/\/www.facebook.com\/wwwjucariero\" \/>\n<meta property=\"article:modified_time\" content=\"2022-07-06T17:39:49+00:00\" \/>\n<meta property=\"og:image\" content=\"https:\/\/business.roovi.com\/wp-content\/uploads\/2018\/04\/67555-6_ansamblu_dimensiuni_cutie_cm_vertical_1200x1200.png\" \/>\n\t<meta property=\"og:image:width\" content=\"1200\" \/>\n\t<meta property=\"og:image:height\" content=\"1200\" \/>\n\t<meta property=\"og:image:type\" content=\"image\/png\" \/>\n<meta name=\"twitter:label1\" content=\"Gesch\u00e4tzte Lesezeit\" \/>\n\t<meta name=\"twitter:data1\" content=\"3\u00a0Minuten\" \/>\n<script type=\"application\/ld+json\" class=\"yoast-schema-graph\">{\"@context\":\"https:\/\/schema.org\",\"@graph\":[{\"@type\":\"WebPage\",\"@id\":\"https:\/\/business.roovi.com\/de\/adult-1000-pieces-vintage-posters-puzzle-champagne-pommery\/p\/\",\"url\":\"https:\/\/business.roovi.com\/de\/adult-1000-pieces-vintage-posters-puzzle-champagne-pommery\/p\/\",\"name\":\"Adult 1000 pieces Vintage Posters Puzzle - Champagne Pommery\",\"isPartOf\":{\"@id\":\"https:\/\/business.roovi.com\/de\/#website\"},\"datePublished\":\"2018-04-16T10:56:17+00:00\",\"dateModified\":\"2022-07-06T17:39:49+00:00\",\"description\":\"Adult 1000 pieces Vintage Posters Puzzle - Champagne Pommery\",\"breadcrumb\":{\"@id\":\"https:\/\/business.roovi.com\/de\/adult-1000-pieces-vintage-posters-puzzle-champagne-pommery\/p\/#breadcrumb\"},\"inLanguage\":\"de\",\"potentialAction\":[{\"@type\":\"ReadAction\",\"target\":[\"https:\/\/business.roovi.com\/de\/adult-1000-pieces-vintage-posters-puzzle-champagne-pommery\/p\/\"]}]},{\"@type\":\"BreadcrumbList\",\"@id\":\"https:\/\/business.roovi.com\/de\/adult-1000-pieces-vintage-posters-puzzle-champagne-pommery\/p\/#breadcrumb\",\"itemListElement\":[{\"@type\":\"ListItem\",\"position\":1,\"name\":\"Home\",\"item\":\"https:\/\/business.roovi.com\/de\/\"},{\"@type\":\"ListItem\",\"position\":2,\"name\":\"Shop\",\"item\":\"https:\/\/business.roovi.com\/de\/shop\/\"},{\"@type\":\"ListItem\",\"position\":3,\"name\":\"Adult 1000 pieces Vintage Posters Puzzle &#8211; Champagne Pommery\"}]},{\"@type\":\"WebSite\",\"@id\":\"https:\/\/business.roovi.com\/de\/#website\",\"url\":\"https:\/\/business.roovi.com\/de\/\",\"name\":\"Roovi B2B\",\"description\":\"Roovi Business Website\",\"potentialAction\":[{\"@type\":\"SearchAction\",\"target\":{\"@type\":\"EntryPoint\",\"urlTemplate\":\"https:\/\/business.roovi.com\/de\/?s={search_term_string}\"},\"query-input\":\"required name=search_term_string\"}],\"inLanguage\":\"de\"}]}<\/script>\n<!-- \/ Yoast SEO plugin. -->","yoast_head_json":{"title":"Adult 1000 pieces Vintage Posters Puzzle - Champagne Pommery","description":"Adult 1000 pieces Vintage Posters Puzzle - Champagne Pommery","robots":{"index":"index","follow":"follow","max-snippet":"max-snippet:-1","max-image-preview":"max-image-preview:large","max-video-preview":"max-video-preview:-1"},"canonical":"https:\/\/business.roovi.com\/de\/adult-1000-pieces-vintage-posters-puzzle-champagne-pommery\/p\/","og_locale":"de_DE","og_type":"article","og_title":"Adult 1000 pieces Vintage Posters Puzzle - Champagne Pommery","og_description":"Adult 1000 pieces Vintage Posters Puzzle - Champagne Pommery","og_url":"https:\/\/business.roovi.com\/de\/adult-1000-pieces-vintage-posters-puzzle-champagne-pommery\/p\/","og_site_name":"Roovi B2B","article_publisher":"https:\/\/www.facebook.com\/wwwjucariero","article_modified_time":"2022-07-06T17:39:49+00:00","og_image":[{"width":1200,"height":1200,"url":"https:\/\/business.roovi.com\/wp-content\/uploads\/2018\/04\/67555-6_ansamblu_dimensiuni_cutie_cm_vertical_1200x1200.png","type":"image\/png"}],"twitter_misc":{"Gesch\u00e4tzte Lesezeit":"3\u00a0Minuten"},"schema":{"@context":"https:\/\/schema.org","@graph":[{"@type":"WebPage","@id":"https:\/\/business.roovi.com\/de\/adult-1000-pieces-vintage-posters-puzzle-champagne-pommery\/p\/","url":"https:\/\/business.roovi.com\/de\/adult-1000-pieces-vintage-posters-puzzle-champagne-pommery\/p\/","name":"Adult 1000 pieces Vintage Posters Puzzle - Champagne Pommery","isPartOf":{"@id":"https:\/\/business.roovi.com\/de\/#website"},"datePublished":"2018-04-16T10:56:17+00:00","dateModified":"2022-07-06T17:39:49+00:00","description":"Adult 1000 pieces Vintage Posters Puzzle - Champagne Pommery","breadcrumb":{"@id":"https:\/\/business.roovi.com\/de\/adult-1000-pieces-vintage-posters-puzzle-champagne-pommery\/p\/#breadcrumb"},"inLanguage":"de","potentialAction":[{"@type":"ReadAction","target":["https:\/\/business.roovi.com\/de\/adult-1000-pieces-vintage-posters-puzzle-champagne-pommery\/p\/"]}]},{"@type":"BreadcrumbList","@id":"https:\/\/business.roovi.com\/de\/adult-1000-pieces-vintage-posters-puzzle-champagne-pommery\/p\/#breadcrumb","itemListElement":[{"@type":"ListItem","position":1,"name":"Home","item":"https:\/\/business.roovi.com\/de\/"},{"@type":"ListItem","position":2,"name":"Shop","item":"https:\/\/business.roovi.com\/de\/shop\/"},{"@type":"ListItem","position":3,"name":"Adult 1000 pieces Vintage Posters Puzzle &#8211; Champagne Pommery"}]},{"@type":"WebSite","@id":"https:\/\/business.roovi.com\/de\/#website","url":"https:\/\/business.roovi.com\/de\/","name":"Roovi B2B","description":"Roovi Business Website","potentialAction":[{"@type":"SearchAction","target":{"@type":"EntryPoint","urlTemplate":"https:\/\/business.roovi.com\/de\/?s={search_term_string}"},"query-input":"required name=search_term_string"}],"inLanguage":"de"}]}},"_links":{"self":[{"href":"https:\/\/business.roovi.com\/de\/wp-json\/wp\/v2\/product\/41646","targetHints":{"allow":["GET"]}}],"collection":[{"href":"https:\/\/business.roovi.com\/de\/wp-json\/wp\/v2\/product"}],"about":[{"href":"https:\/\/business.roovi.com\/de\/wp-json\/wp\/v2\/types\/product"}],"version-history":[{"count":0,"href":"https:\/\/business.roovi.com\/de\/wp-json\/wp\/v2\/product\/41646\/revisions"}],"wp:featuredmedia":[{"embeddable":true,"href":"https:\/\/business.roovi.com\/de\/wp-json\/wp\/v2\/media\/34568"}],"wp:attachment":[{"href":"https:\/\/business.roovi.com\/de\/wp-json\/wp\/v2\/media?parent=41646"}],"wp:term":[{"taxonomy":"product_brand","embeddable":true,"href":"https:\/\/business.roovi.com\/de\/wp-json\/wp\/v2\/product_brand?post=41646"},{"taxonomy":"product_cat","embeddable":true,"href":"https:\/\/business.roovi.com\/de\/wp-json\/wp\/v2\/product_cat?post=41646"},{"taxonomy":"product_tag","embeddable":true,"href":"https:\/\/business.roovi.com\/de\/wp-json\/wp\/v2\/product_tag?post=41646"}],"curies":[{"name":"wp","href":"https:\/\/api.w.org\/{rel}","templated":true}]}}