{"id":41658,"date":"2018-04-16T10:56:17","date_gmt":"2018-04-16T10:56:17","guid":{"rendered":"https:\/\/business.roovi.com\/puzzle-adulti-1000-piese-vintage-posters-marlene-dietrich-the-devil-is-a-woman\/p\/"},"modified":"2022-07-06T17:44:19","modified_gmt":"2022-07-06T17:44:19","slug":"adult-1000-pieces-vintage-posters-puzzle-marlene-dietrich-the-devil-is-a-woman","status":"publish","type":"product","link":"https:\/\/business.roovi.com\/de\/adult-1000-pieces-vintage-posters-puzzle-marlene-dietrich-the-devil-is-a-woman\/p\/","title":{"rendered":"Adult 1000 pieces Vintage Posters Puzzle &#8211; Marlene Dietrich, The Devil is a Woman"},"content":{"rendered":"<p><span style=\"font-weight: 400\">Wusstest du, dass Vintage das neue Cool ist? Wie w\u00e4re es mit einer ganzen Serie von 1000-teiligen Vintage-Puzzles? Setze Puzzles f\u00fcr Erwachsene mit faszinierenden Bildern zusammen, die bedeutende Szenen aus dem 19. und 20. Jahrhundert zeigen, und erstelle deine eigene einzigartige Sammlung von Originalbildern im Vintage-Stil.<\/span><\/p>\n<p><em><span style=\"font-weight: 400\">Der Teufel ist eine Frau<\/span><\/em><span style=\"font-weight: 400\"> ist einer der ber\u00fchmten Filme mit der exzentrischen Marlene Dietrich in der Hauptrolle. Vintage Marlene Dietrich 1000 Teile Puzzle, The Devil is a Woman ist eine Reproduktion eines der Werbeplakate f\u00fcr den Film, der 1935 in die Kinos kam.<\/span><\/p>\n<p><span style=\"font-weight: 400\">Der Film erfreute sich bei seinem Erscheinen keiner gro\u00dfen Beliebtheit und erzielte unerwartet niedrige Verkaufszahlen. Dennoch ist der Film eine Ikone des amerikanischen Kinos, und Dietrich selbst sagte, es sei ihre Lieblingszusammenarbeit mit Regisseur Sternberg gewesen <\/span><\/p>\n<p><span style=\"font-weight: 400\">Eine Geschichte, die das Leben eines \u00e4lteren Mannes untersucht, der blind in eine Femme fatale verliebt ist, der seine Gef\u00fchle gleichg\u00fcltig sind. Dietrich spielt einen teuflischen Spanier, der sich an den Leiden von Don Pasqual erg\u00f6tzt, einer erb\u00e4rmlichen Figur, die zum Sklaven einer unerwiderten Leidenschaft wird.<\/span><\/p>\n<p><span style=\"font-weight: 400\">Wenn du den Film gesehen hast oder wenn du klassische Filme magst, wird dich dieses 1000-teilige Puzzle in die Geschichte des ber\u00fchmten Films hineinversetzen. F\u00fcr die Montage kannst du einen normalen Couchtisch verwenden. Mach dir eine sch\u00f6ne Tasse Tee oder einen guten Kaffee und begib dich auf ein faszinierendes Abenteuer mit Marlene Dietrich.<\/span><\/p>\n<p><span style=\"font-weight: 400\">Mit Marlene Dietrich, The Devil is a Woman 1000 Teile Puzzle:<\/span><\/p>\n<p><strong>Gr\u00f6\u00dfe des rekonstruierten Bildes: 50 x 70 cm.<\/strong><\/p>\n<p><strong>Puzzle-Material <\/strong><\/p>\n<p><strong>hochwertiger blauer Karton<\/strong><\/p>\n<p><strong>nachhaltige, recycelbare Materialien<\/strong><\/p>\n<p><strong>halbgl\u00e4nzende Oberfl\u00e4che, leuchtende Farben<\/strong><\/p>\n<p><strong>Anzahl der Puzzleteile: 1000<\/strong><\/p>\n<p><strong>Empfohlenes Alter: 14+<\/strong><\/p>\n<p><span style=\"font-weight: 400\">Das 1000-teilige Marlene-Dietrich-Puzzle Die Frau ist ein Teufel hilft dir, F\u00e4higkeiten zu entwickeln, die du jeden Tag bei deinen allt\u00e4glichen Aktivit\u00e4ten brauchst:<\/span><\/p>\n<ul>\n<li><span style=\"font-weight: 400\">Liebe zum Detail<\/span><\/li>\n<li><span style=\"font-weight: 400\">Beharrlichkeit<\/span><\/li>\n<li><span style=\"font-weight: 400\">Koordinationsf\u00e4higkeit <\/span><\/li>\n<li><span style=\"font-weight: 400\">Feinmotorische F\u00e4higkeiten<\/span><\/li>\n<li><span style=\"font-weight: 400\">Logisches Denken<\/span><\/li>\n<li><span style=\"font-weight: 400\">F\u00e4higkeit, Probleme zu l\u00f6sen.<\/span><\/li>\n<\/ul>\n<p><strong>Wusstest du, dass&#8230;?<\/strong><\/p>\n<p><span style=\"font-weight: 400\">Nach der Ver\u00f6ffentlichung 1935 bat die spanische Botschaft die US-Regierung, den Film zur\u00fcckzuziehen <\/span><em><span style=\"font-weight: 400\">Der Teufel ist eine Frau<\/span><\/em><span style=\"font-weight: 400\"> vom Markt genommen, weil einige Szenen von der spanischen Guardia Civil als anst\u00f6\u00dfig angesehen wurden <\/span><\/p>\n<p><span style=\"font-weight: 400\">Marlene Dietrich <\/span><span style=\"font-weight: 400\">war die erste deutsche Schauspielerin, die eine erfolgreiche Karriere in Hollywood hatte.<\/span><\/p>\n<p><span style=\"font-weight: 400\">Neben ihren denkw\u00fcrdigen Rollen in Filmen war Marlene eine gl\u00fchende Verfechterin des Kampfes gegen den Nationalsozialismus.<\/span><\/p>\n<p><span style=\"font-weight: 400\">F\u00fcr ihre Arbeit zur Unterst\u00fctzung der Soldaten im Zweiten Weltkrieg wurde sie von L\u00e4ndern wie den Vereinigten Staaten, Frankreich und Israel mehrfach ausgezeichnet.<\/span><\/p>\n<p><span style=\"font-weight: 400\">W\u00e4hrend des Dritten Reichs, sagte die Schauspielerin in einem Interview, dass <\/span><em><span style=\"font-weight: 400\">&#8222;Hitler ist ein Idiot&#8220;<\/span><\/em><span style=\"font-weight: 400\">was ihr nicht gefiel und sie wurde zur Landesverr\u00e4terin erkl\u00e4rt.<\/span><\/p>\n<p><strong>Vintage-Puzzle mit 1000 Teilen &#8211; eine einzigartige Gelegenheit, in die Welt der Kunst einzutauchen<\/strong><\/p>\n<p><span style=\"font-weight: 400\">Ein altes Kunstpuzzle zu \u00fcberarbeiten ist eine Herausforderung f\u00fcr den Verstand, aber auch eine Gelegenheit, k\u00fcnstlerische Sch\u00f6nheit zu entdecken. Hier sind einige der Vorteile, die das Zusammensetzen solcher Puzzles mit sich bringt:<\/span><\/p>\n<p><span style=\"font-weight: 400\">Sie bieten bis zu 30 Stunden entspannenden Spa\u00df.<\/span><\/p>\n<p><span style=\"font-weight: 400\">Du schaffst ein besonderes Kunstwerk, das ein dekoratives Objekt sein wird, das einem langweiligen Ort in deinem Zuhause Pers\u00f6nlichkeit verleiht.<\/span><\/p>\n<p><span style=\"font-weight: 400\">Du entwickelst deine Vorstellungskraft, indem du dich auf die Geschichte des Bildes einl\u00e4sst und deine eigenen Szenarien entwickelst, die dir helfen, aus deinem Trott herauszukommen.<\/span><\/p>\n<p><span style=\"font-weight: 400\">Es ist eine gute Gelegenheit, sich zu entspannen und die Probleme des Alltags hinter sich zu lassen.<\/span><\/p>\n<p><span style=\"font-weight: 400\">Du f\u00fchlst dich wie ein echter Detektiv, der nach Details sucht, die dir helfen, den mysteri\u00f6sen Fall in dem Puzzlespiel zu l\u00f6sen.<\/span><\/p>\n<p><span style=\"font-weight: 400\">Marlene Dietrichs 1000 Teile Puzzle &#8222;Die Frau ist ein Teufel&#8220; ist eine einzigartige Gelegenheit, ein unvergessliches Bild nachzubauen und zu besitzen, das deine Augen erfreut. Wenn du die kreative Seite des Puzzlespiels mehr sch\u00e4tzt und es magst, ein Bild immer wieder neu zu gestalten, dann kaufe dieses 1000-Teile-Puzzle und behalte es in deinem Zuhause.<\/span><\/p>\n<p><span style=\"font-weight: 400\">Und wenn dir auf der Suche nach Geschenken die Inspiration fehlt, hilft dir das 1000-teilige Puzzle Marlene Dietrich, Die Frau ist ein Teufel aus der Vintage Puzzle Collection aus der Patsche.<\/span><\/p><\/p>\n","protected":false},"excerpt":{"rendered":"<p>Wusstest du, dass Vintage das neue Cool ist? Wie w\u00e4re es mit einer ganzen Serie von 1000-teiligen Vintage-Puzzles? Setze Puzzles<\/p>\n","protected":false},"featured_media":34600,"template":"","meta":[],"product_brand":[],"product_cat":[1916,1875,1915],"product_tag":[],"class_list":{"0":"post-41658","1":"product","2":"type-product","3":"status-publish","4":"has-post-thumbnail","6":"product_cat-1000-teile-puzzle","7":"product_cat-puzzle-de","8":"product_cat-puzzlespiele-fur-erwachsene","9":"pa_bax-10-de","10":"pa_brand-d_toys-de","11":"pa_country_of_manufacture-ro-de","12":"pa_filter_age-14-de","13":"pa_painter-vintage-posters","14":"pa_tip_ambalaj-kasten-a4-de","15":"pa_tip_puzzle-klassisch","17":"first","18":"instock","19":"taxable","20":"shipping-taxable","21":"product-type-simple"},"yoast_head":"<!-- This site is optimized with the Yoast SEO plugin v20.1 - https:\/\/yoast.com\/wordpress\/plugins\/seo\/ -->\n<title>Adult 1000 pieces Vintage Posters Puzzle - Marlene Dietrich, The Devil is a Woman<\/title>\n<meta name=\"description\" content=\"Adult 1000 pieces Vintage Posters Puzzle - Marlene Dietrich, The Devil is a Woman\" \/>\n<meta name=\"robots\" content=\"index, follow, max-snippet:-1, max-image-preview:large, max-video-preview:-1\" \/>\n<link rel=\"canonical\" href=\"https:\/\/business.roovi.com\/de\/adult-1000-pieces-vintage-posters-puzzle-marlene-dietrich-the-devil-is-a-woman\/p\/\" \/>\n<meta property=\"og:locale\" content=\"de_DE\" \/>\n<meta property=\"og:type\" content=\"article\" \/>\n<meta property=\"og:title\" content=\"Adult 1000 pieces Vintage Posters Puzzle - Marlene Dietrich, The Devil is a Woman\" \/>\n<meta property=\"og:description\" content=\"Adult 1000 pieces Vintage Posters Puzzle - Marlene Dietrich, The Devil is a Woman\" \/>\n<meta property=\"og:url\" content=\"https:\/\/business.roovi.com\/de\/adult-1000-pieces-vintage-posters-puzzle-marlene-dietrich-the-devil-is-a-woman\/p\/\" \/>\n<meta property=\"og:site_name\" content=\"Roovi B2B\" \/>\n<meta property=\"article:publisher\" content=\"https:\/\/www.facebook.com\/wwwjucariero\" \/>\n<meta property=\"article:modified_time\" content=\"2022-07-06T17:44:19+00:00\" \/>\n<meta property=\"og:image\" content=\"https:\/\/business.roovi.com\/wp-content\/uploads\/2018\/04\/67555-10_ansamblu_dimensiuni_cutie_cm_vertical_1200x1200.png\" \/>\n\t<meta property=\"og:image:width\" content=\"1200\" \/>\n\t<meta property=\"og:image:height\" content=\"1200\" \/>\n\t<meta property=\"og:image:type\" content=\"image\/png\" \/>\n<meta name=\"twitter:label1\" content=\"Gesch\u00e4tzte Lesezeit\" \/>\n\t<meta name=\"twitter:data1\" content=\"3\u00a0Minuten\" \/>\n<script type=\"application\/ld+json\" class=\"yoast-schema-graph\">{\"@context\":\"https:\/\/schema.org\",\"@graph\":[{\"@type\":\"WebPage\",\"@id\":\"https:\/\/business.roovi.com\/de\/adult-1000-pieces-vintage-posters-puzzle-marlene-dietrich-the-devil-is-a-woman\/p\/\",\"url\":\"https:\/\/business.roovi.com\/de\/adult-1000-pieces-vintage-posters-puzzle-marlene-dietrich-the-devil-is-a-woman\/p\/\",\"name\":\"Adult 1000 pieces Vintage Posters Puzzle - Marlene Dietrich, The Devil is a Woman\",\"isPartOf\":{\"@id\":\"https:\/\/business.roovi.com\/de\/#website\"},\"datePublished\":\"2018-04-16T10:56:17+00:00\",\"dateModified\":\"2022-07-06T17:44:19+00:00\",\"description\":\"Adult 1000 pieces Vintage Posters Puzzle - Marlene Dietrich, The Devil is a Woman\",\"breadcrumb\":{\"@id\":\"https:\/\/business.roovi.com\/de\/adult-1000-pieces-vintage-posters-puzzle-marlene-dietrich-the-devil-is-a-woman\/p\/#breadcrumb\"},\"inLanguage\":\"de\",\"potentialAction\":[{\"@type\":\"ReadAction\",\"target\":[\"https:\/\/business.roovi.com\/de\/adult-1000-pieces-vintage-posters-puzzle-marlene-dietrich-the-devil-is-a-woman\/p\/\"]}]},{\"@type\":\"BreadcrumbList\",\"@id\":\"https:\/\/business.roovi.com\/de\/adult-1000-pieces-vintage-posters-puzzle-marlene-dietrich-the-devil-is-a-woman\/p\/#breadcrumb\",\"itemListElement\":[{\"@type\":\"ListItem\",\"position\":1,\"name\":\"Home\",\"item\":\"https:\/\/business.roovi.com\/de\/\"},{\"@type\":\"ListItem\",\"position\":2,\"name\":\"Shop\",\"item\":\"https:\/\/business.roovi.com\/de\/shop\/\"},{\"@type\":\"ListItem\",\"position\":3,\"name\":\"Adult 1000 pieces Vintage Posters Puzzle &#8211; Marlene Dietrich, The Devil is a Woman\"}]},{\"@type\":\"WebSite\",\"@id\":\"https:\/\/business.roovi.com\/de\/#website\",\"url\":\"https:\/\/business.roovi.com\/de\/\",\"name\":\"Roovi B2B\",\"description\":\"Roovi Business Website\",\"potentialAction\":[{\"@type\":\"SearchAction\",\"target\":{\"@type\":\"EntryPoint\",\"urlTemplate\":\"https:\/\/business.roovi.com\/de\/?s={search_term_string}\"},\"query-input\":\"required name=search_term_string\"}],\"inLanguage\":\"de\"}]}<\/script>\n<!-- \/ Yoast SEO plugin. -->","yoast_head_json":{"title":"Adult 1000 pieces Vintage Posters Puzzle - Marlene Dietrich, The Devil is a Woman","description":"Adult 1000 pieces Vintage Posters Puzzle - Marlene Dietrich, The Devil is a Woman","robots":{"index":"index","follow":"follow","max-snippet":"max-snippet:-1","max-image-preview":"max-image-preview:large","max-video-preview":"max-video-preview:-1"},"canonical":"https:\/\/business.roovi.com\/de\/adult-1000-pieces-vintage-posters-puzzle-marlene-dietrich-the-devil-is-a-woman\/p\/","og_locale":"de_DE","og_type":"article","og_title":"Adult 1000 pieces Vintage Posters Puzzle - Marlene Dietrich, The Devil is a Woman","og_description":"Adult 1000 pieces Vintage Posters Puzzle - Marlene Dietrich, The Devil is a Woman","og_url":"https:\/\/business.roovi.com\/de\/adult-1000-pieces-vintage-posters-puzzle-marlene-dietrich-the-devil-is-a-woman\/p\/","og_site_name":"Roovi B2B","article_publisher":"https:\/\/www.facebook.com\/wwwjucariero","article_modified_time":"2022-07-06T17:44:19+00:00","og_image":[{"width":1200,"height":1200,"url":"https:\/\/business.roovi.com\/wp-content\/uploads\/2018\/04\/67555-10_ansamblu_dimensiuni_cutie_cm_vertical_1200x1200.png","type":"image\/png"}],"twitter_misc":{"Gesch\u00e4tzte Lesezeit":"3\u00a0Minuten"},"schema":{"@context":"https:\/\/schema.org","@graph":[{"@type":"WebPage","@id":"https:\/\/business.roovi.com\/de\/adult-1000-pieces-vintage-posters-puzzle-marlene-dietrich-the-devil-is-a-woman\/p\/","url":"https:\/\/business.roovi.com\/de\/adult-1000-pieces-vintage-posters-puzzle-marlene-dietrich-the-devil-is-a-woman\/p\/","name":"Adult 1000 pieces Vintage Posters Puzzle - Marlene Dietrich, The Devil is a Woman","isPartOf":{"@id":"https:\/\/business.roovi.com\/de\/#website"},"datePublished":"2018-04-16T10:56:17+00:00","dateModified":"2022-07-06T17:44:19+00:00","description":"Adult 1000 pieces Vintage Posters Puzzle - Marlene Dietrich, The Devil is a Woman","breadcrumb":{"@id":"https:\/\/business.roovi.com\/de\/adult-1000-pieces-vintage-posters-puzzle-marlene-dietrich-the-devil-is-a-woman\/p\/#breadcrumb"},"inLanguage":"de","potentialAction":[{"@type":"ReadAction","target":["https:\/\/business.roovi.com\/de\/adult-1000-pieces-vintage-posters-puzzle-marlene-dietrich-the-devil-is-a-woman\/p\/"]}]},{"@type":"BreadcrumbList","@id":"https:\/\/business.roovi.com\/de\/adult-1000-pieces-vintage-posters-puzzle-marlene-dietrich-the-devil-is-a-woman\/p\/#breadcrumb","itemListElement":[{"@type":"ListItem","position":1,"name":"Home","item":"https:\/\/business.roovi.com\/de\/"},{"@type":"ListItem","position":2,"name":"Shop","item":"https:\/\/business.roovi.com\/de\/shop\/"},{"@type":"ListItem","position":3,"name":"Adult 1000 pieces Vintage Posters Puzzle &#8211; Marlene Dietrich, The Devil is a Woman"}]},{"@type":"WebSite","@id":"https:\/\/business.roovi.com\/de\/#website","url":"https:\/\/business.roovi.com\/de\/","name":"Roovi B2B","description":"Roovi Business Website","potentialAction":[{"@type":"SearchAction","target":{"@type":"EntryPoint","urlTemplate":"https:\/\/business.roovi.com\/de\/?s={search_term_string}"},"query-input":"required name=search_term_string"}],"inLanguage":"de"}]}},"_links":{"self":[{"href":"https:\/\/business.roovi.com\/de\/wp-json\/wp\/v2\/product\/41658","targetHints":{"allow":["GET"]}}],"collection":[{"href":"https:\/\/business.roovi.com\/de\/wp-json\/wp\/v2\/product"}],"about":[{"href":"https:\/\/business.roovi.com\/de\/wp-json\/wp\/v2\/types\/product"}],"version-history":[{"count":0,"href":"https:\/\/business.roovi.com\/de\/wp-json\/wp\/v2\/product\/41658\/revisions"}],"wp:featuredmedia":[{"embeddable":true,"href":"https:\/\/business.roovi.com\/de\/wp-json\/wp\/v2\/media\/34600"}],"wp:attachment":[{"href":"https:\/\/business.roovi.com\/de\/wp-json\/wp\/v2\/media?parent=41658"}],"wp:term":[{"taxonomy":"product_brand","embeddable":true,"href":"https:\/\/business.roovi.com\/de\/wp-json\/wp\/v2\/product_brand?post=41658"},{"taxonomy":"product_cat","embeddable":true,"href":"https:\/\/business.roovi.com\/de\/wp-json\/wp\/v2\/product_cat?post=41658"},{"taxonomy":"product_tag","embeddable":true,"href":"https:\/\/business.roovi.com\/de\/wp-json\/wp\/v2\/product_tag?post=41658"}],"curies":[{"name":"wp","href":"https:\/\/api.w.org\/{rel}","templated":true}]}}