{"id":41662,"date":"2018-04-16T10:56:17","date_gmt":"2018-04-16T10:56:17","guid":{"rendered":"https:\/\/business.roovi.com\/puzzle-adulti-1000-piese-hans-andersen-brendekilde-spring-a-young-couple-in-a-rowing-boat-on-odense\/p\/"},"modified":"2022-07-06T17:44:28","modified_gmt":"2022-07-06T17:44:28","slug":"hans-andersen-brendekilde-puzzle-fruhling-ein-junges-paar-in-einem-ruderboot-auf-odense-puzzle-fur-erwachsene-1000-teile","status":"publish","type":"product","link":"https:\/\/business.roovi.com\/de\/hans-andersen-brendekilde-puzzle-fruhling-ein-junges-paar-in-einem-ruderboot-auf-odense-puzzle-fur-erwachsene-1000-teile\/p\/","title":{"rendered":"Hans Andersen Brendekilde Puzzle &#8211; Fr\u00fchling. Ein junges Paar in einem Ruderboot auf Odense &#8211; Puzzle f\u00fcr Erwachsene 1000 Teile"},"content":{"rendered":"<p><span style=\"font-weight: 400\">Entdecke die begabtesten Malerinnen und Maler aller Zeiten durch Kunstr\u00e4tsel! Lerne Leonardo da Vinci, Vincent van Gogh und viele andere kennen, indem du Bilder ihrer ber\u00fchmten Gem\u00e4lde zusammenf\u00fcgst. Rahme die Bilder in dem 1000-teiligen Puzzle ein und erstelle deine eigene fabelhafte Kunstsammlung <\/span><\/p>\n<p><span style=\"font-weight: 400\">Hans Andersen Brendekilde ist einer der ber\u00fchmtesten Maler D\u00e4nemarks. Seine naturalistischen Werke werden f\u00fcr ihre perfekte Maltechnik und die Emotionen, die sie vermitteln, gesch\u00e4tzt. In dem 1000-teiligen Puzzle Hans Andersen Brendekilde &#8211; Fr\u00fchling. Ein junges Paar in einem Ruderboot auf Odense entdeckst du das Bild einer friedlichen, l\u00e4ndlichen Welt, die ein Gef\u00fchl von Ruhe und Entspannung vermittelt <\/span><\/p>\n<p><span style=\"font-weight: 400\">Ein junges Paar genie\u00dft einen sonnigen Fr\u00fchlingstag bei einer Bootsfahrt auf einem ruhigen Fluss in der N\u00e4he von Odense. Ein farbenfrohes Gem\u00e4lde, das du mit deinen eigenen H\u00e4nden anfertigen wirst. Lehn dich zur\u00fcck und sei der Meister, der aus einem 1000-teiligen Puzzle ein Kunstwerk schafft <\/span><\/p>\n<p><span style=\"font-weight: 400\">Hans Andersen Brendekilde Art Puzzle &#8211; Fr\u00fchling. Ein junges Paar in einem Ruderboot auf Odense wird aus besonders hochwertigen Materialien hergestellt, die es widerstandsf\u00e4hig gegen Mehrfachmontagen machen. Das Ergebnis ist jedes Mal ein makelloses Gem\u00e4lde.<\/span><\/p>\n<p><span style=\"font-weight: 400\">Merkmale des Hans Andersen Kunstr\u00e4tsels Brendekilde &#8211; Fr\u00fchling. Ein junges Paar in einem Ruderboot auf Odense<\/span><\/p>\n<p><strong>Gr\u00f6\u00dfe des nachbearbeiteten Bildes: 50 x 70 cm &#8211;<\/strong><span style=\"font-weight: 400\"> du kannst einen normalen Couchtisch f\u00fcr die Montage verwenden.<\/span><\/p>\n<p><strong>Puzzle-Material <\/strong><\/p>\n<p><strong>hochwertiger blauer Karton<\/strong><\/p>\n<p><strong>nachhaltige, recycelbare Materialien<\/strong><\/p>\n<p><strong>halbgl\u00e4nzende Oberfl\u00e4che, leuchtende Farben<\/strong><\/p>\n<p><strong>Anzahl der Puzzleteile: 1000<\/strong><\/p>\n<p><strong>Empfohlenes Alter: 14+<\/strong><\/p>\n<p><strong>R\u00e4tsel f\u00fcr Erwachsene und die F\u00e4higkeiten, die sie entwickeln<\/strong><\/p>\n<p><strong>Beharrlichkeit <\/strong><span style=\"font-weight: 400\">Manchmal scheint es unm\u00f6glich zu sein, den Platz f\u00fcr jedes Teil im 1000-Puzzle zu finden. Aber du bist entschlossen, die Arbeit bis zum Ende durchzuziehen und schaffst es, das Bild zu vollenden, wenn es das ist, was du dir wirklich vorgenommen hast. Diese \u00dcbung in Beharrlichkeit wird zu erfolgreichen Erfahrungen in anderen Bereichen deines Lebens f\u00fchren.<\/span><\/p>\n<p><strong>Speicher <\/strong><span style=\"font-weight: 400\">Beim L\u00f6sen jedes Puzzles trainierst du dein Ged\u00e4chtnis, indem du dir Formen, Farben und die Position der Puzzleteile merkst. Diese \u00dcbung hilft dir, dein Kurzzeitged\u00e4chtnis zu verbessern.<\/span><\/p>\n<p><strong>Teamwork und soziale Kompetenz <\/strong><span style=\"font-weight: 400\">Baue mit deinen Kindern ein 1000-teiliges Puzzle zusammen. Es ist eine gute Gelegenheit, ihnen Teamwork beizubringen und ihre sozialen F\u00e4higkeiten zu entwickeln. Auch du kannst diese Vorteile genie\u00dfen und du wirst dich noch mehr an sie binden.<\/span><\/p>\n<p><strong>Wissenswertes \u00fcber den Maler Hans Andersen Brendekilde<\/strong><\/p>\n<ul>\n<li><span style=\"font-weight: 400\">Er war ein entfernter Verwandter von Hans Christian Andersen.<\/span><\/li>\n<li><span style=\"font-weight: 400\">Er ist einer der wenigen impressionistischen Maler D\u00e4nemarks.<\/span><\/li>\n<li><span style=\"font-weight: 400\">Er stammte aus einer armen Familie und verdiente sich als Kind seinen Lebensunterhalt als Schafhirte.<\/span><\/li>\n<li><span style=\"font-weight: 400\">Als Kind schnitzte er immer Tiere in Holz.<\/span><\/li>\n<li><span style=\"font-weight: 400\">In seinen Gem\u00e4lden stellte er arme Menschen dar und schilderte das raue Landleben in D\u00e4nemark.<\/span><\/li>\n<li><span style=\"font-weight: 400\">Er entwarf und fertigte Rahmen f\u00fcr seine Bilder an, die Teil der Bilder und ihrer Geschichte sind <\/span><\/li>\n<\/ul>\n<p><strong>Puzzlespiele halten dich jung und gesund<\/strong><\/p>\n<p><span style=\"font-weight: 400\">Wusstest du, dass Spielen den Alterungsprozess verlangsamt? Puzzles f\u00fcr Erwachsene sind eine andere Art von Spiel. Zu den vielen Vorteilen, die das Zusammensetzen von Puzzles mit sich bringt, geh\u00f6rt auch die Verlangsamung des Alterungsprozesses. Insbesondere Puzzlespiele helfen dabei, den Verfall der Gehirnzellen zu verlangsamen. So halten sie dein Gehirn gesund und jung und geben dir deine t\u00e4gliche Dosis an Energie und Vitalit\u00e4t.<\/span><\/p>\n<p><span style=\"font-weight: 400\">Kaufe jetzt Hans Andersen Brendekilde &#8211; Spring 1000 pieces puzzle. Ein junges Paar in einem Ruderboot auf Odense und gestalte das Kunstwerk mit deiner Familie oder deinen Freunden nach. Verbringe deine Freizeit kreativ und erfreue dich an einem dekorativen Objekt aus dem 1000-Teile-Puzzle.<\/span><\/p>\n<p><span style=\"font-weight: 400\">Hans Andersen Brendekilde &#8211; Fr\u00fchling 1000 Teile Puzzle. Ein junges Paar in einem Ruderboot auf Odense aus der Kunstpuzzle-Kollektion ist ein perfektes Geschenk f\u00fcr Puzzle- oder Kunstliebhaber.<\/span><\/p><\/p>\n","protected":false},"excerpt":{"rendered":"<p>Entdecke die begabtesten Malerinnen und Maler aller Zeiten durch Kunstr\u00e4tsel! Lerne Leonardo da Vinci, Vincent van Gogh und viele andere<\/p>\n","protected":false},"featured_media":63448,"template":"","meta":[],"product_brand":[],"product_cat":[1916,1875,1915],"product_tag":[],"class_list":{"0":"post-41662","1":"product","2":"type-product","3":"status-publish","4":"has-post-thumbnail","6":"product_cat-1000-teile-puzzle","7":"product_cat-puzzle-de","8":"product_cat-puzzlespiele-fur-erwachsene","9":"pa_bax-10-de","10":"pa_brand-d_toys-de","11":"pa_country_of_manufacture-ro-de","12":"pa_filter_age-14-de","13":"pa_painter-hans-andersen-brendekilde","14":"pa_tip_ambalaj-kasten-a4-de","15":"pa_tip_puzzle-klassisch","17":"first","18":"instock","19":"taxable","20":"shipping-taxable","21":"product-type-simple"},"yoast_head":"<!-- This site is optimized with the Yoast SEO plugin v20.1 - https:\/\/yoast.com\/wordpress\/plugins\/seo\/ -->\n<title>Hans Andersen Brendekilde Puzzle - Fr\u00fchling. Ein junges Paar in einem Ruderboot auf Odense - Puzzle f\u00fcr Erwachsene 1000 Teile<\/title>\n<meta name=\"description\" content=\"Hans Andersen Brendekilde Puzzle - Fr\u00fchling. Ein junges Paar in einem Ruderboot auf Odense - Puzzle f\u00fcr Erwachsene 1000 Teile\" \/>\n<meta name=\"robots\" content=\"index, follow, max-snippet:-1, max-image-preview:large, max-video-preview:-1\" \/>\n<link rel=\"canonical\" href=\"https:\/\/business.roovi.com\/de\/hans-andersen-brendekilde-puzzle-fruhling-ein-junges-paar-in-einem-ruderboot-auf-odense-puzzle-fur-erwachsene-1000-teile\/p\/\" \/>\n<meta property=\"og:locale\" content=\"de_DE\" \/>\n<meta property=\"og:type\" content=\"article\" \/>\n<meta property=\"og:title\" content=\"Hans Andersen Brendekilde Puzzle - Fr\u00fchling. Ein junges Paar in einem Ruderboot auf Odense - Puzzle f\u00fcr Erwachsene 1000 Teile\" \/>\n<meta property=\"og:description\" content=\"Hans Andersen Brendekilde Puzzle - Fr\u00fchling. Ein junges Paar in einem Ruderboot auf Odense - Puzzle f\u00fcr Erwachsene 1000 Teile\" \/>\n<meta property=\"og:url\" content=\"https:\/\/business.roovi.com\/de\/hans-andersen-brendekilde-puzzle-fruhling-ein-junges-paar-in-einem-ruderboot-auf-odense-puzzle-fur-erwachsene-1000-teile\/p\/\" \/>\n<meta property=\"og:site_name\" content=\"Roovi B2B\" \/>\n<meta property=\"article:publisher\" content=\"https:\/\/www.facebook.com\/wwwjucariero\" \/>\n<meta property=\"article:modified_time\" content=\"2022-07-06T17:44:28+00:00\" \/>\n<meta property=\"og:image\" content=\"https:\/\/business.roovi.com\/wp-content\/uploads\/2018\/04\/72795-01_ansamblu_dimensiuni_cutie_cm_orizontal_1200x1200.png\" \/>\n\t<meta property=\"og:image:width\" content=\"1200\" \/>\n\t<meta property=\"og:image:height\" content=\"1200\" \/>\n\t<meta property=\"og:image:type\" content=\"image\/png\" \/>\n<meta name=\"twitter:label1\" content=\"Gesch\u00e4tzte Lesezeit\" \/>\n\t<meta name=\"twitter:data1\" content=\"3\u00a0Minuten\" \/>\n<script type=\"application\/ld+json\" class=\"yoast-schema-graph\">{\"@context\":\"https:\/\/schema.org\",\"@graph\":[{\"@type\":\"WebPage\",\"@id\":\"https:\/\/business.roovi.com\/de\/hans-andersen-brendekilde-puzzle-fruhling-ein-junges-paar-in-einem-ruderboot-auf-odense-puzzle-fur-erwachsene-1000-teile\/p\/\",\"url\":\"https:\/\/business.roovi.com\/de\/hans-andersen-brendekilde-puzzle-fruhling-ein-junges-paar-in-einem-ruderboot-auf-odense-puzzle-fur-erwachsene-1000-teile\/p\/\",\"name\":\"Hans Andersen Brendekilde Puzzle - Fr\u00fchling. Ein junges Paar in einem Ruderboot auf Odense - Puzzle f\u00fcr Erwachsene 1000 Teile\",\"isPartOf\":{\"@id\":\"https:\/\/business.roovi.com\/de\/#website\"},\"datePublished\":\"2018-04-16T10:56:17+00:00\",\"dateModified\":\"2022-07-06T17:44:28+00:00\",\"description\":\"Hans Andersen Brendekilde Puzzle - Fr\u00fchling. Ein junges Paar in einem Ruderboot auf Odense - Puzzle f\u00fcr Erwachsene 1000 Teile\",\"breadcrumb\":{\"@id\":\"https:\/\/business.roovi.com\/de\/hans-andersen-brendekilde-puzzle-fruhling-ein-junges-paar-in-einem-ruderboot-auf-odense-puzzle-fur-erwachsene-1000-teile\/p\/#breadcrumb\"},\"inLanguage\":\"de\",\"potentialAction\":[{\"@type\":\"ReadAction\",\"target\":[\"https:\/\/business.roovi.com\/de\/hans-andersen-brendekilde-puzzle-fruhling-ein-junges-paar-in-einem-ruderboot-auf-odense-puzzle-fur-erwachsene-1000-teile\/p\/\"]}]},{\"@type\":\"BreadcrumbList\",\"@id\":\"https:\/\/business.roovi.com\/de\/hans-andersen-brendekilde-puzzle-fruhling-ein-junges-paar-in-einem-ruderboot-auf-odense-puzzle-fur-erwachsene-1000-teile\/p\/#breadcrumb\",\"itemListElement\":[{\"@type\":\"ListItem\",\"position\":1,\"name\":\"Home\",\"item\":\"https:\/\/business.roovi.com\/de\/\"},{\"@type\":\"ListItem\",\"position\":2,\"name\":\"Shop\",\"item\":\"https:\/\/business.roovi.com\/de\/shop\/\"},{\"@type\":\"ListItem\",\"position\":3,\"name\":\"Hans Andersen Brendekilde Puzzle &#8211; Fr\u00fchling. Ein junges Paar in einem Ruderboot auf Odense &#8211; Puzzle f\u00fcr Erwachsene 1000 Teile\"}]},{\"@type\":\"WebSite\",\"@id\":\"https:\/\/business.roovi.com\/de\/#website\",\"url\":\"https:\/\/business.roovi.com\/de\/\",\"name\":\"Roovi B2B\",\"description\":\"Roovi Business Website\",\"potentialAction\":[{\"@type\":\"SearchAction\",\"target\":{\"@type\":\"EntryPoint\",\"urlTemplate\":\"https:\/\/business.roovi.com\/de\/?s={search_term_string}\"},\"query-input\":\"required name=search_term_string\"}],\"inLanguage\":\"de\"}]}<\/script>\n<!-- \/ Yoast SEO plugin. -->","yoast_head_json":{"title":"Hans Andersen Brendekilde Puzzle - Fr\u00fchling. Ein junges Paar in einem Ruderboot auf Odense - Puzzle f\u00fcr Erwachsene 1000 Teile","description":"Hans Andersen Brendekilde Puzzle - Fr\u00fchling. Ein junges Paar in einem Ruderboot auf Odense - Puzzle f\u00fcr Erwachsene 1000 Teile","robots":{"index":"index","follow":"follow","max-snippet":"max-snippet:-1","max-image-preview":"max-image-preview:large","max-video-preview":"max-video-preview:-1"},"canonical":"https:\/\/business.roovi.com\/de\/hans-andersen-brendekilde-puzzle-fruhling-ein-junges-paar-in-einem-ruderboot-auf-odense-puzzle-fur-erwachsene-1000-teile\/p\/","og_locale":"de_DE","og_type":"article","og_title":"Hans Andersen Brendekilde Puzzle - Fr\u00fchling. Ein junges Paar in einem Ruderboot auf Odense - Puzzle f\u00fcr Erwachsene 1000 Teile","og_description":"Hans Andersen Brendekilde Puzzle - Fr\u00fchling. Ein junges Paar in einem Ruderboot auf Odense - Puzzle f\u00fcr Erwachsene 1000 Teile","og_url":"https:\/\/business.roovi.com\/de\/hans-andersen-brendekilde-puzzle-fruhling-ein-junges-paar-in-einem-ruderboot-auf-odense-puzzle-fur-erwachsene-1000-teile\/p\/","og_site_name":"Roovi B2B","article_publisher":"https:\/\/www.facebook.com\/wwwjucariero","article_modified_time":"2022-07-06T17:44:28+00:00","og_image":[{"width":1200,"height":1200,"url":"https:\/\/business.roovi.com\/wp-content\/uploads\/2018\/04\/72795-01_ansamblu_dimensiuni_cutie_cm_orizontal_1200x1200.png","type":"image\/png"}],"twitter_misc":{"Gesch\u00e4tzte Lesezeit":"3\u00a0Minuten"},"schema":{"@context":"https:\/\/schema.org","@graph":[{"@type":"WebPage","@id":"https:\/\/business.roovi.com\/de\/hans-andersen-brendekilde-puzzle-fruhling-ein-junges-paar-in-einem-ruderboot-auf-odense-puzzle-fur-erwachsene-1000-teile\/p\/","url":"https:\/\/business.roovi.com\/de\/hans-andersen-brendekilde-puzzle-fruhling-ein-junges-paar-in-einem-ruderboot-auf-odense-puzzle-fur-erwachsene-1000-teile\/p\/","name":"Hans Andersen Brendekilde Puzzle - Fr\u00fchling. Ein junges Paar in einem Ruderboot auf Odense - Puzzle f\u00fcr Erwachsene 1000 Teile","isPartOf":{"@id":"https:\/\/business.roovi.com\/de\/#website"},"datePublished":"2018-04-16T10:56:17+00:00","dateModified":"2022-07-06T17:44:28+00:00","description":"Hans Andersen Brendekilde Puzzle - Fr\u00fchling. Ein junges Paar in einem Ruderboot auf Odense - Puzzle f\u00fcr Erwachsene 1000 Teile","breadcrumb":{"@id":"https:\/\/business.roovi.com\/de\/hans-andersen-brendekilde-puzzle-fruhling-ein-junges-paar-in-einem-ruderboot-auf-odense-puzzle-fur-erwachsene-1000-teile\/p\/#breadcrumb"},"inLanguage":"de","potentialAction":[{"@type":"ReadAction","target":["https:\/\/business.roovi.com\/de\/hans-andersen-brendekilde-puzzle-fruhling-ein-junges-paar-in-einem-ruderboot-auf-odense-puzzle-fur-erwachsene-1000-teile\/p\/"]}]},{"@type":"BreadcrumbList","@id":"https:\/\/business.roovi.com\/de\/hans-andersen-brendekilde-puzzle-fruhling-ein-junges-paar-in-einem-ruderboot-auf-odense-puzzle-fur-erwachsene-1000-teile\/p\/#breadcrumb","itemListElement":[{"@type":"ListItem","position":1,"name":"Home","item":"https:\/\/business.roovi.com\/de\/"},{"@type":"ListItem","position":2,"name":"Shop","item":"https:\/\/business.roovi.com\/de\/shop\/"},{"@type":"ListItem","position":3,"name":"Hans Andersen Brendekilde Puzzle &#8211; Fr\u00fchling. Ein junges Paar in einem Ruderboot auf Odense &#8211; Puzzle f\u00fcr Erwachsene 1000 Teile"}]},{"@type":"WebSite","@id":"https:\/\/business.roovi.com\/de\/#website","url":"https:\/\/business.roovi.com\/de\/","name":"Roovi B2B","description":"Roovi Business Website","potentialAction":[{"@type":"SearchAction","target":{"@type":"EntryPoint","urlTemplate":"https:\/\/business.roovi.com\/de\/?s={search_term_string}"},"query-input":"required name=search_term_string"}],"inLanguage":"de"}]}},"_links":{"self":[{"href":"https:\/\/business.roovi.com\/de\/wp-json\/wp\/v2\/product\/41662","targetHints":{"allow":["GET"]}}],"collection":[{"href":"https:\/\/business.roovi.com\/de\/wp-json\/wp\/v2\/product"}],"about":[{"href":"https:\/\/business.roovi.com\/de\/wp-json\/wp\/v2\/types\/product"}],"version-history":[{"count":0,"href":"https:\/\/business.roovi.com\/de\/wp-json\/wp\/v2\/product\/41662\/revisions"}],"wp:featuredmedia":[{"embeddable":true,"href":"https:\/\/business.roovi.com\/de\/wp-json\/wp\/v2\/media\/63448"}],"wp:attachment":[{"href":"https:\/\/business.roovi.com\/de\/wp-json\/wp\/v2\/media?parent=41662"}],"wp:term":[{"taxonomy":"product_brand","embeddable":true,"href":"https:\/\/business.roovi.com\/de\/wp-json\/wp\/v2\/product_brand?post=41662"},{"taxonomy":"product_cat","embeddable":true,"href":"https:\/\/business.roovi.com\/de\/wp-json\/wp\/v2\/product_cat?post=41662"},{"taxonomy":"product_tag","embeddable":true,"href":"https:\/\/business.roovi.com\/de\/wp-json\/wp\/v2\/product_tag?post=41662"}],"curies":[{"name":"wp","href":"https:\/\/api.w.org\/{rel}","templated":true}]}}