{"id":41666,"date":"2018-04-16T10:56:17","date_gmt":"2018-04-16T10:56:17","guid":{"rendered":"https:\/\/business.roovi.com\/puzzle-adulti-1000-piese-julien-dupre-harvesters\/p\/"},"modified":"2022-07-06T17:44:39","modified_gmt":"2022-07-06T17:44:39","slug":"julien-dupre-1000-teile-puzzle-fur-erwachsene-harvesters","status":"publish","type":"product","link":"https:\/\/business.roovi.com\/de\/julien-dupre-1000-teile-puzzle-fur-erwachsene-harvesters\/p\/","title":{"rendered":"Julien Dupr\u00e9 1000 Teile Puzzle f\u00fcr Erwachsene &#8211; Harvesters"},"content":{"rendered":"<p><span style=\"font-weight: 400\">Willst du deine Freizeit kreativ verbringen? Setze 1000 Teile aus unserer Kunstpuzzle-Kollektion zusammen und erlebe eine lustige und entspannende Aktivit\u00e4t.<\/span><\/p>\n<p><span style=\"font-weight: 400\">Wir haben 1000-teilige Puzzles mit Bildern von ber\u00fchmten Gem\u00e4lden aus den repr\u00e4sentativsten Kunstepochen, von der Renaissance bis zur heutigen Zeit. Unsere Liste der Empfehlungen ist lang und deckt alle Geschm\u00e4cker und k\u00fcnstlerischen Vorlieben ab <\/span><\/p>\n<p><span style=\"font-weight: 400\">Mit Julien Dupr\u00e9 &#8211; Harvesters 1000 pieces puzzle bekommst du eine herrliche l\u00e4ndliche Landschaft. Obwohl der Autor des Gem\u00e4ldes ein Franzose ist und wir davon ausgehen, dass er sich f\u00fcr das Bild von den Einheimischen inspirieren lie\u00df, versetzt dich das Bild in die Arbeit auf dem Bauernhof zur\u00fcck, die unsere Gro\u00dfm\u00fctter fr\u00fcher verrichteten <\/span><\/p>\n<p><span style=\"font-weight: 400\">Dieses k\u00fcnstlerische Meisterwerk vermittelt ein Gef\u00fchl von Frieden und Nostalgie. Nimm die Herausforderung an und gestalte das Gem\u00e4lde aus dem 1000-Teile-Puzzle nach! Das Bild, das du bekommst, ist 50 x 70 cm gro\u00df und du kannst einen normalen Couchtisch verwenden, um die St\u00fccke zu st\u00fctzen.<\/span><\/p>\n<p><span style=\"font-weight: 400\">Julien Dupr\u00e9 Kunstpuzzle &#8211; Erntemaschinen <\/span><\/p>\n<p><strong>Puzzle-Material <\/strong><\/p>\n<p><strong>hochwertiger blauer Karton<\/strong><\/p>\n<p><strong>nachhaltige, recycelbare Materialien<\/strong><\/p>\n<p><strong>halbgl\u00e4nzende Oberfl\u00e4che, leuchtende Farben<\/strong><\/p>\n<p><strong>Anzahl der Puzzleteile: 1000<\/strong><\/p>\n<p><strong>Empfohlenes Alter: 14+<\/strong><\/p>\n<p><strong>Puzzlespiele befreien dich von all der negativen Energie<\/strong><\/p>\n<p><span style=\"font-weight: 400\">Bist du gestresst und brauchst dringend eine Menge positiver Energie? Setze das 1000-Teile-Puzzle zusammen und du wirst dich von allen negativen Gedanken l\u00f6sen! Wenn du mit einem Puzzle mit 1000 Teilen konfrontiert wirst, konzentrierst du dich unwillk\u00fcrlich auf einen einzigen Gedanken: die ganze Szene zusammenzusetzen. Es ist wie in einer Meditationssitzung und die Auswirkungen sind \u00e4hnlich.<\/span><\/p>\n<p><span style=\"font-weight: 400\">Neben einem tiefen Entspannungszustand helfen dir Puzzles f\u00fcr Erwachsene auch, dein Ged\u00e4chtnis zu verbessern, Aufmerksamkeit f\u00fcr Details zu entwickeln, \u00c4ngste besser zu bew\u00e4ltigen und effektiv mit anderen zu kommunizieren, vor allem, wenn du das Puzzlespiel zu einem Brettspiel mit deinen Lieben machst.<\/span><\/p>\n<p><strong>Wusstest du schon von Julien Dupr\u00e9?&#8230;<\/strong><\/p>\n<p><span style=\"font-weight: 400\">Als Teenager arbeitete er in einem Gesch\u00e4ft f\u00fcr Spitzen.<\/span><\/p>\n<p><span style=\"font-weight: 400\">Sein Vater war Juwelier und erwartete von dem jungen Jean, dass er den gleichen Berufsweg einschl\u00e4gt.<\/span><\/p>\n<p><span style=\"font-weight: 400\">Die Darstellung l\u00e4ndlicher Szenen ist eines von Dupr\u00e9s Lieblingsthemen.<\/span><\/p>\n<p><span style=\"font-weight: 400\">Die jungen Bauernm\u00e4dchen in den Werken des K\u00fcnstlers werden als Teilnehmerinnen an einer edlen Sache dargestellt. Zum Beispiel: Die Frau in <\/span><em><span style=\"font-weight: 400\">Die Erntemaschinen <\/span><\/em><span style=\"font-weight: 400\">ist ein idealisierter Landarbeiter.<\/span><\/p>\n<p><span style=\"font-weight: 400\">Die Revolution von 1848 in Frankreich feierte die Tugendhaftigkeit und den Adel der Arbeiterklasse, und dieses Thema war Gegenstand vieler Gem\u00e4lde der damaligen Zeit.<\/span><\/p>\n<p><strong>Einige F\u00e4higkeiten, die Kunstr\u00e4tsel entwickeln<\/strong><\/p>\n<p><span style=\"font-weight: 400\">Beharrlichkeit und harte Arbeit, um hervorragende Kopien ber\u00fchmter Gem\u00e4lde zu erstellen.<\/span><\/p>\n<p><span style=\"font-weight: 400\">\u00c4sthetischer Sinn, gro\u00dfe Werke ansehen und zusammenstellen.<\/span><\/p>\n<p><span style=\"font-weight: 400\">Neugierde, indem du mehr \u00fcber die Arbeit, an der du arbeitest, oder den K\u00fcnstler dahinter wissen willst.<\/span><\/p>\n<p><span style=\"font-weight: 400\">Du kannst als Erwachsener R\u00e4tsel l\u00f6sen und tolle Deko-Objekte herstellen.<\/span><\/p>\n<p><span style=\"font-weight: 400\">Kaufe Julien Dupr\u00e9 &#8211; Harvesters 1000 Teile Puzzle und verbringe deine Freizeit auf kreative und lustige Weise. Setze dich mit deiner Familie oder deinen Freunden zusammen, um dieses wunderbare Kunstpuzzle zu l\u00f6sen und feiere deine Teamarbeit, indem du das entstandene Bild einrahmst.<\/span><\/p>\n<p><span style=\"font-weight: 400\">Wenn du jemandem, der leidenschaftlich gerne puzzelt, eine sch\u00f6ne \u00dcberraschung machen willst, dann schenke ihm das Julien Dupr\u00e9 &#8211; Harvesters Kunstpuzzle.<\/span><\/p><\/p>\n","protected":false},"excerpt":{"rendered":"<p>Willst du deine Freizeit kreativ verbringen? Setze 1000 Teile aus unserer Kunstpuzzle-Kollektion zusammen und erlebe eine lustige und entspannende Aktivit\u00e4t.<\/p>\n","protected":false},"featured_media":63437,"template":"","meta":[],"product_brand":[],"product_cat":[1916,1875,1915],"product_tag":[],"class_list":{"0":"post-41666","1":"product","2":"type-product","3":"status-publish","4":"has-post-thumbnail","6":"product_cat-1000-teile-puzzle","7":"product_cat-puzzle-de","8":"product_cat-puzzlespiele-fur-erwachsene","9":"pa_bax-10-de","10":"pa_brand-d_toys-de","11":"pa_country_of_manufacture-ro-de","12":"pa_filter_age-14-de","13":"pa_painter-julien-dupre","14":"pa_tip_ambalaj-kasten-a4-de","15":"pa_tip_puzzle-klassisch","17":"first","18":"instock","19":"taxable","20":"shipping-taxable","21":"product-type-simple"},"yoast_head":"<!-- This site is optimized with the Yoast SEO plugin v20.1 - https:\/\/yoast.com\/wordpress\/plugins\/seo\/ -->\n<title>Julien Dupr\u00e9 1000 Teile Puzzle f\u00fcr Erwachsene - Harvesters<\/title>\n<meta name=\"description\" content=\"Julien Dupr\u00e9 1000 Teile Puzzle f\u00fcr Erwachsene - Harvesters\" \/>\n<meta name=\"robots\" content=\"index, follow, max-snippet:-1, max-image-preview:large, max-video-preview:-1\" \/>\n<link rel=\"canonical\" href=\"https:\/\/business.roovi.com\/de\/julien-dupre-1000-teile-puzzle-fur-erwachsene-harvesters\/p\/\" \/>\n<meta property=\"og:locale\" content=\"de_DE\" \/>\n<meta property=\"og:type\" content=\"article\" \/>\n<meta property=\"og:title\" content=\"Julien Dupr\u00e9 1000 Teile Puzzle f\u00fcr Erwachsene - Harvesters\" \/>\n<meta property=\"og:description\" content=\"Julien Dupr\u00e9 1000 Teile Puzzle f\u00fcr Erwachsene - Harvesters\" \/>\n<meta property=\"og:url\" content=\"https:\/\/business.roovi.com\/de\/julien-dupre-1000-teile-puzzle-fur-erwachsene-harvesters\/p\/\" \/>\n<meta property=\"og:site_name\" content=\"Roovi B2B\" \/>\n<meta property=\"article:publisher\" content=\"https:\/\/www.facebook.com\/wwwjucariero\" \/>\n<meta property=\"article:modified_time\" content=\"2022-07-06T17:44:39+00:00\" \/>\n<meta property=\"og:image\" content=\"https:\/\/business.roovi.com\/wp-content\/uploads\/2018\/04\/72788-01_ansamblu_dimensiuni_cutie_cm_1200x1200.png\" \/>\n\t<meta property=\"og:image:width\" content=\"1200\" \/>\n\t<meta property=\"og:image:height\" content=\"1200\" \/>\n\t<meta property=\"og:image:type\" content=\"image\/png\" \/>\n<meta name=\"twitter:label1\" content=\"Gesch\u00e4tzte Lesezeit\" \/>\n\t<meta name=\"twitter:data1\" content=\"3\u00a0Minuten\" \/>\n<script type=\"application\/ld+json\" class=\"yoast-schema-graph\">{\"@context\":\"https:\/\/schema.org\",\"@graph\":[{\"@type\":\"WebPage\",\"@id\":\"https:\/\/business.roovi.com\/de\/julien-dupre-1000-teile-puzzle-fur-erwachsene-harvesters\/p\/\",\"url\":\"https:\/\/business.roovi.com\/de\/julien-dupre-1000-teile-puzzle-fur-erwachsene-harvesters\/p\/\",\"name\":\"Julien Dupr\u00e9 1000 Teile Puzzle f\u00fcr Erwachsene - Harvesters\",\"isPartOf\":{\"@id\":\"https:\/\/business.roovi.com\/de\/#website\"},\"datePublished\":\"2018-04-16T10:56:17+00:00\",\"dateModified\":\"2022-07-06T17:44:39+00:00\",\"description\":\"Julien Dupr\u00e9 1000 Teile Puzzle f\u00fcr Erwachsene - Harvesters\",\"breadcrumb\":{\"@id\":\"https:\/\/business.roovi.com\/de\/julien-dupre-1000-teile-puzzle-fur-erwachsene-harvesters\/p\/#breadcrumb\"},\"inLanguage\":\"de\",\"potentialAction\":[{\"@type\":\"ReadAction\",\"target\":[\"https:\/\/business.roovi.com\/de\/julien-dupre-1000-teile-puzzle-fur-erwachsene-harvesters\/p\/\"]}]},{\"@type\":\"BreadcrumbList\",\"@id\":\"https:\/\/business.roovi.com\/de\/julien-dupre-1000-teile-puzzle-fur-erwachsene-harvesters\/p\/#breadcrumb\",\"itemListElement\":[{\"@type\":\"ListItem\",\"position\":1,\"name\":\"Home\",\"item\":\"https:\/\/business.roovi.com\/de\/\"},{\"@type\":\"ListItem\",\"position\":2,\"name\":\"Shop\",\"item\":\"https:\/\/business.roovi.com\/de\/shop\/\"},{\"@type\":\"ListItem\",\"position\":3,\"name\":\"Julien Dupr\u00e9 1000 Teile Puzzle f\u00fcr Erwachsene &#8211; Harvesters\"}]},{\"@type\":\"WebSite\",\"@id\":\"https:\/\/business.roovi.com\/de\/#website\",\"url\":\"https:\/\/business.roovi.com\/de\/\",\"name\":\"Roovi B2B\",\"description\":\"Roovi Business Website\",\"potentialAction\":[{\"@type\":\"SearchAction\",\"target\":{\"@type\":\"EntryPoint\",\"urlTemplate\":\"https:\/\/business.roovi.com\/de\/?s={search_term_string}\"},\"query-input\":\"required name=search_term_string\"}],\"inLanguage\":\"de\"}]}<\/script>\n<!-- \/ Yoast SEO plugin. -->","yoast_head_json":{"title":"Julien Dupr\u00e9 1000 Teile Puzzle f\u00fcr Erwachsene - Harvesters","description":"Julien Dupr\u00e9 1000 Teile Puzzle f\u00fcr Erwachsene - Harvesters","robots":{"index":"index","follow":"follow","max-snippet":"max-snippet:-1","max-image-preview":"max-image-preview:large","max-video-preview":"max-video-preview:-1"},"canonical":"https:\/\/business.roovi.com\/de\/julien-dupre-1000-teile-puzzle-fur-erwachsene-harvesters\/p\/","og_locale":"de_DE","og_type":"article","og_title":"Julien Dupr\u00e9 1000 Teile Puzzle f\u00fcr Erwachsene - Harvesters","og_description":"Julien Dupr\u00e9 1000 Teile Puzzle f\u00fcr Erwachsene - Harvesters","og_url":"https:\/\/business.roovi.com\/de\/julien-dupre-1000-teile-puzzle-fur-erwachsene-harvesters\/p\/","og_site_name":"Roovi B2B","article_publisher":"https:\/\/www.facebook.com\/wwwjucariero","article_modified_time":"2022-07-06T17:44:39+00:00","og_image":[{"width":1200,"height":1200,"url":"https:\/\/business.roovi.com\/wp-content\/uploads\/2018\/04\/72788-01_ansamblu_dimensiuni_cutie_cm_1200x1200.png","type":"image\/png"}],"twitter_misc":{"Gesch\u00e4tzte Lesezeit":"3\u00a0Minuten"},"schema":{"@context":"https:\/\/schema.org","@graph":[{"@type":"WebPage","@id":"https:\/\/business.roovi.com\/de\/julien-dupre-1000-teile-puzzle-fur-erwachsene-harvesters\/p\/","url":"https:\/\/business.roovi.com\/de\/julien-dupre-1000-teile-puzzle-fur-erwachsene-harvesters\/p\/","name":"Julien Dupr\u00e9 1000 Teile Puzzle f\u00fcr Erwachsene - Harvesters","isPartOf":{"@id":"https:\/\/business.roovi.com\/de\/#website"},"datePublished":"2018-04-16T10:56:17+00:00","dateModified":"2022-07-06T17:44:39+00:00","description":"Julien Dupr\u00e9 1000 Teile Puzzle f\u00fcr Erwachsene - Harvesters","breadcrumb":{"@id":"https:\/\/business.roovi.com\/de\/julien-dupre-1000-teile-puzzle-fur-erwachsene-harvesters\/p\/#breadcrumb"},"inLanguage":"de","potentialAction":[{"@type":"ReadAction","target":["https:\/\/business.roovi.com\/de\/julien-dupre-1000-teile-puzzle-fur-erwachsene-harvesters\/p\/"]}]},{"@type":"BreadcrumbList","@id":"https:\/\/business.roovi.com\/de\/julien-dupre-1000-teile-puzzle-fur-erwachsene-harvesters\/p\/#breadcrumb","itemListElement":[{"@type":"ListItem","position":1,"name":"Home","item":"https:\/\/business.roovi.com\/de\/"},{"@type":"ListItem","position":2,"name":"Shop","item":"https:\/\/business.roovi.com\/de\/shop\/"},{"@type":"ListItem","position":3,"name":"Julien Dupr\u00e9 1000 Teile Puzzle f\u00fcr Erwachsene &#8211; Harvesters"}]},{"@type":"WebSite","@id":"https:\/\/business.roovi.com\/de\/#website","url":"https:\/\/business.roovi.com\/de\/","name":"Roovi B2B","description":"Roovi Business Website","potentialAction":[{"@type":"SearchAction","target":{"@type":"EntryPoint","urlTemplate":"https:\/\/business.roovi.com\/de\/?s={search_term_string}"},"query-input":"required name=search_term_string"}],"inLanguage":"de"}]}},"_links":{"self":[{"href":"https:\/\/business.roovi.com\/de\/wp-json\/wp\/v2\/product\/41666","targetHints":{"allow":["GET"]}}],"collection":[{"href":"https:\/\/business.roovi.com\/de\/wp-json\/wp\/v2\/product"}],"about":[{"href":"https:\/\/business.roovi.com\/de\/wp-json\/wp\/v2\/types\/product"}],"version-history":[{"count":0,"href":"https:\/\/business.roovi.com\/de\/wp-json\/wp\/v2\/product\/41666\/revisions"}],"wp:featuredmedia":[{"embeddable":true,"href":"https:\/\/business.roovi.com\/de\/wp-json\/wp\/v2\/media\/63437"}],"wp:attachment":[{"href":"https:\/\/business.roovi.com\/de\/wp-json\/wp\/v2\/media?parent=41666"}],"wp:term":[{"taxonomy":"product_brand","embeddable":true,"href":"https:\/\/business.roovi.com\/de\/wp-json\/wp\/v2\/product_brand?post=41666"},{"taxonomy":"product_cat","embeddable":true,"href":"https:\/\/business.roovi.com\/de\/wp-json\/wp\/v2\/product_cat?post=41666"},{"taxonomy":"product_tag","embeddable":true,"href":"https:\/\/business.roovi.com\/de\/wp-json\/wp\/v2\/product_tag?post=41666"}],"curies":[{"name":"wp","href":"https:\/\/api.w.org\/{rel}","templated":true}]}}