{"id":41670,"date":"2018-04-16T10:56:17","date_gmt":"2018-04-16T10:56:17","guid":{"rendered":"https:\/\/business.roovi.com\/puzzle-adulti-1000-piese-james-tissot-on-the-thames-a-heron-pe-tamisa-un-starc\/p\/"},"modified":"2022-07-06T17:44:51","modified_gmt":"2022-07-06T17:44:51","slug":"james-tissot-1000-teile-puzzle-fur-erwachsene-auf-der-themse-ein-reiher","status":"publish","type":"product","link":"https:\/\/business.roovi.com\/de\/james-tissot-1000-teile-puzzle-fur-erwachsene-auf-der-themse-ein-reiher\/p\/","title":{"rendered":"James Tissot 1000 Teile Puzzle f\u00fcr Erwachsene &#8211; Auf der Themse, ein Reiher"},"content":{"rendered":"<p><span style=\"font-weight: 400\">Hast du dir jemals vorgestellt, wie es w\u00e4re, selbst der Sch\u00f6pfer eines Kunstwerkes zu sein? Der K\u00fcnstler zu sein, der Pinselstrich f\u00fcr Pinselstrich, Schicht f\u00fcr Schicht, Bilder auf die Leinwand bringt, die so realistisch sind, dass sie wie Fotografien aussehen?<\/span><\/p>\n<p><span style=\"font-weight: 400\">Jetzt hast du die Chance, dieses Gef\u00fchl mit einem 1000-teiligen Puzzle zu erleben, das dich sofort in die Atmosph\u00e4re der realistischen Bewegung versetzt, die von dem ber\u00fchmten franz\u00f6sischen Maler James Tissot meisterhaft dargestellt wurde <\/span><\/p>\n<p><span style=\"font-weight: 400\">Auf der Themse, ein Reiher &#8211; eines der ersten Gem\u00e4lde von James Tissot nach seiner Ankunft in England, das 1871 entstand und in diesem faszinierenden Kunstpuzzle originalgetreu wiedergegeben wird, ist eine spannende Herausforderung f\u00fcr jeden 1000-Teile-Puzzle-Liebhaber.<\/span><\/p>\n<p><span style=\"font-weight: 400\">Dank der Gleichm\u00e4\u00dfigkeit der Farben und der sehr \u00e4hnlichen Schattierungen, mit denen James Tissot es schafft, eine echte Herbstlandschaft an der Themse wiederzugeben, wird deine Liebe zum Detail mit jedem Teil, das du hinzuf\u00fcgst, um dieses Puzzle-Gem\u00e4lde nachzubilden, auf die Probe gestellt.<\/span><\/p>\n<p><span style=\"font-weight: 400\">Das Gem\u00e4lde Auf der Themse, ein Reiher, das in diesem Kunstpuzzle abgebildet ist, markiert auch den \u00dcbergang des franz\u00f6sischen Malers James Tissot vom franz\u00f6sischen Malstil zum charmanten und eleganten viktorianischen Stil <\/span><\/p>\n<p><span style=\"font-weight: 400\">Aber was neben den Farben und dem Stil am meisten auff\u00e4llt, ist die Schichtung der Ebenen in einer interessanten Komposition, die den fliegenden Spatz in den Vordergrund r\u00fcckt &#8211; ein ziemlich gew\u00f6hnlicher Vogel an den Ufern der Themse, aber ein starkes Symbol f\u00fcr den Einfluss, den der japanische Stil auf James Tissots Kreationen zu dieser Zeit hatte.<\/span><\/p>\n<p><span style=\"font-size: 18px\"><strong>Warum ein James Tissot 1000 Teile Puzzle f\u00fcr Erwachsene w\u00e4hlen?<\/strong><\/span><\/p>\n<ul>\n<li><span style=\"font-weight: 400\">Du bekommst ein beeindruckend detailliertes Gem\u00e4lde von James Tissot&#8217;s On the Thames, einen Reiher<\/span><\/li>\n<li><span style=\"font-weight: 400\">Kunstpuzzle Gr\u00f6\u00dfe 50 x 70 cm<\/span><\/li>\n<li><span style=\"font-weight: 400\">Die Teile sind aus hochwertigem Karton gefertigt und k\u00f6nnen mehrfach verwendet werden<\/span><\/li>\n<li><span style=\"font-weight: 400\">Hergestellt aus nachhaltigen und recycelbaren Materialien<\/span><\/li>\n<li><span style=\"font-weight: 400\">Die Oberfl\u00e4che ist halbgl\u00e4nzend und die Farben sind leuchtend und lebendig<\/span><\/li>\n<li><span style=\"font-weight: 400\">Geeignet ab 14 Jahren &#8211; eine tolle Gelegenheit, Teenager in die faszinierende Welt der Kunst einzuf\u00fchren<\/span><\/li>\n<\/ul>\n<p><span style=\"font-weight: 400\">Das Zusammensetzen eines Kunstpuzzles hat viele Vorteile, die sich auf vielen Ebenen widerspiegeln:<\/span><\/p>\n<ul>\n<li><span style=\"font-weight: 400\">Erh\u00f6ht die Aufmerksamkeit f\u00fcr Details<\/span><\/li>\n<li><span style=\"font-weight: 400\">Es trainiert deine Geschicklichkeit <\/span><\/li>\n<li><span style=\"font-weight: 400\">Es ist eine entspannende Aktivit\u00e4t<\/span><\/li>\n<li><span style=\"font-weight: 400\">Es kann eine gute Gelegenheit sein, vom Alltag abzuschalten<\/span><\/li>\n<li><span style=\"font-weight: 400\">Hilft dir, dich auf eine einzige Aufgabe zu konzentrieren <\/span><\/li>\n<\/ul>\n<p><span style=\"font-size: 18px\"><strong>Wusstest du, dass&#8230;?<\/strong><\/span><\/p>\n<p><span style=\"font-weight: 400\">Auf der Themse, ein Reiher ist ein Gem\u00e4lde, das den stilistischen Wandel repr\u00e4sentiert, den Tissot vollziehen musste, nachdem er nach dem Deutsch-Franz\u00f6sischen Krieg nach England gefl\u00fcchtet war <\/span><\/p>\n<p><span style=\"font-weight: 400\">Da die Engl\u00e4nder den franz\u00f6sischen Malstil \u00fcberhaupt nicht sch\u00e4tzten, wechselte er von der Malerei historischer Szenen zur Malerei von Szenen des gesellschaftlichen Lebens, die beim englischen Adel so beliebt waren <\/span><\/p>\n<p><span style=\"font-weight: 400\">James Tissot war hoch angesehen f\u00fcr seine F\u00e4higkeit, die Landschaften und Details der St\u00e4dte, die ihn inspirierten, detailgetreu wiederzugeben, ohne viel Zeit an diesen Orten verbringen zu m\u00fcssen.<\/span><\/p>\n<p><span style=\"font-weight: 400\">Sein richtiger Name war <\/span><span style=\"font-weight: 400\">Jacques Joseph Tissot, aber er \u00e4nderte den Namen, als er nach England zog. Damit folgte er einer Mode jener Zeit, in der viele K\u00fcnstler ihre Namen \u00e4nderten, um sich in bestimmte Gesellschaften einzuf\u00fcgen.<\/span><\/p>\n<p><span style=\"font-size: 18px\"><strong>1000 Teile Puzzle &#8211; die Garantie f\u00fcr Qualit\u00e4tszeit zu Hause<\/strong><\/span><\/p>\n<p><span style=\"font-weight: 400\">Entscheide dich f\u00fcr das James Tissot &#8211; On the Thames, a Heron adult jigsaw puzzle und lehne dich zur\u00fcck, w\u00e4hrend du von den subtilen Hintergrunddetails, die Tissot in diesem Gem\u00e4lde darstellt, fasziniert sein wirst.<\/span><\/p>\n<p><span style=\"font-weight: 400\">Egal, ob du es selbst zusammensetzt oder die Gelegenheit nutzt, um ein paar entspannte Stunden mit Freunden oder der Familie zu verbringen, du wirst es sicher genie\u00dfen, die Teile eines Kunstpuzzles zusammenzusetzen.  <\/span><\/p>\n<p><span style=\"font-weight: 400\">Jedes Puzzle-Set f\u00fcr Erwachsene kann zum n\u00e4chsten Meisterwerk werden, das du deiner Sammlung hinzuf\u00fcgst. Es l\u00e4sst sich leicht einrahmen und ausstellen, um deine eigene Kunstgalerie mit Werken der Meister der Farbe zu schaffen.<\/span><\/p>\n<p><span style=\"font-weight: 400\">Au\u00dferdem ist ein 1.000-teiliges Puzzle wie On the Thames, a Heron ein passendes Geschenk f\u00fcr einen lieben Menschen, wenn du nicht wei\u00dft, was du ihm schenken sollst. Sie eignet sich f\u00fcr jeden Anlass, vom Jahrestag bis zum Weihnachtsgeschenk.<\/span><\/p>\n","protected":false},"excerpt":{"rendered":"<p>Hast du dir jemals vorgestellt, wie es w\u00e4re, selbst der Sch\u00f6pfer eines Kunstwerkes zu sein? Der K\u00fcnstler zu sein, der<\/p>\n","protected":false},"featured_media":34642,"template":"","meta":[],"product_brand":[],"product_cat":[1916,1875,1915],"product_tag":[],"class_list":{"0":"post-41670","1":"product","2":"type-product","3":"status-publish","4":"has-post-thumbnail","6":"product_cat-1000-teile-puzzle","7":"product_cat-puzzle-de","8":"product_cat-puzzlespiele-fur-erwachsene","9":"pa_bax-10-de","10":"pa_brand-d_toys-de","11":"pa_country_of_manufacture-ro-de","12":"pa_filter_age-14-de","13":"pa_painter-james-tissot","14":"pa_tip_ambalaj-kasten-a4-de","15":"pa_tip_puzzle-klassisch","17":"first","18":"instock","19":"taxable","20":"shipping-taxable","21":"product-type-simple"},"yoast_head":"<!-- This site is optimized with the Yoast SEO plugin v20.1 - https:\/\/yoast.com\/wordpress\/plugins\/seo\/ -->\n<title>James Tissot 1000 Teile Puzzle f\u00fcr Erwachsene - Auf der Themse, ein Reiher<\/title>\n<meta name=\"description\" content=\"James Tissot 1000 Teile Puzzle f\u00fcr Erwachsene - Auf der Themse, ein Reiher\" \/>\n<meta name=\"robots\" content=\"index, follow, max-snippet:-1, max-image-preview:large, max-video-preview:-1\" \/>\n<link rel=\"canonical\" href=\"https:\/\/business.roovi.com\/de\/james-tissot-1000-teile-puzzle-fur-erwachsene-auf-der-themse-ein-reiher\/p\/\" \/>\n<meta property=\"og:locale\" content=\"de_DE\" \/>\n<meta property=\"og:type\" content=\"article\" \/>\n<meta property=\"og:title\" content=\"James Tissot 1000 Teile Puzzle f\u00fcr Erwachsene - Auf der Themse, ein Reiher\" \/>\n<meta property=\"og:description\" content=\"James Tissot 1000 Teile Puzzle f\u00fcr Erwachsene - Auf der Themse, ein Reiher\" \/>\n<meta property=\"og:url\" content=\"https:\/\/business.roovi.com\/de\/james-tissot-1000-teile-puzzle-fur-erwachsene-auf-der-themse-ein-reiher\/p\/\" \/>\n<meta property=\"og:site_name\" content=\"Roovi B2B\" \/>\n<meta property=\"article:publisher\" content=\"https:\/\/www.facebook.com\/wwwjucariero\" \/>\n<meta property=\"article:modified_time\" content=\"2022-07-06T17:44:51+00:00\" \/>\n<meta property=\"og:image\" content=\"https:\/\/business.roovi.com\/wp-content\/uploads\/2018\/04\/p1000_tissot_72771ti01tissot_72771ti02_r700_64x88cm_no_stanc.jpg\" \/>\n\t<meta property=\"og:image:width\" content=\"1200\" \/>\n\t<meta property=\"og:image:height\" content=\"1200\" \/>\n\t<meta property=\"og:image:type\" content=\"image\/jpeg\" \/>\n<meta name=\"twitter:label1\" content=\"Gesch\u00e4tzte Lesezeit\" \/>\n\t<meta name=\"twitter:data1\" content=\"3\u00a0Minuten\" \/>\n<script type=\"application\/ld+json\" class=\"yoast-schema-graph\">{\"@context\":\"https:\/\/schema.org\",\"@graph\":[{\"@type\":\"WebPage\",\"@id\":\"https:\/\/business.roovi.com\/de\/james-tissot-1000-teile-puzzle-fur-erwachsene-auf-der-themse-ein-reiher\/p\/\",\"url\":\"https:\/\/business.roovi.com\/de\/james-tissot-1000-teile-puzzle-fur-erwachsene-auf-der-themse-ein-reiher\/p\/\",\"name\":\"James Tissot 1000 Teile Puzzle f\u00fcr Erwachsene - Auf der Themse, ein Reiher\",\"isPartOf\":{\"@id\":\"https:\/\/business.roovi.com\/de\/#website\"},\"datePublished\":\"2018-04-16T10:56:17+00:00\",\"dateModified\":\"2022-07-06T17:44:51+00:00\",\"description\":\"James Tissot 1000 Teile Puzzle f\u00fcr Erwachsene - Auf der Themse, ein Reiher\",\"breadcrumb\":{\"@id\":\"https:\/\/business.roovi.com\/de\/james-tissot-1000-teile-puzzle-fur-erwachsene-auf-der-themse-ein-reiher\/p\/#breadcrumb\"},\"inLanguage\":\"de\",\"potentialAction\":[{\"@type\":\"ReadAction\",\"target\":[\"https:\/\/business.roovi.com\/de\/james-tissot-1000-teile-puzzle-fur-erwachsene-auf-der-themse-ein-reiher\/p\/\"]}]},{\"@type\":\"BreadcrumbList\",\"@id\":\"https:\/\/business.roovi.com\/de\/james-tissot-1000-teile-puzzle-fur-erwachsene-auf-der-themse-ein-reiher\/p\/#breadcrumb\",\"itemListElement\":[{\"@type\":\"ListItem\",\"position\":1,\"name\":\"Home\",\"item\":\"https:\/\/business.roovi.com\/de\/\"},{\"@type\":\"ListItem\",\"position\":2,\"name\":\"Shop\",\"item\":\"https:\/\/business.roovi.com\/de\/shop\/\"},{\"@type\":\"ListItem\",\"position\":3,\"name\":\"James Tissot 1000 Teile Puzzle f\u00fcr Erwachsene &#8211; Auf der Themse, ein Reiher\"}]},{\"@type\":\"WebSite\",\"@id\":\"https:\/\/business.roovi.com\/de\/#website\",\"url\":\"https:\/\/business.roovi.com\/de\/\",\"name\":\"Roovi B2B\",\"description\":\"Roovi Business Website\",\"potentialAction\":[{\"@type\":\"SearchAction\",\"target\":{\"@type\":\"EntryPoint\",\"urlTemplate\":\"https:\/\/business.roovi.com\/de\/?s={search_term_string}\"},\"query-input\":\"required name=search_term_string\"}],\"inLanguage\":\"de\"}]}<\/script>\n<!-- \/ Yoast SEO plugin. -->","yoast_head_json":{"title":"James Tissot 1000 Teile Puzzle f\u00fcr Erwachsene - Auf der Themse, ein Reiher","description":"James Tissot 1000 Teile Puzzle f\u00fcr Erwachsene - Auf der Themse, ein Reiher","robots":{"index":"index","follow":"follow","max-snippet":"max-snippet:-1","max-image-preview":"max-image-preview:large","max-video-preview":"max-video-preview:-1"},"canonical":"https:\/\/business.roovi.com\/de\/james-tissot-1000-teile-puzzle-fur-erwachsene-auf-der-themse-ein-reiher\/p\/","og_locale":"de_DE","og_type":"article","og_title":"James Tissot 1000 Teile Puzzle f\u00fcr Erwachsene - Auf der Themse, ein Reiher","og_description":"James Tissot 1000 Teile Puzzle f\u00fcr Erwachsene - Auf der Themse, ein Reiher","og_url":"https:\/\/business.roovi.com\/de\/james-tissot-1000-teile-puzzle-fur-erwachsene-auf-der-themse-ein-reiher\/p\/","og_site_name":"Roovi B2B","article_publisher":"https:\/\/www.facebook.com\/wwwjucariero","article_modified_time":"2022-07-06T17:44:51+00:00","og_image":[{"width":1200,"height":1200,"url":"https:\/\/business.roovi.com\/wp-content\/uploads\/2018\/04\/p1000_tissot_72771ti01tissot_72771ti02_r700_64x88cm_no_stanc.jpg","type":"image\/jpeg"}],"twitter_misc":{"Gesch\u00e4tzte Lesezeit":"3\u00a0Minuten"},"schema":{"@context":"https:\/\/schema.org","@graph":[{"@type":"WebPage","@id":"https:\/\/business.roovi.com\/de\/james-tissot-1000-teile-puzzle-fur-erwachsene-auf-der-themse-ein-reiher\/p\/","url":"https:\/\/business.roovi.com\/de\/james-tissot-1000-teile-puzzle-fur-erwachsene-auf-der-themse-ein-reiher\/p\/","name":"James Tissot 1000 Teile Puzzle f\u00fcr Erwachsene - Auf der Themse, ein Reiher","isPartOf":{"@id":"https:\/\/business.roovi.com\/de\/#website"},"datePublished":"2018-04-16T10:56:17+00:00","dateModified":"2022-07-06T17:44:51+00:00","description":"James Tissot 1000 Teile Puzzle f\u00fcr Erwachsene - Auf der Themse, ein Reiher","breadcrumb":{"@id":"https:\/\/business.roovi.com\/de\/james-tissot-1000-teile-puzzle-fur-erwachsene-auf-der-themse-ein-reiher\/p\/#breadcrumb"},"inLanguage":"de","potentialAction":[{"@type":"ReadAction","target":["https:\/\/business.roovi.com\/de\/james-tissot-1000-teile-puzzle-fur-erwachsene-auf-der-themse-ein-reiher\/p\/"]}]},{"@type":"BreadcrumbList","@id":"https:\/\/business.roovi.com\/de\/james-tissot-1000-teile-puzzle-fur-erwachsene-auf-der-themse-ein-reiher\/p\/#breadcrumb","itemListElement":[{"@type":"ListItem","position":1,"name":"Home","item":"https:\/\/business.roovi.com\/de\/"},{"@type":"ListItem","position":2,"name":"Shop","item":"https:\/\/business.roovi.com\/de\/shop\/"},{"@type":"ListItem","position":3,"name":"James Tissot 1000 Teile Puzzle f\u00fcr Erwachsene &#8211; Auf der Themse, ein Reiher"}]},{"@type":"WebSite","@id":"https:\/\/business.roovi.com\/de\/#website","url":"https:\/\/business.roovi.com\/de\/","name":"Roovi B2B","description":"Roovi Business Website","potentialAction":[{"@type":"SearchAction","target":{"@type":"EntryPoint","urlTemplate":"https:\/\/business.roovi.com\/de\/?s={search_term_string}"},"query-input":"required name=search_term_string"}],"inLanguage":"de"}]}},"_links":{"self":[{"href":"https:\/\/business.roovi.com\/de\/wp-json\/wp\/v2\/product\/41670","targetHints":{"allow":["GET"]}}],"collection":[{"href":"https:\/\/business.roovi.com\/de\/wp-json\/wp\/v2\/product"}],"about":[{"href":"https:\/\/business.roovi.com\/de\/wp-json\/wp\/v2\/types\/product"}],"version-history":[{"count":0,"href":"https:\/\/business.roovi.com\/de\/wp-json\/wp\/v2\/product\/41670\/revisions"}],"wp:featuredmedia":[{"embeddable":true,"href":"https:\/\/business.roovi.com\/de\/wp-json\/wp\/v2\/media\/34642"}],"wp:attachment":[{"href":"https:\/\/business.roovi.com\/de\/wp-json\/wp\/v2\/media?parent=41670"}],"wp:term":[{"taxonomy":"product_brand","embeddable":true,"href":"https:\/\/business.roovi.com\/de\/wp-json\/wp\/v2\/product_brand?post=41670"},{"taxonomy":"product_cat","embeddable":true,"href":"https:\/\/business.roovi.com\/de\/wp-json\/wp\/v2\/product_cat?post=41670"},{"taxonomy":"product_tag","embeddable":true,"href":"https:\/\/business.roovi.com\/de\/wp-json\/wp\/v2\/product_tag?post=41670"}],"curies":[{"name":"wp","href":"https:\/\/api.w.org\/{rel}","templated":true}]}}