{"id":41678,"date":"2018-04-16T10:56:17","date_gmt":"2018-04-16T10:56:17","guid":{"rendered":"https:\/\/business.roovi.com\/puzzle-adulti-1000-piese-john-william-waterhouse-the-lady-of-shalott\/p\/"},"modified":"2022-07-06T17:49:10","modified_gmt":"2022-07-06T17:49:10","slug":"1000-teile-john-william-waterhouse-puzzle-fur-erwachsene-die-dame-von-shalott","status":"publish","type":"product","link":"https:\/\/business.roovi.com\/de\/1000-teile-john-william-waterhouse-puzzle-fur-erwachsene-die-dame-von-shalott\/p\/","title":{"rendered":"1000 Teile John William Waterhouse Puzzle f\u00fcr Erwachsene &#8211; Die Dame von Shalott"},"content":{"rendered":"<p><span style=\"font-weight: 400\">Mach eine Pause von den Bildschirmen! L\u00f6se Kunstr\u00e4tsel und genie\u00dfe eine wunderbare Erfahrung der Entspannung und Losgel\u00f6stheit. In unserer Sammlung von 1000-teiligen Puzzles findest du Bilder der ber\u00fchmtesten Gem\u00e4lde der Welt. W\u00e4hle deine Favoriten aus und verbringe viel Zeit mit den sch\u00f6nsten Kunstwerken.<\/span><\/p>\n<p><span style=\"font-weight: 400\">Viele Malerinnen und Maler haben Mythen aus der Weltgeschichte oder ber\u00fchmte Gedichte auf ihren Leinw\u00e4nden abgebildet. Das ist der Fall von John William Waterhouse, der f\u00fcr seine Gem\u00e4lde zu mythologischen oder literarischen Themen bekannt ist. Das John William Waterhouse &#8211; The Lady of Shalott Kunstpuzzle reproduziert das Bild des ber\u00fchmtesten Gem\u00e4ldes des britischen K\u00fcnstlers. Das Gem\u00e4lde ist das Abbild der letzten Szene des gleichnamigen Gedichts von Tennyson.<\/span><\/p>\n<p><span style=\"font-weight: 400\">Jetzt hast du die M\u00f6glichkeit,&#8230; 1000 Puzzleteile eines ber\u00fchmten Gedichts durchzulesen und in dem Bild eines ber\u00fchmten Malers zu schwelgen. Du kannst einen normalen Couchtisch verwenden, um die St\u00fccke zu st\u00fctzen. Die Ma\u00dfe des rekonstruierten Bildes sind 50 x 70 cm.<\/span><\/p>\n<p><span style=\"font-weight: 400\">Weitere Merkmale des John William Waterhouse &#8211; The Lady of Shalott Kunstpuzzles<\/span><\/p>\n<p><strong>Puzzle-Material <\/strong><\/p>\n<p><strong>hochwertiger blauer Karton<\/strong><\/p>\n<p><strong>nachhaltige, recycelbare Materialien<\/strong><\/p>\n<p><strong>halbgl\u00e4nzende Oberfl\u00e4che, leuchtende Farben<\/strong><\/p>\n<p><strong>Anzahl der Puzzleteile: 1000<\/strong><\/p>\n<p><strong>Empfohlenes Alter: 14+<\/strong><\/p>\n<p><strong>Puzzlespiele sind ein komplettes und komplexes Training f\u00fcr das Gehirn<\/strong><\/p>\n<p><span style=\"font-weight: 400\">Das Zusammensetzen von Puzzles mit 1000 Teilen ist ein entspannender und gesunder Zeitvertreib. W\u00e4hrend des Spiels werden sowohl der linke Lappen, der f\u00fcr die Logik und die Bewegungen zust\u00e4ndig ist, die gemacht werden m\u00fcssen, um das 1000-teilige Puzzlebild zu erstellen, als auch der rechte Lappen, der f\u00fcr Kreativit\u00e4t, Emotionen und Intuition verantwortlich ist, aktiviert. Ein Puzzlespiel trainiert also das ganze Gehirn und aktiviert und steigert zudem die Kapazit\u00e4ten der Nervenzellen.<\/span><\/p>\n<p><strong>Puzzlespiele machen dich gl\u00fccklich<\/strong><\/p>\n<p><span style=\"font-weight: 400\">Und das ist nicht nur eine Redewendung! Beim Zusammensetzen von 1000-teiligen Puzzles sch\u00fcttet das Gehirn mehr Dopamin aus, das f\u00fcr Gl\u00fcck, Optimismus, Ged\u00e4chtnis und Lernen verantwortlich ist.<\/span><\/p>\n<p><strong>5 Informationen \u00fcber John William Waterhouse und <\/strong><strong><em>Die Herrin von Shalott<\/em><\/strong><\/p>\n<p><span style=\"font-weight: 400\">1. Waterhouse malte 3 Gem\u00e4lde von <\/span><em><span style=\"font-weight: 400\">Lady of Shalott,<\/span><\/em><span style=\"font-weight: 400\"> im pr\u00e4raffaelitischen Stil, obwohl dieser Stil in seiner Kindheit beendet worden war.<\/span><\/p>\n<p><span style=\"font-weight: 400\">2. Abgesehen von den metaphorischen Details, die er einf\u00e4ngt, wurde Waterhouse f\u00fcr dieses Bild wegen seiner F\u00e4higkeit gelobt, in einem realistischen Stil zu malen.<\/span><\/p>\n<p><span style=\"font-weight: 400\">3. In fast allen Gem\u00e4lden von Waterhouse steht eine Frau im Mittelpunkt, die als zerbrechlich, tragisch, t\u00f6dlich oder m\u00e4chtig dargestellt wird und immer von einer geheimnisvollen Aura umgeben ist.<\/span><\/p>\n<p><span style=\"font-weight: 400\">4. Einige Kritiker glauben, dass der K\u00fcnstler in einigen seiner Werke <\/span><span style=\"font-weight: 400\">schildert den Wunsch der Frauen, sich von den Fesseln des 19. Jahrhunderts zu befreien.<\/span><\/p>\n<p><span style=\"font-weight: 400\">5. Waterhouse begann auch eine Serie von Werken, die Shakespeares Heldin Ophelia darstellten, aber die Serie blieb unvollendet.<\/span><\/p>\n<p><strong>Wie helfen dir Puzzles dabei, deine Produktivit\u00e4t zu steigern?<\/strong><\/p>\n<p><span style=\"font-weight: 400\">Wenn du an einem 1000-teiligen Puzzle arbeitest, bist du konzentriert und darauf bedacht, kein noch so kleines Detail zu \u00fcbersehen. Je weiter du mit deiner Arbeit kommst, desto motivierter bist du, die schwierige Aufgabe des R\u00e4tsels zu l\u00f6sen. Ein entspannter und trainierter Geist hilft dir, bei der Arbeit produktiver zu sein, nicht nur bei deinen Freizeitaktivit\u00e4ten.<\/span><\/p>\n<p><span style=\"font-weight: 400\">Jetzt 1000 Teile Puzzle kaufen <\/span><span style=\"font-weight: 400\">John William Waterhouse &#8211; Lady of Shalott<\/span> <span style=\"font-weight: 400\">und erlebe tiefe Entspannung. Rahmt das Bild in diesem Kunstpuzzle ein, rahmt das Bild ein und schm\u00fcckt euer Zuhause mit einem besonderen 1000-Teile-Puzzleteil <\/span><\/p>\n<p><span style=\"font-weight: 400\">Das John William Waterhouse &#8211; Lady of Shalott Kunstpuzzle kann an Freunde verschenkt werden, die gerne Puzzles f\u00fcr Erwachsene oder ber\u00fchmte Gem\u00e4lde m\u00f6gen.<\/span><\/p><\/p>\n","protected":false},"excerpt":{"rendered":"<p>Mach eine Pause von den Bildschirmen! L\u00f6se Kunstr\u00e4tsel und genie\u00dfe eine wunderbare Erfahrung der Entspannung und Losgel\u00f6stheit. In unserer Sammlung<\/p>\n","protected":false},"featured_media":63402,"template":"","meta":[],"product_brand":[],"product_cat":[1916,1875,1915],"product_tag":[],"class_list":{"0":"post-41678","1":"product","2":"type-product","3":"status-publish","4":"has-post-thumbnail","6":"product_cat-1000-teile-puzzle","7":"product_cat-puzzle-de","8":"product_cat-puzzlespiele-fur-erwachsene","9":"pa_bax-10-de","10":"pa_brand-d_toys-de","11":"pa_country_of_manufacture-ro-de","12":"pa_filter_age-14-de","13":"pa_painter-johnwilliamwaterhouse-de","14":"pa_tip_ambalaj-kasten-a4-de","15":"pa_tip_puzzle-klassisch","17":"first","18":"instock","19":"taxable","20":"shipping-taxable","21":"product-type-simple"},"yoast_head":"<!-- This site is optimized with the Yoast SEO plugin v20.1 - https:\/\/yoast.com\/wordpress\/plugins\/seo\/ -->\n<title>1000 Teile John William Waterhouse Puzzle f\u00fcr Erwachsene - Die Dame von Shalott<\/title>\n<meta name=\"description\" content=\"1000 Teile John William Waterhouse Puzzle f\u00fcr Erwachsene - Die Dame von Shalott\" \/>\n<meta name=\"robots\" content=\"index, follow, max-snippet:-1, max-image-preview:large, max-video-preview:-1\" \/>\n<link rel=\"canonical\" href=\"https:\/\/business.roovi.com\/de\/1000-teile-john-william-waterhouse-puzzle-fur-erwachsene-die-dame-von-shalott\/p\/\" \/>\n<meta property=\"og:locale\" content=\"de_DE\" \/>\n<meta property=\"og:type\" content=\"article\" \/>\n<meta property=\"og:title\" content=\"1000 Teile John William Waterhouse Puzzle f\u00fcr Erwachsene - Die Dame von Shalott\" \/>\n<meta property=\"og:description\" content=\"1000 Teile John William Waterhouse Puzzle f\u00fcr Erwachsene - Die Dame von Shalott\" \/>\n<meta property=\"og:url\" content=\"https:\/\/business.roovi.com\/de\/1000-teile-john-william-waterhouse-puzzle-fur-erwachsene-die-dame-von-shalott\/p\/\" \/>\n<meta property=\"og:site_name\" content=\"Roovi B2B\" \/>\n<meta property=\"article:publisher\" content=\"https:\/\/www.facebook.com\/wwwjucariero\" \/>\n<meta property=\"article:modified_time\" content=\"2022-07-06T17:49:10+00:00\" \/>\n<meta property=\"og:image\" content=\"https:\/\/business.roovi.com\/wp-content\/uploads\/2018\/04\/72757-01_ansamblu_dimensiuni_cutie_cm_orizontal_1200x1200.png\" \/>\n\t<meta property=\"og:image:width\" content=\"1200\" \/>\n\t<meta property=\"og:image:height\" content=\"1200\" \/>\n\t<meta property=\"og:image:type\" content=\"image\/png\" \/>\n<meta name=\"twitter:label1\" content=\"Gesch\u00e4tzte Lesezeit\" \/>\n\t<meta name=\"twitter:data1\" content=\"3\u00a0Minuten\" \/>\n<script type=\"application\/ld+json\" class=\"yoast-schema-graph\">{\"@context\":\"https:\/\/schema.org\",\"@graph\":[{\"@type\":\"WebPage\",\"@id\":\"https:\/\/business.roovi.com\/de\/1000-teile-john-william-waterhouse-puzzle-fur-erwachsene-die-dame-von-shalott\/p\/\",\"url\":\"https:\/\/business.roovi.com\/de\/1000-teile-john-william-waterhouse-puzzle-fur-erwachsene-die-dame-von-shalott\/p\/\",\"name\":\"1000 Teile John William Waterhouse Puzzle f\u00fcr Erwachsene - Die Dame von Shalott\",\"isPartOf\":{\"@id\":\"https:\/\/business.roovi.com\/de\/#website\"},\"datePublished\":\"2018-04-16T10:56:17+00:00\",\"dateModified\":\"2022-07-06T17:49:10+00:00\",\"description\":\"1000 Teile John William Waterhouse Puzzle f\u00fcr Erwachsene - Die Dame von Shalott\",\"breadcrumb\":{\"@id\":\"https:\/\/business.roovi.com\/de\/1000-teile-john-william-waterhouse-puzzle-fur-erwachsene-die-dame-von-shalott\/p\/#breadcrumb\"},\"inLanguage\":\"de\",\"potentialAction\":[{\"@type\":\"ReadAction\",\"target\":[\"https:\/\/business.roovi.com\/de\/1000-teile-john-william-waterhouse-puzzle-fur-erwachsene-die-dame-von-shalott\/p\/\"]}]},{\"@type\":\"BreadcrumbList\",\"@id\":\"https:\/\/business.roovi.com\/de\/1000-teile-john-william-waterhouse-puzzle-fur-erwachsene-die-dame-von-shalott\/p\/#breadcrumb\",\"itemListElement\":[{\"@type\":\"ListItem\",\"position\":1,\"name\":\"Home\",\"item\":\"https:\/\/business.roovi.com\/de\/\"},{\"@type\":\"ListItem\",\"position\":2,\"name\":\"Shop\",\"item\":\"https:\/\/business.roovi.com\/de\/shop\/\"},{\"@type\":\"ListItem\",\"position\":3,\"name\":\"1000 Teile John William Waterhouse Puzzle f\u00fcr Erwachsene &#8211; Die Dame von Shalott\"}]},{\"@type\":\"WebSite\",\"@id\":\"https:\/\/business.roovi.com\/de\/#website\",\"url\":\"https:\/\/business.roovi.com\/de\/\",\"name\":\"Roovi B2B\",\"description\":\"Roovi Business Website\",\"potentialAction\":[{\"@type\":\"SearchAction\",\"target\":{\"@type\":\"EntryPoint\",\"urlTemplate\":\"https:\/\/business.roovi.com\/de\/?s={search_term_string}\"},\"query-input\":\"required name=search_term_string\"}],\"inLanguage\":\"de\"}]}<\/script>\n<!-- \/ Yoast SEO plugin. -->","yoast_head_json":{"title":"1000 Teile John William Waterhouse Puzzle f\u00fcr Erwachsene - Die Dame von Shalott","description":"1000 Teile John William Waterhouse Puzzle f\u00fcr Erwachsene - Die Dame von Shalott","robots":{"index":"index","follow":"follow","max-snippet":"max-snippet:-1","max-image-preview":"max-image-preview:large","max-video-preview":"max-video-preview:-1"},"canonical":"https:\/\/business.roovi.com\/de\/1000-teile-john-william-waterhouse-puzzle-fur-erwachsene-die-dame-von-shalott\/p\/","og_locale":"de_DE","og_type":"article","og_title":"1000 Teile John William Waterhouse Puzzle f\u00fcr Erwachsene - Die Dame von Shalott","og_description":"1000 Teile John William Waterhouse Puzzle f\u00fcr Erwachsene - Die Dame von Shalott","og_url":"https:\/\/business.roovi.com\/de\/1000-teile-john-william-waterhouse-puzzle-fur-erwachsene-die-dame-von-shalott\/p\/","og_site_name":"Roovi B2B","article_publisher":"https:\/\/www.facebook.com\/wwwjucariero","article_modified_time":"2022-07-06T17:49:10+00:00","og_image":[{"width":1200,"height":1200,"url":"https:\/\/business.roovi.com\/wp-content\/uploads\/2018\/04\/72757-01_ansamblu_dimensiuni_cutie_cm_orizontal_1200x1200.png","type":"image\/png"}],"twitter_misc":{"Gesch\u00e4tzte Lesezeit":"3\u00a0Minuten"},"schema":{"@context":"https:\/\/schema.org","@graph":[{"@type":"WebPage","@id":"https:\/\/business.roovi.com\/de\/1000-teile-john-william-waterhouse-puzzle-fur-erwachsene-die-dame-von-shalott\/p\/","url":"https:\/\/business.roovi.com\/de\/1000-teile-john-william-waterhouse-puzzle-fur-erwachsene-die-dame-von-shalott\/p\/","name":"1000 Teile John William Waterhouse Puzzle f\u00fcr Erwachsene - Die Dame von Shalott","isPartOf":{"@id":"https:\/\/business.roovi.com\/de\/#website"},"datePublished":"2018-04-16T10:56:17+00:00","dateModified":"2022-07-06T17:49:10+00:00","description":"1000 Teile John William Waterhouse Puzzle f\u00fcr Erwachsene - Die Dame von Shalott","breadcrumb":{"@id":"https:\/\/business.roovi.com\/de\/1000-teile-john-william-waterhouse-puzzle-fur-erwachsene-die-dame-von-shalott\/p\/#breadcrumb"},"inLanguage":"de","potentialAction":[{"@type":"ReadAction","target":["https:\/\/business.roovi.com\/de\/1000-teile-john-william-waterhouse-puzzle-fur-erwachsene-die-dame-von-shalott\/p\/"]}]},{"@type":"BreadcrumbList","@id":"https:\/\/business.roovi.com\/de\/1000-teile-john-william-waterhouse-puzzle-fur-erwachsene-die-dame-von-shalott\/p\/#breadcrumb","itemListElement":[{"@type":"ListItem","position":1,"name":"Home","item":"https:\/\/business.roovi.com\/de\/"},{"@type":"ListItem","position":2,"name":"Shop","item":"https:\/\/business.roovi.com\/de\/shop\/"},{"@type":"ListItem","position":3,"name":"1000 Teile John William Waterhouse Puzzle f\u00fcr Erwachsene &#8211; Die Dame von Shalott"}]},{"@type":"WebSite","@id":"https:\/\/business.roovi.com\/de\/#website","url":"https:\/\/business.roovi.com\/de\/","name":"Roovi B2B","description":"Roovi Business Website","potentialAction":[{"@type":"SearchAction","target":{"@type":"EntryPoint","urlTemplate":"https:\/\/business.roovi.com\/de\/?s={search_term_string}"},"query-input":"required name=search_term_string"}],"inLanguage":"de"}]}},"_links":{"self":[{"href":"https:\/\/business.roovi.com\/de\/wp-json\/wp\/v2\/product\/41678","targetHints":{"allow":["GET"]}}],"collection":[{"href":"https:\/\/business.roovi.com\/de\/wp-json\/wp\/v2\/product"}],"about":[{"href":"https:\/\/business.roovi.com\/de\/wp-json\/wp\/v2\/types\/product"}],"version-history":[{"count":0,"href":"https:\/\/business.roovi.com\/de\/wp-json\/wp\/v2\/product\/41678\/revisions"}],"wp:featuredmedia":[{"embeddable":true,"href":"https:\/\/business.roovi.com\/de\/wp-json\/wp\/v2\/media\/63402"}],"wp:attachment":[{"href":"https:\/\/business.roovi.com\/de\/wp-json\/wp\/v2\/media?parent=41678"}],"wp:term":[{"taxonomy":"product_brand","embeddable":true,"href":"https:\/\/business.roovi.com\/de\/wp-json\/wp\/v2\/product_brand?post=41678"},{"taxonomy":"product_cat","embeddable":true,"href":"https:\/\/business.roovi.com\/de\/wp-json\/wp\/v2\/product_cat?post=41678"},{"taxonomy":"product_tag","embeddable":true,"href":"https:\/\/business.roovi.com\/de\/wp-json\/wp\/v2\/product_tag?post=41678"}],"curies":[{"name":"wp","href":"https:\/\/api.w.org\/{rel}","templated":true}]}}