{"id":41682,"date":"2018-04-16T10:56:17","date_gmt":"2018-04-16T10:56:17","guid":{"rendered":"https:\/\/business.roovi.com\/puzzle-adulti-1000-piese-discover-europe-sighisoara-romania\/p\/"},"modified":"2022-07-06T17:49:19","modified_gmt":"2022-07-06T17:49:19","slug":"puzzle-sighisoara-rumanien-puzzle-fur-erwachsene-1000-teile-europa-entdecken","status":"publish","type":"product","link":"https:\/\/business.roovi.com\/de\/puzzle-sighisoara-rumanien-puzzle-fur-erwachsene-1000-teile-europa-entdecken\/p\/","title":{"rendered":"Puzzle Sighisoara, Rum\u00e4nien &#8211; Puzzle f\u00fcr Erwachsene 1000 Teile &#8211; Europa entdecken"},"content":{"rendered":"<p><strong><em>Entdecke Europa auf eine neue Art! Setze Teil f\u00fcr Teil zusammen und rekonstruiere aus Puzzlespielen faszinierende Bilder von einigen der ber\u00fchmtesten Sehensw\u00fcrdigkeiten des alten Kontinents.<\/em><\/strong><\/p>\n<p><span style=\"font-weight: 400\">Das 1000-teilige Sighisoara-Puzzle aus der Discover Europe-Kollektion nimmt dich mit auf eine Reise durch Europas gr\u00f6\u00dfte mittelalterliche Festung, die bis heute ununterbrochen bewohnt ist.<\/span><\/p>\n<p><span style=\"font-weight: 400\">Sch\u00e4\u00dfburg ist zweifellos eine lebendige mittelalterliche Stadt mit gepflasterten Stra\u00dfen und bunten kleinen H\u00e4usern, die den Geist vergangener Zeiten lebendig halten <\/span><\/p>\n<p><span style=\"font-weight: 400\">Wenn du Ende Juli zu Besuch kommst, siehst du mit gro\u00dfer Wahrscheinlichkeit Ritter und Burgfr\u00e4ulein in m\u00e4rchenhaften Kost\u00fcmen durch die Stra\u00dfen schlendern oder wirst Zeuge von Schwertk\u00e4mpfen zwischen mittelalterlichen Rittern. Es ist die Zeit des ber\u00fchmten Mittelalterfestes in Sighisoara, das jedes Jahr neugierige Touristen aus der ganzen Welt anzieht.<\/span><\/p>\n<p><span style=\"font-weight: 400\">Wenn du von der Legende von Dracula fasziniert bist, hast du die M\u00f6glichkeit, unbekannte Details zu entdecken, wenn du das Geburtshaus von Vlad Tepes besuchst. Eine Stadt mit einer faszinierenden Geschichte, durchdrungen von Mythen und Legenden, kannst du jetzt durch ein spezielles Puzzle f\u00fcr Erwachsene entdecken.<\/span><\/p>\n<p><span style=\"font-weight: 400\">Deshalb laden wir dich ins Herz von Siebenb\u00fcrgen ein, um aus 1000 Puzzleteilen ein gro\u00dfartiges Bild der mittelalterlichen Festung von Sighisoara zu erstellen.<\/span><\/p>\n<p><strong>Warum ist das 1000-Teile-Puzzle Discover Europe &#8211; Sighisoara so besonders? <\/strong><\/p>\n<p><span style=\"font-weight: 400\">Es ist eine entspannte Art, die Sch\u00f6nheit einer bemerkenswerten Touristenattraktion zu entdecken.<\/span><\/p>\n<p><span style=\"font-weight: 400\">Du bekommst ein 68 x 47 cm gro\u00dfes Bild von <\/span><span style=\"font-weight: 400\">einer Kopfsteinpflasterstra\u00dfe in Sighisoara, mit dem Uhrenturm im Hintergrund<\/span><span style=\"font-weight: 400\">.<\/span><\/p>\n<p><span style=\"font-weight: 400\">Es ist aus hochwertigem blauen Karton gefertigt, der sehr widerstandsf\u00e4hig ist, sodass du das Bild mehrmals zusammenbauen kannst, ohne dass die Teile abgenutzt werden.<\/span><\/p>\n<p><span style=\"font-weight: 400\">Wir verwenden bei der Herstellung jedes Puzzlespiels recycelbare und nachhaltige Materialien.<\/span><\/p>\n<p><span style=\"font-weight: 400\">Es hat eine halbgl\u00e4nzende Oberfl\u00e4che in angenehmen Farben, die dem Bild Klarheit verleihen.<\/span><\/p>\n<p><span style=\"font-weight: 400\">Sie ist f\u00fcr Personen ab 14 Jahren geeignet &#8211; eine Gelegenheit, Teenagern die faszinierende Geschichte von Sighisoara n\u00e4her zu bringen.<\/span><\/p>\n<p><span style=\"font-weight: 400\">Ein 1000-teiliges Puzzle mit Bildern von Europas Touristenattraktionen ist eine Freizeitbesch\u00e4ftigung mit hohem Nutzen:<\/span><\/p>\n<ul>\n<li><span style=\"font-weight: 400\">Es trainiert deine Koordination, Geschicklichkeit und Feinmotorik.<\/span><\/li>\n<li><span style=\"font-weight: 400\">Es schult deine Geduld.<\/span><\/li>\n<li><span style=\"font-weight: 400\">Es ist ein hervorragendes Training f\u00fcr das Gehirn und h\u00e4lt es gesund.<\/span><\/li>\n<li><span style=\"font-weight: 400\">Es gibt dir einen Zustand des Optimismus und schaltet dich von den Alltagssorgen ab.<\/span><\/li>\n<\/ul>\n<p><strong>Wusstest du, dass&#8230;?<\/strong><\/p>\n<p><span style=\"font-weight: 400\">Der Uhrenturm in Sighisoara ist 64 Meter hoch und wurde zur Verteidigung der Festung gebaut.<\/span><\/p>\n<p><span style=\"font-weight: 400\">Fr\u00fcher war die Festung von Sighisoara von einer Mauer mit 14 T\u00fcrmen umgeben, einer f\u00fcr jede Handwerkerzunft der Stadt. Heute gibt es noch 9 von ihnen, die bei einem Besuch in der Stadt bewundert werden k\u00f6nnen <\/span><\/p>\n<p><em><span style=\"font-weight: 400\">Die Treppe der Schuljungen<\/span><\/em><span style=\"font-weight: 400\"> oder <\/span><em><span style=\"font-weight: 400\">Die \u00fcberdachte Treppe<\/span><\/em><span style=\"font-weight: 400\"> hatte urspr\u00fcnglich 300 Stufen, heute sind es 175. Sie wurde 1642 gebaut, um den Sch\u00fclern den Weg zur School on the Hill zu erleichtern <\/span><\/p>\n<p><span style=\"font-weight: 400\">Bis zum Zweiten Weltkrieg gab es in Sch\u00e4\u00dfburg ein Sinfonieorchester. Ein prominenter Gast der Stadt war dank ihr der Musiker <\/span><span style=\"font-weight: 400\">Johannes Brahms.<\/span><\/p>\n<p><strong>1000-Teile-Puzzle Sighisoara &#8211; ein kreatives und lehrreiches Erlebnis<\/strong><\/p>\n<p><span style=\"font-weight: 400\">Discover Europe 1000 pieces puzzle &#8211; Sighisoara bietet dir viele Stunden der Ruhe und Harmonie, die jeder Puzzle-Liebhaber braucht. Wenn du die Geheimnisse des Zusammensetzens eines Puzzles mit 1000 Teilen mit deinen Kindern teilen m\u00f6chtest, ist jetzt die perfekte Gelegenheit <\/span><\/p>\n<p><span style=\"font-weight: 400\">Verwandle eine einsame Aktivit\u00e4t in ein lustiges Erlebnis mit deinen Teenagern. Denke dir innovative Strategien aus und stelle ein Bild der faszinierenden mittelalterlichen Festung zusammen. Das 1000-teilige Sighisoara-Puzzle ist eine tolle M\u00f6glichkeit, mit deinen Liebsten Zeit zu verbringen und unvergessliche Erinnerungen zu schaffen <\/span><\/p>\n<p><span style=\"font-weight: 400\">Dieses Puzzle f\u00fcr Erwachsene ist auch ein passendes Geschenk f\u00fcr Feiertage oder Jahrestage.<\/span><\/p><\/p>\n","protected":false},"excerpt":{"rendered":"<p>Entdecke Europa auf eine neue Art! Setze Teil f\u00fcr Teil zusammen und rekonstruiere aus Puzzlespielen faszinierende Bilder von einigen der<\/p>\n","protected":false},"featured_media":34664,"template":"","meta":[],"product_brand":[],"product_cat":[1916,1875,1915],"product_tag":[],"class_list":{"0":"post-41682","1":"product","2":"type-product","3":"status-publish","4":"has-post-thumbnail","6":"product_cat-1000-teile-puzzle","7":"product_cat-puzzle-de","8":"product_cat-puzzlespiele-fur-erwachsene","9":"pa_bax-7-de","10":"pa_brand-d_toys-de","11":"pa_country_of_manufacture-ro-de","12":"pa_filter_age-14-de","13":"pa_painter-discover-europe","14":"pa_tip_ambalaj-kasten-a4-de","15":"pa_tip_puzzle-klassisch","17":"first","18":"instock","19":"taxable","20":"shipping-taxable","21":"product-type-simple"},"yoast_head":"<!-- This site is optimized with the Yoast SEO plugin v20.1 - https:\/\/yoast.com\/wordpress\/plugins\/seo\/ -->\n<title>Puzzle Sighisoara, Rum\u00e4nien - Puzzle f\u00fcr Erwachsene 1000 Teile - Europa entdecken<\/title>\n<meta name=\"description\" content=\"Puzzle Sighisoara, Rum\u00e4nien - Puzzle f\u00fcr Erwachsene 1000 Teile - Europa entdecken\" \/>\n<meta name=\"robots\" content=\"index, follow, max-snippet:-1, max-image-preview:large, max-video-preview:-1\" \/>\n<link rel=\"canonical\" href=\"https:\/\/business.roovi.com\/de\/puzzle-sighisoara-rumanien-puzzle-fur-erwachsene-1000-teile-europa-entdecken\/p\/\" \/>\n<meta property=\"og:locale\" content=\"de_DE\" \/>\n<meta property=\"og:type\" content=\"article\" \/>\n<meta property=\"og:title\" content=\"Puzzle Sighisoara, Rum\u00e4nien - Puzzle f\u00fcr Erwachsene 1000 Teile - Europa entdecken\" \/>\n<meta property=\"og:description\" content=\"Puzzle Sighisoara, Rum\u00e4nien - Puzzle f\u00fcr Erwachsene 1000 Teile - Europa entdecken\" \/>\n<meta property=\"og:url\" content=\"https:\/\/business.roovi.com\/de\/puzzle-sighisoara-rumanien-puzzle-fur-erwachsene-1000-teile-europa-entdecken\/p\/\" \/>\n<meta property=\"og:site_name\" content=\"Roovi B2B\" \/>\n<meta property=\"article:publisher\" content=\"https:\/\/www.facebook.com\/wwwjucariero\" \/>\n<meta property=\"article:modified_time\" content=\"2022-07-06T17:49:19+00:00\" \/>\n<meta property=\"og:image\" content=\"https:\/\/business.roovi.com\/wp-content\/uploads\/2018\/04\/65995-02-ansamblu_dimensiuni-cutie-22x22-cm.png\" \/>\n\t<meta property=\"og:image:width\" content=\"1200\" \/>\n\t<meta property=\"og:image:height\" content=\"1200\" \/>\n\t<meta property=\"og:image:type\" content=\"image\/png\" \/>\n<meta name=\"twitter:label1\" content=\"Gesch\u00e4tzte Lesezeit\" \/>\n\t<meta name=\"twitter:data1\" content=\"3\u00a0Minuten\" \/>\n<script type=\"application\/ld+json\" class=\"yoast-schema-graph\">{\"@context\":\"https:\/\/schema.org\",\"@graph\":[{\"@type\":\"WebPage\",\"@id\":\"https:\/\/business.roovi.com\/de\/puzzle-sighisoara-rumanien-puzzle-fur-erwachsene-1000-teile-europa-entdecken\/p\/\",\"url\":\"https:\/\/business.roovi.com\/de\/puzzle-sighisoara-rumanien-puzzle-fur-erwachsene-1000-teile-europa-entdecken\/p\/\",\"name\":\"Puzzle Sighisoara, Rum\u00e4nien - Puzzle f\u00fcr Erwachsene 1000 Teile - Europa entdecken\",\"isPartOf\":{\"@id\":\"https:\/\/business.roovi.com\/de\/#website\"},\"datePublished\":\"2018-04-16T10:56:17+00:00\",\"dateModified\":\"2022-07-06T17:49:19+00:00\",\"description\":\"Puzzle Sighisoara, Rum\u00e4nien - Puzzle f\u00fcr Erwachsene 1000 Teile - Europa entdecken\",\"breadcrumb\":{\"@id\":\"https:\/\/business.roovi.com\/de\/puzzle-sighisoara-rumanien-puzzle-fur-erwachsene-1000-teile-europa-entdecken\/p\/#breadcrumb\"},\"inLanguage\":\"de\",\"potentialAction\":[{\"@type\":\"ReadAction\",\"target\":[\"https:\/\/business.roovi.com\/de\/puzzle-sighisoara-rumanien-puzzle-fur-erwachsene-1000-teile-europa-entdecken\/p\/\"]}]},{\"@type\":\"BreadcrumbList\",\"@id\":\"https:\/\/business.roovi.com\/de\/puzzle-sighisoara-rumanien-puzzle-fur-erwachsene-1000-teile-europa-entdecken\/p\/#breadcrumb\",\"itemListElement\":[{\"@type\":\"ListItem\",\"position\":1,\"name\":\"Home\",\"item\":\"https:\/\/business.roovi.com\/de\/\"},{\"@type\":\"ListItem\",\"position\":2,\"name\":\"Shop\",\"item\":\"https:\/\/business.roovi.com\/de\/shop\/\"},{\"@type\":\"ListItem\",\"position\":3,\"name\":\"Puzzle Sighisoara, Rum\u00e4nien &#8211; Puzzle f\u00fcr Erwachsene 1000 Teile &#8211; Europa entdecken\"}]},{\"@type\":\"WebSite\",\"@id\":\"https:\/\/business.roovi.com\/de\/#website\",\"url\":\"https:\/\/business.roovi.com\/de\/\",\"name\":\"Roovi B2B\",\"description\":\"Roovi Business Website\",\"potentialAction\":[{\"@type\":\"SearchAction\",\"target\":{\"@type\":\"EntryPoint\",\"urlTemplate\":\"https:\/\/business.roovi.com\/de\/?s={search_term_string}\"},\"query-input\":\"required name=search_term_string\"}],\"inLanguage\":\"de\"}]}<\/script>\n<!-- \/ Yoast SEO plugin. -->","yoast_head_json":{"title":"Puzzle Sighisoara, Rum\u00e4nien - Puzzle f\u00fcr Erwachsene 1000 Teile - Europa entdecken","description":"Puzzle Sighisoara, Rum\u00e4nien - Puzzle f\u00fcr Erwachsene 1000 Teile - Europa entdecken","robots":{"index":"index","follow":"follow","max-snippet":"max-snippet:-1","max-image-preview":"max-image-preview:large","max-video-preview":"max-video-preview:-1"},"canonical":"https:\/\/business.roovi.com\/de\/puzzle-sighisoara-rumanien-puzzle-fur-erwachsene-1000-teile-europa-entdecken\/p\/","og_locale":"de_DE","og_type":"article","og_title":"Puzzle Sighisoara, Rum\u00e4nien - Puzzle f\u00fcr Erwachsene 1000 Teile - Europa entdecken","og_description":"Puzzle Sighisoara, Rum\u00e4nien - Puzzle f\u00fcr Erwachsene 1000 Teile - Europa entdecken","og_url":"https:\/\/business.roovi.com\/de\/puzzle-sighisoara-rumanien-puzzle-fur-erwachsene-1000-teile-europa-entdecken\/p\/","og_site_name":"Roovi B2B","article_publisher":"https:\/\/www.facebook.com\/wwwjucariero","article_modified_time":"2022-07-06T17:49:19+00:00","og_image":[{"width":1200,"height":1200,"url":"https:\/\/business.roovi.com\/wp-content\/uploads\/2018\/04\/65995-02-ansamblu_dimensiuni-cutie-22x22-cm.png","type":"image\/png"}],"twitter_misc":{"Gesch\u00e4tzte Lesezeit":"3\u00a0Minuten"},"schema":{"@context":"https:\/\/schema.org","@graph":[{"@type":"WebPage","@id":"https:\/\/business.roovi.com\/de\/puzzle-sighisoara-rumanien-puzzle-fur-erwachsene-1000-teile-europa-entdecken\/p\/","url":"https:\/\/business.roovi.com\/de\/puzzle-sighisoara-rumanien-puzzle-fur-erwachsene-1000-teile-europa-entdecken\/p\/","name":"Puzzle Sighisoara, Rum\u00e4nien - Puzzle f\u00fcr Erwachsene 1000 Teile - Europa entdecken","isPartOf":{"@id":"https:\/\/business.roovi.com\/de\/#website"},"datePublished":"2018-04-16T10:56:17+00:00","dateModified":"2022-07-06T17:49:19+00:00","description":"Puzzle Sighisoara, Rum\u00e4nien - Puzzle f\u00fcr Erwachsene 1000 Teile - Europa entdecken","breadcrumb":{"@id":"https:\/\/business.roovi.com\/de\/puzzle-sighisoara-rumanien-puzzle-fur-erwachsene-1000-teile-europa-entdecken\/p\/#breadcrumb"},"inLanguage":"de","potentialAction":[{"@type":"ReadAction","target":["https:\/\/business.roovi.com\/de\/puzzle-sighisoara-rumanien-puzzle-fur-erwachsene-1000-teile-europa-entdecken\/p\/"]}]},{"@type":"BreadcrumbList","@id":"https:\/\/business.roovi.com\/de\/puzzle-sighisoara-rumanien-puzzle-fur-erwachsene-1000-teile-europa-entdecken\/p\/#breadcrumb","itemListElement":[{"@type":"ListItem","position":1,"name":"Home","item":"https:\/\/business.roovi.com\/de\/"},{"@type":"ListItem","position":2,"name":"Shop","item":"https:\/\/business.roovi.com\/de\/shop\/"},{"@type":"ListItem","position":3,"name":"Puzzle Sighisoara, Rum\u00e4nien &#8211; Puzzle f\u00fcr Erwachsene 1000 Teile &#8211; Europa entdecken"}]},{"@type":"WebSite","@id":"https:\/\/business.roovi.com\/de\/#website","url":"https:\/\/business.roovi.com\/de\/","name":"Roovi B2B","description":"Roovi Business Website","potentialAction":[{"@type":"SearchAction","target":{"@type":"EntryPoint","urlTemplate":"https:\/\/business.roovi.com\/de\/?s={search_term_string}"},"query-input":"required name=search_term_string"}],"inLanguage":"de"}]}},"_links":{"self":[{"href":"https:\/\/business.roovi.com\/de\/wp-json\/wp\/v2\/product\/41682","targetHints":{"allow":["GET"]}}],"collection":[{"href":"https:\/\/business.roovi.com\/de\/wp-json\/wp\/v2\/product"}],"about":[{"href":"https:\/\/business.roovi.com\/de\/wp-json\/wp\/v2\/types\/product"}],"version-history":[{"count":0,"href":"https:\/\/business.roovi.com\/de\/wp-json\/wp\/v2\/product\/41682\/revisions"}],"wp:featuredmedia":[{"embeddable":true,"href":"https:\/\/business.roovi.com\/de\/wp-json\/wp\/v2\/media\/34664"}],"wp:attachment":[{"href":"https:\/\/business.roovi.com\/de\/wp-json\/wp\/v2\/media?parent=41682"}],"wp:term":[{"taxonomy":"product_brand","embeddable":true,"href":"https:\/\/business.roovi.com\/de\/wp-json\/wp\/v2\/product_brand?post=41682"},{"taxonomy":"product_cat","embeddable":true,"href":"https:\/\/business.roovi.com\/de\/wp-json\/wp\/v2\/product_cat?post=41682"},{"taxonomy":"product_tag","embeddable":true,"href":"https:\/\/business.roovi.com\/de\/wp-json\/wp\/v2\/product_tag?post=41682"}],"curies":[{"name":"wp","href":"https:\/\/api.w.org\/{rel}","templated":true}]}}