{"id":41686,"date":"2018-04-16T10:56:17","date_gmt":"2018-04-16T10:56:17","guid":{"rendered":"https:\/\/business.roovi.com\/puzzle-adulti-1000-piese-discover-europe-casa-batllo-barcelona\/p\/"},"modified":"2022-07-06T17:49:28","modified_gmt":"2022-07-06T17:49:28","slug":"puzzle-casa-batllo-barcelona-erwachsenenpuzzle-1000-teile-europa-entdecken","status":"publish","type":"product","link":"https:\/\/business.roovi.com\/de\/puzzle-casa-batllo-barcelona-erwachsenenpuzzle-1000-teile-europa-entdecken\/p\/","title":{"rendered":"Puzzle Casa Batll\u00f3, Barcelona &#8211; Erwachsenenpuzzle 1000 Teile &#8211; Europa entdecken"},"content":{"rendered":"<p><strong><em>Faszinierende Sehensw\u00fcrdigkeiten Europas warten darauf, von dir erkundet zu werden &#8211; mit der neuen 1000-teiligen Puzzlesammlung Discover Europe f\u00fcr Erwachsene.<\/em><\/strong><\/p>\n<p><span style=\"font-weight: 400\">Bei dieser faszinierenden Sammlung durfte ein Wahrzeichen Barcelonas nicht fehlen: die Casa <\/span><span style=\"font-weight: 400\">Batll\u00f3<\/span><span style=\"font-weight: 400\">. Das ber\u00fchmte Geb\u00e4ude ist das Werk von <\/span><span style=\"font-weight: 400\">Antoni Gaud\u00ed, der katalanische Architekt, der eine einzigartige architektonische Sprache geschaffen hat, die sich jeder Klassifizierung entzieht <\/span><\/p>\n<p><span style=\"font-weight: 400\">Das Design dieses Geb\u00e4udes erinnert an den freien und kreativen Geist des genialen Gaud\u00ed. Die Mosaikfassade aus zerbrochenen Keramikfliesen, das gew\u00f6lbte Dach wie der R\u00fccken eines Drachens und die perfekte Harmonie der Farben beeindrucken jeden Betrachter und Passanten bleiben stehen, um das pr\u00e4chtige Geb\u00e4ude zu jeder Tageszeit zu bewundern.<\/span><\/p>\n<p><span style=\"font-weight: 400\">Lass dich von kreativen Gedanken inspirieren und baue die spektakul\u00e4re 1000-teilige Puzzlefassade des Batll\u00f3-Hauses nach. Du wirst die Gef\u00fchle eines vollendeten Sch\u00f6pfers erleben, aus dessen H\u00e4nden ein wahres Meisterwerk entsteht <\/span><\/p>\n<p><span style=\"font-weight: 400\">Am Ende wird eine \u00fcppige, vom Meer inspirierte Fassade deine Sinne erfreuen und dich auf eine einzigartige Reise in die Welt des Meeres, der Sch\u00f6nheit und der Kunst mitnehmen <\/span><\/p>\n<p><strong>Warum das 1000-Teile-Puzzle Casa Batll\u00f3?<\/strong><\/p>\n<p><span style=\"font-weight: 400\">Du hast die M\u00f6glichkeit, ein einzigartiges Bild zu erstellen und die au\u00dfergew\u00f6hnlichen architektonischen Elemente eines weltber\u00fchmten Denkmals im Detail zu bewundern.<\/span><\/p>\n<p><span style=\"font-weight: 400\">Du bekommst ein 68 x 47 cm gro\u00dfes Bild, das jedem tristen Ort in deinem Zuhause einen raffinierten Touch verleiht.<\/span><\/p>\n<p><span style=\"font-weight: 400\">Er ist aus hochwertigem blauen Karton gefertigt, der die Teile auch nach mehrmaligem Zusammenbau stabil macht.<\/span><\/p>\n<p><span style=\"font-weight: 400\">Wir verwenden bei der Herstellung unserer Puzzlespiele nur nachhaltige und recycelbare Materialien.<\/span><\/p>\n<p><span style=\"font-weight: 400\">Es hat eine halbgl\u00e4nzende Oberfl\u00e4che und leuchtende Farben, die die Sch\u00f6nheit des Bildes hervorheben.<\/span><\/p>\n<p><span style=\"font-weight: 400\">Geeignet f\u00fcr Personen ab 14 Jahren &#8211; ein Grund mehr, Jugendlichen das Werk des gro\u00dfen Gaud\u00ed n\u00e4her zu bringen.<\/span><\/p>\n<p><span style=\"font-weight: 400\">Puzzlespiele bieten dir viele Vorteile, die sich in deinen aktuellen Aktivit\u00e4ten widerspiegeln:<\/span><\/p>\n<ul>\n<li><span style=\"font-weight: 400\">Sie sind ein Werkzeug, um sich vom Alltag zu l\u00f6sen.<\/span><\/li>\n<li><span style=\"font-weight: 400\">Sie kultivieren Geduld, Beharrlichkeit und Liebe zum Detail.<\/span><\/li>\n<li><span style=\"font-weight: 400\">Sie verbessern deine Probleml\u00f6sungsf\u00e4higkeit.<\/span><\/li>\n<li><span style=\"font-weight: 400\">Sie erh\u00f6hen den Spiegel des Gl\u00fcckshormons Dopamin und geben dir ein Gef\u00fchl von Zufriedenheit und Optimismus.<\/span><\/li>\n<li><span style=\"font-weight: 400\">Sie helfen dir, produktiver zu werden, weil du dich lange auf eine einzige Aufgabe konzentrieren kannst.<\/span><\/li>\n<\/ul>\n<p><strong>Wusstest du, dass&#8230;?<\/strong><\/p>\n<p><span style=\"font-weight: 400\">Name <\/span><em><span style=\"font-weight: 400\">Batll\u00f3 Haus <\/span><\/em><span style=\"font-weight: 400\">bedeutet <\/span><em><span style=\"font-weight: 400\">Haus der Knochen<\/span><\/em><span style=\"font-weight: 400\"> und kommt von der Tatsache, dass die Details der Fassade Knochenformen suggerieren. Das sollen die Knochen der Opfer des Drachens sein, den St. Georg besiegt hat.<\/span><\/p>\n<p><span style=\"font-weight: 400\">Josep Batll\u00f3, der Gesch\u00e4ftsmann, der das Geb\u00e4ude 1903 kaufte, wollte es abrei\u00dfen und ein neues Haus bauen. Doch Gaud\u00ed \u00fcberzeugte ihn, dass dies nicht n\u00f6tig war, \u00fcberdachte das Design und gestaltete es in seinem unverwechselbaren Jugendstil um.<\/span><\/p>\n<p><span style=\"font-weight: 400\">Die Fassade des Batll\u00f3-Hauses weist eine Art von Dekoration auf, die aus Glasscherben besteht, die zu einem Mosaik zusammengesetzt werden, ein Verfahren, das als <\/span><em><span style=\"font-weight: 400\">trencad\u00eds <\/span><\/em><span style=\"font-weight: 400\"> Dies war eine der bevorzugten Techniken des Architekten wegen ihrer Nachhaltigkeit und ihres \u00e4sthetischen Wertes.<\/span><\/p>\n<p><strong>Suchst du nach einem Weg, um Stress abzubauen? Das 1000-Teile-Puzzle kommt zu deiner Rettung<\/strong><\/p>\n<p><span style=\"font-weight: 400\">Wenn du Zeit damit verbringst, ein 1000-teiliges Puzzle von einem der Meisterwerke Gaud\u00eds zusammenzusetzen, befreist du dich von negativen Gedanken und Stress. Alle Sorgen verschwinden vor einem Kunstwerk. Du erlebst eine kreative Aktivit\u00e4t und einen Zustand des Friedens, den nur Sch\u00f6nheit und Farbe bringen k\u00f6nnen.<\/span><\/p>\n<p><span style=\"font-weight: 400\">Lass dich von der positiven Energie und dem kreativen Optimismus, den jedes Teil des Casa Batll\u00f3-Puzzles f\u00fcr Erwachsene ausstrahlt, mitrei\u00dfen und nimm dir eine Auszeit von der Hektik des Alltags.<\/span><\/p>\n<p><span style=\"font-weight: 400\">1000 Teile Casa Batll\u00f3-Puzzle<\/span> <span style=\"font-weight: 400\">du kannst es kaufen, um es zusammenzustellen, wenn du das Bed\u00fcrfnis hast, dich in deine innere Welt zur\u00fcckzuziehen, um Zeit mit deiner Familie oder deinen Freunden zu verbringen, oder um es an deine Lieben zu verschenken.<\/span><\/p>\n<p><span style=\"font-weight: 400\">Entdecke alle Puzzles aus der Reihe Discover Europe und erstelle deine eigene erstaunliche Sammlung von 1000-teiligen Puzzles <\/span><\/p><\/p>\n","protected":false},"excerpt":{"rendered":"<p>Faszinierende Sehensw\u00fcrdigkeiten Europas warten darauf, von dir erkundet zu werden &#8211; mit der neuen 1000-teiligen Puzzlesammlung Discover Europe f\u00fcr Erwachsene.<\/p>\n","protected":false},"featured_media":34678,"template":"","meta":[],"product_brand":[],"product_cat":[1916,1875,1915],"product_tag":[],"class_list":{"0":"post-41686","1":"product","2":"type-product","3":"status-publish","4":"has-post-thumbnail","6":"product_cat-1000-teile-puzzle","7":"product_cat-puzzle-de","8":"product_cat-puzzlespiele-fur-erwachsene","9":"pa_bax-7-de","10":"pa_brand-d_toys-de","11":"pa_country_of_manufacture-ro-de","12":"pa_filter_age-14-de","13":"pa_painter-discover-europe","14":"pa_tip_ambalaj-kasten-a4-de","15":"pa_tip_puzzle-klassisch","17":"first","18":"instock","19":"taxable","20":"shipping-taxable","21":"product-type-simple"},"yoast_head":"<!-- This site is optimized with the Yoast SEO plugin v20.1 - https:\/\/yoast.com\/wordpress\/plugins\/seo\/ -->\n<title>Puzzle Casa Batll\u00f3, Barcelona - Erwachsenenpuzzle 1000 Teile - Europa entdecken<\/title>\n<meta name=\"description\" content=\"Puzzle Casa Batll\u00f3, Barcelona - Erwachsenenpuzzle 1000 Teile - Europa entdecken\" \/>\n<meta name=\"robots\" content=\"index, follow, max-snippet:-1, max-image-preview:large, max-video-preview:-1\" \/>\n<link rel=\"canonical\" href=\"https:\/\/business.roovi.com\/de\/puzzle-casa-batllo-barcelona-erwachsenenpuzzle-1000-teile-europa-entdecken\/p\/\" \/>\n<meta property=\"og:locale\" content=\"de_DE\" \/>\n<meta property=\"og:type\" content=\"article\" \/>\n<meta property=\"og:title\" content=\"Puzzle Casa Batll\u00f3, Barcelona - Erwachsenenpuzzle 1000 Teile - Europa entdecken\" \/>\n<meta property=\"og:description\" content=\"Puzzle Casa Batll\u00f3, Barcelona - Erwachsenenpuzzle 1000 Teile - Europa entdecken\" \/>\n<meta property=\"og:url\" content=\"https:\/\/business.roovi.com\/de\/puzzle-casa-batllo-barcelona-erwachsenenpuzzle-1000-teile-europa-entdecken\/p\/\" \/>\n<meta property=\"og:site_name\" content=\"Roovi B2B\" \/>\n<meta property=\"article:publisher\" content=\"https:\/\/www.facebook.com\/wwwjucariero\" \/>\n<meta property=\"article:modified_time\" content=\"2022-07-06T17:49:28+00:00\" \/>\n<meta property=\"og:image\" content=\"https:\/\/business.roovi.com\/wp-content\/uploads\/2018\/04\/65995-04-ansamblu_dimensiuni-cutie-22x22-cm.png\" \/>\n\t<meta property=\"og:image:width\" content=\"1140\" \/>\n\t<meta property=\"og:image:height\" content=\"1140\" \/>\n\t<meta property=\"og:image:type\" content=\"image\/png\" \/>\n<meta name=\"twitter:label1\" content=\"Gesch\u00e4tzte Lesezeit\" \/>\n\t<meta name=\"twitter:data1\" content=\"3\u00a0Minuten\" \/>\n<script type=\"application\/ld+json\" class=\"yoast-schema-graph\">{\"@context\":\"https:\/\/schema.org\",\"@graph\":[{\"@type\":\"WebPage\",\"@id\":\"https:\/\/business.roovi.com\/de\/puzzle-casa-batllo-barcelona-erwachsenenpuzzle-1000-teile-europa-entdecken\/p\/\",\"url\":\"https:\/\/business.roovi.com\/de\/puzzle-casa-batllo-barcelona-erwachsenenpuzzle-1000-teile-europa-entdecken\/p\/\",\"name\":\"Puzzle Casa Batll\u00f3, Barcelona - Erwachsenenpuzzle 1000 Teile - Europa entdecken\",\"isPartOf\":{\"@id\":\"https:\/\/business.roovi.com\/de\/#website\"},\"datePublished\":\"2018-04-16T10:56:17+00:00\",\"dateModified\":\"2022-07-06T17:49:28+00:00\",\"description\":\"Puzzle Casa Batll\u00f3, Barcelona - Erwachsenenpuzzle 1000 Teile - Europa entdecken\",\"breadcrumb\":{\"@id\":\"https:\/\/business.roovi.com\/de\/puzzle-casa-batllo-barcelona-erwachsenenpuzzle-1000-teile-europa-entdecken\/p\/#breadcrumb\"},\"inLanguage\":\"de\",\"potentialAction\":[{\"@type\":\"ReadAction\",\"target\":[\"https:\/\/business.roovi.com\/de\/puzzle-casa-batllo-barcelona-erwachsenenpuzzle-1000-teile-europa-entdecken\/p\/\"]}]},{\"@type\":\"BreadcrumbList\",\"@id\":\"https:\/\/business.roovi.com\/de\/puzzle-casa-batllo-barcelona-erwachsenenpuzzle-1000-teile-europa-entdecken\/p\/#breadcrumb\",\"itemListElement\":[{\"@type\":\"ListItem\",\"position\":1,\"name\":\"Home\",\"item\":\"https:\/\/business.roovi.com\/de\/\"},{\"@type\":\"ListItem\",\"position\":2,\"name\":\"Shop\",\"item\":\"https:\/\/business.roovi.com\/de\/shop\/\"},{\"@type\":\"ListItem\",\"position\":3,\"name\":\"Puzzle Casa Batll\u00f3, Barcelona &#8211; Erwachsenenpuzzle 1000 Teile &#8211; Europa entdecken\"}]},{\"@type\":\"WebSite\",\"@id\":\"https:\/\/business.roovi.com\/de\/#website\",\"url\":\"https:\/\/business.roovi.com\/de\/\",\"name\":\"Roovi B2B\",\"description\":\"Roovi Business Website\",\"potentialAction\":[{\"@type\":\"SearchAction\",\"target\":{\"@type\":\"EntryPoint\",\"urlTemplate\":\"https:\/\/business.roovi.com\/de\/?s={search_term_string}\"},\"query-input\":\"required name=search_term_string\"}],\"inLanguage\":\"de\"}]}<\/script>\n<!-- \/ Yoast SEO plugin. -->","yoast_head_json":{"title":"Puzzle Casa Batll\u00f3, Barcelona - Erwachsenenpuzzle 1000 Teile - Europa entdecken","description":"Puzzle Casa Batll\u00f3, Barcelona - Erwachsenenpuzzle 1000 Teile - Europa entdecken","robots":{"index":"index","follow":"follow","max-snippet":"max-snippet:-1","max-image-preview":"max-image-preview:large","max-video-preview":"max-video-preview:-1"},"canonical":"https:\/\/business.roovi.com\/de\/puzzle-casa-batllo-barcelona-erwachsenenpuzzle-1000-teile-europa-entdecken\/p\/","og_locale":"de_DE","og_type":"article","og_title":"Puzzle Casa Batll\u00f3, Barcelona - Erwachsenenpuzzle 1000 Teile - Europa entdecken","og_description":"Puzzle Casa Batll\u00f3, Barcelona - Erwachsenenpuzzle 1000 Teile - Europa entdecken","og_url":"https:\/\/business.roovi.com\/de\/puzzle-casa-batllo-barcelona-erwachsenenpuzzle-1000-teile-europa-entdecken\/p\/","og_site_name":"Roovi B2B","article_publisher":"https:\/\/www.facebook.com\/wwwjucariero","article_modified_time":"2022-07-06T17:49:28+00:00","og_image":[{"width":1140,"height":1140,"url":"https:\/\/business.roovi.com\/wp-content\/uploads\/2018\/04\/65995-04-ansamblu_dimensiuni-cutie-22x22-cm.png","type":"image\/png"}],"twitter_misc":{"Gesch\u00e4tzte Lesezeit":"3\u00a0Minuten"},"schema":{"@context":"https:\/\/schema.org","@graph":[{"@type":"WebPage","@id":"https:\/\/business.roovi.com\/de\/puzzle-casa-batllo-barcelona-erwachsenenpuzzle-1000-teile-europa-entdecken\/p\/","url":"https:\/\/business.roovi.com\/de\/puzzle-casa-batllo-barcelona-erwachsenenpuzzle-1000-teile-europa-entdecken\/p\/","name":"Puzzle Casa Batll\u00f3, Barcelona - Erwachsenenpuzzle 1000 Teile - Europa entdecken","isPartOf":{"@id":"https:\/\/business.roovi.com\/de\/#website"},"datePublished":"2018-04-16T10:56:17+00:00","dateModified":"2022-07-06T17:49:28+00:00","description":"Puzzle Casa Batll\u00f3, Barcelona - Erwachsenenpuzzle 1000 Teile - Europa entdecken","breadcrumb":{"@id":"https:\/\/business.roovi.com\/de\/puzzle-casa-batllo-barcelona-erwachsenenpuzzle-1000-teile-europa-entdecken\/p\/#breadcrumb"},"inLanguage":"de","potentialAction":[{"@type":"ReadAction","target":["https:\/\/business.roovi.com\/de\/puzzle-casa-batllo-barcelona-erwachsenenpuzzle-1000-teile-europa-entdecken\/p\/"]}]},{"@type":"BreadcrumbList","@id":"https:\/\/business.roovi.com\/de\/puzzle-casa-batllo-barcelona-erwachsenenpuzzle-1000-teile-europa-entdecken\/p\/#breadcrumb","itemListElement":[{"@type":"ListItem","position":1,"name":"Home","item":"https:\/\/business.roovi.com\/de\/"},{"@type":"ListItem","position":2,"name":"Shop","item":"https:\/\/business.roovi.com\/de\/shop\/"},{"@type":"ListItem","position":3,"name":"Puzzle Casa Batll\u00f3, Barcelona &#8211; Erwachsenenpuzzle 1000 Teile &#8211; Europa entdecken"}]},{"@type":"WebSite","@id":"https:\/\/business.roovi.com\/de\/#website","url":"https:\/\/business.roovi.com\/de\/","name":"Roovi B2B","description":"Roovi Business Website","potentialAction":[{"@type":"SearchAction","target":{"@type":"EntryPoint","urlTemplate":"https:\/\/business.roovi.com\/de\/?s={search_term_string}"},"query-input":"required name=search_term_string"}],"inLanguage":"de"}]}},"_links":{"self":[{"href":"https:\/\/business.roovi.com\/de\/wp-json\/wp\/v2\/product\/41686","targetHints":{"allow":["GET"]}}],"collection":[{"href":"https:\/\/business.roovi.com\/de\/wp-json\/wp\/v2\/product"}],"about":[{"href":"https:\/\/business.roovi.com\/de\/wp-json\/wp\/v2\/types\/product"}],"version-history":[{"count":0,"href":"https:\/\/business.roovi.com\/de\/wp-json\/wp\/v2\/product\/41686\/revisions"}],"wp:featuredmedia":[{"embeddable":true,"href":"https:\/\/business.roovi.com\/de\/wp-json\/wp\/v2\/media\/34678"}],"wp:attachment":[{"href":"https:\/\/business.roovi.com\/de\/wp-json\/wp\/v2\/media?parent=41686"}],"wp:term":[{"taxonomy":"product_brand","embeddable":true,"href":"https:\/\/business.roovi.com\/de\/wp-json\/wp\/v2\/product_brand?post=41686"},{"taxonomy":"product_cat","embeddable":true,"href":"https:\/\/business.roovi.com\/de\/wp-json\/wp\/v2\/product_cat?post=41686"},{"taxonomy":"product_tag","embeddable":true,"href":"https:\/\/business.roovi.com\/de\/wp-json\/wp\/v2\/product_tag?post=41686"}],"curies":[{"name":"wp","href":"https:\/\/api.w.org\/{rel}","templated":true}]}}