{"id":41702,"date":"2018-04-16T10:56:17","date_gmt":"2018-04-16T10:56:17","guid":{"rendered":"https:\/\/business.roovi.com\/mini-puzzle-1000-piese-w-a-bouguereau-the-chilly\/p\/"},"modified":"2022-07-06T17:49:50","modified_gmt":"2022-07-06T17:49:50","slug":"mini-puzzle-1000-teile-w-a-bouguereau-der-chilly","status":"publish","type":"product","link":"https:\/\/business.roovi.com\/de\/mini-puzzle-1000-teile-w-a-bouguereau-der-chilly\/p\/","title":{"rendered":"Mini-Puzzle 1000 Teile W. A. Bouguereau &#8211; Der Chilly"},"content":{"rendered":"<p><strong><em>Ist dir an Schlechtwettertagen langweilig? Entdecke die 1000-teilige Mini-Puzzle-Reihe aus der Kunstpuzzle-Kollektion und verbringe deine Freizeit auf kreative und lustige Weise <\/em><\/strong><\/p>\n<p><span style=\"font-weight: 400\">1000 Teile Puzzle <\/span><span style=\"font-weight: 400\">W. A. Bouguereau &#8211; Der Chilly gibt dir die Chance, selbst zum K\u00fcnstler zu werden und aus hunderten von Teilen ein Meisterwerk zu schaffen.<\/span><\/p>\n<p><span style=\"font-weight: 400\">Die kleinen, filigranen, pr\u00e4zisionsgeschnittenen Teile passen perfekt zusammen, sodass du das fertige Bild einrahmen und die perfekte Nachbildung von The Chilly bewundern kannst <\/span><\/p>\n<p><span style=\"font-weight: 400\">William-Adolphe Bouguereau ist ein ber\u00fchmter franz\u00f6sischer Maler, Vertreter des k\u00fcnstlerischen Realismus, der den H\u00f6hepunkt seiner Karriere Ende des 19. Die damalige Kunstwelt sch\u00e4tzte ihn vor allem f\u00fcr seine technischen F\u00e4higkeiten bei der Erstellung fotografischer Gem\u00e4lde und f\u00fcr den traditionellen Ansatz, den er w\u00e4hrend seiner gesamten Karriere beibehielt <\/span><\/p>\n<p><span style=\"font-weight: 400\">Wenn er die Puzzleteile in die richtige Reihenfolge bringt, setzt er eines der ber\u00fchmten Gem\u00e4lde von Bouguereau zusammen. Die Gr\u00f6\u00dfe der rekonstruierten Bilder &#8211; 48 x 34 cm &#8211; ist ideal, um ein dezentes Ambiente zu schaffen, hebt aber auch die Anonymit\u00e4t jeder tristen Stelle in deinem Zuhause hervor.<\/span><\/p>\n<p><strong>Warum ein 1000-teiliges Mini-Puzzle aus der Kunstpuzzle-Kollektion w\u00e4hlen?<\/strong><\/p>\n<p><span style=\"font-weight: 400\">Ein 1000-teiliges Mini-Puzzle ist eine einzigartige M\u00f6glichkeit, selbst die feinsten Details eines Originalgem\u00e4ldes zu bewundern.<\/span><\/p>\n<p><span style=\"font-weight: 400\">Er nimmt wenig Platz weg, ist praktisch und l\u00e4sst sich \u00fcberall leicht aufbauen, sogar im Urlaub.<\/span><\/p>\n<p><span style=\"font-weight: 400\">Das Manipulieren der Mini-Puzzleteile ist ein hervorragendes Training, das deine Beweglichkeit, Geschicklichkeit und Koordination in jedem Alter f\u00f6rdert.<\/span><\/p>\n<p><span style=\"font-weight: 400\">Es hilft dir, geduldiger zu werden und deine Aufmerksamkeit f\u00fcr Details zu erh\u00f6hen.<\/span><\/p>\n<p><span style=\"font-weight: 400\">Die Puzzleteile sind aus hochwertigem Karton und halten dem mehrfachen Zusammenbau stand.<\/span><\/p>\n<p><span style=\"font-weight: 400\">Jedes 1000-teilige Puzzle ist aus recycelbaren und nachhaltigen Materialien hergestellt.<\/span><\/p>\n<p><span style=\"font-weight: 400\">Es hat eine halbgl\u00e4nzende Oberfl\u00e4che in angenehmen Farben, die die Klarheit der Originalplatte bewahrt <\/span><\/p>\n<p><span style=\"font-weight: 400\">Geeignet ab 14 Jahren, also eine perfekte Gelegenheit, um Teenager in die faszinierende Welt der Kunst einzuf\u00fchren.<\/span><\/p>\n<p><strong>Wusstest du, dass&#8230;?<\/strong><\/p>\n<p><span style=\"font-weight: 400\">Obwohl er zu Lebzeiten f\u00fcr sein k\u00fcnstlerisches Talent und die hervorragende Technik, mit der er seine Werke schuf, gesch\u00e4tzt wurde, fiel William-Adolphe Bouguereau am Ende seines Lebens in einen Schatten. Seine Bilder gelten als zu traditionell f\u00fcr das fr\u00fche 20. Jahrhundert <\/span><\/p>\n<p><span style=\"font-weight: 400\">Au\u00dferdem wurde sein Name vier Jahrzehnte lang aus den Kunstlexika gestrichen. Heute ist seine Arbeit anerkannt und seine Gem\u00e4lde bereichern die Kunstsammlungen von 100 Museen weltweit.<\/span><\/p>\n<p><strong>W. A. Bouguereau &#8211; Das Chilly 1000 Teile Mini-Puzzle f\u00fcr viele Stunden der Entspannung <\/strong><\/p>\n<p><span style=\"font-weight: 400\">Ein langes Wochenende mit den Liebsten, ein lustiger Abend mit Freunden oder, warum nicht, ein Tag, der dir gewidmet ist, sind nur einige Gelegenheiten, bei denen du dieses wunderbare Kunstpuzzle zusammensetzen kannst <\/span><\/p>\n<p><span style=\"font-weight: 400\">Um deine Batterien wieder aufzuladen und die n\u00f6tige Energie f\u00fcr die t\u00e4glichen Aufgaben zu haben, sind Momente der Entspannung \u00e4u\u00dferst wertvoll. Das 1000-teilige Mini-Puzzle ist mehr als nur eine Freizeitbesch\u00e4ftigung. Es hilft dir, von deinen Alltagssorgen abzuschalten und in die faszinierende Welt der Farben einzutauchen. Du erlebst einen Zustand des Friedens und des Gl\u00fccks und sch\u00e4tzt die Freude, die aus den einfachen Freuden des Lebens entsteht.<\/span><\/p>\n<p><span style=\"font-weight: 400\">Entscheide dich f\u00fcr das 1000-teilige Chilly-Mini-Puzzle aus der Art-Puzzle-Kollektion und bewahre es in deinem Zuhause auf, wenn du allein oder mit deinen Lieben eine kreative Herausforderung suchst. Dieses tolle Puzzle f\u00fcr Erwachsene ist auch ein tolles Geschenk f\u00fcr verschiedene Geburtstage.<\/span><\/p><\/p>\n","protected":false},"excerpt":{"rendered":"<p>Ist dir an Schlechtwettertagen langweilig? Entdecke die 1000-teilige Mini-Puzzle-Reihe aus der Kunstpuzzle-Kollektion und verbringe deine Freizeit auf kreative und lustige<\/p>\n","protected":false},"featured_media":63207,"template":"","meta":[],"product_brand":[],"product_cat":[1916,1875,1915],"product_tag":[],"class_list":{"0":"post-41702","1":"product","2":"type-product","3":"status-publish","4":"has-post-thumbnail","6":"product_cat-1000-teile-puzzle","7":"product_cat-puzzle-de","8":"product_cat-puzzlespiele-fur-erwachsene","9":"pa_bax-10-de","10":"pa_brand-d_toys-de","11":"pa_country_of_manufacture-ro-de","12":"pa_filter_age-14-de","13":"pa_painter-kunstsammlung","14":"pa_tip_ambalaj-kasten-a4-de","15":"pa_tip_puzzle-klassisch","17":"first","18":"instock","19":"taxable","20":"shipping-taxable","21":"product-type-simple"},"yoast_head":"<!-- This site is optimized with the Yoast SEO plugin v20.1 - https:\/\/yoast.com\/wordpress\/plugins\/seo\/ -->\n<title>Mini-Puzzle 1000 Teile W. A. Bouguereau - Der Chilly<\/title>\n<meta name=\"description\" content=\"Mini-Puzzle 1000 Teile W. A. Bouguereau - Der Chilly\" \/>\n<meta name=\"robots\" content=\"index, follow, max-snippet:-1, max-image-preview:large, max-video-preview:-1\" \/>\n<link rel=\"canonical\" href=\"https:\/\/business.roovi.com\/de\/mini-puzzle-1000-teile-w-a-bouguereau-der-chilly\/p\/\" \/>\n<meta property=\"og:locale\" content=\"de_DE\" \/>\n<meta property=\"og:type\" content=\"article\" \/>\n<meta property=\"og:title\" content=\"Mini-Puzzle 1000 Teile W. A. Bouguereau - Der Chilly\" \/>\n<meta property=\"og:description\" content=\"Mini-Puzzle 1000 Teile W. A. Bouguereau - Der Chilly\" \/>\n<meta property=\"og:url\" content=\"https:\/\/business.roovi.com\/de\/mini-puzzle-1000-teile-w-a-bouguereau-der-chilly\/p\/\" \/>\n<meta property=\"og:site_name\" content=\"Roovi B2B\" \/>\n<meta property=\"article:publisher\" content=\"https:\/\/www.facebook.com\/wwwjucariero\" \/>\n<meta property=\"article:modified_time\" content=\"2022-07-06T17:49:50+00:00\" \/>\n<meta property=\"og:image\" content=\"https:\/\/business.roovi.com\/wp-content\/uploads\/2018\/04\/67364-02_ansamblu_dimensiuni_cutie_30x30x5_cm.png\" \/>\n\t<meta property=\"og:image:width\" content=\"1200\" \/>\n\t<meta property=\"og:image:height\" content=\"1200\" \/>\n\t<meta property=\"og:image:type\" content=\"image\/png\" \/>\n<meta name=\"twitter:label1\" content=\"Gesch\u00e4tzte Lesezeit\" \/>\n\t<meta name=\"twitter:data1\" content=\"3\u00a0Minuten\" \/>\n<script type=\"application\/ld+json\" class=\"yoast-schema-graph\">{\"@context\":\"https:\/\/schema.org\",\"@graph\":[{\"@type\":\"WebPage\",\"@id\":\"https:\/\/business.roovi.com\/de\/mini-puzzle-1000-teile-w-a-bouguereau-der-chilly\/p\/\",\"url\":\"https:\/\/business.roovi.com\/de\/mini-puzzle-1000-teile-w-a-bouguereau-der-chilly\/p\/\",\"name\":\"Mini-Puzzle 1000 Teile W. A. Bouguereau - Der Chilly\",\"isPartOf\":{\"@id\":\"https:\/\/business.roovi.com\/de\/#website\"},\"datePublished\":\"2018-04-16T10:56:17+00:00\",\"dateModified\":\"2022-07-06T17:49:50+00:00\",\"description\":\"Mini-Puzzle 1000 Teile W. A. Bouguereau - Der Chilly\",\"breadcrumb\":{\"@id\":\"https:\/\/business.roovi.com\/de\/mini-puzzle-1000-teile-w-a-bouguereau-der-chilly\/p\/#breadcrumb\"},\"inLanguage\":\"de\",\"potentialAction\":[{\"@type\":\"ReadAction\",\"target\":[\"https:\/\/business.roovi.com\/de\/mini-puzzle-1000-teile-w-a-bouguereau-der-chilly\/p\/\"]}]},{\"@type\":\"BreadcrumbList\",\"@id\":\"https:\/\/business.roovi.com\/de\/mini-puzzle-1000-teile-w-a-bouguereau-der-chilly\/p\/#breadcrumb\",\"itemListElement\":[{\"@type\":\"ListItem\",\"position\":1,\"name\":\"Home\",\"item\":\"https:\/\/business.roovi.com\/de\/\"},{\"@type\":\"ListItem\",\"position\":2,\"name\":\"Shop\",\"item\":\"https:\/\/business.roovi.com\/de\/shop\/\"},{\"@type\":\"ListItem\",\"position\":3,\"name\":\"Mini-Puzzle 1000 Teile W. A. Bouguereau &#8211; Der Chilly\"}]},{\"@type\":\"WebSite\",\"@id\":\"https:\/\/business.roovi.com\/de\/#website\",\"url\":\"https:\/\/business.roovi.com\/de\/\",\"name\":\"Roovi B2B\",\"description\":\"Roovi Business Website\",\"potentialAction\":[{\"@type\":\"SearchAction\",\"target\":{\"@type\":\"EntryPoint\",\"urlTemplate\":\"https:\/\/business.roovi.com\/de\/?s={search_term_string}\"},\"query-input\":\"required name=search_term_string\"}],\"inLanguage\":\"de\"}]}<\/script>\n<!-- \/ Yoast SEO plugin. -->","yoast_head_json":{"title":"Mini-Puzzle 1000 Teile W. A. Bouguereau - Der Chilly","description":"Mini-Puzzle 1000 Teile W. A. Bouguereau - Der Chilly","robots":{"index":"index","follow":"follow","max-snippet":"max-snippet:-1","max-image-preview":"max-image-preview:large","max-video-preview":"max-video-preview:-1"},"canonical":"https:\/\/business.roovi.com\/de\/mini-puzzle-1000-teile-w-a-bouguereau-der-chilly\/p\/","og_locale":"de_DE","og_type":"article","og_title":"Mini-Puzzle 1000 Teile W. A. Bouguereau - Der Chilly","og_description":"Mini-Puzzle 1000 Teile W. A. Bouguereau - Der Chilly","og_url":"https:\/\/business.roovi.com\/de\/mini-puzzle-1000-teile-w-a-bouguereau-der-chilly\/p\/","og_site_name":"Roovi B2B","article_publisher":"https:\/\/www.facebook.com\/wwwjucariero","article_modified_time":"2022-07-06T17:49:50+00:00","og_image":[{"width":1200,"height":1200,"url":"https:\/\/business.roovi.com\/wp-content\/uploads\/2018\/04\/67364-02_ansamblu_dimensiuni_cutie_30x30x5_cm.png","type":"image\/png"}],"twitter_misc":{"Gesch\u00e4tzte Lesezeit":"3\u00a0Minuten"},"schema":{"@context":"https:\/\/schema.org","@graph":[{"@type":"WebPage","@id":"https:\/\/business.roovi.com\/de\/mini-puzzle-1000-teile-w-a-bouguereau-der-chilly\/p\/","url":"https:\/\/business.roovi.com\/de\/mini-puzzle-1000-teile-w-a-bouguereau-der-chilly\/p\/","name":"Mini-Puzzle 1000 Teile W. A. Bouguereau - Der Chilly","isPartOf":{"@id":"https:\/\/business.roovi.com\/de\/#website"},"datePublished":"2018-04-16T10:56:17+00:00","dateModified":"2022-07-06T17:49:50+00:00","description":"Mini-Puzzle 1000 Teile W. A. Bouguereau - Der Chilly","breadcrumb":{"@id":"https:\/\/business.roovi.com\/de\/mini-puzzle-1000-teile-w-a-bouguereau-der-chilly\/p\/#breadcrumb"},"inLanguage":"de","potentialAction":[{"@type":"ReadAction","target":["https:\/\/business.roovi.com\/de\/mini-puzzle-1000-teile-w-a-bouguereau-der-chilly\/p\/"]}]},{"@type":"BreadcrumbList","@id":"https:\/\/business.roovi.com\/de\/mini-puzzle-1000-teile-w-a-bouguereau-der-chilly\/p\/#breadcrumb","itemListElement":[{"@type":"ListItem","position":1,"name":"Home","item":"https:\/\/business.roovi.com\/de\/"},{"@type":"ListItem","position":2,"name":"Shop","item":"https:\/\/business.roovi.com\/de\/shop\/"},{"@type":"ListItem","position":3,"name":"Mini-Puzzle 1000 Teile W. A. Bouguereau &#8211; Der Chilly"}]},{"@type":"WebSite","@id":"https:\/\/business.roovi.com\/de\/#website","url":"https:\/\/business.roovi.com\/de\/","name":"Roovi B2B","description":"Roovi Business Website","potentialAction":[{"@type":"SearchAction","target":{"@type":"EntryPoint","urlTemplate":"https:\/\/business.roovi.com\/de\/?s={search_term_string}"},"query-input":"required name=search_term_string"}],"inLanguage":"de"}]}},"_links":{"self":[{"href":"https:\/\/business.roovi.com\/de\/wp-json\/wp\/v2\/product\/41702","targetHints":{"allow":["GET"]}}],"collection":[{"href":"https:\/\/business.roovi.com\/de\/wp-json\/wp\/v2\/product"}],"about":[{"href":"https:\/\/business.roovi.com\/de\/wp-json\/wp\/v2\/types\/product"}],"version-history":[{"count":0,"href":"https:\/\/business.roovi.com\/de\/wp-json\/wp\/v2\/product\/41702\/revisions"}],"wp:featuredmedia":[{"embeddable":true,"href":"https:\/\/business.roovi.com\/de\/wp-json\/wp\/v2\/media\/63207"}],"wp:attachment":[{"href":"https:\/\/business.roovi.com\/de\/wp-json\/wp\/v2\/media?parent=41702"}],"wp:term":[{"taxonomy":"product_brand","embeddable":true,"href":"https:\/\/business.roovi.com\/de\/wp-json\/wp\/v2\/product_brand?post=41702"},{"taxonomy":"product_cat","embeddable":true,"href":"https:\/\/business.roovi.com\/de\/wp-json\/wp\/v2\/product_cat?post=41702"},{"taxonomy":"product_tag","embeddable":true,"href":"https:\/\/business.roovi.com\/de\/wp-json\/wp\/v2\/product_tag?post=41702"}],"curies":[{"name":"wp","href":"https:\/\/api.w.org\/{rel}","templated":true}]}}