{"id":41706,"date":"2018-04-16T10:56:17","date_gmt":"2018-04-16T10:56:17","guid":{"rendered":"https:\/\/business.roovi.com\/mini-puzzle-1000-piese-w-a-bouguereau-the-bird\/p\/"},"modified":"2022-10-25T12:01:23","modified_gmt":"2022-10-25T12:01:23","slug":"mini-puzzle-1000-teile-w-a-bouguereau-der-vogel","status":"publish","type":"product","link":"https:\/\/business.roovi.com\/de\/mini-puzzle-1000-teile-w-a-bouguereau-der-vogel\/p\/","title":{"rendered":"Mini-Puzzle 1000 Teile W. A. Bouguereau &#8211; Der Vogel"},"content":{"rendered":"<p><strong><em>Bist du ein leidenschaftlicher R\u00e4tselspieler? Trainiere deine F\u00e4higkeiten mit der 1000-teiligen Mini-Puzzle-Serie mit Kunstbildern <\/em><\/strong><\/p>\n<p><span style=\"font-weight: 400;\">W.A <\/span><span style=\"font-weight: 400;\">Bouguereau ist f\u00fcr seine Technik bekannt, mit der er fast fotografische Gem\u00e4lde schafft. Seine Kinderportr\u00e4ts sind verbl\u00fcffend klar und vermitteln den Eindruck, dass das Modell eher von der Linse eines Fotografen als von einem geschickten Maler eingefangen wurde <\/span><span style=\"font-weight: 400;\">H\u00e4tte er in unserer Zeit gelebt, w\u00e4re er vielleicht bei Eltern sehr gefragt gewesen, die die Unschuld ihrer Kinder f\u00fcr immer in pr\u00e4chtigen Bildern festhalten wollten.<\/span><\/p>\n<p><span style=\"font-weight: 400;\">Mini-Puzzle 1000 Teile <\/span><span style=\"font-weight: 400;\">W.A <\/span><span style=\"font-weight: 400;\">Bouguereau &#8211; Der Vogel f\u00e4ngt die Faszination eines Kindes ein, das gerade etwas Neues entdeckt hat, in diesem Fall einen Vogel. Eine charmante Szene, die die Freude und Unschuld der Kindheit vermittelt <\/span><\/p>\n<p><span style=\"font-weight: 400;\">Auch du kannst eine atemberaubende Kopie des ber\u00fchmten Gem\u00e4ldes haben, indem du dieses wunderbare 1000-Teile-Mini-Puzzle zusammensetzt <\/span><span style=\"font-weight: 400;\">W.A <\/span><span style=\"font-weight: 400;\">Bouguereau &#8211; Der Vogel. Du kannst einen normalen Couchtisch verwenden, um die St\u00fccke zu st\u00fctzen. Deine Mini-Replik misst 48 x 34 cm und ist ein diskretes und beeindruckendes Dekorationsst\u00fcck.<\/span><\/p>\n<p><strong>Warum ein 1000-teiliges Mini-Puzzle aus der Kunstpuzzle-Kollektion w\u00e4hlen?<\/strong><\/p>\n<p><span style=\"font-weight: 400;\">Ein Mini-Puzzle mit 1000 Teilen ist eine einzigartige M\u00f6glichkeit, selbst die feinsten Details eines Originalgem\u00e4ldes zu bewundern.<\/span><\/p>\n<p><span style=\"font-weight: 400;\">Er nimmt wenig Platz weg, ist praktisch und l\u00e4sst sich \u00fcberall leicht aufbauen, sogar im Urlaub.<\/span><\/p>\n<p><span style=\"font-weight: 400;\">Das Manipulieren der Mini-Puzzleteile ist ein hervorragendes Training, das deine Beweglichkeit, Geschicklichkeit und Koordination in jedem Alter f\u00f6rdert.<\/span><\/p>\n<p><span style=\"font-weight: 400;\">Es hilft dir, geduldiger zu werden und deine Aufmerksamkeit f\u00fcr Details zu erh\u00f6hen.<\/span><\/p>\n<p><span style=\"font-weight: 400;\">Die Puzzleteile sind aus hochwertiger Pappe und halten dem mehrfachen Zusammenbau stand.<\/span><\/p>\n<p><span style=\"font-weight: 400;\">Jedes 1000-teilige Puzzle ist aus recycelbaren und nachhaltigen Materialien hergestellt.<\/span><\/p>\n<p><span style=\"font-weight: 400;\">Es hat eine halbgl\u00e4nzende Oberfl\u00e4che in angenehmen Farben, die die Sch\u00f6nheit des Originalgem\u00e4ldes hervorheben <\/span><\/p>\n<p><span style=\"font-weight: 400;\">Geeignet f\u00fcr Jugendliche ab 14 Jahren, also die perfekte Gelegenheit, um Teenager in die faszinierende Welt der Kunst einzuf\u00fchren.<\/span><\/p>\n<p><strong>Wusstest du, dass..<\/strong><\/p>\n<p><span style=\"font-weight: 400;\">Der Maler <\/span><span style=\"font-weight: 400;\">W.A <\/span><span style=\"font-weight: 400;\">Bouguereau stammte aus einer Familie von Wein- und Oliven\u00f6lh\u00e4ndlern. Seine Eltern h\u00e4tten gewollt, dass er das Familienunternehmen weiterf\u00fchrt. Aber einer der Kunden seines Vaters dr\u00e4ngte seinen Vater, ihn auf die Kunstschule zu schicken. Und so wurde das Schicksal des jungen Bouguereau auf den Weg zur Kunst gebracht.<\/span><\/p>\n<p><span style=\"font-weight: 400;\">Um als junger Mann mehr Geld zu verdienen, stellte er Etiketten f\u00fcr Obstmarmeladen her.<\/span><\/p>\n<p><span style=\"font-weight: 400;\">Bouguereau malte gerne Bilder von Frauen. Es hie\u00df, er k\u00f6nne seine Modelle sch\u00f6ner machen, als sie wirklich waren.<\/span><\/p>\n<p><strong>Mini-Puzzle 1000 Teile Der Vogel &#8211; eine Gelegenheit zum Entspannen und Lernen<\/strong><\/p>\n<p><span style=\"font-weight: 400;\">Puzzles mit Bildern von ber\u00fchmten Gem\u00e4lden bringen deine Leidenschaft f\u00fcr Puzzles auf die Ebene der Kunst. Die Versammlungsaktivit\u00e4t ist sowohl eine Freizeitbesch\u00e4ftigung als auch eine Lernerfahrung. Komm mit der Welt der Kunst in Ber\u00fchrung und entdecke die feinen Details ber\u00fchmter Meisterwerke durch ein gelungenes Puzzlespiel.<\/span><\/p>\n<p><span style=\"font-weight: 400;\">Suchst du nach einer entspannenden Aktivit\u00e4t, die du mit deinen Liebsten genie\u00dfen kannst? Das 1000 Teile Mini-Puzzle ist genau das, was du brauchst. Die Kinder werden es lieben, die kleinen Teile zusammenzukleben und ihr werdet viele Stunden mit echtem Spa\u00df abseits der Bildschirme verbringen.<\/span><\/p>\n<p><span style=\"font-weight: 400;\">Mini-Puzzle 1000 Teile <\/span><span style=\"font-weight: 400;\">W.A <\/span><span style=\"font-weight: 400;\">Bouguereau &#8211; Der Vogel bietet dir also mehrere Vorteile. Behalte es im Haus und stelle es immer wieder her, wenn du das Bed\u00fcrfnis nach einer kreativen Herausforderung versp\u00fcrst, genie\u00dfe es mit deiner Familie oder deinen Freunden oder verschenke es zu Weihnachten.<\/span><\/p>\n","protected":false},"excerpt":{"rendered":"<p>Bist du ein leidenschaftlicher R\u00e4tselspieler? Trainiere deine F\u00e4higkeiten mit der 1000-teiligen Mini-Puzzle-Serie mit Kunstbildern W.A Bouguereau ist f\u00fcr seine Technik<\/p>\n","protected":false},"featured_media":63222,"template":"","meta":[],"product_brand":[],"product_cat":[1916,1875,1915],"product_tag":[],"class_list":{"0":"post-41706","1":"product","2":"type-product","3":"status-publish","4":"has-post-thumbnail","6":"product_cat-1000-teile-puzzle","7":"product_cat-puzzle-de","8":"product_cat-puzzlespiele-fur-erwachsene","9":"pa_bax-10-de","10":"pa_brand-d_toys-de","11":"pa_country_of_manufacture-ro-de","12":"pa_filter_age-14-de","13":"pa_painter-kunstsammlung","14":"pa_tip_ambalaj-kasten-a4-de","15":"pa_tip_puzzle-klassisch","17":"first","18":"instock","19":"taxable","20":"shipping-taxable","21":"product-type-simple"},"yoast_head":"<!-- This site is optimized with the Yoast SEO plugin v20.1 - https:\/\/yoast.com\/wordpress\/plugins\/seo\/ -->\n<title>Mini-Puzzle 1000 Teile W. A. Bouguereau - Der Vogel<\/title>\n<meta name=\"description\" content=\"Mini-Puzzle 1000 Teile W. A. Bouguereau - Der Vogel\" \/>\n<meta name=\"robots\" content=\"index, follow, max-snippet:-1, max-image-preview:large, max-video-preview:-1\" \/>\n<link rel=\"canonical\" href=\"https:\/\/business.roovi.com\/de\/mini-puzzle-1000-teile-w-a-bouguereau-der-vogel\/p\/\" \/>\n<meta property=\"og:locale\" content=\"de_DE\" \/>\n<meta property=\"og:type\" content=\"article\" \/>\n<meta property=\"og:title\" content=\"Mini-Puzzle 1000 Teile W. A. Bouguereau - Der Vogel\" \/>\n<meta property=\"og:description\" content=\"Mini-Puzzle 1000 Teile W. A. Bouguereau - Der Vogel\" \/>\n<meta property=\"og:url\" content=\"https:\/\/business.roovi.com\/de\/mini-puzzle-1000-teile-w-a-bouguereau-der-vogel\/p\/\" \/>\n<meta property=\"og:site_name\" content=\"Roovi B2B\" \/>\n<meta property=\"article:publisher\" content=\"https:\/\/www.facebook.com\/wwwjucariero\" \/>\n<meta property=\"article:modified_time\" content=\"2022-10-25T12:01:23+00:00\" \/>\n<meta property=\"og:image\" content=\"https:\/\/business.roovi.com\/wp-content\/uploads\/2018\/04\/67364-04-Ansamblu_dimensiuni-cutie-30x30-cm-2.png\" \/>\n\t<meta property=\"og:image:width\" content=\"1200\" \/>\n\t<meta property=\"og:image:height\" content=\"1200\" \/>\n\t<meta property=\"og:image:type\" content=\"image\/png\" \/>\n<meta name=\"twitter:label1\" content=\"Gesch\u00e4tzte Lesezeit\" \/>\n\t<meta name=\"twitter:data1\" content=\"3\u00a0Minuten\" \/>\n<script type=\"application\/ld+json\" class=\"yoast-schema-graph\">{\"@context\":\"https:\/\/schema.org\",\"@graph\":[{\"@type\":\"WebPage\",\"@id\":\"https:\/\/business.roovi.com\/de\/mini-puzzle-1000-teile-w-a-bouguereau-der-vogel\/p\/\",\"url\":\"https:\/\/business.roovi.com\/de\/mini-puzzle-1000-teile-w-a-bouguereau-der-vogel\/p\/\",\"name\":\"Mini-Puzzle 1000 Teile W. A. Bouguereau - Der Vogel\",\"isPartOf\":{\"@id\":\"https:\/\/business.roovi.com\/de\/#website\"},\"datePublished\":\"2018-04-16T10:56:17+00:00\",\"dateModified\":\"2022-10-25T12:01:23+00:00\",\"description\":\"Mini-Puzzle 1000 Teile W. A. Bouguereau - Der Vogel\",\"breadcrumb\":{\"@id\":\"https:\/\/business.roovi.com\/de\/mini-puzzle-1000-teile-w-a-bouguereau-der-vogel\/p\/#breadcrumb\"},\"inLanguage\":\"de\",\"potentialAction\":[{\"@type\":\"ReadAction\",\"target\":[\"https:\/\/business.roovi.com\/de\/mini-puzzle-1000-teile-w-a-bouguereau-der-vogel\/p\/\"]}]},{\"@type\":\"BreadcrumbList\",\"@id\":\"https:\/\/business.roovi.com\/de\/mini-puzzle-1000-teile-w-a-bouguereau-der-vogel\/p\/#breadcrumb\",\"itemListElement\":[{\"@type\":\"ListItem\",\"position\":1,\"name\":\"Home\",\"item\":\"https:\/\/business.roovi.com\/de\/\"},{\"@type\":\"ListItem\",\"position\":2,\"name\":\"Shop\",\"item\":\"https:\/\/business.roovi.com\/de\/shop\/\"},{\"@type\":\"ListItem\",\"position\":3,\"name\":\"Mini-Puzzle 1000 Teile W. A. Bouguereau &#8211; Der Vogel\"}]},{\"@type\":\"WebSite\",\"@id\":\"https:\/\/business.roovi.com\/de\/#website\",\"url\":\"https:\/\/business.roovi.com\/de\/\",\"name\":\"Roovi B2B\",\"description\":\"Roovi Business Website\",\"potentialAction\":[{\"@type\":\"SearchAction\",\"target\":{\"@type\":\"EntryPoint\",\"urlTemplate\":\"https:\/\/business.roovi.com\/de\/?s={search_term_string}\"},\"query-input\":\"required name=search_term_string\"}],\"inLanguage\":\"de\"}]}<\/script>\n<!-- \/ Yoast SEO plugin. -->","yoast_head_json":{"title":"Mini-Puzzle 1000 Teile W. A. Bouguereau - Der Vogel","description":"Mini-Puzzle 1000 Teile W. A. Bouguereau - Der Vogel","robots":{"index":"index","follow":"follow","max-snippet":"max-snippet:-1","max-image-preview":"max-image-preview:large","max-video-preview":"max-video-preview:-1"},"canonical":"https:\/\/business.roovi.com\/de\/mini-puzzle-1000-teile-w-a-bouguereau-der-vogel\/p\/","og_locale":"de_DE","og_type":"article","og_title":"Mini-Puzzle 1000 Teile W. A. Bouguereau - Der Vogel","og_description":"Mini-Puzzle 1000 Teile W. A. Bouguereau - Der Vogel","og_url":"https:\/\/business.roovi.com\/de\/mini-puzzle-1000-teile-w-a-bouguereau-der-vogel\/p\/","og_site_name":"Roovi B2B","article_publisher":"https:\/\/www.facebook.com\/wwwjucariero","article_modified_time":"2022-10-25T12:01:23+00:00","og_image":[{"width":1200,"height":1200,"url":"https:\/\/business.roovi.com\/wp-content\/uploads\/2018\/04\/67364-04-Ansamblu_dimensiuni-cutie-30x30-cm-2.png","type":"image\/png"}],"twitter_misc":{"Gesch\u00e4tzte Lesezeit":"3\u00a0Minuten"},"schema":{"@context":"https:\/\/schema.org","@graph":[{"@type":"WebPage","@id":"https:\/\/business.roovi.com\/de\/mini-puzzle-1000-teile-w-a-bouguereau-der-vogel\/p\/","url":"https:\/\/business.roovi.com\/de\/mini-puzzle-1000-teile-w-a-bouguereau-der-vogel\/p\/","name":"Mini-Puzzle 1000 Teile W. A. Bouguereau - Der Vogel","isPartOf":{"@id":"https:\/\/business.roovi.com\/de\/#website"},"datePublished":"2018-04-16T10:56:17+00:00","dateModified":"2022-10-25T12:01:23+00:00","description":"Mini-Puzzle 1000 Teile W. A. Bouguereau - Der Vogel","breadcrumb":{"@id":"https:\/\/business.roovi.com\/de\/mini-puzzle-1000-teile-w-a-bouguereau-der-vogel\/p\/#breadcrumb"},"inLanguage":"de","potentialAction":[{"@type":"ReadAction","target":["https:\/\/business.roovi.com\/de\/mini-puzzle-1000-teile-w-a-bouguereau-der-vogel\/p\/"]}]},{"@type":"BreadcrumbList","@id":"https:\/\/business.roovi.com\/de\/mini-puzzle-1000-teile-w-a-bouguereau-der-vogel\/p\/#breadcrumb","itemListElement":[{"@type":"ListItem","position":1,"name":"Home","item":"https:\/\/business.roovi.com\/de\/"},{"@type":"ListItem","position":2,"name":"Shop","item":"https:\/\/business.roovi.com\/de\/shop\/"},{"@type":"ListItem","position":3,"name":"Mini-Puzzle 1000 Teile W. A. Bouguereau &#8211; Der Vogel"}]},{"@type":"WebSite","@id":"https:\/\/business.roovi.com\/de\/#website","url":"https:\/\/business.roovi.com\/de\/","name":"Roovi B2B","description":"Roovi Business Website","potentialAction":[{"@type":"SearchAction","target":{"@type":"EntryPoint","urlTemplate":"https:\/\/business.roovi.com\/de\/?s={search_term_string}"},"query-input":"required name=search_term_string"}],"inLanguage":"de"}]}},"_links":{"self":[{"href":"https:\/\/business.roovi.com\/de\/wp-json\/wp\/v2\/product\/41706","targetHints":{"allow":["GET"]}}],"collection":[{"href":"https:\/\/business.roovi.com\/de\/wp-json\/wp\/v2\/product"}],"about":[{"href":"https:\/\/business.roovi.com\/de\/wp-json\/wp\/v2\/types\/product"}],"version-history":[{"count":0,"href":"https:\/\/business.roovi.com\/de\/wp-json\/wp\/v2\/product\/41706\/revisions"}],"wp:featuredmedia":[{"embeddable":true,"href":"https:\/\/business.roovi.com\/de\/wp-json\/wp\/v2\/media\/63222"}],"wp:attachment":[{"href":"https:\/\/business.roovi.com\/de\/wp-json\/wp\/v2\/media?parent=41706"}],"wp:term":[{"taxonomy":"product_brand","embeddable":true,"href":"https:\/\/business.roovi.com\/de\/wp-json\/wp\/v2\/product_brand?post=41706"},{"taxonomy":"product_cat","embeddable":true,"href":"https:\/\/business.roovi.com\/de\/wp-json\/wp\/v2\/product_cat?post=41706"},{"taxonomy":"product_tag","embeddable":true,"href":"https:\/\/business.roovi.com\/de\/wp-json\/wp\/v2\/product_tag?post=41706"}],"curies":[{"name":"wp","href":"https:\/\/api.w.org\/{rel}","templated":true}]}}