{"id":41826,"date":"2018-04-16T10:56:17","date_gmt":"2018-04-16T10:56:17","guid":{"rendered":"https:\/\/business.roovi.com\/puzzle-adulti-1000-piese-cartoon-collection-dubai\/p\/"},"modified":"2022-07-06T18:04:41","modified_gmt":"2022-07-06T18:04:41","slug":"cartoon-collection-1000-teile-puzzle-fur-erwachsene-dubai","status":"publish","type":"product","link":"https:\/\/business.roovi.com\/de\/cartoon-collection-1000-teile-puzzle-fur-erwachsene-dubai\/p\/","title":{"rendered":"Cartoon Collection 1000 Teile Puzzle f\u00fcr Erwachsene &#8211; Dubai"},"content":{"rendered":"<p><span style=\"font-weight: 400\">Bist du gestresst und suchst nach einer M\u00f6glichkeit, dich zu entspannen und abzuschalten? Tauche ein in die farbenfrohe, animierte Welt der niedlichen Figuren in der einzigartigen Cartoon Collection 1000 Teile Puzzle-Kollektion. Sie wird dich aus dem Alltag entf\u00fchren und dir viele Stunden entspannenden Spa\u00df bescheren.<\/span><\/p>\n<p><span style=\"font-weight: 400\">Das 1000-Teile-Puzzle Cartoon &#8211; Dubai ist eines der Highlights dieser besonderen Kollektion. Dutzende von animierten Charakteren bauen das ber\u00fchmte Burj Al Arab Jumeirah Hotel mit viel Spa\u00df. Sie sind alle auf Zack, arbeiten und haben Spa\u00df in einem schwindelerregenden Tempo. Traust du dich, in ihr Geb\u00e4ude zu gehen?<\/span><\/p>\n<p><span style=\"font-weight: 400\">Wenn du kreative Herausforderungen und Puzzles voller verbl\u00fcffender Details magst, die deine Aufmerksamkeit bis ins kleinste Detail fordern, dann wirst du dieses 1000-Teile-Puzzle noch mehr sch\u00e4tzen. Au\u00dferdem entdeckst du eine der faszinierendsten St\u00e4dte der Welt, Dubai, aus einer unterhaltsamen Perspektive.<\/span><\/p>\n<p><span style=\"font-weight: 400\">Um den Spa\u00df komplett zu machen, baue das Bild gemeinsam mit deinen Kindern oder Freunden zusammen. Du wirst nicht sp\u00fcren, wie die Stunden vergehen und die Zeit, die ihr zusammen verbringt, ist unbezahlbar.<\/span><\/p>\n<p><strong>Warum solltest du dich f\u00fcr die Cartoon Collection &#8211; Dubai 1000 pieces puzzle entscheiden?<\/strong><\/p>\n<p><span style=\"font-weight: 400\">Du hast die M\u00f6glichkeit, dein eigenes einzigartiges 1000-teiliges Puzzlebild zu erstellen, das 50 x 70 cm gro\u00df ist. Er ist aus hochwertigem blauen Karton gefertigt, was ihm St\u00e4rke verleiht. Selbst wenn du es mehrmals wiederholst, passen die Teile perfekt zusammen.<\/span><\/p>\n<p><span style=\"font-weight: 400\">Die Teile sind pr\u00e4zise geschnitten, einzigartig und passen perfekt zusammen, und die daraus resultierende Illustration ist atemberaubend.<\/span><\/p>\n<p><span style=\"font-weight: 400\">Die Oberfl\u00e4che ist halbgl\u00e4nzend, in lebendigen Farben, die die Sch\u00f6nheit der Illustration hervorheben.<\/span><\/p>\n<p><span style=\"font-weight: 400\">Es ist ein umweltfreundliches Produkt, das aus recycelbaren und nachhaltigen Materialien hergestellt wird.<\/span><\/p>\n<p><span style=\"font-weight: 400\">Es ist f\u00fcr Personen ab 14 Jahren geeignet, also eine ideale Gelegenheit, um deine Leidenschaft f\u00fcr Puzzlespiele mit deinen Kindern im Teenageralter zu teilen.<\/span><\/p>\n<p><span style=\"font-weight: 400\">Du kannst es als Geschenk f\u00fcr die Feiertage oder zum Geburtstag verschenken.<\/span><\/p>\n<p><span style=\"font-weight: 400\">Das kann ein gutes Mittel gegen Langeweile sein.<\/span><\/p>\n<p><strong>Wusstest du, dass&#8230;?<\/strong><\/p>\n<p><span style=\"font-weight: 400\">Das Innere des Burj Al Arab ist mit \u00fcber 1700 Quadratmetern 24-kar\u00e4tigem Blattgold verziert.<\/span><\/p>\n<p><span style=\"font-weight: 400\">Dubai ist die Heimat des h\u00f6chsten Geb\u00e4udes der Welt <\/span><span style=\"font-weight: 400\">Der Burj Khalifa, der 828 Meter hoch ist.<\/span><\/p>\n<p><span style=\"font-weight: 400\">Mehr als 80 % der Bev\u00f6lkerung Dubais sind Ausl\u00e4nder <\/span><\/p>\n<p><span style=\"font-weight: 400\">In Dubai gibt es Geldautomaten, an denen du Goldbarren abheben kannst.<\/span><\/p>\n<p><span style=\"font-weight: 400\">Dubai ist nach London, Paris und Bangkok die viertmeistbesuchte Stadt der Welt.<\/span><\/p>\n<p><strong>Cartoon 1000 Teile Puzzle &#8211; Dubai bricht die Monotonie und Langeweile<\/strong><\/p>\n<p><span style=\"font-weight: 400\">Schlechtes Wetter h\u00e4lt dich im Haus? Das Cartoon &#8211; Dubai 1000 Teile Puzzle fordert dich heraus, aus deiner Routine herauszukommen und unterbricht die Monotonie der Tage, an denen du nicht rausgehen kannst. Werde kreativ und organisiere denkw\u00fcrdige R\u00e4tselabende mit deinen Kindern oder Freunden.<\/span><\/p>\n<p><span style=\"font-weight: 400\">Teile die Teile nach Farben auf, suche sorgf\u00e4ltig nach den 1000 Puzzleteilen und platziere sie an der richtigen Stelle im Bild. Suche nach einzigartigen Informationen \u00fcber Dubai und arabische L\u00e4nder und pr\u00e4sentiere sie auf originelle Art und Weise. Das R\u00e4tselspiel wird zu einer Lernm\u00f6glichkeit.<\/span><\/p>\n<p><span style=\"font-weight: 400\">W\u00e4hle das 1000-teilige Dubai-Puzzle aus der Cartoon-Puzzle-Kollektion und genie\u00dfe ein einzigartiges entspannendes und unterhaltsames Erlebnis. Bewahre es in deinem Haus auf und baue das Bild zusammen, wann immer du das Bed\u00fcrfnis nach einer kreativen Herausforderung versp\u00fcrst, oder stelle es nach dem ersten Umbau in den Rahmen und dekoriere dein Zuhause mit einem tollen Bild.<\/span><\/p>\n<p><span style=\"font-weight: 400\">Das 1000-teilige Cartoon Puzzle &#8211; Dubai ist ein tolles Geschenk f\u00fcr Gelegenheiten, bei denen du deine kreativen Freunde angenehm \u00fcberraschen m\u00f6chtest.<\/span><\/p><\/p>\n","protected":false},"excerpt":{"rendered":"<p>Bist du gestresst und suchst nach einer M\u00f6glichkeit, dich zu entspannen und abzuschalten? Tauche ein in die farbenfrohe, animierte Welt<\/p>\n","protected":false},"featured_media":34824,"template":"","meta":[],"product_brand":[],"product_cat":[1916,1875,1915],"product_tag":[],"class_list":{"0":"post-41826","1":"product","2":"type-product","3":"status-publish","4":"has-post-thumbnail","6":"product_cat-1000-teile-puzzle","7":"product_cat-puzzle-de","8":"product_cat-puzzlespiele-fur-erwachsene","9":"pa_brand-d_toys-de","10":"pa_country_of_manufacture-ro-de","11":"pa_filter_age-14-de","12":"pa_painter-cartooncollection-de","13":"pa_tip_ambalaj-kasten-a4-de","14":"pa_tip_puzzle-klassisch","16":"first","17":"instock","18":"taxable","19":"shipping-taxable","20":"product-type-simple"},"yoast_head":"<!-- This site is optimized with the Yoast SEO plugin v20.1 - https:\/\/yoast.com\/wordpress\/plugins\/seo\/ -->\n<title>Cartoon Collection 1000 Teile Puzzle f\u00fcr Erwachsene - Dubai<\/title>\n<meta name=\"description\" content=\"Cartoon Collection 1000 Teile Puzzle f\u00fcr Erwachsene - Dubai\" \/>\n<meta name=\"robots\" content=\"index, follow, max-snippet:-1, max-image-preview:large, max-video-preview:-1\" \/>\n<link rel=\"canonical\" href=\"https:\/\/business.roovi.com\/de\/cartoon-collection-1000-teile-puzzle-fur-erwachsene-dubai\/p\/\" \/>\n<meta property=\"og:locale\" content=\"de_DE\" \/>\n<meta property=\"og:type\" content=\"article\" \/>\n<meta property=\"og:title\" content=\"Cartoon Collection 1000 Teile Puzzle f\u00fcr Erwachsene - Dubai\" \/>\n<meta property=\"og:description\" content=\"Cartoon Collection 1000 Teile Puzzle f\u00fcr Erwachsene - Dubai\" \/>\n<meta property=\"og:url\" content=\"https:\/\/business.roovi.com\/de\/cartoon-collection-1000-teile-puzzle-fur-erwachsene-dubai\/p\/\" \/>\n<meta property=\"og:site_name\" content=\"Roovi B2B\" \/>\n<meta property=\"article:publisher\" content=\"https:\/\/www.facebook.com\/wwwjucariero\" \/>\n<meta property=\"article:modified_time\" content=\"2022-07-06T18:04:41+00:00\" \/>\n<meta property=\"og:image\" content=\"https:\/\/business.roovi.com\/wp-content\/uploads\/2018\/04\/61218-12_ansamblu_dimensiuni_cutie_cm_vertical_1200x1200.png\" \/>\n\t<meta property=\"og:image:width\" content=\"1200\" \/>\n\t<meta property=\"og:image:height\" content=\"1200\" \/>\n\t<meta property=\"og:image:type\" content=\"image\/png\" \/>\n<meta name=\"twitter:label1\" content=\"Gesch\u00e4tzte Lesezeit\" \/>\n\t<meta name=\"twitter:data1\" content=\"3\u00a0Minuten\" \/>\n<script type=\"application\/ld+json\" class=\"yoast-schema-graph\">{\"@context\":\"https:\/\/schema.org\",\"@graph\":[{\"@type\":\"WebPage\",\"@id\":\"https:\/\/business.roovi.com\/de\/cartoon-collection-1000-teile-puzzle-fur-erwachsene-dubai\/p\/\",\"url\":\"https:\/\/business.roovi.com\/de\/cartoon-collection-1000-teile-puzzle-fur-erwachsene-dubai\/p\/\",\"name\":\"Cartoon Collection 1000 Teile Puzzle f\u00fcr Erwachsene - Dubai\",\"isPartOf\":{\"@id\":\"https:\/\/business.roovi.com\/de\/#website\"},\"datePublished\":\"2018-04-16T10:56:17+00:00\",\"dateModified\":\"2022-07-06T18:04:41+00:00\",\"description\":\"Cartoon Collection 1000 Teile Puzzle f\u00fcr Erwachsene - Dubai\",\"breadcrumb\":{\"@id\":\"https:\/\/business.roovi.com\/de\/cartoon-collection-1000-teile-puzzle-fur-erwachsene-dubai\/p\/#breadcrumb\"},\"inLanguage\":\"de\",\"potentialAction\":[{\"@type\":\"ReadAction\",\"target\":[\"https:\/\/business.roovi.com\/de\/cartoon-collection-1000-teile-puzzle-fur-erwachsene-dubai\/p\/\"]}]},{\"@type\":\"BreadcrumbList\",\"@id\":\"https:\/\/business.roovi.com\/de\/cartoon-collection-1000-teile-puzzle-fur-erwachsene-dubai\/p\/#breadcrumb\",\"itemListElement\":[{\"@type\":\"ListItem\",\"position\":1,\"name\":\"Home\",\"item\":\"https:\/\/business.roovi.com\/de\/\"},{\"@type\":\"ListItem\",\"position\":2,\"name\":\"Shop\",\"item\":\"https:\/\/business.roovi.com\/de\/shop\/\"},{\"@type\":\"ListItem\",\"position\":3,\"name\":\"Cartoon Collection 1000 Teile Puzzle f\u00fcr Erwachsene &#8211; Dubai\"}]},{\"@type\":\"WebSite\",\"@id\":\"https:\/\/business.roovi.com\/de\/#website\",\"url\":\"https:\/\/business.roovi.com\/de\/\",\"name\":\"Roovi B2B\",\"description\":\"Roovi Business Website\",\"potentialAction\":[{\"@type\":\"SearchAction\",\"target\":{\"@type\":\"EntryPoint\",\"urlTemplate\":\"https:\/\/business.roovi.com\/de\/?s={search_term_string}\"},\"query-input\":\"required name=search_term_string\"}],\"inLanguage\":\"de\"}]}<\/script>\n<!-- \/ Yoast SEO plugin. -->","yoast_head_json":{"title":"Cartoon Collection 1000 Teile Puzzle f\u00fcr Erwachsene - Dubai","description":"Cartoon Collection 1000 Teile Puzzle f\u00fcr Erwachsene - Dubai","robots":{"index":"index","follow":"follow","max-snippet":"max-snippet:-1","max-image-preview":"max-image-preview:large","max-video-preview":"max-video-preview:-1"},"canonical":"https:\/\/business.roovi.com\/de\/cartoon-collection-1000-teile-puzzle-fur-erwachsene-dubai\/p\/","og_locale":"de_DE","og_type":"article","og_title":"Cartoon Collection 1000 Teile Puzzle f\u00fcr Erwachsene - Dubai","og_description":"Cartoon Collection 1000 Teile Puzzle f\u00fcr Erwachsene - Dubai","og_url":"https:\/\/business.roovi.com\/de\/cartoon-collection-1000-teile-puzzle-fur-erwachsene-dubai\/p\/","og_site_name":"Roovi B2B","article_publisher":"https:\/\/www.facebook.com\/wwwjucariero","article_modified_time":"2022-07-06T18:04:41+00:00","og_image":[{"width":1200,"height":1200,"url":"https:\/\/business.roovi.com\/wp-content\/uploads\/2018\/04\/61218-12_ansamblu_dimensiuni_cutie_cm_vertical_1200x1200.png","type":"image\/png"}],"twitter_misc":{"Gesch\u00e4tzte Lesezeit":"3\u00a0Minuten"},"schema":{"@context":"https:\/\/schema.org","@graph":[{"@type":"WebPage","@id":"https:\/\/business.roovi.com\/de\/cartoon-collection-1000-teile-puzzle-fur-erwachsene-dubai\/p\/","url":"https:\/\/business.roovi.com\/de\/cartoon-collection-1000-teile-puzzle-fur-erwachsene-dubai\/p\/","name":"Cartoon Collection 1000 Teile Puzzle f\u00fcr Erwachsene - Dubai","isPartOf":{"@id":"https:\/\/business.roovi.com\/de\/#website"},"datePublished":"2018-04-16T10:56:17+00:00","dateModified":"2022-07-06T18:04:41+00:00","description":"Cartoon Collection 1000 Teile Puzzle f\u00fcr Erwachsene - Dubai","breadcrumb":{"@id":"https:\/\/business.roovi.com\/de\/cartoon-collection-1000-teile-puzzle-fur-erwachsene-dubai\/p\/#breadcrumb"},"inLanguage":"de","potentialAction":[{"@type":"ReadAction","target":["https:\/\/business.roovi.com\/de\/cartoon-collection-1000-teile-puzzle-fur-erwachsene-dubai\/p\/"]}]},{"@type":"BreadcrumbList","@id":"https:\/\/business.roovi.com\/de\/cartoon-collection-1000-teile-puzzle-fur-erwachsene-dubai\/p\/#breadcrumb","itemListElement":[{"@type":"ListItem","position":1,"name":"Home","item":"https:\/\/business.roovi.com\/de\/"},{"@type":"ListItem","position":2,"name":"Shop","item":"https:\/\/business.roovi.com\/de\/shop\/"},{"@type":"ListItem","position":3,"name":"Cartoon Collection 1000 Teile Puzzle f\u00fcr Erwachsene &#8211; Dubai"}]},{"@type":"WebSite","@id":"https:\/\/business.roovi.com\/de\/#website","url":"https:\/\/business.roovi.com\/de\/","name":"Roovi B2B","description":"Roovi Business Website","potentialAction":[{"@type":"SearchAction","target":{"@type":"EntryPoint","urlTemplate":"https:\/\/business.roovi.com\/de\/?s={search_term_string}"},"query-input":"required name=search_term_string"}],"inLanguage":"de"}]}},"_links":{"self":[{"href":"https:\/\/business.roovi.com\/de\/wp-json\/wp\/v2\/product\/41826","targetHints":{"allow":["GET"]}}],"collection":[{"href":"https:\/\/business.roovi.com\/de\/wp-json\/wp\/v2\/product"}],"about":[{"href":"https:\/\/business.roovi.com\/de\/wp-json\/wp\/v2\/types\/product"}],"version-history":[{"count":0,"href":"https:\/\/business.roovi.com\/de\/wp-json\/wp\/v2\/product\/41826\/revisions"}],"wp:featuredmedia":[{"embeddable":true,"href":"https:\/\/business.roovi.com\/de\/wp-json\/wp\/v2\/media\/34824"}],"wp:attachment":[{"href":"https:\/\/business.roovi.com\/de\/wp-json\/wp\/v2\/media?parent=41826"}],"wp:term":[{"taxonomy":"product_brand","embeddable":true,"href":"https:\/\/business.roovi.com\/de\/wp-json\/wp\/v2\/product_brand?post=41826"},{"taxonomy":"product_cat","embeddable":true,"href":"https:\/\/business.roovi.com\/de\/wp-json\/wp\/v2\/product_cat?post=41826"},{"taxonomy":"product_tag","embeddable":true,"href":"https:\/\/business.roovi.com\/de\/wp-json\/wp\/v2\/product_tag?post=41826"}],"curies":[{"name":"wp","href":"https:\/\/api.w.org\/{rel}","templated":true}]}}