{"id":41830,"date":"2018-04-16T10:56:17","date_gmt":"2018-04-16T10:56:17","guid":{"rendered":"https:\/\/business.roovi.com\/puzzle-adulti-1000-piese-cartoon-collection-eiffel-tower\/p\/"},"modified":"2022-07-06T18:04:49","modified_gmt":"2022-07-06T18:04:49","slug":"cartoon-collection-1000-teile-puzzle-fur-erwachsene-eiffelturm","status":"publish","type":"product","link":"https:\/\/business.roovi.com\/de\/cartoon-collection-1000-teile-puzzle-fur-erwachsene-eiffelturm\/p\/","title":{"rendered":"Cartoon Collection 1000 Teile Puzzle f\u00fcr Erwachsene &#8211; Eiffelturm"},"content":{"rendered":"<p><span style=\"font-weight: 400\">Die Puzzlespiele in der Cartoon-Puzzle-Sammlung sind die beste Flucht aus dem Alltag. Sie fordern deinen Verstand heraus, trainieren dein R\u00e4tselgeschick und machen eine gro\u00dfe Portion Spa\u00df.<\/span><\/p>\n<p><span style=\"font-weight: 400\">Der Eiffelturm ist eine unersch\u00f6pfliche Quelle der Inspiration. Cartoon 1000 Piece Puzzle &#8211; Eiffelturm gibt dir eine lustige und originelle Perspektive auf das ber\u00fchmte franz\u00f6sische Wahrzeichen <\/span><\/p>\n<p><span style=\"font-weight: 400\">Dutzende von niedlichen Figuren beteiligen sich am Bau des Turms in einer originellen Illustration, die mit viel Geschick und Handwerkskunst gestaltet wurde. Die vielen Details, Figuren und Farben sind ein Genuss f\u00fcr jeden R\u00e4tselfreund, der wie ein echter Detektiv alle Hinweise entdecken will, die zur Vervollst\u00e4ndigung des Bildes f\u00fchren.<\/span><\/p>\n<p><span style=\"font-weight: 400\">Ein lustiges Puzzlespiel, das du alleine l\u00f6sen kannst, wenn du dich in eine lebendige Welt abseits der Hektik des Alltags fl\u00fcchten willst. Oder du kannst es mit deinen Kindern oder deiner Clique von Freunden wiederholen. Egal, f\u00fcr welche Version du dich entscheidest, das 1000-teilige Cartoon &#8211; Eiffelturm-Puzzle sorgt f\u00fcr maximalen Spielspa\u00df und fabelhafte Erinnerungen.<\/span><\/p>\n<p><strong>Warum solltest du dich f\u00fcr das 1000-teilige Eiffelturm-Puzzle aus der Cartoon-Puzzle-Kollektion entscheiden?<\/strong><\/p>\n<p><span style=\"font-weight: 400\">Wenn das Bild fertig ist, erh\u00e4ltst du ein farbenfrohes und animiertes 50 x 70 cm gro\u00dfes Bild.<\/span><\/p>\n<p><span style=\"font-weight: 400\">Du kannst das Bild einrahmen und dein Zuhause damit dekorieren.<\/span><\/p>\n<p><span style=\"font-weight: 400\">Das Puzzle ist hergestellt aus <\/span><span style=\"font-weight: 400\">blauer Premium-Karton, der eine mehrfache Montage zul\u00e4sst.<\/span><\/p>\n<p><span style=\"font-weight: 400\">Die Oberfl\u00e4che ist halbgl\u00e4nzend in leuchtenden Farben, die die Sch\u00f6nheit der Illustration hervorheben.<\/span><\/p>\n<p><span style=\"font-weight: 400\">Die Teile sind pr\u00e4zise geschnitten, einzigartig und passen perfekt zu einem echten Sammlerst\u00fcck zusammen.<\/span><\/p>\n<p><span style=\"font-weight: 400\">Sie ist aus nachhaltigen, recycelbaren Materialien hergestellt.<\/span><\/p>\n<p><span style=\"font-weight: 400\">Geeignet ab 14 Jahren &#8211; ein Grund mehr, es mit deinen Teenagern nachzumachen <\/span><\/p>\n<p><span style=\"font-weight: 400\">Mit dem Cartoon &#8211; Eiffelturm 1000 Teile Puzzle genie\u00dft du viele der Vorteile, die das Puzzlespiel bietet:<\/span><\/p>\n<ul>\n<li><span style=\"font-weight: 400\">Es entwickelt deine Aufmerksamkeit f\u00fcr Details.<\/span><\/li>\n<li><span style=\"font-weight: 400\">Es schult deine Geduld und Ausdauer.<\/span><\/li>\n<li><span style=\"font-weight: 400\">Es entspannt und l\u00e4sst dich abschalten.<\/span><\/li>\n<li><span style=\"font-weight: 400\">Es hilft dir, dich lange auf eine einzige Aufgabe zu konzentrieren.<\/span><\/li>\n<li><span style=\"font-weight: 400\">Es regt die Dopaminaussch\u00fcttung im Gehirn an und gibt dir ein Gef\u00fchl von Optimismus und Gl\u00fcck.<\/span><\/li>\n<\/ul>\n<p><strong>Wusstest du, dass&#8230;?<\/strong><\/p>\n<p><span style=\"font-weight: 400\">Seit seiner Einweihung im Jahr 1889 bis heute haben \u00fcber 300 Millionen Menschen den Eiffelturm besucht, was ihn zum meistbesuchten Wahrzeichen der Welt macht.<\/span><\/p>\n<p><span style=\"font-weight: 400\">Das Design des Eiffelturms wurde von den Eisenbr\u00fccken inspiriert, die von der Eiffel-Gesellschaft im 19.<\/span><\/p>\n<p><span style=\"font-weight: 400\">Der Eiffelturm sollte etwa 20 Jahre halten, wurde aber durch wissenschaftliche Experimente gerettet, vor allem durch die ersten Funk\u00fcbertragungen, die Eiffel anregte.<\/span><\/p>\n<p><span style=\"font-weight: 400\">Den Franzosen gefiel dieser Turm nicht, und er wurde 1889 in der Presse der damaligen Zeit als <\/span><em><span style=\"font-weight: 400\">architektonische Monstrosit\u00e4t<\/span><\/em><span style=\"font-weight: 400\">.<\/span><\/p>\n<p><span style=\"font-weight: 400\">Gustave Eiffel richtete im dritten Stock des Turms eine kleine Wohnung f\u00fcr seine Freunde ein.<\/span><\/p>\n<p><strong>Cartoon 1000 Teile Puzzle &#8211; Der Eiffelturm, eine Flucht aus dem Alltag<\/strong><\/p>\n<p><span style=\"font-weight: 400\">Jeder Puzzle-Liebhaber hat das Bed\u00fcrfnis, seiner Leidenschaft Zeit zu widmen und sich in die Welt des Puzzlespiels zur\u00fcckzuziehen, um von den Problemen des Alltags abzuschalten. F\u00fcr solche Momente ist das 1000-teilige Eiffelturm-Puzzle aus der Cartoon-Puzzle-Kollektion ideal.<\/span><\/p>\n<p><span style=\"font-weight: 400\">Die lustigen, sorgf\u00e4ltig gestalteten Szenen mit maximaler Liebe zum Detail werden deine Aufmerksamkeit fesseln und dich stundenlang mit der dynamischen und humorvollen R\u00e4tselillustration verbinden <\/span><\/p>\n<p><span style=\"font-weight: 400\">Wenn du deine Puzzlezeit gerne mit deinen Liebsten verbringst, kannst du einen unvergesslichen Abend organisieren, bei dem die niedlichen Elfen im 1000 Teile Eiffelturm-Puzzle die Stars sind. Du bekommst ein tolles Bild und sammelst unvergessliche Erinnerungen mit deinen Liebsten.<\/span><\/p>\n<p><span style=\"font-weight: 400\">W\u00e4hle das 1000-teilige Eiffelturm-Puzzle aus der Cartoon-Kollektion und verleihe deiner Freizeit einen neuen Wert. Egal, ob du es alleine oder mit Hilfe deiner Liebsten l\u00f6st, dieses wunderbare Puzzlespiel verwandelt monotone Momente in wertvolle und entspannende Zeit.<\/span><\/p><\/p>\n","protected":false},"excerpt":{"rendered":"<p>Die Puzzlespiele in der Cartoon-Puzzle-Sammlung sind die beste Flucht aus dem Alltag. Sie fordern deinen Verstand heraus, trainieren dein R\u00e4tselgeschick<\/p>\n","protected":false},"featured_media":34838,"template":"","meta":[],"product_brand":[],"product_cat":[1875,1915,1916],"product_tag":[],"class_list":{"0":"post-41830","1":"product","2":"type-product","3":"status-publish","4":"has-post-thumbnail","6":"product_cat-puzzle-de","7":"product_cat-puzzlespiele-fur-erwachsene","8":"product_cat-1000-teile-puzzle","9":"pa_brand-d_toys-de","10":"pa_country_of_manufacture-ro-de","11":"pa_filter_age-14-de","12":"pa_painter-cartooncollection-de","13":"pa_tip_ambalaj-kasten-a4-de","14":"pa_tip_puzzle-klassisch","16":"first","17":"instock","18":"taxable","19":"shipping-taxable","20":"product-type-simple"},"yoast_head":"<!-- This site is optimized with the Yoast SEO plugin v20.1 - https:\/\/yoast.com\/wordpress\/plugins\/seo\/ -->\n<title>Cartoon Collection 1000 Teile Puzzle f\u00fcr Erwachsene - Eiffelturm<\/title>\n<meta name=\"description\" content=\"Cartoon Collection 1000 Teile Puzzle f\u00fcr Erwachsene - Eiffelturm\" \/>\n<meta name=\"robots\" content=\"index, follow, max-snippet:-1, max-image-preview:large, max-video-preview:-1\" \/>\n<link rel=\"canonical\" href=\"https:\/\/business.roovi.com\/de\/cartoon-collection-1000-teile-puzzle-fur-erwachsene-eiffelturm\/p\/\" \/>\n<meta property=\"og:locale\" content=\"de_DE\" \/>\n<meta property=\"og:type\" content=\"article\" \/>\n<meta property=\"og:title\" content=\"Cartoon Collection 1000 Teile Puzzle f\u00fcr Erwachsene - Eiffelturm\" \/>\n<meta property=\"og:description\" content=\"Cartoon Collection 1000 Teile Puzzle f\u00fcr Erwachsene - Eiffelturm\" \/>\n<meta property=\"og:url\" content=\"https:\/\/business.roovi.com\/de\/cartoon-collection-1000-teile-puzzle-fur-erwachsene-eiffelturm\/p\/\" \/>\n<meta property=\"og:site_name\" content=\"Roovi B2B\" \/>\n<meta property=\"article:publisher\" content=\"https:\/\/www.facebook.com\/wwwjucariero\" \/>\n<meta property=\"article:modified_time\" content=\"2022-07-06T18:04:49+00:00\" \/>\n<meta property=\"og:image\" content=\"https:\/\/business.roovi.com\/wp-content\/uploads\/2018\/04\/61218-11-ansamblu_dimensiuni-cutie-cm_vertical-1200x1200.png\" \/>\n\t<meta property=\"og:image:width\" content=\"840\" \/>\n\t<meta property=\"og:image:height\" content=\"840\" \/>\n\t<meta property=\"og:image:type\" content=\"image\/png\" \/>\n<meta name=\"twitter:label1\" content=\"Gesch\u00e4tzte Lesezeit\" \/>\n\t<meta name=\"twitter:data1\" content=\"3\u00a0Minuten\" \/>\n<script type=\"application\/ld+json\" class=\"yoast-schema-graph\">{\"@context\":\"https:\/\/schema.org\",\"@graph\":[{\"@type\":\"WebPage\",\"@id\":\"https:\/\/business.roovi.com\/de\/cartoon-collection-1000-teile-puzzle-fur-erwachsene-eiffelturm\/p\/\",\"url\":\"https:\/\/business.roovi.com\/de\/cartoon-collection-1000-teile-puzzle-fur-erwachsene-eiffelturm\/p\/\",\"name\":\"Cartoon Collection 1000 Teile Puzzle f\u00fcr Erwachsene - Eiffelturm\",\"isPartOf\":{\"@id\":\"https:\/\/business.roovi.com\/de\/#website\"},\"datePublished\":\"2018-04-16T10:56:17+00:00\",\"dateModified\":\"2022-07-06T18:04:49+00:00\",\"description\":\"Cartoon Collection 1000 Teile Puzzle f\u00fcr Erwachsene - Eiffelturm\",\"breadcrumb\":{\"@id\":\"https:\/\/business.roovi.com\/de\/cartoon-collection-1000-teile-puzzle-fur-erwachsene-eiffelturm\/p\/#breadcrumb\"},\"inLanguage\":\"de\",\"potentialAction\":[{\"@type\":\"ReadAction\",\"target\":[\"https:\/\/business.roovi.com\/de\/cartoon-collection-1000-teile-puzzle-fur-erwachsene-eiffelturm\/p\/\"]}]},{\"@type\":\"BreadcrumbList\",\"@id\":\"https:\/\/business.roovi.com\/de\/cartoon-collection-1000-teile-puzzle-fur-erwachsene-eiffelturm\/p\/#breadcrumb\",\"itemListElement\":[{\"@type\":\"ListItem\",\"position\":1,\"name\":\"Home\",\"item\":\"https:\/\/business.roovi.com\/de\/\"},{\"@type\":\"ListItem\",\"position\":2,\"name\":\"Shop\",\"item\":\"https:\/\/business.roovi.com\/de\/shop\/\"},{\"@type\":\"ListItem\",\"position\":3,\"name\":\"Cartoon Collection 1000 Teile Puzzle f\u00fcr Erwachsene &#8211; Eiffelturm\"}]},{\"@type\":\"WebSite\",\"@id\":\"https:\/\/business.roovi.com\/de\/#website\",\"url\":\"https:\/\/business.roovi.com\/de\/\",\"name\":\"Roovi B2B\",\"description\":\"Roovi Business Website\",\"potentialAction\":[{\"@type\":\"SearchAction\",\"target\":{\"@type\":\"EntryPoint\",\"urlTemplate\":\"https:\/\/business.roovi.com\/de\/?s={search_term_string}\"},\"query-input\":\"required name=search_term_string\"}],\"inLanguage\":\"de\"}]}<\/script>\n<!-- \/ Yoast SEO plugin. -->","yoast_head_json":{"title":"Cartoon Collection 1000 Teile Puzzle f\u00fcr Erwachsene - Eiffelturm","description":"Cartoon Collection 1000 Teile Puzzle f\u00fcr Erwachsene - Eiffelturm","robots":{"index":"index","follow":"follow","max-snippet":"max-snippet:-1","max-image-preview":"max-image-preview:large","max-video-preview":"max-video-preview:-1"},"canonical":"https:\/\/business.roovi.com\/de\/cartoon-collection-1000-teile-puzzle-fur-erwachsene-eiffelturm\/p\/","og_locale":"de_DE","og_type":"article","og_title":"Cartoon Collection 1000 Teile Puzzle f\u00fcr Erwachsene - Eiffelturm","og_description":"Cartoon Collection 1000 Teile Puzzle f\u00fcr Erwachsene - Eiffelturm","og_url":"https:\/\/business.roovi.com\/de\/cartoon-collection-1000-teile-puzzle-fur-erwachsene-eiffelturm\/p\/","og_site_name":"Roovi B2B","article_publisher":"https:\/\/www.facebook.com\/wwwjucariero","article_modified_time":"2022-07-06T18:04:49+00:00","og_image":[{"width":840,"height":840,"url":"https:\/\/business.roovi.com\/wp-content\/uploads\/2018\/04\/61218-11-ansamblu_dimensiuni-cutie-cm_vertical-1200x1200.png","type":"image\/png"}],"twitter_misc":{"Gesch\u00e4tzte Lesezeit":"3\u00a0Minuten"},"schema":{"@context":"https:\/\/schema.org","@graph":[{"@type":"WebPage","@id":"https:\/\/business.roovi.com\/de\/cartoon-collection-1000-teile-puzzle-fur-erwachsene-eiffelturm\/p\/","url":"https:\/\/business.roovi.com\/de\/cartoon-collection-1000-teile-puzzle-fur-erwachsene-eiffelturm\/p\/","name":"Cartoon Collection 1000 Teile Puzzle f\u00fcr Erwachsene - Eiffelturm","isPartOf":{"@id":"https:\/\/business.roovi.com\/de\/#website"},"datePublished":"2018-04-16T10:56:17+00:00","dateModified":"2022-07-06T18:04:49+00:00","description":"Cartoon Collection 1000 Teile Puzzle f\u00fcr Erwachsene - Eiffelturm","breadcrumb":{"@id":"https:\/\/business.roovi.com\/de\/cartoon-collection-1000-teile-puzzle-fur-erwachsene-eiffelturm\/p\/#breadcrumb"},"inLanguage":"de","potentialAction":[{"@type":"ReadAction","target":["https:\/\/business.roovi.com\/de\/cartoon-collection-1000-teile-puzzle-fur-erwachsene-eiffelturm\/p\/"]}]},{"@type":"BreadcrumbList","@id":"https:\/\/business.roovi.com\/de\/cartoon-collection-1000-teile-puzzle-fur-erwachsene-eiffelturm\/p\/#breadcrumb","itemListElement":[{"@type":"ListItem","position":1,"name":"Home","item":"https:\/\/business.roovi.com\/de\/"},{"@type":"ListItem","position":2,"name":"Shop","item":"https:\/\/business.roovi.com\/de\/shop\/"},{"@type":"ListItem","position":3,"name":"Cartoon Collection 1000 Teile Puzzle f\u00fcr Erwachsene &#8211; Eiffelturm"}]},{"@type":"WebSite","@id":"https:\/\/business.roovi.com\/de\/#website","url":"https:\/\/business.roovi.com\/de\/","name":"Roovi B2B","description":"Roovi Business Website","potentialAction":[{"@type":"SearchAction","target":{"@type":"EntryPoint","urlTemplate":"https:\/\/business.roovi.com\/de\/?s={search_term_string}"},"query-input":"required name=search_term_string"}],"inLanguage":"de"}]}},"_links":{"self":[{"href":"https:\/\/business.roovi.com\/de\/wp-json\/wp\/v2\/product\/41830","targetHints":{"allow":["GET"]}}],"collection":[{"href":"https:\/\/business.roovi.com\/de\/wp-json\/wp\/v2\/product"}],"about":[{"href":"https:\/\/business.roovi.com\/de\/wp-json\/wp\/v2\/types\/product"}],"version-history":[{"count":0,"href":"https:\/\/business.roovi.com\/de\/wp-json\/wp\/v2\/product\/41830\/revisions"}],"wp:featuredmedia":[{"embeddable":true,"href":"https:\/\/business.roovi.com\/de\/wp-json\/wp\/v2\/media\/34838"}],"wp:attachment":[{"href":"https:\/\/business.roovi.com\/de\/wp-json\/wp\/v2\/media?parent=41830"}],"wp:term":[{"taxonomy":"product_brand","embeddable":true,"href":"https:\/\/business.roovi.com\/de\/wp-json\/wp\/v2\/product_brand?post=41830"},{"taxonomy":"product_cat","embeddable":true,"href":"https:\/\/business.roovi.com\/de\/wp-json\/wp\/v2\/product_cat?post=41830"},{"taxonomy":"product_tag","embeddable":true,"href":"https:\/\/business.roovi.com\/de\/wp-json\/wp\/v2\/product_tag?post=41830"}],"curies":[{"name":"wp","href":"https:\/\/api.w.org\/{rel}","templated":true}]}}