{"id":41834,"date":"2018-04-16T10:56:17","date_gmt":"2018-04-16T10:56:17","guid":{"rendered":"https:\/\/business.roovi.com\/puzzle-adulti-1000-piese-high-difficulty-fruit-fructe\/p\/"},"modified":"2022-07-06T18:09:06","modified_gmt":"2022-07-06T18:09:06","slug":"puzzle-fur-erwachsene-1000-teile-hoher-schwierigkeitsgrad-fruchte-fruits","status":"publish","type":"product","link":"https:\/\/business.roovi.com\/de\/puzzle-fur-erwachsene-1000-teile-hoher-schwierigkeitsgrad-fruchte-fruits\/p\/","title":{"rendered":"Puzzle f\u00fcr Erwachsene 1000 Teile Hoher Schwierigkeitsgrad &#8211; Fr\u00fcchte \/ Fruits"},"content":{"rendered":"<p><span style=\"font-weight: 400\">Bringe Puzzlespiele auf die n\u00e4chste Stufe mit dem 1000-Teile-Puzzle-Modell &#8211; Fruit! Schwierig und.. <\/span><span style=\"font-weight: 400\">&#8222;lecker&#8220;<\/span><span style=\"font-weight: 400\">dieses 1000-teilige Puzzle l\u00e4sst dich vom Alltag abschalten und gibt dir ein Gef\u00fchl ungeahnter Zufriedenheit.<\/span><\/p>\n<p><span style=\"font-weight: 400\">Wenn du ein R\u00e4tselfreund bist und dir die \u00fcblichen R\u00e4tselmodelle schon zu leicht erscheinen, ist es an der Zeit, zu einer anspruchsvolleren Version \u00fcberzugehen. High Difficulty 1000 Piece Puzzle &#8211; Fruit ist die perfekte Wahl. Ein appetitanregendes Bild, das dich aus deiner Komfortzone herausholt, wird dich stundenlang bei deiner kreativen T\u00e4tigkeit halten.<\/span><\/p>\n<p><span style=\"font-weight: 400\">Die Vielzahl von 1000 Puzzleteilen mag dir wie Chaos vorkommen, aber wenn du die Unterschiede bemerkst und die richtigen Teile im gro\u00dfen Bild findest, merkst du, dass das Chaos eigentlich nur in deinem Kopf herrscht. Und die Gedanken f\u00fcgen sich an ihren Platz, so wie die Teile des Fruchtbildes richtig zusammenpassen.  <\/span><\/p>\n<p><span style=\"font-weight: 400\">Ziehe deinen Couchtisch im Wohnzimmer heran &#8211; er ist ideal, um 1000 Puzzleteile zu halten &#8211; und beginne mit der Arbeit an deinem ersten 1000-teiligen Puzzlebild mit hohem Schwierigkeitsgrad. Packe auch einen Obstsnack ein &#8211; vielleicht bekommst du Appetit, wenn das Bild Gestalt annimmt.<\/span><\/p>\n<p><span style=\"font-weight: 400\">Eigenschaften Hochschwieriges 1000-Teile-Puzzle &#8211; Obst:<\/span><\/p>\n<p><strong>Montierte Bildgr\u00f6\u00dfe: 47 x 68 cm<\/strong><\/p>\n<p><strong>Puzzle-Material <\/strong><\/p>\n<p><strong>hochwertiger blauer Karton<\/strong><\/p>\n<p><strong>nachhaltige, recycelbare Materialien<\/strong><\/p>\n<p><strong>halbgl\u00e4nzende Oberfl\u00e4che, leuchtende Farben<\/strong><\/p>\n<p><strong>Anzahl der Puzzleteile: 1000<\/strong><\/p>\n<p><strong>Empfohlenes Alter: 14+<\/strong><\/p>\n<p><span style=\"font-weight: 400\">Das Zusammensetzen von Puzzlespielen entwickelt eine Reihe von F\u00e4higkeiten, die du bei allt\u00e4glichen Aktivit\u00e4ten einsetzt:<\/span><\/p>\n<ul>\n<li><span style=\"font-weight: 400\">Liebe zum Detail.<\/span><\/li>\n<li><span style=\"font-weight: 400\">Die F\u00e4higkeit, sich zu konzentrieren.<\/span><\/li>\n<li><span style=\"font-weight: 400\">Feinmotorische F\u00e4higkeiten.<\/span><\/li>\n<li><span style=\"font-weight: 400\">Beharrlichkeit.<\/span><\/li>\n<li><span style=\"font-weight: 400\">Kurzzeitged\u00e4chtnis.<\/span><\/li>\n<li><span style=\"font-weight: 400\">Logisches Denken.<\/span><\/li>\n<\/ul>\n<p><strong>Warum ist das 1000 Teile Puzzle Modell &#8211; Fruits of high difficulty so besonders?<\/strong><\/p>\n<p><span style=\"font-weight: 400\">Es trainiert deinen Geist und h\u00e4lt dein Gehirn aktiv und gesund.<\/span><\/p>\n<p><span style=\"font-weight: 400\">Sie entspannt dich und hilft, Stress abzubauen.<\/span><\/p>\n<p><span style=\"font-weight: 400\">Das ist ein guter Weg, um deine Kreativit\u00e4t zu entwickeln.<\/span><\/p>\n<p><span style=\"font-weight: 400\">Es lehrt dich die Lektion der Geduld und erinnert dich daran, dass kein Ziel, das du dir setzt, unm\u00f6glich zu erreichen ist.<\/span><\/p>\n<p><span style=\"font-weight: 400\">Du kannst dein Bild f\u00fcr dekorative Zwecke verwenden.<\/span><\/p>\n<p><span style=\"font-weight: 400\">Du genie\u00dft ein Gef\u00fchl der Befriedigung \u00fcber die Fr\u00fcchte deiner m\u00fchevollen Arbeit.<\/span><\/p>\n<p><strong>Wusstest du, dass&#8230;?<\/strong><\/p>\n<p><span style=\"font-weight: 400\">Puzzlespiele regen die Aussch\u00fcttung von Dopamin &#8211; dem Gl\u00fcckshormon &#8211; an. Das erkl\u00e4rt das Gl\u00fccksgef\u00fchl und den Optimismus, den du versp\u00fcrst, wenn dein 1000-teiliges Puzzlebild fertig ist.<\/span><\/p>\n<p><span style=\"font-weight: 400\">Puzzlespiele sind ein komplettes Denksportprogramm, weil sie sowohl die rechte als auch die linke Gehirnh\u00e4lfte ansprechen.<\/span><\/p>\n<p><span style=\"font-weight: 400\">Puzzlespiele versetzen dich in einen tiefen meditativen Zustand. Wenn das 1000-teilige Puzzlebrett fertig ist, f\u00fchlst du dich erfrischt und energiegeladen.<\/span><\/p>\n<p><span style=\"font-weight: 400\">Puzzlespiele minimieren das Risiko, an neurodegenerativen Krankheiten wie Alzheimer zu erkranken <\/span><\/p>\n<p><strong>Hochschwieriges 1000-Teile-Puzzle &#8211; Obst &#8211; bring Ordnung ins geistige Chaos<\/strong><\/p>\n<p><span style=\"font-weight: 400\">F\u00fchlst du dich von tausenden von Gedanken und Pl\u00e4nen \u00fcberw\u00e4ltigt, die du nicht kontrollieren kannst? Das 1000 Piece Puzzle &#8211; High Difficulty Fruit ist ein gutes Mittel, um Ordnung in das mentale Chaos zu bringen <\/span><\/p>\n<p><span style=\"font-weight: 400\">Das Puzzlespiel fesselt dich und h\u00e4lt dich f\u00fcr lange Zeit an eine einzige Aufgabe gebunden. Ohne dass du darum bittest, leert sich dein Geist von Gedanken und du erf\u00e4hrst einen dringend ben\u00f6tigten Zustand der geistigen Ruhe und Entspannung. Am Ende, wenn du das letzte St\u00fcck eingesteckt hast, ist das Gef\u00fchl der Zufriedenheit unbezahlbar. Du hast Vertrauen in deine eigenen St\u00e4rken und m\u00f6chtest dieses Gef\u00fchl immer wieder erleben.<\/span><\/p>\n<p><span style=\"font-weight: 400\">Kaufe das 1000-teilige High Difficulty &#8211; Fruit Puzzle und erlebe eine neue Ebene der Nachstellung von Aktivit\u00e4ten in einem Puzzlespiel. Entdecke andere High Difficulty Puzzle Designs f\u00fcr Erwachsene und erstelle deine eigene Sammlung von tollen Bildern.<\/span><\/p>\n<p><span style=\"font-weight: 400\">Das 1000-teilige High Difficulty &#8211; Fruit Puzzle kann im Haus aufbewahrt und immer wieder neu gemacht werden, wenn du das Bed\u00fcrfnis nach einer intensiven Herausforderung versp\u00fcrst. Wenn du Freunde hast, die genauso leidenschaftlich gerne puzzeln wie du, ist dieses 1000-Teile-Puzzle eine gute Wahl.<\/span><\/p><\/p>\n","protected":false},"excerpt":{"rendered":"<p>Bringe Puzzlespiele auf die n\u00e4chste Stufe mit dem 1000-Teile-Puzzle-Modell &#8211; Fruit! Schwierig und.. &#8222;lecker&#8220;dieses 1000-teilige Puzzle l\u00e4sst dich vom Alltag<\/p>\n","protected":false},"featured_media":34852,"template":"","meta":[],"product_brand":[],"product_cat":[1916,1875,1915],"product_tag":[],"class_list":{"0":"post-41834","1":"product","2":"type-product","3":"status-publish","4":"has-post-thumbnail","6":"product_cat-1000-teile-puzzle","7":"product_cat-puzzle-de","8":"product_cat-puzzlespiele-fur-erwachsene","9":"pa_bax-10-de","10":"pa_brand-d_toys-de","11":"pa_country_of_manufacture-ro-de","12":"pa_filter_age-14-de","13":"pa_painter-high-difficulty","14":"pa_tip_ambalaj-kasten-a4-de","15":"pa_tip_puzzle-klassisch","17":"first","18":"instock","19":"taxable","20":"shipping-taxable","21":"product-type-simple"},"yoast_head":"<!-- This site is optimized with the Yoast SEO plugin v20.1 - https:\/\/yoast.com\/wordpress\/plugins\/seo\/ -->\n<title>Puzzle f\u00fcr Erwachsene 1000 Teile Hoher Schwierigkeitsgrad - Fr\u00fcchte \/ Fruits<\/title>\n<meta name=\"description\" content=\"Puzzle f\u00fcr Erwachsene 1000 Teile Hoher Schwierigkeitsgrad - Fr\u00fcchte \/ Fruits\" \/>\n<meta name=\"robots\" content=\"index, follow, max-snippet:-1, max-image-preview:large, max-video-preview:-1\" \/>\n<link rel=\"canonical\" href=\"https:\/\/business.roovi.com\/de\/puzzle-fur-erwachsene-1000-teile-hoher-schwierigkeitsgrad-fruchte-fruits\/p\/\" \/>\n<meta property=\"og:locale\" content=\"de_DE\" \/>\n<meta property=\"og:type\" content=\"article\" \/>\n<meta property=\"og:title\" content=\"Puzzle f\u00fcr Erwachsene 1000 Teile Hoher Schwierigkeitsgrad - Fr\u00fcchte \/ Fruits\" \/>\n<meta property=\"og:description\" content=\"Puzzle f\u00fcr Erwachsene 1000 Teile Hoher Schwierigkeitsgrad - Fr\u00fcchte \/ Fruits\" \/>\n<meta property=\"og:url\" content=\"https:\/\/business.roovi.com\/de\/puzzle-fur-erwachsene-1000-teile-hoher-schwierigkeitsgrad-fruchte-fruits\/p\/\" \/>\n<meta property=\"og:site_name\" content=\"Roovi B2B\" \/>\n<meta property=\"article:publisher\" content=\"https:\/\/www.facebook.com\/wwwjucariero\" \/>\n<meta property=\"article:modified_time\" content=\"2022-07-06T18:09:06+00:00\" \/>\n<meta property=\"og:image\" content=\"https:\/\/business.roovi.com\/wp-content\/uploads\/2018\/04\/71958-01-ansamblu_dimensiuni-cutie-cm_orizontal.png\" \/>\n\t<meta property=\"og:image:width\" content=\"800\" \/>\n\t<meta property=\"og:image:height\" content=\"800\" \/>\n\t<meta property=\"og:image:type\" content=\"image\/png\" \/>\n<meta name=\"twitter:label1\" content=\"Gesch\u00e4tzte Lesezeit\" \/>\n\t<meta name=\"twitter:data1\" content=\"3\u00a0Minuten\" \/>\n<script type=\"application\/ld+json\" class=\"yoast-schema-graph\">{\"@context\":\"https:\/\/schema.org\",\"@graph\":[{\"@type\":\"WebPage\",\"@id\":\"https:\/\/business.roovi.com\/de\/puzzle-fur-erwachsene-1000-teile-hoher-schwierigkeitsgrad-fruchte-fruits\/p\/\",\"url\":\"https:\/\/business.roovi.com\/de\/puzzle-fur-erwachsene-1000-teile-hoher-schwierigkeitsgrad-fruchte-fruits\/p\/\",\"name\":\"Puzzle f\u00fcr Erwachsene 1000 Teile Hoher Schwierigkeitsgrad - Fr\u00fcchte \/ Fruits\",\"isPartOf\":{\"@id\":\"https:\/\/business.roovi.com\/de\/#website\"},\"datePublished\":\"2018-04-16T10:56:17+00:00\",\"dateModified\":\"2022-07-06T18:09:06+00:00\",\"description\":\"Puzzle f\u00fcr Erwachsene 1000 Teile Hoher Schwierigkeitsgrad - Fr\u00fcchte \/ Fruits\",\"breadcrumb\":{\"@id\":\"https:\/\/business.roovi.com\/de\/puzzle-fur-erwachsene-1000-teile-hoher-schwierigkeitsgrad-fruchte-fruits\/p\/#breadcrumb\"},\"inLanguage\":\"de\",\"potentialAction\":[{\"@type\":\"ReadAction\",\"target\":[\"https:\/\/business.roovi.com\/de\/puzzle-fur-erwachsene-1000-teile-hoher-schwierigkeitsgrad-fruchte-fruits\/p\/\"]}]},{\"@type\":\"BreadcrumbList\",\"@id\":\"https:\/\/business.roovi.com\/de\/puzzle-fur-erwachsene-1000-teile-hoher-schwierigkeitsgrad-fruchte-fruits\/p\/#breadcrumb\",\"itemListElement\":[{\"@type\":\"ListItem\",\"position\":1,\"name\":\"Home\",\"item\":\"https:\/\/business.roovi.com\/de\/\"},{\"@type\":\"ListItem\",\"position\":2,\"name\":\"Shop\",\"item\":\"https:\/\/business.roovi.com\/de\/shop\/\"},{\"@type\":\"ListItem\",\"position\":3,\"name\":\"Puzzle f\u00fcr Erwachsene 1000 Teile Hoher Schwierigkeitsgrad &#8211; Fr\u00fcchte \/ Fruits\"}]},{\"@type\":\"WebSite\",\"@id\":\"https:\/\/business.roovi.com\/de\/#website\",\"url\":\"https:\/\/business.roovi.com\/de\/\",\"name\":\"Roovi B2B\",\"description\":\"Roovi Business Website\",\"potentialAction\":[{\"@type\":\"SearchAction\",\"target\":{\"@type\":\"EntryPoint\",\"urlTemplate\":\"https:\/\/business.roovi.com\/de\/?s={search_term_string}\"},\"query-input\":\"required name=search_term_string\"}],\"inLanguage\":\"de\"}]}<\/script>\n<!-- \/ Yoast SEO plugin. -->","yoast_head_json":{"title":"Puzzle f\u00fcr Erwachsene 1000 Teile Hoher Schwierigkeitsgrad - Fr\u00fcchte \/ Fruits","description":"Puzzle f\u00fcr Erwachsene 1000 Teile Hoher Schwierigkeitsgrad - Fr\u00fcchte \/ Fruits","robots":{"index":"index","follow":"follow","max-snippet":"max-snippet:-1","max-image-preview":"max-image-preview:large","max-video-preview":"max-video-preview:-1"},"canonical":"https:\/\/business.roovi.com\/de\/puzzle-fur-erwachsene-1000-teile-hoher-schwierigkeitsgrad-fruchte-fruits\/p\/","og_locale":"de_DE","og_type":"article","og_title":"Puzzle f\u00fcr Erwachsene 1000 Teile Hoher Schwierigkeitsgrad - Fr\u00fcchte \/ Fruits","og_description":"Puzzle f\u00fcr Erwachsene 1000 Teile Hoher Schwierigkeitsgrad - Fr\u00fcchte \/ Fruits","og_url":"https:\/\/business.roovi.com\/de\/puzzle-fur-erwachsene-1000-teile-hoher-schwierigkeitsgrad-fruchte-fruits\/p\/","og_site_name":"Roovi B2B","article_publisher":"https:\/\/www.facebook.com\/wwwjucariero","article_modified_time":"2022-07-06T18:09:06+00:00","og_image":[{"width":800,"height":800,"url":"https:\/\/business.roovi.com\/wp-content\/uploads\/2018\/04\/71958-01-ansamblu_dimensiuni-cutie-cm_orizontal.png","type":"image\/png"}],"twitter_misc":{"Gesch\u00e4tzte Lesezeit":"3\u00a0Minuten"},"schema":{"@context":"https:\/\/schema.org","@graph":[{"@type":"WebPage","@id":"https:\/\/business.roovi.com\/de\/puzzle-fur-erwachsene-1000-teile-hoher-schwierigkeitsgrad-fruchte-fruits\/p\/","url":"https:\/\/business.roovi.com\/de\/puzzle-fur-erwachsene-1000-teile-hoher-schwierigkeitsgrad-fruchte-fruits\/p\/","name":"Puzzle f\u00fcr Erwachsene 1000 Teile Hoher Schwierigkeitsgrad - Fr\u00fcchte \/ Fruits","isPartOf":{"@id":"https:\/\/business.roovi.com\/de\/#website"},"datePublished":"2018-04-16T10:56:17+00:00","dateModified":"2022-07-06T18:09:06+00:00","description":"Puzzle f\u00fcr Erwachsene 1000 Teile Hoher Schwierigkeitsgrad - Fr\u00fcchte \/ Fruits","breadcrumb":{"@id":"https:\/\/business.roovi.com\/de\/puzzle-fur-erwachsene-1000-teile-hoher-schwierigkeitsgrad-fruchte-fruits\/p\/#breadcrumb"},"inLanguage":"de","potentialAction":[{"@type":"ReadAction","target":["https:\/\/business.roovi.com\/de\/puzzle-fur-erwachsene-1000-teile-hoher-schwierigkeitsgrad-fruchte-fruits\/p\/"]}]},{"@type":"BreadcrumbList","@id":"https:\/\/business.roovi.com\/de\/puzzle-fur-erwachsene-1000-teile-hoher-schwierigkeitsgrad-fruchte-fruits\/p\/#breadcrumb","itemListElement":[{"@type":"ListItem","position":1,"name":"Home","item":"https:\/\/business.roovi.com\/de\/"},{"@type":"ListItem","position":2,"name":"Shop","item":"https:\/\/business.roovi.com\/de\/shop\/"},{"@type":"ListItem","position":3,"name":"Puzzle f\u00fcr Erwachsene 1000 Teile Hoher Schwierigkeitsgrad &#8211; Fr\u00fcchte \/ Fruits"}]},{"@type":"WebSite","@id":"https:\/\/business.roovi.com\/de\/#website","url":"https:\/\/business.roovi.com\/de\/","name":"Roovi B2B","description":"Roovi Business Website","potentialAction":[{"@type":"SearchAction","target":{"@type":"EntryPoint","urlTemplate":"https:\/\/business.roovi.com\/de\/?s={search_term_string}"},"query-input":"required name=search_term_string"}],"inLanguage":"de"}]}},"_links":{"self":[{"href":"https:\/\/business.roovi.com\/de\/wp-json\/wp\/v2\/product\/41834","targetHints":{"allow":["GET"]}}],"collection":[{"href":"https:\/\/business.roovi.com\/de\/wp-json\/wp\/v2\/product"}],"about":[{"href":"https:\/\/business.roovi.com\/de\/wp-json\/wp\/v2\/types\/product"}],"version-history":[{"count":0,"href":"https:\/\/business.roovi.com\/de\/wp-json\/wp\/v2\/product\/41834\/revisions"}],"wp:featuredmedia":[{"embeddable":true,"href":"https:\/\/business.roovi.com\/de\/wp-json\/wp\/v2\/media\/34852"}],"wp:attachment":[{"href":"https:\/\/business.roovi.com\/de\/wp-json\/wp\/v2\/media?parent=41834"}],"wp:term":[{"taxonomy":"product_brand","embeddable":true,"href":"https:\/\/business.roovi.com\/de\/wp-json\/wp\/v2\/product_brand?post=41834"},{"taxonomy":"product_cat","embeddable":true,"href":"https:\/\/business.roovi.com\/de\/wp-json\/wp\/v2\/product_cat?post=41834"},{"taxonomy":"product_tag","embeddable":true,"href":"https:\/\/business.roovi.com\/de\/wp-json\/wp\/v2\/product_tag?post=41834"}],"curies":[{"name":"wp","href":"https:\/\/api.w.org\/{rel}","templated":true}]}}