{"id":41838,"date":"2018-04-16T10:56:17","date_gmt":"2018-04-16T10:56:17","guid":{"rendered":"https:\/\/business.roovi.com\/puzzle-adulti-1000-piese-high-difficulty-candy\/p\/"},"modified":"2022-07-06T18:09:12","modified_gmt":"2022-07-06T18:09:12","slug":"adult-1000-pieces-high-difficulty-puzzle-candy","status":"publish","type":"product","link":"https:\/\/business.roovi.com\/de\/adult-1000-pieces-high-difficulty-puzzle-candy\/p\/","title":{"rendered":"Adult 1000 pieces High Difficulty Puzzle &#8211; Candy"},"content":{"rendered":"<p><span style=\"font-weight: 400\">Du hast eine Leidenschaft f\u00fcr R\u00e4tsel f\u00fcr Erwachsene und bist bereit f\u00fcr eine gro\u00dfe Herausforderung? Das 1000-teilige High Difficulty \/ Candy Puzzle ist das perfekte Spiel, um dein Denken anzuregen und deinen t\u00e4glichen Stress abzubauen.<\/span><\/p>\n<p><span style=\"font-weight: 400\">Mit dem 1000-teiligen Candy-Puzzle genie\u00dft du ein s\u00fc\u00dfes&#8230; Denkvergn\u00fcgen. Ein atemberaubendes Bild, das deine Aufmerksamkeit und Konzentration auf das \u00c4u\u00dferste fordert. Dieses Puzzle f\u00fcr Erwachsene entspannt dich und verbindet dich mit dem gegenw\u00e4rtigen Moment &#8211; eine achtsame Erfahrung.<\/span><\/p>\n<p><span style=\"font-weight: 400\">Ein R\u00e4tsel mit hohem Schwierigkeitsgrad f\u00fcr Erwachsene fordert dich heraus, \u00fcber Grenzen hinaus zu denken, \u00fcber Details hinaus zu sehen und Momente der Einsicht zu erleben, die dich auf neue Ideen bringen <\/span><\/p>\n<p><span style=\"font-weight: 400\">Ein komplettes, kreatives, zum Nachdenken anregendes und freudiges Erlebnis ist das, was du in dem 1000 Piece Candy Puzzle findest. Und wenn du mit dem Malen fertig bist, bereite eine s\u00fc\u00dfe Belohnung vor, die dir nach der intensiven Analyse so vieler bunter Bonbons sicher Appetit macht.<\/span><\/p>\n<p><strong>Features High Difficulty 1000 pieces puzzle &#8211; Candy:<\/strong><\/p>\n<p><strong>Montierte Bildgr\u00f6\u00dfe: 47 x 68 cm<\/strong><\/p>\n<p><strong>Puzzle-Material <\/strong><\/p>\n<p><strong>hochwertiger blauer Karton<\/strong><\/p>\n<p><strong>nachhaltige, recycelbare Materialien<\/strong><\/p>\n<p><strong>halbgl\u00e4nzende Oberfl\u00e4che, leuchtende Farben<\/strong><\/p>\n<p><strong>Anzahl der Puzzleteile: 1000<\/strong><\/p>\n<p><strong>Empfohlenes Alter: 14+<\/strong><\/p>\n<p><strong>Warum solltest du dich f\u00fcr das 1000-teilige Candy-Puzzle mit hohem Schwierigkeitsgrad entscheiden?<\/strong><\/p>\n<p><span style=\"font-weight: 400\">Es ist eine gute Zeit f\u00fcr eine mentale Herausforderung.<\/span><\/p>\n<p><span style=\"font-weight: 400\">Du kreierst ein farbenfrohes Tableau, das, sobald es in deinem Zuhause ausgestellt ist, einem Ort, dem es an Pers\u00f6nlichkeit fehlt, Pers\u00f6nlichkeit verleihen kann.<\/span><\/p>\n<p><span style=\"font-weight: 400\">Du wirst ein R\u00e4tselexperte.<\/span><\/p>\n<p><span style=\"font-weight: 400\">Es ist eine M\u00f6glichkeit, Stress abzubauen und stundenlang in sich zu gehen.<\/span><\/p>\n<p><span style=\"font-weight: 400\">Es gibt dir ein Gef\u00fchl von Ruhe, Zufriedenheit und Optimismus.<\/span><\/p>\n<p><span style=\"font-weight: 400\">Es kann eine gute Gelegenheit sein, Zeit mit Kindern oder Freunden zu verbringen <\/span><\/p>\n<p><strong>Wusstest du, dass Puzzlespiele..<\/strong><\/p>\n<p><span style=\"font-weight: 400\">Sie bieten dir viele intellektuelle Vorteile. Puzzeln ist wie ein Besuch im Fitnessstudio: Du gibst deinem Gehirn ein komplettes Workout und am Ende ist es erfrischt und voller Energie <\/span><\/p>\n<p><span style=\"font-weight: 400\">Die Forschung zeigt, dass Puzzlespiele die Gehirnaktivit\u00e4t anregen und gleichzeitig f\u00fcr mentale Entspannung sorgen. Au\u00dferdem f\u00fchrt es zu einer erh\u00f6hten Produktion von Dopamin, einem Neurotransmitter, der eine Rolle bei der geistigen Aktivit\u00e4t spielt und die Stimmung verbessert. Puzzlespiele mit hohem Schwierigkeitsgrad helfen dir also dabei:<\/span><\/p>\n<p><span style=\"font-weight: 400\">Verbessere dein Ged\u00e4chtnis.<\/span><\/p>\n<p><span style=\"font-weight: 400\">So kannst du dich l\u00e4nger auf eine bestimmte Aufgabe konzentrieren.<\/span><\/p>\n<p><span style=\"font-weight: 400\">Lebe in der Gegenwart.<\/span><\/p>\n<p><span style=\"font-weight: 400\">Stress abbauen und \u00c4ngste bew\u00e4ltigen.<\/span><\/p>\n<p><strong>1000 Teile S\u00fc\u00dfigkeiten-Puzzle &#8211; Geselligkeit und gute Laune<\/strong><\/p>\n<p><span style=\"font-weight: 400\">Wie s\u00fc\u00dfe Leckerbissen lassen sich auch schwierige R\u00e4tsel in der Gesellschaft von geliebten Menschen am besten genie\u00dfen. Fordere also deine Freunde oder sogar deine Kinder im Teenageralter heraus, die richtige S\u00fc\u00dfigkeit f\u00fcr jeden Bereich im Bild zu finden.<\/span><\/p>\n<p><span style=\"font-weight: 400\">Backe einen leckeren Kuchen f\u00fcr das Finale. Du wirst es dir redlich verdienen und es ist eine sch\u00f6ne Art, dar\u00fcber zu sprechen, wie ihr als Team an einem farbenfrohen und herausfordernden Bild gearbeitet habt. Du kannst die Details f\u00fcr ein zuk\u00fcnftiges Erlebnis in Gesellschaft eines anderen Modells aus der Sammlung der Puzzlespiele mit hohem Schwierigkeitsgrad festlegen.<\/span><\/p>\n<p><span style=\"font-weight: 400\">Dieses 1000-teilige Puzzle mit hohem Schwierigkeitsgrad ist daher eine perfekte Gelegenheit, um in Ruhe viele angenehme und entspannende Stunden zu verbringen, aber auch eine gute Gelegenheit, um sich mit seinen Lieben zu unterhalten und Spa\u00df zu haben <\/span><\/p>\n<p><span style=\"font-weight: 400\">Kaufe das 1000-teilige Candy-Puzzle aus der High Difficulty-Kollektion und behalte es im Haus, um es immer wieder neu zu erstellen, wenn du Lust auf eine kreative Herausforderung hast <\/span><\/p><\/p>\n","protected":false},"excerpt":{"rendered":"<p>Du hast eine Leidenschaft f\u00fcr R\u00e4tsel f\u00fcr Erwachsene und bist bereit f\u00fcr eine gro\u00dfe Herausforderung? Das 1000-teilige High Difficulty \/<\/p>\n","protected":false},"featured_media":34866,"template":"","meta":[],"product_brand":[],"product_cat":[1916,1875,1915],"product_tag":[],"class_list":{"0":"post-41838","1":"product","2":"type-product","3":"status-publish","4":"has-post-thumbnail","6":"product_cat-1000-teile-puzzle","7":"product_cat-puzzle-de","8":"product_cat-puzzlespiele-fur-erwachsene","9":"pa_bax-10-de","10":"pa_brand-d_toys-de","11":"pa_country_of_manufacture-ro-de","12":"pa_filter_age-14-de","13":"pa_painter-high-difficulty","14":"pa_tip_ambalaj-kasten-a4-de","15":"pa_tip_puzzle-klassisch","17":"first","18":"instock","19":"taxable","20":"shipping-taxable","21":"product-type-simple"},"yoast_head":"<!-- This site is optimized with the Yoast SEO plugin v20.1 - https:\/\/yoast.com\/wordpress\/plugins\/seo\/ -->\n<title>Adult 1000 pieces High Difficulty Puzzle - Candy<\/title>\n<meta name=\"description\" content=\"Adult 1000 pieces High Difficulty Puzzle - Candy\" \/>\n<meta name=\"robots\" content=\"index, follow, max-snippet:-1, max-image-preview:large, max-video-preview:-1\" \/>\n<link rel=\"canonical\" href=\"https:\/\/business.roovi.com\/de\/adult-1000-pieces-high-difficulty-puzzle-candy\/p\/\" \/>\n<meta property=\"og:locale\" content=\"de_DE\" \/>\n<meta property=\"og:type\" content=\"article\" \/>\n<meta property=\"og:title\" content=\"Adult 1000 pieces High Difficulty Puzzle - Candy\" \/>\n<meta property=\"og:description\" content=\"Adult 1000 pieces High Difficulty Puzzle - Candy\" \/>\n<meta property=\"og:url\" content=\"https:\/\/business.roovi.com\/de\/adult-1000-pieces-high-difficulty-puzzle-candy\/p\/\" \/>\n<meta property=\"og:site_name\" content=\"Roovi B2B\" \/>\n<meta property=\"article:publisher\" content=\"https:\/\/www.facebook.com\/wwwjucariero\" \/>\n<meta property=\"article:modified_time\" content=\"2022-07-06T18:09:12+00:00\" \/>\n<meta property=\"og:image\" content=\"https:\/\/business.roovi.com\/wp-content\/uploads\/2018\/04\/71958-02-ansamblu_dimensiuni-cutie-cm_orizontal.png\" \/>\n\t<meta property=\"og:image:width\" content=\"800\" \/>\n\t<meta property=\"og:image:height\" content=\"800\" \/>\n\t<meta property=\"og:image:type\" content=\"image\/png\" \/>\n<meta name=\"twitter:label1\" content=\"Gesch\u00e4tzte Lesezeit\" \/>\n\t<meta name=\"twitter:data1\" content=\"3\u00a0Minuten\" \/>\n<script type=\"application\/ld+json\" class=\"yoast-schema-graph\">{\"@context\":\"https:\/\/schema.org\",\"@graph\":[{\"@type\":\"WebPage\",\"@id\":\"https:\/\/business.roovi.com\/de\/adult-1000-pieces-high-difficulty-puzzle-candy\/p\/\",\"url\":\"https:\/\/business.roovi.com\/de\/adult-1000-pieces-high-difficulty-puzzle-candy\/p\/\",\"name\":\"Adult 1000 pieces High Difficulty Puzzle - Candy\",\"isPartOf\":{\"@id\":\"https:\/\/business.roovi.com\/de\/#website\"},\"datePublished\":\"2018-04-16T10:56:17+00:00\",\"dateModified\":\"2022-07-06T18:09:12+00:00\",\"description\":\"Adult 1000 pieces High Difficulty Puzzle - Candy\",\"breadcrumb\":{\"@id\":\"https:\/\/business.roovi.com\/de\/adult-1000-pieces-high-difficulty-puzzle-candy\/p\/#breadcrumb\"},\"inLanguage\":\"de\",\"potentialAction\":[{\"@type\":\"ReadAction\",\"target\":[\"https:\/\/business.roovi.com\/de\/adult-1000-pieces-high-difficulty-puzzle-candy\/p\/\"]}]},{\"@type\":\"BreadcrumbList\",\"@id\":\"https:\/\/business.roovi.com\/de\/adult-1000-pieces-high-difficulty-puzzle-candy\/p\/#breadcrumb\",\"itemListElement\":[{\"@type\":\"ListItem\",\"position\":1,\"name\":\"Home\",\"item\":\"https:\/\/business.roovi.com\/de\/\"},{\"@type\":\"ListItem\",\"position\":2,\"name\":\"Shop\",\"item\":\"https:\/\/business.roovi.com\/de\/shop\/\"},{\"@type\":\"ListItem\",\"position\":3,\"name\":\"Adult 1000 pieces High Difficulty Puzzle &#8211; Candy\"}]},{\"@type\":\"WebSite\",\"@id\":\"https:\/\/business.roovi.com\/de\/#website\",\"url\":\"https:\/\/business.roovi.com\/de\/\",\"name\":\"Roovi B2B\",\"description\":\"Roovi Business Website\",\"potentialAction\":[{\"@type\":\"SearchAction\",\"target\":{\"@type\":\"EntryPoint\",\"urlTemplate\":\"https:\/\/business.roovi.com\/de\/?s={search_term_string}\"},\"query-input\":\"required name=search_term_string\"}],\"inLanguage\":\"de\"}]}<\/script>\n<!-- \/ Yoast SEO plugin. -->","yoast_head_json":{"title":"Adult 1000 pieces High Difficulty Puzzle - Candy","description":"Adult 1000 pieces High Difficulty Puzzle - Candy","robots":{"index":"index","follow":"follow","max-snippet":"max-snippet:-1","max-image-preview":"max-image-preview:large","max-video-preview":"max-video-preview:-1"},"canonical":"https:\/\/business.roovi.com\/de\/adult-1000-pieces-high-difficulty-puzzle-candy\/p\/","og_locale":"de_DE","og_type":"article","og_title":"Adult 1000 pieces High Difficulty Puzzle - Candy","og_description":"Adult 1000 pieces High Difficulty Puzzle - Candy","og_url":"https:\/\/business.roovi.com\/de\/adult-1000-pieces-high-difficulty-puzzle-candy\/p\/","og_site_name":"Roovi B2B","article_publisher":"https:\/\/www.facebook.com\/wwwjucariero","article_modified_time":"2022-07-06T18:09:12+00:00","og_image":[{"width":800,"height":800,"url":"https:\/\/business.roovi.com\/wp-content\/uploads\/2018\/04\/71958-02-ansamblu_dimensiuni-cutie-cm_orizontal.png","type":"image\/png"}],"twitter_misc":{"Gesch\u00e4tzte Lesezeit":"3\u00a0Minuten"},"schema":{"@context":"https:\/\/schema.org","@graph":[{"@type":"WebPage","@id":"https:\/\/business.roovi.com\/de\/adult-1000-pieces-high-difficulty-puzzle-candy\/p\/","url":"https:\/\/business.roovi.com\/de\/adult-1000-pieces-high-difficulty-puzzle-candy\/p\/","name":"Adult 1000 pieces High Difficulty Puzzle - Candy","isPartOf":{"@id":"https:\/\/business.roovi.com\/de\/#website"},"datePublished":"2018-04-16T10:56:17+00:00","dateModified":"2022-07-06T18:09:12+00:00","description":"Adult 1000 pieces High Difficulty Puzzle - Candy","breadcrumb":{"@id":"https:\/\/business.roovi.com\/de\/adult-1000-pieces-high-difficulty-puzzle-candy\/p\/#breadcrumb"},"inLanguage":"de","potentialAction":[{"@type":"ReadAction","target":["https:\/\/business.roovi.com\/de\/adult-1000-pieces-high-difficulty-puzzle-candy\/p\/"]}]},{"@type":"BreadcrumbList","@id":"https:\/\/business.roovi.com\/de\/adult-1000-pieces-high-difficulty-puzzle-candy\/p\/#breadcrumb","itemListElement":[{"@type":"ListItem","position":1,"name":"Home","item":"https:\/\/business.roovi.com\/de\/"},{"@type":"ListItem","position":2,"name":"Shop","item":"https:\/\/business.roovi.com\/de\/shop\/"},{"@type":"ListItem","position":3,"name":"Adult 1000 pieces High Difficulty Puzzle &#8211; Candy"}]},{"@type":"WebSite","@id":"https:\/\/business.roovi.com\/de\/#website","url":"https:\/\/business.roovi.com\/de\/","name":"Roovi B2B","description":"Roovi Business Website","potentialAction":[{"@type":"SearchAction","target":{"@type":"EntryPoint","urlTemplate":"https:\/\/business.roovi.com\/de\/?s={search_term_string}"},"query-input":"required name=search_term_string"}],"inLanguage":"de"}]}},"_links":{"self":[{"href":"https:\/\/business.roovi.com\/de\/wp-json\/wp\/v2\/product\/41838","targetHints":{"allow":["GET"]}}],"collection":[{"href":"https:\/\/business.roovi.com\/de\/wp-json\/wp\/v2\/product"}],"about":[{"href":"https:\/\/business.roovi.com\/de\/wp-json\/wp\/v2\/types\/product"}],"version-history":[{"count":0,"href":"https:\/\/business.roovi.com\/de\/wp-json\/wp\/v2\/product\/41838\/revisions"}],"wp:featuredmedia":[{"embeddable":true,"href":"https:\/\/business.roovi.com\/de\/wp-json\/wp\/v2\/media\/34866"}],"wp:attachment":[{"href":"https:\/\/business.roovi.com\/de\/wp-json\/wp\/v2\/media?parent=41838"}],"wp:term":[{"taxonomy":"product_brand","embeddable":true,"href":"https:\/\/business.roovi.com\/de\/wp-json\/wp\/v2\/product_brand?post=41838"},{"taxonomy":"product_cat","embeddable":true,"href":"https:\/\/business.roovi.com\/de\/wp-json\/wp\/v2\/product_cat?post=41838"},{"taxonomy":"product_tag","embeddable":true,"href":"https:\/\/business.roovi.com\/de\/wp-json\/wp\/v2\/product_tag?post=41838"}],"curies":[{"name":"wp","href":"https:\/\/api.w.org\/{rel}","templated":true}]}}