{"id":41842,"date":"2018-04-16T10:56:17","date_gmt":"2018-04-16T10:56:17","guid":{"rendered":"https:\/\/business.roovi.com\/puzzle-adulti-1000-piese-vintage-posters-coins\/p\/"},"modified":"2022-07-06T18:09:18","modified_gmt":"2022-07-06T18:09:18","slug":"adult-1000-pieces-vintage-posters-puzzle-coins","status":"publish","type":"product","link":"https:\/\/business.roovi.com\/de\/adult-1000-pieces-vintage-posters-puzzle-coins\/p\/","title":{"rendered":"Adult 1000 pieces Vintage Posters Puzzle &#8211; Coins"},"content":{"rendered":"<p><span style=\"font-weight: 400\">Bist du bereit, die Geduldsprobe zu bestehen? Wir haben f\u00fcr dich ein Puzzlespiel mit einem Bild von vielen, vielen alten M\u00fcnzen vorbereitet: das 1000 Teile Vintage Coins Puzzle. Es h\u00e4lt dich in Verbindung und bietet dir bis zu 30 Stunden kreativen Spa\u00df.<\/span><\/p>\n<p><span style=\"font-weight: 400\">Wenn du zu den Liebhabern von Puzzlespielen mit kleinen Details geh\u00f6rst, ist das 1000 Piece Coins \/ M\u00fcnzen-Puzzle aus der Vintage Puzzle-Kollektion definitiv eine Gelegenheit, deine Montagef\u00e4higkeiten zu \u00fcben.<\/span><\/p>\n<p><span style=\"font-weight: 400\">Oder vielleicht warst du schon als Kind von M\u00fcnzen fasziniert und hast sie gerne gesammelt. Bei einem Bild mit so vielen alten Teilen f\u00fchlst du dich wie der Sammler von damals, aber auch wie der K\u00fcnstler von heute, der 1000 Puzzleteile zusammensetzt und das faszinierendste Bild seines Lebens schafft.<\/span><\/p>\n<p><span style=\"font-weight: 400\">Du kannst einen normalen Couchtisch verwenden, um die Teile zu st\u00fctzen und sie zusammenzubauen. Die Gr\u00f6\u00dfe des rekonstruierten Bildes betr\u00e4gt 50 x 70 cm. Wenn du dich f\u00fcr immer an deine m\u00fchsame Arbeit erinnern willst, steck das Bild in einen Rahmen und stell es an einem Ort in deinem Zuhause auf, dem du Pers\u00f6nlichkeit verleihen willst.<\/span><\/p>\n<p><span style=\"font-weight: 400\">Mit 1000 Teilen Vintage-M\u00fcnzen-Puzzle:<\/span><\/p>\n<p><strong>Puzzle-Material <\/strong><\/p>\n<p><strong>hochwertiger blauer Karton<\/strong><\/p>\n<p><strong>nachhaltige, recycelbare Materialien<\/strong><\/p>\n<p><strong>halbgl\u00e4nzende Oberfl\u00e4che, leuchtende Farben<\/strong><\/p>\n<p><strong>Anzahl der Puzzleteile: 1000<\/strong><\/p>\n<p><strong>Empfohlenes Alter: 14+<\/strong><\/p>\n<p><span style=\"font-weight: 400\">Das 1000-teilige Puzzle mit alten M\u00fcnzen hilft dir, verschiedene F\u00e4higkeiten zu entwickeln, wie zum Beispiel:<\/span><\/p>\n<ul>\n<li><span style=\"font-weight: 400\">Kurzzeitged\u00e4chtnis.<\/span><\/li>\n<li><span style=\"font-weight: 400\">Geschicklichkeit und Koordination.<\/span><\/li>\n<li><span style=\"font-weight: 400\">Beharrlichkeit.<\/span><\/li>\n<li><span style=\"font-weight: 400\">Die F\u00e4higkeit, sich zu konzentrieren.<\/span><\/li>\n<li><span style=\"font-weight: 400\">Liebe zum Detail.<\/span><\/li>\n<li><span style=\"font-weight: 400\">Logisches Denken.<\/span><\/li>\n<li><span style=\"font-weight: 400\">F\u00e4higkeit, Probleme zu l\u00f6sen.<\/span><\/li>\n<\/ul>\n<p><strong>Wusstest du, dass&#8230;?<\/strong><\/p>\n<p><span style=\"font-weight: 400\">M\u00fcnzen wurden um das 6. oder 5. Jahrhundert v. Chr. als Zahlungsmittel eingef\u00fchrt, und ihre Erfindung ist immer noch geheimnisumwittert. Herodot schrieb sie den Lydiern zu, w\u00e4hrend Aristoteles behauptete, die ersten M\u00fcnzen seien in der Region Phrygien gepr\u00e4gt worden.<\/span><\/p>\n<p><span style=\"font-weight: 400\">Eine der teuersten M\u00fcnzen der Welt ist <\/span><span style=\"font-weight: 400\">&#8222;Flowing Hair&#8220;, ein Silberdollar aus dem Jahr 1794 im Wert von 10 Millionen Dollar.<\/span><\/p>\n<p><span style=\"font-weight: 400\">Das Pfund Sterling wurde im 8. Jahrhundert in Umlauf gebracht und ist die \u00e4lteste noch im Umlauf befindliche M\u00fcnze.<\/span><\/p>\n<p><span style=\"font-weight: 400\">Im Januar 2020 waren 135 Milliarden Euro-M\u00fcnzen im Umlauf <\/span><\/p>\n<p><strong>Das 1000-Teile-Puzzle f\u00fcr alte M\u00fcnzen macht aus einer m\u00fchsamen Aufgabe eine tolle Zeit<\/strong><\/p>\n<p><span style=\"font-weight: 400\">Das 1000 Teile alte M\u00fcnzen Puzzle kann auch eine gute Gelegenheit sein, in die ferne Geschichte der Menschheit einzutauchen und die Geheimnisse der ersten M\u00fcnzen zu erfahren, die auf den Markt kamen. Damit die Arbeit an diesem Bild schneller geht, kannst du deine Kinder auch in das Puzzlespiel einbeziehen. Bereite so viele Informationen \u00fcber M\u00fcnzen wie m\u00f6glich vor und erz\u00e4hle gemeinsam die Geschichte des Geldes <\/span><\/p>\n<p><span style=\"font-weight: 400\">Geld ist zu jeder Zeit ein hei\u00dfes Thema und je fr\u00fcher du deinen Kindern davon erz\u00e4hlst, desto eher werden sie seinen Wert verstehen. Die Kombination aus Puzzlespiel und Geldgespr\u00e4ch ist eine Gelegenheit, Spa\u00df zu haben und zu lernen.<\/span><\/p>\n<p><span style=\"font-weight: 400\">W\u00e4hle das 1000-teilige Puzzle mit alten M\u00fcnzen aus der Vintage-Puzzle-Kollektion und trainiere deinen Geist auf unterhaltsame und kreative Weise. Wenn du einen Freund oder eine Freundin herausfordern willst, um seine oder ihre Geduld und Detailgenauigkeit zu testen, ist dieses Puzzlespiel das perfekte Geschenk.<\/span><\/p><\/p>\n","protected":false},"excerpt":{"rendered":"<p>Bist du bereit, die Geduldsprobe zu bestehen? Wir haben f\u00fcr dich ein Puzzlespiel mit einem Bild von vielen, vielen alten<\/p>\n","protected":false},"featured_media":34880,"template":"","meta":[],"product_brand":[],"product_cat":[1916,1875,1915],"product_tag":[],"class_list":{"0":"post-41842","1":"product","2":"type-product","3":"status-publish","4":"has-post-thumbnail","6":"product_cat-1000-teile-puzzle","7":"product_cat-puzzle-de","8":"product_cat-puzzlespiele-fur-erwachsene","9":"pa_bax-10-de","10":"pa_brand-d_toys-de","11":"pa_country_of_manufacture-ro-de","12":"pa_filter_age-14-de","13":"pa_painter-vintage-posters","14":"pa_tip_ambalaj-kasten-a4-de","15":"pa_tip_puzzle-klassisch","17":"first","18":"instock","19":"taxable","20":"shipping-taxable","21":"product-type-simple"},"yoast_head":"<!-- This site is optimized with the Yoast SEO plugin v20.1 - https:\/\/yoast.com\/wordpress\/plugins\/seo\/ -->\n<title>Adult 1000 pieces Vintage Posters Puzzle - Coins<\/title>\n<meta name=\"description\" content=\"Adult 1000 pieces Vintage Posters Puzzle - Coins\" \/>\n<meta name=\"robots\" content=\"index, follow, max-snippet:-1, max-image-preview:large, max-video-preview:-1\" \/>\n<link rel=\"canonical\" href=\"https:\/\/business.roovi.com\/de\/adult-1000-pieces-vintage-posters-puzzle-coins\/p\/\" \/>\n<meta property=\"og:locale\" content=\"de_DE\" \/>\n<meta property=\"og:type\" content=\"article\" \/>\n<meta property=\"og:title\" content=\"Adult 1000 pieces Vintage Posters Puzzle - Coins\" \/>\n<meta property=\"og:description\" content=\"Adult 1000 pieces Vintage Posters Puzzle - Coins\" \/>\n<meta property=\"og:url\" content=\"https:\/\/business.roovi.com\/de\/adult-1000-pieces-vintage-posters-puzzle-coins\/p\/\" \/>\n<meta property=\"og:site_name\" content=\"Roovi B2B\" \/>\n<meta property=\"article:publisher\" content=\"https:\/\/www.facebook.com\/wwwjucariero\" \/>\n<meta property=\"article:modified_time\" content=\"2022-07-06T18:09:18+00:00\" \/>\n<meta property=\"og:image\" content=\"https:\/\/business.roovi.com\/wp-content\/uploads\/2018\/04\/67555-13_ansamblu_dimensiuni_cutie_cm_orizontal_1200x1200.png\" \/>\n\t<meta property=\"og:image:width\" content=\"1200\" \/>\n\t<meta property=\"og:image:height\" content=\"1200\" \/>\n\t<meta property=\"og:image:type\" content=\"image\/png\" \/>\n<meta name=\"twitter:label1\" content=\"Gesch\u00e4tzte Lesezeit\" \/>\n\t<meta name=\"twitter:data1\" content=\"3\u00a0Minuten\" \/>\n<script type=\"application\/ld+json\" class=\"yoast-schema-graph\">{\"@context\":\"https:\/\/schema.org\",\"@graph\":[{\"@type\":\"WebPage\",\"@id\":\"https:\/\/business.roovi.com\/de\/adult-1000-pieces-vintage-posters-puzzle-coins\/p\/\",\"url\":\"https:\/\/business.roovi.com\/de\/adult-1000-pieces-vintage-posters-puzzle-coins\/p\/\",\"name\":\"Adult 1000 pieces Vintage Posters Puzzle - Coins\",\"isPartOf\":{\"@id\":\"https:\/\/business.roovi.com\/de\/#website\"},\"datePublished\":\"2018-04-16T10:56:17+00:00\",\"dateModified\":\"2022-07-06T18:09:18+00:00\",\"description\":\"Adult 1000 pieces Vintage Posters Puzzle - Coins\",\"breadcrumb\":{\"@id\":\"https:\/\/business.roovi.com\/de\/adult-1000-pieces-vintage-posters-puzzle-coins\/p\/#breadcrumb\"},\"inLanguage\":\"de\",\"potentialAction\":[{\"@type\":\"ReadAction\",\"target\":[\"https:\/\/business.roovi.com\/de\/adult-1000-pieces-vintage-posters-puzzle-coins\/p\/\"]}]},{\"@type\":\"BreadcrumbList\",\"@id\":\"https:\/\/business.roovi.com\/de\/adult-1000-pieces-vintage-posters-puzzle-coins\/p\/#breadcrumb\",\"itemListElement\":[{\"@type\":\"ListItem\",\"position\":1,\"name\":\"Home\",\"item\":\"https:\/\/business.roovi.com\/de\/\"},{\"@type\":\"ListItem\",\"position\":2,\"name\":\"Shop\",\"item\":\"https:\/\/business.roovi.com\/de\/shop\/\"},{\"@type\":\"ListItem\",\"position\":3,\"name\":\"Adult 1000 pieces Vintage Posters Puzzle &#8211; Coins\"}]},{\"@type\":\"WebSite\",\"@id\":\"https:\/\/business.roovi.com\/de\/#website\",\"url\":\"https:\/\/business.roovi.com\/de\/\",\"name\":\"Roovi B2B\",\"description\":\"Roovi Business Website\",\"potentialAction\":[{\"@type\":\"SearchAction\",\"target\":{\"@type\":\"EntryPoint\",\"urlTemplate\":\"https:\/\/business.roovi.com\/de\/?s={search_term_string}\"},\"query-input\":\"required name=search_term_string\"}],\"inLanguage\":\"de\"}]}<\/script>\n<!-- \/ Yoast SEO plugin. -->","yoast_head_json":{"title":"Adult 1000 pieces Vintage Posters Puzzle - Coins","description":"Adult 1000 pieces Vintage Posters Puzzle - Coins","robots":{"index":"index","follow":"follow","max-snippet":"max-snippet:-1","max-image-preview":"max-image-preview:large","max-video-preview":"max-video-preview:-1"},"canonical":"https:\/\/business.roovi.com\/de\/adult-1000-pieces-vintage-posters-puzzle-coins\/p\/","og_locale":"de_DE","og_type":"article","og_title":"Adult 1000 pieces Vintage Posters Puzzle - Coins","og_description":"Adult 1000 pieces Vintage Posters Puzzle - Coins","og_url":"https:\/\/business.roovi.com\/de\/adult-1000-pieces-vintage-posters-puzzle-coins\/p\/","og_site_name":"Roovi B2B","article_publisher":"https:\/\/www.facebook.com\/wwwjucariero","article_modified_time":"2022-07-06T18:09:18+00:00","og_image":[{"width":1200,"height":1200,"url":"https:\/\/business.roovi.com\/wp-content\/uploads\/2018\/04\/67555-13_ansamblu_dimensiuni_cutie_cm_orizontal_1200x1200.png","type":"image\/png"}],"twitter_misc":{"Gesch\u00e4tzte Lesezeit":"3\u00a0Minuten"},"schema":{"@context":"https:\/\/schema.org","@graph":[{"@type":"WebPage","@id":"https:\/\/business.roovi.com\/de\/adult-1000-pieces-vintage-posters-puzzle-coins\/p\/","url":"https:\/\/business.roovi.com\/de\/adult-1000-pieces-vintage-posters-puzzle-coins\/p\/","name":"Adult 1000 pieces Vintage Posters Puzzle - Coins","isPartOf":{"@id":"https:\/\/business.roovi.com\/de\/#website"},"datePublished":"2018-04-16T10:56:17+00:00","dateModified":"2022-07-06T18:09:18+00:00","description":"Adult 1000 pieces Vintage Posters Puzzle - Coins","breadcrumb":{"@id":"https:\/\/business.roovi.com\/de\/adult-1000-pieces-vintage-posters-puzzle-coins\/p\/#breadcrumb"},"inLanguage":"de","potentialAction":[{"@type":"ReadAction","target":["https:\/\/business.roovi.com\/de\/adult-1000-pieces-vintage-posters-puzzle-coins\/p\/"]}]},{"@type":"BreadcrumbList","@id":"https:\/\/business.roovi.com\/de\/adult-1000-pieces-vintage-posters-puzzle-coins\/p\/#breadcrumb","itemListElement":[{"@type":"ListItem","position":1,"name":"Home","item":"https:\/\/business.roovi.com\/de\/"},{"@type":"ListItem","position":2,"name":"Shop","item":"https:\/\/business.roovi.com\/de\/shop\/"},{"@type":"ListItem","position":3,"name":"Adult 1000 pieces Vintage Posters Puzzle &#8211; Coins"}]},{"@type":"WebSite","@id":"https:\/\/business.roovi.com\/de\/#website","url":"https:\/\/business.roovi.com\/de\/","name":"Roovi B2B","description":"Roovi Business Website","potentialAction":[{"@type":"SearchAction","target":{"@type":"EntryPoint","urlTemplate":"https:\/\/business.roovi.com\/de\/?s={search_term_string}"},"query-input":"required name=search_term_string"}],"inLanguage":"de"}]}},"_links":{"self":[{"href":"https:\/\/business.roovi.com\/de\/wp-json\/wp\/v2\/product\/41842","targetHints":{"allow":["GET"]}}],"collection":[{"href":"https:\/\/business.roovi.com\/de\/wp-json\/wp\/v2\/product"}],"about":[{"href":"https:\/\/business.roovi.com\/de\/wp-json\/wp\/v2\/types\/product"}],"version-history":[{"count":0,"href":"https:\/\/business.roovi.com\/de\/wp-json\/wp\/v2\/product\/41842\/revisions"}],"wp:featuredmedia":[{"embeddable":true,"href":"https:\/\/business.roovi.com\/de\/wp-json\/wp\/v2\/media\/34880"}],"wp:attachment":[{"href":"https:\/\/business.roovi.com\/de\/wp-json\/wp\/v2\/media?parent=41842"}],"wp:term":[{"taxonomy":"product_brand","embeddable":true,"href":"https:\/\/business.roovi.com\/de\/wp-json\/wp\/v2\/product_brand?post=41842"},{"taxonomy":"product_cat","embeddable":true,"href":"https:\/\/business.roovi.com\/de\/wp-json\/wp\/v2\/product_cat?post=41842"},{"taxonomy":"product_tag","embeddable":true,"href":"https:\/\/business.roovi.com\/de\/wp-json\/wp\/v2\/product_tag?post=41842"}],"curies":[{"name":"wp","href":"https:\/\/api.w.org\/{rel}","templated":true}]}}