{"id":41862,"date":"2018-04-16T10:56:17","date_gmt":"2018-04-16T10:56:17","guid":{"rendered":"https:\/\/business.roovi.com\/puzzle-1000-piese-imagini-din-romania-castelul-corvinilor-hunedoara-ziua\/p\/"},"modified":"2022-07-06T18:09:42","modified_gmt":"2022-07-06T18:09:42","slug":"puzzle-1000-teile-bilder-aus-rumanien-corvinilor-schloss-hunedoara-tag","status":"publish","type":"product","link":"https:\/\/business.roovi.com\/de\/puzzle-1000-teile-bilder-aus-rumanien-corvinilor-schloss-hunedoara-tag\/p\/","title":{"rendered":"Puzzle 1000 Teile &#8211; Bilder aus Rum\u00e4nien &#8211; Corvinilor Schloss Hunedoara Tag"},"content":{"rendered":"<p><span style=\"font-weight: 400\">Die Festung von Hunedoara oder Burg Corvin gilt als das gr\u00f6\u00dfte mittelalterliche Bauwerk in S\u00fcdosteuropa und als eines der wichtigsten gotischen Denkm\u00e4ler in Rum\u00e4nien <\/span><\/p>\n<p><span style=\"font-weight: 400\">Die Burg Corvinilor ist ein imposantes Bauwerk, das sowohl durch seine Gr\u00f6\u00dfe als auch durch seinen harmonischen architektonischen Stil beeindruckt, der mehrere Epochen des gotischen Stils durchl\u00e4uft, ein Zeichen f\u00fcr den Bau in mehreren Etappen, \u00fcber mehrere Zeitr\u00e4ume hinweg <\/span><\/p>\n<p><span style=\"font-weight: 400\">Die Urspr\u00fcnge des ersten Baus gehen auf das 14. Jahrhundert zur\u00fcck, aber erst im 15. Jahrhundert begann die Burg Gestalt anzunehmen, w\u00e4hrend der Herrschaft von Iancu de Hunedoara, der beschloss, eine Festung auf der alten Verteidigungsanlage zu errichten. Sp\u00e4ter wurde die Burg von Corvinus die Residenz von Matthias Corvinus, dem Sohn von Iancu von Hunedoara und K\u00f6nig von Ungarn <\/span><\/p>\n<p><span style=\"font-weight: 400\">Mit Hilfe eines 1000-teiligen Puzzles kannst du die beeindruckenden Details entdecken, die die Burg Corvin in die Top 10 der sch\u00f6nsten M\u00e4rchenziele Europas gebracht haben und als eine der sch\u00f6nsten Burgen der Welt gelten <\/span><\/p>\n<p><span style=\"font-weight: 400\">Mit jedem perfekt passenden Puzzleteil kannst du die beeindruckenden gotischen T\u00fcrme, die mit Pylonen errichtete Br\u00fccke oder die massiven Burgmauern auf dem Felsen umrei\u00dfen, und das Endergebnis wird eine wohlverdiente Belohnung sein <\/span><\/p>\n<h2><span style=\"font-weight: 400\">Warum ein 1000-teiliges Puzzle f\u00fcr Erwachsene w\u00e4hlen Bilder aus Rum\u00e4nien<\/span><\/h2>\n<ul>\n<li><span style=\"font-weight: 400\">Ein Puzzle ist eine entspannende Art, die Sch\u00f6nheit und Einzigartigkeit von weltber\u00fchmten Sehensw\u00fcrdigkeiten und ber\u00fchmten Legenden zu entdecken.<\/span><\/li>\n<li><span style=\"font-weight: 400\">Am Ende bekommst du ein faszinierendes Bild von der Burg Corvin, das du leicht in ein Gem\u00e4lde verwandeln kannst <\/span><\/li>\n<li><span style=\"font-weight: 400\">Mit einer Gr\u00f6\u00dfe von 68 x 47 cm ist dieses Puzzle gro\u00df genug, um ein dekoratives Herzst\u00fcck oder Teil einer pers\u00f6nlichen Sammlung zu werden.<\/span><\/li>\n<li><span style=\"font-weight: 400\">Er ist ab 14 Jahren geeignet und hat einen mittleren Grad an Komplexit\u00e4t <\/span><\/li>\n<li><span style=\"font-weight: 400\">Die Teile sind aus sehr hochwertigem, haltbarem Karton gefertigt, sodass das Bild mehrmals zusammengebaut werden kann, ohne dass die Teile besch\u00e4digt werden.<\/span><\/li>\n<li><span style=\"font-weight: 400\">F\u00fcr die Herstellung jedes Puzzles verwenden wir recycelbare und nachhaltige Materialien.<\/span><\/li>\n<li><span style=\"font-weight: 400\">Die angenehme, halbgl\u00e4nzende Oberfl\u00e4che hebt die lebendigen Farben hervor und verleiht dem Bild Klarheit.<\/span><\/li>\n<li><span style=\"font-weight: 400\">Puzzlespiele sind ein wertvolles Denksportprogramm, das beide Gehirnh\u00e4lften anspricht und das Ged\u00e4chtnis verbessert.<\/span><\/li>\n<li><span style=\"font-weight: 400\">Es ist eine unterhaltsame Art, Koordination, Motorik und Geschicklichkeit in jedem Alter zu trainieren und zu erhalten.<\/span><\/li>\n<li><span style=\"font-weight: 400\">Es erh\u00f6ht die Aufmerksamkeit f\u00fcr Details und die Konzentration.<\/span><\/li>\n<\/ul>\n<h2><span style=\"font-weight: 400\">Wusstest du, dass..<\/span><\/h2>\n<p><span style=\"font-weight: 400\">Der Name der Corvins ist eng mit einer Legende verbunden, die besagt, dass Ioan de Hunedoara der uneheliche Sohn von Sigismund von Luxemburg, dem K\u00f6nig von Ungarn, war, der seiner Mutter einen goldenen Ring schenkte, mit dem Iancu sp\u00e4ter am k\u00f6niglichen Hof anerkannt werden sollte <\/span><\/p>\n<p><span style=\"font-weight: 400\">W\u00e4hrend einer Dinnerparty stiehlt ein Rabe den Ring, angezogen von seinem Glanz, und Iancu von Hunedoara, damals noch ein Kind, t\u00f6tet den Raben mit einem Pfeil und holt den Ring zur\u00fcck <\/span><\/p>\n<p><span style=\"font-weight: 400\">Sp\u00e4ter wird das Bild des Raben mit dem goldenen Ring in seiner Schnauze zum Wappen der Corvins, als Symbol f\u00fcr Mut und Tapferkeit <\/span><\/p>\n<h2><span style=\"font-weight: 400\">1000 Teile Puzzle f\u00fcr Erwachsene &#8211; Stunden der Entspannung und Erholung<\/span><\/h2>\n<p><span style=\"font-weight: 400\"><\/span><\/p>\n<p><span style=\"font-weight: 400\">Entdecke die Burg Corvin mit einem 1000-Teile-Puzzle und genie\u00dfe ein paar Stunden kreative Entspannung, w\u00e4hrend du die richtigen Teile findest, um das Bild zu vervollst\u00e4ndigen <\/span><\/p>\n<p><span style=\"font-weight: 400\">Au\u00dferdem ist das Zusammensetzen eines Puzzles mit Bildern aus Rum\u00e4nien eine sehr unterhaltsame Aktivit\u00e4t, um dich mit deinen Urspr\u00fcngen zu verbinden. Eine Reise in unsere lange und turbulente Geschichte, bei der du beeindruckende Details und Denkm\u00e4ler entdecken kannst, w\u00e4hrend du dich entspannst und von der Hektik des Alltags abschaltest.<\/span><\/p>\n<p><span style=\"font-weight: 400\"> <\/span><\/p>\n","protected":false},"excerpt":{"rendered":"<p>Die Festung von Hunedoara oder Burg Corvin gilt als das gr\u00f6\u00dfte mittelalterliche Bauwerk in S\u00fcdosteuropa und als eines der wichtigsten<\/p>\n","protected":false},"featured_media":34908,"template":"","meta":[],"product_brand":[],"product_cat":[1916,1875,1915],"product_tag":[],"class_list":{"0":"post-41862","1":"product","2":"type-product","3":"status-publish","4":"has-post-thumbnail","6":"product_cat-1000-teile-puzzle","7":"product_cat-puzzle-de","8":"product_cat-puzzlespiele-fur-erwachsene","9":"pa_bax-10-de","10":"pa_brand-d_toys-de","11":"pa_country_of_manufacture-ro-de","12":"pa_filter_age-14-de","13":"pa_painter-romania-de","14":"pa_tip_ambalaj-kasten-a4-de","15":"pa_tip_puzzle-klassisch","17":"first","18":"instock","19":"taxable","20":"shipping-taxable","21":"product-type-simple"},"yoast_head":"<!-- This site is optimized with the Yoast SEO plugin v20.1 - https:\/\/yoast.com\/wordpress\/plugins\/seo\/ -->\n<title>Puzzle 1000 Teile - Bilder aus Rum\u00e4nien - Corvinilor Schloss Hunedoara Tag<\/title>\n<meta name=\"description\" content=\"Puzzle 1000 Teile - Bilder aus Rum\u00e4nien - Corvinilor Schloss Hunedoara Tag\" \/>\n<meta name=\"robots\" content=\"index, follow, max-snippet:-1, max-image-preview:large, max-video-preview:-1\" \/>\n<link rel=\"canonical\" href=\"https:\/\/business.roovi.com\/de\/puzzle-1000-teile-bilder-aus-rumanien-corvinilor-schloss-hunedoara-tag\/p\/\" \/>\n<meta property=\"og:locale\" content=\"de_DE\" \/>\n<meta property=\"og:type\" content=\"article\" \/>\n<meta property=\"og:title\" content=\"Puzzle 1000 Teile - Bilder aus Rum\u00e4nien - Corvinilor Schloss Hunedoara Tag\" \/>\n<meta property=\"og:description\" content=\"Puzzle 1000 Teile - Bilder aus Rum\u00e4nien - Corvinilor Schloss Hunedoara Tag\" \/>\n<meta property=\"og:url\" content=\"https:\/\/business.roovi.com\/de\/puzzle-1000-teile-bilder-aus-rumanien-corvinilor-schloss-hunedoara-tag\/p\/\" \/>\n<meta property=\"og:site_name\" content=\"Roovi B2B\" \/>\n<meta property=\"article:publisher\" content=\"https:\/\/www.facebook.com\/wwwjucariero\" \/>\n<meta property=\"article:modified_time\" content=\"2022-07-06T18:09:42+00:00\" \/>\n<meta property=\"og:image\" content=\"https:\/\/business.roovi.com\/wp-content\/uploads\/2018\/04\/63038_12.jpg\" \/>\n\t<meta property=\"og:image:width\" content=\"1200\" \/>\n\t<meta property=\"og:image:height\" content=\"1200\" \/>\n\t<meta property=\"og:image:type\" content=\"image\/jpeg\" \/>\n<meta name=\"twitter:label1\" content=\"Gesch\u00e4tzte Lesezeit\" \/>\n\t<meta name=\"twitter:data1\" content=\"3\u00a0Minuten\" \/>\n<script type=\"application\/ld+json\" class=\"yoast-schema-graph\">{\"@context\":\"https:\/\/schema.org\",\"@graph\":[{\"@type\":\"WebPage\",\"@id\":\"https:\/\/business.roovi.com\/de\/puzzle-1000-teile-bilder-aus-rumanien-corvinilor-schloss-hunedoara-tag\/p\/\",\"url\":\"https:\/\/business.roovi.com\/de\/puzzle-1000-teile-bilder-aus-rumanien-corvinilor-schloss-hunedoara-tag\/p\/\",\"name\":\"Puzzle 1000 Teile - Bilder aus Rum\u00e4nien - Corvinilor Schloss Hunedoara Tag\",\"isPartOf\":{\"@id\":\"https:\/\/business.roovi.com\/de\/#website\"},\"datePublished\":\"2018-04-16T10:56:17+00:00\",\"dateModified\":\"2022-07-06T18:09:42+00:00\",\"description\":\"Puzzle 1000 Teile - Bilder aus Rum\u00e4nien - Corvinilor Schloss Hunedoara Tag\",\"breadcrumb\":{\"@id\":\"https:\/\/business.roovi.com\/de\/puzzle-1000-teile-bilder-aus-rumanien-corvinilor-schloss-hunedoara-tag\/p\/#breadcrumb\"},\"inLanguage\":\"de\",\"potentialAction\":[{\"@type\":\"ReadAction\",\"target\":[\"https:\/\/business.roovi.com\/de\/puzzle-1000-teile-bilder-aus-rumanien-corvinilor-schloss-hunedoara-tag\/p\/\"]}]},{\"@type\":\"BreadcrumbList\",\"@id\":\"https:\/\/business.roovi.com\/de\/puzzle-1000-teile-bilder-aus-rumanien-corvinilor-schloss-hunedoara-tag\/p\/#breadcrumb\",\"itemListElement\":[{\"@type\":\"ListItem\",\"position\":1,\"name\":\"Home\",\"item\":\"https:\/\/business.roovi.com\/de\/\"},{\"@type\":\"ListItem\",\"position\":2,\"name\":\"Shop\",\"item\":\"https:\/\/business.roovi.com\/de\/shop\/\"},{\"@type\":\"ListItem\",\"position\":3,\"name\":\"Puzzle 1000 Teile &#8211; Bilder aus Rum\u00e4nien &#8211; Corvinilor Schloss Hunedoara Tag\"}]},{\"@type\":\"WebSite\",\"@id\":\"https:\/\/business.roovi.com\/de\/#website\",\"url\":\"https:\/\/business.roovi.com\/de\/\",\"name\":\"Roovi B2B\",\"description\":\"Roovi Business Website\",\"potentialAction\":[{\"@type\":\"SearchAction\",\"target\":{\"@type\":\"EntryPoint\",\"urlTemplate\":\"https:\/\/business.roovi.com\/de\/?s={search_term_string}\"},\"query-input\":\"required name=search_term_string\"}],\"inLanguage\":\"de\"}]}<\/script>\n<!-- \/ Yoast SEO plugin. -->","yoast_head_json":{"title":"Puzzle 1000 Teile - Bilder aus Rum\u00e4nien - Corvinilor Schloss Hunedoara Tag","description":"Puzzle 1000 Teile - Bilder aus Rum\u00e4nien - Corvinilor Schloss Hunedoara Tag","robots":{"index":"index","follow":"follow","max-snippet":"max-snippet:-1","max-image-preview":"max-image-preview:large","max-video-preview":"max-video-preview:-1"},"canonical":"https:\/\/business.roovi.com\/de\/puzzle-1000-teile-bilder-aus-rumanien-corvinilor-schloss-hunedoara-tag\/p\/","og_locale":"de_DE","og_type":"article","og_title":"Puzzle 1000 Teile - Bilder aus Rum\u00e4nien - Corvinilor Schloss Hunedoara Tag","og_description":"Puzzle 1000 Teile - Bilder aus Rum\u00e4nien - Corvinilor Schloss Hunedoara Tag","og_url":"https:\/\/business.roovi.com\/de\/puzzle-1000-teile-bilder-aus-rumanien-corvinilor-schloss-hunedoara-tag\/p\/","og_site_name":"Roovi B2B","article_publisher":"https:\/\/www.facebook.com\/wwwjucariero","article_modified_time":"2022-07-06T18:09:42+00:00","og_image":[{"width":1200,"height":1200,"url":"https:\/\/business.roovi.com\/wp-content\/uploads\/2018\/04\/63038_12.jpg","type":"image\/jpeg"}],"twitter_misc":{"Gesch\u00e4tzte Lesezeit":"3\u00a0Minuten"},"schema":{"@context":"https:\/\/schema.org","@graph":[{"@type":"WebPage","@id":"https:\/\/business.roovi.com\/de\/puzzle-1000-teile-bilder-aus-rumanien-corvinilor-schloss-hunedoara-tag\/p\/","url":"https:\/\/business.roovi.com\/de\/puzzle-1000-teile-bilder-aus-rumanien-corvinilor-schloss-hunedoara-tag\/p\/","name":"Puzzle 1000 Teile - Bilder aus Rum\u00e4nien - Corvinilor Schloss Hunedoara Tag","isPartOf":{"@id":"https:\/\/business.roovi.com\/de\/#website"},"datePublished":"2018-04-16T10:56:17+00:00","dateModified":"2022-07-06T18:09:42+00:00","description":"Puzzle 1000 Teile - Bilder aus Rum\u00e4nien - Corvinilor Schloss Hunedoara Tag","breadcrumb":{"@id":"https:\/\/business.roovi.com\/de\/puzzle-1000-teile-bilder-aus-rumanien-corvinilor-schloss-hunedoara-tag\/p\/#breadcrumb"},"inLanguage":"de","potentialAction":[{"@type":"ReadAction","target":["https:\/\/business.roovi.com\/de\/puzzle-1000-teile-bilder-aus-rumanien-corvinilor-schloss-hunedoara-tag\/p\/"]}]},{"@type":"BreadcrumbList","@id":"https:\/\/business.roovi.com\/de\/puzzle-1000-teile-bilder-aus-rumanien-corvinilor-schloss-hunedoara-tag\/p\/#breadcrumb","itemListElement":[{"@type":"ListItem","position":1,"name":"Home","item":"https:\/\/business.roovi.com\/de\/"},{"@type":"ListItem","position":2,"name":"Shop","item":"https:\/\/business.roovi.com\/de\/shop\/"},{"@type":"ListItem","position":3,"name":"Puzzle 1000 Teile &#8211; Bilder aus Rum\u00e4nien &#8211; Corvinilor Schloss Hunedoara Tag"}]},{"@type":"WebSite","@id":"https:\/\/business.roovi.com\/de\/#website","url":"https:\/\/business.roovi.com\/de\/","name":"Roovi B2B","description":"Roovi Business Website","potentialAction":[{"@type":"SearchAction","target":{"@type":"EntryPoint","urlTemplate":"https:\/\/business.roovi.com\/de\/?s={search_term_string}"},"query-input":"required name=search_term_string"}],"inLanguage":"de"}]}},"_links":{"self":[{"href":"https:\/\/business.roovi.com\/de\/wp-json\/wp\/v2\/product\/41862","targetHints":{"allow":["GET"]}}],"collection":[{"href":"https:\/\/business.roovi.com\/de\/wp-json\/wp\/v2\/product"}],"about":[{"href":"https:\/\/business.roovi.com\/de\/wp-json\/wp\/v2\/types\/product"}],"version-history":[{"count":0,"href":"https:\/\/business.roovi.com\/de\/wp-json\/wp\/v2\/product\/41862\/revisions"}],"wp:featuredmedia":[{"embeddable":true,"href":"https:\/\/business.roovi.com\/de\/wp-json\/wp\/v2\/media\/34908"}],"wp:attachment":[{"href":"https:\/\/business.roovi.com\/de\/wp-json\/wp\/v2\/media?parent=41862"}],"wp:term":[{"taxonomy":"product_brand","embeddable":true,"href":"https:\/\/business.roovi.com\/de\/wp-json\/wp\/v2\/product_brand?post=41862"},{"taxonomy":"product_cat","embeddable":true,"href":"https:\/\/business.roovi.com\/de\/wp-json\/wp\/v2\/product_cat?post=41862"},{"taxonomy":"product_tag","embeddable":true,"href":"https:\/\/business.roovi.com\/de\/wp-json\/wp\/v2\/product_tag?post=41862"}],"curies":[{"name":"wp","href":"https:\/\/api.w.org\/{rel}","templated":true}]}}