{"id":41866,"date":"2018-04-16T10:56:17","date_gmt":"2018-04-16T10:56:17","guid":{"rendered":"https:\/\/business.roovi.com\/puzzle-1000-piese-imagini-din-romania-castelul-corvinilor-hunedoara-noaptea\/p\/"},"modified":"2022-07-06T18:09:50","modified_gmt":"2022-07-06T18:09:50","slug":"puzzle-1000-teile-bilder-aus-rumanien-corvinilor-castle-hunedoara-bei-nacht","status":"publish","type":"product","link":"https:\/\/business.roovi.com\/de\/puzzle-1000-teile-bilder-aus-rumanien-corvinilor-castle-hunedoara-bei-nacht\/p\/","title":{"rendered":"Puzzle 1000 Teile &#8211; Bilder aus Rum\u00e4nien &#8211; Corvinilor Castle Hunedoara bei Nacht"},"content":{"rendered":"<p><span style=\"font-weight: 400\">Die Burg Huniazilor oder Corvin Castle dominiert majest\u00e4tisch die Stadt Hunedoara und ist eine wichtige Touristenattraktion f\u00fcr alle, die sich f\u00fcr Geschichte und das Mittelalter begeistern. Sie gilt als das gr\u00f6\u00dfte mittelalterliche Denkmal in S\u00fcdosteuropa <\/span><\/p>\n<p><span style=\"font-weight: 400\">Die Burg Corvin ist ein imposantes Bauwerk mit massiven, bis zu 2 m dicken Mauern, die aus gro\u00dfen Bl\u00f6cken aus dolomitischem Kalkstein und Flussgestein bestehen. Ihre beeindruckende Gr\u00f6\u00dfe wird durch den gotischen Baustil unterstrichen, der die inneren S\u00e4le, die T\u00fcrme und die Au\u00dfenfassaden der Burg pr\u00e4chtig kr\u00f6nt.  <\/span><\/p>\n<p><span style=\"font-weight: 400\">Die Urspr\u00fcnge des ersten Baus gehen auf das 14. Jahrhundert zur\u00fcck, aber auf dem Gel\u00e4nde wurden Spuren von viel fr\u00fcheren Zivilisationen gefunden. W\u00e4hrend der Herrschaft von Iancu de Hunedoara, der beschloss, eine Festung auf der alten Verteidigungsanlage zu errichten, wurde mit dem Bau der grandiosen Burg der Hunyaden begonnen. Sp\u00e4ter wurde die Burg die Residenz von Matthias Corvinus, dem Sohn von Iancu de Hunedoara und K\u00f6nig von Ungarn <\/span><\/p>\n<p><span style=\"font-weight: 400\">Mit Hilfe eines 1000-teiligen Puzzles kannst du die beeindruckenden Details entdecken, die die Burg Corvin in die Top 10 der sch\u00f6nsten M\u00e4rchenziele Europas gebracht haben und als eine der sch\u00f6nsten Burgen der Welt gelten <\/span><\/p>\n<p><span style=\"font-weight: 400\">Mit jedem perfekt passenden Puzzleteil kannst du die beeindruckenden gotischen T\u00fcrme, die mit Pylonen gebaute Br\u00fccke oder die massiven Burgmauern auf der Klippe umrei\u00dfen, und das Endergebnis wird eine wohlverdiente Belohnung sein <\/span><\/p>\n<h2><span style=\"font-weight: 400\">Warum ein 1000-teiliges Puzzle f\u00fcr Erwachsene w\u00e4hlen Bilder aus Rum\u00e4nien<\/span><\/h2>\n<ul>\n<li><span style=\"font-weight: 400\">Ein Puzzle ist eine entspannende Art, die Sch\u00f6nheit und Einzigartigkeit von weltber\u00fchmten Sehensw\u00fcrdigkeiten und ber\u00fchmten Legenden zu entdecken.<\/span><\/li>\n<li><span style=\"font-weight: 400\">Am Ende bekommst du ein faszinierendes Bild von der Burg Corvin bei Nacht, das du leicht in ein Gem\u00e4lde verwandeln kannst <\/span><\/li>\n<li><span style=\"font-weight: 400\">Mit einer Gr\u00f6\u00dfe von 68 x 47 cm ist dieses Puzzle gro\u00df genug, um ein dekoratives Herzst\u00fcck oder Teil einer pers\u00f6nlichen Sammlung zu werden.<\/span><\/li>\n<li><span style=\"font-weight: 400\">Er ist ab 14 Jahren geeignet und hat einen mittleren Grad an Komplexit\u00e4t <\/span><\/li>\n<li><span style=\"font-weight: 400\">Die Teile sind aus sehr hochwertigem, haltbarem Karton gefertigt, sodass das Bild mehrmals zusammengebaut werden kann, ohne dass die Teile besch\u00e4digt werden.<\/span><\/li>\n<li><span style=\"font-weight: 400\">F\u00fcr die Herstellung jedes Puzzles verwenden wir recycelbare und nachhaltige Materialien.<\/span><\/li>\n<li><span style=\"font-weight: 400\">Die angenehme, halbgl\u00e4nzende Oberfl\u00e4che hebt die lebendigen Farben hervor und verleiht dem Bild Klarheit.<\/span><\/li>\n<li><span style=\"font-weight: 400\">Puzzlespiele sind ein wertvolles Denksportprogramm, das beide Gehirnh\u00e4lften anspricht und das Ged\u00e4chtnis verbessert.<\/span><\/li>\n<li><span style=\"font-weight: 400\">Es ist eine unterhaltsame Art, Koordination, Motorik und Geschicklichkeit in jedem Alter zu trainieren und zu erhalten.<\/span><\/li>\n<li><span style=\"font-weight: 400\">Es erh\u00f6ht die Aufmerksamkeit f\u00fcr Details und die Konzentration.<\/span><\/li>\n<\/ul>\n<h2><span style=\"font-weight: 400\">Wusstest du, dass..<\/span><\/h2>\n<p><span style=\"font-weight: 400\">Corvin Castle hat im Laufe der Jahre als Filmkulisse f\u00fcr viele Werbespots, Shows und Filme gedient, darunter Michael der Tapfere, Vlad der Pf\u00e4hler, Nostradamus sowie internationale Produktionen wie Dragonheart 4, Ghost Rider 2 und der Horrorfilm The Nun.<\/span><\/p>\n<p><span style=\"font-weight: 400\">Der Brunnen im Innenhof des Schlosses ist auch mit einer Legende verbunden. Er soll von drei t\u00fcrkischen Gefangenen gegraben worden sein, denen Iancu de Hunedoara die Freiheit versprach, wenn sie Wasser finden w\u00fcrden. Nach 15 Jahren Arbeit und 30 Metern Graben haben sie es endlich geschafft, das dringend ben\u00f6tigte Wasser zu finden <\/span><\/p>\n<p><span style=\"font-weight: 400\">Iancus Versprechen wurde von seiner Frau jedoch nicht eingehalten und die drei Gefangenen wurden in den Tod geschickt. Sie sollen auf den Brunnen die Worte &#8222;Wasser hast du, Herz hast du nicht!&#8220; geschrieben haben.<\/span><\/p>\n<h2><span style=\"font-weight: 400\">1000 Teile Puzzle f\u00fcr Erwachsene &#8211; Stunden der Entspannung und des Abschaltens<\/span><\/h2>\n<p><span style=\"font-weight: 400\">Entdecke Rum\u00e4nien auf eine einzigartige Weise, indem du ein Puzzle zusammensetzt und St\u00fcck f\u00fcr St\u00fcck eine der sch\u00f6nsten Burgen Europas zusammensetzt <\/span><\/p>\n<p><span style=\"font-weight: 400\">Entdecke die Burg Corvin mit einem 1000-Teile-Puzzle und genie\u00dfe ein paar Stunden kreative Entspannung, w\u00e4hrend du die richtigen Teile findest, um das Bild zu vervollst\u00e4ndigen <\/span><\/p>\n<p><span style=\"font-weight: 400\">Au\u00dferdem ist das Zusammensetzen eines Puzzles mit Bildern aus Rum\u00e4nien eine sehr unterhaltsame Aktivit\u00e4t, um dich mit deinen Urspr\u00fcngen zu verbinden. Eine Reise in unsere lange und turbulente Geschichte, bei der du beeindruckende Details und Denkm\u00e4ler entdecken kannst, w\u00e4hrend du dich entspannst und von der Hektik des Alltags abschaltest.<\/span><\/p><\/p>\n","protected":false},"excerpt":{"rendered":"<p>Die Burg Huniazilor oder Corvin Castle dominiert majest\u00e4tisch die Stadt Hunedoara und ist eine wichtige Touristenattraktion f\u00fcr alle, die sich<\/p>\n","protected":false},"featured_media":34912,"template":"","meta":[],"product_brand":[],"product_cat":[1916,1875,1915],"product_tag":[],"class_list":{"0":"post-41866","1":"product","2":"type-product","3":"status-publish","4":"has-post-thumbnail","6":"product_cat-1000-teile-puzzle","7":"product_cat-puzzle-de","8":"product_cat-puzzlespiele-fur-erwachsene","9":"pa_bax-10-de","10":"pa_brand-d_toys-de","11":"pa_country_of_manufacture-ro-de","12":"pa_filter_age-14-de","13":"pa_painter-romania-de","14":"pa_tip_ambalaj-kasten-a4-de","15":"pa_tip_puzzle-klassisch","17":"first","18":"instock","19":"taxable","20":"shipping-taxable","21":"product-type-simple"},"yoast_head":"<!-- This site is optimized with the Yoast SEO plugin v20.1 - https:\/\/yoast.com\/wordpress\/plugins\/seo\/ -->\n<title>Puzzle 1000 Teile - Bilder aus Rum\u00e4nien - Corvinilor Castle Hunedoara bei Nacht<\/title>\n<meta name=\"description\" content=\"Puzzle 1000 Teile - Bilder aus Rum\u00e4nien - Corvinilor Castle Hunedoara bei Nacht\" \/>\n<meta name=\"robots\" content=\"index, follow, max-snippet:-1, max-image-preview:large, max-video-preview:-1\" \/>\n<link rel=\"canonical\" href=\"https:\/\/business.roovi.com\/de\/puzzle-1000-teile-bilder-aus-rumanien-corvinilor-castle-hunedoara-bei-nacht\/p\/\" \/>\n<meta property=\"og:locale\" content=\"de_DE\" \/>\n<meta property=\"og:type\" content=\"article\" \/>\n<meta property=\"og:title\" content=\"Puzzle 1000 Teile - Bilder aus Rum\u00e4nien - Corvinilor Castle Hunedoara bei Nacht\" \/>\n<meta property=\"og:description\" content=\"Puzzle 1000 Teile - Bilder aus Rum\u00e4nien - Corvinilor Castle Hunedoara bei Nacht\" \/>\n<meta property=\"og:url\" content=\"https:\/\/business.roovi.com\/de\/puzzle-1000-teile-bilder-aus-rumanien-corvinilor-castle-hunedoara-bei-nacht\/p\/\" \/>\n<meta property=\"og:site_name\" content=\"Roovi B2B\" \/>\n<meta property=\"article:publisher\" content=\"https:\/\/www.facebook.com\/wwwjucariero\" \/>\n<meta property=\"article:modified_time\" content=\"2022-07-06T18:09:50+00:00\" \/>\n<meta property=\"og:image\" content=\"https:\/\/business.roovi.com\/wp-content\/uploads\/2018\/04\/63038_13.jpg\" \/>\n\t<meta property=\"og:image:width\" content=\"1200\" \/>\n\t<meta property=\"og:image:height\" content=\"1200\" \/>\n\t<meta property=\"og:image:type\" content=\"image\/jpeg\" \/>\n<meta name=\"twitter:label1\" content=\"Gesch\u00e4tzte Lesezeit\" \/>\n\t<meta name=\"twitter:data1\" content=\"3\u00a0Minuten\" \/>\n<script type=\"application\/ld+json\" class=\"yoast-schema-graph\">{\"@context\":\"https:\/\/schema.org\",\"@graph\":[{\"@type\":\"WebPage\",\"@id\":\"https:\/\/business.roovi.com\/de\/puzzle-1000-teile-bilder-aus-rumanien-corvinilor-castle-hunedoara-bei-nacht\/p\/\",\"url\":\"https:\/\/business.roovi.com\/de\/puzzle-1000-teile-bilder-aus-rumanien-corvinilor-castle-hunedoara-bei-nacht\/p\/\",\"name\":\"Puzzle 1000 Teile - Bilder aus Rum\u00e4nien - Corvinilor Castle Hunedoara bei Nacht\",\"isPartOf\":{\"@id\":\"https:\/\/business.roovi.com\/de\/#website\"},\"datePublished\":\"2018-04-16T10:56:17+00:00\",\"dateModified\":\"2022-07-06T18:09:50+00:00\",\"description\":\"Puzzle 1000 Teile - Bilder aus Rum\u00e4nien - Corvinilor Castle Hunedoara bei Nacht\",\"breadcrumb\":{\"@id\":\"https:\/\/business.roovi.com\/de\/puzzle-1000-teile-bilder-aus-rumanien-corvinilor-castle-hunedoara-bei-nacht\/p\/#breadcrumb\"},\"inLanguage\":\"de\",\"potentialAction\":[{\"@type\":\"ReadAction\",\"target\":[\"https:\/\/business.roovi.com\/de\/puzzle-1000-teile-bilder-aus-rumanien-corvinilor-castle-hunedoara-bei-nacht\/p\/\"]}]},{\"@type\":\"BreadcrumbList\",\"@id\":\"https:\/\/business.roovi.com\/de\/puzzle-1000-teile-bilder-aus-rumanien-corvinilor-castle-hunedoara-bei-nacht\/p\/#breadcrumb\",\"itemListElement\":[{\"@type\":\"ListItem\",\"position\":1,\"name\":\"Home\",\"item\":\"https:\/\/business.roovi.com\/de\/\"},{\"@type\":\"ListItem\",\"position\":2,\"name\":\"Shop\",\"item\":\"https:\/\/business.roovi.com\/de\/shop\/\"},{\"@type\":\"ListItem\",\"position\":3,\"name\":\"Puzzle 1000 Teile &#8211; Bilder aus Rum\u00e4nien &#8211; Corvinilor Castle Hunedoara bei Nacht\"}]},{\"@type\":\"WebSite\",\"@id\":\"https:\/\/business.roovi.com\/de\/#website\",\"url\":\"https:\/\/business.roovi.com\/de\/\",\"name\":\"Roovi B2B\",\"description\":\"Roovi Business Website\",\"potentialAction\":[{\"@type\":\"SearchAction\",\"target\":{\"@type\":\"EntryPoint\",\"urlTemplate\":\"https:\/\/business.roovi.com\/de\/?s={search_term_string}\"},\"query-input\":\"required name=search_term_string\"}],\"inLanguage\":\"de\"}]}<\/script>\n<!-- \/ Yoast SEO plugin. -->","yoast_head_json":{"title":"Puzzle 1000 Teile - Bilder aus Rum\u00e4nien - Corvinilor Castle Hunedoara bei Nacht","description":"Puzzle 1000 Teile - Bilder aus Rum\u00e4nien - Corvinilor Castle Hunedoara bei Nacht","robots":{"index":"index","follow":"follow","max-snippet":"max-snippet:-1","max-image-preview":"max-image-preview:large","max-video-preview":"max-video-preview:-1"},"canonical":"https:\/\/business.roovi.com\/de\/puzzle-1000-teile-bilder-aus-rumanien-corvinilor-castle-hunedoara-bei-nacht\/p\/","og_locale":"de_DE","og_type":"article","og_title":"Puzzle 1000 Teile - Bilder aus Rum\u00e4nien - Corvinilor Castle Hunedoara bei Nacht","og_description":"Puzzle 1000 Teile - Bilder aus Rum\u00e4nien - Corvinilor Castle Hunedoara bei Nacht","og_url":"https:\/\/business.roovi.com\/de\/puzzle-1000-teile-bilder-aus-rumanien-corvinilor-castle-hunedoara-bei-nacht\/p\/","og_site_name":"Roovi B2B","article_publisher":"https:\/\/www.facebook.com\/wwwjucariero","article_modified_time":"2022-07-06T18:09:50+00:00","og_image":[{"width":1200,"height":1200,"url":"https:\/\/business.roovi.com\/wp-content\/uploads\/2018\/04\/63038_13.jpg","type":"image\/jpeg"}],"twitter_misc":{"Gesch\u00e4tzte Lesezeit":"3\u00a0Minuten"},"schema":{"@context":"https:\/\/schema.org","@graph":[{"@type":"WebPage","@id":"https:\/\/business.roovi.com\/de\/puzzle-1000-teile-bilder-aus-rumanien-corvinilor-castle-hunedoara-bei-nacht\/p\/","url":"https:\/\/business.roovi.com\/de\/puzzle-1000-teile-bilder-aus-rumanien-corvinilor-castle-hunedoara-bei-nacht\/p\/","name":"Puzzle 1000 Teile - Bilder aus Rum\u00e4nien - Corvinilor Castle Hunedoara bei Nacht","isPartOf":{"@id":"https:\/\/business.roovi.com\/de\/#website"},"datePublished":"2018-04-16T10:56:17+00:00","dateModified":"2022-07-06T18:09:50+00:00","description":"Puzzle 1000 Teile - Bilder aus Rum\u00e4nien - Corvinilor Castle Hunedoara bei Nacht","breadcrumb":{"@id":"https:\/\/business.roovi.com\/de\/puzzle-1000-teile-bilder-aus-rumanien-corvinilor-castle-hunedoara-bei-nacht\/p\/#breadcrumb"},"inLanguage":"de","potentialAction":[{"@type":"ReadAction","target":["https:\/\/business.roovi.com\/de\/puzzle-1000-teile-bilder-aus-rumanien-corvinilor-castle-hunedoara-bei-nacht\/p\/"]}]},{"@type":"BreadcrumbList","@id":"https:\/\/business.roovi.com\/de\/puzzle-1000-teile-bilder-aus-rumanien-corvinilor-castle-hunedoara-bei-nacht\/p\/#breadcrumb","itemListElement":[{"@type":"ListItem","position":1,"name":"Home","item":"https:\/\/business.roovi.com\/de\/"},{"@type":"ListItem","position":2,"name":"Shop","item":"https:\/\/business.roovi.com\/de\/shop\/"},{"@type":"ListItem","position":3,"name":"Puzzle 1000 Teile &#8211; Bilder aus Rum\u00e4nien &#8211; Corvinilor Castle Hunedoara bei Nacht"}]},{"@type":"WebSite","@id":"https:\/\/business.roovi.com\/de\/#website","url":"https:\/\/business.roovi.com\/de\/","name":"Roovi B2B","description":"Roovi Business Website","potentialAction":[{"@type":"SearchAction","target":{"@type":"EntryPoint","urlTemplate":"https:\/\/business.roovi.com\/de\/?s={search_term_string}"},"query-input":"required name=search_term_string"}],"inLanguage":"de"}]}},"_links":{"self":[{"href":"https:\/\/business.roovi.com\/de\/wp-json\/wp\/v2\/product\/41866","targetHints":{"allow":["GET"]}}],"collection":[{"href":"https:\/\/business.roovi.com\/de\/wp-json\/wp\/v2\/product"}],"about":[{"href":"https:\/\/business.roovi.com\/de\/wp-json\/wp\/v2\/types\/product"}],"version-history":[{"count":0,"href":"https:\/\/business.roovi.com\/de\/wp-json\/wp\/v2\/product\/41866\/revisions"}],"wp:featuredmedia":[{"embeddable":true,"href":"https:\/\/business.roovi.com\/de\/wp-json\/wp\/v2\/media\/34912"}],"wp:attachment":[{"href":"https:\/\/business.roovi.com\/de\/wp-json\/wp\/v2\/media?parent=41866"}],"wp:term":[{"taxonomy":"product_brand","embeddable":true,"href":"https:\/\/business.roovi.com\/de\/wp-json\/wp\/v2\/product_brand?post=41866"},{"taxonomy":"product_cat","embeddable":true,"href":"https:\/\/business.roovi.com\/de\/wp-json\/wp\/v2\/product_cat?post=41866"},{"taxonomy":"product_tag","embeddable":true,"href":"https:\/\/business.roovi.com\/de\/wp-json\/wp\/v2\/product_tag?post=41866"}],"curies":[{"name":"wp","href":"https:\/\/api.w.org\/{rel}","templated":true}]}}