{"id":41870,"date":"2018-04-16T10:56:17","date_gmt":"2018-04-16T10:56:17","guid":{"rendered":"https:\/\/business.roovi.com\/puzzle-adulti-alphonse-mucha-seasonsanotimpuri-1000-piese\/p\/"},"modified":"2023-02-20T09:00:52","modified_gmt":"2023-02-20T09:00:52","slug":"alphonse-mucha-1000-teile-puzzle-fur-erwachsene-jahreszeiten-seasons","status":"publish","type":"product","link":"https:\/\/business.roovi.com\/de\/alphonse-mucha-1000-teile-puzzle-fur-erwachsene-jahreszeiten-seasons\/p\/","title":{"rendered":"Alphonse Mucha 1000 Teile Puzzle f\u00fcr Erwachsene &#8211; Jahreszeiten"},"content":{"rendered":"<p><span style=\"font-weight: 400;\">In unserer Kunstr\u00e4tsel-Sammlung findest du Bilder von einigen der ber\u00fchmtesten Kunstwerke der Welt. Wir haben jede Menge R\u00e4tselempfehlungen f\u00fcr Erwachsene, die du genie\u00dfen kannst <\/span><\/p>\n<p><span style=\"font-weight: 400;\">Unser Angebot an 1000-teiligen Kunstpuzzles umfasst das Alphonse Mucha &#8211; Seasons-Puzzle. Entdecke die erstaunlichen Werke des gro\u00dfen K\u00fcnstlers in einer einzigartigen Collage, die die erste Version der 4 Jahreszeiten darstellt. In diesen dekorativen Tafeln verwendet der K\u00fcnstler die Natur und Frauen als subtile Metaphern f\u00fcr Leben, Tod und Wiedergeburt. So beginnt seine spirituelle Philosophie Gestalt anzunehmen. Das 1000-teilige Puzzle ist aus hochwertigem Karton gefertigt, so dass das fertige Bild eine originalgetreue Kopie des Werks des K\u00fcnstlers ist, die du jederzeit einrahmen und bewundern kannst.<\/span><\/p>\n<p><span style=\"font-weight: 400;\">Um dieses wunderbare 1000-teilige Puzzle zusammenzusetzen, brauchst du einen gew\u00f6hnlichen Couchtisch, denn das fertige Bild ist 50 x 70 cm gro\u00df. Lies unten weitere Details und Eigenschaften des Kunstpuzzles:<\/span><\/p>\n<p><strong>Puzzle-Material <\/strong><\/p>\n<p><strong>hochwertiger blauer Karton<\/strong><\/p>\n<p><strong>nachhaltige, recycelbare Materialien<\/strong><\/p>\n<p><strong>halbgl\u00e4nzende Oberfl\u00e4che, leuchtende Farben<\/strong><\/p>\n<p><strong>Anzahl der Puzzleteile: 1000<\/strong><\/p>\n<p><strong>Empfohlenes Alter: 14+<\/strong><\/p>\n<p><strong>3 F\u00e4higkeiten, die das Zusammensetzen von 1000-teiligen Puzzles entwickelt<\/strong><\/p>\n<p><strong>Achtung! <\/strong><span style=\"font-weight: 400;\">Das Zusammensetzen von Puzzles ist eine tolle \u00dcbung f\u00fcr die Aufmerksamkeit. Sobald du anf\u00e4ngst, die 1000 Puzzleteile zusammenzukleben, ist volle Konzentration angesagt und du arbeitest flei\u00dfig wie ein echter Detektiv, um die kleinsten Details aufzudecken und das Geheimnis des Kunstwerks zu l\u00f6sen <\/span><\/p>\n<p><strong>Speicher<\/strong><span style=\"font-weight: 400;\">. Wenn du jeden Tag an einem 1000-Teile-Puzzle arbeitest, trainierst du dein Kurzzeitged\u00e4chtnis. Es hilft dir, dich an kleine Dinge zu erinnern, z. B. an das Bild, das du rekonstruieren musst, oder an die Form der Teile, die du an bestimmten Stellen anbringen musst <\/span><\/p>\n<p><strong>Visuell-r\u00e4umliche F\u00e4higkeiten <\/strong><span style=\"font-weight: 400;\">Wenn du ein Puzzle mit 1000 Teilen l\u00f6st, musst du dir die verschiedenen Teile genau ansehen und herausfinden, wo sie in das Gesamtbild passen. Wenn du das regelm\u00e4\u00dfig tust, verbessert das deine visuell-r\u00e4umlichen F\u00e4higkeiten erheblich.<\/span><\/p>\n<p><strong>\u00dcber <\/strong><strong><em>Jahreszeiten<\/em><\/strong><strong> wusstest du, dass&#8230;<\/strong><\/p>\n<ul style=\"list-style-type: disc;\">\n<li><span style=\"font-weight: 400;\">Die erste Serie von Seasons war ein gro\u00dfer Erfolg, und der Drucker Champenois bat Mucha, zwei weitere Serien zum gleichen Thema zu produzieren?<\/span><\/li>\n<li><span style=\"font-weight: 400;\">Mucha produzierte die Jahreszeiten auf Farblithografie, weil er die Kunst f\u00fcr alle zug\u00e4nglich machen wollte?<\/span><\/li>\n<li><span style=\"font-weight: 400;\">Wurde er bei diesen Werken auch vom japanischen dekorativen Stil der Holzschnitte inspiriert?<\/span><\/li>\n<\/ul>\n<p><strong>Puzzlespiele, die dir helfen, besser zu schlafen <\/strong><\/p>\n<p><span style=\"font-weight: 400;\">Gew\u00f6hne dir an, in der zweiten Tagesh\u00e4lfte, kurz vor dem Schlafengehen, 1000-teilige Puzzles zu l\u00f6sen. Du wirst feststellen, dass diese gesunde Angewohnheit dir helfen wird, die Sorgen und den Stress des Alltags abzubauen und einen erholsamen Schlaf zu finden.<\/span><\/p>\n<p><strong>Puzzlespiele verbessern deine Stimmung<\/strong><\/p>\n<p><span style=\"font-weight: 400;\">Ein weiterer Vorteil des Zusammensetzens von Puzzles mit 1000 Teilen ist, dass sie die Dopaminproduktion im Gehirn erh\u00f6hen. Dopamin ist ein Neurotransmitter, der f\u00fcr Gef\u00fchle von Wohlbefinden und Optimismus verantwortlich ist. Au\u00dferdem wirkt es sich positiv auf Ged\u00e4chtnis, Konzentration und Motivation aus.<\/span><\/p>\n<p><strong>Puzzlespiele helfen dir, die Gegenwart zu genie\u00dfen<\/strong><\/p>\n<p><span style=\"font-weight: 400;\">Meistens gibt es in deinem Kopf eine Lawine von Gedanken, die vergangene Ereignisse widerspiegeln, die du nicht hinter dir lassen kannst, oder Zukunftserwartungen, die du noch nicht erlebt hast, die du aber zu endlosen Szenarien aufreihst. Wenn du das 1000-Teile-Puzzle zusammensetzt, konzentriert sich dein Geist auf die gegenw\u00e4rtige Aktivit\u00e4t, was dich entspannt und einen Zustand des inneren Friedens schafft.<\/span><\/p>\n<p><span style=\"font-weight: 400;\">Du wei\u00dft nicht, womit du dich sonst noch besch\u00e4ftigen kannst, damit du dich entspannen kannst? Kaufe dieses wunderbare Alphonse Mucha 1000 Teile Puzzle &#8211; Seasons und genie\u00dfe bis zu 30 Stunden v\u00f6llige Entspannung. Alleine oder mit Freunden ist das Zusammenstellen eines Kunstwerks aus der Puzzle-Kollektion eine tolle Art, Zeit zu verbringen.<\/span><\/p>\n<p><span style=\"font-weight: 400;\">Wenn du auf der Suche nach einem besonderen Geschenk f\u00fcr einen lieben Menschen bist, ist das 1000-teilige Puzzle die perfekte L\u00f6sung. Kauf es jetzt!<\/span><\/p>\n","protected":false},"excerpt":{"rendered":"<p>In unserer Kunstr\u00e4tsel-Sammlung findest du Bilder von einigen der ber\u00fchmtesten Kunstwerke der Welt. Wir haben jede Menge R\u00e4tselempfehlungen f\u00fcr Erwachsene,<\/p>\n","protected":false},"featured_media":63061,"template":"","meta":[],"product_brand":[],"product_cat":[1916,1875,1915],"product_tag":[],"class_list":{"0":"post-41870","1":"product","2":"type-product","3":"status-publish","4":"has-post-thumbnail","6":"product_cat-1000-teile-puzzle","7":"product_cat-puzzle-de","8":"product_cat-puzzlespiele-fur-erwachsene","9":"pa_bax-10-de","10":"pa_brand-d_toys-de","11":"pa_country_of_manufacture-ro-de","12":"pa_filter_age-14-de","13":"pa_painter-alphonsemucha-de","14":"pa_tip_ambalaj-kasten-a4-de","15":"pa_tip_puzzle-klassisch","17":"first","18":"instock","19":"taxable","20":"shipping-taxable","21":"product-type-simple"},"yoast_head":"<!-- This site is optimized with the Yoast SEO plugin v20.1 - https:\/\/yoast.com\/wordpress\/plugins\/seo\/ -->\n<title>Alphonse Mucha 1000 Teile Puzzle f\u00fcr Erwachsene - Jahreszeiten\/Seasons<\/title>\n<meta name=\"description\" content=\"Alphonse Mucha 1000 Teile Puzzle f\u00fcr Erwachsene - Jahreszeiten\/Seasons\" \/>\n<meta name=\"robots\" content=\"index, follow, max-snippet:-1, max-image-preview:large, max-video-preview:-1\" \/>\n<link rel=\"canonical\" href=\"https:\/\/business.roovi.com\/de\/alphonse-mucha-1000-teile-puzzle-fur-erwachsene-jahreszeiten-seasons\/p\/\" \/>\n<meta property=\"og:locale\" content=\"de_DE\" \/>\n<meta property=\"og:type\" content=\"article\" \/>\n<meta property=\"og:title\" content=\"Alphonse Mucha 1000 Teile Puzzle f\u00fcr Erwachsene - Jahreszeiten\/Seasons\" \/>\n<meta property=\"og:description\" content=\"Alphonse Mucha 1000 Teile Puzzle f\u00fcr Erwachsene - Jahreszeiten\/Seasons\" \/>\n<meta property=\"og:url\" content=\"https:\/\/business.roovi.com\/de\/alphonse-mucha-1000-teile-puzzle-fur-erwachsene-jahreszeiten-seasons\/p\/\" \/>\n<meta property=\"og:site_name\" content=\"Roovi B2B\" \/>\n<meta property=\"article:publisher\" content=\"https:\/\/www.facebook.com\/wwwjucariero\" \/>\n<meta property=\"article:modified_time\" content=\"2023-02-20T09:00:52+00:00\" \/>\n<meta property=\"og:image\" content=\"https:\/\/business.roovi.com\/wp-content\/uploads\/2018\/04\/66930-MU-09-WEB.jpg\" \/>\n\t<meta property=\"og:image:width\" content=\"1200\" \/>\n\t<meta property=\"og:image:height\" content=\"1200\" \/>\n\t<meta property=\"og:image:type\" content=\"image\/jpeg\" \/>\n<meta name=\"twitter:label1\" content=\"Gesch\u00e4tzte Lesezeit\" \/>\n\t<meta name=\"twitter:data1\" content=\"4\u00a0Minuten\" \/>\n<script type=\"application\/ld+json\" class=\"yoast-schema-graph\">{\"@context\":\"https:\/\/schema.org\",\"@graph\":[{\"@type\":\"WebPage\",\"@id\":\"https:\/\/business.roovi.com\/de\/alphonse-mucha-1000-teile-puzzle-fur-erwachsene-jahreszeiten-seasons\/p\/\",\"url\":\"https:\/\/business.roovi.com\/de\/alphonse-mucha-1000-teile-puzzle-fur-erwachsene-jahreszeiten-seasons\/p\/\",\"name\":\"Alphonse Mucha 1000 Teile Puzzle f\u00fcr Erwachsene - Jahreszeiten\/Seasons\",\"isPartOf\":{\"@id\":\"https:\/\/business.roovi.com\/de\/#website\"},\"datePublished\":\"2018-04-16T10:56:17+00:00\",\"dateModified\":\"2023-02-20T09:00:52+00:00\",\"description\":\"Alphonse Mucha 1000 Teile Puzzle f\u00fcr Erwachsene - Jahreszeiten\/Seasons\",\"breadcrumb\":{\"@id\":\"https:\/\/business.roovi.com\/de\/alphonse-mucha-1000-teile-puzzle-fur-erwachsene-jahreszeiten-seasons\/p\/#breadcrumb\"},\"inLanguage\":\"de\",\"potentialAction\":[{\"@type\":\"ReadAction\",\"target\":[\"https:\/\/business.roovi.com\/de\/alphonse-mucha-1000-teile-puzzle-fur-erwachsene-jahreszeiten-seasons\/p\/\"]}]},{\"@type\":\"BreadcrumbList\",\"@id\":\"https:\/\/business.roovi.com\/de\/alphonse-mucha-1000-teile-puzzle-fur-erwachsene-jahreszeiten-seasons\/p\/#breadcrumb\",\"itemListElement\":[{\"@type\":\"ListItem\",\"position\":1,\"name\":\"Home\",\"item\":\"https:\/\/business.roovi.com\/de\/\"},{\"@type\":\"ListItem\",\"position\":2,\"name\":\"Shop\",\"item\":\"https:\/\/business.roovi.com\/de\/shop\/\"},{\"@type\":\"ListItem\",\"position\":3,\"name\":\"Alphonse Mucha 1000 Teile Puzzle f\u00fcr Erwachsene &#8211; Jahreszeiten\"}]},{\"@type\":\"WebSite\",\"@id\":\"https:\/\/business.roovi.com\/de\/#website\",\"url\":\"https:\/\/business.roovi.com\/de\/\",\"name\":\"Roovi B2B\",\"description\":\"Roovi Business Website\",\"potentialAction\":[{\"@type\":\"SearchAction\",\"target\":{\"@type\":\"EntryPoint\",\"urlTemplate\":\"https:\/\/business.roovi.com\/de\/?s={search_term_string}\"},\"query-input\":\"required name=search_term_string\"}],\"inLanguage\":\"de\"}]}<\/script>\n<!-- \/ Yoast SEO plugin. -->","yoast_head_json":{"title":"Alphonse Mucha 1000 Teile Puzzle f\u00fcr Erwachsene - Jahreszeiten\/Seasons","description":"Alphonse Mucha 1000 Teile Puzzle f\u00fcr Erwachsene - Jahreszeiten\/Seasons","robots":{"index":"index","follow":"follow","max-snippet":"max-snippet:-1","max-image-preview":"max-image-preview:large","max-video-preview":"max-video-preview:-1"},"canonical":"https:\/\/business.roovi.com\/de\/alphonse-mucha-1000-teile-puzzle-fur-erwachsene-jahreszeiten-seasons\/p\/","og_locale":"de_DE","og_type":"article","og_title":"Alphonse Mucha 1000 Teile Puzzle f\u00fcr Erwachsene - Jahreszeiten\/Seasons","og_description":"Alphonse Mucha 1000 Teile Puzzle f\u00fcr Erwachsene - Jahreszeiten\/Seasons","og_url":"https:\/\/business.roovi.com\/de\/alphonse-mucha-1000-teile-puzzle-fur-erwachsene-jahreszeiten-seasons\/p\/","og_site_name":"Roovi B2B","article_publisher":"https:\/\/www.facebook.com\/wwwjucariero","article_modified_time":"2023-02-20T09:00:52+00:00","og_image":[{"width":1200,"height":1200,"url":"https:\/\/business.roovi.com\/wp-content\/uploads\/2018\/04\/66930-MU-09-WEB.jpg","type":"image\/jpeg"}],"twitter_misc":{"Gesch\u00e4tzte Lesezeit":"4\u00a0Minuten"},"schema":{"@context":"https:\/\/schema.org","@graph":[{"@type":"WebPage","@id":"https:\/\/business.roovi.com\/de\/alphonse-mucha-1000-teile-puzzle-fur-erwachsene-jahreszeiten-seasons\/p\/","url":"https:\/\/business.roovi.com\/de\/alphonse-mucha-1000-teile-puzzle-fur-erwachsene-jahreszeiten-seasons\/p\/","name":"Alphonse Mucha 1000 Teile Puzzle f\u00fcr Erwachsene - Jahreszeiten\/Seasons","isPartOf":{"@id":"https:\/\/business.roovi.com\/de\/#website"},"datePublished":"2018-04-16T10:56:17+00:00","dateModified":"2023-02-20T09:00:52+00:00","description":"Alphonse Mucha 1000 Teile Puzzle f\u00fcr Erwachsene - Jahreszeiten\/Seasons","breadcrumb":{"@id":"https:\/\/business.roovi.com\/de\/alphonse-mucha-1000-teile-puzzle-fur-erwachsene-jahreszeiten-seasons\/p\/#breadcrumb"},"inLanguage":"de","potentialAction":[{"@type":"ReadAction","target":["https:\/\/business.roovi.com\/de\/alphonse-mucha-1000-teile-puzzle-fur-erwachsene-jahreszeiten-seasons\/p\/"]}]},{"@type":"BreadcrumbList","@id":"https:\/\/business.roovi.com\/de\/alphonse-mucha-1000-teile-puzzle-fur-erwachsene-jahreszeiten-seasons\/p\/#breadcrumb","itemListElement":[{"@type":"ListItem","position":1,"name":"Home","item":"https:\/\/business.roovi.com\/de\/"},{"@type":"ListItem","position":2,"name":"Shop","item":"https:\/\/business.roovi.com\/de\/shop\/"},{"@type":"ListItem","position":3,"name":"Alphonse Mucha 1000 Teile Puzzle f\u00fcr Erwachsene &#8211; Jahreszeiten"}]},{"@type":"WebSite","@id":"https:\/\/business.roovi.com\/de\/#website","url":"https:\/\/business.roovi.com\/de\/","name":"Roovi B2B","description":"Roovi Business Website","potentialAction":[{"@type":"SearchAction","target":{"@type":"EntryPoint","urlTemplate":"https:\/\/business.roovi.com\/de\/?s={search_term_string}"},"query-input":"required name=search_term_string"}],"inLanguage":"de"}]}},"_links":{"self":[{"href":"https:\/\/business.roovi.com\/de\/wp-json\/wp\/v2\/product\/41870","targetHints":{"allow":["GET"]}}],"collection":[{"href":"https:\/\/business.roovi.com\/de\/wp-json\/wp\/v2\/product"}],"about":[{"href":"https:\/\/business.roovi.com\/de\/wp-json\/wp\/v2\/types\/product"}],"version-history":[{"count":0,"href":"https:\/\/business.roovi.com\/de\/wp-json\/wp\/v2\/product\/41870\/revisions"}],"wp:featuredmedia":[{"embeddable":true,"href":"https:\/\/business.roovi.com\/de\/wp-json\/wp\/v2\/media\/63061"}],"wp:attachment":[{"href":"https:\/\/business.roovi.com\/de\/wp-json\/wp\/v2\/media?parent=41870"}],"wp:term":[{"taxonomy":"product_brand","embeddable":true,"href":"https:\/\/business.roovi.com\/de\/wp-json\/wp\/v2\/product_brand?post=41870"},{"taxonomy":"product_cat","embeddable":true,"href":"https:\/\/business.roovi.com\/de\/wp-json\/wp\/v2\/product_cat?post=41870"},{"taxonomy":"product_tag","embeddable":true,"href":"https:\/\/business.roovi.com\/de\/wp-json\/wp\/v2\/product_tag?post=41870"}],"curies":[{"name":"wp","href":"https:\/\/api.w.org\/{rel}","templated":true}]}}